{"id":44301,"date":"2021-06-17T10:47:29","date_gmt":"2021-06-17T10:47:29","guid":{"rendered":"https:\/\/www.accuratereviews.com\/?page_id=44301"},"modified":"2021-06-17T10:47:29","modified_gmt":"2021-06-17T10:47:29","slug":"fleetio-recensione","status":"publish","type":"page","link":"https:\/\/www.accuratereviews.com\/it\/software-gestione-strumenti\/fleetio-recensione\/","title":{"rendered":"Fleetio"},"content":{"rendered":"<p><strong>Fleetio<\/strong> \u00e8 una <strong>suite di gestione degli strumenti<\/strong> che comprende varie soluzioni di gestione, manutenzione e monitoraggio della flotta per gli utenti aziendali. Il programma \u00e8 tutto incentrato sull&#8217;amministrazione e include tutti gli strumenti necessari per governare e programmare le operazioni della tua flotta. Aiuta a gestire carburante, conducenti e risorse in modo semplice e controllato. L&#8217;applicazione mobile fornisce tutti gli strumenti che possono aiutarti a organizzare il servizio remoto mentre sei fuori ufficio. La gestione delle risorse risulta quindi semplificata. La sua automazione integrata per le transazioni di carburante e la pianificazione della manutenzione aumenta la produttivit\u00e0 e garantisce la sicurezza. Inoltre, l&#8217;app \u00e8 pronta per l&#8217;integrazione in modo da poter estendere senza problemi le sue funzionalit\u00e0 con altri sistemi.<\/p>\n<h2>FLEETIO &#8211; TUTORIAL<\/h2>\n<p>Il video che segue mostra come utilizzare questo <strong>software di gestione degli strumenti<\/strong> direttamente dall&#8217;applicazione mobile:<\/p>\n<div id=\"fluid-wrapper-counter-1\" class=\"g1-fluid-wrapper \" style=\"width:686px;\">\n<div style=\"padding-bottom:56.268221574344%;\"><iframe loading=\"lazy\" title=\"Fleet Management Software: Fleetio Manage\" width=\"686\" height=\"386\" src=\"https:\/\/www.youtube.com\/embed\/bVFE79MkCds?feature=oembed&amp;wmode=transparent&amp;autohide=1&amp;autoplay=0&amp;disablekb=0&amp;fs=1&amp;loop=0&amp;enablejsapi=1&amp;rel=0&amp;controls=2&amp;showinfo=0&amp;wmode=transparent&amp;autohide=2&amp;autoplay=0&amp;disablekb=0&amp;fs=1&amp;loop=0&amp;enablejsapi=1&amp;rel=0&amp;controls=2&amp;showinfo=1\" frameborder=\"0\" allow=\"accelerometer; autoplay; clipboard-write; encrypted-media; gyroscope; picture-in-picture\" allowfullscreen><\/iframe><\/div>\n<\/div>\n<h3>FLEETIO &#8211; CARATTERISTICHE<\/h3>\n<ul>\n<li><strong>Gestione delle risorse<\/strong>: la corretta gestione delle risorse consente di acquisire, allocare e operare in modo intelligente<\/li>\n<li><strong>Carburante<\/strong>: sblocca informazioni sull&#8217;andamento del carburante, individua le carenze e ottimizza l&#8217;attribuzione dei veicoli<\/li>\n<li><strong>Decodifica VIN<\/strong>: recupera le specifiche del veicolo e i programmi di manutenzione da utilizzare nel programma servendoti dei numeri VIN<\/li>\n<li><strong>Assegnazioni di risorse<\/strong>: visualizza tutte le tue risorse in una visualizzazione da calendario e organizzale con facilit\u00e0<\/li>\n<li><strong>Cronologia delle posizioni del veicolo<\/strong>: tieni traccia dei tuoi veicoli in base a quando e dove si svolgono le attivit\u00e0 quotidiane della flotta<\/li>\n<li><strong>Rapporti sulle operazioni della flotta<\/strong>: sblocca potenti informazioni sulla manutenzione della flotta e sulle tendenze delle operazioni<\/li>\n<li><strong>Monitoraggio delle spese e costo totale di propriet\u00e0<\/strong>: dall&#8217;acquisizione allo smaltimento, scopri il vero costo di gestione della tuo team<\/li>\n<li><strong>Dashboard:<\/strong> ottieni una panoramica della produttivit\u00e0 della flotta e gestisci le eccezioni in tempo reale<\/li>\n<li><strong>Programmazione della manutenzione preventiva<\/strong>: tieni sotto controllo le attivit\u00e0 PM con la pianificazione e i promemoria di servizio predittivi<\/li>\n<li><strong>Gestione dei problemi<\/strong>: crea efficienza e massimizza i tempi di attivit\u00e0 con un sistema di gestione dei problemi end-to-end<\/li>\n<li><strong>Ordini di lavoro:<\/strong> pianifica e monitora attivit\u00e0 e costi di manutenzione dettagliati<\/li>\n<li><strong>Cronologia dei servizi<\/strong>: visualizza una cronologia completa dei servizi per ogni veicolo della tua flotta.<\/li>\n<\/ul>\n<h4>LE RECENSIONI DEGLI UTENTI<\/h4>\n<p class=\"font-weight-bold mb-1 d-flex align-items-center\"><strong>Tiffany C.&#8221;Nuovo utente &#8211; No profit che regala auto alle mamme single&#8221;<\/strong><\/p>\n<p><strong>Commenti: <\/strong>Oltre alla demo, il rappresentante \u00e8 stato paziente e ha fornito molte informazioni utili. Anche l&#8217;assistente amministrativo ha dovuto contattare per discutere un problema di fatturazione mentre eravamo ancora in prova e la questione \u00e8 stata affrontata molto rapidamente. \u00c8 stato molto facile per noi configurare il sistema e la sezione di aiuto \u00e8 molto ben fornita di formazione e articoli utili.<\/p>\n<p><strong>Pro: <\/strong>\u00c8 facile da usare, personalizzabile e ha un prezzo molto ragionevole.<\/p>\n<p><strong>Contro: <\/strong>Usiamo il sistema da meno di un mese e al momento non ho alcun svantaggio.<\/p>\n<p class=\"font-weight-bold mb-1 d-flex align-items-center\"><strong>Curt V.&#8221;Quasi l\u00ec&#8221;<\/strong><\/p>\n<p><strong>Pro: <\/strong>Ci piace personalizzare le funzionalit\u00e0 DVIR. Essere in grado di creare le nostre ispezioni \u00e8 stato fantastico!<\/p>\n<p><strong>Contro: <\/strong>Le funzionalit\u00e0 di reporting potrebbero essere migliorate. Ci sono molte informazioni in Fleetio. Inserirlo in un rapporto adatto alle nostre esigenze \u00e8 un po &#8216;complicato, MA il servizio clienti \u00e8 fantastico! Il team Fleetio ha lavorato con noi per cercare di migliorare le capacit\u00e0 di reporting.<\/p>\n<p class=\"font-weight-bold mb-1 d-flex align-items-center\"><strong>Ian P.&#8221;Risparmi&#8221;<\/strong><\/p>\n<p><strong>Commenti: <\/strong>Il motivo per utilizzare Fleetio era consentire di portare la gestione della nostra flotta in casa e sotto controllo piuttosto che pagare una terza parte.<\/p>\n<p><strong>Pro: <\/strong>Il software \u00e8 stato cos\u00ec facile da configurare con i modelli di imbarco, entro 3 ore ho importato tutti i nostri veicoli e utenti. Finora non \u00e8 stata necessaria alcuna formazione.<\/p>\n<p><strong>Contro: <\/strong>Ad oggi non abbiamo trovato elementi che non ci piacciono del software<\/p>\n","protected":false},"excerpt":{"rendered":"<p>Fleetio \u00e8 una suite di gestione degli strumenti \u00a0che comprende varie soluzioni di gestione, manutenzione e monitoraggio della flotta per gli utenti aziendali. Il programma \u00e8 tutto incentrato su l&#8217;amministrazione e include tutti gli strumenti necessari per governare e istruire le operazioni della tua flotta. Aiuta a gestire carburante, conducenti e risorse in modo semplice e controllato.<\/p>\n","protected":false},"author":16,"featured_media":44302,"parent":44170,"menu_order":0,"comment_status":"open","ping_status":"closed","template":"g1_template_page_review_new.php","meta":{"_acf_changed":false,"cwp_meta_box_check":"Yes","cwp_rev_product_name":"","cwp_rev_product_image":"","wppr_links":[],"cwp_rev_price":"","wppr_options":[],"wppr_pros":[],"wppr_cons":[],"_monsterinsights_skip_tracking":false,"_monsterinsights_sitenote_active":false,"_monsterinsights_sitenote_note":"","_monsterinsights_sitenote_category":0,"footnotes":""},"categories":[6265],"tags":[6320,6318,6319,6305,6272,6269,6271],"features":[],"class_list":{"0":"post-44301","1":"page","2":"type-page","3":"status-publish","4":"has-post-thumbnail","6":"category-software-gestione-strumenti-cat","7":"tag-fleetio","8":"tag-gestione-flotta","9":"tag-gestione-team","10":"tag-piattaforma-gestione-strumenti","11":"tag-programma-gestione-strumenti","12":"tag-software-gestione-strumenti","13":"tag-soluzione-gestione-strumenti"},"wppr_data":{"cwp_meta_box_check":"Yes","cwp_rev_product_name":"","cwp_rev_product_image":"","cwp_image_link":"image","cwp_rev_price":"","wppr_rating":"0.00"},"acf":[],"yoast_head":"<!-- This site is optimized with the Yoast SEO plugin v27.4 - https:\/\/yoast.com\/product\/yoast-seo-wordpress\/ -->\n<title>Fleetio: recensione software gestione strumenti - Accurate Reviews<\/title>\n<meta name=\"description\" content=\"Fleetio: recensione suite di gestione degli strumenti che comprende varie soluzioni di gestione, manutenzione e monitoraggio del tuo team.\" \/>\n<meta name=\"robots\" content=\"index, follow, max-snippet:-1, max-image-preview:large, max-video-preview:-1\" \/>\n<link rel=\"canonical\" href=\"https:\/\/www.accuratereviews.com\/it\/software-gestione-strumenti\/fleetio-recensione\/\" \/>\n<meta property=\"og:locale\" content=\"it_IT\" \/>\n<meta property=\"og:type\" content=\"article\" \/>\n<meta property=\"og:title\" content=\"Fleetio: recensione software gestione strumenti - Accurate Reviews\" \/>\n<meta property=\"og:description\" content=\"Fleetio: recensione suite di gestione degli strumenti che comprende varie soluzioni di gestione, manutenzione e monitoraggio del tuo team.\" \/>\n<meta property=\"og:url\" content=\"https:\/\/www.accuratereviews.com\/it\/software-gestione-strumenti\/fleetio-recensione\/\" \/>\n<meta property=\"og:site_name\" content=\"Accurate Reviews\" \/>\n<meta property=\"og:image\" content=\"https:\/\/www.accuratereviews.com\/wp-content\/uploads\/2021\/06\/Fleetio-Logo.png\" \/>\n\t<meta property=\"og:image:width\" content=\"700\" \/>\n\t<meta property=\"og:image:height\" content=\"350\" \/>\n\t<meta property=\"og:image:type\" content=\"image\/png\" \/>\n<meta name=\"twitter:card\" content=\"summary_large_image\" \/>\n<meta name=\"twitter:label1\" content=\"Tempo di lettura stimato\" \/>\n\t<meta name=\"twitter:data1\" content=\"3 minuti\" \/>\n<script type=\"application\/ld+json\" class=\"yoast-schema-graph\">{\"@context\":\"https:\\\/\\\/schema.org\",\"@graph\":[{\"@type\":\"WebPage\",\"@id\":\"https:\\\/\\\/www.accuratereviews.com\\\/it\\\/software-gestione-strumenti\\\/fleetio-recensione\\\/\",\"url\":\"https:\\\/\\\/www.accuratereviews.com\\\/it\\\/software-gestione-strumenti\\\/fleetio-recensione\\\/\",\"name\":\"Fleetio: recensione software gestione strumenti - Accurate Reviews\",\"isPartOf\":{\"@id\":\"https:\\\/\\\/www.accuratereviews.com\\\/it\\\/#website\"},\"primaryImageOfPage\":{\"@id\":\"https:\\\/\\\/www.accuratereviews.com\\\/it\\\/software-gestione-strumenti\\\/fleetio-recensione\\\/#primaryimage\"},\"image\":{\"@id\":\"https:\\\/\\\/www.accuratereviews.com\\\/it\\\/software-gestione-strumenti\\\/fleetio-recensione\\\/#primaryimage\"},\"thumbnailUrl\":\"https:\\\/\\\/www.accuratereviews.com\\\/wp-content\\\/uploads\\\/2021\\\/06\\\/Fleetio-Logo.png\",\"datePublished\":\"2021-06-17T10:47:29+00:00\",\"description\":\"Fleetio: recensione suite di gestione degli strumenti che comprende varie soluzioni di gestione, manutenzione e monitoraggio del tuo team.\",\"breadcrumb\":{\"@id\":\"https:\\\/\\\/www.accuratereviews.com\\\/it\\\/software-gestione-strumenti\\\/fleetio-recensione\\\/#breadcrumb\"},\"inLanguage\":\"it-IT\",\"potentialAction\":[{\"@type\":\"ReadAction\",\"target\":[\"https:\\\/\\\/www.accuratereviews.com\\\/it\\\/software-gestione-strumenti\\\/fleetio-recensione\\\/\"]}]},{\"@type\":\"ImageObject\",\"inLanguage\":\"it-IT\",\"@id\":\"https:\\\/\\\/www.accuratereviews.com\\\/it\\\/software-gestione-strumenti\\\/fleetio-recensione\\\/#primaryimage\",\"url\":\"https:\\\/\\\/www.accuratereviews.com\\\/wp-content\\\/uploads\\\/2021\\\/06\\\/Fleetio-Logo.png\",\"contentUrl\":\"https:\\\/\\\/www.accuratereviews.com\\\/wp-content\\\/uploads\\\/2021\\\/06\\\/Fleetio-Logo.png\",\"width\":700,\"height\":350},{\"@type\":\"BreadcrumbList\",\"@id\":\"https:\\\/\\\/www.accuratereviews.com\\\/it\\\/software-gestione-strumenti\\\/fleetio-recensione\\\/#breadcrumb\",\"itemListElement\":[{\"@type\":\"ListItem\",\"position\":1,\"name\":\"Home\",\"item\":\"https:\\\/\\\/www.accuratereviews.com\\\/it\\\/\"},{\"@type\":\"ListItem\",\"position\":2,\"name\":\"Software per la gestione degli strumenti\",\"item\":\"https:\\\/\\\/www.accuratereviews.com\\\/it\\\/software-gestione-strumenti\\\/\"},{\"@type\":\"ListItem\",\"position\":3,\"name\":\"Fleetio\"}]},{\"@type\":\"WebSite\",\"@id\":\"https:\\\/\\\/www.accuratereviews.com\\\/it\\\/#website\",\"url\":\"https:\\\/\\\/www.accuratereviews.com\\\/it\\\/\",\"name\":\"Accurate Reviews\",\"description\":\"\",\"potentialAction\":[{\"@type\":\"SearchAction\",\"target\":{\"@type\":\"EntryPoint\",\"urlTemplate\":\"https:\\\/\\\/www.accuratereviews.com\\\/it\\\/?s={search_term_string}\"},\"query-input\":{\"@type\":\"PropertyValueSpecification\",\"valueRequired\":true,\"valueName\":\"search_term_string\"}}],\"inLanguage\":\"it-IT\"}]}<\/script>\n<!-- \/ Yoast SEO plugin. -->","yoast_head_json":{"title":"Fleetio: recensione software gestione strumenti - Accurate Reviews","description":"Fleetio: recensione suite di gestione degli strumenti che comprende varie soluzioni di gestione, manutenzione e monitoraggio del tuo team.","robots":{"index":"index","follow":"follow","max-snippet":"max-snippet:-1","max-image-preview":"max-image-preview:large","max-video-preview":"max-video-preview:-1"},"canonical":"https:\/\/www.accuratereviews.com\/it\/software-gestione-strumenti\/fleetio-recensione\/","og_locale":"it_IT","og_type":"article","og_title":"Fleetio: recensione software gestione strumenti - Accurate Reviews","og_description":"Fleetio: recensione suite di gestione degli strumenti che comprende varie soluzioni di gestione, manutenzione e monitoraggio del tuo team.","og_url":"https:\/\/www.accuratereviews.com\/it\/software-gestione-strumenti\/fleetio-recensione\/","og_site_name":"Accurate Reviews","og_image":[{"width":700,"height":350,"url":"https:\/\/www.accuratereviews.com\/wp-content\/uploads\/2021\/06\/Fleetio-Logo.png","type":"image\/png"}],"twitter_card":"summary_large_image","twitter_misc":{"Tempo di lettura stimato":"3 minuti"},"schema":{"@context":"https:\/\/schema.org","@graph":[{"@type":"WebPage","@id":"https:\/\/www.accuratereviews.com\/it\/software-gestione-strumenti\/fleetio-recensione\/","url":"https:\/\/www.accuratereviews.com\/it\/software-gestione-strumenti\/fleetio-recensione\/","name":"Fleetio: recensione software gestione strumenti - Accurate Reviews","isPartOf":{"@id":"https:\/\/www.accuratereviews.com\/it\/#website"},"primaryImageOfPage":{"@id":"https:\/\/www.accuratereviews.com\/it\/software-gestione-strumenti\/fleetio-recensione\/#primaryimage"},"image":{"@id":"https:\/\/www.accuratereviews.com\/it\/software-gestione-strumenti\/fleetio-recensione\/#primaryimage"},"thumbnailUrl":"https:\/\/www.accuratereviews.com\/wp-content\/uploads\/2021\/06\/Fleetio-Logo.png","datePublished":"2021-06-17T10:47:29+00:00","description":"Fleetio: recensione suite di gestione degli strumenti che comprende varie soluzioni di gestione, manutenzione e monitoraggio del tuo team.","breadcrumb":{"@id":"https:\/\/www.accuratereviews.com\/it\/software-gestione-strumenti\/fleetio-recensione\/#breadcrumb"},"inLanguage":"it-IT","potentialAction":[{"@type":"ReadAction","target":["https:\/\/www.accuratereviews.com\/it\/software-gestione-strumenti\/fleetio-recensione\/"]}]},{"@type":"ImageObject","inLanguage":"it-IT","@id":"https:\/\/www.accuratereviews.com\/it\/software-gestione-strumenti\/fleetio-recensione\/#primaryimage","url":"https:\/\/www.accuratereviews.com\/wp-content\/uploads\/2021\/06\/Fleetio-Logo.png","contentUrl":"https:\/\/www.accuratereviews.com\/wp-content\/uploads\/2021\/06\/Fleetio-Logo.png","width":700,"height":350},{"@type":"BreadcrumbList","@id":"https:\/\/www.accuratereviews.com\/it\/software-gestione-strumenti\/fleetio-recensione\/#breadcrumb","itemListElement":[{"@type":"ListItem","position":1,"name":"Home","item":"https:\/\/www.accuratereviews.com\/it\/"},{"@type":"ListItem","position":2,"name":"Software per la gestione degli strumenti","item":"https:\/\/www.accuratereviews.com\/it\/software-gestione-strumenti\/"},{"@type":"ListItem","position":3,"name":"Fleetio"}]},{"@type":"WebSite","@id":"https:\/\/www.accuratereviews.com\/it\/#website","url":"https:\/\/www.accuratereviews.com\/it\/","name":"Accurate Reviews","description":"","potentialAction":[{"@type":"SearchAction","target":{"@type":"EntryPoint","urlTemplate":"https:\/\/www.accuratereviews.com\/it\/?s={search_term_string}"},"query-input":{"@type":"PropertyValueSpecification","valueRequired":true,"valueName":"search_term_string"}}],"inLanguage":"it-IT"}]}},"_links":{"self":[{"href":"https:\/\/www.accuratereviews.com\/it\/wp-json\/wp\/v2\/pages\/44301","targetHints":{"allow":["GET"]}}],"collection":[{"href":"https:\/\/www.accuratereviews.com\/it\/wp-json\/wp\/v2\/pages"}],"about":[{"href":"https:\/\/www.accuratereviews.com\/it\/wp-json\/wp\/v2\/types\/page"}],"author":[{"embeddable":true,"href":"https:\/\/www.accuratereviews.com\/it\/wp-json\/wp\/v2\/users\/16"}],"replies":[{"embeddable":true,"href":"https:\/\/www.accuratereviews.com\/it\/wp-json\/wp\/v2\/comments?post=44301"}],"version-history":[{"count":9,"href":"https:\/\/www.accuratereviews.com\/it\/wp-json\/wp\/v2\/pages\/44301\/revisions"}],"predecessor-version":[{"id":44339,"href":"https:\/\/www.accuratereviews.com\/it\/wp-json\/wp\/v2\/pages\/44301\/revisions\/44339"}],"up":[{"embeddable":true,"href":"https:\/\/www.accuratereviews.com\/it\/wp-json\/wp\/v2\/pages\/44170"}],"wp:featuredmedia":[{"embeddable":true,"href":"https:\/\/www.accuratereviews.com\/it\/wp-json\/wp\/v2\/media\/44302"}],"wp:attachment":[{"href":"https:\/\/www.accuratereviews.com\/it\/wp-json\/wp\/v2\/media?parent=44301"}],"wp:term":[{"taxonomy":"category","embeddable":true,"href":"https:\/\/www.accuratereviews.com\/it\/wp-json\/wp\/v2\/categories?post=44301"},{"taxonomy":"post_tag","embeddable":true,"href":"https:\/\/www.accuratereviews.com\/it\/wp-json\/wp\/v2\/tags?post=44301"},{"taxonomy":"features","embeddable":true,"href":"https:\/\/www.accuratereviews.com\/it\/wp-json\/wp\/v2\/features?post=44301"}],"curies":[{"name":"wp","href":"https:\/\/api.w.org\/{rel}","templated":true}]}}