{"id":44308,"date":"2021-06-17T10:38:50","date_gmt":"2021-06-17T10:38:50","guid":{"rendered":"https:\/\/www.accuratereviews.com\/?page_id=44308"},"modified":"2021-06-17T10:38:50","modified_gmt":"2021-06-17T10:38:50","slug":"mpulse-recensione","status":"publish","type":"page","link":"https:\/\/www.accuratereviews.com\/it\/software-gestione-strumenti\/mpulse-recensione\/","title":{"rendered":"MPulse"},"content":{"rendered":"<p><strong>MPulse<\/strong> \u00e8 un <strong>CMMS<\/strong> (sistema di gestione della manutenzione computerizzato) progettato per l&#8217;utilizzo da parte delle societ\u00e0 di manutenzione di attrezzature e strutture per assistere la manutenzione con la pianificazione, il monitoraggio e la segnalazione. Sono disponibili quattro diverse edizioni di <strong>MPulse<\/strong> per soddisfare le esigenze di diverse attivit\u00e0. Dalla pi\u00f9 elementare, Bronze, che copre solo attrezzature ed edifici, fino alla pi\u00f9 avanzata, Platinum, che pu\u00f2 essere utilizzata per tutti i tipi di asset, incluse attrezzature, edifici, stanze, terreni e veicoli e supporta come standard la manutenzione basata sulle condizioni. Gli ordini di lavoro vengono generati automaticamente per le attivit\u00e0 pianificate e possono anche essere ricevuti da un numero qualsiasi di richiedenti o inseriti manualmente. Le richieste di manutenzione possono essere approvate, programmate e assegnate ai tecnici per il completamento, con la possibilit\u00e0 di automatizzare approvazioni e assegnazioni e la possibilit\u00e0 di inviare conferme automatizzate personalizzate a richiedenti, tecnici e manager. I tempi di riparazione possono essere monitorati per determinare l&#8217;efficienza dei dipendenti per attivit\u00e0 specifiche e creare benchmark organizzativi.<\/p>\n<h2>MPULSE &#8211; TUTORIAL<\/h2>\n<p>Guardiamo come programmare un intervento utilizzando questo<strong> software di gestione degli strumenti<\/strong>:<\/p>\n<div id=\"fluid-wrapper-counter-1\" class=\"g1-fluid-wrapper \" style=\"width:686px;\">\n<div style=\"padding-bottom:56.268221574344%;\"><iframe loading=\"lazy\" title=\"02 - Getting Started with MPulse\" width=\"686\" height=\"386\" src=\"https:\/\/www.youtube.com\/embed\/49SigfB4Yxs?feature=oembed&amp;wmode=transparent&amp;autohide=1&amp;autoplay=0&amp;disablekb=0&amp;fs=1&amp;loop=0&amp;enablejsapi=1&amp;rel=0&amp;controls=2&amp;showinfo=0&amp;wmode=transparent&amp;autohide=2&amp;autoplay=0&amp;disablekb=0&amp;fs=1&amp;loop=0&amp;enablejsapi=1&amp;rel=0&amp;controls=2&amp;showinfo=1\" frameborder=\"0\" allow=\"accelerometer; autoplay; clipboard-write; encrypted-media; gyroscope; picture-in-picture\" allowfullscreen><\/iframe><\/div>\n<\/div>\n<h3>MPULSE &#8211; CARATTERISTICHE<\/h3>\n<ul>\n<li><strong>Ordini di lavoro:<\/strong> ottieni il lavoro con una priorit\u00e0 alta assicurandoti che il lavoro con priorit\u00e0 bassa non sfugga e vada a finire nel dimenticatoio<\/li>\n<li><strong>Gestione delle risorse:<\/strong> aggiungi e organizza facilmente le tue risorse per adattarle al modo in cui le gestisci. Importa\/esporta facilmente in Excel o CSV. Include tutti i tipi di asset<\/li>\n<li><strong>Programmazione e monitoraggio del PM<\/strong>: evita la necessit\u00e0 di riparazioni pi\u00f9 costose grazie alla semplice pianificazione e monitoraggio della manutenzione preventiva (PM)<\/li>\n<li><strong>Calendario:<\/strong> visualizza i programmi di manutenzione sul calendario personalizzato, in modo che il tuo team possa vedere cosa deve fare e quando<\/li>\n<li><strong>Gestione dell&#8217;inventario e materiali di consumo<\/strong>: traccia e crea report sul consumo di articoli con i record di inventario. Collega gli articoli agli ordini di lavoro e alle risorse e monitora i livelli delle scorte<\/li>\n<li><strong>Reporting grafico<\/strong>: produci rapidamente rapporti sullo stato e documenti che forniscono dettagli o riepiloghi del lavoro di manutenzione del tuo team<\/li>\n<li><strong>Interfaccia adattabile per qualsiasi dispositivo<\/strong>: la soluzione si adatta a qualsiasi dispositivo &#8211; computer desktop, tablet o smartphone &#8211; creando un&#8217;esperienza coerente su tutti i dispositivi<\/li>\n<li><strong>Scansione di codici a barre<\/strong>: usa il tuo smartphone, scanner di codici a barre o dispositivo mobile per trovare i dati nella ricerca a livello di sistema<\/li>\n<li><strong>Gestione delle risorse del lavoro<\/strong>: crea e gestisci record di dipendenti e fornitori per tenere traccia di informazioni di contatto, competenze, certificazioni, costi del lavoro, cronologia lavorativa e molto altro<\/li>\n<li><strong>Pannello di controllo del consulente<\/strong>: personalizza la dashboard della schermata iniziale per mettere in primo piano le metriche che contano di pi\u00f9 per te.<\/li>\n<\/ul>\n<h4>LE RECENSIONI DEGLI UTENTI<\/h4>\n<p class=\"font-weight-bold mb-1 d-flex align-items-center\"><strong>Larry B.&#8221;Distretto delle ambulanze della contea di Adair&#8221;<\/strong><\/p>\n<p><strong>Commenti: <\/strong>Nel complesso il prodotto ha fatto ci\u00f2 che doveva. Dall&#8217;implementazione, alcuni anni fa, abbiamo aggiunto anche il modulo di inventario. Inizialmente, come la maggior parte dei software, c&#8217;era una curva di apprendimento, ma una volta che abbiamo imparato a utilizzare il software in modo efficace non potremmo essere pi\u00f9 soddisfatti di ci\u00f2 che ne otteniamo.<\/p>\n<p><strong>Pro: <\/strong>Gestione degli ordini di lavoro e funzionalit\u00e0 di reporting<\/p>\n<p><strong>Contro: <\/strong>Non \u00e8 il sistema pi\u00f9 facile da usare in assoluto, ma una volta imparato a usarlo, fornisce risultati soddisfacenti.<\/p>\n<p class=\"font-weight-bold mb-1 d-flex align-items-center\"><strong>Zaighum A.&#8221;Recensione mpulse&#8221;<\/strong><\/p>\n<p><strong>Commenti: <\/strong>Il team di supporto Mpulse \u00e8 davvero eccezionale perch\u00e9 fornisce una risposta rapida ai propri clienti.<\/p>\n<p><strong>Pro: <\/strong>Mpulse \u00e8 un software CMMS ed \u00e8 il migliore per i produttori perch\u00e9 creano report e misurazioni per i materiali.<\/p>\n<p><strong>Contro: <\/strong>Questo software mpulse \u00e8 fantastico per la gestione aziendale e mi piace molto questo software per via dei rapporti. Non ho riscontrato alcun problema.<\/p>\n<p class=\"font-weight-bold mb-1 d-flex align-items-center\"><strong>Christine M.&#8221;Strumento utile per gestire la manutenzione degli impianti&#8221;<\/strong><\/p>\n<p><strong>Commenti: <\/strong>MPulse \u00e8 fondamentale per la gestione della manutenzione nel nostro edificio.<\/p>\n<p><strong>Vantaggi: <\/strong>Manutenzione programmata. \u00c8 un modo semplice ed efficiente per tenere traccia di tutta la manutenzione programmata. Inoltre, rapporti sugli ordini di lavoro.<\/p>\n<p><strong>Inconvenienti: <\/strong>In Mpulse , devi iscriverti al servizio cloud digitale per rivedere i tuoi media. A volte, \u00e8 difficile accedere ai media.<\/p>\n<p>&nbsp;<\/p>\n","protected":false},"excerpt":{"rendered":"<p>MPulse \u00e8 un CMMS (sistema di gestione della manutenzione computerizzato) progettato per l&#8217;utilizzo da parte delle societ\u00e0 di manutenzione di attrezzature e strutture, per assistere con la pianificazione, il monitoraggio e la segnalazione della manutenzione. Sono disponibili quattro diverse edizioni di MPulse per soddisfare le esigenze di diverse attivit\u00e0<\/p>\n","protected":false},"author":16,"featured_media":44309,"parent":44170,"menu_order":0,"comment_status":"open","ping_status":"closed","template":"g1_template_page_review_new.php","meta":{"_acf_changed":false,"cwp_meta_box_check":"Yes","cwp_rev_product_name":"","cwp_rev_product_image":"","wppr_links":[],"cwp_rev_price":"","wppr_options":[],"wppr_pros":[],"wppr_cons":[],"_monsterinsights_skip_tracking":false,"_monsterinsights_sitenote_active":false,"_monsterinsights_sitenote_note":"","_monsterinsights_sitenote_category":0,"footnotes":""},"categories":[6265],"tags":[6321,6305,6272,6269,6271],"features":[],"class_list":{"0":"post-44308","1":"page","2":"type-page","3":"status-publish","4":"has-post-thumbnail","6":"category-software-gestione-strumenti-cat","7":"tag-mpulse","8":"tag-piattaforma-gestione-strumenti","9":"tag-programma-gestione-strumenti","10":"tag-software-gestione-strumenti","11":"tag-soluzione-gestione-strumenti"},"wppr_data":{"cwp_meta_box_check":"Yes","cwp_rev_product_name":"","cwp_rev_product_image":"","cwp_image_link":"image","cwp_rev_price":"","wppr_rating":"0.00"},"acf":[],"yoast_head":"<!-- This site is optimized with the Yoast SEO plugin v27.4 - https:\/\/yoast.com\/product\/yoast-seo-wordpress\/ -->\n<title>MPulse: recensione software gestione strumenti - Accurate Reviews<\/title>\n<meta name=\"description\" content=\"MPulse: recensione CMMS progettato per societ\u00e0 di manutenzione di attrezzature e strutture per la pianificazione degli interventi.\" \/>\n<meta name=\"robots\" content=\"index, follow, max-snippet:-1, max-image-preview:large, max-video-preview:-1\" \/>\n<link rel=\"canonical\" href=\"https:\/\/www.accuratereviews.com\/it\/software-gestione-strumenti\/mpulse-recensione\/\" \/>\n<meta property=\"og:locale\" content=\"it_IT\" \/>\n<meta property=\"og:type\" content=\"article\" \/>\n<meta property=\"og:title\" content=\"MPulse: recensione software gestione strumenti - Accurate Reviews\" \/>\n<meta property=\"og:description\" content=\"MPulse: recensione CMMS progettato per societ\u00e0 di manutenzione di attrezzature e strutture per la pianificazione degli interventi.\" \/>\n<meta property=\"og:url\" content=\"https:\/\/www.accuratereviews.com\/it\/software-gestione-strumenti\/mpulse-recensione\/\" \/>\n<meta property=\"og:site_name\" content=\"Accurate Reviews\" \/>\n<meta property=\"og:image\" content=\"https:\/\/www.accuratereviews.com\/wp-content\/uploads\/2021\/06\/Mpulse.png\" \/>\n\t<meta property=\"og:image:width\" content=\"279\" \/>\n\t<meta property=\"og:image:height\" content=\"279\" \/>\n\t<meta property=\"og:image:type\" content=\"image\/png\" \/>\n<meta name=\"twitter:card\" content=\"summary_large_image\" \/>\n<meta name=\"twitter:label1\" content=\"Tempo di lettura stimato\" \/>\n\t<meta name=\"twitter:data1\" content=\"3 minuti\" \/>\n<script type=\"application\/ld+json\" class=\"yoast-schema-graph\">{\"@context\":\"https:\\\/\\\/schema.org\",\"@graph\":[{\"@type\":\"WebPage\",\"@id\":\"https:\\\/\\\/www.accuratereviews.com\\\/it\\\/software-gestione-strumenti\\\/mpulse-recensione\\\/\",\"url\":\"https:\\\/\\\/www.accuratereviews.com\\\/it\\\/software-gestione-strumenti\\\/mpulse-recensione\\\/\",\"name\":\"MPulse: recensione software gestione strumenti - Accurate Reviews\",\"isPartOf\":{\"@id\":\"https:\\\/\\\/www.accuratereviews.com\\\/it\\\/#website\"},\"primaryImageOfPage\":{\"@id\":\"https:\\\/\\\/www.accuratereviews.com\\\/it\\\/software-gestione-strumenti\\\/mpulse-recensione\\\/#primaryimage\"},\"image\":{\"@id\":\"https:\\\/\\\/www.accuratereviews.com\\\/it\\\/software-gestione-strumenti\\\/mpulse-recensione\\\/#primaryimage\"},\"thumbnailUrl\":\"https:\\\/\\\/www.accuratereviews.com\\\/wp-content\\\/uploads\\\/2021\\\/06\\\/Mpulse.png\",\"datePublished\":\"2021-06-17T10:38:50+00:00\",\"description\":\"MPulse: recensione CMMS progettato per societ\u00e0 di manutenzione di attrezzature e strutture per la pianificazione degli interventi.\",\"breadcrumb\":{\"@id\":\"https:\\\/\\\/www.accuratereviews.com\\\/it\\\/software-gestione-strumenti\\\/mpulse-recensione\\\/#breadcrumb\"},\"inLanguage\":\"it-IT\",\"potentialAction\":[{\"@type\":\"ReadAction\",\"target\":[\"https:\\\/\\\/www.accuratereviews.com\\\/it\\\/software-gestione-strumenti\\\/mpulse-recensione\\\/\"]}]},{\"@type\":\"ImageObject\",\"inLanguage\":\"it-IT\",\"@id\":\"https:\\\/\\\/www.accuratereviews.com\\\/it\\\/software-gestione-strumenti\\\/mpulse-recensione\\\/#primaryimage\",\"url\":\"https:\\\/\\\/www.accuratereviews.com\\\/wp-content\\\/uploads\\\/2021\\\/06\\\/Mpulse.png\",\"contentUrl\":\"https:\\\/\\\/www.accuratereviews.com\\\/wp-content\\\/uploads\\\/2021\\\/06\\\/Mpulse.png\",\"width\":279,\"height\":279},{\"@type\":\"BreadcrumbList\",\"@id\":\"https:\\\/\\\/www.accuratereviews.com\\\/it\\\/software-gestione-strumenti\\\/mpulse-recensione\\\/#breadcrumb\",\"itemListElement\":[{\"@type\":\"ListItem\",\"position\":1,\"name\":\"Home\",\"item\":\"https:\\\/\\\/www.accuratereviews.com\\\/it\\\/\"},{\"@type\":\"ListItem\",\"position\":2,\"name\":\"Software per la gestione degli strumenti\",\"item\":\"https:\\\/\\\/www.accuratereviews.com\\\/it\\\/software-gestione-strumenti\\\/\"},{\"@type\":\"ListItem\",\"position\":3,\"name\":\"MPulse\"}]},{\"@type\":\"WebSite\",\"@id\":\"https:\\\/\\\/www.accuratereviews.com\\\/it\\\/#website\",\"url\":\"https:\\\/\\\/www.accuratereviews.com\\\/it\\\/\",\"name\":\"Accurate Reviews\",\"description\":\"\",\"potentialAction\":[{\"@type\":\"SearchAction\",\"target\":{\"@type\":\"EntryPoint\",\"urlTemplate\":\"https:\\\/\\\/www.accuratereviews.com\\\/it\\\/?s={search_term_string}\"},\"query-input\":{\"@type\":\"PropertyValueSpecification\",\"valueRequired\":true,\"valueName\":\"search_term_string\"}}],\"inLanguage\":\"it-IT\"}]}<\/script>\n<!-- \/ Yoast SEO plugin. -->","yoast_head_json":{"title":"MPulse: recensione software gestione strumenti - Accurate Reviews","description":"MPulse: recensione CMMS progettato per societ\u00e0 di manutenzione di attrezzature e strutture per la pianificazione degli interventi.","robots":{"index":"index","follow":"follow","max-snippet":"max-snippet:-1","max-image-preview":"max-image-preview:large","max-video-preview":"max-video-preview:-1"},"canonical":"https:\/\/www.accuratereviews.com\/it\/software-gestione-strumenti\/mpulse-recensione\/","og_locale":"it_IT","og_type":"article","og_title":"MPulse: recensione software gestione strumenti - Accurate Reviews","og_description":"MPulse: recensione CMMS progettato per societ\u00e0 di manutenzione di attrezzature e strutture per la pianificazione degli interventi.","og_url":"https:\/\/www.accuratereviews.com\/it\/software-gestione-strumenti\/mpulse-recensione\/","og_site_name":"Accurate Reviews","og_image":[{"width":279,"height":279,"url":"https:\/\/www.accuratereviews.com\/wp-content\/uploads\/2021\/06\/Mpulse.png","type":"image\/png"}],"twitter_card":"summary_large_image","twitter_misc":{"Tempo di lettura stimato":"3 minuti"},"schema":{"@context":"https:\/\/schema.org","@graph":[{"@type":"WebPage","@id":"https:\/\/www.accuratereviews.com\/it\/software-gestione-strumenti\/mpulse-recensione\/","url":"https:\/\/www.accuratereviews.com\/it\/software-gestione-strumenti\/mpulse-recensione\/","name":"MPulse: recensione software gestione strumenti - Accurate Reviews","isPartOf":{"@id":"https:\/\/www.accuratereviews.com\/it\/#website"},"primaryImageOfPage":{"@id":"https:\/\/www.accuratereviews.com\/it\/software-gestione-strumenti\/mpulse-recensione\/#primaryimage"},"image":{"@id":"https:\/\/www.accuratereviews.com\/it\/software-gestione-strumenti\/mpulse-recensione\/#primaryimage"},"thumbnailUrl":"https:\/\/www.accuratereviews.com\/wp-content\/uploads\/2021\/06\/Mpulse.png","datePublished":"2021-06-17T10:38:50+00:00","description":"MPulse: recensione CMMS progettato per societ\u00e0 di manutenzione di attrezzature e strutture per la pianificazione degli interventi.","breadcrumb":{"@id":"https:\/\/www.accuratereviews.com\/it\/software-gestione-strumenti\/mpulse-recensione\/#breadcrumb"},"inLanguage":"it-IT","potentialAction":[{"@type":"ReadAction","target":["https:\/\/www.accuratereviews.com\/it\/software-gestione-strumenti\/mpulse-recensione\/"]}]},{"@type":"ImageObject","inLanguage":"it-IT","@id":"https:\/\/www.accuratereviews.com\/it\/software-gestione-strumenti\/mpulse-recensione\/#primaryimage","url":"https:\/\/www.accuratereviews.com\/wp-content\/uploads\/2021\/06\/Mpulse.png","contentUrl":"https:\/\/www.accuratereviews.com\/wp-content\/uploads\/2021\/06\/Mpulse.png","width":279,"height":279},{"@type":"BreadcrumbList","@id":"https:\/\/www.accuratereviews.com\/it\/software-gestione-strumenti\/mpulse-recensione\/#breadcrumb","itemListElement":[{"@type":"ListItem","position":1,"name":"Home","item":"https:\/\/www.accuratereviews.com\/it\/"},{"@type":"ListItem","position":2,"name":"Software per la gestione degli strumenti","item":"https:\/\/www.accuratereviews.com\/it\/software-gestione-strumenti\/"},{"@type":"ListItem","position":3,"name":"MPulse"}]},{"@type":"WebSite","@id":"https:\/\/www.accuratereviews.com\/it\/#website","url":"https:\/\/www.accuratereviews.com\/it\/","name":"Accurate Reviews","description":"","potentialAction":[{"@type":"SearchAction","target":{"@type":"EntryPoint","urlTemplate":"https:\/\/www.accuratereviews.com\/it\/?s={search_term_string}"},"query-input":{"@type":"PropertyValueSpecification","valueRequired":true,"valueName":"search_term_string"}}],"inLanguage":"it-IT"}]}},"_links":{"self":[{"href":"https:\/\/www.accuratereviews.com\/it\/wp-json\/wp\/v2\/pages\/44308","targetHints":{"allow":["GET"]}}],"collection":[{"href":"https:\/\/www.accuratereviews.com\/it\/wp-json\/wp\/v2\/pages"}],"about":[{"href":"https:\/\/www.accuratereviews.com\/it\/wp-json\/wp\/v2\/types\/page"}],"author":[{"embeddable":true,"href":"https:\/\/www.accuratereviews.com\/it\/wp-json\/wp\/v2\/users\/16"}],"replies":[{"embeddable":true,"href":"https:\/\/www.accuratereviews.com\/it\/wp-json\/wp\/v2\/comments?post=44308"}],"version-history":[{"count":7,"href":"https:\/\/www.accuratereviews.com\/it\/wp-json\/wp\/v2\/pages\/44308\/revisions"}],"predecessor-version":[{"id":44337,"href":"https:\/\/www.accuratereviews.com\/it\/wp-json\/wp\/v2\/pages\/44308\/revisions\/44337"}],"up":[{"embeddable":true,"href":"https:\/\/www.accuratereviews.com\/it\/wp-json\/wp\/v2\/pages\/44170"}],"wp:featuredmedia":[{"embeddable":true,"href":"https:\/\/www.accuratereviews.com\/it\/wp-json\/wp\/v2\/media\/44309"}],"wp:attachment":[{"href":"https:\/\/www.accuratereviews.com\/it\/wp-json\/wp\/v2\/media?parent=44308"}],"wp:term":[{"taxonomy":"category","embeddable":true,"href":"https:\/\/www.accuratereviews.com\/it\/wp-json\/wp\/v2\/categories?post=44308"},{"taxonomy":"post_tag","embeddable":true,"href":"https:\/\/www.accuratereviews.com\/it\/wp-json\/wp\/v2\/tags?post=44308"},{"taxonomy":"features","embeddable":true,"href":"https:\/\/www.accuratereviews.com\/it\/wp-json\/wp\/v2\/features?post=44308"}],"curies":[{"name":"wp","href":"https:\/\/api.w.org\/{rel}","templated":true}]}}