{"id":44349,"date":"2021-06-18T09:49:08","date_gmt":"2021-06-18T09:49:08","guid":{"rendered":"https:\/\/www.accuratereviews.com\/?page_id=44349"},"modified":"2021-06-18T09:49:08","modified_gmt":"2021-06-18T09:49:08","slug":"booqable-recensione","status":"publish","type":"page","link":"https:\/\/www.accuratereviews.com\/it\/software-gestione-strumenti\/booqable-recensione\/","title":{"rendered":"Booqable"},"content":{"rendered":"<p><strong>Booqable<\/strong> \u00e8 un <strong>software per la gestione degli strumenti<\/strong> che si rivolge principalmente ad attivit\u00e0 di noleggio che vogliono avere una visione completa del loro inventario. Si tratta di un sistema che semplifica le operazioni del tuo negozio. Permette di creare e gestire gli ordini in modo semplice e veloce, di tenere traccia di tutte le informazioni sui clienti in unico posto, di ottenere informazioni approfondite sulla disponibilit\u00e0, di prevenire doppie prenotazioni, e ovviamente di ottenere maggiori entrate da ogni prodotto. Oltre a tutto questo, potrai anche inviare documenti personalizzati ai clienti in pochi minuti, creare preventivi, contratti e fatture professionali usando i modelli personalizzabili che <strong>Booqable<\/strong> offre.<\/p>\n<h2>BOOQABLE &#8211; TUTORIAL<\/h2>\n<p>Di seguito un breve video che ci mostra come funziona questo <strong>programma per la gestione degli strumenti<\/strong>:<\/p>\n<div id=\"fluid-wrapper-counter-1\" class=\"g1-fluid-wrapper \" style=\"width:686px;\">\n<div style=\"padding-bottom:56.268221574344%;\"><iframe loading=\"lazy\" title=\"Booqable - All-in-one rental software\" width=\"686\" height=\"386\" src=\"https:\/\/www.youtube.com\/embed\/XGoy0VaVtA4?feature=oembed&amp;wmode=transparent&amp;autohide=1&amp;autoplay=0&amp;disablekb=0&amp;fs=1&amp;loop=0&amp;enablejsapi=1&amp;rel=0&amp;controls=2&amp;showinfo=0&amp;wmode=transparent&amp;autohide=2&amp;autoplay=0&amp;disablekb=0&amp;fs=1&amp;loop=0&amp;enablejsapi=1&amp;rel=0&amp;controls=2&amp;showinfo=1\" frameborder=\"0\" allow=\"accelerometer; autoplay; clipboard-write; encrypted-media; gyroscope; picture-in-picture\" allowfullscreen><\/iframe><\/div>\n<\/div>\n<h3>BOOQABLE &#8211; CARATTERISTICHE<\/h3>\n<ul>\n<li><strong>Gestione dell&#8217;inventario<\/strong>: organizza e gestisci il tuo inventario a noleggio con approfondimenti dettagliati sui livelli e sulla disponibilit\u00e0 delle scorte<\/li>\n<li><strong>Articoli tracciabili<\/strong>: tieni traccia dettagliata delle scorte utilizzando identificatori univoci come numeri di serie o codici a barre<\/li>\n<li><strong>Inventario in blocco<\/strong>: non hai bisogno di informazioni dettagliate sull&#8217;inventario? Gestisci in modo efficiente un gran numero di articoli tracciando solo le quantit\u00e0<\/li>\n<li><strong>Addebiti e servizi<\/strong>: addebito per prodotti non a noleggio come materiali di consumo, servizi, articoli in vendita, costi aggiuntivi e altro<\/li>\n<li><strong>Varianti del prodotto<\/strong>: aggiungi varianti ai prodotti disponibili in pi\u00f9 di un&#8217;opzione come pi\u00f9 colori o taglie<\/li>\n<li><strong>Pacchetti di prodotti<\/strong>: crea pacchetti di prodotti per offrire pacchetti o kit e per garantire che i tuoi ordini vengano evasi completamente<\/li>\n<li><strong>Sedi e gruppi<\/strong>: gestisci l&#8217;inventario in tutte le sedi come negozi, magazzini o qualsiasi altro luogo<\/li>\n<li><strong>Gestione della carenza<\/strong>: configura i limiti di carenza per i tuoi articoli a noleggio per prenotare pi\u00f9 di quanto hai a disposizione<\/li>\n<li><strong>Visualizzazione calendario<\/strong>: ingrandisci prodotti di noleggio specifici, individua potenziali conflitti e verifica la disponibilit\u00e0 per qualsiasi intervallo di date<\/li>\n<li><strong>Report sulla disponibilit\u00e0<\/strong>: elimina le congetture visualizzando la disponibilit\u00e0 e la carenza dei tuoi articoli a noleggio per un determinato periodo<\/li>\n<li><strong>QR e codici a barre<\/strong>: velocizza le operazioni di noleggio e riduci l&#8217;errore umano con codici a barre e QR code<\/li>\n<li><strong>Strutture dei prezzi<\/strong>: crea le tue strutture di prezzi a pi\u00f9 livelli (e modelli) oltre alle opzioni di prezzo standard<\/li>\n<li><strong>Prezzi avanzati<\/strong>: crea regole di prezzo avanzate per le tariffe del fine settimana, i prezzi stagionali e altre impostazioni di prezzo complesse<\/li>\n<li><strong>Depositi cauzionali<\/strong>: addebita depositi cauzionali rimborsabili che vengono calcolati automaticamente in base alle tue preferenze<\/li>\n<li><strong>Ordini<\/strong>: consenti al tuo team di creare e gestire ordini di noleggio con disponibilit\u00e0 automatica e calcoli dei prezzi<\/li>\n<li><strong>Gestione dei clienti<\/strong>: gestisci tutte le informazioni di contatto, gli indirizzi, gli sconti, i depositi cauzionali e altro dei tuoi clienti in un unico posto<\/li>\n<li><strong>Preventivi<\/strong>: crea, aggiorna e invia facilmente preventivi completamente personalizzabili con calcoli automatici dei prezzi<\/li>\n<li><strong>Contratti<\/strong>: crea contratti e conferma i tuoi contratti di noleggio facendo firmare digitalmente ai tuoi clienti<\/li>\n<li><strong>Fatture<\/strong>: le fatture vengono sincronizzate con i tuoi ordini per ridurre l&#8217;errore umano e impostare la fatturazione sul pilota automatico<\/li>\n<li><strong>Documenti di trasporto<\/strong>: stampa documenti di trasporto per aumentare la produttivit\u00e0 del magazzino<\/li>\n<li><strong>Modelli di documenti<\/strong>: goditi modelli personalizzabili per preventivi, contratti e fatture. Aggiungi facilmente il tuo marchio<\/li>\n<li><strong>Modelli email<\/strong>: invia email direttamente da Booqable utilizzando modelli personalizzabili e allega i tuoi documenti<\/li>\n<li><strong>Campi personalizzati<\/strong>: aggiungi campi personalizzati a prodotti, clienti e ordini per memorizzare ulteriori informazioni<\/li>\n<li><strong>Dashboard<\/strong>: visualizza tutti gli ordini di noleggio imminenti sulla dashboard in modo da essere sempre pronto per i tuoi clienti<\/li>\n<li><strong>Check-in e check-out<\/strong>: accelera i tuoi ritiri e resi e assicurati che gli articoli a noleggio escano correttamente<\/li>\n<li><strong>Report di ritiro<\/strong>: visualizza tutti i prodotti a noleggio necessari per prepararti per un determinato intervallo di date in un&#8217;unica pagina<\/li>\n<li><strong>Tempo di riempimento<\/strong>: configura il tempo di riempimento per i tuoi articoli per creare un buffer tra i noleggi<\/li>\n<li><strong>Report sul rendimento<\/strong>: scopri quante entrate genera ogni articolo a noleggio, in modo da poter massimizzare il tuo Roi.<\/li>\n<\/ul>\n<h4>LE RECENSIONI DEGLI UTENTI<\/h4>\n<p><strong>Chris H. &#8220;Il miglior sistema sul mercato&#8221;<\/strong><br \/>\nCOMMENTI: senza stress rispetto ad altri sistemi. Copre tutto il necessario per gestire i prodotti ed \u00e8 molto intuitivo da usare.<br \/>\nPRO: facilit\u00e0 d&#8217;uso e ha tutte le cose necessarie per la mia attivit\u00e0.<br \/>\nCONTRO: che sia commercializzato cos\u00ec bene, temo che la mia concorrenza possa iniziare ad usarlo.<\/p>\n<p><strong>Priscilla B. &#8220;Servizio user friendly&#8221;<\/strong><br \/>\nPRO: pi\u00f9 di una persona pu\u00f2 utilizzare il software contemporaneamente. \u00c8 codificato a colori in base allo stato dell&#8217;ordine. Ad esempio, gli ordini completati sono verdi, gli ordini correnti sono arancioni<br \/>\nCONTRO: sarebbe fantastico se la cronologia delle modifiche fosse aggiunta a ciascun ordine. O se mostrasse automaticamente la persona che ha effettuato l&#8217;ordine senza che noi dovessimo aggiungere la nostra iniziale o il nostro nome a ciascun ordine.<\/p>\n<p><strong>Cole H. &#8220;Rivoluzionato il nostro programma di noleggio&#8221;<\/strong><br \/>\nCOMMENTI: finora il chatbot mi ha salvato. Tutti sono cos\u00ec utili!<br \/>\nPRO: adoro il calendario delle prenotazioni<br \/>\nCreare preventivi \u00e8 cos\u00ec facile e veloce<br \/>\nCONTRO: necessit\u00e0 di essere in grado di creare pacchetti<br \/>\n\u00c8 necessario essere in grado di applicare uno sconto sul valore in dollari nella parte inferiore di un preventivo<br \/>\nDeve essere un modo per aggiornare globalmente i prezzi per un intero preventivo (es. prelevano venerd\u00ec pomeriggio e tornano luned\u00ec, vogliamo addebitare solo per sabato. Devi aggiornare individualmente il prezzo per ogni riga del preventivo)<\/p>\n","protected":false},"excerpt":{"rendered":"<p>Booqable \u00e8 un software per la gestione degli strumenti che si rivolge principalmente ad attivit\u00e0 di noleggio che vogliono avere una visione completa del loro inventario. Si tratta di un sistema che semplifica le operazioni del tuo negozio: ti permette di creare e gestire gli ordini in modo semplice e veloce e di tenere traccia di tutte le informazioni sui clienti in unico posto.<\/p>\n","protected":false},"author":17,"featured_media":44355,"parent":44170,"menu_order":0,"comment_status":"open","ping_status":"closed","template":"g1_template_page_review_new.php","meta":{"_acf_changed":false,"cwp_meta_box_check":"No","cwp_rev_product_name":"","cwp_rev_product_image":"","wppr_links":[],"cwp_rev_price":"","wppr_options":[],"wppr_pros":[],"wppr_cons":[],"_monsterinsights_skip_tracking":false,"_monsterinsights_sitenote_active":false,"_monsterinsights_sitenote_note":"","_monsterinsights_sitenote_category":0,"footnotes":""},"categories":[6265],"tags":[6918,6266,6268,6273,6272,6269,6308,6271],"features":[],"class_list":{"0":"post-44349","1":"page","2":"type-page","3":"status-publish","4":"has-post-thumbnail","6":"category-software-gestione-strumenti-cat","7":"tag-gestione-inventario","8":"tag-gestione-strumenti","9":"tag-gestione-strumenti-e-device","10":"tag-piattaforma-gestionale-strumenti","11":"tag-programma-gestione-strumenti","12":"tag-software-gestione-strumenti","13":"tag-soluzione-gestionale-strumenti","14":"tag-soluzione-gestione-strumenti"},"wppr_data":{"cwp_meta_box_check":"No"},"acf":[],"yoast_head":"<!-- This site is optimized with the Yoast SEO plugin v27.4 - https:\/\/yoast.com\/product\/yoast-seo-wordpress\/ -->\n<title>Booqable: recensione software gestione strumenti - Accurate Reviews<\/title>\n<meta name=\"description\" content=\"Booqable: recensione del software per la gestione degli strumenti che si rivolge principalmente ad attivit\u00e0 di noleggio.\" \/>\n<meta name=\"robots\" content=\"index, follow, max-snippet:-1, max-image-preview:large, max-video-preview:-1\" \/>\n<link rel=\"canonical\" href=\"https:\/\/www.accuratereviews.com\/it\/software-gestione-strumenti\/booqable-recensione\/\" \/>\n<meta property=\"og:locale\" content=\"it_IT\" \/>\n<meta property=\"og:type\" content=\"article\" \/>\n<meta property=\"og:title\" content=\"Booqable: recensione software gestione strumenti - Accurate Reviews\" \/>\n<meta property=\"og:description\" content=\"Booqable: recensione del software per la gestione degli strumenti che si rivolge principalmente ad attivit\u00e0 di noleggio.\" \/>\n<meta property=\"og:url\" content=\"https:\/\/www.accuratereviews.com\/it\/software-gestione-strumenti\/booqable-recensione\/\" \/>\n<meta property=\"og:site_name\" content=\"Accurate Reviews\" \/>\n<meta property=\"og:image\" content=\"https:\/\/www.accuratereviews.com\/wp-content\/uploads\/2021\/06\/Schermata-2021-06-17-alle-17.01.57-1.png\" \/>\n\t<meta property=\"og:image:width\" content=\"700\" \/>\n\t<meta property=\"og:image:height\" content=\"220\" \/>\n\t<meta property=\"og:image:type\" content=\"image\/png\" \/>\n<meta name=\"twitter:card\" content=\"summary_large_image\" \/>\n<meta name=\"twitter:label1\" content=\"Tempo di lettura stimato\" \/>\n\t<meta name=\"twitter:data1\" content=\"4 minuti\" \/>\n<script type=\"application\/ld+json\" class=\"yoast-schema-graph\">{\"@context\":\"https:\\\/\\\/schema.org\",\"@graph\":[{\"@type\":\"WebPage\",\"@id\":\"https:\\\/\\\/www.accuratereviews.com\\\/it\\\/software-gestione-strumenti\\\/booqable-recensione\\\/\",\"url\":\"https:\\\/\\\/www.accuratereviews.com\\\/it\\\/software-gestione-strumenti\\\/booqable-recensione\\\/\",\"name\":\"Booqable: recensione software gestione strumenti - Accurate Reviews\",\"isPartOf\":{\"@id\":\"https:\\\/\\\/www.accuratereviews.com\\\/it\\\/#website\"},\"primaryImageOfPage\":{\"@id\":\"https:\\\/\\\/www.accuratereviews.com\\\/it\\\/software-gestione-strumenti\\\/booqable-recensione\\\/#primaryimage\"},\"image\":{\"@id\":\"https:\\\/\\\/www.accuratereviews.com\\\/it\\\/software-gestione-strumenti\\\/booqable-recensione\\\/#primaryimage\"},\"thumbnailUrl\":\"https:\\\/\\\/www.accuratereviews.com\\\/wp-content\\\/uploads\\\/2021\\\/06\\\/Schermata-2021-06-17-alle-17.01.57-1.png\",\"datePublished\":\"2021-06-18T09:49:08+00:00\",\"description\":\"Booqable: recensione del software per la gestione degli strumenti che si rivolge principalmente ad attivit\u00e0 di noleggio.\",\"breadcrumb\":{\"@id\":\"https:\\\/\\\/www.accuratereviews.com\\\/it\\\/software-gestione-strumenti\\\/booqable-recensione\\\/#breadcrumb\"},\"inLanguage\":\"it-IT\",\"potentialAction\":[{\"@type\":\"ReadAction\",\"target\":[\"https:\\\/\\\/www.accuratereviews.com\\\/it\\\/software-gestione-strumenti\\\/booqable-recensione\\\/\"]}]},{\"@type\":\"ImageObject\",\"inLanguage\":\"it-IT\",\"@id\":\"https:\\\/\\\/www.accuratereviews.com\\\/it\\\/software-gestione-strumenti\\\/booqable-recensione\\\/#primaryimage\",\"url\":\"https:\\\/\\\/www.accuratereviews.com\\\/wp-content\\\/uploads\\\/2021\\\/06\\\/Schermata-2021-06-17-alle-17.01.57-1.png\",\"contentUrl\":\"https:\\\/\\\/www.accuratereviews.com\\\/wp-content\\\/uploads\\\/2021\\\/06\\\/Schermata-2021-06-17-alle-17.01.57-1.png\",\"width\":700,\"height\":220},{\"@type\":\"BreadcrumbList\",\"@id\":\"https:\\\/\\\/www.accuratereviews.com\\\/it\\\/software-gestione-strumenti\\\/booqable-recensione\\\/#breadcrumb\",\"itemListElement\":[{\"@type\":\"ListItem\",\"position\":1,\"name\":\"Home\",\"item\":\"https:\\\/\\\/www.accuratereviews.com\\\/it\\\/\"},{\"@type\":\"ListItem\",\"position\":2,\"name\":\"Software per la gestione degli strumenti\",\"item\":\"https:\\\/\\\/www.accuratereviews.com\\\/it\\\/software-gestione-strumenti\\\/\"},{\"@type\":\"ListItem\",\"position\":3,\"name\":\"Booqable\"}]},{\"@type\":\"WebSite\",\"@id\":\"https:\\\/\\\/www.accuratereviews.com\\\/it\\\/#website\",\"url\":\"https:\\\/\\\/www.accuratereviews.com\\\/it\\\/\",\"name\":\"Accurate Reviews\",\"description\":\"\",\"potentialAction\":[{\"@type\":\"SearchAction\",\"target\":{\"@type\":\"EntryPoint\",\"urlTemplate\":\"https:\\\/\\\/www.accuratereviews.com\\\/it\\\/?s={search_term_string}\"},\"query-input\":{\"@type\":\"PropertyValueSpecification\",\"valueRequired\":true,\"valueName\":\"search_term_string\"}}],\"inLanguage\":\"it-IT\"}]}<\/script>\n<!-- \/ Yoast SEO plugin. -->","yoast_head_json":{"title":"Booqable: recensione software gestione strumenti - Accurate Reviews","description":"Booqable: recensione del software per la gestione degli strumenti che si rivolge principalmente ad attivit\u00e0 di noleggio.","robots":{"index":"index","follow":"follow","max-snippet":"max-snippet:-1","max-image-preview":"max-image-preview:large","max-video-preview":"max-video-preview:-1"},"canonical":"https:\/\/www.accuratereviews.com\/it\/software-gestione-strumenti\/booqable-recensione\/","og_locale":"it_IT","og_type":"article","og_title":"Booqable: recensione software gestione strumenti - Accurate Reviews","og_description":"Booqable: recensione del software per la gestione degli strumenti che si rivolge principalmente ad attivit\u00e0 di noleggio.","og_url":"https:\/\/www.accuratereviews.com\/it\/software-gestione-strumenti\/booqable-recensione\/","og_site_name":"Accurate Reviews","og_image":[{"width":700,"height":220,"url":"https:\/\/www.accuratereviews.com\/wp-content\/uploads\/2021\/06\/Schermata-2021-06-17-alle-17.01.57-1.png","type":"image\/png"}],"twitter_card":"summary_large_image","twitter_misc":{"Tempo di lettura stimato":"4 minuti"},"schema":{"@context":"https:\/\/schema.org","@graph":[{"@type":"WebPage","@id":"https:\/\/www.accuratereviews.com\/it\/software-gestione-strumenti\/booqable-recensione\/","url":"https:\/\/www.accuratereviews.com\/it\/software-gestione-strumenti\/booqable-recensione\/","name":"Booqable: recensione software gestione strumenti - Accurate Reviews","isPartOf":{"@id":"https:\/\/www.accuratereviews.com\/it\/#website"},"primaryImageOfPage":{"@id":"https:\/\/www.accuratereviews.com\/it\/software-gestione-strumenti\/booqable-recensione\/#primaryimage"},"image":{"@id":"https:\/\/www.accuratereviews.com\/it\/software-gestione-strumenti\/booqable-recensione\/#primaryimage"},"thumbnailUrl":"https:\/\/www.accuratereviews.com\/wp-content\/uploads\/2021\/06\/Schermata-2021-06-17-alle-17.01.57-1.png","datePublished":"2021-06-18T09:49:08+00:00","description":"Booqable: recensione del software per la gestione degli strumenti che si rivolge principalmente ad attivit\u00e0 di noleggio.","breadcrumb":{"@id":"https:\/\/www.accuratereviews.com\/it\/software-gestione-strumenti\/booqable-recensione\/#breadcrumb"},"inLanguage":"it-IT","potentialAction":[{"@type":"ReadAction","target":["https:\/\/www.accuratereviews.com\/it\/software-gestione-strumenti\/booqable-recensione\/"]}]},{"@type":"ImageObject","inLanguage":"it-IT","@id":"https:\/\/www.accuratereviews.com\/it\/software-gestione-strumenti\/booqable-recensione\/#primaryimage","url":"https:\/\/www.accuratereviews.com\/wp-content\/uploads\/2021\/06\/Schermata-2021-06-17-alle-17.01.57-1.png","contentUrl":"https:\/\/www.accuratereviews.com\/wp-content\/uploads\/2021\/06\/Schermata-2021-06-17-alle-17.01.57-1.png","width":700,"height":220},{"@type":"BreadcrumbList","@id":"https:\/\/www.accuratereviews.com\/it\/software-gestione-strumenti\/booqable-recensione\/#breadcrumb","itemListElement":[{"@type":"ListItem","position":1,"name":"Home","item":"https:\/\/www.accuratereviews.com\/it\/"},{"@type":"ListItem","position":2,"name":"Software per la gestione degli strumenti","item":"https:\/\/www.accuratereviews.com\/it\/software-gestione-strumenti\/"},{"@type":"ListItem","position":3,"name":"Booqable"}]},{"@type":"WebSite","@id":"https:\/\/www.accuratereviews.com\/it\/#website","url":"https:\/\/www.accuratereviews.com\/it\/","name":"Accurate Reviews","description":"","potentialAction":[{"@type":"SearchAction","target":{"@type":"EntryPoint","urlTemplate":"https:\/\/www.accuratereviews.com\/it\/?s={search_term_string}"},"query-input":{"@type":"PropertyValueSpecification","valueRequired":true,"valueName":"search_term_string"}}],"inLanguage":"it-IT"}]}},"_links":{"self":[{"href":"https:\/\/www.accuratereviews.com\/it\/wp-json\/wp\/v2\/pages\/44349","targetHints":{"allow":["GET"]}}],"collection":[{"href":"https:\/\/www.accuratereviews.com\/it\/wp-json\/wp\/v2\/pages"}],"about":[{"href":"https:\/\/www.accuratereviews.com\/it\/wp-json\/wp\/v2\/types\/page"}],"author":[{"embeddable":true,"href":"https:\/\/www.accuratereviews.com\/it\/wp-json\/wp\/v2\/users\/17"}],"replies":[{"embeddable":true,"href":"https:\/\/www.accuratereviews.com\/it\/wp-json\/wp\/v2\/comments?post=44349"}],"version-history":[{"count":5,"href":"https:\/\/www.accuratereviews.com\/it\/wp-json\/wp\/v2\/pages\/44349\/revisions"}],"predecessor-version":[{"id":44394,"href":"https:\/\/www.accuratereviews.com\/it\/wp-json\/wp\/v2\/pages\/44349\/revisions\/44394"}],"up":[{"embeddable":true,"href":"https:\/\/www.accuratereviews.com\/it\/wp-json\/wp\/v2\/pages\/44170"}],"wp:featuredmedia":[{"embeddable":true,"href":"https:\/\/www.accuratereviews.com\/it\/wp-json\/wp\/v2\/media\/44355"}],"wp:attachment":[{"href":"https:\/\/www.accuratereviews.com\/it\/wp-json\/wp\/v2\/media?parent=44349"}],"wp:term":[{"taxonomy":"category","embeddable":true,"href":"https:\/\/www.accuratereviews.com\/it\/wp-json\/wp\/v2\/categories?post=44349"},{"taxonomy":"post_tag","embeddable":true,"href":"https:\/\/www.accuratereviews.com\/it\/wp-json\/wp\/v2\/tags?post=44349"},{"taxonomy":"features","embeddable":true,"href":"https:\/\/www.accuratereviews.com\/it\/wp-json\/wp\/v2\/features?post=44349"}],"curies":[{"name":"wp","href":"https:\/\/api.w.org\/{rel}","templated":true}]}}