{"id":44369,"date":"2021-06-18T10:37:49","date_gmt":"2021-06-18T10:37:49","guid":{"rendered":"https:\/\/www.accuratereviews.com\/?page_id=44369"},"modified":"2021-06-18T10:37:49","modified_gmt":"2021-06-18T10:37:49","slug":"asset-essentials-recensione","status":"publish","type":"page","link":"https:\/\/www.accuratereviews.com\/it\/software-gestione-strumenti\/asset-essentials-recensione\/","title":{"rendered":"Asset Essentials"},"content":{"rendered":"<p>Dude Solutions fornisce una suite di <strong>applicazioni di gestione della manutenzione<\/strong> basate su <strong>cloud<\/strong> che fornisce alle aziende richieste centralizzate, flussi di lavoro di manutenzione automatizzati e report.\u00a0<strong>Asset Essentials<\/strong> \u00e8 adatto a produttori, magazzini e centri di distribuzione. Gli utenti possono creare richieste di ordini di lavoro e sfruttare il monitoraggio e il reporting. \u00a0L&#8217;app mobile permette ai team di manutenzione di accedere all&#8217;inventario dei pezzi di ricambio tramite la scansione del QR code, tenere traccia delle ore di lavoro e scattare foto direttamente sull&#8217;attrezzatura su cui stanno lavorando. Poich\u00e9<strong> Asset Essentials<\/strong> \u00e8 un sistema basato su cloud, \u00e8 possibile accedervi da qualsiasi luogo. Il sistema \u00e8 mantenuto in un data center sicuro e gli utenti hanno sempre accesso alla versione recente e alle informazioni aggiornate.<\/p>\n<h2>ASSET ESSENTIALS &#8211; TUTORIAL<\/h2>\n<p>Il tutorial che segue mostra come generare report con questo <strong>software di gestione degli strumenti<\/strong>:<\/p>\n<div id=\"fluid-wrapper-counter-1\" class=\"g1-fluid-wrapper \" style=\"width:686px;\">\n<div style=\"padding-bottom:56.268221574344%;\"><iframe loading=\"lazy\" title=\"Introduction to Event Manager Reporting\" width=\"686\" height=\"386\" src=\"https:\/\/www.youtube.com\/embed\/1i5wcfMZYRE?list=PLruuF4IIy7kuFknrYh_3tr2UPatJreI2t\" frameborder=\"0\" allow=\"accelerometer; autoplay; clipboard-write; encrypted-media; gyroscope; picture-in-picture\" allowfullscreen><\/iframe><\/div>\n<\/div>\n<h3>ASSET ESSENTIALS &#8211; CARATTERISTICHE<\/h3>\n<ul>\n<li><strong>Migliora la redditivit\u00e0<\/strong>: aumenta la produttivit\u00e0, l&#8217;efficienza e la redditivit\u00e0, migliorando la sicurezza degli impianti e garantendo la conformit\u00e0 alle normative<\/li>\n<li><strong>Massimizza il tempo di attivit\u00e0<\/strong>: pianifica per ridurre i tempi di fermo, migliorare la qualit\u00e0 della produzione e massimizzare la produttivit\u00e0<\/li>\n<li><strong>Allunga la vita delle risorse<\/strong>: gestisci facilmente l&#8217;ordine e l&#8217;inventario dei pezzi di ricambio ed estendi la vita delle tue macchine con informazioni pi\u00f9 approfondite sui dati basate sulla cronologia di manutenzione per l&#8217;analisi del costo totale di propriet\u00e0 (TCO)<\/li>\n<li><strong>Applicazioni mobili<\/strong>: organizza tutte le attivit\u00e0 di manutenzione da qualsiasi dispositivo mobile. Utilizza le funzionalit\u00e0 foto\/video e la scansione di codici a barre per tenere traccia di risorse e dati, ordinare parti e gestire l&#8217;inventario<\/li>\n<li><strong>Prendi decisioni intelligenti<\/strong>: utilizza le informazioni sui dati per confrontare altri siti e giustificare le risorse per le decisioni di riparazione o sostituzione utilizzando strumenti di reporting configurabili, KPI visivi e grafici<\/li>\n<li><strong>Abilita l&#8217;integrazione IIoT<\/strong>: sfrutta la potenza dell&#8217;IIoT per identificare le risorse che richiedono manutenzione e prevedere i guasti prima che si verifichino, in modo da massimizzare i tempi di attivit\u00e0<\/li>\n<li><strong>Riduci gli sprechi<\/strong>: risparmia energia ed elimina gli sprechi con metriche e approfondimenti che ti aiutano a operare in modo efficiente<\/li>\n<li><strong>Aumenta la sicurezza e la conformit\u00e0<\/strong>: garantisci un impianto sicuro e ben mantenuto e migliora la gestione del rischio e la conformit\u00e0 con gli strumenti per individuare i problemi prima che si verifichino.<\/li>\n<\/ul>\n<h4>LE RECENSIONI DEGLI UTENTI<\/h4>\n<p class=\"font-weight-bold mb-1 d-flex align-items-center\"><strong>Franciso L.&#8221;Revisione annuale&#8221;<\/strong><\/p>\n<p><strong>Commenti: <\/strong>Sono molto soddisfatto del software e delle sue capacit\u00e0. Sarebbe bello magari avere dei video su come personalizzare gli schermi. Specialmente alcune delle caratteristiche pi\u00f9 basilari del software.<\/p>\n<p><strong>Pro: <\/strong>Questo software \u00e8 molto facile da usare rispetto ad altri sul mercato. Mi piace il fatto che ci siano molte possibilit\u00e0 per personalizzare i dati.<\/p>\n<p><strong>Contro: <\/strong>Vorrei che la sezione dei report fosse pi\u00f9 user friendly. Alcuni dei report sono un po&#8217; difficili da creare. Magari per\u00f2 questo \u00e8 solo un mio problema.<\/p>\n<p class=\"font-weight-bold mb-1 d-flex align-items-center\"><strong>Trent M.&#8221;Incredibile supporto tecnico&#8221;<\/strong><\/p>\n<p><strong>Commenti: <\/strong>Il software \u00e8 facile da usare. Mantiene organizzato il reparto di manutenzione. Soprattutto il supporto tecnico fornito da A\/E non \u00e8 secondo a nessuno. Qualunque sia il problema che abbiamo se il tecnico in linea con te non pu\u00f2 risolverlo, seguir\u00e0 il ticket dei problemi fino a quando non sar\u00e0 risolto.<\/p>\n<p><strong>Pro: <\/strong>Questo software mantiene la manutenzione dell&#8217;azienda organizzata.<\/p>\n<p><strong>Contro: <\/strong>Quello che non mi \u00e8 piaciuto di questo software \u00e8 che non l&#8217;ho trovato e implementato prima.<\/p>\n<p class=\"font-weight-bold mb-1 d-flex align-items-center\"><strong>John M.&#8221;Essenziale man mano che cresci&#8221;<\/strong><\/p>\n<p><strong>Commenti: <\/strong>Fin qui tutto bene, ne sapremo di pi\u00f9 dopo l&#8217;implementazione<\/p>\n<p><strong>Pro: <\/strong>Multiuso oltre la gestione delle strutture e la scalabilit\u00e0; pu\u00f2 essere visto come un sistema aziendale in particolare per le aziende con pi\u00f9 sedi<\/p>\n<p><strong>Contro: <\/strong>I tempi di attuazione sembravano lunghi; la comprensione della nostra attivit\u00e0 da parte del team potrebbe essere migliore.<\/p>\n","protected":false},"excerpt":{"rendered":"<p>Dude Solutions fornisce una suite di applicazioni di gestione della manutenzione basate su cloud che fornisce alle aziende richieste centralizzate, flussi di lavoro di manutenzione automatizzati e report.\u00a0Asset Essentials \u00e8 adatto a produttori, magazzini e centri di distribuzione.<\/p>\n","protected":false},"author":16,"featured_media":44370,"parent":44170,"menu_order":0,"comment_status":"open","ping_status":"closed","template":"g1_template_page_review_new.php","meta":{"_acf_changed":false,"cwp_meta_box_check":"Yes","cwp_rev_product_name":"","cwp_rev_product_image":"","wppr_links":[],"cwp_rev_price":"","wppr_options":[],"wppr_pros":[],"wppr_cons":[],"_monsterinsights_skip_tracking":false,"_monsterinsights_sitenote_active":false,"_monsterinsights_sitenote_note":"","_monsterinsights_sitenote_category":0,"footnotes":""},"categories":[6265],"tags":[396,6273,6305,6309,6272,6922,6269,6308,6271],"features":[],"class_list":{"0":"post-44369","1":"page","2":"type-page","3":"status-publish","4":"has-post-thumbnail","6":"category-software-gestione-strumenti-cat","7":"tag-cloud","8":"tag-piattaforma-gestionale-strumenti","9":"tag-piattaforma-gestione-strumenti","10":"tag-programma-gestionale-strumenti","11":"tag-programma-gestione-strumenti","12":"tag-software-gestionale-per-strumenti","13":"tag-software-gestione-strumenti","14":"tag-soluzione-gestionale-strumenti","15":"tag-soluzione-gestione-strumenti"},"wppr_data":{"cwp_meta_box_check":"Yes","cwp_rev_product_name":"","cwp_rev_product_image":"","cwp_image_link":"image","cwp_rev_price":"","wppr_rating":"0.00"},"acf":[],"yoast_head":"<!-- This site is optimized with the Yoast SEO plugin v27.4 - https:\/\/yoast.com\/product\/yoast-seo-wordpress\/ -->\n<title>Asset Essentials: recensione software gestione strumenti<\/title>\n<meta name=\"description\" content=\"Asset Essentials: recensione suite di applicazioni di gestione della manutenzione basate su cloud per produttor e centri di distribuzione.\" \/>\n<meta name=\"robots\" content=\"index, follow, max-snippet:-1, max-image-preview:large, max-video-preview:-1\" \/>\n<link rel=\"canonical\" href=\"https:\/\/www.accuratereviews.com\/it\/software-gestione-strumenti\/asset-essentials-recensione\/\" \/>\n<meta property=\"og:locale\" content=\"it_IT\" \/>\n<meta property=\"og:type\" content=\"article\" \/>\n<meta property=\"og:title\" content=\"Asset Essentials: recensione software gestione strumenti\" \/>\n<meta property=\"og:description\" content=\"Asset Essentials: recensione suite di applicazioni di gestione della manutenzione basate su cloud per produttor e centri di distribuzione.\" \/>\n<meta property=\"og:url\" content=\"https:\/\/www.accuratereviews.com\/it\/software-gestione-strumenti\/asset-essentials-recensione\/\" \/>\n<meta property=\"og:site_name\" content=\"Accurate Reviews\" \/>\n<meta property=\"og:image\" content=\"https:\/\/www.accuratereviews.com\/wp-content\/uploads\/2021\/06\/Asset-Essentials.png\" \/>\n\t<meta property=\"og:image:width\" content=\"420\" \/>\n\t<meta property=\"og:image:height\" content=\"320\" \/>\n\t<meta property=\"og:image:type\" content=\"image\/png\" \/>\n<meta name=\"twitter:card\" content=\"summary_large_image\" \/>\n<meta name=\"twitter:label1\" content=\"Tempo di lettura stimato\" \/>\n\t<meta name=\"twitter:data1\" content=\"3 minuti\" \/>\n<script type=\"application\/ld+json\" class=\"yoast-schema-graph\">{\"@context\":\"https:\\\/\\\/schema.org\",\"@graph\":[{\"@type\":\"WebPage\",\"@id\":\"https:\\\/\\\/www.accuratereviews.com\\\/it\\\/software-gestione-strumenti\\\/asset-essentials-recensione\\\/\",\"url\":\"https:\\\/\\\/www.accuratereviews.com\\\/it\\\/software-gestione-strumenti\\\/asset-essentials-recensione\\\/\",\"name\":\"Asset Essentials: recensione software gestione strumenti\",\"isPartOf\":{\"@id\":\"https:\\\/\\\/www.accuratereviews.com\\\/it\\\/#website\"},\"primaryImageOfPage\":{\"@id\":\"https:\\\/\\\/www.accuratereviews.com\\\/it\\\/software-gestione-strumenti\\\/asset-essentials-recensione\\\/#primaryimage\"},\"image\":{\"@id\":\"https:\\\/\\\/www.accuratereviews.com\\\/it\\\/software-gestione-strumenti\\\/asset-essentials-recensione\\\/#primaryimage\"},\"thumbnailUrl\":\"https:\\\/\\\/www.accuratereviews.com\\\/wp-content\\\/uploads\\\/2021\\\/06\\\/Asset-Essentials.png\",\"datePublished\":\"2021-06-18T10:37:49+00:00\",\"description\":\"Asset Essentials: recensione suite di applicazioni di gestione della manutenzione basate su cloud per produttor e centri di distribuzione.\",\"breadcrumb\":{\"@id\":\"https:\\\/\\\/www.accuratereviews.com\\\/it\\\/software-gestione-strumenti\\\/asset-essentials-recensione\\\/#breadcrumb\"},\"inLanguage\":\"it-IT\",\"potentialAction\":[{\"@type\":\"ReadAction\",\"target\":[\"https:\\\/\\\/www.accuratereviews.com\\\/it\\\/software-gestione-strumenti\\\/asset-essentials-recensione\\\/\"]}]},{\"@type\":\"ImageObject\",\"inLanguage\":\"it-IT\",\"@id\":\"https:\\\/\\\/www.accuratereviews.com\\\/it\\\/software-gestione-strumenti\\\/asset-essentials-recensione\\\/#primaryimage\",\"url\":\"https:\\\/\\\/www.accuratereviews.com\\\/wp-content\\\/uploads\\\/2021\\\/06\\\/Asset-Essentials.png\",\"contentUrl\":\"https:\\\/\\\/www.accuratereviews.com\\\/wp-content\\\/uploads\\\/2021\\\/06\\\/Asset-Essentials.png\",\"width\":420,\"height\":320},{\"@type\":\"BreadcrumbList\",\"@id\":\"https:\\\/\\\/www.accuratereviews.com\\\/it\\\/software-gestione-strumenti\\\/asset-essentials-recensione\\\/#breadcrumb\",\"itemListElement\":[{\"@type\":\"ListItem\",\"position\":1,\"name\":\"Home\",\"item\":\"https:\\\/\\\/www.accuratereviews.com\\\/it\\\/\"},{\"@type\":\"ListItem\",\"position\":2,\"name\":\"Software per la gestione degli strumenti\",\"item\":\"https:\\\/\\\/www.accuratereviews.com\\\/it\\\/software-gestione-strumenti\\\/\"},{\"@type\":\"ListItem\",\"position\":3,\"name\":\"Asset Essentials\"}]},{\"@type\":\"WebSite\",\"@id\":\"https:\\\/\\\/www.accuratereviews.com\\\/it\\\/#website\",\"url\":\"https:\\\/\\\/www.accuratereviews.com\\\/it\\\/\",\"name\":\"Accurate Reviews\",\"description\":\"\",\"potentialAction\":[{\"@type\":\"SearchAction\",\"target\":{\"@type\":\"EntryPoint\",\"urlTemplate\":\"https:\\\/\\\/www.accuratereviews.com\\\/it\\\/?s={search_term_string}\"},\"query-input\":{\"@type\":\"PropertyValueSpecification\",\"valueRequired\":true,\"valueName\":\"search_term_string\"}}],\"inLanguage\":\"it-IT\"}]}<\/script>\n<!-- \/ Yoast SEO plugin. -->","yoast_head_json":{"title":"Asset Essentials: recensione software gestione strumenti","description":"Asset Essentials: recensione suite di applicazioni di gestione della manutenzione basate su cloud per produttor e centri di distribuzione.","robots":{"index":"index","follow":"follow","max-snippet":"max-snippet:-1","max-image-preview":"max-image-preview:large","max-video-preview":"max-video-preview:-1"},"canonical":"https:\/\/www.accuratereviews.com\/it\/software-gestione-strumenti\/asset-essentials-recensione\/","og_locale":"it_IT","og_type":"article","og_title":"Asset Essentials: recensione software gestione strumenti","og_description":"Asset Essentials: recensione suite di applicazioni di gestione della manutenzione basate su cloud per produttor e centri di distribuzione.","og_url":"https:\/\/www.accuratereviews.com\/it\/software-gestione-strumenti\/asset-essentials-recensione\/","og_site_name":"Accurate Reviews","og_image":[{"width":420,"height":320,"url":"https:\/\/www.accuratereviews.com\/wp-content\/uploads\/2021\/06\/Asset-Essentials.png","type":"image\/png"}],"twitter_card":"summary_large_image","twitter_misc":{"Tempo di lettura stimato":"3 minuti"},"schema":{"@context":"https:\/\/schema.org","@graph":[{"@type":"WebPage","@id":"https:\/\/www.accuratereviews.com\/it\/software-gestione-strumenti\/asset-essentials-recensione\/","url":"https:\/\/www.accuratereviews.com\/it\/software-gestione-strumenti\/asset-essentials-recensione\/","name":"Asset Essentials: recensione software gestione strumenti","isPartOf":{"@id":"https:\/\/www.accuratereviews.com\/it\/#website"},"primaryImageOfPage":{"@id":"https:\/\/www.accuratereviews.com\/it\/software-gestione-strumenti\/asset-essentials-recensione\/#primaryimage"},"image":{"@id":"https:\/\/www.accuratereviews.com\/it\/software-gestione-strumenti\/asset-essentials-recensione\/#primaryimage"},"thumbnailUrl":"https:\/\/www.accuratereviews.com\/wp-content\/uploads\/2021\/06\/Asset-Essentials.png","datePublished":"2021-06-18T10:37:49+00:00","description":"Asset Essentials: recensione suite di applicazioni di gestione della manutenzione basate su cloud per produttor e centri di distribuzione.","breadcrumb":{"@id":"https:\/\/www.accuratereviews.com\/it\/software-gestione-strumenti\/asset-essentials-recensione\/#breadcrumb"},"inLanguage":"it-IT","potentialAction":[{"@type":"ReadAction","target":["https:\/\/www.accuratereviews.com\/it\/software-gestione-strumenti\/asset-essentials-recensione\/"]}]},{"@type":"ImageObject","inLanguage":"it-IT","@id":"https:\/\/www.accuratereviews.com\/it\/software-gestione-strumenti\/asset-essentials-recensione\/#primaryimage","url":"https:\/\/www.accuratereviews.com\/wp-content\/uploads\/2021\/06\/Asset-Essentials.png","contentUrl":"https:\/\/www.accuratereviews.com\/wp-content\/uploads\/2021\/06\/Asset-Essentials.png","width":420,"height":320},{"@type":"BreadcrumbList","@id":"https:\/\/www.accuratereviews.com\/it\/software-gestione-strumenti\/asset-essentials-recensione\/#breadcrumb","itemListElement":[{"@type":"ListItem","position":1,"name":"Home","item":"https:\/\/www.accuratereviews.com\/it\/"},{"@type":"ListItem","position":2,"name":"Software per la gestione degli strumenti","item":"https:\/\/www.accuratereviews.com\/it\/software-gestione-strumenti\/"},{"@type":"ListItem","position":3,"name":"Asset Essentials"}]},{"@type":"WebSite","@id":"https:\/\/www.accuratereviews.com\/it\/#website","url":"https:\/\/www.accuratereviews.com\/it\/","name":"Accurate Reviews","description":"","potentialAction":[{"@type":"SearchAction","target":{"@type":"EntryPoint","urlTemplate":"https:\/\/www.accuratereviews.com\/it\/?s={search_term_string}"},"query-input":{"@type":"PropertyValueSpecification","valueRequired":true,"valueName":"search_term_string"}}],"inLanguage":"it-IT"}]}},"_links":{"self":[{"href":"https:\/\/www.accuratereviews.com\/it\/wp-json\/wp\/v2\/pages\/44369","targetHints":{"allow":["GET"]}}],"collection":[{"href":"https:\/\/www.accuratereviews.com\/it\/wp-json\/wp\/v2\/pages"}],"about":[{"href":"https:\/\/www.accuratereviews.com\/it\/wp-json\/wp\/v2\/types\/page"}],"author":[{"embeddable":true,"href":"https:\/\/www.accuratereviews.com\/it\/wp-json\/wp\/v2\/users\/16"}],"replies":[{"embeddable":true,"href":"https:\/\/www.accuratereviews.com\/it\/wp-json\/wp\/v2\/comments?post=44369"}],"version-history":[{"count":8,"href":"https:\/\/www.accuratereviews.com\/it\/wp-json\/wp\/v2\/pages\/44369\/revisions"}],"predecessor-version":[{"id":44399,"href":"https:\/\/www.accuratereviews.com\/it\/wp-json\/wp\/v2\/pages\/44369\/revisions\/44399"}],"up":[{"embeddable":true,"href":"https:\/\/www.accuratereviews.com\/it\/wp-json\/wp\/v2\/pages\/44170"}],"wp:featuredmedia":[{"embeddable":true,"href":"https:\/\/www.accuratereviews.com\/it\/wp-json\/wp\/v2\/media\/44370"}],"wp:attachment":[{"href":"https:\/\/www.accuratereviews.com\/it\/wp-json\/wp\/v2\/media?parent=44369"}],"wp:term":[{"taxonomy":"category","embeddable":true,"href":"https:\/\/www.accuratereviews.com\/it\/wp-json\/wp\/v2\/categories?post=44369"},{"taxonomy":"post_tag","embeddable":true,"href":"https:\/\/www.accuratereviews.com\/it\/wp-json\/wp\/v2\/tags?post=44369"},{"taxonomy":"features","embeddable":true,"href":"https:\/\/www.accuratereviews.com\/it\/wp-json\/wp\/v2\/features?post=44369"}],"curies":[{"name":"wp","href":"https:\/\/api.w.org\/{rel}","templated":true}]}}