{"id":44377,"date":"2021-06-18T10:42:53","date_gmt":"2021-06-18T10:42:53","guid":{"rendered":"https:\/\/www.accuratereviews.com\/?page_id=44377"},"modified":"2021-06-18T10:42:53","modified_gmt":"2021-06-18T10:42:53","slug":"cheqroom-recensione","status":"publish","type":"page","link":"https:\/\/www.accuratereviews.com\/it\/software-gestione-strumenti\/cheqroom-recensione\/","title":{"rendered":"Cheqroom"},"content":{"rendered":"<p><strong>Cheqroom<\/strong> \u00e8 un <strong>sistema di gestione delle apparecchiature<\/strong> che consente alle organizzazioni, tra cui scuole, universit\u00e0, produttori di video, responsabili IT e team di costruzione, di gestire l&#8217;intero inventario da un dispositivo mobile. La piattaforma fornisce un generatore di codici QR e uno scanner che aiuta a eliminare l&#8217;errore umano, aumentando al contempo la responsabilit\u00e0 tra i dipendenti. Gli utenti possono accedere a ogni singola risorsa, segnalare le apparecchiature che necessitano di riparazione, programmare la manutenzione regolare e altro ancora. Il software\u00a0aiuta a eliminare i fogli di calcolo utilizzando etichette con codice QR e uno scanner integrato per l&#8217;inserimento istantaneo dei dati. Il check-in self-service per le apparecchiature consente alle persone di accedere ed effettuare prenotazioni o check-out da soli. L&#8217;interfaccia della soluzione si integra perfettamente con qualsiasi applicazione di calendario, consentendo agli utenti di rivedere tutte le prenotazioni per giorno, settimana e mese.<\/p>\n<h2>CHEQROOM &#8211; TUTORIAL<\/h2>\n<p>Guardiamo questo breve tutorial che illustra le funzioni principali di questo <strong>software di gestione strumenti:<\/strong><\/p>\n<div id=\"fluid-wrapper-counter-1\" class=\"g1-fluid-wrapper \" style=\"width:686px;\">\n<div style=\"padding-bottom:56.268221574344%;\"><iframe loading=\"lazy\" title=\"Asset tracking with CHEQROOM (1-min demo)\" width=\"686\" height=\"386\" src=\"https:\/\/www.youtube.com\/embed\/O4B86DuMmPI?feature=oembed&amp;wmode=transparent&amp;autohide=1&amp;autoplay=0&amp;disablekb=0&amp;fs=1&amp;loop=0&amp;enablejsapi=1&amp;rel=0&amp;controls=2&amp;showinfo=0&amp;wmode=transparent&amp;autohide=2&amp;autoplay=0&amp;disablekb=0&amp;fs=1&amp;loop=0&amp;enablejsapi=1&amp;rel=0&amp;controls=2&amp;showinfo=1\" frameborder=\"0\" allow=\"accelerometer; autoplay; clipboard-write; encrypted-media; gyroscope; picture-in-picture\" allowfullscreen><\/iframe><\/div>\n<\/div>\n<h3>CHEQROOM &#8211; CARATTERISTICHE<\/h3>\n<ul>\n<li><strong>Monitoraggio delle risorse<\/strong>: scansiona l&#8217;attrezzatura tramite codice a barre o QR code e tieni traccia dell&#8217;ultima volta che l&#8217;attrezzatura \u00e8 stata vista<\/li>\n<li><strong>Rapporti<\/strong>: genera report per tenere il passo con l&#8217;utilizzo delle apparecchiature, l&#8217;ammortamento e la garanzia<\/li>\n<li><strong>Prenotazione<\/strong>: pianifica e monitora la tua attrezzatura online utilizzando l&#8217;affidabile app di prenotazione<\/li>\n<li><strong>Gestione delle risorse<\/strong>: conserva registrazioni meticolose di tutte le tue apparecchiature in un&#8217;unica piattaforma centralizzata su desktop o mobile<\/li>\n<li><strong>Programmazione<\/strong>: semplifica e ottimizza le prenotazioni delle tue attrezzature e visualizza la disponibilit\u00e0 in un calendario condiviso<\/li>\n<li><strong>Manutenzione dell&#8217;equipaggiamento<\/strong>: esegui la manutenzione preventiva per tutte le tue apparecchiature e mantienile sempre in ottimo stato<\/li>\n<li><strong>Scanner integrato<\/strong>: usa il tuo telefono per scansionare QR code e codici a barre delle risorse con la app mobile. Non \u00e8 necessario acquistare alcun hardware<\/li>\n<li><strong>App per dispositivi mobili:<\/strong> gestisci la tua attrezzatura alla scrivania o in viaggio utilizzando il tuo telefono o tablet.<\/li>\n<\/ul>\n<h4>LE RECENSIONI DEGLI UTENTI<\/h4>\n<p class=\"font-weight-bold mb-1 d-flex align-items-center\"><strong>Judi W.&#8221;Gestione delle attrezzature&#8221;<\/strong><\/p>\n<p><strong>Commenti: <\/strong>CheqRoom \u00e8 stato abbastanza conveniente. Sebbene la versione mobile non sia affidabile quanto la versione desktop, serve al suo scopo. Ne ricaviamo molto vantaggio.<\/p>\n<p><strong>Pro: <\/strong>Mi piace la funzione di scansione del codice QR. Elimina completamente la necessit\u00e0 di scartoffie. Usare cheqroom mi fa risparmiare tempo. Inoltre, \u00e8 uno strumento preciso e sempre aggiornato.<\/p>\n<p><strong>Contro: <\/strong>Il software mobile non funziona sempre come funziona la versione desktop. Tende ad essere un fallato e si chiude casualmente. Inoltre, tende a diventare irritante il fatto che l&#8217;ora alla data di scadenza debba sempre essere reimpostata.<\/p>\n<p class=\"font-weight-bold mb-1 d-flex align-items-center\"><strong>Matthew V.&#8221;Software funzionale, flessibile e affidabile. Ottimo servizio clienti.&#8221;<\/strong><\/p>\n<p><strong>Commenti: <\/strong>Abbiamo 20 utenti giornalieri e altri 20 utenti occasionali e alcune centinaia di elementi da monitorare. CheQRoom funziona perfettamente ogni giorno, ogni ora. Affidabile. E se qualcosa sembra sbagliato, il servizio clienti \u00e8 molto buono.<\/p>\n<p><strong>Pro: <\/strong>CheQRoom funziona alla grande per noi. Stabile, funzionale, ha tutte le caratteristiche e le opzioni di cui abbiamo bisogno. Quando abbiamo domande o problemi, il servizio clienti \u00e8 estremamente buono: veloce, molto competente, molto cordiale.<\/p>\n<p><strong>Contro: <\/strong>L&#8217;usabilit\u00e0 dell&#8217;interfaccia utente \u00e8 buona, non eccezionale. Anche alcuni utenti esperti commettono occasionalmente errori operativi perch\u00e9 il pulsante o la funzione giusta non \u00e8 prominente su determinate pagine o schermate.<\/p>\n<p class=\"font-weight-bold mb-1 d-flex align-items-center\"><strong>Mary L.&#8221;Ottimo prodotto per il monitoraggio dell&#8217;attrezzatura in prestito&#8221;<\/strong><\/p>\n<p><strong>Commenti: <\/strong>Ho appena iniziato a utilizzare il programma per il mio centro di lavoro dopo essere passato da un altro programma. Ci \u00e8 voluto un po&#8217; per abituarsi perch\u00e9 era diverso dall&#8217;altro, ma ora mi sto divertendo. Il punto principale \u00e8 che so dov&#8217;\u00e8 la mia attrezzatura e questo \u00e8 molto importante!<\/p>\n<p><strong>Pro: <\/strong>Questo software \u00e8 facile da usare e abbastanza intuitivo. Consente alla mia organizzazione di effettuare registrazioni di checkout e prenotazione, nonch\u00e9 di conservare i dettagli su tutti i nostri attrezzi in prestito. Mi piace che sia facile personalizzare le informazioni da soli o con il loro aiuto. Il supporto \u00e8 molto utile se necessario.<\/p>\n<p><strong>Contro: <\/strong>Niente in questo momento. Mi piace il software.<\/p>\n","protected":false},"excerpt":{"rendered":"<p>Cheqroom \u00e8 un sistema di gestione delle apparecchiature che consente alle organizzazioni, tra cui scuole, universit\u00e0, produttori di video, responsabili IT e team di costruzione, di gestire l&#8217;intero inventario da un dispositivo mobile. La piattaforma fornisce un generatore di codici QR e uno scanner che aiuta a eliminare l&#8217;errore umano, aumentando al contempo la responsabilit\u00e0 tra i dipendenti.<\/p>\n","protected":false},"author":16,"featured_media":44378,"parent":44170,"menu_order":0,"comment_status":"closed","ping_status":"closed","template":"g1_template_page_review_new.php","meta":{"_acf_changed":false,"cwp_meta_box_check":"Yes","cwp_rev_product_name":"","cwp_rev_product_image":"","wppr_links":[],"cwp_rev_price":"","wppr_options":[],"wppr_pros":[],"wppr_cons":[],"_monsterinsights_skip_tracking":false,"_monsterinsights_sitenote_active":false,"_monsterinsights_sitenote_note":"","_monsterinsights_sitenote_category":0,"footnotes":""},"categories":[6265],"tags":[6921,396,6273,6305,6309,6272,6307,6269,6308,6271],"features":[],"class_list":{"0":"post-44377","1":"page","2":"type-page","3":"status-publish","4":"has-post-thumbnail","6":"category-software-gestione-strumenti-cat","7":"tag-cheqroom","8":"tag-cloud","9":"tag-piattaforma-gestionale-strumenti","10":"tag-piattaforma-gestione-strumenti","11":"tag-programma-gestionale-strumenti","12":"tag-programma-gestione-strumenti","13":"tag-software-gestionale-strumenti","14":"tag-software-gestione-strumenti","15":"tag-soluzione-gestionale-strumenti","16":"tag-soluzione-gestione-strumenti"},"wppr_data":{"cwp_meta_box_check":"Yes","cwp_rev_product_name":"","cwp_rev_product_image":"","cwp_image_link":"image","cwp_rev_price":"","wppr_rating":"0.00"},"acf":[],"yoast_head":"<!-- This site is optimized with the Yoast SEO plugin v27.4 - https:\/\/yoast.com\/product\/yoast-seo-wordpress\/ -->\n<title>Cheqroom: recensione software gestione strumenti - Accurate Reviews<\/title>\n<meta name=\"description\" content=\"Cheqroom: recensione sistema di gestione delle apparecchiature che consente di organizzare l&#039;intero inventario da un dispositivo mobile.\" \/>\n<meta name=\"robots\" content=\"index, follow, max-snippet:-1, max-image-preview:large, max-video-preview:-1\" \/>\n<link rel=\"canonical\" href=\"https:\/\/www.accuratereviews.com\/it\/software-gestione-strumenti\/cheqroom-recensione\/\" \/>\n<meta property=\"og:locale\" content=\"it_IT\" \/>\n<meta property=\"og:type\" content=\"article\" \/>\n<meta property=\"og:title\" content=\"Cheqroom: recensione software gestione strumenti - Accurate Reviews\" \/>\n<meta property=\"og:description\" content=\"Cheqroom: recensione sistema di gestione delle apparecchiature che consente di organizzare l&#039;intero inventario da un dispositivo mobile.\" \/>\n<meta property=\"og:url\" content=\"https:\/\/www.accuratereviews.com\/it\/software-gestione-strumenti\/cheqroom-recensione\/\" \/>\n<meta property=\"og:site_name\" content=\"Accurate Reviews\" \/>\n<meta property=\"og:image\" content=\"https:\/\/www.accuratereviews.com\/wp-content\/uploads\/2021\/06\/Cheqroom.png\" \/>\n\t<meta property=\"og:image:width\" content=\"400\" \/>\n\t<meta property=\"og:image:height\" content=\"400\" \/>\n\t<meta property=\"og:image:type\" content=\"image\/png\" \/>\n<meta name=\"twitter:card\" content=\"summary_large_image\" \/>\n<meta name=\"twitter:label1\" content=\"Tempo di lettura stimato\" \/>\n\t<meta name=\"twitter:data1\" content=\"3 minuti\" \/>\n<script type=\"application\/ld+json\" class=\"yoast-schema-graph\">{\"@context\":\"https:\\\/\\\/schema.org\",\"@graph\":[{\"@type\":\"WebPage\",\"@id\":\"https:\\\/\\\/www.accuratereviews.com\\\/it\\\/software-gestione-strumenti\\\/cheqroom-recensione\\\/\",\"url\":\"https:\\\/\\\/www.accuratereviews.com\\\/it\\\/software-gestione-strumenti\\\/cheqroom-recensione\\\/\",\"name\":\"Cheqroom: recensione software gestione strumenti - Accurate Reviews\",\"isPartOf\":{\"@id\":\"https:\\\/\\\/www.accuratereviews.com\\\/it\\\/#website\"},\"primaryImageOfPage\":{\"@id\":\"https:\\\/\\\/www.accuratereviews.com\\\/it\\\/software-gestione-strumenti\\\/cheqroom-recensione\\\/#primaryimage\"},\"image\":{\"@id\":\"https:\\\/\\\/www.accuratereviews.com\\\/it\\\/software-gestione-strumenti\\\/cheqroom-recensione\\\/#primaryimage\"},\"thumbnailUrl\":\"https:\\\/\\\/www.accuratereviews.com\\\/wp-content\\\/uploads\\\/2021\\\/06\\\/Cheqroom.png\",\"datePublished\":\"2021-06-18T10:42:53+00:00\",\"description\":\"Cheqroom: recensione sistema di gestione delle apparecchiature che consente di organizzare l'intero inventario da un dispositivo mobile.\",\"breadcrumb\":{\"@id\":\"https:\\\/\\\/www.accuratereviews.com\\\/it\\\/software-gestione-strumenti\\\/cheqroom-recensione\\\/#breadcrumb\"},\"inLanguage\":\"it-IT\",\"potentialAction\":[{\"@type\":\"ReadAction\",\"target\":[\"https:\\\/\\\/www.accuratereviews.com\\\/it\\\/software-gestione-strumenti\\\/cheqroom-recensione\\\/\"]}]},{\"@type\":\"ImageObject\",\"inLanguage\":\"it-IT\",\"@id\":\"https:\\\/\\\/www.accuratereviews.com\\\/it\\\/software-gestione-strumenti\\\/cheqroom-recensione\\\/#primaryimage\",\"url\":\"https:\\\/\\\/www.accuratereviews.com\\\/wp-content\\\/uploads\\\/2021\\\/06\\\/Cheqroom.png\",\"contentUrl\":\"https:\\\/\\\/www.accuratereviews.com\\\/wp-content\\\/uploads\\\/2021\\\/06\\\/Cheqroom.png\",\"width\":400,\"height\":400},{\"@type\":\"BreadcrumbList\",\"@id\":\"https:\\\/\\\/www.accuratereviews.com\\\/it\\\/software-gestione-strumenti\\\/cheqroom-recensione\\\/#breadcrumb\",\"itemListElement\":[{\"@type\":\"ListItem\",\"position\":1,\"name\":\"Home\",\"item\":\"https:\\\/\\\/www.accuratereviews.com\\\/it\\\/\"},{\"@type\":\"ListItem\",\"position\":2,\"name\":\"Software per la gestione degli strumenti\",\"item\":\"https:\\\/\\\/www.accuratereviews.com\\\/it\\\/software-gestione-strumenti\\\/\"},{\"@type\":\"ListItem\",\"position\":3,\"name\":\"Cheqroom\"}]},{\"@type\":\"WebSite\",\"@id\":\"https:\\\/\\\/www.accuratereviews.com\\\/it\\\/#website\",\"url\":\"https:\\\/\\\/www.accuratereviews.com\\\/it\\\/\",\"name\":\"Accurate Reviews\",\"description\":\"\",\"potentialAction\":[{\"@type\":\"SearchAction\",\"target\":{\"@type\":\"EntryPoint\",\"urlTemplate\":\"https:\\\/\\\/www.accuratereviews.com\\\/it\\\/?s={search_term_string}\"},\"query-input\":{\"@type\":\"PropertyValueSpecification\",\"valueRequired\":true,\"valueName\":\"search_term_string\"}}],\"inLanguage\":\"it-IT\"}]}<\/script>\n<!-- \/ Yoast SEO plugin. -->","yoast_head_json":{"title":"Cheqroom: recensione software gestione strumenti - Accurate Reviews","description":"Cheqroom: recensione sistema di gestione delle apparecchiature che consente di organizzare l'intero inventario da un dispositivo mobile.","robots":{"index":"index","follow":"follow","max-snippet":"max-snippet:-1","max-image-preview":"max-image-preview:large","max-video-preview":"max-video-preview:-1"},"canonical":"https:\/\/www.accuratereviews.com\/it\/software-gestione-strumenti\/cheqroom-recensione\/","og_locale":"it_IT","og_type":"article","og_title":"Cheqroom: recensione software gestione strumenti - Accurate Reviews","og_description":"Cheqroom: recensione sistema di gestione delle apparecchiature che consente di organizzare l'intero inventario da un dispositivo mobile.","og_url":"https:\/\/www.accuratereviews.com\/it\/software-gestione-strumenti\/cheqroom-recensione\/","og_site_name":"Accurate Reviews","og_image":[{"width":400,"height":400,"url":"https:\/\/www.accuratereviews.com\/wp-content\/uploads\/2021\/06\/Cheqroom.png","type":"image\/png"}],"twitter_card":"summary_large_image","twitter_misc":{"Tempo di lettura stimato":"3 minuti"},"schema":{"@context":"https:\/\/schema.org","@graph":[{"@type":"WebPage","@id":"https:\/\/www.accuratereviews.com\/it\/software-gestione-strumenti\/cheqroom-recensione\/","url":"https:\/\/www.accuratereviews.com\/it\/software-gestione-strumenti\/cheqroom-recensione\/","name":"Cheqroom: recensione software gestione strumenti - Accurate Reviews","isPartOf":{"@id":"https:\/\/www.accuratereviews.com\/it\/#website"},"primaryImageOfPage":{"@id":"https:\/\/www.accuratereviews.com\/it\/software-gestione-strumenti\/cheqroom-recensione\/#primaryimage"},"image":{"@id":"https:\/\/www.accuratereviews.com\/it\/software-gestione-strumenti\/cheqroom-recensione\/#primaryimage"},"thumbnailUrl":"https:\/\/www.accuratereviews.com\/wp-content\/uploads\/2021\/06\/Cheqroom.png","datePublished":"2021-06-18T10:42:53+00:00","description":"Cheqroom: recensione sistema di gestione delle apparecchiature che consente di organizzare l'intero inventario da un dispositivo mobile.","breadcrumb":{"@id":"https:\/\/www.accuratereviews.com\/it\/software-gestione-strumenti\/cheqroom-recensione\/#breadcrumb"},"inLanguage":"it-IT","potentialAction":[{"@type":"ReadAction","target":["https:\/\/www.accuratereviews.com\/it\/software-gestione-strumenti\/cheqroom-recensione\/"]}]},{"@type":"ImageObject","inLanguage":"it-IT","@id":"https:\/\/www.accuratereviews.com\/it\/software-gestione-strumenti\/cheqroom-recensione\/#primaryimage","url":"https:\/\/www.accuratereviews.com\/wp-content\/uploads\/2021\/06\/Cheqroom.png","contentUrl":"https:\/\/www.accuratereviews.com\/wp-content\/uploads\/2021\/06\/Cheqroom.png","width":400,"height":400},{"@type":"BreadcrumbList","@id":"https:\/\/www.accuratereviews.com\/it\/software-gestione-strumenti\/cheqroom-recensione\/#breadcrumb","itemListElement":[{"@type":"ListItem","position":1,"name":"Home","item":"https:\/\/www.accuratereviews.com\/it\/"},{"@type":"ListItem","position":2,"name":"Software per la gestione degli strumenti","item":"https:\/\/www.accuratereviews.com\/it\/software-gestione-strumenti\/"},{"@type":"ListItem","position":3,"name":"Cheqroom"}]},{"@type":"WebSite","@id":"https:\/\/www.accuratereviews.com\/it\/#website","url":"https:\/\/www.accuratereviews.com\/it\/","name":"Accurate Reviews","description":"","potentialAction":[{"@type":"SearchAction","target":{"@type":"EntryPoint","urlTemplate":"https:\/\/www.accuratereviews.com\/it\/?s={search_term_string}"},"query-input":{"@type":"PropertyValueSpecification","valueRequired":true,"valueName":"search_term_string"}}],"inLanguage":"it-IT"}]}},"_links":{"self":[{"href":"https:\/\/www.accuratereviews.com\/it\/wp-json\/wp\/v2\/pages\/44377","targetHints":{"allow":["GET"]}}],"collection":[{"href":"https:\/\/www.accuratereviews.com\/it\/wp-json\/wp\/v2\/pages"}],"about":[{"href":"https:\/\/www.accuratereviews.com\/it\/wp-json\/wp\/v2\/types\/page"}],"author":[{"embeddable":true,"href":"https:\/\/www.accuratereviews.com\/it\/wp-json\/wp\/v2\/users\/16"}],"replies":[{"embeddable":true,"href":"https:\/\/www.accuratereviews.com\/it\/wp-json\/wp\/v2\/comments?post=44377"}],"version-history":[{"count":8,"href":"https:\/\/www.accuratereviews.com\/it\/wp-json\/wp\/v2\/pages\/44377\/revisions"}],"predecessor-version":[{"id":44401,"href":"https:\/\/www.accuratereviews.com\/it\/wp-json\/wp\/v2\/pages\/44377\/revisions\/44401"}],"up":[{"embeddable":true,"href":"https:\/\/www.accuratereviews.com\/it\/wp-json\/wp\/v2\/pages\/44170"}],"wp:featuredmedia":[{"embeddable":true,"href":"https:\/\/www.accuratereviews.com\/it\/wp-json\/wp\/v2\/media\/44378"}],"wp:attachment":[{"href":"https:\/\/www.accuratereviews.com\/it\/wp-json\/wp\/v2\/media?parent=44377"}],"wp:term":[{"taxonomy":"category","embeddable":true,"href":"https:\/\/www.accuratereviews.com\/it\/wp-json\/wp\/v2\/categories?post=44377"},{"taxonomy":"post_tag","embeddable":true,"href":"https:\/\/www.accuratereviews.com\/it\/wp-json\/wp\/v2\/tags?post=44377"},{"taxonomy":"features","embeddable":true,"href":"https:\/\/www.accuratereviews.com\/it\/wp-json\/wp\/v2\/features?post=44377"}],"curies":[{"name":"wp","href":"https:\/\/api.w.org\/{rel}","templated":true}]}}