{"id":44411,"date":"2021-06-21T10:45:40","date_gmt":"2021-06-21T10:45:40","guid":{"rendered":"https:\/\/www.accuratereviews.com\/?page_id=44411"},"modified":"2021-06-21T10:45:40","modified_gmt":"2021-06-21T10:45:40","slug":"limble-cmms-recensione","status":"publish","type":"page","link":"https:\/\/www.accuratereviews.com\/it\/software-gestione-strumenti\/limble-cmms-recensione\/","title":{"rendered":"Limble CMMS"},"content":{"rendered":"<p><strong>Limble CMMS<\/strong>\u00a0sistema di <strong>gestione della manutenzione computerizzato<\/strong>, basato su <strong>cloud<\/strong> \u00a0\u00e8 progettato per soddisfare le PMI in diversi settori. Questo software ricco di funzionalit\u00e0 \u00e8 dotato di numerose caratteristiche che includono la manutenzione preventiva, la gestione delle risorse e la gestione degli ordini di lavoro. Permette agli utenti di assegnare, monitorare e documentare ogni attivit\u00e0 di manutenzione in tempo reale tenere cos\u00ec traccia di quanto lavoro viene svolto e quanto costa. Il programma rende semplice e veloce per gli utenti raccogliere informazioni e aggiornare i dati esistenti scattando foto, caricando documenti, seguendo le letture dei contatori, annotando le date e inserendo nuovi ordini di lavoro. I tuoi dipendenti vengono immediatamente informati se e quando sono necessarie riparazioni sulle strutture della tua azienda. Il software invia avvisi in tempo reale ai dispositivi mobili dei tuoi lavoratori in modo che possano rispondere immediatamente e affrontare la situazione.<\/p>\n<h2>LIMBLE CMMS &#8211; TUTORIAL<\/h2>\n<p>Questo video ti insegner\u00e0 come insegnare al tuo team a inserire buoni dati in questo software di gestione degli strumenti e come utilizzare le dashboard per monitorare i tuoi progressi:<\/p>\n<div id=\"fluid-wrapper-counter-1\" class=\"g1-fluid-wrapper \" style=\"width:686px;\">\n<div style=\"padding-bottom:56.268221574344%;\"><iframe loading=\"lazy\" title=\"How to Get Good Data in Limble\" width=\"686\" height=\"386\" src=\"https:\/\/www.youtube.com\/embed\/LxyIhdTbJEo?feature=oembed&amp;wmode=transparent&amp;autohide=1&amp;autoplay=0&amp;disablekb=0&amp;fs=1&amp;loop=0&amp;enablejsapi=1&amp;rel=0&amp;controls=2&amp;showinfo=0&amp;wmode=transparent&amp;autohide=2&amp;autoplay=0&amp;disablekb=0&amp;fs=1&amp;loop=0&amp;enablejsapi=1&amp;rel=0&amp;controls=2&amp;showinfo=1\" frameborder=\"0\" allow=\"accelerometer; autoplay; clipboard-write; encrypted-media; gyroscope; picture-in-picture\" allowfullscreen><\/iframe><\/div>\n<\/div>\n<h3>LIMBLE CMMS &#8211; CARATTERISTICHE<\/h3>\n<ul>\n<li>Visualizza gli ordini di lavoro e i PM assegnati<\/li>\n<li>Registra gli ordini di lavoro in meno di 60 secondi<\/li>\n<li>Ricevi comunicazioni istantanee tramite notifiche push ed email<\/li>\n<li>Inizia nuovi ordini di lavoro mentre sei sul campo<\/li>\n<li>Rispondi e registra i problemi mentre si lavora effettivamente sul problema<\/li>\n<li>Cerca le informazioni sulle risorse critiche durante la diagnosi di un problema<\/li>\n<li>Conosci lo stato dei tuoi beni in ogni momento e quanto ti costano<\/li>\n<li>Visualizza i registri di manutenzione completi e dettagliati<\/li>\n<li>Tieni traccia solo di ci\u00f2 che desideri con campi personalizzati illimitati<\/li>\n<li>Organizza le tue risorse in una chiara gerarchia padre-figlio<\/li>\n<li>Visualizza report dettagliati in tempo reale con KPI come MTTR, MTBF, ecc&#8230;<\/li>\n<li>Trova informazioni rapidamente e facilmente con i QR code<\/li>\n<li>Ricevi dati sulle risorse in tempo reale con la connettivit\u00e0 del sensore<\/li>\n<li>Scopri dove vengono spesi i tuoi soldi e quale risorsa costa di pi\u00f9 e perch\u00e9<\/li>\n<li>Crea i tuoi KPI personalizzati<\/li>\n<li>Visualizza i KPI di manutenzione critici come MTTR, MTBF, ecc&#8230;<\/li>\n<li>Allega immagini o file<\/li>\n<li>Visualizza i rapporti che vengono generati e aggiornati automaticamente in base alle tue metriche e condividili tramite fogli Excel, PDF o all&#8217;interno di Limble.<\/li>\n<\/ul>\n<h4>LE RECENSIONI DEGLI UTENTI<\/h4>\n<p class=\"font-weight-bold mb-1 d-flex align-items-center\"><strong>Nicole C.&#8221;Facile da configurare e implementare&#8221;<\/strong><\/p>\n<p><strong>Commenti:<\/strong>\u00a0QR code e notifiche, tracciamento di WO pianificati e non pianificati. Inseriamo \u00a0QR code negli uffici del 3 edificio che abbiamo, cos\u00ec il personale dell&#8217;ufficio ha la possibilit\u00e0 di segnalare i problemi.<\/p>\n<p><strong>Pro: <\/strong>Molto facile da configurare, avevamo tutte le nostre attrezzature in un foglio di calcolo excel che ha reso molto facile caricare le macchine.<\/p>\n<p><strong>Contro: <\/strong>Desidero che un&#8217;attivit\u00e0 venga visualizzata pi\u00f9 giorni sul calendario quando l&#8217;attivit\u00e0 lo richiede.<\/p>\n<p class=\"font-weight-bold mb-1 d-flex align-items-center\"><strong>Rick D.&#8221;Soluzione CMMS robusta e ricca di funzionalit\u00e0, semplificata a un prezzo imbattibile&#8221;<\/strong><\/p>\n<p><strong>Commenti: <\/strong>Il nostro precedente software CMMS era molto ingombrante e aveva pochissime comunicazioni con i clienti. Con Limble il cliente viene tenuto ben informato sui progressi e siamo in grado di includere un collegamento al sondaggio quando viene inviata l&#8217;email completa. Abbiamo per la prima volta funzionalit\u00e0 di reporting che ci consentono di conoscere il numero e i tipi di richieste di lavoro elaborate insieme al costo della manodopera e dei materiali spesi. Non solo stiamo fornendo una migliore esperienza del cliente, siamo in grado di documentare la quantit\u00e0 di lavoro che il reparto sta elaborando a supporto della nostra richiesta di ulteriore organico.<\/p>\n<p><strong>Pro: <\/strong>Ci\u00f2 che ha fatto risaltare Limble \u00e8 stato il fatto che aveva tutte le funzionalit\u00e0 di cui avevamo bisogno racchiuse in uno strumento intuitivo e facile da navigare, evitando inutili complessit\u00e0. Il software \u00e8 in grado di sincronizzarsi con il nostro software HR (azure e UltiPro). Evita inoltre la complessit\u00e0 dei firewall utilizzando un URL per la creazione e la gestione delle richieste di lavoro, il che facilita enormemente l&#8217;implementazione. Essendo stato coinvolto in numerose implementazioni di software CMMS, ho apprezzato il fatto che Limble fornisca tutte le funzionalit\u00e0 di cui avevamo bisogno, inclusi programmi PM personalizzati, numerosi cicli di feedback dei clienti, accesso di appaltatori di terze parti per completare le richieste di lavoro, reportistica standard e personalizzata, un collegamento al sondaggio per ogni ordine di lavoro completato e la disponibilit\u00e0 dell&#8217;applicazione mobile.<\/p>\n<p><strong>Contro: <\/strong>Non abbiamo scoperto nulla di importante che necessita di miglioramenti. Ci sono opportunit\u00e0 per future modifiche, ma queste sono minori. La Feature Request Board cattura meravigliosamente questo.<\/p>\n<p class=\"font-weight-bold mb-1 d-flex align-items-center\"><strong>Chris U.&#8221;Grandi funzioni e notifiche&#8221;<\/strong><\/p>\n<p><strong>Commenti: <\/strong>nel complesso \u00e8 stato ottimo, la mobilit\u00e0 e la condivisione delle attivit\u00e0 sono utili. il servizio clienti e la rapidit\u00e0 di risoluzione dei problemi sono stati eccezionali.<\/p>\n<p><strong>Pro: <\/strong>Scansione QR!!!! davvero utile per asset che sono impostati per iniziare ordini di lavoro o semplicemente informazioni generali.<br \/>\nla dashboard personalizzata \u00e8 fantastica che puoi dettagliare ci\u00f2 che vuoi vedere a colpo d&#8217;occhio<br \/>\nreportistica o fogli di calcolo per le agenzie di regolamentazione. essere in grado di consentire l&#8217;accesso ai revisori per rivedere gli ordini di lavoro, molto utile nell&#8217;organizzazione di dati, lavoro, fatture e molto altro.<\/p>\n<p><strong>Contro: <\/strong>il software \u00e8 fantastico, ma dal momento che abbiamo cos\u00ec tanto inventario\/risorse la configurazione iniziale si \u00e8 confusa con i beni dei titolari&#8230; detto questo, il servizio clienti per lanciarci \u00e8 stata una buona esperienza. Dovrei menzionare che abbiamo pi\u00f9 inquilini, clienti, dipendenti e revisori nel nostro settore, quindi l&#8217;attivit\u00e0 stessa era scoraggiante da avviare.<\/p>\n","protected":false},"excerpt":{"rendered":"<p>Limble CMMS\u00a0sistema di gestione della manutenzione computerizzato, basato su cloud \u00a0\u00e8 progettato per soddisfare le PMI in diversi settori. Questo software ricco di funzionalit\u00e0 \u00e8 dotato di numerose caratteristiche che includono la manutenzione preventiva, la gestione delle risorse e la gestione degli ordini di lavoro.<\/p>\n","protected":false},"author":16,"featured_media":44412,"parent":44170,"menu_order":0,"comment_status":"open","ping_status":"closed","template":"g1_template_page_review_new.php","meta":{"_acf_changed":false,"cwp_meta_box_check":"Yes","cwp_rev_product_name":"","cwp_rev_product_image":"","wppr_links":[],"cwp_rev_price":"","wppr_options":[],"wppr_pros":[],"wppr_cons":[],"_monsterinsights_skip_tracking":false,"_monsterinsights_sitenote_active":false,"_monsterinsights_sitenote_note":"","_monsterinsights_sitenote_category":0,"footnotes":""},"categories":[6265],"tags":[396,7817,6305,6272,6269,6271],"features":[],"class_list":{"0":"post-44411","1":"page","2":"type-page","3":"status-publish","4":"has-post-thumbnail","6":"category-software-gestione-strumenti-cat","7":"tag-cloud","8":"tag-limble-cmms","9":"tag-piattaforma-gestione-strumenti","10":"tag-programma-gestione-strumenti","11":"tag-software-gestione-strumenti","12":"tag-soluzione-gestione-strumenti"},"wppr_data":{"cwp_meta_box_check":"Yes","cwp_rev_product_name":"","cwp_rev_product_image":"","cwp_image_link":"image","cwp_rev_price":"","wppr_rating":"0.00"},"acf":[],"yoast_head":"<!-- This site is optimized with the Yoast SEO plugin v27.4 - https:\/\/yoast.com\/product\/yoast-seo-wordpress\/ -->\n<title>Limble CMMS: recensione software gestione strumenti - Accurate Reviews<\/title>\n<meta name=\"description\" content=\"Limble CMMS: recensione\u00a0sistema di gestione della manutenzione computerizzato, basato su cloud e progettato per le PMI in diversi settori.\" \/>\n<meta name=\"robots\" content=\"index, follow, max-snippet:-1, max-image-preview:large, max-video-preview:-1\" \/>\n<link rel=\"canonical\" href=\"https:\/\/www.accuratereviews.com\/it\/software-gestione-strumenti\/limble-cmms-recensione\/\" \/>\n<meta property=\"og:locale\" content=\"it_IT\" \/>\n<meta property=\"og:type\" content=\"article\" \/>\n<meta property=\"og:title\" content=\"Limble CMMS: recensione software gestione strumenti - Accurate Reviews\" \/>\n<meta property=\"og:description\" content=\"Limble CMMS: recensione\u00a0sistema di gestione della manutenzione computerizzato, basato su cloud e progettato per le PMI in diversi settori.\" \/>\n<meta property=\"og:url\" content=\"https:\/\/www.accuratereviews.com\/it\/software-gestione-strumenti\/limble-cmms-recensione\/\" \/>\n<meta property=\"og:site_name\" content=\"Accurate Reviews\" \/>\n<meta property=\"og:image\" content=\"https:\/\/www.accuratereviews.com\/wp-content\/uploads\/2021\/06\/limble.jpg\" \/>\n\t<meta property=\"og:image:width\" content=\"225\" \/>\n\t<meta property=\"og:image:height\" content=\"225\" \/>\n\t<meta property=\"og:image:type\" content=\"image\/jpeg\" \/>\n<meta name=\"twitter:card\" content=\"summary_large_image\" \/>\n<meta name=\"twitter:label1\" content=\"Tempo di lettura stimato\" \/>\n\t<meta name=\"twitter:data1\" content=\"4 minuti\" \/>\n<script type=\"application\/ld+json\" class=\"yoast-schema-graph\">{\"@context\":\"https:\\\/\\\/schema.org\",\"@graph\":[{\"@type\":\"WebPage\",\"@id\":\"https:\\\/\\\/www.accuratereviews.com\\\/it\\\/software-gestione-strumenti\\\/limble-cmms-recensione\\\/\",\"url\":\"https:\\\/\\\/www.accuratereviews.com\\\/it\\\/software-gestione-strumenti\\\/limble-cmms-recensione\\\/\",\"name\":\"Limble CMMS: recensione software gestione strumenti - Accurate Reviews\",\"isPartOf\":{\"@id\":\"https:\\\/\\\/www.accuratereviews.com\\\/it\\\/#website\"},\"primaryImageOfPage\":{\"@id\":\"https:\\\/\\\/www.accuratereviews.com\\\/it\\\/software-gestione-strumenti\\\/limble-cmms-recensione\\\/#primaryimage\"},\"image\":{\"@id\":\"https:\\\/\\\/www.accuratereviews.com\\\/it\\\/software-gestione-strumenti\\\/limble-cmms-recensione\\\/#primaryimage\"},\"thumbnailUrl\":\"https:\\\/\\\/www.accuratereviews.com\\\/wp-content\\\/uploads\\\/2021\\\/06\\\/limble.jpg\",\"datePublished\":\"2021-06-21T10:45:40+00:00\",\"description\":\"Limble CMMS: recensione\u00a0sistema di gestione della manutenzione computerizzato, basato su cloud e progettato per le PMI in diversi settori.\",\"breadcrumb\":{\"@id\":\"https:\\\/\\\/www.accuratereviews.com\\\/it\\\/software-gestione-strumenti\\\/limble-cmms-recensione\\\/#breadcrumb\"},\"inLanguage\":\"it-IT\",\"potentialAction\":[{\"@type\":\"ReadAction\",\"target\":[\"https:\\\/\\\/www.accuratereviews.com\\\/it\\\/software-gestione-strumenti\\\/limble-cmms-recensione\\\/\"]}]},{\"@type\":\"ImageObject\",\"inLanguage\":\"it-IT\",\"@id\":\"https:\\\/\\\/www.accuratereviews.com\\\/it\\\/software-gestione-strumenti\\\/limble-cmms-recensione\\\/#primaryimage\",\"url\":\"https:\\\/\\\/www.accuratereviews.com\\\/wp-content\\\/uploads\\\/2021\\\/06\\\/limble.jpg\",\"contentUrl\":\"https:\\\/\\\/www.accuratereviews.com\\\/wp-content\\\/uploads\\\/2021\\\/06\\\/limble.jpg\",\"width\":225,\"height\":225},{\"@type\":\"BreadcrumbList\",\"@id\":\"https:\\\/\\\/www.accuratereviews.com\\\/it\\\/software-gestione-strumenti\\\/limble-cmms-recensione\\\/#breadcrumb\",\"itemListElement\":[{\"@type\":\"ListItem\",\"position\":1,\"name\":\"Home\",\"item\":\"https:\\\/\\\/www.accuratereviews.com\\\/it\\\/\"},{\"@type\":\"ListItem\",\"position\":2,\"name\":\"Software per la gestione degli strumenti\",\"item\":\"https:\\\/\\\/www.accuratereviews.com\\\/it\\\/software-gestione-strumenti\\\/\"},{\"@type\":\"ListItem\",\"position\":3,\"name\":\"Limble CMMS\"}]},{\"@type\":\"WebSite\",\"@id\":\"https:\\\/\\\/www.accuratereviews.com\\\/it\\\/#website\",\"url\":\"https:\\\/\\\/www.accuratereviews.com\\\/it\\\/\",\"name\":\"Accurate Reviews\",\"description\":\"\",\"potentialAction\":[{\"@type\":\"SearchAction\",\"target\":{\"@type\":\"EntryPoint\",\"urlTemplate\":\"https:\\\/\\\/www.accuratereviews.com\\\/it\\\/?s={search_term_string}\"},\"query-input\":{\"@type\":\"PropertyValueSpecification\",\"valueRequired\":true,\"valueName\":\"search_term_string\"}}],\"inLanguage\":\"it-IT\"}]}<\/script>\n<!-- \/ Yoast SEO plugin. -->","yoast_head_json":{"title":"Limble CMMS: recensione software gestione strumenti - Accurate Reviews","description":"Limble CMMS: recensione\u00a0sistema di gestione della manutenzione computerizzato, basato su cloud e progettato per le PMI in diversi settori.","robots":{"index":"index","follow":"follow","max-snippet":"max-snippet:-1","max-image-preview":"max-image-preview:large","max-video-preview":"max-video-preview:-1"},"canonical":"https:\/\/www.accuratereviews.com\/it\/software-gestione-strumenti\/limble-cmms-recensione\/","og_locale":"it_IT","og_type":"article","og_title":"Limble CMMS: recensione software gestione strumenti - Accurate Reviews","og_description":"Limble CMMS: recensione\u00a0sistema di gestione della manutenzione computerizzato, basato su cloud e progettato per le PMI in diversi settori.","og_url":"https:\/\/www.accuratereviews.com\/it\/software-gestione-strumenti\/limble-cmms-recensione\/","og_site_name":"Accurate Reviews","og_image":[{"width":225,"height":225,"url":"https:\/\/www.accuratereviews.com\/wp-content\/uploads\/2021\/06\/limble.jpg","type":"image\/jpeg"}],"twitter_card":"summary_large_image","twitter_misc":{"Tempo di lettura stimato":"4 minuti"},"schema":{"@context":"https:\/\/schema.org","@graph":[{"@type":"WebPage","@id":"https:\/\/www.accuratereviews.com\/it\/software-gestione-strumenti\/limble-cmms-recensione\/","url":"https:\/\/www.accuratereviews.com\/it\/software-gestione-strumenti\/limble-cmms-recensione\/","name":"Limble CMMS: recensione software gestione strumenti - Accurate Reviews","isPartOf":{"@id":"https:\/\/www.accuratereviews.com\/it\/#website"},"primaryImageOfPage":{"@id":"https:\/\/www.accuratereviews.com\/it\/software-gestione-strumenti\/limble-cmms-recensione\/#primaryimage"},"image":{"@id":"https:\/\/www.accuratereviews.com\/it\/software-gestione-strumenti\/limble-cmms-recensione\/#primaryimage"},"thumbnailUrl":"https:\/\/www.accuratereviews.com\/wp-content\/uploads\/2021\/06\/limble.jpg","datePublished":"2021-06-21T10:45:40+00:00","description":"Limble CMMS: recensione\u00a0sistema di gestione della manutenzione computerizzato, basato su cloud e progettato per le PMI in diversi settori.","breadcrumb":{"@id":"https:\/\/www.accuratereviews.com\/it\/software-gestione-strumenti\/limble-cmms-recensione\/#breadcrumb"},"inLanguage":"it-IT","potentialAction":[{"@type":"ReadAction","target":["https:\/\/www.accuratereviews.com\/it\/software-gestione-strumenti\/limble-cmms-recensione\/"]}]},{"@type":"ImageObject","inLanguage":"it-IT","@id":"https:\/\/www.accuratereviews.com\/it\/software-gestione-strumenti\/limble-cmms-recensione\/#primaryimage","url":"https:\/\/www.accuratereviews.com\/wp-content\/uploads\/2021\/06\/limble.jpg","contentUrl":"https:\/\/www.accuratereviews.com\/wp-content\/uploads\/2021\/06\/limble.jpg","width":225,"height":225},{"@type":"BreadcrumbList","@id":"https:\/\/www.accuratereviews.com\/it\/software-gestione-strumenti\/limble-cmms-recensione\/#breadcrumb","itemListElement":[{"@type":"ListItem","position":1,"name":"Home","item":"https:\/\/www.accuratereviews.com\/it\/"},{"@type":"ListItem","position":2,"name":"Software per la gestione degli strumenti","item":"https:\/\/www.accuratereviews.com\/it\/software-gestione-strumenti\/"},{"@type":"ListItem","position":3,"name":"Limble CMMS"}]},{"@type":"WebSite","@id":"https:\/\/www.accuratereviews.com\/it\/#website","url":"https:\/\/www.accuratereviews.com\/it\/","name":"Accurate Reviews","description":"","potentialAction":[{"@type":"SearchAction","target":{"@type":"EntryPoint","urlTemplate":"https:\/\/www.accuratereviews.com\/it\/?s={search_term_string}"},"query-input":{"@type":"PropertyValueSpecification","valueRequired":true,"valueName":"search_term_string"}}],"inLanguage":"it-IT"}]}},"_links":{"self":[{"href":"https:\/\/www.accuratereviews.com\/it\/wp-json\/wp\/v2\/pages\/44411","targetHints":{"allow":["GET"]}}],"collection":[{"href":"https:\/\/www.accuratereviews.com\/it\/wp-json\/wp\/v2\/pages"}],"about":[{"href":"https:\/\/www.accuratereviews.com\/it\/wp-json\/wp\/v2\/types\/page"}],"author":[{"embeddable":true,"href":"https:\/\/www.accuratereviews.com\/it\/wp-json\/wp\/v2\/users\/16"}],"replies":[{"embeddable":true,"href":"https:\/\/www.accuratereviews.com\/it\/wp-json\/wp\/v2\/comments?post=44411"}],"version-history":[{"count":5,"href":"https:\/\/www.accuratereviews.com\/it\/wp-json\/wp\/v2\/pages\/44411\/revisions"}],"predecessor-version":[{"id":44458,"href":"https:\/\/www.accuratereviews.com\/it\/wp-json\/wp\/v2\/pages\/44411\/revisions\/44458"}],"up":[{"embeddable":true,"href":"https:\/\/www.accuratereviews.com\/it\/wp-json\/wp\/v2\/pages\/44170"}],"wp:featuredmedia":[{"embeddable":true,"href":"https:\/\/www.accuratereviews.com\/it\/wp-json\/wp\/v2\/media\/44412"}],"wp:attachment":[{"href":"https:\/\/www.accuratereviews.com\/it\/wp-json\/wp\/v2\/media?parent=44411"}],"wp:term":[{"taxonomy":"category","embeddable":true,"href":"https:\/\/www.accuratereviews.com\/it\/wp-json\/wp\/v2\/categories?post=44411"},{"taxonomy":"post_tag","embeddable":true,"href":"https:\/\/www.accuratereviews.com\/it\/wp-json\/wp\/v2\/tags?post=44411"},{"taxonomy":"features","embeddable":true,"href":"https:\/\/www.accuratereviews.com\/it\/wp-json\/wp\/v2\/features?post=44411"}],"curies":[{"name":"wp","href":"https:\/\/api.w.org\/{rel}","templated":true}]}}