{"id":44428,"date":"2021-06-21T10:49:38","date_gmt":"2021-06-21T10:49:38","guid":{"rendered":"https:\/\/www.accuratereviews.com\/?page_id=44428"},"modified":"2021-06-23T09:25:05","modified_gmt":"2021-06-23T09:25:05","slug":"gagepack-recensione","status":"publish","type":"page","link":"https:\/\/www.accuratereviews.com\/it\/software-gestione-strumenti\/gagepack-recensione\/","title":{"rendered":"GAGEpack"},"content":{"rendered":"<p><strong>GAGEpack<\/strong> \u00e8 un<strong> software di gestione per gli strumenti<\/strong> che ti aiuta a organizzare e monitorare le informazioni del sistema di misurazioni, alleviando preoccupazioni di qualsiasi tipo. Si tratta di un vero e proprio <strong>programma di gestione dei calibri<\/strong> che ti far\u00e0 risparmiare tempo migliorando l&#8217;accuratezza del tuo sistema di gestione dei calibri e l&#8217;analisi dei sistemi di misura. Offre un facile accesso a tutte le informazioni sul misuratore, inclusi l&#8217;utilizzo, i programmi di calibrazione, le procedure, la cronologia e altro ancora. <strong>GAGEpack<\/strong> include una serie di funzionalit\u00e0 progettate per semplificare il tuo lavoro, fornendoti audit trail che mantiene una registrazione solida e precisa delle modifiche agli indicatori e agli eventi e tutti gli strumenti necessari per generare un&#8217;analisi statistica e grafica completa del tuo sistema di misurazione.<\/p>\n<h2>GAGEPACK &#8211; TUTORIAL<\/h2>\n<p>Ecco un breve video che ci mostra come funziona questo <strong>programma gestionale per strumenti<\/strong>:<\/p>\n<div id=\"fluid-wrapper-counter-1\" class=\"g1-fluid-wrapper \" style=\"width:686px;\">\n<div style=\"padding-bottom:56.268221574344%;\"><iframe loading=\"lazy\" title=\"Organize and Access Gage Information - GAGEpack gage management software\" width=\"686\" height=\"386\" src=\"https:\/\/www.youtube.com\/embed\/2P2bt_1ygLg?feature=oembed&amp;wmode=transparent&amp;autohide=1&amp;autoplay=0&amp;disablekb=0&amp;fs=1&amp;loop=0&amp;enablejsapi=1&amp;rel=0&amp;controls=2&amp;showinfo=0&amp;wmode=transparent&amp;autohide=2&amp;autoplay=0&amp;disablekb=0&amp;fs=1&amp;loop=0&amp;enablejsapi=1&amp;rel=0&amp;controls=2&amp;showinfo=1\" frameborder=\"0\" allow=\"accelerometer; autoplay; clipboard-write; encrypted-media; gyroscope; picture-in-picture\" allowfullscreen><\/iframe><\/div>\n<\/div>\n<p>&nbsp;<\/p>\n<h3>GAGEPACK &#8211; CARATTERISTICHE<\/h3>\n<ul>\n<li><strong>Gestisci i dispositivi di misurazione e le calibrazioni<\/strong>: visualizza le informazioni di riepilogo per l&#8217;inventario dei misuratori, gli eventi storici e il carico di lavoro previsto, tutto in un&#8217;unica posizione<\/li>\n<li><strong>Rapporti<\/strong>: fornisce oltre 150 rapporti personalizzabili, inclusi rapporti integrati per calibrazioni imminenti e scadute<\/li>\n<li><strong>Avvisi<\/strong>: assicurati di non perdere mai le calibrazioni imminenti, scadute e non riuscite con avvisi automatici<\/li>\n<li><strong>Date di scadenza<\/strong>: pianifica eventi di calibrazione con date di scadenza automatizzate in base all&#8217;utilizzo o al tempo<\/li>\n<li><strong>Filtraggio<\/strong>: rispondi alle richieste di audit con facilit\u00e0 e dedica meno tempo alla ricerca di informazioni sugli indicatori con potenti strumenti di filtraggio<\/li>\n<li><strong>Certificati<\/strong>: crea facilmente certificati di calibrazione e rapporti sull&#8217;utilizzo del misuratore<\/li>\n<li><strong>Audit Trail<\/strong>: mantenere un audit trail con una registrazione solida e precisa delle modifiche a indicatori ed eventi<\/li>\n<li><strong>Stampanti di etichette e lettori di codici a barre<\/strong>: si integrano con stampanti di etichette e lettori di codici a barre per risparmiare tempo e ridurre al minimo gli errori<\/li>\n<li><strong>Documentazione della procedura<\/strong>: organizza e accedi facilmente alla documentazione della procedura necessaria per completare le calibrazioni<\/li>\n<li><strong>Fogli di lavoro<\/strong>: crea fogli di lavoro intuitivi che gli operatori possono utilizzare durante il completamento di una calibrazione<\/li>\n<li><strong>Gage R&amp;R Studi<\/strong>: esegui facilmente studi Gage R&amp;R per la ripetibilit\u00e0 e la riproducibilit\u00e0 sia di variabili che di attributi, calcola l&#8217;incertezza delle tue calibrazioni e produce grafici di accuratezza e stabilit\u00e0.<\/li>\n<\/ul>\n<h4>LE RECENSIONI DEGLI UTENTI<\/h4>\n<p><strong>Cassandra G. &#8220;Uso GagePack da molti anni e l&#8217;ho sempre adorato.&#8221;<\/strong><br \/>\nPRO: mi piace che si aggiorni automaticamente una volta rinnovato il contratto software. Ho usato il supporto tecnico telefonico ed \u00e8 stato utile<br \/>\nCONTRO: formattazione di alcuni report &#8211; dimensionamento colonne. Voglio allungare il tempo prima che venga visualizzata la schermata di blocco.<\/p>\n<p><strong>Paul B. &#8220;ottimo prodotto, ottimo prezzo&#8221;<\/strong><br \/>\nCOMMENTI: nel complesso un ottimo prodotto. molto soddisfatto delle sue capacit\u00e0.<br \/>\nPRO: meno costoso di molti prodotti della concorrenza. Eccellente servizio clienti quando chiamo aiuto!<br \/>\nCONTRO: alcune funzioni non erano intuitive da usare per me (una persona non esperta di computer). Ci \u00e8 voluto un po&#8217; di tempo per inserire tutti i nostri indicatori manualmente (PQ Systems pu\u00f2 migrare tutti i tuoi indicatori nel programma per te, ma costa di pi\u00f9) questi sono comunque problemi minori.<\/p>\n<p><strong>Brian J. &#8220;Un ottimo software nel complesso&#8221;<\/strong><br \/>\nPRO: facilit\u00e0 d&#8217;uso durante l&#8217;inserimento dei dati. Possibilit\u00e0 di introdurre rapidamente nuovi misuratori nel sistema. Anche l&#8217;allegato delle procedure di calibrazione via PDF \u00e8 estremamente utile. Scaricare e allegare la certificazione elettronica da fornitori di calibrazione esterni \u00e8 molto utile e consente di risparmiare tempo.<br \/>\nCONTRO: difficolt\u00e0 nel generare report personalizzati. Ho avuto difficolt\u00e0 a generare report personalizzati per produrre i campi e le informazioni che devo generare. Alcuni campi non vengono visualizzati nei report dopo la personalizzazione. Anche il nostro reparto IT ha avuto difficolt\u00e0 a produrre i report desiderati.<\/p>\n","protected":false},"excerpt":{"rendered":"<p>GAGEpack \u00e8 un software di gestione per gli strumenti che ti aiuta a organizzare e monitorare le informazioni del sistema di misurazioni, alleviando preoccupazioni di qualsiasi tipo. Si tratta di un vero e proprio programma di gestione dei calibri che ti far\u00e0 risparmiare tempo migliorando l&#8217;accuratezza del tuo sistema di gestione dei calibri e l&#8217;analisi dei sistemi di misura.\u00a0<\/p>\n","protected":false},"author":17,"featured_media":44429,"parent":44170,"menu_order":0,"comment_status":"open","ping_status":"closed","template":"g1_template_page_review_new.php","meta":{"_acf_changed":false,"cwp_meta_box_check":"No","cwp_rev_product_name":"","cwp_rev_product_image":"","wppr_links":[],"cwp_rev_price":"","wppr_options":[],"wppr_pros":[],"wppr_cons":[],"_monsterinsights_skip_tracking":false,"_monsterinsights_sitenote_active":false,"_monsterinsights_sitenote_note":"","_monsterinsights_sitenote_category":0,"footnotes":""},"categories":[6265],"tags":[6266,6268,6309,6272,6922,6269],"features":[],"class_list":{"0":"post-44428","1":"page","2":"type-page","3":"status-publish","4":"has-post-thumbnail","6":"category-software-gestione-strumenti-cat","7":"tag-gestione-strumenti","8":"tag-gestione-strumenti-e-device","9":"tag-programma-gestionale-strumenti","10":"tag-programma-gestione-strumenti","11":"tag-software-gestionale-per-strumenti","12":"tag-software-gestione-strumenti"},"wppr_data":{"cwp_meta_box_check":"No"},"acf":[],"yoast_head":"<!-- This site is optimized with the Yoast SEO plugin v27.4 - https:\/\/yoast.com\/product\/yoast-seo-wordpress\/ -->\n<title>GAGEpack: recensione software gestione strumenti - Accurate Reviews<\/title>\n<meta name=\"description\" content=\"GAGEpack: software di gestione per gli strumenti che ti aiuta a organizzare e monitorare le informazioni del sistema di misurazioni.\" \/>\n<meta name=\"robots\" content=\"index, follow, max-snippet:-1, max-image-preview:large, max-video-preview:-1\" \/>\n<link rel=\"canonical\" href=\"https:\/\/www.accuratereviews.com\/it\/software-gestione-strumenti\/gagepack-recensione\/\" \/>\n<meta property=\"og:locale\" content=\"it_IT\" \/>\n<meta property=\"og:type\" content=\"article\" \/>\n<meta property=\"og:title\" content=\"GAGEpack: recensione software gestione strumenti - Accurate Reviews\" \/>\n<meta property=\"og:description\" content=\"GAGEpack: software di gestione per gli strumenti che ti aiuta a organizzare e monitorare le informazioni del sistema di misurazioni.\" \/>\n<meta property=\"og:url\" content=\"https:\/\/www.accuratereviews.com\/it\/software-gestione-strumenti\/gagepack-recensione\/\" \/>\n<meta property=\"og:site_name\" content=\"Accurate Reviews\" \/>\n<meta property=\"article:modified_time\" content=\"2021-06-23T09:25:05+00:00\" \/>\n<meta property=\"og:image\" content=\"https:\/\/www.accuratereviews.com\/wp-content\/uploads\/2021\/06\/circle-logo.jpg\" \/>\n\t<meta property=\"og:image:width\" content=\"800\" \/>\n\t<meta property=\"og:image:height\" content=\"516\" \/>\n\t<meta property=\"og:image:type\" content=\"image\/jpeg\" \/>\n<meta name=\"twitter:card\" content=\"summary_large_image\" \/>\n<meta name=\"twitter:label1\" content=\"Tempo di lettura stimato\" \/>\n\t<meta name=\"twitter:data1\" content=\"3 minuti\" \/>\n<script type=\"application\/ld+json\" class=\"yoast-schema-graph\">{\"@context\":\"https:\\\/\\\/schema.org\",\"@graph\":[{\"@type\":\"WebPage\",\"@id\":\"https:\\\/\\\/www.accuratereviews.com\\\/it\\\/software-gestione-strumenti\\\/gagepack-recensione\\\/\",\"url\":\"https:\\\/\\\/www.accuratereviews.com\\\/it\\\/software-gestione-strumenti\\\/gagepack-recensione\\\/\",\"name\":\"GAGEpack: recensione software gestione strumenti - Accurate Reviews\",\"isPartOf\":{\"@id\":\"https:\\\/\\\/www.accuratereviews.com\\\/it\\\/#website\"},\"primaryImageOfPage\":{\"@id\":\"https:\\\/\\\/www.accuratereviews.com\\\/it\\\/software-gestione-strumenti\\\/gagepack-recensione\\\/#primaryimage\"},\"image\":{\"@id\":\"https:\\\/\\\/www.accuratereviews.com\\\/it\\\/software-gestione-strumenti\\\/gagepack-recensione\\\/#primaryimage\"},\"thumbnailUrl\":\"https:\\\/\\\/www.accuratereviews.com\\\/wp-content\\\/uploads\\\/2021\\\/06\\\/circle-logo.jpg\",\"datePublished\":\"2021-06-21T10:49:38+00:00\",\"dateModified\":\"2021-06-23T09:25:05+00:00\",\"description\":\"GAGEpack: software di gestione per gli strumenti che ti aiuta a organizzare e monitorare le informazioni del sistema di misurazioni.\",\"breadcrumb\":{\"@id\":\"https:\\\/\\\/www.accuratereviews.com\\\/it\\\/software-gestione-strumenti\\\/gagepack-recensione\\\/#breadcrumb\"},\"inLanguage\":\"it-IT\",\"potentialAction\":[{\"@type\":\"ReadAction\",\"target\":[\"https:\\\/\\\/www.accuratereviews.com\\\/it\\\/software-gestione-strumenti\\\/gagepack-recensione\\\/\"]}]},{\"@type\":\"ImageObject\",\"inLanguage\":\"it-IT\",\"@id\":\"https:\\\/\\\/www.accuratereviews.com\\\/it\\\/software-gestione-strumenti\\\/gagepack-recensione\\\/#primaryimage\",\"url\":\"https:\\\/\\\/www.accuratereviews.com\\\/wp-content\\\/uploads\\\/2021\\\/06\\\/circle-logo.jpg\",\"contentUrl\":\"https:\\\/\\\/www.accuratereviews.com\\\/wp-content\\\/uploads\\\/2021\\\/06\\\/circle-logo.jpg\",\"width\":800,\"height\":516},{\"@type\":\"BreadcrumbList\",\"@id\":\"https:\\\/\\\/www.accuratereviews.com\\\/it\\\/software-gestione-strumenti\\\/gagepack-recensione\\\/#breadcrumb\",\"itemListElement\":[{\"@type\":\"ListItem\",\"position\":1,\"name\":\"Home\",\"item\":\"https:\\\/\\\/www.accuratereviews.com\\\/it\\\/\"},{\"@type\":\"ListItem\",\"position\":2,\"name\":\"Software per la gestione degli strumenti\",\"item\":\"https:\\\/\\\/www.accuratereviews.com\\\/it\\\/software-gestione-strumenti\\\/\"},{\"@type\":\"ListItem\",\"position\":3,\"name\":\"GAGEpack\"}]},{\"@type\":\"WebSite\",\"@id\":\"https:\\\/\\\/www.accuratereviews.com\\\/it\\\/#website\",\"url\":\"https:\\\/\\\/www.accuratereviews.com\\\/it\\\/\",\"name\":\"Accurate Reviews\",\"description\":\"\",\"potentialAction\":[{\"@type\":\"SearchAction\",\"target\":{\"@type\":\"EntryPoint\",\"urlTemplate\":\"https:\\\/\\\/www.accuratereviews.com\\\/it\\\/?s={search_term_string}\"},\"query-input\":{\"@type\":\"PropertyValueSpecification\",\"valueRequired\":true,\"valueName\":\"search_term_string\"}}],\"inLanguage\":\"it-IT\"}]}<\/script>\n<!-- \/ Yoast SEO plugin. -->","yoast_head_json":{"title":"GAGEpack: recensione software gestione strumenti - Accurate Reviews","description":"GAGEpack: software di gestione per gli strumenti che ti aiuta a organizzare e monitorare le informazioni del sistema di misurazioni.","robots":{"index":"index","follow":"follow","max-snippet":"max-snippet:-1","max-image-preview":"max-image-preview:large","max-video-preview":"max-video-preview:-1"},"canonical":"https:\/\/www.accuratereviews.com\/it\/software-gestione-strumenti\/gagepack-recensione\/","og_locale":"it_IT","og_type":"article","og_title":"GAGEpack: recensione software gestione strumenti - Accurate Reviews","og_description":"GAGEpack: software di gestione per gli strumenti che ti aiuta a organizzare e monitorare le informazioni del sistema di misurazioni.","og_url":"https:\/\/www.accuratereviews.com\/it\/software-gestione-strumenti\/gagepack-recensione\/","og_site_name":"Accurate Reviews","article_modified_time":"2021-06-23T09:25:05+00:00","og_image":[{"width":800,"height":516,"url":"https:\/\/www.accuratereviews.com\/wp-content\/uploads\/2021\/06\/circle-logo.jpg","type":"image\/jpeg"}],"twitter_card":"summary_large_image","twitter_misc":{"Tempo di lettura stimato":"3 minuti"},"schema":{"@context":"https:\/\/schema.org","@graph":[{"@type":"WebPage","@id":"https:\/\/www.accuratereviews.com\/it\/software-gestione-strumenti\/gagepack-recensione\/","url":"https:\/\/www.accuratereviews.com\/it\/software-gestione-strumenti\/gagepack-recensione\/","name":"GAGEpack: recensione software gestione strumenti - Accurate Reviews","isPartOf":{"@id":"https:\/\/www.accuratereviews.com\/it\/#website"},"primaryImageOfPage":{"@id":"https:\/\/www.accuratereviews.com\/it\/software-gestione-strumenti\/gagepack-recensione\/#primaryimage"},"image":{"@id":"https:\/\/www.accuratereviews.com\/it\/software-gestione-strumenti\/gagepack-recensione\/#primaryimage"},"thumbnailUrl":"https:\/\/www.accuratereviews.com\/wp-content\/uploads\/2021\/06\/circle-logo.jpg","datePublished":"2021-06-21T10:49:38+00:00","dateModified":"2021-06-23T09:25:05+00:00","description":"GAGEpack: software di gestione per gli strumenti che ti aiuta a organizzare e monitorare le informazioni del sistema di misurazioni.","breadcrumb":{"@id":"https:\/\/www.accuratereviews.com\/it\/software-gestione-strumenti\/gagepack-recensione\/#breadcrumb"},"inLanguage":"it-IT","potentialAction":[{"@type":"ReadAction","target":["https:\/\/www.accuratereviews.com\/it\/software-gestione-strumenti\/gagepack-recensione\/"]}]},{"@type":"ImageObject","inLanguage":"it-IT","@id":"https:\/\/www.accuratereviews.com\/it\/software-gestione-strumenti\/gagepack-recensione\/#primaryimage","url":"https:\/\/www.accuratereviews.com\/wp-content\/uploads\/2021\/06\/circle-logo.jpg","contentUrl":"https:\/\/www.accuratereviews.com\/wp-content\/uploads\/2021\/06\/circle-logo.jpg","width":800,"height":516},{"@type":"BreadcrumbList","@id":"https:\/\/www.accuratereviews.com\/it\/software-gestione-strumenti\/gagepack-recensione\/#breadcrumb","itemListElement":[{"@type":"ListItem","position":1,"name":"Home","item":"https:\/\/www.accuratereviews.com\/it\/"},{"@type":"ListItem","position":2,"name":"Software per la gestione degli strumenti","item":"https:\/\/www.accuratereviews.com\/it\/software-gestione-strumenti\/"},{"@type":"ListItem","position":3,"name":"GAGEpack"}]},{"@type":"WebSite","@id":"https:\/\/www.accuratereviews.com\/it\/#website","url":"https:\/\/www.accuratereviews.com\/it\/","name":"Accurate Reviews","description":"","potentialAction":[{"@type":"SearchAction","target":{"@type":"EntryPoint","urlTemplate":"https:\/\/www.accuratereviews.com\/it\/?s={search_term_string}"},"query-input":{"@type":"PropertyValueSpecification","valueRequired":true,"valueName":"search_term_string"}}],"inLanguage":"it-IT"}]}},"_links":{"self":[{"href":"https:\/\/www.accuratereviews.com\/it\/wp-json\/wp\/v2\/pages\/44428","targetHints":{"allow":["GET"]}}],"collection":[{"href":"https:\/\/www.accuratereviews.com\/it\/wp-json\/wp\/v2\/pages"}],"about":[{"href":"https:\/\/www.accuratereviews.com\/it\/wp-json\/wp\/v2\/types\/page"}],"author":[{"embeddable":true,"href":"https:\/\/www.accuratereviews.com\/it\/wp-json\/wp\/v2\/users\/17"}],"replies":[{"embeddable":true,"href":"https:\/\/www.accuratereviews.com\/it\/wp-json\/wp\/v2\/comments?post=44428"}],"version-history":[{"count":5,"href":"https:\/\/www.accuratereviews.com\/it\/wp-json\/wp\/v2\/pages\/44428\/revisions"}],"predecessor-version":[{"id":44571,"href":"https:\/\/www.accuratereviews.com\/it\/wp-json\/wp\/v2\/pages\/44428\/revisions\/44571"}],"up":[{"embeddable":true,"href":"https:\/\/www.accuratereviews.com\/it\/wp-json\/wp\/v2\/pages\/44170"}],"wp:featuredmedia":[{"embeddable":true,"href":"https:\/\/www.accuratereviews.com\/it\/wp-json\/wp\/v2\/media\/44429"}],"wp:attachment":[{"href":"https:\/\/www.accuratereviews.com\/it\/wp-json\/wp\/v2\/media?parent=44428"}],"wp:term":[{"taxonomy":"category","embeddable":true,"href":"https:\/\/www.accuratereviews.com\/it\/wp-json\/wp\/v2\/categories?post=44428"},{"taxonomy":"post_tag","embeddable":true,"href":"https:\/\/www.accuratereviews.com\/it\/wp-json\/wp\/v2\/tags?post=44428"},{"taxonomy":"features","embeddable":true,"href":"https:\/\/www.accuratereviews.com\/it\/wp-json\/wp\/v2\/features?post=44428"}],"curies":[{"name":"wp","href":"https:\/\/api.w.org\/{rel}","templated":true}]}}