{"id":44489,"date":"2021-06-22T10:17:42","date_gmt":"2021-06-22T10:17:42","guid":{"rendered":"https:\/\/www.accuratereviews.com\/?page_id=44489"},"modified":"2021-06-22T10:17:42","modified_gmt":"2021-06-22T10:17:42","slug":"gigatrak-asset-tracking-system-recensione","status":"publish","type":"page","link":"https:\/\/www.accuratereviews.com\/it\/software-gestione-strumenti\/gigatrak-asset-tracking-system-recensione\/","title":{"rendered":"GigaTrak Asset Tracking System"},"content":{"rendered":"<p><strong>GigaTrak Asset Tracking System<\/strong> \u00e8 una<strong> soluzione di gestione delle risorse<\/strong> in loco che si rivolge alle aziende di vari settori. Il software pu\u00f2 essere utilizzato per tenere traccia di pi\u00f9 tipi di risorse, tra cui attrezzature di laboratorio, mobili scolastici, strumenti, sistemi informatici, documenti e opere d&#8217;arte. \u00c8 disponibile in quattro versioni: starter, basic, professional e school edition. Le caratteristiche generali includono il check-out delle risorse presso una posizione o un dipendente, la prenotazione delle risorse, il monitoraggio e la creazione di report della cronologia. Gli utenti possono anche visualizzare gli elementi di manutenzione e stampare le richieste in ordine cronologico. La soluzione pu\u00f2 creare report in pdf che contengono informazioni sugli asset. Questi possono essere inviati via email a pi\u00f9 parti interessate all&#8217;interno dell&#8217;organizzazione.<\/p>\n<h2>GIGATRAK ASSET TRACKING SYSTEM &#8211; TUTORIAL<\/h2>\n<p>Il video che segue mostra come \u00e8 facile identificare una attrezzatura utilizzando questo <strong>software di gestione strumenti:<\/strong><\/p>\n<div id=\"fluid-wrapper-counter-1\" class=\"g1-fluid-wrapper \" style=\"width:686px;\">\n<div style=\"padding-bottom:56.268221574344%;\"><iframe loading=\"lazy\" title=\"GigaTrak Tool Tracking Mobile Application\" width=\"686\" height=\"386\" src=\"https:\/\/www.youtube.com\/embed\/9OqbF18CNlM?feature=oembed&amp;wmode=transparent&amp;autohide=1&amp;autoplay=0&amp;disablekb=0&amp;fs=1&amp;loop=0&amp;enablejsapi=1&amp;rel=0&amp;controls=2&amp;showinfo=0&amp;wmode=transparent&amp;autohide=2&amp;autoplay=0&amp;disablekb=0&amp;fs=1&amp;loop=0&amp;enablejsapi=1&amp;rel=0&amp;controls=2&amp;showinfo=1\" frameborder=\"0\" allow=\"accelerometer; autoplay; clipboard-write; encrypted-media; gyroscope; picture-in-picture\" allowfullscreen><\/iframe><\/div>\n<\/div>\n<h3>GIGATRAK ASSET TRACKING SYSTEM &#8211; CARATTERISTICHE<\/h3>\n<ul>\n<li>Informazioni complete degli strumenti tra cui numero di serie, numero di modello ecc&#8230;<\/li>\n<li>Allega foto e documenti delle attrezzature<\/li>\n<li>Cronologia dettagliata degli strumenti per ogni transazione<\/li>\n<li>Tieni traccia dell&#8217;ammortamento e della garanzia<\/li>\n<li>Importa ed esporta dati utensili<\/li>\n<li>Crea il catalogo principale degli strumenti<\/li>\n<li>Informazioni sul produttore e sul fornitore dello strumento<\/li>\n<li>Campi, condizioni, conti, fonti di finanziamento illimitati definiti dall&#8217;utente<\/li>\n<li>Crea contenitori o kit di strumenti<\/li>\n<li>Rapporti in pdf<\/li>\n<li>Rapporti email tramite Outlook<\/li>\n<li>Assegnazione degli strumenti e rapporti sulla cronologia<\/li>\n<li>Rapporti di ammortamento e valore, report\u00a0di manutenzione in scadenza, scaduti e in sospeso<\/li>\n<li>Esegui audit e report sulle discrepanze<\/li>\n<li>Rapporti personalizzati disponibili su richiesta<\/li>\n<li>Controlla gli strumenti per posizione, dipendente o membro<\/li>\n<li>Check-in facile tramite codice a barre<\/li>\n<li>Imposta le date di scadenza e inserisci le note sulla transazione<\/li>\n<li>Traccia la manutenzione programmata e delle riparazioni impreviste<\/li>\n<li>Sincronizzazione online\/offline<\/li>\n<li>Progettazione e stampa di etichette con codici a barre<\/li>\n<\/ul>\n<h4>LE RECENSIONI DEGLI UTENTI<\/h4>\n<p class=\"font-weight-bold mb-1 d-flex align-items-center\"><strong>Michael C.&#8221;Fa quello che deve fare!&#8221;<\/strong><\/p>\n<p><strong>Commenti: <\/strong>Siamo ancora relativamente nuovi a TTS. Tuttavia, il supporto che abbiamo ricevuto da Gigatrak \u00e8 stato fenomenale. Il supporto alle vendite \u00e8 stato ottimo, il supporto alla distribuzione \u00e8 stato ottimo e il supporto generale \u00e8 stato ottimo. Il loro sito web ha una grande base di conoscenze, contiene video applicativi definiti e specifici che possono essere utilizzati come materiali di riferimento quando si cerca di fare qualcosa.<\/p>\n<p><strong>Pro: <\/strong>Distribuzione e consegna passo dopo passo. L&#8217;interfaccia del software \u00e8 ben fatta. Posizionando logicamente le cose sotto i menu giusti. \u00c8 molto facile effettuare il check-in\/check-out e posizionare gli articoli nei magazzini, se necessario.<\/p>\n<p><strong>Contro: <\/strong>Il concetto di &#8216;bin&#8217;ning manca. Tuttavia, questo \u00e8 il tipo di opzione di cui avevamo bisogno. Abbiamo trailer e su questi ci sono dozzine di articoli che vengono inviati a vari siti per scopi di formazione.<\/p>\n<p class=\"font-weight-bold mb-1 d-flex align-items-center\"><strong>Kylie S.&#8221;Monitoraggio degli strumenti GigaTrak&#8221;<\/strong><\/p>\n<p><strong>Commenti: <\/strong>Abbiamo apprezzato l&#8217;utilizzo di GigaTrak per tenere traccia dei nostri strumenti. Questo ci aiuta a mantenerci organizzati come azienda.<\/p>\n<p><strong>Pro: <\/strong>L&#8217;integrazione di GigaTrak nei nostri processi \u00e8 stata semplice e indolore. \u00c8 molto utile essere in grado di monitorare a chi vengono estratti i nostri strumenti. Abbiamo perso molti meno strumenti grazie a questo software!<\/p>\n<p><strong>Contro: <\/strong>Non considererei nulla un imbroglio con GigaTrak.<\/p>\n<p class=\"font-weight-bold mb-1 d-flex align-items-center\"><strong>Brittany E.&#8221;Recensione di GigaTrak&#8221;<\/strong><\/p>\n<p><strong>Commenti: <\/strong>l&#8217;assistenza clienti \u00e8 stata eccezionale e utile. eseguire il monitoraggio dello strumento di base \u00e8 semplice.<\/p>\n<p><strong>Pro: <\/strong>strumenti facili di monitoraggio\/controllo del codice a barre dentro e fuori<\/p>\n<p><strong>Contro: <\/strong>tutti i passaggi per impostare strumenti\/posizioni &#8211; a molte opzioni che non sono necessarie e lo scanner \u00e8 pi\u00f9 complicato di quanto dovrebbe essere (richiede tempo)<\/p>\n","protected":false},"excerpt":{"rendered":"<p>GigaTrak Asset Tracking System \u00e8 una soluzione di gestione delle risorse in loco che si rivolge alle aziende di vari settori. Il software pu\u00f2 essere utilizzato per tenere traccia di pi\u00f9 tipi di risorse, tra cui attrezzature di laboratorio, mobili scolastici, strumenti, sistemi informatici, documenti e opere d&#8217;arte. \u00c8\u00a0disponibile in quattro versioni: starter, basic, professional e school edition.<\/p>\n","protected":false},"author":16,"featured_media":44490,"parent":44170,"menu_order":0,"comment_status":"open","ping_status":"closed","template":"g1_template_page_review_new.php","meta":{"_acf_changed":false,"cwp_meta_box_check":"Yes","cwp_rev_product_name":"","cwp_rev_product_image":"","wppr_links":[],"cwp_rev_price":"","wppr_options":[],"wppr_pros":[],"wppr_cons":[],"_monsterinsights_skip_tracking":false,"_monsterinsights_sitenote_active":false,"_monsterinsights_sitenote_note":"","_monsterinsights_sitenote_category":0,"footnotes":""},"categories":[6265],"tags":[396,9837,6305,6272,6269,6271],"features":[],"class_list":{"0":"post-44489","1":"page","2":"type-page","3":"status-publish","4":"has-post-thumbnail","6":"category-software-gestione-strumenti-cat","7":"tag-cloud","8":"tag-gigatrak-asset-tracking-system","9":"tag-piattaforma-gestione-strumenti","10":"tag-programma-gestione-strumenti","11":"tag-software-gestione-strumenti","12":"tag-soluzione-gestione-strumenti"},"wppr_data":{"cwp_meta_box_check":"Yes","cwp_rev_product_name":"","cwp_rev_product_image":"","cwp_image_link":"image","cwp_rev_price":"","wppr_rating":"0.00"},"acf":[],"yoast_head":"<!-- This site is optimized with the Yoast SEO plugin v27.4 - https:\/\/yoast.com\/product\/yoast-seo-wordpress\/ -->\n<title>GigaTrak Asset Tracking System: recensione software gestione strumenti<\/title>\n<meta name=\"description\" content=\"GigaTrak Asset Tracking System: recensione soluzione di gestione delle risorse in loco che si rivolge ad aziende di vari settori.\" \/>\n<meta name=\"robots\" content=\"index, follow, max-snippet:-1, max-image-preview:large, max-video-preview:-1\" \/>\n<link rel=\"canonical\" href=\"https:\/\/www.accuratereviews.com\/it\/software-gestione-strumenti\/gigatrak-asset-tracking-system-recensione\/\" \/>\n<meta property=\"og:locale\" content=\"it_IT\" \/>\n<meta property=\"og:type\" content=\"article\" \/>\n<meta property=\"og:title\" content=\"GigaTrak Asset Tracking System: recensione software gestione strumenti\" \/>\n<meta property=\"og:description\" content=\"GigaTrak Asset Tracking System: recensione soluzione di gestione delle risorse in loco che si rivolge ad aziende di vari settori.\" \/>\n<meta property=\"og:url\" content=\"https:\/\/www.accuratereviews.com\/it\/software-gestione-strumenti\/gigatrak-asset-tracking-system-recensione\/\" \/>\n<meta property=\"og:site_name\" content=\"Accurate Reviews\" \/>\n<meta property=\"og:image\" content=\"https:\/\/www.accuratereviews.com\/wp-content\/uploads\/2021\/06\/Schermata-2021-06-22-alle-10.38.46.png\" \/>\n\t<meta property=\"og:image:width\" content=\"436\" \/>\n\t<meta property=\"og:image:height\" content=\"202\" \/>\n\t<meta property=\"og:image:type\" content=\"image\/png\" \/>\n<meta name=\"twitter:card\" content=\"summary_large_image\" \/>\n<meta name=\"twitter:label1\" content=\"Tempo di lettura stimato\" \/>\n\t<meta name=\"twitter:data1\" content=\"3 minuti\" \/>\n<script type=\"application\/ld+json\" class=\"yoast-schema-graph\">{\"@context\":\"https:\\\/\\\/schema.org\",\"@graph\":[{\"@type\":\"WebPage\",\"@id\":\"https:\\\/\\\/www.accuratereviews.com\\\/it\\\/software-gestione-strumenti\\\/gigatrak-asset-tracking-system-recensione\\\/\",\"url\":\"https:\\\/\\\/www.accuratereviews.com\\\/it\\\/software-gestione-strumenti\\\/gigatrak-asset-tracking-system-recensione\\\/\",\"name\":\"GigaTrak Asset Tracking System: recensione software gestione strumenti\",\"isPartOf\":{\"@id\":\"https:\\\/\\\/www.accuratereviews.com\\\/it\\\/#website\"},\"primaryImageOfPage\":{\"@id\":\"https:\\\/\\\/www.accuratereviews.com\\\/it\\\/software-gestione-strumenti\\\/gigatrak-asset-tracking-system-recensione\\\/#primaryimage\"},\"image\":{\"@id\":\"https:\\\/\\\/www.accuratereviews.com\\\/it\\\/software-gestione-strumenti\\\/gigatrak-asset-tracking-system-recensione\\\/#primaryimage\"},\"thumbnailUrl\":\"https:\\\/\\\/www.accuratereviews.com\\\/wp-content\\\/uploads\\\/2021\\\/06\\\/Schermata-2021-06-22-alle-10.38.46.png\",\"datePublished\":\"2021-06-22T10:17:42+00:00\",\"description\":\"GigaTrak Asset Tracking System: recensione soluzione di gestione delle risorse in loco che si rivolge ad aziende di vari settori.\",\"breadcrumb\":{\"@id\":\"https:\\\/\\\/www.accuratereviews.com\\\/it\\\/software-gestione-strumenti\\\/gigatrak-asset-tracking-system-recensione\\\/#breadcrumb\"},\"inLanguage\":\"it-IT\",\"potentialAction\":[{\"@type\":\"ReadAction\",\"target\":[\"https:\\\/\\\/www.accuratereviews.com\\\/it\\\/software-gestione-strumenti\\\/gigatrak-asset-tracking-system-recensione\\\/\"]}]},{\"@type\":\"ImageObject\",\"inLanguage\":\"it-IT\",\"@id\":\"https:\\\/\\\/www.accuratereviews.com\\\/it\\\/software-gestione-strumenti\\\/gigatrak-asset-tracking-system-recensione\\\/#primaryimage\",\"url\":\"https:\\\/\\\/www.accuratereviews.com\\\/wp-content\\\/uploads\\\/2021\\\/06\\\/Schermata-2021-06-22-alle-10.38.46.png\",\"contentUrl\":\"https:\\\/\\\/www.accuratereviews.com\\\/wp-content\\\/uploads\\\/2021\\\/06\\\/Schermata-2021-06-22-alle-10.38.46.png\",\"width\":436,\"height\":202},{\"@type\":\"BreadcrumbList\",\"@id\":\"https:\\\/\\\/www.accuratereviews.com\\\/it\\\/software-gestione-strumenti\\\/gigatrak-asset-tracking-system-recensione\\\/#breadcrumb\",\"itemListElement\":[{\"@type\":\"ListItem\",\"position\":1,\"name\":\"Home\",\"item\":\"https:\\\/\\\/www.accuratereviews.com\\\/it\\\/\"},{\"@type\":\"ListItem\",\"position\":2,\"name\":\"Software per la gestione degli strumenti\",\"item\":\"https:\\\/\\\/www.accuratereviews.com\\\/it\\\/software-gestione-strumenti\\\/\"},{\"@type\":\"ListItem\",\"position\":3,\"name\":\"GigaTrak Asset Tracking System\"}]},{\"@type\":\"WebSite\",\"@id\":\"https:\\\/\\\/www.accuratereviews.com\\\/it\\\/#website\",\"url\":\"https:\\\/\\\/www.accuratereviews.com\\\/it\\\/\",\"name\":\"Accurate Reviews\",\"description\":\"\",\"potentialAction\":[{\"@type\":\"SearchAction\",\"target\":{\"@type\":\"EntryPoint\",\"urlTemplate\":\"https:\\\/\\\/www.accuratereviews.com\\\/it\\\/?s={search_term_string}\"},\"query-input\":{\"@type\":\"PropertyValueSpecification\",\"valueRequired\":true,\"valueName\":\"search_term_string\"}}],\"inLanguage\":\"it-IT\"}]}<\/script>\n<!-- \/ Yoast SEO plugin. -->","yoast_head_json":{"title":"GigaTrak Asset Tracking System: recensione software gestione strumenti","description":"GigaTrak Asset Tracking System: recensione soluzione di gestione delle risorse in loco che si rivolge ad aziende di vari settori.","robots":{"index":"index","follow":"follow","max-snippet":"max-snippet:-1","max-image-preview":"max-image-preview:large","max-video-preview":"max-video-preview:-1"},"canonical":"https:\/\/www.accuratereviews.com\/it\/software-gestione-strumenti\/gigatrak-asset-tracking-system-recensione\/","og_locale":"it_IT","og_type":"article","og_title":"GigaTrak Asset Tracking System: recensione software gestione strumenti","og_description":"GigaTrak Asset Tracking System: recensione soluzione di gestione delle risorse in loco che si rivolge ad aziende di vari settori.","og_url":"https:\/\/www.accuratereviews.com\/it\/software-gestione-strumenti\/gigatrak-asset-tracking-system-recensione\/","og_site_name":"Accurate Reviews","og_image":[{"width":436,"height":202,"url":"https:\/\/www.accuratereviews.com\/wp-content\/uploads\/2021\/06\/Schermata-2021-06-22-alle-10.38.46.png","type":"image\/png"}],"twitter_card":"summary_large_image","twitter_misc":{"Tempo di lettura stimato":"3 minuti"},"schema":{"@context":"https:\/\/schema.org","@graph":[{"@type":"WebPage","@id":"https:\/\/www.accuratereviews.com\/it\/software-gestione-strumenti\/gigatrak-asset-tracking-system-recensione\/","url":"https:\/\/www.accuratereviews.com\/it\/software-gestione-strumenti\/gigatrak-asset-tracking-system-recensione\/","name":"GigaTrak Asset Tracking System: recensione software gestione strumenti","isPartOf":{"@id":"https:\/\/www.accuratereviews.com\/it\/#website"},"primaryImageOfPage":{"@id":"https:\/\/www.accuratereviews.com\/it\/software-gestione-strumenti\/gigatrak-asset-tracking-system-recensione\/#primaryimage"},"image":{"@id":"https:\/\/www.accuratereviews.com\/it\/software-gestione-strumenti\/gigatrak-asset-tracking-system-recensione\/#primaryimage"},"thumbnailUrl":"https:\/\/www.accuratereviews.com\/wp-content\/uploads\/2021\/06\/Schermata-2021-06-22-alle-10.38.46.png","datePublished":"2021-06-22T10:17:42+00:00","description":"GigaTrak Asset Tracking System: recensione soluzione di gestione delle risorse in loco che si rivolge ad aziende di vari settori.","breadcrumb":{"@id":"https:\/\/www.accuratereviews.com\/it\/software-gestione-strumenti\/gigatrak-asset-tracking-system-recensione\/#breadcrumb"},"inLanguage":"it-IT","potentialAction":[{"@type":"ReadAction","target":["https:\/\/www.accuratereviews.com\/it\/software-gestione-strumenti\/gigatrak-asset-tracking-system-recensione\/"]}]},{"@type":"ImageObject","inLanguage":"it-IT","@id":"https:\/\/www.accuratereviews.com\/it\/software-gestione-strumenti\/gigatrak-asset-tracking-system-recensione\/#primaryimage","url":"https:\/\/www.accuratereviews.com\/wp-content\/uploads\/2021\/06\/Schermata-2021-06-22-alle-10.38.46.png","contentUrl":"https:\/\/www.accuratereviews.com\/wp-content\/uploads\/2021\/06\/Schermata-2021-06-22-alle-10.38.46.png","width":436,"height":202},{"@type":"BreadcrumbList","@id":"https:\/\/www.accuratereviews.com\/it\/software-gestione-strumenti\/gigatrak-asset-tracking-system-recensione\/#breadcrumb","itemListElement":[{"@type":"ListItem","position":1,"name":"Home","item":"https:\/\/www.accuratereviews.com\/it\/"},{"@type":"ListItem","position":2,"name":"Software per la gestione degli strumenti","item":"https:\/\/www.accuratereviews.com\/it\/software-gestione-strumenti\/"},{"@type":"ListItem","position":3,"name":"GigaTrak Asset Tracking System"}]},{"@type":"WebSite","@id":"https:\/\/www.accuratereviews.com\/it\/#website","url":"https:\/\/www.accuratereviews.com\/it\/","name":"Accurate Reviews","description":"","potentialAction":[{"@type":"SearchAction","target":{"@type":"EntryPoint","urlTemplate":"https:\/\/www.accuratereviews.com\/it\/?s={search_term_string}"},"query-input":{"@type":"PropertyValueSpecification","valueRequired":true,"valueName":"search_term_string"}}],"inLanguage":"it-IT"}]}},"_links":{"self":[{"href":"https:\/\/www.accuratereviews.com\/it\/wp-json\/wp\/v2\/pages\/44489","targetHints":{"allow":["GET"]}}],"collection":[{"href":"https:\/\/www.accuratereviews.com\/it\/wp-json\/wp\/v2\/pages"}],"about":[{"href":"https:\/\/www.accuratereviews.com\/it\/wp-json\/wp\/v2\/types\/page"}],"author":[{"embeddable":true,"href":"https:\/\/www.accuratereviews.com\/it\/wp-json\/wp\/v2\/users\/16"}],"replies":[{"embeddable":true,"href":"https:\/\/www.accuratereviews.com\/it\/wp-json\/wp\/v2\/comments?post=44489"}],"version-history":[{"count":6,"href":"https:\/\/www.accuratereviews.com\/it\/wp-json\/wp\/v2\/pages\/44489\/revisions"}],"predecessor-version":[{"id":44502,"href":"https:\/\/www.accuratereviews.com\/it\/wp-json\/wp\/v2\/pages\/44489\/revisions\/44502"}],"up":[{"embeddable":true,"href":"https:\/\/www.accuratereviews.com\/it\/wp-json\/wp\/v2\/pages\/44170"}],"wp:featuredmedia":[{"embeddable":true,"href":"https:\/\/www.accuratereviews.com\/it\/wp-json\/wp\/v2\/media\/44490"}],"wp:attachment":[{"href":"https:\/\/www.accuratereviews.com\/it\/wp-json\/wp\/v2\/media?parent=44489"}],"wp:term":[{"taxonomy":"category","embeddable":true,"href":"https:\/\/www.accuratereviews.com\/it\/wp-json\/wp\/v2\/categories?post=44489"},{"taxonomy":"post_tag","embeddable":true,"href":"https:\/\/www.accuratereviews.com\/it\/wp-json\/wp\/v2\/tags?post=44489"},{"taxonomy":"features","embeddable":true,"href":"https:\/\/www.accuratereviews.com\/it\/wp-json\/wp\/v2\/features?post=44489"}],"curies":[{"name":"wp","href":"https:\/\/api.w.org\/{rel}","templated":true}]}}