{"id":44545,"date":"2021-06-23T10:32:13","date_gmt":"2021-06-23T10:32:13","guid":{"rendered":"https:\/\/www.accuratereviews.com\/?page_id=44545"},"modified":"2021-06-23T10:32:13","modified_gmt":"2021-06-23T10:32:13","slug":"toolwatch-enterprise-recensione","status":"publish","type":"page","link":"https:\/\/www.accuratereviews.com\/it\/software-gestione-strumenti\/toolwatch-enterprise-recensione\/","title":{"rendered":"ToolWatch Enterprise"},"content":{"rendered":"<p><strong>ToolWatch Enterprise<\/strong> \u00e8 un <strong>software di gestione delle risorse<\/strong> ospitato nel <strong>cloud<\/strong> che consente alle aziende di avere una migliore visibilit\u00e0 su strumenti, materiali e attrezzature. Con il controllo totale sulle risorse si possono gestire e distribuire in modo efficiente senza compromettere i guadagni. Un partner ideale per le aziende con risorse distribuite in diversi uffici e sedi di progetti, il programma fa in modo efficace ed efficiente ci\u00f2 che i fogli di calcolo e sistemi basati su carta non possono. <strong>ToolWatch Enterprise<\/strong> ti consente di archiviare e accedere a tutte le informazioni critiche del tuo inventario, magazzino e operazioni sul campo da un database centralizzato.\u00a0Puoi monitorare lo stato dei tuoi beni dal magazzino alla consegna, fino al luogo di lavoro e ritorno. L&#8217;acquisto e la ricezione in sedi esterne possono essere effettuati e monitorati tramite dispositivi mobili.<\/p>\n<h2>TOOLWATCH ENTERPRISE &#8211; TUTORIAL<\/h2>\n<p>Ecco un video che mostra come pu\u00f2 aiutarti nel tuo lavoro questo <strong>software di gestione degli strumenti<\/strong>:<\/p>\n<div id=\"fluid-wrapper-counter-1\" class=\"g1-fluid-wrapper \" style=\"width:686px;\">\n<div style=\"padding-bottom:56.268221574344%;\"><iframe loading=\"lazy\" title=\"ToolWatch Operations Management\" width=\"686\" height=\"386\" src=\"https:\/\/www.youtube.com\/embed\/B2OB-1UPXRg?feature=oembed&amp;wmode=transparent&amp;autohide=1&amp;autoplay=0&amp;disablekb=0&amp;fs=1&amp;loop=0&amp;enablejsapi=1&amp;rel=0&amp;controls=2&amp;showinfo=0&amp;wmode=transparent&amp;autohide=2&amp;autoplay=0&amp;disablekb=0&amp;fs=1&amp;loop=0&amp;enablejsapi=1&amp;rel=0&amp;controls=2&amp;showinfo=1\" frameborder=\"0\" allow=\"accelerometer; autoplay; clipboard-write; encrypted-media; gyroscope; picture-in-picture\" allowfullscreen><\/iframe><\/div>\n<\/div>\n<h3>TOOLWATCH ENTERPRISE &#8211; CARATTERISTICHE<\/h3>\n<ul>\n<li><strong>Manutenzione dell&#8217;elenco<\/strong>: aggiungi, modifica o elimina facilmente le informazioni nel database per mantenere i tuoi dati completi e accurati<\/li>\n<li><strong>Costo del lavoro e fatturazione<\/strong>: elimina le congetture ed esegui costi e fatturazione precisi con calcoli automatizzati che vengono eseguiti per entrambe le attivit\u00e0 contemporaneamente<\/li>\n<li><strong>Report, grafici e dashboard<\/strong>: fornisci a manager e dirigenti i dati in tempo reale di cui hanno bisogno per prendere decisioni informate nel formato che preferiscono<\/li>\n<li><strong>Visualizzazione dell&#8217;organizzazione<\/strong>: avere una visibilit\u00e0 completa delle risorse in qualsiasi numero di punti di stoccaggio in progetti o regioni<\/li>\n<li><strong>Gestione degli strumenti e delle attrezzature<\/strong>: massimizza l&#8217;utilizzo di strumenti e attrezzature ed elimina gli acquisti non necessari<\/li>\n<li><strong>Ticket e trasferimenti:<\/strong> lavorare in stretta collaborazione con il team di magazzino\/cantiere per facilitare il flusso efficiente di strumenti e materiali tra i team sul campo e i cantieri<\/li>\n<li><strong>Acquistare e ricevere<\/strong>: collabora con il team del magazzino\/cantiere per acquistare in modo intelligente tramite funzionalit\u00e0 di shopping comparativo, elenchi di fornitori preferiti ed elenchi di articoli consigliati e per integrare nuovi strumenti e attrezzature<\/li>\n<li><strong>Servizio e calibrazione<\/strong>: garantisci la sicurezza delle tue squadre sul campo e la longevit\u00e0 dei tuoi strumenti e attrezzature con promemoria delle attivit\u00e0 e funzionalit\u00e0 di conservazione dei registri<\/li>\n<li><strong>Reportistica personalizzata<\/strong>: crea report personalizzati per soddisfare le esigenze specifiche della tua azienda<\/li>\n<li><strong>Amministrazione di sistema<\/strong>: mantieni la sicurezza dei tuoi dati concedendo diritti di accesso specifici dell&#8217;utente in base ai ruoli dei dipendenti.<\/li>\n<\/ul>\n<h4>LE RECENSIONI DEGLI UTENTI<\/h4>\n<p class=\"font-weight-bold mb-1 d-flex align-items-center\"><strong>Jonathan P.&#8221;ToolWatch Enterprise&#8221;<\/strong><\/p>\n<p><strong>Commenti: <\/strong>Nel complesso la mia esperienza con toolwatch \u00e8 stata ottima. Le mie domande hanno ricevuto risposta molto rapidamente e il team di toolwatch ha reso il processo di onboarding molto semplice.<\/p>\n<p><strong>Pro: <\/strong>Quello che mi \u00e8 piaciuto di pi\u00f9 di questo software \u00e8 la funzione dell&#8217;app mobile. \u00c8 facile e semplice da usare.<\/p>\n<p><strong>Contro: <\/strong>La versione desktop di toolwatch pu\u00f2 essere un po&#8217; complessa. L&#8217;aggiunta di nuovi elementi non \u00e8 cos\u00ec semplice come nella versione mobile.<\/p>\n<p class=\"font-weight-bold mb-1 d-flex align-items-center\"><strong>Jenna S.&#8221;Costo del lavoro e fatturazione a portata di mano!&#8221;<\/strong><\/p>\n<p><strong>Pro: <\/strong>L&#8217;impatto maggiore di ToolWatch sulla nostra azienda \u00e8 stato quello di offrire ai dipendenti visibilit\u00e0 e controllo su attrezzature, strumenti e materiali durante il loro lavoro. Prima era un processo lento, spesso difettoso e le tariffe erano obsolete e incoerenti di anno in anno. ToolWatch \u00e8 stato in grado di darci il controllo di cui abbiamo bisogno.<\/p>\n<p><strong>Contro: <\/strong>Penso che la cosa pi\u00f9 difficile per noi sia stata creare un albero organizzativo efficace e funzionante. Non credo che fossimo pienamente consapevoli di quanto questo abbia influito cos\u00ec tanto su tutta la linea. Abbiamo chiesto il parere del responsabile dell&#8217;implementazione e la risposta che abbiamo ricevuto non \u00e8 stata del tutto utile.<\/p>\n<p class=\"font-weight-bold mb-1 d-flex align-items-center\"><strong>Chad E.&#8221;ToolWatch \u00e8 facile da usare&#8221;<\/strong><\/p>\n<p><strong>Commenti: <\/strong>Il mio contatto diretto con ToolWatch \u00e8 fantastico con cui lavorare. \u00c8 molto rapido nell&#8217;affrontare problemi\/preoccupazioni e li ha risolti entro un giorno o due.<\/p>\n<p><strong>Vantaggi: <\/strong>ToolWatch \u00e8 molto facile da configurare e da usare. Lo consiglierei a qualsiasi azienda che sta cercando di gestire attrezzature e\/o materiale.<\/p>\n<p><strong>Inconvenienti: <\/strong>Gli elementi che ho riscontrato essere un problema sono stati o sono in fase di risoluzione.<\/p>\n","protected":false},"excerpt":{"rendered":"<p>ToolWatch Enterprise \u00e8 un software di gestione delle risorse ospitato nel cloud che consente alle aziende di avere una migliore visibilit\u00e0 su strumenti, materiali e attrezzature. Con il controllo totale sulle risorse si pu\u00f2 gestirle e distribuirle in modo efficiente senza compromettere i guadagni. <\/p>\n","protected":false},"author":16,"featured_media":44546,"parent":44170,"menu_order":0,"comment_status":"open","ping_status":"closed","template":"g1_template_page_review_new.php","meta":{"_acf_changed":false,"cwp_meta_box_check":"Yes","cwp_rev_product_name":"","cwp_rev_product_image":"","wppr_links":[],"cwp_rev_price":"","wppr_options":[],"wppr_pros":[],"wppr_cons":[],"_monsterinsights_skip_tracking":false,"_monsterinsights_sitenote_active":false,"_monsterinsights_sitenote_note":"","_monsterinsights_sitenote_category":0,"footnotes":""},"categories":[6265],"tags":[396,6305,6272,6269,6271,10113],"features":[],"class_list":{"0":"post-44545","1":"page","2":"type-page","3":"status-publish","4":"has-post-thumbnail","6":"category-software-gestione-strumenti-cat","7":"tag-cloud","8":"tag-piattaforma-gestione-strumenti","9":"tag-programma-gestione-strumenti","10":"tag-software-gestione-strumenti","11":"tag-soluzione-gestione-strumenti","12":"tag-toolwaltch"},"wppr_data":{"cwp_meta_box_check":"Yes","cwp_rev_product_name":"","cwp_rev_product_image":"","cwp_image_link":"image","cwp_rev_price":"","wppr_rating":"0.00"},"acf":[],"yoast_head":"<!-- This site is optimized with the Yoast SEO plugin v27.4 - https:\/\/yoast.com\/product\/yoast-seo-wordpress\/ -->\n<title>ToolWatch Enterprise: recensione software gestione strumenti<\/title>\n<meta name=\"description\" content=\"ToolWatch Enterprise: recensione software di gestione delle risorse ospitato nel cloud per avere una migliore visibilit\u00e0 su strumenti, materiali e attrezzature.\" \/>\n<meta name=\"robots\" content=\"index, follow, max-snippet:-1, max-image-preview:large, max-video-preview:-1\" \/>\n<link rel=\"canonical\" href=\"https:\/\/www.accuratereviews.com\/it\/software-gestione-strumenti\/toolwatch-enterprise-recensione\/\" \/>\n<meta property=\"og:locale\" content=\"it_IT\" \/>\n<meta property=\"og:type\" content=\"article\" \/>\n<meta property=\"og:title\" content=\"ToolWatch Enterprise: recensione software gestione strumenti\" \/>\n<meta property=\"og:description\" content=\"ToolWatch Enterprise: recensione software di gestione delle risorse ospitato nel cloud per avere una migliore visibilit\u00e0 su strumenti, materiali e attrezzature.\" \/>\n<meta property=\"og:url\" content=\"https:\/\/www.accuratereviews.com\/it\/software-gestione-strumenti\/toolwatch-enterprise-recensione\/\" \/>\n<meta property=\"og:site_name\" content=\"Accurate Reviews\" \/>\n<meta property=\"og:image\" content=\"https:\/\/www.accuratereviews.com\/wp-content\/uploads\/2021\/06\/ToolWatch.png\" \/>\n\t<meta property=\"og:image:width\" content=\"200\" \/>\n\t<meta property=\"og:image:height\" content=\"200\" \/>\n\t<meta property=\"og:image:type\" content=\"image\/png\" \/>\n<meta name=\"twitter:card\" content=\"summary_large_image\" \/>\n<meta name=\"twitter:label1\" content=\"Tempo di lettura stimato\" \/>\n\t<meta name=\"twitter:data1\" content=\"3 minuti\" \/>\n<script type=\"application\/ld+json\" class=\"yoast-schema-graph\">{\"@context\":\"https:\\\/\\\/schema.org\",\"@graph\":[{\"@type\":\"WebPage\",\"@id\":\"https:\\\/\\\/www.accuratereviews.com\\\/it\\\/software-gestione-strumenti\\\/toolwatch-enterprise-recensione\\\/\",\"url\":\"https:\\\/\\\/www.accuratereviews.com\\\/it\\\/software-gestione-strumenti\\\/toolwatch-enterprise-recensione\\\/\",\"name\":\"ToolWatch Enterprise: recensione software gestione strumenti\",\"isPartOf\":{\"@id\":\"https:\\\/\\\/www.accuratereviews.com\\\/it\\\/#website\"},\"primaryImageOfPage\":{\"@id\":\"https:\\\/\\\/www.accuratereviews.com\\\/it\\\/software-gestione-strumenti\\\/toolwatch-enterprise-recensione\\\/#primaryimage\"},\"image\":{\"@id\":\"https:\\\/\\\/www.accuratereviews.com\\\/it\\\/software-gestione-strumenti\\\/toolwatch-enterprise-recensione\\\/#primaryimage\"},\"thumbnailUrl\":\"https:\\\/\\\/www.accuratereviews.com\\\/wp-content\\\/uploads\\\/2021\\\/06\\\/ToolWatch.png\",\"datePublished\":\"2021-06-23T10:32:13+00:00\",\"description\":\"ToolWatch Enterprise: recensione software di gestione delle risorse ospitato nel cloud per avere una migliore visibilit\u00e0 su strumenti, materiali e attrezzature.\",\"breadcrumb\":{\"@id\":\"https:\\\/\\\/www.accuratereviews.com\\\/it\\\/software-gestione-strumenti\\\/toolwatch-enterprise-recensione\\\/#breadcrumb\"},\"inLanguage\":\"it-IT\",\"potentialAction\":[{\"@type\":\"ReadAction\",\"target\":[\"https:\\\/\\\/www.accuratereviews.com\\\/it\\\/software-gestione-strumenti\\\/toolwatch-enterprise-recensione\\\/\"]}]},{\"@type\":\"ImageObject\",\"inLanguage\":\"it-IT\",\"@id\":\"https:\\\/\\\/www.accuratereviews.com\\\/it\\\/software-gestione-strumenti\\\/toolwatch-enterprise-recensione\\\/#primaryimage\",\"url\":\"https:\\\/\\\/www.accuratereviews.com\\\/wp-content\\\/uploads\\\/2021\\\/06\\\/ToolWatch.png\",\"contentUrl\":\"https:\\\/\\\/www.accuratereviews.com\\\/wp-content\\\/uploads\\\/2021\\\/06\\\/ToolWatch.png\",\"width\":200,\"height\":200},{\"@type\":\"BreadcrumbList\",\"@id\":\"https:\\\/\\\/www.accuratereviews.com\\\/it\\\/software-gestione-strumenti\\\/toolwatch-enterprise-recensione\\\/#breadcrumb\",\"itemListElement\":[{\"@type\":\"ListItem\",\"position\":1,\"name\":\"Home\",\"item\":\"https:\\\/\\\/www.accuratereviews.com\\\/it\\\/\"},{\"@type\":\"ListItem\",\"position\":2,\"name\":\"Software per la gestione degli strumenti\",\"item\":\"https:\\\/\\\/www.accuratereviews.com\\\/it\\\/software-gestione-strumenti\\\/\"},{\"@type\":\"ListItem\",\"position\":3,\"name\":\"ToolWatch Enterprise\"}]},{\"@type\":\"WebSite\",\"@id\":\"https:\\\/\\\/www.accuratereviews.com\\\/it\\\/#website\",\"url\":\"https:\\\/\\\/www.accuratereviews.com\\\/it\\\/\",\"name\":\"Accurate Reviews\",\"description\":\"\",\"potentialAction\":[{\"@type\":\"SearchAction\",\"target\":{\"@type\":\"EntryPoint\",\"urlTemplate\":\"https:\\\/\\\/www.accuratereviews.com\\\/it\\\/?s={search_term_string}\"},\"query-input\":{\"@type\":\"PropertyValueSpecification\",\"valueRequired\":true,\"valueName\":\"search_term_string\"}}],\"inLanguage\":\"it-IT\"}]}<\/script>\n<!-- \/ Yoast SEO plugin. -->","yoast_head_json":{"title":"ToolWatch Enterprise: recensione software gestione strumenti","description":"ToolWatch Enterprise: recensione software di gestione delle risorse ospitato nel cloud per avere una migliore visibilit\u00e0 su strumenti, materiali e attrezzature.","robots":{"index":"index","follow":"follow","max-snippet":"max-snippet:-1","max-image-preview":"max-image-preview:large","max-video-preview":"max-video-preview:-1"},"canonical":"https:\/\/www.accuratereviews.com\/it\/software-gestione-strumenti\/toolwatch-enterprise-recensione\/","og_locale":"it_IT","og_type":"article","og_title":"ToolWatch Enterprise: recensione software gestione strumenti","og_description":"ToolWatch Enterprise: recensione software di gestione delle risorse ospitato nel cloud per avere una migliore visibilit\u00e0 su strumenti, materiali e attrezzature.","og_url":"https:\/\/www.accuratereviews.com\/it\/software-gestione-strumenti\/toolwatch-enterprise-recensione\/","og_site_name":"Accurate Reviews","og_image":[{"width":200,"height":200,"url":"https:\/\/www.accuratereviews.com\/wp-content\/uploads\/2021\/06\/ToolWatch.png","type":"image\/png"}],"twitter_card":"summary_large_image","twitter_misc":{"Tempo di lettura stimato":"3 minuti"},"schema":{"@context":"https:\/\/schema.org","@graph":[{"@type":"WebPage","@id":"https:\/\/www.accuratereviews.com\/it\/software-gestione-strumenti\/toolwatch-enterprise-recensione\/","url":"https:\/\/www.accuratereviews.com\/it\/software-gestione-strumenti\/toolwatch-enterprise-recensione\/","name":"ToolWatch Enterprise: recensione software gestione strumenti","isPartOf":{"@id":"https:\/\/www.accuratereviews.com\/it\/#website"},"primaryImageOfPage":{"@id":"https:\/\/www.accuratereviews.com\/it\/software-gestione-strumenti\/toolwatch-enterprise-recensione\/#primaryimage"},"image":{"@id":"https:\/\/www.accuratereviews.com\/it\/software-gestione-strumenti\/toolwatch-enterprise-recensione\/#primaryimage"},"thumbnailUrl":"https:\/\/www.accuratereviews.com\/wp-content\/uploads\/2021\/06\/ToolWatch.png","datePublished":"2021-06-23T10:32:13+00:00","description":"ToolWatch Enterprise: recensione software di gestione delle risorse ospitato nel cloud per avere una migliore visibilit\u00e0 su strumenti, materiali e attrezzature.","breadcrumb":{"@id":"https:\/\/www.accuratereviews.com\/it\/software-gestione-strumenti\/toolwatch-enterprise-recensione\/#breadcrumb"},"inLanguage":"it-IT","potentialAction":[{"@type":"ReadAction","target":["https:\/\/www.accuratereviews.com\/it\/software-gestione-strumenti\/toolwatch-enterprise-recensione\/"]}]},{"@type":"ImageObject","inLanguage":"it-IT","@id":"https:\/\/www.accuratereviews.com\/it\/software-gestione-strumenti\/toolwatch-enterprise-recensione\/#primaryimage","url":"https:\/\/www.accuratereviews.com\/wp-content\/uploads\/2021\/06\/ToolWatch.png","contentUrl":"https:\/\/www.accuratereviews.com\/wp-content\/uploads\/2021\/06\/ToolWatch.png","width":200,"height":200},{"@type":"BreadcrumbList","@id":"https:\/\/www.accuratereviews.com\/it\/software-gestione-strumenti\/toolwatch-enterprise-recensione\/#breadcrumb","itemListElement":[{"@type":"ListItem","position":1,"name":"Home","item":"https:\/\/www.accuratereviews.com\/it\/"},{"@type":"ListItem","position":2,"name":"Software per la gestione degli strumenti","item":"https:\/\/www.accuratereviews.com\/it\/software-gestione-strumenti\/"},{"@type":"ListItem","position":3,"name":"ToolWatch Enterprise"}]},{"@type":"WebSite","@id":"https:\/\/www.accuratereviews.com\/it\/#website","url":"https:\/\/www.accuratereviews.com\/it\/","name":"Accurate Reviews","description":"","potentialAction":[{"@type":"SearchAction","target":{"@type":"EntryPoint","urlTemplate":"https:\/\/www.accuratereviews.com\/it\/?s={search_term_string}"},"query-input":{"@type":"PropertyValueSpecification","valueRequired":true,"valueName":"search_term_string"}}],"inLanguage":"it-IT"}]}},"_links":{"self":[{"href":"https:\/\/www.accuratereviews.com\/it\/wp-json\/wp\/v2\/pages\/44545","targetHints":{"allow":["GET"]}}],"collection":[{"href":"https:\/\/www.accuratereviews.com\/it\/wp-json\/wp\/v2\/pages"}],"about":[{"href":"https:\/\/www.accuratereviews.com\/it\/wp-json\/wp\/v2\/types\/page"}],"author":[{"embeddable":true,"href":"https:\/\/www.accuratereviews.com\/it\/wp-json\/wp\/v2\/users\/16"}],"replies":[{"embeddable":true,"href":"https:\/\/www.accuratereviews.com\/it\/wp-json\/wp\/v2\/comments?post=44545"}],"version-history":[{"count":6,"href":"https:\/\/www.accuratereviews.com\/it\/wp-json\/wp\/v2\/pages\/44545\/revisions"}],"predecessor-version":[{"id":44591,"href":"https:\/\/www.accuratereviews.com\/it\/wp-json\/wp\/v2\/pages\/44545\/revisions\/44591"}],"up":[{"embeddable":true,"href":"https:\/\/www.accuratereviews.com\/it\/wp-json\/wp\/v2\/pages\/44170"}],"wp:featuredmedia":[{"embeddable":true,"href":"https:\/\/www.accuratereviews.com\/it\/wp-json\/wp\/v2\/media\/44546"}],"wp:attachment":[{"href":"https:\/\/www.accuratereviews.com\/it\/wp-json\/wp\/v2\/media?parent=44545"}],"wp:term":[{"taxonomy":"category","embeddable":true,"href":"https:\/\/www.accuratereviews.com\/it\/wp-json\/wp\/v2\/categories?post=44545"},{"taxonomy":"post_tag","embeddable":true,"href":"https:\/\/www.accuratereviews.com\/it\/wp-json\/wp\/v2\/tags?post=44545"},{"taxonomy":"features","embeddable":true,"href":"https:\/\/www.accuratereviews.com\/it\/wp-json\/wp\/v2\/features?post=44545"}],"curies":[{"name":"wp","href":"https:\/\/api.w.org\/{rel}","templated":true}]}}