{"id":44552,"date":"2021-06-23T10:39:51","date_gmt":"2021-06-23T10:39:51","guid":{"rendered":"https:\/\/www.accuratereviews.com\/?page_id=44552"},"modified":"2021-06-23T10:39:51","modified_gmt":"2021-06-23T10:39:51","slug":"micromain-recensione","status":"publish","type":"page","link":"https:\/\/www.accuratereviews.com\/it\/software-gestione-strumenti\/micromain-recensione\/","title":{"rendered":"MicroMain"},"content":{"rendered":"<p><strong>MicroMain<\/strong> \u00e8 una <strong>soluzione per la gestione delle strutture<\/strong>\u00a0che consente alle aziende di vari settori di condurre operazioni di manutenzione durante il ciclo di vita di progetti e processi. Pu\u00f2 gestire diverse strutture all&#8217;interno di un&#8217;organizzazione come l&#8217;inventario, la gestione preventiva e differita, le attivit\u00e0 e i dati. Funzionalit\u00e0 come il monitoraggio, la gestione preventiva, le ispezioni e gli ordini di lavoro rendono questa soluzione configurabile con diversi tipi di organizzazioni. Grazie alla sua interfaccia intuitiva, <strong>MicroMain<\/strong> soddisfa anche un&#8217;ampia gamma di esigenze e requisiti delle aziende attraverso la razionalizzazione delle loro operazioni, siano esse produttive, sanitarie, ricreative o educative, per avere effetti positivi sulla gestione del ciclo di vita delle risorse.<\/p>\n<h2>MICROMAIN &#8211; TUTORIAL<\/h2>\n<p>Il tutorial spiega come gestire facilmente il tempo di una attivit\u00e0 con questo <strong>software di gestione delle strutture<\/strong>:<\/p>\n<div id=\"fluid-wrapper-counter-1\" class=\"g1-fluid-wrapper \" style=\"width:686px;\">\n<div style=\"padding-bottom:56.268221574344%;\"><iframe loading=\"lazy\" title=\"MicroMain GLOBAL Manual Task Time\" width=\"686\" height=\"386\" src=\"https:\/\/www.youtube.com\/embed\/kXQdTv93KKA?feature=oembed&amp;wmode=transparent&amp;autohide=1&amp;autoplay=0&amp;disablekb=0&amp;fs=1&amp;loop=0&amp;enablejsapi=1&amp;rel=0&amp;controls=2&amp;showinfo=0&amp;wmode=transparent&amp;autohide=2&amp;autoplay=0&amp;disablekb=0&amp;fs=1&amp;loop=0&amp;enablejsapi=1&amp;rel=0&amp;controls=2&amp;showinfo=1\" frameborder=\"0\" allow=\"accelerometer; autoplay; clipboard-write; encrypted-media; gyroscope; picture-in-picture\" allowfullscreen><\/iframe><\/div>\n<\/div>\n<h3>MICROMAIN &#8211; CARATTERISTICHE<\/h3>\n<ul>\n<li><strong>Gestione degli ordini di lavoro<\/strong>: rende la pianificazione e il monitoraggio degli ordini di lavoro un gioco da ragazzi. Assegna e monitora manodopera, parti, strumenti e altre informazioni importanti. Imposta priorit\u00e0, scadenze e avvisi per garantire che tutto il lavoro sia completato correttamente e in tempo<\/li>\n<li><strong>Manutenzione preventiva<\/strong>: ti aiuter\u00e0 a impostare il miglior piano di manutenzione preventiva possibile. Stabilisci pratiche coerenti per migliorare le prestazioni e la sicurezza della tua attrezzatura. Pianifica attivit\u00e0 di manutenzione regolari invece di occuparti costantemente di riparazioni urgenti<\/li>\n<li><strong>Gestione delle risorse<\/strong>: ti consente di impostare e tenere traccia di un numero illimitato di risorse e di organizzarle in gruppi efficaci. Il software offre anche una funzione di clonazione per duplicare rapidamente i record delle risorse<\/li>\n<li><strong>Manutenzione predittiva<\/strong>: ti permette di adottare un approccio proattivo alla tua manutenzione. Utilizzando le tendenze e i dati di manutenzione archiviati nel tuo CMMS, sarai in grado di prevedere con precisione le esigenze di manutenzione imminenti e affrontare potenziali problemi prima che si verifichino<\/li>\n<li><strong>Inventario:<\/strong> registra automaticamente le modifiche ai livelli di inventario delle parti man mano che vengono utilizzate. Riduci i costi di trasporto dell&#8217;inventario pur mantenendo una fornitura adeguata delle parti a portata di mano. Ricevi avvisi quando la quantit\u00e0 scende al di sotto del minimo impostato<\/li>\n<li><strong>Monitoraggio e gestione della forza lavoro<\/strong>: ti consente di tenere traccia del tempo necessario ai tecnici per completare determinate attivit\u00e0. Nel tempo, sarai in grado di calcolare automaticamente il tempo stimato necessario per completare determinate attivit\u00e0 e misurare le prestazioni dei tecnici<\/li>\n<li><strong>QR code e codice a barre abilitati<\/strong>: genera automaticamente un QR code univoco per ogni risorsa. Puoi stampare i QR e allegarli alla risorsa corrispondente. Utilizzando un lettore puoi scansionare il codice e connetterti direttamente alla risorsa per richiedere ordini di lavoro.<\/li>\n<\/ul>\n<h4>LE RECENSIONI DEGLI UTENTI<\/h4>\n<p class=\"font-weight-bold mb-1 d-flex align-items-center\"><strong>Ron G.&#8221;Software di manutenzione&#8221;<\/strong><\/p>\n<p><strong>Commenti: <\/strong>La standardizzazione in dieci siti consentir\u00e0 all&#8217;azienda di disporre di un inventario delle parti di ricambio, il che determiner\u00e0 i costi<br \/>\ndi manutenzione complessiva in dieci siti negli Stati Uniti.<\/p>\n<p><strong>Pro: <\/strong>Tutti i siti si stanno standardizzando su Micromain Software, siamo passati dal software Bigfoot a Micromain.<\/p>\n<p><strong>Contro: <\/strong>Inserire i dati di Bigfoot Software nel nuovo database del software Micromain, non \u00e8 semplice come copiare e incollare.<\/p>\n<p class=\"font-weight-bold mb-1 d-flex align-items-center\"><strong>Tracy P.&#8221;Facile da usare&#8221;<\/strong><\/p>\n<p><strong>Pro: <\/strong>Facile da navigare. Mi piace la capacit\u00e0 di generare un ordine di acquisto e di fare riferimento a un ordine di lavoro. Anche il sistema di segnalazione \u00e8 abbastanza buono, una volta che ci si esercita un po&#8217;. La formazione \u00e8 stata eccellente!<\/p>\n<p><strong>Contro: <\/strong>Nessuna lamentela. Sarebbe bello avere un&#8217;email generata automaticamente al tuo personale quando viene assegnato un ordine di lavoro, o ogni mattina quando arrivo, gli ordini di lavoro per quel giorno sono gi\u00e0 sulla stampante.<\/p>\n<p class=\"font-weight-bold mb-1 d-flex align-items-center\"><strong>Rebecca M.&#8221;Il miglior software di manutenzione in circolazione!&#8221;<\/strong><\/p>\n<p><strong>Pro: <\/strong>La funzionalit\u00e0 \u00e8 illimitata. Fa tutto ci\u00f2 di cui abbiamo bisogno. Essere in grado di prendere decisioni basate sui dati dalla funzionalit\u00e0 di reporting avanzata ci ha aiutato a risparmiare un sacco di tempo e denaro.<\/p>\n<p><strong>Contro: <\/strong>Ad essere onesti, non c&#8217;\u00e8 molto di cui mi lamenterei. Lo troviamo molto utile.<\/p>\n","protected":false},"excerpt":{"rendered":"<p>MicroMain \u00e8 una soluzione per la gestione delle strutture e della manutenzione che consente alle aziende di vari settori di condurre operazioni di manutenzione durante il ciclo di vita di progetti e processi. Pu\u00f2 gestire diverse strutture all&#8217;interno di un&#8217;organizzazione come l&#8217;inventario, la gestione preventiva e differita, le attivit\u00e0 e i dati.<\/p>\n","protected":false},"author":16,"featured_media":44553,"parent":44170,"menu_order":0,"comment_status":"open","ping_status":"closed","template":"g1_template_page_review_new.php","meta":{"_acf_changed":false,"cwp_meta_box_check":"Yes","cwp_rev_product_name":"","cwp_rev_product_image":"","wppr_links":[],"cwp_rev_price":"","wppr_options":[],"wppr_pros":[],"wppr_cons":[],"_monsterinsights_skip_tracking":false,"_monsterinsights_sitenote_active":false,"_monsterinsights_sitenote_note":"","_monsterinsights_sitenote_category":0,"footnotes":""},"categories":[6265],"tags":[10111,10112,6305,6272,6269,6271],"features":[],"class_list":{"0":"post-44552","1":"page","2":"type-page","3":"status-publish","4":"has-post-thumbnail","6":"category-software-gestione-strumenti-cat","7":"tag-gestione-manutenzione","8":"tag-micromain","9":"tag-piattaforma-gestione-strumenti","10":"tag-programma-gestione-strumenti","11":"tag-software-gestione-strumenti","12":"tag-soluzione-gestione-strumenti"},"wppr_data":{"cwp_meta_box_check":"Yes","cwp_rev_product_name":"","cwp_rev_product_image":"","cwp_image_link":"image","cwp_rev_price":"","wppr_rating":"0.00"},"acf":[],"yoast_head":"<!-- This site is optimized with the Yoast SEO plugin v27.4 - https:\/\/yoast.com\/product\/yoast-seo-wordpress\/ -->\n<title>MicroMain: recensione software gestione strumenti - Accurate Reviews<\/title>\n<meta name=\"description\" content=\"MicroMain: recensione soluzione per la gestione delle strutture che consente di condurre operazioni di manutenzione.\" \/>\n<meta name=\"robots\" content=\"index, follow, max-snippet:-1, max-image-preview:large, max-video-preview:-1\" \/>\n<link rel=\"canonical\" href=\"https:\/\/www.accuratereviews.com\/it\/software-gestione-strumenti\/micromain-recensione\/\" \/>\n<meta property=\"og:locale\" content=\"it_IT\" \/>\n<meta property=\"og:type\" content=\"article\" \/>\n<meta property=\"og:title\" content=\"MicroMain: recensione software gestione strumenti - Accurate Reviews\" \/>\n<meta property=\"og:description\" content=\"MicroMain: recensione soluzione per la gestione delle strutture che consente di condurre operazioni di manutenzione.\" \/>\n<meta property=\"og:url\" content=\"https:\/\/www.accuratereviews.com\/it\/software-gestione-strumenti\/micromain-recensione\/\" \/>\n<meta property=\"og:site_name\" content=\"Accurate Reviews\" \/>\n<meta property=\"og:image\" content=\"https:\/\/www.accuratereviews.com\/wp-content\/uploads\/2021\/06\/Micromain.png\" \/>\n\t<meta property=\"og:image:width\" content=\"250\" \/>\n\t<meta property=\"og:image:height\" content=\"250\" \/>\n\t<meta property=\"og:image:type\" content=\"image\/png\" \/>\n<meta name=\"twitter:card\" content=\"summary_large_image\" \/>\n<meta name=\"twitter:label1\" content=\"Tempo di lettura stimato\" \/>\n\t<meta name=\"twitter:data1\" content=\"3 minuti\" \/>\n<script type=\"application\/ld+json\" class=\"yoast-schema-graph\">{\"@context\":\"https:\\\/\\\/schema.org\",\"@graph\":[{\"@type\":\"WebPage\",\"@id\":\"https:\\\/\\\/www.accuratereviews.com\\\/it\\\/software-gestione-strumenti\\\/micromain-recensione\\\/\",\"url\":\"https:\\\/\\\/www.accuratereviews.com\\\/it\\\/software-gestione-strumenti\\\/micromain-recensione\\\/\",\"name\":\"MicroMain: recensione software gestione strumenti - Accurate Reviews\",\"isPartOf\":{\"@id\":\"https:\\\/\\\/www.accuratereviews.com\\\/it\\\/#website\"},\"primaryImageOfPage\":{\"@id\":\"https:\\\/\\\/www.accuratereviews.com\\\/it\\\/software-gestione-strumenti\\\/micromain-recensione\\\/#primaryimage\"},\"image\":{\"@id\":\"https:\\\/\\\/www.accuratereviews.com\\\/it\\\/software-gestione-strumenti\\\/micromain-recensione\\\/#primaryimage\"},\"thumbnailUrl\":\"https:\\\/\\\/www.accuratereviews.com\\\/wp-content\\\/uploads\\\/2021\\\/06\\\/Micromain.png\",\"datePublished\":\"2021-06-23T10:39:51+00:00\",\"description\":\"MicroMain: recensione soluzione per la gestione delle strutture che consente di condurre operazioni di manutenzione.\",\"breadcrumb\":{\"@id\":\"https:\\\/\\\/www.accuratereviews.com\\\/it\\\/software-gestione-strumenti\\\/micromain-recensione\\\/#breadcrumb\"},\"inLanguage\":\"it-IT\",\"potentialAction\":[{\"@type\":\"ReadAction\",\"target\":[\"https:\\\/\\\/www.accuratereviews.com\\\/it\\\/software-gestione-strumenti\\\/micromain-recensione\\\/\"]}]},{\"@type\":\"ImageObject\",\"inLanguage\":\"it-IT\",\"@id\":\"https:\\\/\\\/www.accuratereviews.com\\\/it\\\/software-gestione-strumenti\\\/micromain-recensione\\\/#primaryimage\",\"url\":\"https:\\\/\\\/www.accuratereviews.com\\\/wp-content\\\/uploads\\\/2021\\\/06\\\/Micromain.png\",\"contentUrl\":\"https:\\\/\\\/www.accuratereviews.com\\\/wp-content\\\/uploads\\\/2021\\\/06\\\/Micromain.png\",\"width\":250,\"height\":250},{\"@type\":\"BreadcrumbList\",\"@id\":\"https:\\\/\\\/www.accuratereviews.com\\\/it\\\/software-gestione-strumenti\\\/micromain-recensione\\\/#breadcrumb\",\"itemListElement\":[{\"@type\":\"ListItem\",\"position\":1,\"name\":\"Home\",\"item\":\"https:\\\/\\\/www.accuratereviews.com\\\/it\\\/\"},{\"@type\":\"ListItem\",\"position\":2,\"name\":\"Software per la gestione degli strumenti\",\"item\":\"https:\\\/\\\/www.accuratereviews.com\\\/it\\\/software-gestione-strumenti\\\/\"},{\"@type\":\"ListItem\",\"position\":3,\"name\":\"MicroMain\"}]},{\"@type\":\"WebSite\",\"@id\":\"https:\\\/\\\/www.accuratereviews.com\\\/it\\\/#website\",\"url\":\"https:\\\/\\\/www.accuratereviews.com\\\/it\\\/\",\"name\":\"Accurate Reviews\",\"description\":\"\",\"potentialAction\":[{\"@type\":\"SearchAction\",\"target\":{\"@type\":\"EntryPoint\",\"urlTemplate\":\"https:\\\/\\\/www.accuratereviews.com\\\/it\\\/?s={search_term_string}\"},\"query-input\":{\"@type\":\"PropertyValueSpecification\",\"valueRequired\":true,\"valueName\":\"search_term_string\"}}],\"inLanguage\":\"it-IT\"}]}<\/script>\n<!-- \/ Yoast SEO plugin. -->","yoast_head_json":{"title":"MicroMain: recensione software gestione strumenti - Accurate Reviews","description":"MicroMain: recensione soluzione per la gestione delle strutture che consente di condurre operazioni di manutenzione.","robots":{"index":"index","follow":"follow","max-snippet":"max-snippet:-1","max-image-preview":"max-image-preview:large","max-video-preview":"max-video-preview:-1"},"canonical":"https:\/\/www.accuratereviews.com\/it\/software-gestione-strumenti\/micromain-recensione\/","og_locale":"it_IT","og_type":"article","og_title":"MicroMain: recensione software gestione strumenti - Accurate Reviews","og_description":"MicroMain: recensione soluzione per la gestione delle strutture che consente di condurre operazioni di manutenzione.","og_url":"https:\/\/www.accuratereviews.com\/it\/software-gestione-strumenti\/micromain-recensione\/","og_site_name":"Accurate Reviews","og_image":[{"width":250,"height":250,"url":"https:\/\/www.accuratereviews.com\/wp-content\/uploads\/2021\/06\/Micromain.png","type":"image\/png"}],"twitter_card":"summary_large_image","twitter_misc":{"Tempo di lettura stimato":"3 minuti"},"schema":{"@context":"https:\/\/schema.org","@graph":[{"@type":"WebPage","@id":"https:\/\/www.accuratereviews.com\/it\/software-gestione-strumenti\/micromain-recensione\/","url":"https:\/\/www.accuratereviews.com\/it\/software-gestione-strumenti\/micromain-recensione\/","name":"MicroMain: recensione software gestione strumenti - Accurate Reviews","isPartOf":{"@id":"https:\/\/www.accuratereviews.com\/it\/#website"},"primaryImageOfPage":{"@id":"https:\/\/www.accuratereviews.com\/it\/software-gestione-strumenti\/micromain-recensione\/#primaryimage"},"image":{"@id":"https:\/\/www.accuratereviews.com\/it\/software-gestione-strumenti\/micromain-recensione\/#primaryimage"},"thumbnailUrl":"https:\/\/www.accuratereviews.com\/wp-content\/uploads\/2021\/06\/Micromain.png","datePublished":"2021-06-23T10:39:51+00:00","description":"MicroMain: recensione soluzione per la gestione delle strutture che consente di condurre operazioni di manutenzione.","breadcrumb":{"@id":"https:\/\/www.accuratereviews.com\/it\/software-gestione-strumenti\/micromain-recensione\/#breadcrumb"},"inLanguage":"it-IT","potentialAction":[{"@type":"ReadAction","target":["https:\/\/www.accuratereviews.com\/it\/software-gestione-strumenti\/micromain-recensione\/"]}]},{"@type":"ImageObject","inLanguage":"it-IT","@id":"https:\/\/www.accuratereviews.com\/it\/software-gestione-strumenti\/micromain-recensione\/#primaryimage","url":"https:\/\/www.accuratereviews.com\/wp-content\/uploads\/2021\/06\/Micromain.png","contentUrl":"https:\/\/www.accuratereviews.com\/wp-content\/uploads\/2021\/06\/Micromain.png","width":250,"height":250},{"@type":"BreadcrumbList","@id":"https:\/\/www.accuratereviews.com\/it\/software-gestione-strumenti\/micromain-recensione\/#breadcrumb","itemListElement":[{"@type":"ListItem","position":1,"name":"Home","item":"https:\/\/www.accuratereviews.com\/it\/"},{"@type":"ListItem","position":2,"name":"Software per la gestione degli strumenti","item":"https:\/\/www.accuratereviews.com\/it\/software-gestione-strumenti\/"},{"@type":"ListItem","position":3,"name":"MicroMain"}]},{"@type":"WebSite","@id":"https:\/\/www.accuratereviews.com\/it\/#website","url":"https:\/\/www.accuratereviews.com\/it\/","name":"Accurate Reviews","description":"","potentialAction":[{"@type":"SearchAction","target":{"@type":"EntryPoint","urlTemplate":"https:\/\/www.accuratereviews.com\/it\/?s={search_term_string}"},"query-input":{"@type":"PropertyValueSpecification","valueRequired":true,"valueName":"search_term_string"}}],"inLanguage":"it-IT"}]}},"_links":{"self":[{"href":"https:\/\/www.accuratereviews.com\/it\/wp-json\/wp\/v2\/pages\/44552","targetHints":{"allow":["GET"]}}],"collection":[{"href":"https:\/\/www.accuratereviews.com\/it\/wp-json\/wp\/v2\/pages"}],"about":[{"href":"https:\/\/www.accuratereviews.com\/it\/wp-json\/wp\/v2\/types\/page"}],"author":[{"embeddable":true,"href":"https:\/\/www.accuratereviews.com\/it\/wp-json\/wp\/v2\/users\/16"}],"replies":[{"embeddable":true,"href":"https:\/\/www.accuratereviews.com\/it\/wp-json\/wp\/v2\/comments?post=44552"}],"version-history":[{"count":8,"href":"https:\/\/www.accuratereviews.com\/it\/wp-json\/wp\/v2\/pages\/44552\/revisions"}],"predecessor-version":[{"id":44584,"href":"https:\/\/www.accuratereviews.com\/it\/wp-json\/wp\/v2\/pages\/44552\/revisions\/44584"}],"up":[{"embeddable":true,"href":"https:\/\/www.accuratereviews.com\/it\/wp-json\/wp\/v2\/pages\/44170"}],"wp:featuredmedia":[{"embeddable":true,"href":"https:\/\/www.accuratereviews.com\/it\/wp-json\/wp\/v2\/media\/44553"}],"wp:attachment":[{"href":"https:\/\/www.accuratereviews.com\/it\/wp-json\/wp\/v2\/media?parent=44552"}],"wp:term":[{"taxonomy":"category","embeddable":true,"href":"https:\/\/www.accuratereviews.com\/it\/wp-json\/wp\/v2\/categories?post=44552"},{"taxonomy":"post_tag","embeddable":true,"href":"https:\/\/www.accuratereviews.com\/it\/wp-json\/wp\/v2\/tags?post=44552"},{"taxonomy":"features","embeddable":true,"href":"https:\/\/www.accuratereviews.com\/it\/wp-json\/wp\/v2\/features?post=44552"}],"curies":[{"name":"wp","href":"https:\/\/api.w.org\/{rel}","templated":true}]}}