{"id":44597,"date":"2021-06-24T10:30:06","date_gmt":"2021-06-24T10:30:06","guid":{"rendered":"https:\/\/www.accuratereviews.com\/?page_id=44597"},"modified":"2021-06-24T10:30:06","modified_gmt":"2021-06-24T10:30:06","slug":"asset-infinity-recensione","status":"publish","type":"page","link":"https:\/\/www.accuratereviews.com\/it\/software-gestione-strumenti\/asset-infinity-recensione\/","title":{"rendered":"Asset Infinity"},"content":{"rendered":"<p><strong>Asset Infinity<\/strong> \u00e8 un <strong>software per la gestione degli strumenti<\/strong> che ti permette di migliorare, ottimizzare e soprattutto semplificare la manutenzione delle risorse. Grazie a questo sistema di gestione utente molto dettagliato, sarai in grado di monitorare le apparecchiature, i codici a barre delle risorse della tua azienda, conoscere le tue risorse, sapere quale \u00e8 stata assegnata, a chi e per quanto tempo in modo tale da avere tutto sotto controllo. Oltre a questo, <strong>Asset Infinity<\/strong> offre anche report predefiniti che ti consentono di visualizzare lo stato, le condizioni e anche l&#8217;ubicazione delle risorse.<br \/>\nInoltre, per i dispositivi iOS e Android, \u00e8 possibile accedere direttamente all&#8217;app mobile e gestire tutto direttamente dal telefono.<\/p>\n<h2>ASSET INFINITY &#8211; TUTORIAL<\/h2>\n<p>Guardiamo questo video per capire come si usa questa piattaforma:<\/p>\n<div id=\"fluid-wrapper-counter-1\" class=\"g1-fluid-wrapper \" style=\"width:686px;\">\n<div style=\"padding-bottom:56.268221574344%;\"><iframe loading=\"lazy\" title=\"Manage Audit\" width=\"686\" height=\"386\" src=\"https:\/\/www.youtube.com\/embed\/mxe85nm2Ipo?feature=oembed&amp;wmode=transparent&amp;autohide=1&amp;autoplay=0&amp;disablekb=0&amp;fs=1&amp;loop=0&amp;enablejsapi=1&amp;rel=0&amp;controls=2&amp;showinfo=0&amp;wmode=transparent&amp;autohide=2&amp;autoplay=0&amp;disablekb=0&amp;fs=1&amp;loop=0&amp;enablejsapi=1&amp;rel=0&amp;controls=2&amp;showinfo=1\" frameborder=\"0\" allow=\"accelerometer; autoplay; clipboard-write; encrypted-media; gyroscope; picture-in-picture\" allowfullscreen><\/iframe><\/div>\n<\/div>\n<h3>ASSET INFINITY &#8211; CARATTERISTICHE<\/h3>\n<ul>\n<li><strong>Tracciamento e gestione delle risorse<\/strong>: tracciamento delle risorse semplice con check-in\/out in un solo passaggio con codice a barre, QR code e tag RFID<\/li>\n<li><strong>Gestione della manutenzione<\/strong>: registra e ricevi avvisi per le tue attivit\u00e0 di manutenzione preventiva creando pianificazioni ricorrenti<\/li>\n<li><strong>Risoluzione problemi<\/strong>: soluzione di helpdesk completa per gestire tutti i reclami, le richieste o i guasti con SLA e flussi di lavoro<\/li>\n<li><strong>Acquisti e richieste<\/strong>: semplifica il ciclo di acquisto creando richieste di acquisto, ordini e ricevi merci per aggiornare il tuo inventario o l&#8217;elenco di inventario<\/li>\n<li><strong>Gestione dell&#8217;inventario<\/strong>: aggiungi, sposta e disegna i tuoi materiali di consumo e pezzi di ricambio e imposta i livelli di riordino per un migliore controllo<\/li>\n<li><strong>Audit e verifiche fisiche<\/strong>: verifica tutte le tue risorse in pochissimo tempo utilizzando le nostre app mobili per scansionare rapidamente codici a barre o QR code<\/li>\n<li><strong>Monitoraggio delle utenze:<\/strong> traccia l&#8217;utilizzo di risorse o utilit\u00e0 come elettricit\u00e0, gas, acqua e avvisi di configurazione per il consumo eccessivo<\/li>\n<li><strong>Ruoli e utenti<\/strong>: ruoli utente basati su posizione e categoria con le autorizzazioni corrette per semplificare la gestione delle risorse<\/li>\n<li><strong>Tracciamento RFID<\/strong>: si integra con lettori RFID portatili e fissi per aiutarti a tracciare le tue risorse in tempo reale<\/li>\n<li><strong>Tracciamento NFC<\/strong>: utilizza i tag NFC per individuare la posizione di una o pi\u00f9 risorse con transizioni dati wireless<\/li>\n<li><strong>Risorse IT<\/strong>: gestisci i sistemi IT in remoto e acquisisci automaticamente i dettagli hardware e software dalle tue risorse IT<\/li>\n<li><strong>Geo-tagging<\/strong>: geolocalizza le tue risorse, posizioni e utenti sulle mappe e aggiorna automaticamente le coordinate ogni volta che il tag delle risorse viene scansionato<\/li>\n<li><strong>App mobili Android e iOS<\/strong>: gestisci le tue risorse, la manutenzione e l&#8217;helpdesk utilizzando le nostre app mobili con il nostro scanner di codici a barre\/QR integrato<\/li>\n<li><strong>Integrazioni<\/strong>: offre API basate su REST e integrazioni SSO insieme a pi\u00f9 integrazioni hardware<\/li>\n<li><strong>Sicurezza<\/strong>: \u00e8 ospitato su Microsoft Azure e offre sicurezza di livello aziendale con conformit\u00e0 ISO 27001.<\/li>\n<\/ul>\n<h4>LE RECENSIONI DEGLI UTENTI<\/h4>\n<p><strong>Robert K. &#8220;Trasparenza totale del nostro patrimonio aziendale e dei problemi sollevati&#8221;<\/strong><br \/>\nCOMMENTI: i dipendenti di Asset Infinity hanno un ottimo atteggiamento e sono sempre disponibili ad aiutarmi a raggiungere i miei obiettivi aziendali.<br \/>\nPRO: mi piacciono le schermate facili da usare<br \/>\nCONTRO: i vari report potrebbero essere migliorati, ad esempio KPI o SLA Report.<br \/>\nAttualmente esporto i dati in excel e produco report per soddisfare le mie esigenze<\/p>\n<p><strong>Vjaindra C. &#8220;Le applicazioni sono molto flessibili da usare e ottimo team e supporto&#8221;<\/strong><br \/>\nCOMMENTI: fantastico<br \/>\nPRO: facilit\u00e0, buon supporto, flessibilit\u00e0, disponibilit\u00e0 al miglioramento<br \/>\nCONTRO: il modulo e le caratteristiche della linea di tubazioni devono essere aggiunti al pi\u00f9 presto<\/p>\n<p><strong>Vrunda S. &#8220;Prodotti facili da usare&#8221;<\/strong><br \/>\nCOMMENTI: interfaccia utente facile da usare<br \/>\nFlussi di lavoro facili e personalizzabili<br \/>\nPRO: flussi di lavoro e interfaccia utente<br \/>\nFacile integrazione<br \/>\nPersonalizza il flusso di lavoro<br \/>\nCONTRO: flussi di lavoro personalizzati: creare tramite front-end, questa pu\u00f2 essere una grande funzionalit\u00e0.<\/p>\n","protected":false},"excerpt":{"rendered":"<p>Asset Infinity \u00e8 un software per la gestione degli strumenti che ti permette di migliorare, ottimizzare e soprattutto semplificare la manutenzione delle risorse. Grazie a questo sistema di gestione utente molto dettagliato, sarai in grado di monitorare le apparecchiature, i codici a barre delle risorse della tua azienda e molto altro.<\/p>\n","protected":false},"author":17,"featured_media":44598,"parent":44170,"menu_order":0,"comment_status":"open","ping_status":"closed","template":"g1_template_page_review_new.php","meta":{"_acf_changed":false,"cwp_meta_box_check":"No","cwp_rev_product_name":"","cwp_rev_product_image":"","wppr_links":[],"cwp_rev_price":"","wppr_options":[],"wppr_pros":[],"wppr_cons":[],"_monsterinsights_skip_tracking":false,"_monsterinsights_sitenote_active":false,"_monsterinsights_sitenote_note":"","_monsterinsights_sitenote_category":0,"footnotes":""},"categories":[6265],"tags":[6266,6273,6272,6922,6269,6271],"features":[],"class_list":{"0":"post-44597","1":"page","2":"type-page","3":"status-publish","4":"has-post-thumbnail","6":"category-software-gestione-strumenti-cat","7":"tag-gestione-strumenti","8":"tag-piattaforma-gestionale-strumenti","9":"tag-programma-gestione-strumenti","10":"tag-software-gestionale-per-strumenti","11":"tag-software-gestione-strumenti","12":"tag-soluzione-gestione-strumenti"},"wppr_data":{"cwp_meta_box_check":"No"},"acf":[],"yoast_head":"<!-- This site is optimized with the Yoast SEO plugin v27.4 - https:\/\/yoast.com\/product\/yoast-seo-wordpress\/ -->\n<title>Asset Infinity: recensione software gestione strumenti - Accurate Reviews<\/title>\n<meta name=\"description\" content=\"Asset Infinity: software per la gestione degli strumenti che ti permette di ottimizzare e semplificare la manutenzione delle risorse.\" \/>\n<meta name=\"robots\" content=\"index, follow, max-snippet:-1, max-image-preview:large, max-video-preview:-1\" \/>\n<link rel=\"canonical\" href=\"https:\/\/www.accuratereviews.com\/it\/software-gestione-strumenti\/asset-infinity-recensione\/\" \/>\n<meta property=\"og:locale\" content=\"it_IT\" \/>\n<meta property=\"og:type\" content=\"article\" \/>\n<meta property=\"og:title\" content=\"Asset Infinity: recensione software gestione strumenti - Accurate Reviews\" \/>\n<meta property=\"og:description\" content=\"Asset Infinity: software per la gestione degli strumenti che ti permette di ottimizzare e semplificare la manutenzione delle risorse.\" \/>\n<meta property=\"og:url\" content=\"https:\/\/www.accuratereviews.com\/it\/software-gestione-strumenti\/asset-infinity-recensione\/\" \/>\n<meta property=\"og:site_name\" content=\"Accurate Reviews\" \/>\n<meta property=\"og:image\" content=\"https:\/\/www.accuratereviews.com\/wp-content\/uploads\/2021\/06\/Unknown-2.png\" \/>\n\t<meta property=\"og:image:width\" content=\"225\" \/>\n\t<meta property=\"og:image:height\" content=\"225\" \/>\n\t<meta property=\"og:image:type\" content=\"image\/png\" \/>\n<meta name=\"twitter:card\" content=\"summary_large_image\" \/>\n<meta name=\"twitter:label1\" content=\"Tempo di lettura stimato\" \/>\n\t<meta name=\"twitter:data1\" content=\"3 minuti\" \/>\n<script type=\"application\/ld+json\" class=\"yoast-schema-graph\">{\"@context\":\"https:\\\/\\\/schema.org\",\"@graph\":[{\"@type\":\"WebPage\",\"@id\":\"https:\\\/\\\/www.accuratereviews.com\\\/it\\\/software-gestione-strumenti\\\/asset-infinity-recensione\\\/\",\"url\":\"https:\\\/\\\/www.accuratereviews.com\\\/it\\\/software-gestione-strumenti\\\/asset-infinity-recensione\\\/\",\"name\":\"Asset Infinity: recensione software gestione strumenti - Accurate Reviews\",\"isPartOf\":{\"@id\":\"https:\\\/\\\/www.accuratereviews.com\\\/it\\\/#website\"},\"primaryImageOfPage\":{\"@id\":\"https:\\\/\\\/www.accuratereviews.com\\\/it\\\/software-gestione-strumenti\\\/asset-infinity-recensione\\\/#primaryimage\"},\"image\":{\"@id\":\"https:\\\/\\\/www.accuratereviews.com\\\/it\\\/software-gestione-strumenti\\\/asset-infinity-recensione\\\/#primaryimage\"},\"thumbnailUrl\":\"https:\\\/\\\/www.accuratereviews.com\\\/wp-content\\\/uploads\\\/2021\\\/06\\\/Unknown-2.png\",\"datePublished\":\"2021-06-24T10:30:06+00:00\",\"description\":\"Asset Infinity: software per la gestione degli strumenti che ti permette di ottimizzare e semplificare la manutenzione delle risorse.\",\"breadcrumb\":{\"@id\":\"https:\\\/\\\/www.accuratereviews.com\\\/it\\\/software-gestione-strumenti\\\/asset-infinity-recensione\\\/#breadcrumb\"},\"inLanguage\":\"it-IT\",\"potentialAction\":[{\"@type\":\"ReadAction\",\"target\":[\"https:\\\/\\\/www.accuratereviews.com\\\/it\\\/software-gestione-strumenti\\\/asset-infinity-recensione\\\/\"]}]},{\"@type\":\"ImageObject\",\"inLanguage\":\"it-IT\",\"@id\":\"https:\\\/\\\/www.accuratereviews.com\\\/it\\\/software-gestione-strumenti\\\/asset-infinity-recensione\\\/#primaryimage\",\"url\":\"https:\\\/\\\/www.accuratereviews.com\\\/wp-content\\\/uploads\\\/2021\\\/06\\\/Unknown-2.png\",\"contentUrl\":\"https:\\\/\\\/www.accuratereviews.com\\\/wp-content\\\/uploads\\\/2021\\\/06\\\/Unknown-2.png\",\"width\":225,\"height\":225},{\"@type\":\"BreadcrumbList\",\"@id\":\"https:\\\/\\\/www.accuratereviews.com\\\/it\\\/software-gestione-strumenti\\\/asset-infinity-recensione\\\/#breadcrumb\",\"itemListElement\":[{\"@type\":\"ListItem\",\"position\":1,\"name\":\"Home\",\"item\":\"https:\\\/\\\/www.accuratereviews.com\\\/it\\\/\"},{\"@type\":\"ListItem\",\"position\":2,\"name\":\"Software per la gestione degli strumenti\",\"item\":\"https:\\\/\\\/www.accuratereviews.com\\\/it\\\/software-gestione-strumenti\\\/\"},{\"@type\":\"ListItem\",\"position\":3,\"name\":\"Asset Infinity\"}]},{\"@type\":\"WebSite\",\"@id\":\"https:\\\/\\\/www.accuratereviews.com\\\/it\\\/#website\",\"url\":\"https:\\\/\\\/www.accuratereviews.com\\\/it\\\/\",\"name\":\"Accurate Reviews\",\"description\":\"\",\"potentialAction\":[{\"@type\":\"SearchAction\",\"target\":{\"@type\":\"EntryPoint\",\"urlTemplate\":\"https:\\\/\\\/www.accuratereviews.com\\\/it\\\/?s={search_term_string}\"},\"query-input\":{\"@type\":\"PropertyValueSpecification\",\"valueRequired\":true,\"valueName\":\"search_term_string\"}}],\"inLanguage\":\"it-IT\"}]}<\/script>\n<!-- \/ Yoast SEO plugin. -->","yoast_head_json":{"title":"Asset Infinity: recensione software gestione strumenti - Accurate Reviews","description":"Asset Infinity: software per la gestione degli strumenti che ti permette di ottimizzare e semplificare la manutenzione delle risorse.","robots":{"index":"index","follow":"follow","max-snippet":"max-snippet:-1","max-image-preview":"max-image-preview:large","max-video-preview":"max-video-preview:-1"},"canonical":"https:\/\/www.accuratereviews.com\/it\/software-gestione-strumenti\/asset-infinity-recensione\/","og_locale":"it_IT","og_type":"article","og_title":"Asset Infinity: recensione software gestione strumenti - Accurate Reviews","og_description":"Asset Infinity: software per la gestione degli strumenti che ti permette di ottimizzare e semplificare la manutenzione delle risorse.","og_url":"https:\/\/www.accuratereviews.com\/it\/software-gestione-strumenti\/asset-infinity-recensione\/","og_site_name":"Accurate Reviews","og_image":[{"width":225,"height":225,"url":"https:\/\/www.accuratereviews.com\/wp-content\/uploads\/2021\/06\/Unknown-2.png","type":"image\/png"}],"twitter_card":"summary_large_image","twitter_misc":{"Tempo di lettura stimato":"3 minuti"},"schema":{"@context":"https:\/\/schema.org","@graph":[{"@type":"WebPage","@id":"https:\/\/www.accuratereviews.com\/it\/software-gestione-strumenti\/asset-infinity-recensione\/","url":"https:\/\/www.accuratereviews.com\/it\/software-gestione-strumenti\/asset-infinity-recensione\/","name":"Asset Infinity: recensione software gestione strumenti - Accurate Reviews","isPartOf":{"@id":"https:\/\/www.accuratereviews.com\/it\/#website"},"primaryImageOfPage":{"@id":"https:\/\/www.accuratereviews.com\/it\/software-gestione-strumenti\/asset-infinity-recensione\/#primaryimage"},"image":{"@id":"https:\/\/www.accuratereviews.com\/it\/software-gestione-strumenti\/asset-infinity-recensione\/#primaryimage"},"thumbnailUrl":"https:\/\/www.accuratereviews.com\/wp-content\/uploads\/2021\/06\/Unknown-2.png","datePublished":"2021-06-24T10:30:06+00:00","description":"Asset Infinity: software per la gestione degli strumenti che ti permette di ottimizzare e semplificare la manutenzione delle risorse.","breadcrumb":{"@id":"https:\/\/www.accuratereviews.com\/it\/software-gestione-strumenti\/asset-infinity-recensione\/#breadcrumb"},"inLanguage":"it-IT","potentialAction":[{"@type":"ReadAction","target":["https:\/\/www.accuratereviews.com\/it\/software-gestione-strumenti\/asset-infinity-recensione\/"]}]},{"@type":"ImageObject","inLanguage":"it-IT","@id":"https:\/\/www.accuratereviews.com\/it\/software-gestione-strumenti\/asset-infinity-recensione\/#primaryimage","url":"https:\/\/www.accuratereviews.com\/wp-content\/uploads\/2021\/06\/Unknown-2.png","contentUrl":"https:\/\/www.accuratereviews.com\/wp-content\/uploads\/2021\/06\/Unknown-2.png","width":225,"height":225},{"@type":"BreadcrumbList","@id":"https:\/\/www.accuratereviews.com\/it\/software-gestione-strumenti\/asset-infinity-recensione\/#breadcrumb","itemListElement":[{"@type":"ListItem","position":1,"name":"Home","item":"https:\/\/www.accuratereviews.com\/it\/"},{"@type":"ListItem","position":2,"name":"Software per la gestione degli strumenti","item":"https:\/\/www.accuratereviews.com\/it\/software-gestione-strumenti\/"},{"@type":"ListItem","position":3,"name":"Asset Infinity"}]},{"@type":"WebSite","@id":"https:\/\/www.accuratereviews.com\/it\/#website","url":"https:\/\/www.accuratereviews.com\/it\/","name":"Accurate Reviews","description":"","potentialAction":[{"@type":"SearchAction","target":{"@type":"EntryPoint","urlTemplate":"https:\/\/www.accuratereviews.com\/it\/?s={search_term_string}"},"query-input":{"@type":"PropertyValueSpecification","valueRequired":true,"valueName":"search_term_string"}}],"inLanguage":"it-IT"}]}},"_links":{"self":[{"href":"https:\/\/www.accuratereviews.com\/it\/wp-json\/wp\/v2\/pages\/44597","targetHints":{"allow":["GET"]}}],"collection":[{"href":"https:\/\/www.accuratereviews.com\/it\/wp-json\/wp\/v2\/pages"}],"about":[{"href":"https:\/\/www.accuratereviews.com\/it\/wp-json\/wp\/v2\/types\/page"}],"author":[{"embeddable":true,"href":"https:\/\/www.accuratereviews.com\/it\/wp-json\/wp\/v2\/users\/17"}],"replies":[{"embeddable":true,"href":"https:\/\/www.accuratereviews.com\/it\/wp-json\/wp\/v2\/comments?post=44597"}],"version-history":[{"count":4,"href":"https:\/\/www.accuratereviews.com\/it\/wp-json\/wp\/v2\/pages\/44597\/revisions"}],"predecessor-version":[{"id":44636,"href":"https:\/\/www.accuratereviews.com\/it\/wp-json\/wp\/v2\/pages\/44597\/revisions\/44636"}],"up":[{"embeddable":true,"href":"https:\/\/www.accuratereviews.com\/it\/wp-json\/wp\/v2\/pages\/44170"}],"wp:featuredmedia":[{"embeddable":true,"href":"https:\/\/www.accuratereviews.com\/it\/wp-json\/wp\/v2\/media\/44598"}],"wp:attachment":[{"href":"https:\/\/www.accuratereviews.com\/it\/wp-json\/wp\/v2\/media?parent=44597"}],"wp:term":[{"taxonomy":"category","embeddable":true,"href":"https:\/\/www.accuratereviews.com\/it\/wp-json\/wp\/v2\/categories?post=44597"},{"taxonomy":"post_tag","embeddable":true,"href":"https:\/\/www.accuratereviews.com\/it\/wp-json\/wp\/v2\/tags?post=44597"},{"taxonomy":"features","embeddable":true,"href":"https:\/\/www.accuratereviews.com\/it\/wp-json\/wp\/v2\/features?post=44597"}],"curies":[{"name":"wp","href":"https:\/\/api.w.org\/{rel}","templated":true}]}}