{"id":44610,"date":"2021-06-24T10:36:28","date_gmt":"2021-06-24T10:36:28","guid":{"rendered":"https:\/\/www.accuratereviews.com\/?page_id=44610"},"modified":"2021-06-24T10:36:28","modified_gmt":"2021-06-24T10:36:28","slug":"tenna-recensione","status":"publish","type":"page","link":"https:\/\/www.accuratereviews.com\/it\/software-gestione-strumenti\/tenna-recensione\/","title":{"rendered":"Tenna"},"content":{"rendered":"<p><strong>Tenna<\/strong>\u00a0\u00e8 un <strong>software gestionale delle\u00a0risorse<\/strong>, attrezzature, veicoli pesanti e strumenti pi\u00f9 piccoli, il tutto su un&#8217;unica piattaforma integrata. Ti consente di sapere chi sta usando cosa, dove e su quale progetto. Offre una gamma di dispositivi di tracciamento delle risorse da abbinare alla tua flotta di attrezzature, strumenti e veicoli. Vengono assegnati QR code e RFID per articoli di piccole dimensioni, Bluetooth e GPS per attrezzature e veicoli di medie dimensioni. Questi tag e tracker acquisiscono la posizione precisa e il timestamp per ogni risorsa, inclusi i dati in tempo reale.\u00a0Le posizioni delle tue risorse vengono visualizzate su una mappa satellitare, insieme ai record di utilizzo e manutenzione in modo che gli utenti possano gestirle meglio.<\/p>\n<h2>TENNA &#8211; TUTORIAL<\/h2>\n<p>Vediamo come funziona l&#8217;applicazione per i dispositivi mobili di questo <strong>software gestionale per strumenti<\/strong>:<\/p>\n<div id=\"fluid-wrapper-counter-1\" class=\"g1-fluid-wrapper \" style=\"width:686px;\">\n<div style=\"padding-bottom:56.268221574344%;\"><iframe loading=\"lazy\" title=\"Asset Use Cases - Construction Consumables\" width=\"686\" height=\"386\" src=\"https:\/\/www.youtube.com\/embed\/dOG5qtjlyHc?feature=oembed&amp;wmode=transparent&amp;autohide=1&amp;autoplay=0&amp;disablekb=0&amp;fs=1&amp;loop=0&amp;enablejsapi=1&amp;rel=0&amp;controls=2&amp;showinfo=0&amp;wmode=transparent&amp;autohide=2&amp;autoplay=0&amp;disablekb=0&amp;fs=1&amp;loop=0&amp;enablejsapi=1&amp;rel=0&amp;controls=2&amp;showinfo=1\" frameborder=\"0\" allow=\"accelerometer; autoplay; clipboard-write; encrypted-media; gyroscope; picture-in-picture\" allowfullscreen><\/iframe><\/div>\n<\/div>\n<h3>TENNA &#8211; CARATTERISTICHE<\/h3>\n<ul>\n<li><strong>Dettagli asset<\/strong>: visualizza notizie sulle risorse attraverso la funzione Utilizzo o direttamente nella pagina dei dettagli di una singola risorsa per avere informazioni dettagliate su come stanno lavorando per te<\/li>\n<li><strong>Segnalazione<\/strong>: esamina le singole risorse e l&#8217;utilizzo complessivo del progetto oggi e nel tempo. Migliora i tassi di offerta con informazioni accurate sui costi. Acquisisci dati rilevanti per chi ne ha bisogno<\/li>\n<li><strong>Dashboard e risposte<\/strong>: scopri quando una risorsa \u00e8 sottoutilizzata in modo da poter tenere sotto controllo ogni singolo aspetto delle tue attrezzature.<\/li>\n<li><strong>Manutenzione<\/strong>: automatizza le attivit\u00e0 e le esigenze di manutenzione delle apparecchiature in base ai trigger. Rimani proattivo e al passo con gli avvisi e i promemoria di manutenzione<\/li>\n<li><strong>Integrazioni<\/strong>: integrazione con OEM di terze parti per ottenere AEMP e altri dati telematici sulle attrezzature pesanti, incluso l&#8217;utilizzo da parte di altri produttori che fanno parte della tua flotta di costruzioni<\/li>\n<li>Convalida i dati per i rendiconti finanziari tenendo traccia di tutte le risorse spese per i progetti<\/li>\n<li>Scopri quali risorse si trovano su quali siti e quando sono in uso o inattive per ottimizzare l&#8217;utilizzo<\/li>\n<li>Accedi facilmente alle informazioni di contatto sul campo acquisendo i dettagli del team di gestione<\/li>\n<\/ul>\n<h4>LE RECENSIONI DEGLI UTENTI<\/h4>\n<p class=\"font-weight-bold mb-1 d-flex align-items-center\"><strong>Olena P.&#8221;Sto ancora imparando a usarlo e spero di avere pi\u00f9 funzionalit\u00e0 disponibili&#8221;<\/strong><\/p>\n<p><strong>Pro: <\/strong>servizio di supporto relativamente facile da usare e molto utile. Consente di caricare molte apparecchiature, quindi pi\u00f9 facili da controllare.<\/p>\n<p><strong>Contro: <\/strong>Devo essere in grado di allegare pi\u00f9 file PDF, non solo due pezzi. E sarebbe fantastico se il tecnico della manutenzione fosse in grado di mettere segni di spunta sul file pdf usando il tablet<\/p>\n<p class=\"font-weight-bold mb-1 d-flex align-items-center\"><strong>Nick B.&#8221;Piacevole e indolore&#8221;<\/strong><\/p>\n<p><strong>Commenti: <\/strong>Posizione delle risorse, pianificazione dei vantaggi, eliminazione dei mezzi per tenere traccia degli spostamenti delle apparecchiature via email, responsabilizzazione dei conducenti su dove lasciano le apparecchiature.<\/p>\n<p><strong>Pro: <\/strong>Facilit\u00e0 d&#8217;uso, configurazione, manutenzione, ottimo supporto clienti e mancanza di parti e pezzi da sbagliare come con i servizi di localizzazione GPS.<\/p>\n<p><strong>Contro: <\/strong>Dover fare affidamento sugli esseri umani per utilizzare effettivamente il prodotto e il problema della formazione della vecchia generazione<\/p>\n<p class=\"font-weight-bold mb-1 d-flex align-items-center\"><strong>Sean R.&#8221;Facile da gestire!&#8221;<\/strong><\/p>\n<p><strong>Commenti: <\/strong>\u00c8 stato fantastico lavorare con il sistema Tenna. L&#8217;aggiunta di risorse e la scansione \u00e8 stata molto semplice. Aggiorna la posizione dell&#8217;attrezzatura ogni volta che viene scansionata, il che \u00e8 fondamentale per sapere dove si trovano le tue risorse.<\/p>\n<p><strong>Pro: <\/strong>Posizione GPS appuntata ad ogni scansione, facilit\u00e0 d&#8217;uso quando si lavora con il sistema.<\/p>\n<p><strong>Contro: <\/strong>Ho bisogno di un posto per monitorare la manutenzione per ore e miglia, ma mi \u00e8 stato detto che \u00e8 in lavorazione.<\/p>\n","protected":false},"excerpt":{"rendered":"<p>Tenna\u00a0\u00e8 un software gestionale delle\u00a0risorse, attrezzature, veicoli pesanti e strumenti pi\u00f9 piccoli, il tutto su un&#8217;unica piattaforma integrata. Ti consente di sapere chi sta usando cosa, dove e su quale progetto. Offre una gamma di dispositivi di tracciamento delle risorse da abbinare alla tua flotta di attrezzature, strumenti e veicoli.<\/p>\n","protected":false},"author":16,"featured_media":44612,"parent":44170,"menu_order":0,"comment_status":"open","ping_status":"closed","template":"g1_template_page_review_new.php","meta":{"_acf_changed":false,"cwp_meta_box_check":"Yes","cwp_rev_product_name":"","cwp_rev_product_image":"","wppr_links":[],"cwp_rev_price":"","wppr_options":[],"wppr_pros":[],"wppr_cons":[],"_monsterinsights_skip_tracking":false,"_monsterinsights_sitenote_active":false,"_monsterinsights_sitenote_note":"","_monsterinsights_sitenote_category":0,"footnotes":""},"categories":[6265],"tags":[6305,6272,6269,6271,10118],"features":[],"class_list":{"0":"post-44610","1":"page","2":"type-page","3":"status-publish","4":"has-post-thumbnail","6":"category-software-gestione-strumenti-cat","7":"tag-piattaforma-gestione-strumenti","8":"tag-programma-gestione-strumenti","9":"tag-software-gestione-strumenti","10":"tag-soluzione-gestione-strumenti","11":"tag-tenna"},"wppr_data":{"cwp_meta_box_check":"Yes","cwp_rev_product_name":"","cwp_rev_product_image":"","cwp_image_link":"image","cwp_rev_price":"","wppr_rating":"0.00"},"acf":[],"yoast_head":"<!-- This site is optimized with the Yoast SEO plugin v27.4 - https:\/\/yoast.com\/product\/yoast-seo-wordpress\/ -->\n<title>Tenna: recensione software gestione strumenti - Accurate Reviews<\/title>\n<meta name=\"description\" content=\"Tenna: recensione\u00a0software gestionale delle\u00a0risorse, delle attrezzature e veicoli pesanti in un&#039;unica piattaforma integrata.\" \/>\n<meta name=\"robots\" content=\"index, follow, max-snippet:-1, max-image-preview:large, max-video-preview:-1\" \/>\n<link rel=\"canonical\" href=\"https:\/\/www.accuratereviews.com\/it\/software-gestione-strumenti\/tenna-recensione\/\" \/>\n<meta property=\"og:locale\" content=\"it_IT\" \/>\n<meta property=\"og:type\" content=\"article\" \/>\n<meta property=\"og:title\" content=\"Tenna: recensione software gestione strumenti - Accurate Reviews\" \/>\n<meta property=\"og:description\" content=\"Tenna: recensione\u00a0software gestionale delle\u00a0risorse, delle attrezzature e veicoli pesanti in un&#039;unica piattaforma integrata.\" \/>\n<meta property=\"og:url\" content=\"https:\/\/www.accuratereviews.com\/it\/software-gestione-strumenti\/tenna-recensione\/\" \/>\n<meta property=\"og:site_name\" content=\"Accurate Reviews\" \/>\n<meta property=\"og:image\" content=\"https:\/\/www.accuratereviews.com\/wp-content\/uploads\/2021\/06\/tenna.png\" \/>\n\t<meta property=\"og:image:width\" content=\"200\" \/>\n\t<meta property=\"og:image:height\" content=\"200\" \/>\n\t<meta property=\"og:image:type\" content=\"image\/png\" \/>\n<meta name=\"twitter:card\" content=\"summary_large_image\" \/>\n<meta name=\"twitter:label1\" content=\"Tempo di lettura stimato\" \/>\n\t<meta name=\"twitter:data1\" content=\"3 minuti\" \/>\n<script type=\"application\/ld+json\" class=\"yoast-schema-graph\">{\"@context\":\"https:\\\/\\\/schema.org\",\"@graph\":[{\"@type\":\"WebPage\",\"@id\":\"https:\\\/\\\/www.accuratereviews.com\\\/it\\\/software-gestione-strumenti\\\/tenna-recensione\\\/\",\"url\":\"https:\\\/\\\/www.accuratereviews.com\\\/it\\\/software-gestione-strumenti\\\/tenna-recensione\\\/\",\"name\":\"Tenna: recensione software gestione strumenti - Accurate Reviews\",\"isPartOf\":{\"@id\":\"https:\\\/\\\/www.accuratereviews.com\\\/it\\\/#website\"},\"primaryImageOfPage\":{\"@id\":\"https:\\\/\\\/www.accuratereviews.com\\\/it\\\/software-gestione-strumenti\\\/tenna-recensione\\\/#primaryimage\"},\"image\":{\"@id\":\"https:\\\/\\\/www.accuratereviews.com\\\/it\\\/software-gestione-strumenti\\\/tenna-recensione\\\/#primaryimage\"},\"thumbnailUrl\":\"https:\\\/\\\/www.accuratereviews.com\\\/wp-content\\\/uploads\\\/2021\\\/06\\\/tenna.png\",\"datePublished\":\"2021-06-24T10:36:28+00:00\",\"description\":\"Tenna: recensione\u00a0software gestionale delle\u00a0risorse, delle attrezzature e veicoli pesanti in un'unica piattaforma integrata.\",\"breadcrumb\":{\"@id\":\"https:\\\/\\\/www.accuratereviews.com\\\/it\\\/software-gestione-strumenti\\\/tenna-recensione\\\/#breadcrumb\"},\"inLanguage\":\"it-IT\",\"potentialAction\":[{\"@type\":\"ReadAction\",\"target\":[\"https:\\\/\\\/www.accuratereviews.com\\\/it\\\/software-gestione-strumenti\\\/tenna-recensione\\\/\"]}]},{\"@type\":\"ImageObject\",\"inLanguage\":\"it-IT\",\"@id\":\"https:\\\/\\\/www.accuratereviews.com\\\/it\\\/software-gestione-strumenti\\\/tenna-recensione\\\/#primaryimage\",\"url\":\"https:\\\/\\\/www.accuratereviews.com\\\/wp-content\\\/uploads\\\/2021\\\/06\\\/tenna.png\",\"contentUrl\":\"https:\\\/\\\/www.accuratereviews.com\\\/wp-content\\\/uploads\\\/2021\\\/06\\\/tenna.png\",\"width\":200,\"height\":200},{\"@type\":\"BreadcrumbList\",\"@id\":\"https:\\\/\\\/www.accuratereviews.com\\\/it\\\/software-gestione-strumenti\\\/tenna-recensione\\\/#breadcrumb\",\"itemListElement\":[{\"@type\":\"ListItem\",\"position\":1,\"name\":\"Home\",\"item\":\"https:\\\/\\\/www.accuratereviews.com\\\/it\\\/\"},{\"@type\":\"ListItem\",\"position\":2,\"name\":\"Software per la gestione degli strumenti\",\"item\":\"https:\\\/\\\/www.accuratereviews.com\\\/it\\\/software-gestione-strumenti\\\/\"},{\"@type\":\"ListItem\",\"position\":3,\"name\":\"Tenna\"}]},{\"@type\":\"WebSite\",\"@id\":\"https:\\\/\\\/www.accuratereviews.com\\\/it\\\/#website\",\"url\":\"https:\\\/\\\/www.accuratereviews.com\\\/it\\\/\",\"name\":\"Accurate Reviews\",\"description\":\"\",\"potentialAction\":[{\"@type\":\"SearchAction\",\"target\":{\"@type\":\"EntryPoint\",\"urlTemplate\":\"https:\\\/\\\/www.accuratereviews.com\\\/it\\\/?s={search_term_string}\"},\"query-input\":{\"@type\":\"PropertyValueSpecification\",\"valueRequired\":true,\"valueName\":\"search_term_string\"}}],\"inLanguage\":\"it-IT\"}]}<\/script>\n<!-- \/ Yoast SEO plugin. -->","yoast_head_json":{"title":"Tenna: recensione software gestione strumenti - Accurate Reviews","description":"Tenna: recensione\u00a0software gestionale delle\u00a0risorse, delle attrezzature e veicoli pesanti in un'unica piattaforma integrata.","robots":{"index":"index","follow":"follow","max-snippet":"max-snippet:-1","max-image-preview":"max-image-preview:large","max-video-preview":"max-video-preview:-1"},"canonical":"https:\/\/www.accuratereviews.com\/it\/software-gestione-strumenti\/tenna-recensione\/","og_locale":"it_IT","og_type":"article","og_title":"Tenna: recensione software gestione strumenti - Accurate Reviews","og_description":"Tenna: recensione\u00a0software gestionale delle\u00a0risorse, delle attrezzature e veicoli pesanti in un'unica piattaforma integrata.","og_url":"https:\/\/www.accuratereviews.com\/it\/software-gestione-strumenti\/tenna-recensione\/","og_site_name":"Accurate Reviews","og_image":[{"width":200,"height":200,"url":"https:\/\/www.accuratereviews.com\/wp-content\/uploads\/2021\/06\/tenna.png","type":"image\/png"}],"twitter_card":"summary_large_image","twitter_misc":{"Tempo di lettura stimato":"3 minuti"},"schema":{"@context":"https:\/\/schema.org","@graph":[{"@type":"WebPage","@id":"https:\/\/www.accuratereviews.com\/it\/software-gestione-strumenti\/tenna-recensione\/","url":"https:\/\/www.accuratereviews.com\/it\/software-gestione-strumenti\/tenna-recensione\/","name":"Tenna: recensione software gestione strumenti - Accurate Reviews","isPartOf":{"@id":"https:\/\/www.accuratereviews.com\/it\/#website"},"primaryImageOfPage":{"@id":"https:\/\/www.accuratereviews.com\/it\/software-gestione-strumenti\/tenna-recensione\/#primaryimage"},"image":{"@id":"https:\/\/www.accuratereviews.com\/it\/software-gestione-strumenti\/tenna-recensione\/#primaryimage"},"thumbnailUrl":"https:\/\/www.accuratereviews.com\/wp-content\/uploads\/2021\/06\/tenna.png","datePublished":"2021-06-24T10:36:28+00:00","description":"Tenna: recensione\u00a0software gestionale delle\u00a0risorse, delle attrezzature e veicoli pesanti in un'unica piattaforma integrata.","breadcrumb":{"@id":"https:\/\/www.accuratereviews.com\/it\/software-gestione-strumenti\/tenna-recensione\/#breadcrumb"},"inLanguage":"it-IT","potentialAction":[{"@type":"ReadAction","target":["https:\/\/www.accuratereviews.com\/it\/software-gestione-strumenti\/tenna-recensione\/"]}]},{"@type":"ImageObject","inLanguage":"it-IT","@id":"https:\/\/www.accuratereviews.com\/it\/software-gestione-strumenti\/tenna-recensione\/#primaryimage","url":"https:\/\/www.accuratereviews.com\/wp-content\/uploads\/2021\/06\/tenna.png","contentUrl":"https:\/\/www.accuratereviews.com\/wp-content\/uploads\/2021\/06\/tenna.png","width":200,"height":200},{"@type":"BreadcrumbList","@id":"https:\/\/www.accuratereviews.com\/it\/software-gestione-strumenti\/tenna-recensione\/#breadcrumb","itemListElement":[{"@type":"ListItem","position":1,"name":"Home","item":"https:\/\/www.accuratereviews.com\/it\/"},{"@type":"ListItem","position":2,"name":"Software per la gestione degli strumenti","item":"https:\/\/www.accuratereviews.com\/it\/software-gestione-strumenti\/"},{"@type":"ListItem","position":3,"name":"Tenna"}]},{"@type":"WebSite","@id":"https:\/\/www.accuratereviews.com\/it\/#website","url":"https:\/\/www.accuratereviews.com\/it\/","name":"Accurate Reviews","description":"","potentialAction":[{"@type":"SearchAction","target":{"@type":"EntryPoint","urlTemplate":"https:\/\/www.accuratereviews.com\/it\/?s={search_term_string}"},"query-input":{"@type":"PropertyValueSpecification","valueRequired":true,"valueName":"search_term_string"}}],"inLanguage":"it-IT"}]}},"_links":{"self":[{"href":"https:\/\/www.accuratereviews.com\/it\/wp-json\/wp\/v2\/pages\/44610","targetHints":{"allow":["GET"]}}],"collection":[{"href":"https:\/\/www.accuratereviews.com\/it\/wp-json\/wp\/v2\/pages"}],"about":[{"href":"https:\/\/www.accuratereviews.com\/it\/wp-json\/wp\/v2\/types\/page"}],"author":[{"embeddable":true,"href":"https:\/\/www.accuratereviews.com\/it\/wp-json\/wp\/v2\/users\/16"}],"replies":[{"embeddable":true,"href":"https:\/\/www.accuratereviews.com\/it\/wp-json\/wp\/v2\/comments?post=44610"}],"version-history":[{"count":9,"href":"https:\/\/www.accuratereviews.com\/it\/wp-json\/wp\/v2\/pages\/44610\/revisions"}],"predecessor-version":[{"id":44641,"href":"https:\/\/www.accuratereviews.com\/it\/wp-json\/wp\/v2\/pages\/44610\/revisions\/44641"}],"up":[{"embeddable":true,"href":"https:\/\/www.accuratereviews.com\/it\/wp-json\/wp\/v2\/pages\/44170"}],"wp:featuredmedia":[{"embeddable":true,"href":"https:\/\/www.accuratereviews.com\/it\/wp-json\/wp\/v2\/media\/44612"}],"wp:attachment":[{"href":"https:\/\/www.accuratereviews.com\/it\/wp-json\/wp\/v2\/media?parent=44610"}],"wp:term":[{"taxonomy":"category","embeddable":true,"href":"https:\/\/www.accuratereviews.com\/it\/wp-json\/wp\/v2\/categories?post=44610"},{"taxonomy":"post_tag","embeddable":true,"href":"https:\/\/www.accuratereviews.com\/it\/wp-json\/wp\/v2\/tags?post=44610"},{"taxonomy":"features","embeddable":true,"href":"https:\/\/www.accuratereviews.com\/it\/wp-json\/wp\/v2\/features?post=44610"}],"curies":[{"name":"wp","href":"https:\/\/api.w.org\/{rel}","templated":true}]}}