{"id":44649,"date":"2021-06-25T10:32:07","date_gmt":"2021-06-25T10:32:07","guid":{"rendered":"https:\/\/www.accuratereviews.com\/?page_id=44649"},"modified":"2021-06-25T10:32:07","modified_gmt":"2021-06-25T10:32:07","slug":"vehicle-fleet-manager-recensione","status":"publish","type":"page","link":"https:\/\/www.accuratereviews.com\/it\/software-gestione-strumenti\/vehicle-fleet-manager-recensione\/","title":{"rendered":"Vehicle Fleet Manager"},"content":{"rendered":"<p><strong>Vehicle Fleet Manager<\/strong> \u00e8 un <strong>software di gestione della flotta<\/strong> per team di piccole e grandi dimensioni, sviluppato da Vinity Soft e in grado di tenere traccia delle statistiche di conducenti, veicoli e carburante. La soluzione \u00e8 progettata per essere utilizzata facilmente sia tramite pc che dal tablet o smartphone. Rende i dati disponibili ovunque, sia che l&#8217;utente sia dietro la scrivania, in negozio o in qualsiasi altro luogo. La soluzione \u00e8 accessibile tramite qualsiasi browser web su qualunque dispositivo, PC o Mac, iOS o Android. <strong>Vehicle Fleet Manager<\/strong> consente agli utenti di preparare note in tempo reale mentre contemporaneamente ispezionano o controllano i veicoli. Altre caratteristiche chiave della soluzione includono la gestione degli ordini di lavoro, le informazioni sul veicolo, la gestione dei pneumatici, il monitoraggio del chilometraggio, la manutenzione e la pianificazione, il controllo dell&#8217;inventario e l&#8217;organizzazione delle ispezioni.<\/p>\n<h2>VEHICLE FLEET MANAGER &#8211; TUTORIAL<\/h2>\n<p>Guardiamo insieme il tutorial che illustra le principali funzioni di questo software gestionale per strumenti:<\/p>\n<div id=\"fluid-wrapper-counter-1\" class=\"g1-fluid-wrapper \" style=\"width:686px;\">\n<div style=\"padding-bottom:56.268221574344%;\"><iframe loading=\"lazy\" title=\"Vehicle Fleet Manager 4.0 - The Basics\" width=\"686\" height=\"386\" src=\"https:\/\/www.youtube.com\/embed\/DZ0XEncPWIg?feature=oembed&amp;wmode=transparent&amp;autohide=1&amp;autoplay=0&amp;disablekb=0&amp;fs=1&amp;loop=0&amp;enablejsapi=1&amp;rel=0&amp;controls=2&amp;showinfo=0&amp;wmode=transparent&amp;autohide=2&amp;autoplay=0&amp;disablekb=0&amp;fs=1&amp;loop=0&amp;enablejsapi=1&amp;rel=0&amp;controls=2&amp;showinfo=1\" frameborder=\"0\" allow=\"accelerometer; autoplay; clipboard-write; encrypted-media; gyroscope; picture-in-picture\" allowfullscreen><\/iframe><\/div>\n<\/div>\n<h3>VEHICLE FLEET MANAGER &#8211; CARATTERISTICHE<\/h3>\n<ul>\n<li><strong>Veicoli<\/strong>: visualizza tutti i dettagli, le specifiche e altro ancora a colpo d&#8217;occhio. Aggiorna lo stato del veicolo o registra una lettura del contatore in pochi secondi<\/li>\n<li><strong>Personale<\/strong>: memorizza le informazioni di cui hai bisogno su meccanici, autisti e altri dipendenti. Ricevi avvisi per certificazioni e altri rinnovi<\/li>\n<li><strong>Note e monitoraggio dei problemi:<\/strong> operatori e meccanici possono segnalare rapidamente problemi su veicoli e attrezzature durante le ispezioni<\/li>\n<li><strong>Promemoria di servizio:<\/strong> sapere sempre quando \u00e8 necessaria la manutenzione con promemoria di servizio personalizzati. Crea nuovi promemoria o aggiorna quelli esistenti<\/li>\n<li><strong>Cronologia del servizio:<\/strong> scopri quando una determinata attivit\u00e0 \u00e8 stata eseguita l&#8217;ultima volta esaminando la cronologia del servizio. Registra tutta la manutenzione man mano che viene eseguita<\/li>\n<li><strong>Ordini di lavoro<\/strong>: crea ordini di lavoro e tieni traccia della loro progressione. Convertili in &#8220;servizi completati&#8221; una volta chiusi<\/li>\n<li><strong>Registro carburante<\/strong>: le statistiche sul consumo di carburante vengono calcolate automaticamente in base agli acquisti di carburante che hai registrato, alla cronologia del carburante e alle tendenze MPG<\/li>\n<li><strong>Promemoria scadenza:<\/strong> ricevi promemoria per tutte le date importanti di un veicolo. Rinnovi immatricolazioni, scadenze assicurazioni e altri promemoria personalizzati<\/li>\n<li><strong>Sicurezza e permessi:<\/strong> gestisci ci\u00f2 che ogni utente pu\u00f2 vedere assegnando risorse. Concedi le autorizzazioni individualmente per consentire agli utenti di aggiungere o modificare solo le risorse di cui hanno bisogno<\/li>\n<li><strong>Inventario delle parti<\/strong>: tieni traccia del tuo inventario di pezzi di ricambio e ricevi un promemoria quando le parti devono essere riordinate<\/li>\n<li><strong>Fotografie<\/strong>: aggiungi immagini dei tuoi veicoli, conducenti e altro ancora<\/li>\n<li><strong>Documenti<\/strong>: archivia e visualizza documenti importanti relativi a un particolare veicolo, conducente, servizio o ordine di lavoro, come i registri assicurativi o le fatture scansionate.<\/li>\n<\/ul>\n<h4>LE RECENSIONI DEGLI UTENTI<\/h4>\n<p class=\"font-weight-bold mb-1 d-flex align-items-center\"><strong>Jeff C.&#8221;Strumenti di noleggio&#8221;<\/strong><\/p>\n<p><strong>Commenti: <\/strong>tiene traccia della flotta di strumenti a noleggio, con pi\u00f9 movimenti di ogni strumento serializzato ogni mese &#8211; risparmia tempo facendo questo manualmente e funziona bene.<\/p>\n<p><strong>Pro: <\/strong>facile da configurare e iniziare a utilizzare, dalla prova abbiamo potuto dire che potevamo configurare il pacchetto per fare ci\u00f2 di cui avevamo bisogno, tracciando l&#8217;inventario in 8 posizioni: movimento in entrata, movimento in uscita, condizione dello strumento di noleggio.<\/p>\n<p><strong>Contro: <\/strong>i rapporti non sono perfetti, \u00e8 necessario riportare la data di consegna, la data di restituzione e le date di inventario locale sul rapporto<\/p>\n<p class=\"font-weight-bold mb-1 d-flex align-items-center\"><strong>Sylvie F.&#8221;La migliore esperienza \u00e8 usare questo strumento&#8221;<\/strong><\/p>\n<p><strong>Commenti: <\/strong>Ho la migliore esperienza nell&#8217;utilizzo di questo strumento per la mia attivit\u00e0, in particolare l&#8217;allocazione di diversi beni e inventari in negozio dando loro un&#8217;identit\u00e0 univoca con etichette con codice a barre questa \u00e8 la caratteristica migliore.<\/p>\n<p class=\"font-weight-bold mb-1 d-flex align-items-center\"><strong>Jerry S.&#8221;Ottimo strumento di Vinity Soft&#8221;<\/strong><\/p>\n<p><strong>Commenti: <\/strong>Ottimo strumento di Vinity Soft Inc. Il software \u00e8 molto adattabile alle nostre esigenze specifiche ed \u00e8 stato facile da implementare. Consegnato esattamente come promesso.<\/p>\n","protected":false},"excerpt":{"rendered":"<p>Vehicle Fleet Manager \u00e8 un software di gestione della flotta per team di piccole e grandi dimensioni, sviluppato da Vinity Soft \u00e8 in grado di tenere traccia delle statistiche di conducenti, veicoli e carburante. La soluzione \u00e8 progettata per essere utilizzata facilmente sia tramite pc che dal tablet o smartphone; e rende i dati disponibili ovunque, sia che l&#8217;utente sia dietro la scrivania, in negozio o in qualsiasi altro luogo.\u00a0<\/p>\n","protected":false},"author":16,"featured_media":44651,"parent":44170,"menu_order":0,"comment_status":"open","ping_status":"closed","template":"g1_template_page_review_new.php","meta":{"_acf_changed":false,"cwp_meta_box_check":"Yes","cwp_rev_product_name":"","cwp_rev_product_image":"","wppr_links":[],"cwp_rev_price":"","wppr_options":[],"wppr_pros":[],"wppr_cons":[],"_monsterinsights_skip_tracking":false,"_monsterinsights_sitenote_active":false,"_monsterinsights_sitenote_note":"","_monsterinsights_sitenote_category":0,"footnotes":""},"categories":[6265],"tags":[396,6318,6305,6272,6269,6271,10531],"features":[],"class_list":{"0":"post-44649","1":"page","2":"type-page","3":"status-publish","4":"has-post-thumbnail","6":"category-software-gestione-strumenti-cat","7":"tag-cloud","8":"tag-gestione-flotta","9":"tag-piattaforma-gestione-strumenti","10":"tag-programma-gestione-strumenti","11":"tag-software-gestione-strumenti","12":"tag-soluzione-gestione-strumenti","13":"tag-vehicle-fleet-manager"},"wppr_data":{"cwp_meta_box_check":"Yes","cwp_rev_product_name":"","cwp_rev_product_image":"","cwp_image_link":"image","cwp_rev_price":"","wppr_rating":"0.00"},"acf":[],"yoast_head":"<!-- This site is optimized with the Yoast SEO plugin v27.4 - https:\/\/yoast.com\/product\/yoast-seo-wordpress\/ -->\n<title>Vehicle Fleet Manager: recensione software gestione strumenti<\/title>\n<meta name=\"description\" content=\"Vehicle Fleet Manager: recensione software di gestione strumenti per team di piccole e grandi dimensioni sviluppato da Vinity Soft.\" \/>\n<meta name=\"robots\" content=\"index, follow, max-snippet:-1, max-image-preview:large, max-video-preview:-1\" \/>\n<link rel=\"canonical\" href=\"https:\/\/www.accuratereviews.com\/it\/software-gestione-strumenti\/vehicle-fleet-manager-recensione\/\" \/>\n<meta property=\"og:locale\" content=\"it_IT\" \/>\n<meta property=\"og:type\" content=\"article\" \/>\n<meta property=\"og:title\" content=\"Vehicle Fleet Manager: recensione software gestione strumenti\" \/>\n<meta property=\"og:description\" content=\"Vehicle Fleet Manager: recensione software di gestione strumenti per team di piccole e grandi dimensioni sviluppato da Vinity Soft.\" \/>\n<meta property=\"og:url\" content=\"https:\/\/www.accuratereviews.com\/it\/software-gestione-strumenti\/vehicle-fleet-manager-recensione\/\" \/>\n<meta property=\"og:site_name\" content=\"Accurate Reviews\" \/>\n<meta property=\"og:image\" content=\"https:\/\/www.accuratereviews.com\/wp-content\/uploads\/2021\/06\/Vinity-Soft.png\" \/>\n\t<meta property=\"og:image:width\" content=\"1020\" \/>\n\t<meta property=\"og:image:height\" content=\"374\" \/>\n\t<meta property=\"og:image:type\" content=\"image\/png\" \/>\n<meta name=\"twitter:card\" content=\"summary_large_image\" \/>\n<meta name=\"twitter:label1\" content=\"Tempo di lettura stimato\" \/>\n\t<meta name=\"twitter:data1\" content=\"3 minuti\" \/>\n<script type=\"application\/ld+json\" class=\"yoast-schema-graph\">{\"@context\":\"https:\\\/\\\/schema.org\",\"@graph\":[{\"@type\":\"WebPage\",\"@id\":\"https:\\\/\\\/www.accuratereviews.com\\\/it\\\/software-gestione-strumenti\\\/vehicle-fleet-manager-recensione\\\/\",\"url\":\"https:\\\/\\\/www.accuratereviews.com\\\/it\\\/software-gestione-strumenti\\\/vehicle-fleet-manager-recensione\\\/\",\"name\":\"Vehicle Fleet Manager: recensione software gestione strumenti\",\"isPartOf\":{\"@id\":\"https:\\\/\\\/www.accuratereviews.com\\\/it\\\/#website\"},\"primaryImageOfPage\":{\"@id\":\"https:\\\/\\\/www.accuratereviews.com\\\/it\\\/software-gestione-strumenti\\\/vehicle-fleet-manager-recensione\\\/#primaryimage\"},\"image\":{\"@id\":\"https:\\\/\\\/www.accuratereviews.com\\\/it\\\/software-gestione-strumenti\\\/vehicle-fleet-manager-recensione\\\/#primaryimage\"},\"thumbnailUrl\":\"https:\\\/\\\/www.accuratereviews.com\\\/wp-content\\\/uploads\\\/2021\\\/06\\\/Vinity-Soft.png\",\"datePublished\":\"2021-06-25T10:32:07+00:00\",\"description\":\"Vehicle Fleet Manager: recensione software di gestione strumenti per team di piccole e grandi dimensioni sviluppato da Vinity Soft.\",\"breadcrumb\":{\"@id\":\"https:\\\/\\\/www.accuratereviews.com\\\/it\\\/software-gestione-strumenti\\\/vehicle-fleet-manager-recensione\\\/#breadcrumb\"},\"inLanguage\":\"it-IT\",\"potentialAction\":[{\"@type\":\"ReadAction\",\"target\":[\"https:\\\/\\\/www.accuratereviews.com\\\/it\\\/software-gestione-strumenti\\\/vehicle-fleet-manager-recensione\\\/\"]}]},{\"@type\":\"ImageObject\",\"inLanguage\":\"it-IT\",\"@id\":\"https:\\\/\\\/www.accuratereviews.com\\\/it\\\/software-gestione-strumenti\\\/vehicle-fleet-manager-recensione\\\/#primaryimage\",\"url\":\"https:\\\/\\\/www.accuratereviews.com\\\/wp-content\\\/uploads\\\/2021\\\/06\\\/Vinity-Soft.png\",\"contentUrl\":\"https:\\\/\\\/www.accuratereviews.com\\\/wp-content\\\/uploads\\\/2021\\\/06\\\/Vinity-Soft.png\",\"width\":1020,\"height\":374},{\"@type\":\"BreadcrumbList\",\"@id\":\"https:\\\/\\\/www.accuratereviews.com\\\/it\\\/software-gestione-strumenti\\\/vehicle-fleet-manager-recensione\\\/#breadcrumb\",\"itemListElement\":[{\"@type\":\"ListItem\",\"position\":1,\"name\":\"Home\",\"item\":\"https:\\\/\\\/www.accuratereviews.com\\\/it\\\/\"},{\"@type\":\"ListItem\",\"position\":2,\"name\":\"Software per la gestione degli strumenti\",\"item\":\"https:\\\/\\\/www.accuratereviews.com\\\/it\\\/software-gestione-strumenti\\\/\"},{\"@type\":\"ListItem\",\"position\":3,\"name\":\"Vehicle Fleet Manager\"}]},{\"@type\":\"WebSite\",\"@id\":\"https:\\\/\\\/www.accuratereviews.com\\\/it\\\/#website\",\"url\":\"https:\\\/\\\/www.accuratereviews.com\\\/it\\\/\",\"name\":\"Accurate Reviews\",\"description\":\"\",\"potentialAction\":[{\"@type\":\"SearchAction\",\"target\":{\"@type\":\"EntryPoint\",\"urlTemplate\":\"https:\\\/\\\/www.accuratereviews.com\\\/it\\\/?s={search_term_string}\"},\"query-input\":{\"@type\":\"PropertyValueSpecification\",\"valueRequired\":true,\"valueName\":\"search_term_string\"}}],\"inLanguage\":\"it-IT\"}]}<\/script>\n<!-- \/ Yoast SEO plugin. -->","yoast_head_json":{"title":"Vehicle Fleet Manager: recensione software gestione strumenti","description":"Vehicle Fleet Manager: recensione software di gestione strumenti per team di piccole e grandi dimensioni sviluppato da Vinity Soft.","robots":{"index":"index","follow":"follow","max-snippet":"max-snippet:-1","max-image-preview":"max-image-preview:large","max-video-preview":"max-video-preview:-1"},"canonical":"https:\/\/www.accuratereviews.com\/it\/software-gestione-strumenti\/vehicle-fleet-manager-recensione\/","og_locale":"it_IT","og_type":"article","og_title":"Vehicle Fleet Manager: recensione software gestione strumenti","og_description":"Vehicle Fleet Manager: recensione software di gestione strumenti per team di piccole e grandi dimensioni sviluppato da Vinity Soft.","og_url":"https:\/\/www.accuratereviews.com\/it\/software-gestione-strumenti\/vehicle-fleet-manager-recensione\/","og_site_name":"Accurate Reviews","og_image":[{"width":1020,"height":374,"url":"https:\/\/www.accuratereviews.com\/wp-content\/uploads\/2021\/06\/Vinity-Soft.png","type":"image\/png"}],"twitter_card":"summary_large_image","twitter_misc":{"Tempo di lettura stimato":"3 minuti"},"schema":{"@context":"https:\/\/schema.org","@graph":[{"@type":"WebPage","@id":"https:\/\/www.accuratereviews.com\/it\/software-gestione-strumenti\/vehicle-fleet-manager-recensione\/","url":"https:\/\/www.accuratereviews.com\/it\/software-gestione-strumenti\/vehicle-fleet-manager-recensione\/","name":"Vehicle Fleet Manager: recensione software gestione strumenti","isPartOf":{"@id":"https:\/\/www.accuratereviews.com\/it\/#website"},"primaryImageOfPage":{"@id":"https:\/\/www.accuratereviews.com\/it\/software-gestione-strumenti\/vehicle-fleet-manager-recensione\/#primaryimage"},"image":{"@id":"https:\/\/www.accuratereviews.com\/it\/software-gestione-strumenti\/vehicle-fleet-manager-recensione\/#primaryimage"},"thumbnailUrl":"https:\/\/www.accuratereviews.com\/wp-content\/uploads\/2021\/06\/Vinity-Soft.png","datePublished":"2021-06-25T10:32:07+00:00","description":"Vehicle Fleet Manager: recensione software di gestione strumenti per team di piccole e grandi dimensioni sviluppato da Vinity Soft.","breadcrumb":{"@id":"https:\/\/www.accuratereviews.com\/it\/software-gestione-strumenti\/vehicle-fleet-manager-recensione\/#breadcrumb"},"inLanguage":"it-IT","potentialAction":[{"@type":"ReadAction","target":["https:\/\/www.accuratereviews.com\/it\/software-gestione-strumenti\/vehicle-fleet-manager-recensione\/"]}]},{"@type":"ImageObject","inLanguage":"it-IT","@id":"https:\/\/www.accuratereviews.com\/it\/software-gestione-strumenti\/vehicle-fleet-manager-recensione\/#primaryimage","url":"https:\/\/www.accuratereviews.com\/wp-content\/uploads\/2021\/06\/Vinity-Soft.png","contentUrl":"https:\/\/www.accuratereviews.com\/wp-content\/uploads\/2021\/06\/Vinity-Soft.png","width":1020,"height":374},{"@type":"BreadcrumbList","@id":"https:\/\/www.accuratereviews.com\/it\/software-gestione-strumenti\/vehicle-fleet-manager-recensione\/#breadcrumb","itemListElement":[{"@type":"ListItem","position":1,"name":"Home","item":"https:\/\/www.accuratereviews.com\/it\/"},{"@type":"ListItem","position":2,"name":"Software per la gestione degli strumenti","item":"https:\/\/www.accuratereviews.com\/it\/software-gestione-strumenti\/"},{"@type":"ListItem","position":3,"name":"Vehicle Fleet Manager"}]},{"@type":"WebSite","@id":"https:\/\/www.accuratereviews.com\/it\/#website","url":"https:\/\/www.accuratereviews.com\/it\/","name":"Accurate Reviews","description":"","potentialAction":[{"@type":"SearchAction","target":{"@type":"EntryPoint","urlTemplate":"https:\/\/www.accuratereviews.com\/it\/?s={search_term_string}"},"query-input":{"@type":"PropertyValueSpecification","valueRequired":true,"valueName":"search_term_string"}}],"inLanguage":"it-IT"}]}},"_links":{"self":[{"href":"https:\/\/www.accuratereviews.com\/it\/wp-json\/wp\/v2\/pages\/44649","targetHints":{"allow":["GET"]}}],"collection":[{"href":"https:\/\/www.accuratereviews.com\/it\/wp-json\/wp\/v2\/pages"}],"about":[{"href":"https:\/\/www.accuratereviews.com\/it\/wp-json\/wp\/v2\/types\/page"}],"author":[{"embeddable":true,"href":"https:\/\/www.accuratereviews.com\/it\/wp-json\/wp\/v2\/users\/16"}],"replies":[{"embeddable":true,"href":"https:\/\/www.accuratereviews.com\/it\/wp-json\/wp\/v2\/comments?post=44649"}],"version-history":[{"count":9,"href":"https:\/\/www.accuratereviews.com\/it\/wp-json\/wp\/v2\/pages\/44649\/revisions"}],"predecessor-version":[{"id":44696,"href":"https:\/\/www.accuratereviews.com\/it\/wp-json\/wp\/v2\/pages\/44649\/revisions\/44696"}],"up":[{"embeddable":true,"href":"https:\/\/www.accuratereviews.com\/it\/wp-json\/wp\/v2\/pages\/44170"}],"wp:featuredmedia":[{"embeddable":true,"href":"https:\/\/www.accuratereviews.com\/it\/wp-json\/wp\/v2\/media\/44651"}],"wp:attachment":[{"href":"https:\/\/www.accuratereviews.com\/it\/wp-json\/wp\/v2\/media?parent=44649"}],"wp:term":[{"taxonomy":"category","embeddable":true,"href":"https:\/\/www.accuratereviews.com\/it\/wp-json\/wp\/v2\/categories?post=44649"},{"taxonomy":"post_tag","embeddable":true,"href":"https:\/\/www.accuratereviews.com\/it\/wp-json\/wp\/v2\/tags?post=44649"},{"taxonomy":"features","embeddable":true,"href":"https:\/\/www.accuratereviews.com\/it\/wp-json\/wp\/v2\/features?post=44649"}],"curies":[{"name":"wp","href":"https:\/\/api.w.org\/{rel}","templated":true}]}}