{"id":44796,"date":"2021-06-29T13:56:47","date_gmt":"2021-06-29T13:56:47","guid":{"rendered":"https:\/\/www.accuratereviews.com\/?page_id=44796"},"modified":"2021-06-29T13:56:47","modified_gmt":"2021-06-29T13:56:47","slug":"hootsuite-recensione","status":"publish","type":"page","link":"https:\/\/www.accuratereviews.com\/it\/software-gestione-brand\/hootsuite-recensione\/","title":{"rendered":"Hootsuite"},"content":{"rendered":"<p><strong>Hootsuite<\/strong> \u00e8 un <strong>software per le relazioni social<\/strong> che consente alle aziende di eseguire straordinarie strategie e attivit\u00e0 sui social media. Il programma aiuta a utilizzare il social web per eseguire campagne di marketing, individuare e far crescere il pubblico e inviare loro messaggi mirati tramite pi\u00f9 canali. Il team pu\u00f2 utilizzare la dashboard dei social media per pianificare in modo collaborativo post su LinkedIn, Facebook, Twitter, Instagram, e altri popolari social tramite piattaforme desktop, web e mobili. Inoltre, puoi facilmente monitorare le tendenze del settore e i risultati delle campagne per modificare le tue strategie man mano che procedi. Oggi molte aziende utilizzano i loro profili social per fornire assistenza ai clienti, proporre offerte personalizzate ai follower e motivarli a diventare acquirenti abituali dei prodotti o servizi.<\/p>\n<h2>HOOTSUITE &#8211; TUTORIAL<\/h2>\n<p>Guardiamo il tutorial in italiano su questo <strong>software per la gestione dei brand e dei social medi<\/strong>a:<\/p>\n<div id=\"fluid-wrapper-counter-1\" class=\"g1-fluid-wrapper \" style=\"width:686px;\">\n<div style=\"padding-bottom:56.268221574344%;\"><iframe loading=\"lazy\" title=\"Come usare Hootsuite (tutorial italiano)\" width=\"686\" height=\"386\" src=\"https:\/\/www.youtube.com\/embed\/luaQdOmUI5w?feature=oembed&amp;wmode=transparent&amp;autohide=1&amp;autoplay=0&amp;disablekb=0&amp;fs=1&amp;loop=0&amp;enablejsapi=1&amp;rel=0&amp;controls=2&amp;showinfo=0&amp;wmode=transparent&amp;autohide=2&amp;autoplay=0&amp;disablekb=0&amp;fs=1&amp;loop=0&amp;enablejsapi=1&amp;rel=0&amp;controls=2&amp;showinfo=1\" frameborder=\"0\" allow=\"accelerometer; autoplay; clipboard-write; encrypted-media; gyroscope; picture-in-picture\" allowfullscreen><\/iframe><\/div>\n<\/div>\n<h3>HOOTSUITE &#8211; CARATTERISTICHE<\/h3>\n<ul>\n<li><strong>Pianifica i tuoi post con facilit\u00e0<\/strong>: ottieni una panoramica istantanea dei contenuti pubblicati e organizzali su tutte le tue reti in un&#8217;unica visualizzazione nel calendario. Mappa le campagne, colma le lacune nei contenuti e collabora in tempo reale. Sospendi tutti i post programmati quando hai bisogno di reagire rapidamente a una potenziale crisi o opportunit\u00e0 imprevista<\/li>\n<li><strong>Crea contenuti ad alte prestazioni<\/strong>: crea facilmente e visualizza in anteprima post accattivanti sul marchio utilizzando Composer. Ottieni l&#8217;accesso alle librerie di risorse, all&#8217;editing delle immagini e alla pubblicazione di video senza problemi<\/li>\n<li><strong>Mantenere una forte presenza social<\/strong>: risparmia tempo e resta attivo programmando i tuoi contenuti in anticipo sulle tue reti. Pianifica pi\u00f9 post contemporaneamente con Bulk Composer<\/li>\n<li><strong>Lavora in modo collaborativo, senza soluzione di continuit\u00e0<\/strong>: garantisci contenuti coerenti con il marchio ottenendo approfondimenti e modifiche dai membri del team prima che le bozze vengano pubblicate. Visualizza il nome dell&#8217;autore del post per un facile riferimento e crea, modifica e duplica facilmente le bozze per risparmiare tempo nella creazione della tua prossima campagna<\/li>\n<li><strong>Proteggi il tuo marchio e semplifica le approvazioni<\/strong>: riduci i rischi e assicurati che tutti i tuoi post siano a posto con un processo di approvazione di facile utilizzo che richiede la revisione dei contenuti da parte delle parti interessate prima della pubblicazione<\/li>\n<li><strong>Rendi la conformit\u00e0 automatica<\/strong>: ottieni un ulteriore livello di sicurezza con Proofpoint, uno strumento software che si integra con gli account del programma \u00a0per fornire screening e analisi automatizzati prima e dopo la pubblicazione di ogni post<\/li>\n<li><strong>Analizza con efficienza<\/strong>: avrai una visione a 360 gradi dei tuoi risultati su tutti i social network in un unico posto, per impostare benchmark di performance e monitorare i miglioramenti nel tempo. I report personalizzabili rendono facile distribuire e assimilare i fatti e le cifre pi\u00f9 significativi per la tua organizzazione<\/li>\n<li><strong>Trova il tuo ROI<\/strong>: calcola il ritorno reale sul tuo investimento sui social media, per consolidare il business case per i social nella tua organizzazione. Impact ti aiuta a dimostrare come i tuoi canali e le tue campagne sui social media generano lead, conversioni e vendite. I dashboard personalizzabili presentano grafici, tabelle e riepiloghi KPI di facile lettura<\/li>\n<li><strong>Migliora il servizio clienti e i tempi di risposta<\/strong>: tieni traccia di quanto tempo impiega il tuo team per rispondere e risolvere le richieste dei clienti. Scopri chi sono i tuoi migliori performer e analizza e condividi le loro tecniche per migliorare le prestazioni complessive del tuo team.<\/li>\n<\/ul>\n<h4>LE RECENSIONI DEGLI UTENTI<\/h4>\n<p><strong>Raffaele B.&#8221;Un tool che funziona bene&#8221;<\/strong><\/p>\n<p><strong>Commenti: <\/strong>Esperienza generale positiva. L&#8217;ho consigliato a molti amici.<\/p>\n<p><strong>Pro: <\/strong>Mi piace la facilit\u00e0 e la versatilit\u00e0 di utilizzo, pu\u00f2 andar bene sia per i gli &#8220;smanettoni&#8221; ma anche per chi \u00e8 alle prime armi.<\/p>\n<p><strong>Contro: <\/strong>L&#8217;unica nota negativa \u00e8 il costo, credo che una riduzione di quest&#8217;ultimo lo renderebbe molto pi\u00f9 appetibile.<\/p>\n<p class=\"font-weight-bold mb-1 d-flex align-items-center\"><strong>Jason W.&#8221;Hootsuit ti aiuter\u00e0 a far crescere il tuo seguito sui social media&#8221;<\/strong><\/p>\n<p><strong>Commenti: <\/strong>La mia esperienza complessiva con Hootsuit \u00e8 fantastica, visto che il mio elenco di follower cresce gi\u00e0 sia personalmente che per la mia attivit\u00e0. Non credo che avrei potuto gestire i miei social media meglio del lavoro che sta facendo Hootsuit. Sono soddisfatto.<\/p>\n<p><strong>Pro: <\/strong>Quello che amo di pi\u00f9 di hootsuit \u00e8 il loro piano gratuito. Non molte piattaforme di gestione dei social media offrono cos\u00ec tanto con il loro piano gratuito. Puoi programmare sia post su Twitter che su Instagram mentre utilizzi diversi social media contemporaneamente, che puoi controllare in un&#8217;unica dashboard. Ho una pagina Twitter e una pagina Instagram per la mia attivit\u00e0 e il piano gratuito di hootsuit mi consente di pianificare i post. Il miglior sevizio di questo programma per me \u00e8 il modo in cui hootsuit analizza i risultati dei social media in termini di trazioni e interazioni e mostra l&#8217;impatto sul mio marchio.<\/p>\n<p><strong>Contro: <\/strong>Per quanto questa funzione sia utile, \u00e8 anche svantaggiata. La funzionalit\u00e0 del dashboard in termini di layout potrebbe essere migliorata. Tutto sembra essere messo insieme e raggruppato.<\/p>\n<p><strong>Esteban P.&#8221;Che fantastica piattaforma di gestione dei social media&#8221;<\/strong><\/p>\n<p><strong>Commenti: <\/strong>L&#8217;utilizzo di Hootsuit ti aiuta a essere organizzato con i tuoi contenuti e la tua pianificazione, puoi gestire tutte le tue piattaforme di social media in un solo posto! Ti fa fare le cose pi\u00f9 velocemente che mai!<\/p>\n<p><strong>Pro: <\/strong>La possibilit\u00e0 di gestire diverse piattaforme social in un unico posto, semplifica il lavoro in un modo completamente nuovo! Lo consiglio assolutamente!<\/p>\n<p><strong>Contro: <\/strong>Non c&#8217;\u00e8 integrazione con alcune piattaforme di social media ma le pi\u00f9 popolari e le pi\u00f9 utilizzate lo sono!<\/p>\n","protected":false},"excerpt":{"rendered":"<p>Hootsuite \u00e8 un software per le relazioni social che consente alle aziende di eseguire straordinarie strategie e attivit\u00e0 sui social media all&#8217;interno delle loro organizzazioni. La sua missione \u00e8 rivoluzionare le comunicazioni di oggi.\u00a0Il programma aiuta a utilizzare il social web per eseguire campagne di marketing, individuare e far crescere il pubblico e inviare loro messaggi mirati tramite pi\u00f9 canali.<\/p>\n","protected":false},"author":16,"featured_media":44797,"parent":44787,"menu_order":0,"comment_status":"open","ping_status":"closed","template":"g1_template_page_review_new.php","meta":{"_acf_changed":false,"cwp_meta_box_check":"Yes","cwp_rev_product_name":"","cwp_rev_product_image":"","wppr_links":[],"cwp_rev_price":"","wppr_options":[],"wppr_pros":[],"wppr_cons":[],"_monsterinsights_skip_tracking":false,"_monsterinsights_sitenote_active":false,"_monsterinsights_sitenote_note":"","_monsterinsights_sitenote_category":0,"footnotes":""},"categories":[10573],"tags":[10605,10600,10604,10599,10603,10597,10601,10598,10602],"features":[],"class_list":{"0":"post-44796","1":"page","2":"type-page","3":"status-publish","4":"has-post-thumbnail","6":"category-software-gestione-brand-categoria","7":"tag-hootsuite","8":"tag-piattaforma-gestionale-brand","9":"tag-piattaforma-per-le-relazioni-social","10":"tag-programma-gestionale-brand","11":"tag-programma-per-le-relazioni-social","12":"tag-software-gestionale-brand","13":"tag-software-per-le-relazioni-social","14":"tag-soluzione-gestionale-brand","15":"tag-soluzione-per-le-relazioni-social"},"wppr_data":{"cwp_meta_box_check":"Yes","cwp_rev_product_name":"","cwp_rev_product_image":"","cwp_image_link":"image","cwp_rev_price":"","wppr_rating":"0.00"},"acf":[],"yoast_head":"<!-- This site is optimized with the Yoast SEO plugin v27.4 - https:\/\/yoast.com\/product\/yoast-seo-wordpress\/ -->\n<title>Hootsuite: recensione software gestione brand - Accurate Reviews<\/title>\n<meta name=\"description\" content=\"Hootsuite: recensione software per le relazioni social che come ha la missione di rivoluzionare le comunicazioni di oggi.\" \/>\n<meta name=\"robots\" content=\"index, follow, max-snippet:-1, max-image-preview:large, max-video-preview:-1\" \/>\n<link rel=\"canonical\" href=\"https:\/\/www.accuratereviews.com\/it\/software-gestione-brand\/hootsuite-recensione\/\" \/>\n<meta property=\"og:locale\" content=\"it_IT\" \/>\n<meta property=\"og:type\" content=\"article\" \/>\n<meta property=\"og:title\" content=\"Hootsuite: recensione software gestione brand - Accurate Reviews\" \/>\n<meta property=\"og:description\" content=\"Hootsuite: recensione software per le relazioni social che come ha la missione di rivoluzionare le comunicazioni di oggi.\" \/>\n<meta property=\"og:url\" content=\"https:\/\/www.accuratereviews.com\/it\/software-gestione-brand\/hootsuite-recensione\/\" \/>\n<meta property=\"og:site_name\" content=\"Accurate Reviews\" \/>\n<meta property=\"og:image\" content=\"https:\/\/www.accuratereviews.com\/wp-content\/uploads\/2021\/06\/hootsuite-logo.jpg\" \/>\n\t<meta property=\"og:image:width\" content=\"500\" \/>\n\t<meta property=\"og:image:height\" content=\"500\" \/>\n\t<meta property=\"og:image:type\" content=\"image\/jpeg\" \/>\n<meta name=\"twitter:card\" content=\"summary_large_image\" \/>\n<meta name=\"twitter:label1\" content=\"Tempo di lettura stimato\" \/>\n\t<meta name=\"twitter:data1\" content=\"4 minuti\" \/>\n<script type=\"application\/ld+json\" class=\"yoast-schema-graph\">{\"@context\":\"https:\\\/\\\/schema.org\",\"@graph\":[{\"@type\":\"WebPage\",\"@id\":\"https:\\\/\\\/www.accuratereviews.com\\\/it\\\/software-gestione-brand\\\/hootsuite-recensione\\\/\",\"url\":\"https:\\\/\\\/www.accuratereviews.com\\\/it\\\/software-gestione-brand\\\/hootsuite-recensione\\\/\",\"name\":\"Hootsuite: recensione software gestione brand - Accurate Reviews\",\"isPartOf\":{\"@id\":\"https:\\\/\\\/www.accuratereviews.com\\\/it\\\/#website\"},\"primaryImageOfPage\":{\"@id\":\"https:\\\/\\\/www.accuratereviews.com\\\/it\\\/software-gestione-brand\\\/hootsuite-recensione\\\/#primaryimage\"},\"image\":{\"@id\":\"https:\\\/\\\/www.accuratereviews.com\\\/it\\\/software-gestione-brand\\\/hootsuite-recensione\\\/#primaryimage\"},\"thumbnailUrl\":\"https:\\\/\\\/www.accuratereviews.com\\\/wp-content\\\/uploads\\\/2021\\\/06\\\/hootsuite-logo.jpg\",\"datePublished\":\"2021-06-29T13:56:47+00:00\",\"description\":\"Hootsuite: recensione software per le relazioni social che come ha la missione di rivoluzionare le comunicazioni di oggi.\",\"breadcrumb\":{\"@id\":\"https:\\\/\\\/www.accuratereviews.com\\\/it\\\/software-gestione-brand\\\/hootsuite-recensione\\\/#breadcrumb\"},\"inLanguage\":\"it-IT\",\"potentialAction\":[{\"@type\":\"ReadAction\",\"target\":[\"https:\\\/\\\/www.accuratereviews.com\\\/it\\\/software-gestione-brand\\\/hootsuite-recensione\\\/\"]}]},{\"@type\":\"ImageObject\",\"inLanguage\":\"it-IT\",\"@id\":\"https:\\\/\\\/www.accuratereviews.com\\\/it\\\/software-gestione-brand\\\/hootsuite-recensione\\\/#primaryimage\",\"url\":\"https:\\\/\\\/www.accuratereviews.com\\\/wp-content\\\/uploads\\\/2021\\\/06\\\/hootsuite-logo.jpg\",\"contentUrl\":\"https:\\\/\\\/www.accuratereviews.com\\\/wp-content\\\/uploads\\\/2021\\\/06\\\/hootsuite-logo.jpg\",\"width\":500,\"height\":500},{\"@type\":\"BreadcrumbList\",\"@id\":\"https:\\\/\\\/www.accuratereviews.com\\\/it\\\/software-gestione-brand\\\/hootsuite-recensione\\\/#breadcrumb\",\"itemListElement\":[{\"@type\":\"ListItem\",\"position\":1,\"name\":\"Home\",\"item\":\"https:\\\/\\\/www.accuratereviews.com\\\/it\\\/\"},{\"@type\":\"ListItem\",\"position\":2,\"name\":\"Software per la gestione dei brand\",\"item\":\"https:\\\/\\\/www.accuratereviews.com\\\/it\\\/software-gestione-brand\\\/\"},{\"@type\":\"ListItem\",\"position\":3,\"name\":\"Hootsuite\"}]},{\"@type\":\"WebSite\",\"@id\":\"https:\\\/\\\/www.accuratereviews.com\\\/it\\\/#website\",\"url\":\"https:\\\/\\\/www.accuratereviews.com\\\/it\\\/\",\"name\":\"Accurate Reviews\",\"description\":\"\",\"potentialAction\":[{\"@type\":\"SearchAction\",\"target\":{\"@type\":\"EntryPoint\",\"urlTemplate\":\"https:\\\/\\\/www.accuratereviews.com\\\/it\\\/?s={search_term_string}\"},\"query-input\":{\"@type\":\"PropertyValueSpecification\",\"valueRequired\":true,\"valueName\":\"search_term_string\"}}],\"inLanguage\":\"it-IT\"}]}<\/script>\n<!-- \/ Yoast SEO plugin. -->","yoast_head_json":{"title":"Hootsuite: recensione software gestione brand - Accurate Reviews","description":"Hootsuite: recensione software per le relazioni social che come ha la missione di rivoluzionare le comunicazioni di oggi.","robots":{"index":"index","follow":"follow","max-snippet":"max-snippet:-1","max-image-preview":"max-image-preview:large","max-video-preview":"max-video-preview:-1"},"canonical":"https:\/\/www.accuratereviews.com\/it\/software-gestione-brand\/hootsuite-recensione\/","og_locale":"it_IT","og_type":"article","og_title":"Hootsuite: recensione software gestione brand - Accurate Reviews","og_description":"Hootsuite: recensione software per le relazioni social che come ha la missione di rivoluzionare le comunicazioni di oggi.","og_url":"https:\/\/www.accuratereviews.com\/it\/software-gestione-brand\/hootsuite-recensione\/","og_site_name":"Accurate Reviews","og_image":[{"width":500,"height":500,"url":"https:\/\/www.accuratereviews.com\/wp-content\/uploads\/2021\/06\/hootsuite-logo.jpg","type":"image\/jpeg"}],"twitter_card":"summary_large_image","twitter_misc":{"Tempo di lettura stimato":"4 minuti"},"schema":{"@context":"https:\/\/schema.org","@graph":[{"@type":"WebPage","@id":"https:\/\/www.accuratereviews.com\/it\/software-gestione-brand\/hootsuite-recensione\/","url":"https:\/\/www.accuratereviews.com\/it\/software-gestione-brand\/hootsuite-recensione\/","name":"Hootsuite: recensione software gestione brand - Accurate Reviews","isPartOf":{"@id":"https:\/\/www.accuratereviews.com\/it\/#website"},"primaryImageOfPage":{"@id":"https:\/\/www.accuratereviews.com\/it\/software-gestione-brand\/hootsuite-recensione\/#primaryimage"},"image":{"@id":"https:\/\/www.accuratereviews.com\/it\/software-gestione-brand\/hootsuite-recensione\/#primaryimage"},"thumbnailUrl":"https:\/\/www.accuratereviews.com\/wp-content\/uploads\/2021\/06\/hootsuite-logo.jpg","datePublished":"2021-06-29T13:56:47+00:00","description":"Hootsuite: recensione software per le relazioni social che come ha la missione di rivoluzionare le comunicazioni di oggi.","breadcrumb":{"@id":"https:\/\/www.accuratereviews.com\/it\/software-gestione-brand\/hootsuite-recensione\/#breadcrumb"},"inLanguage":"it-IT","potentialAction":[{"@type":"ReadAction","target":["https:\/\/www.accuratereviews.com\/it\/software-gestione-brand\/hootsuite-recensione\/"]}]},{"@type":"ImageObject","inLanguage":"it-IT","@id":"https:\/\/www.accuratereviews.com\/it\/software-gestione-brand\/hootsuite-recensione\/#primaryimage","url":"https:\/\/www.accuratereviews.com\/wp-content\/uploads\/2021\/06\/hootsuite-logo.jpg","contentUrl":"https:\/\/www.accuratereviews.com\/wp-content\/uploads\/2021\/06\/hootsuite-logo.jpg","width":500,"height":500},{"@type":"BreadcrumbList","@id":"https:\/\/www.accuratereviews.com\/it\/software-gestione-brand\/hootsuite-recensione\/#breadcrumb","itemListElement":[{"@type":"ListItem","position":1,"name":"Home","item":"https:\/\/www.accuratereviews.com\/it\/"},{"@type":"ListItem","position":2,"name":"Software per la gestione dei brand","item":"https:\/\/www.accuratereviews.com\/it\/software-gestione-brand\/"},{"@type":"ListItem","position":3,"name":"Hootsuite"}]},{"@type":"WebSite","@id":"https:\/\/www.accuratereviews.com\/it\/#website","url":"https:\/\/www.accuratereviews.com\/it\/","name":"Accurate Reviews","description":"","potentialAction":[{"@type":"SearchAction","target":{"@type":"EntryPoint","urlTemplate":"https:\/\/www.accuratereviews.com\/it\/?s={search_term_string}"},"query-input":{"@type":"PropertyValueSpecification","valueRequired":true,"valueName":"search_term_string"}}],"inLanguage":"it-IT"}]}},"_links":{"self":[{"href":"https:\/\/www.accuratereviews.com\/it\/wp-json\/wp\/v2\/pages\/44796","targetHints":{"allow":["GET"]}}],"collection":[{"href":"https:\/\/www.accuratereviews.com\/it\/wp-json\/wp\/v2\/pages"}],"about":[{"href":"https:\/\/www.accuratereviews.com\/it\/wp-json\/wp\/v2\/types\/page"}],"author":[{"embeddable":true,"href":"https:\/\/www.accuratereviews.com\/it\/wp-json\/wp\/v2\/users\/16"}],"replies":[{"embeddable":true,"href":"https:\/\/www.accuratereviews.com\/it\/wp-json\/wp\/v2\/comments?post=44796"}],"version-history":[{"count":10,"href":"https:\/\/www.accuratereviews.com\/it\/wp-json\/wp\/v2\/pages\/44796\/revisions"}],"predecessor-version":[{"id":44874,"href":"https:\/\/www.accuratereviews.com\/it\/wp-json\/wp\/v2\/pages\/44796\/revisions\/44874"}],"up":[{"embeddable":true,"href":"https:\/\/www.accuratereviews.com\/it\/wp-json\/wp\/v2\/pages\/44787"}],"wp:featuredmedia":[{"embeddable":true,"href":"https:\/\/www.accuratereviews.com\/it\/wp-json\/wp\/v2\/media\/44797"}],"wp:attachment":[{"href":"https:\/\/www.accuratereviews.com\/it\/wp-json\/wp\/v2\/media?parent=44796"}],"wp:term":[{"taxonomy":"category","embeddable":true,"href":"https:\/\/www.accuratereviews.com\/it\/wp-json\/wp\/v2\/categories?post=44796"},{"taxonomy":"post_tag","embeddable":true,"href":"https:\/\/www.accuratereviews.com\/it\/wp-json\/wp\/v2\/tags?post=44796"},{"taxonomy":"features","embeddable":true,"href":"https:\/\/www.accuratereviews.com\/it\/wp-json\/wp\/v2\/features?post=44796"}],"curies":[{"name":"wp","href":"https:\/\/api.w.org\/{rel}","templated":true}]}}