{"id":44834,"date":"2021-06-29T12:31:34","date_gmt":"2021-06-29T12:31:34","guid":{"rendered":"https:\/\/www.accuratereviews.com\/?page_id=44834"},"modified":"2021-06-30T09:37:25","modified_gmt":"2021-06-30T09:37:25","slug":"canto-recensione","status":"publish","type":"page","link":"https:\/\/www.accuratereviews.com\/it\/software-gestione-brand\/canto-recensione\/","title":{"rendered":"Canto"},"content":{"rendered":"<p><strong>Canto<\/strong> \u00e8 un <strong>software per la gestione dei brand<\/strong> che ti consente di organizzare, trovare e condividere tutte le risorse digitali in modo semplice e veloce. La <strong>gestione delle risorse del marchio<\/strong> \u00e8 di fondamentale importanza perch\u00e9 se i tuoi contenuti visivi sono organizzati significa che anche il tuo team \u00e8 ben organizzato e questo, naturalmente, porta a una maggiore efficienza.<br \/>\nGrazie a questo programma, risparmierai molto tempo perch\u00e9 potrai scannerizzare direttamente intere librerie digitali, trovare subito il file che stavi cercando e scoprire nuovi media che permetteranno al tuo brand di avere successo.<\/p>\n<h2>CANTO &#8211; TUTORIAL<\/h2>\n<p>Di seguito un breve video della demo:<\/p>\n<div id=\"fluid-wrapper-counter-1\" class=\"g1-fluid-wrapper \" style=\"width:686px;\">\n<div style=\"padding-bottom:56.268221574344%;\"><iframe loading=\"lazy\" title=\"5-Minute Demo \u2013 Canto Digital Asset Management\" width=\"515\" height=\"386\" src=\"https:\/\/www.youtube.com\/embed\/cQPO14_-IOc?feature=oembed&amp;wmode=transparent&amp;autohide=1&amp;autoplay=0&amp;disablekb=0&amp;fs=1&amp;loop=0&amp;enablejsapi=1&amp;rel=0&amp;controls=2&amp;showinfo=0&amp;wmode=transparent&amp;autohide=2&amp;autoplay=0&amp;disablekb=0&amp;fs=1&amp;loop=0&amp;enablejsapi=1&amp;rel=0&amp;controls=2&amp;showinfo=1\" frameborder=\"0\" allow=\"accelerometer; autoplay; clipboard-write; encrypted-media; gyroscope; picture-in-picture\" allowfullscreen><\/iframe><\/div>\n<\/div>\n<h3>CANTO &#8211; CARATTERISTICHE<\/h3>\n<ul>\n<li><strong>Organizza<\/strong>: semplifica il modo in cui archivi e gestisci la tua libreria multimediale. Gli album intelligenti ordinano automaticamente le tue risorse digitali per tipi di file. Parole chiave e tag forniscono etichette contestuali e cartelle e album offrono potenti opzioni di ordinamento<\/li>\n<li><strong>Cerca<\/strong>: trova velocemente i file con le funzionalit\u00e0 di ricerca avanzate di Canto. I risultati della tua ricerca possono essere filtrati per parole chiave, autori, date, dimensioni dei file, tipi di file e molto altro<\/li>\n<li><strong>Condividi<\/strong>: condividi le tue risorse con i compagni di squadra e con i collaboratori esterni. Le risorse possono essere condivise direttamente da Canto, tramite email, link in scadenza, social media come Facebook e Twitter o servizi di archiviazione file come Box, Dropbox e Google Drive<\/li>\n<li><strong>Anteprime visive<\/strong>: l&#8217;interfaccia in stile galleria di Canto consente una facile anteprima dei contenuti visivi. Un solo clic visualizza immagini a schermo intero, video HD, presentazioni PowerPoint, layout InDesign e altro ancora<\/li>\n<li><strong>Branding<\/strong>: l&#8217;identit\u00e0 del tuo marchio \u00e8 fondamentale per il successo della tua azienda, quindi \u00e8 meglio mantenerla gestita con linee guida del marchio in-app, download di preimpostazioni, filigrane personalizzate e un&#8217;interfaccia personalizzata con il marchio dell&#8217;immagine della tua azienda<\/li>\n<li><strong>Ruoli utente<\/strong>: scopri i tre ruoli utente disponibili e le loro funzioni: amministratori, collaboratori e consumatori. Ognuno viene fornito con il proprio set di autorizzazioni e capacit\u00e0<\/li>\n<li><strong>Sicurezza<\/strong>: le tue preziose risorse del marchio sono al sicuro. Canto funziona su AWS (Amazon Web Services) ed \u00e8 ospitato in data center altamente sicuri. Canto \u00e8 conforme a SOC 2 per aumentare ulteriormente la sicurezza<\/li>\n<li><strong>Collabora<\/strong>: approva i contenuti, sviluppa nuove idee e comunica con colleghi esterni e agenzie esterne da un&#8217;unica posizione centralizzata. I portali e gli spazi di lavoro di facile utilizzo assicurano che il contenuto sia accessibile solo quando \u00e8 on-brand e pronto per essere condiviso<\/li>\n<li><strong>Report<\/strong>: offre ai tuoi utenti amministratori una dashboard visiva per vedere l&#8217;attivit\u00e0 degli utenti e creare rapporti sull&#8217;efficacia della tua libreria multimediale. Disponi i widget dei rapporti per visualizzare qualsiasi cosa, dall&#8217;archiviazione dei file e gli accessi ai principali termini di ricerca e download<\/li>\n<li><strong>Integrazioni<\/strong>: si integra con molte app note come Google Chrome, Dropbox, Drupal, Facebook, Google Drive, Adobe Illustrator, LinkedIn, Mailchimp, Microsoft Windows, Outlook, Pinterest, Twitter, Zapier, Youtube ecc&#8230;<\/li>\n<\/ul>\n<h4>LE RECENSIONI DEGLI UTENTI<\/h4>\n<p><strong>Meg R. &#8220;Canto \u00e8 stato un punto di svolta totale!&#8221;<\/strong><br \/>\nCOMMENTI: Canto \u00e8 stato un punto di svolta. Ora abbiamo oltre 250.000 risorse archiviate e organizzate digitalmente. Sono in grado di cercare e condividere facilmente immagini senza stress<br \/>\nPRO: ora posso condividere immagini con individui o gruppi di persone senza essere vincolato a VPN o file di grandi dimensioni su siti di trasferimento al di fuori dell&#8217;organizzazione<br \/>\nCONTRO: ci sono alcune funzionalit\u00e0 che potrebbero essere migliorate, ma Canto ascolta i feedback e spesso implementa i suggerimenti rapidamente o offre ottime soluzioni.<\/p>\n<p><strong>Jonathan S. &#8220;DAM di livello superiore&#8221;<\/strong><br \/>\nPRO: Canto \u00e8 estremamente facile da usare, semplice e di grande valore. Tutto il supporto \u00e8 fornito internamente e vanno ben oltre per risolvere i problemi<br \/>\nCONTRO: non c&#8217;\u00e8 una funzionalit\u00e0 che Canto non offra. Le prestazioni del CDN con un caricamento pi\u00f9 rapido sarebbero il mio unico suggerimento.<\/p>\n<p><strong>Christy D. &#8220;Tutto in un unico posto!&#8221;<\/strong><br \/>\nCOMMENTI: Canto \u00e8 uno strumento super robusto e ha reso molto pi\u00f9 semplice la condivisione e l&#8217;organizzazione delle risorse visive<br \/>\nPRO: Canto ci ha reso facile avere tutte le nostre fotografie utilizzabili e accessibili in un unico posto. \u00c8 semplicissimo mettere insieme e condividere un set personalizzato di immagini e loghi<br \/>\nCONTRO: il ritaglio e il ridimensionamento sono scomodi per i nuovi utenti.<\/p>\n","protected":false},"excerpt":{"rendered":"<p>Canto \u00e8 un software per la gestione dei brand che ti consente di organizzare, trovare e condividere tutte le risorse digitali in modo semplice e veloce. La gestione delle risorse del marchio \u00e8 di fondamentale importanza perch\u00e9 se i tuoi contenuti visivi sono organizzati significa che anche il tuo team \u00e8 ben organizzato e questo, naturalmente, porta a una maggiore efficienza lavorativa.\u00a0<\/p>\n","protected":false},"author":17,"featured_media":44838,"parent":44787,"menu_order":0,"comment_status":"open","ping_status":"closed","template":"g1_template_page_review_new.php","meta":{"_acf_changed":false,"cwp_meta_box_check":"No","cwp_rev_product_name":"","cwp_rev_product_image":"","wppr_links":[],"cwp_rev_price":"","wppr_options":[],"wppr_pros":[],"wppr_cons":[],"_monsterinsights_skip_tracking":false,"_monsterinsights_sitenote_active":false,"_monsterinsights_sitenote_note":"","_monsterinsights_sitenote_category":0,"footnotes":""},"categories":[10573],"tags":[10577,10580,10599,10597,10575,10576,10581],"features":[],"class_list":{"0":"post-44834","1":"page","2":"type-page","3":"status-publish","4":"has-post-thumbnail","6":"category-software-gestione-brand-categoria","7":"tag-gestione-brand","8":"tag-piattaforma-gestione-brand","9":"tag-programma-gestionale-brand","10":"tag-software-gestionale-brand","11":"tag-software-gestione-brand","12":"tag-software-gestione-marchio","13":"tag-soluzione-gestione-marchio"},"wppr_data":{"cwp_meta_box_check":"No"},"acf":[],"yoast_head":"<!-- This site is optimized with the Yoast SEO plugin v27.4 - https:\/\/yoast.com\/product\/yoast-seo-wordpress\/ -->\n<title>Canto: recensione software gestione brand - Accurate Reviews<\/title>\n<meta name=\"description\" content=\"Canto: recensione del software per la gestione dei brand che ti consente di organizzare, trovare e condividere le risorse digitali al meglio.\" \/>\n<meta name=\"robots\" content=\"index, follow, max-snippet:-1, max-image-preview:large, max-video-preview:-1\" \/>\n<link rel=\"canonical\" href=\"https:\/\/www.accuratereviews.com\/it\/software-gestione-brand\/canto-recensione\/\" \/>\n<meta property=\"og:locale\" content=\"it_IT\" \/>\n<meta property=\"og:type\" content=\"article\" \/>\n<meta property=\"og:title\" content=\"Canto: recensione software gestione brand - Accurate Reviews\" \/>\n<meta property=\"og:description\" content=\"Canto: recensione del software per la gestione dei brand che ti consente di organizzare, trovare e condividere le risorse digitali al meglio.\" \/>\n<meta property=\"og:url\" content=\"https:\/\/www.accuratereviews.com\/it\/software-gestione-brand\/canto-recensione\/\" \/>\n<meta property=\"og:site_name\" content=\"Accurate Reviews\" \/>\n<meta property=\"article:modified_time\" content=\"2021-06-30T09:37:25+00:00\" \/>\n<meta property=\"og:image\" content=\"https:\/\/www.accuratereviews.com\/wp-content\/uploads\/2021\/06\/canto-inc-vector-logo.png\" \/>\n\t<meta property=\"og:image:width\" content=\"900\" \/>\n\t<meta property=\"og:image:height\" content=\"500\" \/>\n\t<meta property=\"og:image:type\" content=\"image\/png\" \/>\n<meta name=\"twitter:card\" content=\"summary_large_image\" \/>\n<meta name=\"twitter:label1\" content=\"Tempo di lettura stimato\" \/>\n\t<meta name=\"twitter:data1\" content=\"4 minuti\" \/>\n<script type=\"application\/ld+json\" class=\"yoast-schema-graph\">{\"@context\":\"https:\\\/\\\/schema.org\",\"@graph\":[{\"@type\":\"WebPage\",\"@id\":\"https:\\\/\\\/www.accuratereviews.com\\\/it\\\/software-gestione-brand\\\/canto-recensione\\\/\",\"url\":\"https:\\\/\\\/www.accuratereviews.com\\\/it\\\/software-gestione-brand\\\/canto-recensione\\\/\",\"name\":\"Canto: recensione software gestione brand - Accurate Reviews\",\"isPartOf\":{\"@id\":\"https:\\\/\\\/www.accuratereviews.com\\\/it\\\/#website\"},\"primaryImageOfPage\":{\"@id\":\"https:\\\/\\\/www.accuratereviews.com\\\/it\\\/software-gestione-brand\\\/canto-recensione\\\/#primaryimage\"},\"image\":{\"@id\":\"https:\\\/\\\/www.accuratereviews.com\\\/it\\\/software-gestione-brand\\\/canto-recensione\\\/#primaryimage\"},\"thumbnailUrl\":\"https:\\\/\\\/www.accuratereviews.com\\\/wp-content\\\/uploads\\\/2021\\\/06\\\/canto-inc-vector-logo.png\",\"datePublished\":\"2021-06-29T12:31:34+00:00\",\"dateModified\":\"2021-06-30T09:37:25+00:00\",\"description\":\"Canto: recensione del software per la gestione dei brand che ti consente di organizzare, trovare e condividere le risorse digitali al meglio.\",\"breadcrumb\":{\"@id\":\"https:\\\/\\\/www.accuratereviews.com\\\/it\\\/software-gestione-brand\\\/canto-recensione\\\/#breadcrumb\"},\"inLanguage\":\"it-IT\",\"potentialAction\":[{\"@type\":\"ReadAction\",\"target\":[\"https:\\\/\\\/www.accuratereviews.com\\\/it\\\/software-gestione-brand\\\/canto-recensione\\\/\"]}]},{\"@type\":\"ImageObject\",\"inLanguage\":\"it-IT\",\"@id\":\"https:\\\/\\\/www.accuratereviews.com\\\/it\\\/software-gestione-brand\\\/canto-recensione\\\/#primaryimage\",\"url\":\"https:\\\/\\\/www.accuratereviews.com\\\/wp-content\\\/uploads\\\/2021\\\/06\\\/canto-inc-vector-logo.png\",\"contentUrl\":\"https:\\\/\\\/www.accuratereviews.com\\\/wp-content\\\/uploads\\\/2021\\\/06\\\/canto-inc-vector-logo.png\",\"width\":900,\"height\":500},{\"@type\":\"BreadcrumbList\",\"@id\":\"https:\\\/\\\/www.accuratereviews.com\\\/it\\\/software-gestione-brand\\\/canto-recensione\\\/#breadcrumb\",\"itemListElement\":[{\"@type\":\"ListItem\",\"position\":1,\"name\":\"Home\",\"item\":\"https:\\\/\\\/www.accuratereviews.com\\\/it\\\/\"},{\"@type\":\"ListItem\",\"position\":2,\"name\":\"Software per la gestione dei brand\",\"item\":\"https:\\\/\\\/www.accuratereviews.com\\\/it\\\/software-gestione-brand\\\/\"},{\"@type\":\"ListItem\",\"position\":3,\"name\":\"Canto\"}]},{\"@type\":\"WebSite\",\"@id\":\"https:\\\/\\\/www.accuratereviews.com\\\/it\\\/#website\",\"url\":\"https:\\\/\\\/www.accuratereviews.com\\\/it\\\/\",\"name\":\"Accurate Reviews\",\"description\":\"\",\"potentialAction\":[{\"@type\":\"SearchAction\",\"target\":{\"@type\":\"EntryPoint\",\"urlTemplate\":\"https:\\\/\\\/www.accuratereviews.com\\\/it\\\/?s={search_term_string}\"},\"query-input\":{\"@type\":\"PropertyValueSpecification\",\"valueRequired\":true,\"valueName\":\"search_term_string\"}}],\"inLanguage\":\"it-IT\"}]}<\/script>\n<!-- \/ Yoast SEO plugin. -->","yoast_head_json":{"title":"Canto: recensione software gestione brand - Accurate Reviews","description":"Canto: recensione del software per la gestione dei brand che ti consente di organizzare, trovare e condividere le risorse digitali al meglio.","robots":{"index":"index","follow":"follow","max-snippet":"max-snippet:-1","max-image-preview":"max-image-preview:large","max-video-preview":"max-video-preview:-1"},"canonical":"https:\/\/www.accuratereviews.com\/it\/software-gestione-brand\/canto-recensione\/","og_locale":"it_IT","og_type":"article","og_title":"Canto: recensione software gestione brand - Accurate Reviews","og_description":"Canto: recensione del software per la gestione dei brand che ti consente di organizzare, trovare e condividere le risorse digitali al meglio.","og_url":"https:\/\/www.accuratereviews.com\/it\/software-gestione-brand\/canto-recensione\/","og_site_name":"Accurate Reviews","article_modified_time":"2021-06-30T09:37:25+00:00","og_image":[{"width":900,"height":500,"url":"https:\/\/www.accuratereviews.com\/wp-content\/uploads\/2021\/06\/canto-inc-vector-logo.png","type":"image\/png"}],"twitter_card":"summary_large_image","twitter_misc":{"Tempo di lettura stimato":"4 minuti"},"schema":{"@context":"https:\/\/schema.org","@graph":[{"@type":"WebPage","@id":"https:\/\/www.accuratereviews.com\/it\/software-gestione-brand\/canto-recensione\/","url":"https:\/\/www.accuratereviews.com\/it\/software-gestione-brand\/canto-recensione\/","name":"Canto: recensione software gestione brand - Accurate Reviews","isPartOf":{"@id":"https:\/\/www.accuratereviews.com\/it\/#website"},"primaryImageOfPage":{"@id":"https:\/\/www.accuratereviews.com\/it\/software-gestione-brand\/canto-recensione\/#primaryimage"},"image":{"@id":"https:\/\/www.accuratereviews.com\/it\/software-gestione-brand\/canto-recensione\/#primaryimage"},"thumbnailUrl":"https:\/\/www.accuratereviews.com\/wp-content\/uploads\/2021\/06\/canto-inc-vector-logo.png","datePublished":"2021-06-29T12:31:34+00:00","dateModified":"2021-06-30T09:37:25+00:00","description":"Canto: recensione del software per la gestione dei brand che ti consente di organizzare, trovare e condividere le risorse digitali al meglio.","breadcrumb":{"@id":"https:\/\/www.accuratereviews.com\/it\/software-gestione-brand\/canto-recensione\/#breadcrumb"},"inLanguage":"it-IT","potentialAction":[{"@type":"ReadAction","target":["https:\/\/www.accuratereviews.com\/it\/software-gestione-brand\/canto-recensione\/"]}]},{"@type":"ImageObject","inLanguage":"it-IT","@id":"https:\/\/www.accuratereviews.com\/it\/software-gestione-brand\/canto-recensione\/#primaryimage","url":"https:\/\/www.accuratereviews.com\/wp-content\/uploads\/2021\/06\/canto-inc-vector-logo.png","contentUrl":"https:\/\/www.accuratereviews.com\/wp-content\/uploads\/2021\/06\/canto-inc-vector-logo.png","width":900,"height":500},{"@type":"BreadcrumbList","@id":"https:\/\/www.accuratereviews.com\/it\/software-gestione-brand\/canto-recensione\/#breadcrumb","itemListElement":[{"@type":"ListItem","position":1,"name":"Home","item":"https:\/\/www.accuratereviews.com\/it\/"},{"@type":"ListItem","position":2,"name":"Software per la gestione dei brand","item":"https:\/\/www.accuratereviews.com\/it\/software-gestione-brand\/"},{"@type":"ListItem","position":3,"name":"Canto"}]},{"@type":"WebSite","@id":"https:\/\/www.accuratereviews.com\/it\/#website","url":"https:\/\/www.accuratereviews.com\/it\/","name":"Accurate Reviews","description":"","potentialAction":[{"@type":"SearchAction","target":{"@type":"EntryPoint","urlTemplate":"https:\/\/www.accuratereviews.com\/it\/?s={search_term_string}"},"query-input":{"@type":"PropertyValueSpecification","valueRequired":true,"valueName":"search_term_string"}}],"inLanguage":"it-IT"}]}},"_links":{"self":[{"href":"https:\/\/www.accuratereviews.com\/it\/wp-json\/wp\/v2\/pages\/44834","targetHints":{"allow":["GET"]}}],"collection":[{"href":"https:\/\/www.accuratereviews.com\/it\/wp-json\/wp\/v2\/pages"}],"about":[{"href":"https:\/\/www.accuratereviews.com\/it\/wp-json\/wp\/v2\/types\/page"}],"author":[{"embeddable":true,"href":"https:\/\/www.accuratereviews.com\/it\/wp-json\/wp\/v2\/users\/17"}],"replies":[{"embeddable":true,"href":"https:\/\/www.accuratereviews.com\/it\/wp-json\/wp\/v2\/comments?post=44834"}],"version-history":[{"count":6,"href":"https:\/\/www.accuratereviews.com\/it\/wp-json\/wp\/v2\/pages\/44834\/revisions"}],"predecessor-version":[{"id":44931,"href":"https:\/\/www.accuratereviews.com\/it\/wp-json\/wp\/v2\/pages\/44834\/revisions\/44931"}],"up":[{"embeddable":true,"href":"https:\/\/www.accuratereviews.com\/it\/wp-json\/wp\/v2\/pages\/44787"}],"wp:featuredmedia":[{"embeddable":true,"href":"https:\/\/www.accuratereviews.com\/it\/wp-json\/wp\/v2\/media\/44838"}],"wp:attachment":[{"href":"https:\/\/www.accuratereviews.com\/it\/wp-json\/wp\/v2\/media?parent=44834"}],"wp:term":[{"taxonomy":"category","embeddable":true,"href":"https:\/\/www.accuratereviews.com\/it\/wp-json\/wp\/v2\/categories?post=44834"},{"taxonomy":"post_tag","embeddable":true,"href":"https:\/\/www.accuratereviews.com\/it\/wp-json\/wp\/v2\/tags?post=44834"},{"taxonomy":"features","embeddable":true,"href":"https:\/\/www.accuratereviews.com\/it\/wp-json\/wp\/v2\/features?post=44834"}],"curies":[{"name":"wp","href":"https:\/\/api.w.org\/{rel}","templated":true}]}}