{"id":44877,"date":"2021-06-30T11:33:47","date_gmt":"2021-06-30T11:33:47","guid":{"rendered":"https:\/\/www.accuratereviews.com\/?page_id=44877"},"modified":"2021-06-30T11:33:47","modified_gmt":"2021-06-30T11:33:47","slug":"brandfolder-recensione","status":"publish","type":"page","link":"https:\/\/www.accuratereviews.com\/it\/software-gestione-brand\/brandfolder-recensione\/","title":{"rendered":"Brandfolder"},"content":{"rendered":"<p><strong>Brandfolder<\/strong> \u00e8 un software che si descrive come applicazione <strong>DAM (Digital Asset Management)<\/strong> pi\u00f9 semplice e potente al mondo. Evidenzia l&#8217;interfaccia user-friendly che rende semplice agli utenti organizzare, condividere e collaborare su file, tutto in un unico hub. Poich\u00e9 \u00e8 facile da usare e da capire, la soluzione aiuta le aziende a essere pi\u00f9 produttive. Il software \u00e8 basato su <strong>cloud.<\/strong> Gli utenti quindi hanno la certezza che le risorse del loro marchio siano al sicuro e possano essere comodamente recuperate sempre e ovunque. L&#8217;applicazione fornisce analisi approfondite per scoprire come vengono utilizzate le risorse, chi le utilizza e molto altro ancora. Queste informazioni possono aiutare le organizzazioni per quanto riguarda il marketing e la costruzione di strategie.\u00a0Un&#8217;organizzazione \u00e8 pi\u00f9 efficiente quando dispone di una soluzione DAM semplice e affidabile.<\/p>\n<h2>BRANDFOLDER &#8211; TUTORIAL<\/h2>\n<p>Ecco un tutorial che illustra come questo<strong> software di gestione dei brand<\/strong> pu\u00f2 aiutarti:<\/p>\n<div id=\"fluid-wrapper-counter-1\" class=\"g1-fluid-wrapper \" style=\"width:686px;\">\n<div style=\"padding-bottom:56.268221574344%;\"><iframe loading=\"lazy\" title=\"Brandfolder - Digital Asset Management Software\" width=\"686\" height=\"386\" src=\"https:\/\/www.youtube.com\/embed\/MmUi8U9lOkw?feature=oembed&amp;wmode=transparent&amp;autohide=1&amp;autoplay=0&amp;disablekb=0&amp;fs=1&amp;loop=0&amp;enablejsapi=1&amp;rel=0&amp;controls=2&amp;showinfo=0&amp;wmode=transparent&amp;autohide=2&amp;autoplay=0&amp;disablekb=0&amp;fs=1&amp;loop=0&amp;enablejsapi=1&amp;rel=0&amp;controls=2&amp;showinfo=1\" frameborder=\"0\" allow=\"accelerometer; autoplay; clipboard-write; encrypted-media; gyroscope; picture-in-picture\" allowfullscreen><\/iframe><\/div>\n<\/div>\n<h2>BRANDFOLDER &#8211; CARATTERISTICHE<\/h2>\n<ul>\n<li><strong>Supporto per pi\u00f9 formati di file<\/strong>: i media sono disponibili in tutte le forme e dimensioni, tipi di file e formati. Supporta tutti i formati di file inclusi immagini, video, audio e documenti<\/li>\n<li><strong>Caricamento ospite<\/strong>: crea un portale per i partner esterni per caricare facilmente e comodamente i file nella soluzione senza dover consentire loro l&#8217;accesso<\/li>\n<li><strong>Tutto archiviato in modo sicuro<\/strong>: la sicurezza delle risorse del tuo marchio \u00e8 la massima priorit\u00e0. Il team di ingegneri utilizza i migliori strumenti e pratiche disponibili per creare e mantenere il software e hanno implementato pi\u00f9 livelli di sicurezza per proteggere e fare il backup dei tuoi file<\/li>\n<li><strong>Caricamento di massa facile con Drag &amp; Drop:<\/strong> aggiungere risorse non \u00e8 mai stato cos\u00ec facile. Basta trascinare e rilasciare singoli file o centinaia di file contemporaneamente<\/li>\n<li><strong>Importazione FTP<\/strong>: con il flusso di lavoro di acquisizione FTP, importa rapidamente file di grandi dimensioni e quantit\u00e0 di risorse da un server FTP direttamente nel programma<\/li>\n<li><strong>Collezioni<\/strong>: cura le risorse giuste per segmenti di pubblico specifici, sia interni che esterni, quando organizzi le risorse per raccolte. Con autorizzazioni utente univoche, le raccolte ti consentono di selezionare cosa mostrare a chi e per quanto tempo.<\/li>\n<li><strong>Sezioni<\/strong>: perfeziona, organizza e personalizza il modo in cui i tuoi contenuti sono raggruppati con sezioni personalizzate. Per impostazione predefinita, le sezioni sono organizzate per tipo di risorsa logica. Aggiungi, rimuovi e modifica le sezioni in base alle tue esigenze di gestione del marchio.<\/li>\n<li><strong>Etichette<\/strong>: utilizza le etichette come una funzionalit\u00e0 di organizzazione avanzata che offre tranquillit\u00e0 nella struttura delle cartelle. Pensa alle etichette come alle tue playlist musicali: qualsiasi risorsa pu\u00f2 essere assegnata a una o pi\u00f9 etichette<\/li>\n<li><strong>Allegati<\/strong>: raggruppa pi\u00f9 file all&#8217;interno di una singola risorsa per organizzare i contenuti in base a prodotto, campagna o caso d&#8217;uso<\/li>\n<li><strong>Ordinamento<\/strong>: ordina rapidamente le tue risorse per data, nome, posizione e popolarit\u00e0. Imposta l&#8217;ordinamento predefinito per i tuoi visitatori<\/li>\n<li><strong>Filtraggio<\/strong>: filtra per tag, campi personalizzati, metadati, orientamento, preferiti e altro per scoprire rapidamente le risorse per il tuo caso d&#8217;uso.<\/li>\n<\/ul>\n<h4>LE RECENSIONI DEGLI UTENTI<\/h4>\n<p class=\"font-weight-bold mb-1 d-flex align-items-center\"><strong>Nick F.&#8221;Brandfolder \u00e8 fantastico&#8221;<\/strong><\/p>\n<p><strong>Commenti: <\/strong>Brandfolder \u00e8 stata una grande aggiunta e ci ha permesso di condividere facilmente i file, ma ci consente anche di avere uno sportello unico per le risorse digitali. I clienti possono ora ottenere ci\u00f2 di cui hanno bisogno.<\/p>\n<p><strong>Pro: <\/strong>La cosa che mi \u00e8 piaciuta di pi\u00f9 di Brandfolder \u00e8 stata la semplice interfaccia utente. \u00c8 facile da usare, facile da guardare e funziona.<\/p>\n<p><strong>Contro: <\/strong>Penso che la maggior parte dei software abbia lo stesso problema, ma alcune delle funzionalit\u00e0 che desidero non sono disponibili a meno che non acquisti i pacchetti superiori. Il problema \u00e8 che non ho sempre bisogno di tutto.<\/p>\n<p class=\"font-weight-bold mb-1 d-flex align-items-center\"><strong>Maggie W.&#8221;Brandfolder recensione&#8221;<\/strong><\/p>\n<p><strong>Commenti: <\/strong>Nel complesso \u00e8 stato utile.<\/p>\n<p><strong>Pro: <\/strong>Mi piace il layout e l&#8217;aspetto visivo di Brandfolder. \u00c8 bello visualizzare i file correlati quando si fa clic sulle risorse.<\/p>\n<p><strong>Contro: <\/strong>A volte \u00e8 difficile cercare qualcosa quando non si sa dove stato archiviato o come \u00e8 intitolato.<\/p>\n<p class=\"font-weight-bold mb-1 d-flex align-items-center\">Robin W.&#8221;Recensione dall&#8217;industria della pizza&#8221;<\/p>\n<p><strong>Commenti: <\/strong>La mia esperienza complessiva con Brandfolder \u00e8 stata fantastica! Lo usiamo per due dei nostri marchi e tutti all&#8217;interno ne sono contenti. Abbiamo ridotto notevolmente la gestione della posta elettronica con gli affiliati che vanno prima su Brandfolder come riferimento. Mi fa risparmiare un sacco di tempo nel confezionamento e nell&#8217;invio di file per la stampa rispetto ad altri prodotti con tempi di caricamento molto lunghi. La facilit\u00e0 d&#8217;uso \u00e8 enorme per il nostro gruppo di utenti e non abbiamo lamentele.<\/p>\n<p><strong>Pro: <\/strong>Questo prodotto funziona perfettamente per noi sia in casa che per i nostri franchising. Mi aiuta a ridurre notevolmente i tempi di gestione della posta elettronica. Ottima risorsa per franchising e fornitori da visitare prima di dedicare pi\u00f9 tempo all&#8217;interno dell&#8217;azienda. La facilit\u00e0 d&#8217;uso non ha eguali con altri software.<\/p>\n<p><strong>Contro: <\/strong>Desideriamo che i nostri utenti possano essere aggiornati automaticamente quando sono disponibili nuovi articoli. In questo momento creo un&#8217;email per loro ogni trimestre, e carico sempre nuovo materiale.<\/p>\n<p>&nbsp;<\/p>\n<p>&nbsp;<\/p>\n","protected":false},"excerpt":{"rendered":"<p>Brandfolder \u00e8 un software che si descrive come applicazione DAM (Digital Asset Management)\u00a0il pi\u00f9 semplice e potente al mondo. Evidenzia l&#8217;avere un&#8217;interfaccia user-friendly che rende semplice agli utenti organizzare, condividere e collaborare su file, tutto in un unico hub.\u00a0Poich\u00e9 \u00e8 facile da usare e da capire, la soluzione aiuta le aziende ad essere pi\u00f9 produttive.\u00a0<\/p>\n","protected":false},"author":16,"featured_media":44883,"parent":44787,"menu_order":0,"comment_status":"open","ping_status":"closed","template":"g1_template_page_review_new.php","meta":{"_acf_changed":false,"cwp_meta_box_check":"Yes","cwp_rev_product_name":"","cwp_rev_product_image":"","wppr_links":[],"cwp_rev_price":"","wppr_options":[],"wppr_pros":[],"wppr_cons":[],"_monsterinsights_skip_tracking":false,"_monsterinsights_sitenote_active":false,"_monsterinsights_sitenote_note":"","_monsterinsights_sitenote_category":0,"footnotes":""},"categories":[10573],"tags":[10618,10619,396,10580,10579,10575,10582],"features":[],"class_list":{"0":"post-44877","1":"page","2":"type-page","3":"status-publish","4":"has-post-thumbnail","6":"category-software-gestione-brand-categoria","7":"tag-applicazione-gestione-brand","8":"tag-brandfolder","9":"tag-cloud","10":"tag-piattaforma-gestione-brand","11":"tag-programma-gestione-brand","12":"tag-software-gestione-brand","13":"tag-soluzione-gestione-brand"},"wppr_data":{"cwp_meta_box_check":"Yes","cwp_rev_product_name":"","cwp_rev_product_image":"","cwp_image_link":"image","cwp_rev_price":"","wppr_rating":"0.00"},"acf":[],"yoast_head":"<!-- This site is optimized with the Yoast SEO plugin v27.4 - https:\/\/yoast.com\/product\/yoast-seo-wordpress\/ -->\n<title>Brandfolder: recensione software gestione brand - Accurate Reviews<\/title>\n<meta name=\"description\" content=\"Brandfolder: recensione software DAM facile da usare e da capire che aiuta le aziende ad essere pi\u00f9 produttive.\u00a0\" \/>\n<meta name=\"robots\" content=\"index, follow, max-snippet:-1, max-image-preview:large, max-video-preview:-1\" \/>\n<link rel=\"canonical\" href=\"https:\/\/www.accuratereviews.com\/it\/software-gestione-brand\/brandfolder-recensione\/\" \/>\n<meta property=\"og:locale\" content=\"it_IT\" \/>\n<meta property=\"og:type\" content=\"article\" \/>\n<meta property=\"og:title\" content=\"Brandfolder: recensione software gestione brand - Accurate Reviews\" \/>\n<meta property=\"og:description\" content=\"Brandfolder: recensione software DAM facile da usare e da capire che aiuta le aziende ad essere pi\u00f9 produttive.\u00a0\" \/>\n<meta property=\"og:url\" content=\"https:\/\/www.accuratereviews.com\/it\/software-gestione-brand\/brandfolder-recensione\/\" \/>\n<meta property=\"og:site_name\" content=\"Accurate Reviews\" \/>\n<meta property=\"og:image\" content=\"https:\/\/www.accuratereviews.com\/wp-content\/uploads\/2021\/06\/brandfolder-vector-logo.png\" \/>\n\t<meta property=\"og:image:width\" content=\"900\" \/>\n\t<meta property=\"og:image:height\" content=\"500\" \/>\n\t<meta property=\"og:image:type\" content=\"image\/png\" \/>\n<meta name=\"twitter:card\" content=\"summary_large_image\" \/>\n<meta name=\"twitter:label1\" content=\"Tempo di lettura stimato\" \/>\n\t<meta name=\"twitter:data1\" content=\"4 minuti\" \/>\n<script type=\"application\/ld+json\" class=\"yoast-schema-graph\">{\"@context\":\"https:\\\/\\\/schema.org\",\"@graph\":[{\"@type\":\"WebPage\",\"@id\":\"https:\\\/\\\/www.accuratereviews.com\\\/it\\\/software-gestione-brand\\\/brandfolder-recensione\\\/\",\"url\":\"https:\\\/\\\/www.accuratereviews.com\\\/it\\\/software-gestione-brand\\\/brandfolder-recensione\\\/\",\"name\":\"Brandfolder: recensione software gestione brand - Accurate Reviews\",\"isPartOf\":{\"@id\":\"https:\\\/\\\/www.accuratereviews.com\\\/it\\\/#website\"},\"primaryImageOfPage\":{\"@id\":\"https:\\\/\\\/www.accuratereviews.com\\\/it\\\/software-gestione-brand\\\/brandfolder-recensione\\\/#primaryimage\"},\"image\":{\"@id\":\"https:\\\/\\\/www.accuratereviews.com\\\/it\\\/software-gestione-brand\\\/brandfolder-recensione\\\/#primaryimage\"},\"thumbnailUrl\":\"https:\\\/\\\/www.accuratereviews.com\\\/wp-content\\\/uploads\\\/2021\\\/06\\\/brandfolder-vector-logo.png\",\"datePublished\":\"2021-06-30T11:33:47+00:00\",\"description\":\"Brandfolder: recensione software DAM facile da usare e da capire che aiuta le aziende ad essere pi\u00f9 produttive.\u00a0\",\"breadcrumb\":{\"@id\":\"https:\\\/\\\/www.accuratereviews.com\\\/it\\\/software-gestione-brand\\\/brandfolder-recensione\\\/#breadcrumb\"},\"inLanguage\":\"it-IT\",\"potentialAction\":[{\"@type\":\"ReadAction\",\"target\":[\"https:\\\/\\\/www.accuratereviews.com\\\/it\\\/software-gestione-brand\\\/brandfolder-recensione\\\/\"]}]},{\"@type\":\"ImageObject\",\"inLanguage\":\"it-IT\",\"@id\":\"https:\\\/\\\/www.accuratereviews.com\\\/it\\\/software-gestione-brand\\\/brandfolder-recensione\\\/#primaryimage\",\"url\":\"https:\\\/\\\/www.accuratereviews.com\\\/wp-content\\\/uploads\\\/2021\\\/06\\\/brandfolder-vector-logo.png\",\"contentUrl\":\"https:\\\/\\\/www.accuratereviews.com\\\/wp-content\\\/uploads\\\/2021\\\/06\\\/brandfolder-vector-logo.png\",\"width\":900,\"height\":500},{\"@type\":\"BreadcrumbList\",\"@id\":\"https:\\\/\\\/www.accuratereviews.com\\\/it\\\/software-gestione-brand\\\/brandfolder-recensione\\\/#breadcrumb\",\"itemListElement\":[{\"@type\":\"ListItem\",\"position\":1,\"name\":\"Home\",\"item\":\"https:\\\/\\\/www.accuratereviews.com\\\/it\\\/\"},{\"@type\":\"ListItem\",\"position\":2,\"name\":\"Software per la gestione dei brand\",\"item\":\"https:\\\/\\\/www.accuratereviews.com\\\/it\\\/software-gestione-brand\\\/\"},{\"@type\":\"ListItem\",\"position\":3,\"name\":\"Brandfolder\"}]},{\"@type\":\"WebSite\",\"@id\":\"https:\\\/\\\/www.accuratereviews.com\\\/it\\\/#website\",\"url\":\"https:\\\/\\\/www.accuratereviews.com\\\/it\\\/\",\"name\":\"Accurate Reviews\",\"description\":\"\",\"potentialAction\":[{\"@type\":\"SearchAction\",\"target\":{\"@type\":\"EntryPoint\",\"urlTemplate\":\"https:\\\/\\\/www.accuratereviews.com\\\/it\\\/?s={search_term_string}\"},\"query-input\":{\"@type\":\"PropertyValueSpecification\",\"valueRequired\":true,\"valueName\":\"search_term_string\"}}],\"inLanguage\":\"it-IT\"}]}<\/script>\n<!-- \/ Yoast SEO plugin. -->","yoast_head_json":{"title":"Brandfolder: recensione software gestione brand - Accurate Reviews","description":"Brandfolder: recensione software DAM facile da usare e da capire che aiuta le aziende ad essere pi\u00f9 produttive.\u00a0","robots":{"index":"index","follow":"follow","max-snippet":"max-snippet:-1","max-image-preview":"max-image-preview:large","max-video-preview":"max-video-preview:-1"},"canonical":"https:\/\/www.accuratereviews.com\/it\/software-gestione-brand\/brandfolder-recensione\/","og_locale":"it_IT","og_type":"article","og_title":"Brandfolder: recensione software gestione brand - Accurate Reviews","og_description":"Brandfolder: recensione software DAM facile da usare e da capire che aiuta le aziende ad essere pi\u00f9 produttive.\u00a0","og_url":"https:\/\/www.accuratereviews.com\/it\/software-gestione-brand\/brandfolder-recensione\/","og_site_name":"Accurate Reviews","og_image":[{"width":900,"height":500,"url":"https:\/\/www.accuratereviews.com\/wp-content\/uploads\/2021\/06\/brandfolder-vector-logo.png","type":"image\/png"}],"twitter_card":"summary_large_image","twitter_misc":{"Tempo di lettura stimato":"4 minuti"},"schema":{"@context":"https:\/\/schema.org","@graph":[{"@type":"WebPage","@id":"https:\/\/www.accuratereviews.com\/it\/software-gestione-brand\/brandfolder-recensione\/","url":"https:\/\/www.accuratereviews.com\/it\/software-gestione-brand\/brandfolder-recensione\/","name":"Brandfolder: recensione software gestione brand - Accurate Reviews","isPartOf":{"@id":"https:\/\/www.accuratereviews.com\/it\/#website"},"primaryImageOfPage":{"@id":"https:\/\/www.accuratereviews.com\/it\/software-gestione-brand\/brandfolder-recensione\/#primaryimage"},"image":{"@id":"https:\/\/www.accuratereviews.com\/it\/software-gestione-brand\/brandfolder-recensione\/#primaryimage"},"thumbnailUrl":"https:\/\/www.accuratereviews.com\/wp-content\/uploads\/2021\/06\/brandfolder-vector-logo.png","datePublished":"2021-06-30T11:33:47+00:00","description":"Brandfolder: recensione software DAM facile da usare e da capire che aiuta le aziende ad essere pi\u00f9 produttive.\u00a0","breadcrumb":{"@id":"https:\/\/www.accuratereviews.com\/it\/software-gestione-brand\/brandfolder-recensione\/#breadcrumb"},"inLanguage":"it-IT","potentialAction":[{"@type":"ReadAction","target":["https:\/\/www.accuratereviews.com\/it\/software-gestione-brand\/brandfolder-recensione\/"]}]},{"@type":"ImageObject","inLanguage":"it-IT","@id":"https:\/\/www.accuratereviews.com\/it\/software-gestione-brand\/brandfolder-recensione\/#primaryimage","url":"https:\/\/www.accuratereviews.com\/wp-content\/uploads\/2021\/06\/brandfolder-vector-logo.png","contentUrl":"https:\/\/www.accuratereviews.com\/wp-content\/uploads\/2021\/06\/brandfolder-vector-logo.png","width":900,"height":500},{"@type":"BreadcrumbList","@id":"https:\/\/www.accuratereviews.com\/it\/software-gestione-brand\/brandfolder-recensione\/#breadcrumb","itemListElement":[{"@type":"ListItem","position":1,"name":"Home","item":"https:\/\/www.accuratereviews.com\/it\/"},{"@type":"ListItem","position":2,"name":"Software per la gestione dei brand","item":"https:\/\/www.accuratereviews.com\/it\/software-gestione-brand\/"},{"@type":"ListItem","position":3,"name":"Brandfolder"}]},{"@type":"WebSite","@id":"https:\/\/www.accuratereviews.com\/it\/#website","url":"https:\/\/www.accuratereviews.com\/it\/","name":"Accurate Reviews","description":"","potentialAction":[{"@type":"SearchAction","target":{"@type":"EntryPoint","urlTemplate":"https:\/\/www.accuratereviews.com\/it\/?s={search_term_string}"},"query-input":{"@type":"PropertyValueSpecification","valueRequired":true,"valueName":"search_term_string"}}],"inLanguage":"it-IT"}]}},"_links":{"self":[{"href":"https:\/\/www.accuratereviews.com\/it\/wp-json\/wp\/v2\/pages\/44877","targetHints":{"allow":["GET"]}}],"collection":[{"href":"https:\/\/www.accuratereviews.com\/it\/wp-json\/wp\/v2\/pages"}],"about":[{"href":"https:\/\/www.accuratereviews.com\/it\/wp-json\/wp\/v2\/types\/page"}],"author":[{"embeddable":true,"href":"https:\/\/www.accuratereviews.com\/it\/wp-json\/wp\/v2\/users\/16"}],"replies":[{"embeddable":true,"href":"https:\/\/www.accuratereviews.com\/it\/wp-json\/wp\/v2\/comments?post=44877"}],"version-history":[{"count":10,"href":"https:\/\/www.accuratereviews.com\/it\/wp-json\/wp\/v2\/pages\/44877\/revisions"}],"predecessor-version":[{"id":44938,"href":"https:\/\/www.accuratereviews.com\/it\/wp-json\/wp\/v2\/pages\/44877\/revisions\/44938"}],"up":[{"embeddable":true,"href":"https:\/\/www.accuratereviews.com\/it\/wp-json\/wp\/v2\/pages\/44787"}],"wp:featuredmedia":[{"embeddable":true,"href":"https:\/\/www.accuratereviews.com\/it\/wp-json\/wp\/v2\/media\/44883"}],"wp:attachment":[{"href":"https:\/\/www.accuratereviews.com\/it\/wp-json\/wp\/v2\/media?parent=44877"}],"wp:term":[{"taxonomy":"category","embeddable":true,"href":"https:\/\/www.accuratereviews.com\/it\/wp-json\/wp\/v2\/categories?post=44877"},{"taxonomy":"post_tag","embeddable":true,"href":"https:\/\/www.accuratereviews.com\/it\/wp-json\/wp\/v2\/tags?post=44877"},{"taxonomy":"features","embeddable":true,"href":"https:\/\/www.accuratereviews.com\/it\/wp-json\/wp\/v2\/features?post=44877"}],"curies":[{"name":"wp","href":"https:\/\/api.w.org\/{rel}","templated":true}]}}