{"id":44905,"date":"2021-06-30T11:35:57","date_gmt":"2021-06-30T11:35:57","guid":{"rendered":"https:\/\/www.accuratereviews.com\/?page_id=44905"},"modified":"2021-06-30T11:35:57","modified_gmt":"2021-06-30T11:35:57","slug":"qualtrics-corexm-recensione","status":"publish","type":"page","link":"https:\/\/www.accuratereviews.com\/it\/software-gestione-brand\/qualtrics-corexm-recensione\/","title":{"rendered":"Qualtrics CoreXM"},"content":{"rendered":"<p class=\"h3 mb-1\"><strong>Qualtrics CoreXM<\/strong> \u00e8 un <strong>software per la gestione dei brand<\/strong> che permette di trasformare il tuo marchio in un&#8217;icona, garantendo un aumento delle vendite. Utilizza l&#8217;approccio dinamico di <strong>brand experience<\/strong> riunendo tutti gli attributi relativi al tuo marchio in un unico posto cos\u00ec da prendere decisioni pi\u00f9 intelligenti e pi\u00f9 rapide, risparmiando moltissimo tempo. Questo programma prevede l&#8217;ascolto di persone che utilzzano software di ricerca e feedback per identificare i driver essenziali del tuo brand, monitorare i cambiamenti nel tuo mercato e nel panorama della concorrenza. L&#8217;obiettivo ultimo di <strong>Qualtrics CoreXM<\/strong> \u00e8 quello di migliorare le azioni e far crescere il valore complessivo del marchio della tua azienda.<\/p>\n<h2>QUALTRICS COREXM &#8211; TUTORIAL<\/h2>\n<div id=\"fluid-wrapper-counter-1\" class=\"g1-fluid-wrapper \" style=\"width:686px;\">\n<div style=\"padding-bottom:56.268221574344%;\"><iframe loading=\"lazy\" title=\"Qualtrics CoreXM\" src=\"https:\/\/player.vimeo.com\/video\/331026746?dnt=1&amp;app_id=122963?title=0&amp;byline=0&amp;portrait=0\" width=\"686\" height=\"386\" frameborder=\"0\" allow=\"autoplay; fullscreen; picture-in-picture\" allowfullscreen><\/iframe><\/div>\n<\/div>\n<h3>QUALTRICS COREXM &#8211; CARATTERISTICHE<\/h3>\n<ul>\n<li>Gestione dell&#8217;esperienza del marchio<\/li>\n<li>Ricerca sul posizionamento del marchio<\/li>\n<li>Monitoraggio del marchio<\/li>\n<li>Analisi dei concorrenti<\/li>\n<li>Test pubblicitari<\/li>\n<li>Ricerca sull&#8217;equit\u00e0 del marchio<\/li>\n<li>Automazione delle azioni e flussi di lavoro<\/li>\n<li>Analisi e raccomandazioni intelligenti<\/li>\n<li>Sicurezza e governance<\/li>\n<li>XM Mobile App<\/li>\n<li>Ricerca sui prezzi<\/li>\n<li>Test del concetto<\/li>\n<li>Segmentazione del mercato<\/li>\n<li>Denominazione del prodotto<\/li>\n<li>Soddisfazione del prodotto<\/li>\n<li>Esperienza di ricerca<\/li>\n<li>Analisi congiunta<\/li>\n<li>Gestione del pannello<\/li>\n<li>Progetto di ricerca<\/li>\n<li>Analisi di regressione<\/li>\n<li>Strumento di indagine<\/li>\n<li>Rapporti e dashboard<\/li>\n<\/ul>\n<h4>LE RECENSIONI DEGLI UTENTI<\/h4>\n<p><strong>Daniel G. &#8220;Il migliore&#8230; semplicemente il migliore!&#8221;<\/strong><br \/>\nCOMMENTI: ricevo sempre un ottimo servizio e supporto dalla linea di supporto. Sono concentrati, professionali e aiutano a risolvere qualsiasi problema che ho.<br \/>\nPRO: il software \u00e8 intuitivo e facile da usare. \u00c8 come un prodotto Apple, non hai davvero bisogno di un manuale per usarlo subito.<br \/>\nCONTRO: non mi piace scoprire che qualcosa \u00e8 cambiato quando eseguo l&#8217;accesso. Avrei preferito che mi venisse detto in anticipo che le cose stavano cambiando.<\/p>\n<p><strong>Martin O. &#8220;Questo software mi aiuta moltissimo con i dati dei nostri dipartimenti universitari. Lo consiglio vivamente!&#8221;<\/strong><br \/>\nCOMMENTI: facilit\u00e0 d&#8217;uso e buona segnalazione.<br \/>\nPRO: \u00e8 intuitivo. I dati e le funzionalit\u00e0 di analisi e reporting sono molto utili e facili da usare. Condividere \u00e8 bello. Utile anche l&#8217;integrazione con altri prodotti.<br \/>\nCONTRO: per quanto mi piacciano le nuove funzionalit\u00e0 che vengono implementate regolarmente, \u00e8 quasi sempre un costo aggiuntivo e molto costoso. Vedo cose interessanti e poi mi rendo conto che ci vorr\u00e0 un grande incontro con la nostra universit\u00e0 anche solo per considerare l&#8217;enorme costo.<\/p>\n<p><strong>Heidi M. &#8220;Qualtrics \u00e8 fantastica&#8221;<\/strong><br \/>\nCOMMENTI: oltre ad avere un ottimo prodotto, ho sempre ricevuto un servizio eccellente con il supporto di Qualtrics. Dei tanti pacchetti software per sondaggi che ho utilizzato, Qualtrics \u00e8 il pi\u00f9 agile, intuitivo e utile.<br \/>\nPRO: il software ha grandi funzionalit\u00e0. Qualtrics offre formazione e suggerimenti eccezionali. Il servizio clienti \u00e8 eccezionale.<br \/>\nCONTRO: ci sono alcune limitazioni nell&#8217;area del design delle domande. Specificamente con le opzioni su come vorresti le risposte.<\/p>\n","protected":false},"excerpt":{"rendered":"<p>Qualtrics CoreXM \u00e8 un software per la gestione dei brand che permette di trasformare il tuo marchio in un&#8217;icona, garantendo un aumento delle vendite. Utilizza l&#8217;approccio dinamico di &#8220;brand experience&#8221; riunendo tutti gli attributi relativi al tuo marchio in un unico posto cos\u00ec da prendere decisioni pi\u00f9 intelligenti e pi\u00f9 rapide, risparmiando moltissimo tempo.<\/p>\n","protected":false},"author":17,"featured_media":44914,"parent":44787,"menu_order":0,"comment_status":"open","ping_status":"closed","template":"g1_template_page_review_new.php","meta":{"_acf_changed":false,"cwp_meta_box_check":"No","cwp_rev_product_name":"","cwp_rev_product_image":"","wppr_links":[],"cwp_rev_price":"","wppr_options":[],"wppr_pros":[],"wppr_cons":[],"_monsterinsights_skip_tracking":false,"_monsterinsights_sitenote_active":false,"_monsterinsights_sitenote_note":"","_monsterinsights_sitenote_category":0,"footnotes":""},"categories":[10573],"tags":[10618,10577,10600,10580,10597,10575,10576,10598,10581],"features":[],"class_list":{"0":"post-44905","1":"page","2":"type-page","3":"status-publish","4":"has-post-thumbnail","6":"category-software-gestione-brand-categoria","7":"tag-applicazione-gestione-brand","8":"tag-gestione-brand","9":"tag-piattaforma-gestionale-brand","10":"tag-piattaforma-gestione-brand","11":"tag-software-gestionale-brand","12":"tag-software-gestione-brand","13":"tag-software-gestione-marchio","14":"tag-soluzione-gestionale-brand","15":"tag-soluzione-gestione-marchio"},"wppr_data":{"cwp_meta_box_check":"No"},"acf":[],"yoast_head":"<!-- This site is optimized with the Yoast SEO plugin v27.4 - https:\/\/yoast.com\/product\/yoast-seo-wordpress\/ -->\n<title>Qualtrics CoreXM: recensione software gestione brand - Accurate Reviews<\/title>\n<meta name=\"description\" content=\"Qualtrics CoreXM: recensione del software per la gestione dei brand che permette di trasformare il tuo marchio in un&#039;icona.\" \/>\n<meta name=\"robots\" content=\"index, follow, max-snippet:-1, max-image-preview:large, max-video-preview:-1\" \/>\n<link rel=\"canonical\" href=\"https:\/\/www.accuratereviews.com\/it\/software-gestione-brand\/qualtrics-corexm-recensione\/\" \/>\n<meta property=\"og:locale\" content=\"it_IT\" \/>\n<meta property=\"og:type\" content=\"article\" \/>\n<meta property=\"og:title\" content=\"Qualtrics CoreXM: recensione software gestione brand - Accurate Reviews\" \/>\n<meta property=\"og:description\" content=\"Qualtrics CoreXM: recensione del software per la gestione dei brand che permette di trasformare il tuo marchio in un&#039;icona.\" \/>\n<meta property=\"og:url\" content=\"https:\/\/www.accuratereviews.com\/it\/software-gestione-brand\/qualtrics-corexm-recensione\/\" \/>\n<meta property=\"og:site_name\" content=\"Accurate Reviews\" \/>\n<meta property=\"og:image\" content=\"https:\/\/www.accuratereviews.com\/wp-content\/uploads\/2021\/06\/Unknown-4.png\" \/>\n\t<meta property=\"og:image:width\" content=\"657\" \/>\n\t<meta property=\"og:image:height\" content=\"220\" \/>\n\t<meta property=\"og:image:type\" content=\"image\/png\" \/>\n<meta name=\"twitter:card\" content=\"summary_large_image\" \/>\n<meta name=\"twitter:label1\" content=\"Tempo di lettura stimato\" \/>\n\t<meta name=\"twitter:data1\" content=\"2 minuti\" \/>\n<script type=\"application\/ld+json\" class=\"yoast-schema-graph\">{\"@context\":\"https:\\\/\\\/schema.org\",\"@graph\":[{\"@type\":\"WebPage\",\"@id\":\"https:\\\/\\\/www.accuratereviews.com\\\/it\\\/software-gestione-brand\\\/qualtrics-corexm-recensione\\\/\",\"url\":\"https:\\\/\\\/www.accuratereviews.com\\\/it\\\/software-gestione-brand\\\/qualtrics-corexm-recensione\\\/\",\"name\":\"Qualtrics CoreXM: recensione software gestione brand - Accurate Reviews\",\"isPartOf\":{\"@id\":\"https:\\\/\\\/www.accuratereviews.com\\\/it\\\/#website\"},\"primaryImageOfPage\":{\"@id\":\"https:\\\/\\\/www.accuratereviews.com\\\/it\\\/software-gestione-brand\\\/qualtrics-corexm-recensione\\\/#primaryimage\"},\"image\":{\"@id\":\"https:\\\/\\\/www.accuratereviews.com\\\/it\\\/software-gestione-brand\\\/qualtrics-corexm-recensione\\\/#primaryimage\"},\"thumbnailUrl\":\"https:\\\/\\\/www.accuratereviews.com\\\/wp-content\\\/uploads\\\/2021\\\/06\\\/Unknown-4.png\",\"datePublished\":\"2021-06-30T11:35:57+00:00\",\"description\":\"Qualtrics CoreXM: recensione del software per la gestione dei brand che permette di trasformare il tuo marchio in un'icona.\",\"breadcrumb\":{\"@id\":\"https:\\\/\\\/www.accuratereviews.com\\\/it\\\/software-gestione-brand\\\/qualtrics-corexm-recensione\\\/#breadcrumb\"},\"inLanguage\":\"it-IT\",\"potentialAction\":[{\"@type\":\"ReadAction\",\"target\":[\"https:\\\/\\\/www.accuratereviews.com\\\/it\\\/software-gestione-brand\\\/qualtrics-corexm-recensione\\\/\"]}]},{\"@type\":\"ImageObject\",\"inLanguage\":\"it-IT\",\"@id\":\"https:\\\/\\\/www.accuratereviews.com\\\/it\\\/software-gestione-brand\\\/qualtrics-corexm-recensione\\\/#primaryimage\",\"url\":\"https:\\\/\\\/www.accuratereviews.com\\\/wp-content\\\/uploads\\\/2021\\\/06\\\/Unknown-4.png\",\"contentUrl\":\"https:\\\/\\\/www.accuratereviews.com\\\/wp-content\\\/uploads\\\/2021\\\/06\\\/Unknown-4.png\",\"width\":657,\"height\":220},{\"@type\":\"BreadcrumbList\",\"@id\":\"https:\\\/\\\/www.accuratereviews.com\\\/it\\\/software-gestione-brand\\\/qualtrics-corexm-recensione\\\/#breadcrumb\",\"itemListElement\":[{\"@type\":\"ListItem\",\"position\":1,\"name\":\"Home\",\"item\":\"https:\\\/\\\/www.accuratereviews.com\\\/it\\\/\"},{\"@type\":\"ListItem\",\"position\":2,\"name\":\"Software per la gestione dei brand\",\"item\":\"https:\\\/\\\/www.accuratereviews.com\\\/it\\\/software-gestione-brand\\\/\"},{\"@type\":\"ListItem\",\"position\":3,\"name\":\"Qualtrics CoreXM\"}]},{\"@type\":\"WebSite\",\"@id\":\"https:\\\/\\\/www.accuratereviews.com\\\/it\\\/#website\",\"url\":\"https:\\\/\\\/www.accuratereviews.com\\\/it\\\/\",\"name\":\"Accurate Reviews\",\"description\":\"\",\"potentialAction\":[{\"@type\":\"SearchAction\",\"target\":{\"@type\":\"EntryPoint\",\"urlTemplate\":\"https:\\\/\\\/www.accuratereviews.com\\\/it\\\/?s={search_term_string}\"},\"query-input\":{\"@type\":\"PropertyValueSpecification\",\"valueRequired\":true,\"valueName\":\"search_term_string\"}}],\"inLanguage\":\"it-IT\"}]}<\/script>\n<!-- \/ Yoast SEO plugin. -->","yoast_head_json":{"title":"Qualtrics CoreXM: recensione software gestione brand - Accurate Reviews","description":"Qualtrics CoreXM: recensione del software per la gestione dei brand che permette di trasformare il tuo marchio in un'icona.","robots":{"index":"index","follow":"follow","max-snippet":"max-snippet:-1","max-image-preview":"max-image-preview:large","max-video-preview":"max-video-preview:-1"},"canonical":"https:\/\/www.accuratereviews.com\/it\/software-gestione-brand\/qualtrics-corexm-recensione\/","og_locale":"it_IT","og_type":"article","og_title":"Qualtrics CoreXM: recensione software gestione brand - Accurate Reviews","og_description":"Qualtrics CoreXM: recensione del software per la gestione dei brand che permette di trasformare il tuo marchio in un'icona.","og_url":"https:\/\/www.accuratereviews.com\/it\/software-gestione-brand\/qualtrics-corexm-recensione\/","og_site_name":"Accurate Reviews","og_image":[{"width":657,"height":220,"url":"https:\/\/www.accuratereviews.com\/wp-content\/uploads\/2021\/06\/Unknown-4.png","type":"image\/png"}],"twitter_card":"summary_large_image","twitter_misc":{"Tempo di lettura stimato":"2 minuti"},"schema":{"@context":"https:\/\/schema.org","@graph":[{"@type":"WebPage","@id":"https:\/\/www.accuratereviews.com\/it\/software-gestione-brand\/qualtrics-corexm-recensione\/","url":"https:\/\/www.accuratereviews.com\/it\/software-gestione-brand\/qualtrics-corexm-recensione\/","name":"Qualtrics CoreXM: recensione software gestione brand - Accurate Reviews","isPartOf":{"@id":"https:\/\/www.accuratereviews.com\/it\/#website"},"primaryImageOfPage":{"@id":"https:\/\/www.accuratereviews.com\/it\/software-gestione-brand\/qualtrics-corexm-recensione\/#primaryimage"},"image":{"@id":"https:\/\/www.accuratereviews.com\/it\/software-gestione-brand\/qualtrics-corexm-recensione\/#primaryimage"},"thumbnailUrl":"https:\/\/www.accuratereviews.com\/wp-content\/uploads\/2021\/06\/Unknown-4.png","datePublished":"2021-06-30T11:35:57+00:00","description":"Qualtrics CoreXM: recensione del software per la gestione dei brand che permette di trasformare il tuo marchio in un'icona.","breadcrumb":{"@id":"https:\/\/www.accuratereviews.com\/it\/software-gestione-brand\/qualtrics-corexm-recensione\/#breadcrumb"},"inLanguage":"it-IT","potentialAction":[{"@type":"ReadAction","target":["https:\/\/www.accuratereviews.com\/it\/software-gestione-brand\/qualtrics-corexm-recensione\/"]}]},{"@type":"ImageObject","inLanguage":"it-IT","@id":"https:\/\/www.accuratereviews.com\/it\/software-gestione-brand\/qualtrics-corexm-recensione\/#primaryimage","url":"https:\/\/www.accuratereviews.com\/wp-content\/uploads\/2021\/06\/Unknown-4.png","contentUrl":"https:\/\/www.accuratereviews.com\/wp-content\/uploads\/2021\/06\/Unknown-4.png","width":657,"height":220},{"@type":"BreadcrumbList","@id":"https:\/\/www.accuratereviews.com\/it\/software-gestione-brand\/qualtrics-corexm-recensione\/#breadcrumb","itemListElement":[{"@type":"ListItem","position":1,"name":"Home","item":"https:\/\/www.accuratereviews.com\/it\/"},{"@type":"ListItem","position":2,"name":"Software per la gestione dei brand","item":"https:\/\/www.accuratereviews.com\/it\/software-gestione-brand\/"},{"@type":"ListItem","position":3,"name":"Qualtrics CoreXM"}]},{"@type":"WebSite","@id":"https:\/\/www.accuratereviews.com\/it\/#website","url":"https:\/\/www.accuratereviews.com\/it\/","name":"Accurate Reviews","description":"","potentialAction":[{"@type":"SearchAction","target":{"@type":"EntryPoint","urlTemplate":"https:\/\/www.accuratereviews.com\/it\/?s={search_term_string}"},"query-input":{"@type":"PropertyValueSpecification","valueRequired":true,"valueName":"search_term_string"}}],"inLanguage":"it-IT"}]}},"_links":{"self":[{"href":"https:\/\/www.accuratereviews.com\/it\/wp-json\/wp\/v2\/pages\/44905","targetHints":{"allow":["GET"]}}],"collection":[{"href":"https:\/\/www.accuratereviews.com\/it\/wp-json\/wp\/v2\/pages"}],"about":[{"href":"https:\/\/www.accuratereviews.com\/it\/wp-json\/wp\/v2\/types\/page"}],"author":[{"embeddable":true,"href":"https:\/\/www.accuratereviews.com\/it\/wp-json\/wp\/v2\/users\/17"}],"replies":[{"embeddable":true,"href":"https:\/\/www.accuratereviews.com\/it\/wp-json\/wp\/v2\/comments?post=44905"}],"version-history":[{"count":5,"href":"https:\/\/www.accuratereviews.com\/it\/wp-json\/wp\/v2\/pages\/44905\/revisions"}],"predecessor-version":[{"id":44939,"href":"https:\/\/www.accuratereviews.com\/it\/wp-json\/wp\/v2\/pages\/44905\/revisions\/44939"}],"up":[{"embeddable":true,"href":"https:\/\/www.accuratereviews.com\/it\/wp-json\/wp\/v2\/pages\/44787"}],"wp:featuredmedia":[{"embeddable":true,"href":"https:\/\/www.accuratereviews.com\/it\/wp-json\/wp\/v2\/media\/44914"}],"wp:attachment":[{"href":"https:\/\/www.accuratereviews.com\/it\/wp-json\/wp\/v2\/media?parent=44905"}],"wp:term":[{"taxonomy":"category","embeddable":true,"href":"https:\/\/www.accuratereviews.com\/it\/wp-json\/wp\/v2\/categories?post=44905"},{"taxonomy":"post_tag","embeddable":true,"href":"https:\/\/www.accuratereviews.com\/it\/wp-json\/wp\/v2\/tags?post=44905"},{"taxonomy":"features","embeddable":true,"href":"https:\/\/www.accuratereviews.com\/it\/wp-json\/wp\/v2\/features?post=44905"}],"curies":[{"name":"wp","href":"https:\/\/api.w.org\/{rel}","templated":true}]}}