{"id":44941,"date":"2021-07-01T11:36:46","date_gmt":"2021-07-01T11:36:46","guid":{"rendered":"https:\/\/www.accuratereviews.com\/?page_id=44941"},"modified":"2021-07-01T11:36:46","modified_gmt":"2021-07-01T11:36:46","slug":"widen-collective-recensione","status":"publish","type":"page","link":"https:\/\/www.accuratereviews.com\/it\/software-gestione-brand\/widen-collective-recensione\/","title":{"rendered":"Widen Collective"},"content":{"rendered":"<p><strong>Widen Collective<\/strong> \u00e8 una <strong>soluzione di gestione delle risorse digitali<\/strong> basata su <strong>cloud<\/strong> che consente agli utenti di trovare, condividere, caricare, scaricare e analizzare i contenuti visivi ovunque e su qualsiasi dispositivo. Il prodotto \u00e8 adatto a professionisti del marketing, team creativi, responsabili IT e architetti software di aziende medio-grandi.\u00a0Il software ha un ampio set di funzionalit\u00e0 che aiuta nella creazione di portali con marchio, monitoraggio e archiviazione delle risorse, integrazioni del flusso di lavoro, gestione dei diritti, reportistica e analisi.<strong> Widen Collective<\/strong> ha la capacit\u00e0 di ritagliare e ridimensionare automaticamente le foto delle risorse e pubblicarle sul web. Gli utenti possono ottenere ulteriori informazioni sull&#8217;utilizzo della risorsa in luoghi diversi tramite le visualizzazioni della mappa di geolocalizzazione.\u00a0La dashboard e gli strumenti di reporting consentono agli utenti di esportare dati e tenere traccia dell&#8217;utilizzo delle risorse seguendo il sito con Google Analytics.<\/p>\n<h2>WIDEN COLLECTIVE &#8211; TUTORIAL<\/h2>\n<p>In questa breve guida video, vediamoperch\u00e9 centinaia di marchi influenti in tutto il mondo si affidano a questo software di gestione dei brand per l&#8217;amministrazione delle risorse digitali:<\/p>\n<div id=\"fluid-wrapper-counter-1\" class=\"g1-fluid-wrapper \" style=\"width:686px;\">\n<div style=\"padding-bottom:56.268221574344%;\"><iframe loading=\"lazy\" title=\"A Guide to the Widen Collective\" width=\"686\" height=\"386\" src=\"https:\/\/www.youtube.com\/embed\/l_UchwfEmGQ?feature=oembed&amp;wmode=transparent&amp;autohide=1&amp;autoplay=0&amp;disablekb=0&amp;fs=1&amp;loop=0&amp;enablejsapi=1&amp;rel=0&amp;controls=2&amp;showinfo=0&amp;wmode=transparent&amp;autohide=2&amp;autoplay=0&amp;disablekb=0&amp;fs=1&amp;loop=0&amp;enablejsapi=1&amp;rel=0&amp;controls=2&amp;showinfo=1\" frameborder=\"0\" allow=\"accelerometer; autoplay; clipboard-write; encrypted-media; gyroscope; picture-in-picture\" allowfullscreen><\/iframe><\/div>\n<\/div>\n<p>&nbsp;<\/p>\n<h3>WIDEN COLLECTIVE &#8211; CARATTERISTICHE<\/h3>\n<ul>\n<li>Proteggi i tuoi contenuti, condividili e ispira il tuo team<\/li>\n<li>Trova immagini, video, audio e file creativi in \u200b\u200bmodo rapido e semplice<\/li>\n<li>Converti i formati di file al volo<\/li>\n<li>Crea risorse, scaricale, pubblicale o condividile ovunque<\/li>\n<li>Misura le strategie creative e di marketing con l&#8217;analisi dei contenuti<\/li>\n<li>Tag, clip, transcodifica, incorpora, converti, streaming di video e pubblicazione di risorse, tutto da un unico hub di content marketing<\/li>\n<li>Le risorse proteggono il tuo marchio con il controllo della versione, le date di scadenza e i diritti sull&#8217;immagine<\/li>\n<li>Portali e raccolte raggruppano e condividono le tue risorse per una facile visualizzazione e download<\/li>\n<li>La rete globale di distribuzione dei contenuti ti consente di servire contenuti in tutto il mondo da pi\u00f9 data center con la massima disponibilit\u00e0 e prestazioni<\/li>\n<li>Personalizza il sistema di gestione delle risorse digitali (DAM) utilizzando il logo, i colori e le immagini che riflettono chi sei<\/li>\n<li>Se non trovi i connettori che stai cercando, puoi farlo da solo con le API aperte<\/li>\n<li>Gestisci i commenti e le revisioni del progetto in un unico posto con lo strumento di verifica e approvazione online<\/li>\n<li>Controlla ci\u00f2 che gli utenti vedono e fanno nel tuo sistema DAM e monitora chi sta utilizzando le tue risorse dove, quando e come<\/li>\n<li>Gestisci i tuoi utenti con controlli di governance flessibili che garantiscono sicurezza e scalabilit\u00e0<\/li>\n<li>Costruisci il tuo stack di tecnologia di marketing (martech) sulla soluzione DAM, un vero hub di content marketing per tutte le tue attivit\u00e0 di contenuto<\/li>\n<\/ul>\n<h4>LE RECENSIONI DEGLI UTENTI<\/h4>\n<p class=\"font-weight-bold mb-1 d-flex align-items-center\"><strong>Kara B.&#8221;DAM impressionante con un ottimo supporto clienti&#8221;<\/strong><\/p>\n<p><strong>Commenti: <\/strong>L&#8217;implementazione con Widen \u00e8 stata molto semplice e il team di Widen era ben informato e disponibile. Hanno suddiviso il processo di implementazione in passaggi gestibili e hanno risposto a tutte le domande che avevamo in modo tempestivo. I nostri utenti lo trovano molto pi\u00f9 facile da usare rispetto al nostro vecchio DAM!<\/p>\n<p><strong>Pro: <\/strong>Adoriamo i portali! Potremmo persino usarli pi\u00f9 del previsto: riteniamo che i portali siano il modo pi\u00f9 intuitivo per far emergere le risorse giuste ai nostri utenti!<\/p>\n<p><strong>Contro: <\/strong>Abbiamo alcune funzionalit\u00e0 che vorremmo migliorare o aggiungere, ma Widen \u00e8 tutto incentrato sul feedback dei clienti, quindi mi sento ascoltato quando faccio nuove richieste di funzionalit\u00e0.<\/p>\n<p class=\"font-weight-bold mb-1 d-flex align-items-center\"><strong>Tanesha W.&#8221;Ottimo hub per l&#8217;archiviazione e la condivisione di contenuti&#8221;<\/strong><\/p>\n<p><strong>Commenti: <\/strong>Lo stiamo usando come uno sportello unico per il nostro team sul campo per avere accesso a formazione, risorse, materiale di vendita, notizie aziendali e altre cose utili. Ci piace anche poter aggiornare rapidamente le versioni quando necessario. La squadra \u00e8 stata meno frustrata ora che ha 1 posto dove andare.<\/p>\n<p><strong>Pro: <\/strong>Mi piace poter archiviare facilmente tutti i miei contenuti nel sistema, quindi creare un sito web simile a un portale per condividere e organizzare i miei contenuti in modo ordinato.<\/p>\n<p><strong>Contro: <\/strong>Vorrei che ci fosse un modo per aggiungere collegamenti ipertestuali alle raccolte di risorse in modo da poter collegare altri siti Web interni alla mia azienda o un eCourse all&#8217;interno di Workday.<\/p>\n<p class=\"font-weight-bold mb-1 d-flex align-items-center\"><strong>Michele S.&#8221;Ampliare la recensione DAM&#8221;<\/strong><\/p>\n<p><strong>Commenti: <\/strong>Mi piace la capacit\u00e0 di dare il mio contributo ai progetti di roadmap. Widen si prende davvero il tempo per ascoltare i propri clienti<\/p>\n<p><strong>Pro: <\/strong>Facile da usare. Sicuro. Eccellente supporto e team di sviluppo. Flessibilit\u00e0 delle funzionalit\u00e0<\/p>\n<p><strong>Contro: <\/strong>Potrei davvero usare la capacit\u00e0 di collegare risorse grezze con documenti composti. Questo \u00e8 attualmente un processo manuale e richiede tempo.<\/p>\n<p>&nbsp;<\/p>\n","protected":false},"excerpt":{"rendered":"<p>Widen Collective \u00e8 una soluzione di gestione delle risorse digitali basata su cloud che consente agli utenti di trovare, condividere, caricare, scaricare e analizzare i contenuti visivi ovunque e su qualsiasi dispositivo. Il prodotto \u00e8 adatto a professionisti del marketing, team creativi, responsabili IT e architetti software di aziende medio-grandi.\u00a0<\/p>\n","protected":false},"author":16,"featured_media":44942,"parent":44787,"menu_order":0,"comment_status":"open","ping_status":"closed","template":"g1_template_page_review_new.php","meta":{"_acf_changed":false,"cwp_meta_box_check":"Yes","cwp_rev_product_name":"","cwp_rev_product_image":"","wppr_links":[],"cwp_rev_price":"","wppr_options":[],"wppr_pros":[],"wppr_cons":[],"_monsterinsights_skip_tracking":false,"_monsterinsights_sitenote_active":false,"_monsterinsights_sitenote_note":"","_monsterinsights_sitenote_category":0,"footnotes":""},"categories":[10573],"tags":[10580,10579,10575,10582,10634],"features":[],"class_list":{"0":"post-44941","1":"page","2":"type-page","3":"status-publish","4":"has-post-thumbnail","6":"category-software-gestione-brand-categoria","7":"tag-piattaforma-gestione-brand","8":"tag-programma-gestione-brand","9":"tag-software-gestione-brand","10":"tag-soluzione-gestione-brand","11":"tag-widen-collettive"},"wppr_data":{"cwp_meta_box_check":"Yes","cwp_rev_product_name":"","cwp_rev_product_image":"","cwp_image_link":"image","cwp_rev_price":"","wppr_rating":"0.00"},"acf":[],"yoast_head":"<!-- This site is optimized with the Yoast SEO plugin v27.4 - https:\/\/yoast.com\/product\/yoast-seo-wordpress\/ -->\n<title>Widen Collective: recensione software gestione brand - Accurate Reviews<\/title>\n<meta name=\"description\" content=\"Widen Collective: recensione gestionale risorse digitali basata su cloud che consente di trovare, condividere, caricare e analizzare contenuti\" \/>\n<meta name=\"robots\" content=\"index, follow, max-snippet:-1, max-image-preview:large, max-video-preview:-1\" \/>\n<link rel=\"canonical\" href=\"https:\/\/www.accuratereviews.com\/it\/software-gestione-brand\/widen-collective-recensione\/\" \/>\n<meta property=\"og:locale\" content=\"it_IT\" \/>\n<meta property=\"og:type\" content=\"article\" \/>\n<meta property=\"og:title\" content=\"Widen Collective: recensione software gestione brand - Accurate Reviews\" \/>\n<meta property=\"og:description\" content=\"Widen Collective: recensione gestionale risorse digitali basata su cloud che consente di trovare, condividere, caricare e analizzare contenuti\" \/>\n<meta property=\"og:url\" content=\"https:\/\/www.accuratereviews.com\/it\/software-gestione-brand\/widen-collective-recensione\/\" \/>\n<meta property=\"og:site_name\" content=\"Accurate Reviews\" \/>\n<meta property=\"og:image\" content=\"https:\/\/www.accuratereviews.com\/wp-content\/uploads\/2021\/07\/Widen-Collective.jpg\" \/>\n\t<meta property=\"og:image:width\" content=\"400\" \/>\n\t<meta property=\"og:image:height\" content=\"400\" \/>\n\t<meta property=\"og:image:type\" content=\"image\/jpeg\" \/>\n<meta name=\"twitter:card\" content=\"summary_large_image\" \/>\n<meta name=\"twitter:label1\" content=\"Tempo di lettura stimato\" \/>\n\t<meta name=\"twitter:data1\" content=\"4 minuti\" \/>\n<script type=\"application\/ld+json\" class=\"yoast-schema-graph\">{\"@context\":\"https:\\\/\\\/schema.org\",\"@graph\":[{\"@type\":\"WebPage\",\"@id\":\"https:\\\/\\\/www.accuratereviews.com\\\/it\\\/software-gestione-brand\\\/widen-collective-recensione\\\/\",\"url\":\"https:\\\/\\\/www.accuratereviews.com\\\/it\\\/software-gestione-brand\\\/widen-collective-recensione\\\/\",\"name\":\"Widen Collective: recensione software gestione brand - Accurate Reviews\",\"isPartOf\":{\"@id\":\"https:\\\/\\\/www.accuratereviews.com\\\/it\\\/#website\"},\"primaryImageOfPage\":{\"@id\":\"https:\\\/\\\/www.accuratereviews.com\\\/it\\\/software-gestione-brand\\\/widen-collective-recensione\\\/#primaryimage\"},\"image\":{\"@id\":\"https:\\\/\\\/www.accuratereviews.com\\\/it\\\/software-gestione-brand\\\/widen-collective-recensione\\\/#primaryimage\"},\"thumbnailUrl\":\"https:\\\/\\\/www.accuratereviews.com\\\/wp-content\\\/uploads\\\/2021\\\/07\\\/Widen-Collective.jpg\",\"datePublished\":\"2021-07-01T11:36:46+00:00\",\"description\":\"Widen Collective: recensione gestionale risorse digitali basata su cloud che consente di trovare, condividere, caricare e analizzare contenuti\",\"breadcrumb\":{\"@id\":\"https:\\\/\\\/www.accuratereviews.com\\\/it\\\/software-gestione-brand\\\/widen-collective-recensione\\\/#breadcrumb\"},\"inLanguage\":\"it-IT\",\"potentialAction\":[{\"@type\":\"ReadAction\",\"target\":[\"https:\\\/\\\/www.accuratereviews.com\\\/it\\\/software-gestione-brand\\\/widen-collective-recensione\\\/\"]}]},{\"@type\":\"ImageObject\",\"inLanguage\":\"it-IT\",\"@id\":\"https:\\\/\\\/www.accuratereviews.com\\\/it\\\/software-gestione-brand\\\/widen-collective-recensione\\\/#primaryimage\",\"url\":\"https:\\\/\\\/www.accuratereviews.com\\\/wp-content\\\/uploads\\\/2021\\\/07\\\/Widen-Collective.jpg\",\"contentUrl\":\"https:\\\/\\\/www.accuratereviews.com\\\/wp-content\\\/uploads\\\/2021\\\/07\\\/Widen-Collective.jpg\",\"width\":400,\"height\":400},{\"@type\":\"BreadcrumbList\",\"@id\":\"https:\\\/\\\/www.accuratereviews.com\\\/it\\\/software-gestione-brand\\\/widen-collective-recensione\\\/#breadcrumb\",\"itemListElement\":[{\"@type\":\"ListItem\",\"position\":1,\"name\":\"Home\",\"item\":\"https:\\\/\\\/www.accuratereviews.com\\\/it\\\/\"},{\"@type\":\"ListItem\",\"position\":2,\"name\":\"Software per la gestione dei brand\",\"item\":\"https:\\\/\\\/www.accuratereviews.com\\\/it\\\/software-gestione-brand\\\/\"},{\"@type\":\"ListItem\",\"position\":3,\"name\":\"Widen Collective\"}]},{\"@type\":\"WebSite\",\"@id\":\"https:\\\/\\\/www.accuratereviews.com\\\/it\\\/#website\",\"url\":\"https:\\\/\\\/www.accuratereviews.com\\\/it\\\/\",\"name\":\"Accurate Reviews\",\"description\":\"\",\"potentialAction\":[{\"@type\":\"SearchAction\",\"target\":{\"@type\":\"EntryPoint\",\"urlTemplate\":\"https:\\\/\\\/www.accuratereviews.com\\\/it\\\/?s={search_term_string}\"},\"query-input\":{\"@type\":\"PropertyValueSpecification\",\"valueRequired\":true,\"valueName\":\"search_term_string\"}}],\"inLanguage\":\"it-IT\"}]}<\/script>\n<!-- \/ Yoast SEO plugin. -->","yoast_head_json":{"title":"Widen Collective: recensione software gestione brand - Accurate Reviews","description":"Widen Collective: recensione gestionale risorse digitali basata su cloud che consente di trovare, condividere, caricare e analizzare contenuti","robots":{"index":"index","follow":"follow","max-snippet":"max-snippet:-1","max-image-preview":"max-image-preview:large","max-video-preview":"max-video-preview:-1"},"canonical":"https:\/\/www.accuratereviews.com\/it\/software-gestione-brand\/widen-collective-recensione\/","og_locale":"it_IT","og_type":"article","og_title":"Widen Collective: recensione software gestione brand - Accurate Reviews","og_description":"Widen Collective: recensione gestionale risorse digitali basata su cloud che consente di trovare, condividere, caricare e analizzare contenuti","og_url":"https:\/\/www.accuratereviews.com\/it\/software-gestione-brand\/widen-collective-recensione\/","og_site_name":"Accurate Reviews","og_image":[{"width":400,"height":400,"url":"https:\/\/www.accuratereviews.com\/wp-content\/uploads\/2021\/07\/Widen-Collective.jpg","type":"image\/jpeg"}],"twitter_card":"summary_large_image","twitter_misc":{"Tempo di lettura stimato":"4 minuti"},"schema":{"@context":"https:\/\/schema.org","@graph":[{"@type":"WebPage","@id":"https:\/\/www.accuratereviews.com\/it\/software-gestione-brand\/widen-collective-recensione\/","url":"https:\/\/www.accuratereviews.com\/it\/software-gestione-brand\/widen-collective-recensione\/","name":"Widen Collective: recensione software gestione brand - Accurate Reviews","isPartOf":{"@id":"https:\/\/www.accuratereviews.com\/it\/#website"},"primaryImageOfPage":{"@id":"https:\/\/www.accuratereviews.com\/it\/software-gestione-brand\/widen-collective-recensione\/#primaryimage"},"image":{"@id":"https:\/\/www.accuratereviews.com\/it\/software-gestione-brand\/widen-collective-recensione\/#primaryimage"},"thumbnailUrl":"https:\/\/www.accuratereviews.com\/wp-content\/uploads\/2021\/07\/Widen-Collective.jpg","datePublished":"2021-07-01T11:36:46+00:00","description":"Widen Collective: recensione gestionale risorse digitali basata su cloud che consente di trovare, condividere, caricare e analizzare contenuti","breadcrumb":{"@id":"https:\/\/www.accuratereviews.com\/it\/software-gestione-brand\/widen-collective-recensione\/#breadcrumb"},"inLanguage":"it-IT","potentialAction":[{"@type":"ReadAction","target":["https:\/\/www.accuratereviews.com\/it\/software-gestione-brand\/widen-collective-recensione\/"]}]},{"@type":"ImageObject","inLanguage":"it-IT","@id":"https:\/\/www.accuratereviews.com\/it\/software-gestione-brand\/widen-collective-recensione\/#primaryimage","url":"https:\/\/www.accuratereviews.com\/wp-content\/uploads\/2021\/07\/Widen-Collective.jpg","contentUrl":"https:\/\/www.accuratereviews.com\/wp-content\/uploads\/2021\/07\/Widen-Collective.jpg","width":400,"height":400},{"@type":"BreadcrumbList","@id":"https:\/\/www.accuratereviews.com\/it\/software-gestione-brand\/widen-collective-recensione\/#breadcrumb","itemListElement":[{"@type":"ListItem","position":1,"name":"Home","item":"https:\/\/www.accuratereviews.com\/it\/"},{"@type":"ListItem","position":2,"name":"Software per la gestione dei brand","item":"https:\/\/www.accuratereviews.com\/it\/software-gestione-brand\/"},{"@type":"ListItem","position":3,"name":"Widen Collective"}]},{"@type":"WebSite","@id":"https:\/\/www.accuratereviews.com\/it\/#website","url":"https:\/\/www.accuratereviews.com\/it\/","name":"Accurate Reviews","description":"","potentialAction":[{"@type":"SearchAction","target":{"@type":"EntryPoint","urlTemplate":"https:\/\/www.accuratereviews.com\/it\/?s={search_term_string}"},"query-input":{"@type":"PropertyValueSpecification","valueRequired":true,"valueName":"search_term_string"}}],"inLanguage":"it-IT"}]}},"_links":{"self":[{"href":"https:\/\/www.accuratereviews.com\/it\/wp-json\/wp\/v2\/pages\/44941","targetHints":{"allow":["GET"]}}],"collection":[{"href":"https:\/\/www.accuratereviews.com\/it\/wp-json\/wp\/v2\/pages"}],"about":[{"href":"https:\/\/www.accuratereviews.com\/it\/wp-json\/wp\/v2\/types\/page"}],"author":[{"embeddable":true,"href":"https:\/\/www.accuratereviews.com\/it\/wp-json\/wp\/v2\/users\/16"}],"replies":[{"embeddable":true,"href":"https:\/\/www.accuratereviews.com\/it\/wp-json\/wp\/v2\/comments?post=44941"}],"version-history":[{"count":9,"href":"https:\/\/www.accuratereviews.com\/it\/wp-json\/wp\/v2\/pages\/44941\/revisions"}],"predecessor-version":[{"id":44994,"href":"https:\/\/www.accuratereviews.com\/it\/wp-json\/wp\/v2\/pages\/44941\/revisions\/44994"}],"up":[{"embeddable":true,"href":"https:\/\/www.accuratereviews.com\/it\/wp-json\/wp\/v2\/pages\/44787"}],"wp:featuredmedia":[{"embeddable":true,"href":"https:\/\/www.accuratereviews.com\/it\/wp-json\/wp\/v2\/media\/44942"}],"wp:attachment":[{"href":"https:\/\/www.accuratereviews.com\/it\/wp-json\/wp\/v2\/media?parent=44941"}],"wp:term":[{"taxonomy":"category","embeddable":true,"href":"https:\/\/www.accuratereviews.com\/it\/wp-json\/wp\/v2\/categories?post=44941"},{"taxonomy":"post_tag","embeddable":true,"href":"https:\/\/www.accuratereviews.com\/it\/wp-json\/wp\/v2\/tags?post=44941"},{"taxonomy":"features","embeddable":true,"href":"https:\/\/www.accuratereviews.com\/it\/wp-json\/wp\/v2\/features?post=44941"}],"curies":[{"name":"wp","href":"https:\/\/api.w.org\/{rel}","templated":true}]}}