{"id":44948,"date":"2021-07-01T11:39:34","date_gmt":"2021-07-01T11:39:34","guid":{"rendered":"https:\/\/www.accuratereviews.com\/?page_id=44948"},"modified":"2021-07-01T11:39:34","modified_gmt":"2021-07-01T11:39:34","slug":"yotpo-recensione","status":"publish","type":"page","link":"https:\/\/www.accuratereviews.com\/it\/software-gestione-brand\/yotpo-recensione\/","title":{"rendered":"Yotpo"},"content":{"rendered":"<p><strong>Yotpo<\/strong> \u00e8 una delle <strong>app di content marketing<\/strong> pi\u00f9 popolari, progettata specificatamente per i negozi di ecommerce e le attivit\u00e0 di vendita al dettaglio. Questo sistema consente ai clienti di generare recensioni sui prodotti e di utilizzare le migliori tra loro come incentivi per incrementare le vendite. Inoltre, <strong>Yotpo<\/strong> \u00e8 progettato come recensioni social plug-and-play e app di ecommerce che raccoglie recensioni verificate rispetto a qualsiasi altro concorrente e offre ai clienti un&#8217;esperienza di revisione mobile-first semplice e intelligente. In prospettiva, il programma rende le aziende pi\u00f9 credibili indipendentemente dalla loro quota di mercato e pu\u00f2 essere integrato con qualsiasi software in uso dall&#8217;impresa.<\/p>\n<h2>YOTPO &#8211; TUTORIAL<\/h2>\n<p>Guarda come \u00e8 semplice creare relazioni significative e a lungo termine con i clienti utilizzando questo <strong>software di gestione dei brand<\/strong>:<\/p>\n<div id=\"fluid-wrapper-counter-1\" class=\"g1-fluid-wrapper \" style=\"width:686px;\">\n<div style=\"padding-bottom:56.268221574344%;\"><iframe loading=\"lazy\" title=\"It&#039;s time to get more from your eCommerce marketing.\" width=\"686\" height=\"386\" src=\"https:\/\/www.youtube.com\/embed\/eAdYLzvuvFo?feature=oembed&amp;wmode=transparent&amp;autohide=1&amp;autoplay=0&amp;disablekb=0&amp;fs=1&amp;loop=0&amp;enablejsapi=1&amp;rel=0&amp;controls=2&amp;showinfo=0&amp;wmode=transparent&amp;autohide=2&amp;autoplay=0&amp;disablekb=0&amp;fs=1&amp;loop=0&amp;enablejsapi=1&amp;rel=0&amp;controls=2&amp;showinfo=1\" frameborder=\"0\" allow=\"accelerometer; autoplay; clipboard-write; encrypted-media; gyroscope; picture-in-picture\" allowfullscreen><\/iframe><\/div>\n<\/div>\n<h3>YOTPO &#8211; CARATTERISTICHE<\/h3>\n<ul>\n<li><strong>Recensioni e valutazioni<\/strong>: raccogli contenuti di qualit\u00e0 che gli acquirenti desiderano e visualizzali dinamicamente \u00a0utilizzando l&#8217;intelligenza artificiale<\/li>\n<li><strong>Visual UGC<\/strong>: porta l&#8217;esperienza di Instagram sul tuo sito con foto, video e gallerie di recensioni personalizzabili che migliorano il tuo marchio<\/li>\n<li><strong>Fedelt\u00e0 del cliente<\/strong>: crea programmi di fidelizzazione sul marchio progettati per promuovere i comportamenti desiderabili dei clienti e guidare aumenti misurabili del LTV (Loan To Value)<\/li>\n<li><strong>Programmi di riferimento<\/strong>: sfrutta l&#8217;esperienza utente intuitiva e intelligente che sblocca il potere dei clienti esistenti nel guidare l&#8217;acquisizione a basso costo<\/li>\n<li><strong>SMS marketing<\/strong>: crea una strategia di marketing via sms che si rivolga agli acquirenti con messaggi personalizzati per creare esperienze mobili ad alta conversione<\/li>\n<li><strong>Aumenta le vendite con la prova social:<\/strong> visualizza recensioni, valutazioni, domande e risposte, foto e video nei punti di conversione chiave del tuo sito web. Mostra i contenuti dei tuoi clienti durante il percorso di acquisto<\/li>\n<li><strong>Distinguiti su ricerca e social<\/strong>: acquisisci traffico ad alto intento attraverso le partnership del programma con Google, Facebook e Instagram. Visualizza gli UGC nei risultati di ricerca social, a pagamento e organici e crea istantaneamente annunci ad alta conversione<\/li>\n<li><strong>Comprendere il feedback su larga scala<\/strong>: prendi decisioni migliori comprendendo il feedback dei clienti su larga scala. Individua le opportunit\u00e0 per migliorare l&#8217;esperienza del cliente utilizzando l&#8217;intelligenza artificiale per suddividere le recensioni in informazioni utili<\/li>\n<li><strong>Costruisci un percorso migliore per l&#8217;acquirente:<\/strong> migliora l&#8217;esperienza di acquisto e aiuta i tuoi clienti a prendere decisioni di acquisto migliori combinando recensioni, foto, video e domande e risposte su tutti i canali di marketing.<\/li>\n<\/ul>\n<h4>LE RECENSIONI DEGLI UTENTI<\/h4>\n<p class=\"font-weight-bold mb-1 d-flex align-items-center\"><strong>Mathias I.&#8221;Yotpo: facile da usare, analisi approfondite e customer friendly.&#8221;<\/strong><\/p>\n<p><strong>Commenti: <\/strong>YotPo mi offre molte funzionalit\u00e0 che aiutano i nuovi clienti nella giusta direzione quando scelgono un prodotto da acquistare. Con un&#8217;ottima visualizzazione di recensioni di prodotti, i nuovi clienti si fidano della tua attivit\u00e0 e del passaggio per completare un acquisto.<\/p>\n<p><strong>Vantaggi: <\/strong>La possibilit\u00e0 di avere una facile panoramica di tutti gli strumenti e molte delle funzionalit\u00e0 avviene automaticamente. Con YotPo avrai tutti gli strumenti interni e quando tutto \u00e8 impostato correttamente ti verranno fornite analisi utili e un&#8217;ottima panoramica di come i tuoi clienti recensiscono l&#8217;attivit\u00e0.<\/p>\n<p><strong>Inconvenienti: <\/strong>Ci sono molte funzionalit\u00e0, quindi \u00e8 facile perdersi all&#8217;interno di tutte.<\/p>\n<p class=\"font-weight-bold mb-1 d-flex align-items-center\"><strong>Alli T.&#8221;Molto soddisfatto del prodotto principale!&#8221;<\/strong><\/p>\n<p><strong>Commenti: <\/strong>\u00c8 stato meraviglioso lavorare con Yotpo; la loro squadra \u00e8 cos\u00ec utile e positiva.<\/p>\n<p><strong>Vantaggi: <\/strong>Avevamo un disperato bisogno di recensioni automatizzate e verificate che non richiedessero il monitoraggio o il controllo dello spam o delle richieste di assistenza clienti errate sul nostro sito, a un prezzo che potevamo permetterci. Yotpo era la soluzione per noi.<\/p>\n<p><strong>Inconvenienti: <\/strong>Per liberare tutta la grandezza che Yotpo ha da offrire, passi da un prezzo accessibile a un prezzo che solo le grandi aziende possono permettersi. Vorrei che ci fosse un&#8217;opzione nel mezzo.<\/p>\n<p class=\"font-weight-bold mb-1 d-flex align-items-center\"><strong>Sue C.&#8221;Ottima app per le recensioni dei clienti&#8221;<\/strong><\/p>\n<p><strong>Pro: <\/strong>Facile da configurare, personalizzare, integrare e utilizzare<\/p>\n<p><strong>Contro: <\/strong>I prezzi sembrano allineati alle aziende pi\u00f9 grandi<\/p>\n<div class=\"ml-4 pl-4 border-left border-left__dotted i18n-translation_vendor_container\" data-translation-id=\"2489695\" data-translation-vendor-target=\"original\">\n<div class=\"d-flex flex-wrap flex-md-nowrap align-items-center\">\n<h4 class=\"h5 font-weight-bold\"><\/h4>\n<\/div>\n<\/div>\n","protected":false},"excerpt":{"rendered":"<p>Yotpo \u00e8 una delle app di content marketing pi\u00f9 popolari e degne di considerazione di oggi, progettata specificamente per i negozi di ecommerce e le attivit\u00e0 di vendita al dettaglio. Questo sistema consente ai clienti di generare recensioni sui prodotti e di utilizzare le migliori tra loro come incentivi per incrementare le vendite.<\/p>\n","protected":false},"author":16,"featured_media":44949,"parent":44787,"menu_order":0,"comment_status":"open","ping_status":"closed","template":"g1_template_page_review_new.php","meta":{"_acf_changed":false,"cwp_meta_box_check":"Yes","cwp_rev_product_name":"","cwp_rev_product_image":"","wppr_links":[],"cwp_rev_price":"","wppr_options":[],"wppr_pros":[],"wppr_cons":[],"_monsterinsights_skip_tracking":false,"_monsterinsights_sitenote_active":false,"_monsterinsights_sitenote_note":"","_monsterinsights_sitenote_category":0,"footnotes":""},"categories":[10573],"tags":[396,10580,10579,10575,10582,10629],"features":[],"class_list":{"0":"post-44948","1":"page","2":"type-page","3":"status-publish","4":"has-post-thumbnail","6":"category-software-gestione-brand-categoria","7":"tag-cloud","8":"tag-piattaforma-gestione-brand","9":"tag-programma-gestione-brand","10":"tag-software-gestione-brand","11":"tag-soluzione-gestione-brand","12":"tag-yotpo"},"wppr_data":{"cwp_meta_box_check":"Yes","cwp_rev_product_name":"","cwp_rev_product_image":"","cwp_image_link":"image","cwp_rev_price":"","wppr_rating":"0.00"},"acf":[],"yoast_head":"<!-- This site is optimized with the Yoast SEO plugin v27.4 - https:\/\/yoast.com\/product\/yoast-seo-wordpress\/ -->\n<title>Yotpo: recensione software gestione brand - Accurate Reviews<\/title>\n<meta name=\"description\" content=\"Yotpo: recensione app di content marketing progettata specificatamente per i negozi di ecommerce e le attivit\u00e0 di vendita al dettaglio.\" \/>\n<meta name=\"robots\" content=\"index, follow, max-snippet:-1, max-image-preview:large, max-video-preview:-1\" \/>\n<link rel=\"canonical\" href=\"https:\/\/www.accuratereviews.com\/it\/software-gestione-brand\/yotpo-recensione\/\" \/>\n<meta property=\"og:locale\" content=\"it_IT\" \/>\n<meta property=\"og:type\" content=\"article\" \/>\n<meta property=\"og:title\" content=\"Yotpo: recensione software gestione brand - Accurate Reviews\" \/>\n<meta property=\"og:description\" content=\"Yotpo: recensione app di content marketing progettata specificatamente per i negozi di ecommerce e le attivit\u00e0 di vendita al dettaglio.\" \/>\n<meta property=\"og:url\" content=\"https:\/\/www.accuratereviews.com\/it\/software-gestione-brand\/yotpo-recensione\/\" \/>\n<meta property=\"og:site_name\" content=\"Accurate Reviews\" \/>\n<meta property=\"og:image\" content=\"https:\/\/www.accuratereviews.com\/wp-content\/uploads\/2021\/07\/yotpo-logo.png\" \/>\n\t<meta property=\"og:image:width\" content=\"900\" \/>\n\t<meta property=\"og:image:height\" content=\"500\" \/>\n\t<meta property=\"og:image:type\" content=\"image\/png\" \/>\n<meta name=\"twitter:card\" content=\"summary_large_image\" \/>\n<meta name=\"twitter:label1\" content=\"Tempo di lettura stimato\" \/>\n\t<meta name=\"twitter:data1\" content=\"3 minuti\" \/>\n<script type=\"application\/ld+json\" class=\"yoast-schema-graph\">{\"@context\":\"https:\\\/\\\/schema.org\",\"@graph\":[{\"@type\":\"WebPage\",\"@id\":\"https:\\\/\\\/www.accuratereviews.com\\\/it\\\/software-gestione-brand\\\/yotpo-recensione\\\/\",\"url\":\"https:\\\/\\\/www.accuratereviews.com\\\/it\\\/software-gestione-brand\\\/yotpo-recensione\\\/\",\"name\":\"Yotpo: recensione software gestione brand - Accurate Reviews\",\"isPartOf\":{\"@id\":\"https:\\\/\\\/www.accuratereviews.com\\\/it\\\/#website\"},\"primaryImageOfPage\":{\"@id\":\"https:\\\/\\\/www.accuratereviews.com\\\/it\\\/software-gestione-brand\\\/yotpo-recensione\\\/#primaryimage\"},\"image\":{\"@id\":\"https:\\\/\\\/www.accuratereviews.com\\\/it\\\/software-gestione-brand\\\/yotpo-recensione\\\/#primaryimage\"},\"thumbnailUrl\":\"https:\\\/\\\/www.accuratereviews.com\\\/wp-content\\\/uploads\\\/2021\\\/07\\\/yotpo-logo.png\",\"datePublished\":\"2021-07-01T11:39:34+00:00\",\"description\":\"Yotpo: recensione app di content marketing progettata specificatamente per i negozi di ecommerce e le attivit\u00e0 di vendita al dettaglio.\",\"breadcrumb\":{\"@id\":\"https:\\\/\\\/www.accuratereviews.com\\\/it\\\/software-gestione-brand\\\/yotpo-recensione\\\/#breadcrumb\"},\"inLanguage\":\"it-IT\",\"potentialAction\":[{\"@type\":\"ReadAction\",\"target\":[\"https:\\\/\\\/www.accuratereviews.com\\\/it\\\/software-gestione-brand\\\/yotpo-recensione\\\/\"]}]},{\"@type\":\"ImageObject\",\"inLanguage\":\"it-IT\",\"@id\":\"https:\\\/\\\/www.accuratereviews.com\\\/it\\\/software-gestione-brand\\\/yotpo-recensione\\\/#primaryimage\",\"url\":\"https:\\\/\\\/www.accuratereviews.com\\\/wp-content\\\/uploads\\\/2021\\\/07\\\/yotpo-logo.png\",\"contentUrl\":\"https:\\\/\\\/www.accuratereviews.com\\\/wp-content\\\/uploads\\\/2021\\\/07\\\/yotpo-logo.png\",\"width\":900,\"height\":500},{\"@type\":\"BreadcrumbList\",\"@id\":\"https:\\\/\\\/www.accuratereviews.com\\\/it\\\/software-gestione-brand\\\/yotpo-recensione\\\/#breadcrumb\",\"itemListElement\":[{\"@type\":\"ListItem\",\"position\":1,\"name\":\"Home\",\"item\":\"https:\\\/\\\/www.accuratereviews.com\\\/it\\\/\"},{\"@type\":\"ListItem\",\"position\":2,\"name\":\"Software per la gestione dei brand\",\"item\":\"https:\\\/\\\/www.accuratereviews.com\\\/it\\\/software-gestione-brand\\\/\"},{\"@type\":\"ListItem\",\"position\":3,\"name\":\"Yotpo\"}]},{\"@type\":\"WebSite\",\"@id\":\"https:\\\/\\\/www.accuratereviews.com\\\/it\\\/#website\",\"url\":\"https:\\\/\\\/www.accuratereviews.com\\\/it\\\/\",\"name\":\"Accurate Reviews\",\"description\":\"\",\"potentialAction\":[{\"@type\":\"SearchAction\",\"target\":{\"@type\":\"EntryPoint\",\"urlTemplate\":\"https:\\\/\\\/www.accuratereviews.com\\\/it\\\/?s={search_term_string}\"},\"query-input\":{\"@type\":\"PropertyValueSpecification\",\"valueRequired\":true,\"valueName\":\"search_term_string\"}}],\"inLanguage\":\"it-IT\"}]}<\/script>\n<!-- \/ Yoast SEO plugin. -->","yoast_head_json":{"title":"Yotpo: recensione software gestione brand - Accurate Reviews","description":"Yotpo: recensione app di content marketing progettata specificatamente per i negozi di ecommerce e le attivit\u00e0 di vendita al dettaglio.","robots":{"index":"index","follow":"follow","max-snippet":"max-snippet:-1","max-image-preview":"max-image-preview:large","max-video-preview":"max-video-preview:-1"},"canonical":"https:\/\/www.accuratereviews.com\/it\/software-gestione-brand\/yotpo-recensione\/","og_locale":"it_IT","og_type":"article","og_title":"Yotpo: recensione software gestione brand - Accurate Reviews","og_description":"Yotpo: recensione app di content marketing progettata specificatamente per i negozi di ecommerce e le attivit\u00e0 di vendita al dettaglio.","og_url":"https:\/\/www.accuratereviews.com\/it\/software-gestione-brand\/yotpo-recensione\/","og_site_name":"Accurate Reviews","og_image":[{"width":900,"height":500,"url":"https:\/\/www.accuratereviews.com\/wp-content\/uploads\/2021\/07\/yotpo-logo.png","type":"image\/png"}],"twitter_card":"summary_large_image","twitter_misc":{"Tempo di lettura stimato":"3 minuti"},"schema":{"@context":"https:\/\/schema.org","@graph":[{"@type":"WebPage","@id":"https:\/\/www.accuratereviews.com\/it\/software-gestione-brand\/yotpo-recensione\/","url":"https:\/\/www.accuratereviews.com\/it\/software-gestione-brand\/yotpo-recensione\/","name":"Yotpo: recensione software gestione brand - Accurate Reviews","isPartOf":{"@id":"https:\/\/www.accuratereviews.com\/it\/#website"},"primaryImageOfPage":{"@id":"https:\/\/www.accuratereviews.com\/it\/software-gestione-brand\/yotpo-recensione\/#primaryimage"},"image":{"@id":"https:\/\/www.accuratereviews.com\/it\/software-gestione-brand\/yotpo-recensione\/#primaryimage"},"thumbnailUrl":"https:\/\/www.accuratereviews.com\/wp-content\/uploads\/2021\/07\/yotpo-logo.png","datePublished":"2021-07-01T11:39:34+00:00","description":"Yotpo: recensione app di content marketing progettata specificatamente per i negozi di ecommerce e le attivit\u00e0 di vendita al dettaglio.","breadcrumb":{"@id":"https:\/\/www.accuratereviews.com\/it\/software-gestione-brand\/yotpo-recensione\/#breadcrumb"},"inLanguage":"it-IT","potentialAction":[{"@type":"ReadAction","target":["https:\/\/www.accuratereviews.com\/it\/software-gestione-brand\/yotpo-recensione\/"]}]},{"@type":"ImageObject","inLanguage":"it-IT","@id":"https:\/\/www.accuratereviews.com\/it\/software-gestione-brand\/yotpo-recensione\/#primaryimage","url":"https:\/\/www.accuratereviews.com\/wp-content\/uploads\/2021\/07\/yotpo-logo.png","contentUrl":"https:\/\/www.accuratereviews.com\/wp-content\/uploads\/2021\/07\/yotpo-logo.png","width":900,"height":500},{"@type":"BreadcrumbList","@id":"https:\/\/www.accuratereviews.com\/it\/software-gestione-brand\/yotpo-recensione\/#breadcrumb","itemListElement":[{"@type":"ListItem","position":1,"name":"Home","item":"https:\/\/www.accuratereviews.com\/it\/"},{"@type":"ListItem","position":2,"name":"Software per la gestione dei brand","item":"https:\/\/www.accuratereviews.com\/it\/software-gestione-brand\/"},{"@type":"ListItem","position":3,"name":"Yotpo"}]},{"@type":"WebSite","@id":"https:\/\/www.accuratereviews.com\/it\/#website","url":"https:\/\/www.accuratereviews.com\/it\/","name":"Accurate Reviews","description":"","potentialAction":[{"@type":"SearchAction","target":{"@type":"EntryPoint","urlTemplate":"https:\/\/www.accuratereviews.com\/it\/?s={search_term_string}"},"query-input":{"@type":"PropertyValueSpecification","valueRequired":true,"valueName":"search_term_string"}}],"inLanguage":"it-IT"}]}},"_links":{"self":[{"href":"https:\/\/www.accuratereviews.com\/it\/wp-json\/wp\/v2\/pages\/44948","targetHints":{"allow":["GET"]}}],"collection":[{"href":"https:\/\/www.accuratereviews.com\/it\/wp-json\/wp\/v2\/pages"}],"about":[{"href":"https:\/\/www.accuratereviews.com\/it\/wp-json\/wp\/v2\/types\/page"}],"author":[{"embeddable":true,"href":"https:\/\/www.accuratereviews.com\/it\/wp-json\/wp\/v2\/users\/16"}],"replies":[{"embeddable":true,"href":"https:\/\/www.accuratereviews.com\/it\/wp-json\/wp\/v2\/comments?post=44948"}],"version-history":[{"count":10,"href":"https:\/\/www.accuratereviews.com\/it\/wp-json\/wp\/v2\/pages\/44948\/revisions"}],"predecessor-version":[{"id":44989,"href":"https:\/\/www.accuratereviews.com\/it\/wp-json\/wp\/v2\/pages\/44948\/revisions\/44989"}],"up":[{"embeddable":true,"href":"https:\/\/www.accuratereviews.com\/it\/wp-json\/wp\/v2\/pages\/44787"}],"wp:featuredmedia":[{"embeddable":true,"href":"https:\/\/www.accuratereviews.com\/it\/wp-json\/wp\/v2\/media\/44949"}],"wp:attachment":[{"href":"https:\/\/www.accuratereviews.com\/it\/wp-json\/wp\/v2\/media?parent=44948"}],"wp:term":[{"taxonomy":"category","embeddable":true,"href":"https:\/\/www.accuratereviews.com\/it\/wp-json\/wp\/v2\/categories?post=44948"},{"taxonomy":"post_tag","embeddable":true,"href":"https:\/\/www.accuratereviews.com\/it\/wp-json\/wp\/v2\/tags?post=44948"},{"taxonomy":"features","embeddable":true,"href":"https:\/\/www.accuratereviews.com\/it\/wp-json\/wp\/v2\/features?post=44948"}],"curies":[{"name":"wp","href":"https:\/\/api.w.org\/{rel}","templated":true}]}}