{"id":45001,"date":"2021-07-02T10:35:29","date_gmt":"2021-07-02T10:35:29","guid":{"rendered":"https:\/\/www.accuratereviews.com\/?page_id=45001"},"modified":"2021-07-02T10:35:29","modified_gmt":"2021-07-02T10:35:29","slug":"lucidpress-recensione","status":"publish","type":"page","link":"https:\/\/www.accuratereviews.com\/it\/software-gestione-brand\/lucidpress-recensione\/","title":{"rendered":"Lucidpress"},"content":{"rendered":"<p><strong>Lucidpress<\/strong> \u00e8 un <strong>software per la gestione dei brand<\/strong> che ti permette di utilizzare e creare contenuti personalizzati su scala in qualsiasi momento e da qualsiasi postazione. Infatti, essendo basato su <strong>cloud<\/strong>, questo programma diventa accessibile a chiunque disponga di una connessione internet e voglia creare degli ottimi contenuti on-brand in modo semplice e veloce.<br \/>\nUn vantaggio che offre <strong>Lucidpress<\/strong> \u00e8 quello del blocco avanzato dei modelli, che consente ai membri del team di collaborare e personalizzare i modelli in compropriet\u00e0. Si rivolge dunque a team e aziende, ma anche a singoli individui che vogliono migliorare la <strong>gestione del loro marchio<\/strong>.<\/p>\n<h2>LUCIDPRESS &#8211; TUTORIAL<\/h2>\n<p>Diamo un&#8217;occhiata a questo video per capire come creare un banner di YouTube con questa piattaforma:<\/p>\n<div id=\"fluid-wrapper-counter-1\" class=\"g1-fluid-wrapper \" style=\"width:686px;\">\n<div style=\"padding-bottom:56.268221574344%;\"><iframe loading=\"lazy\" title=\"How to make a YouTube banner (free template included)\" width=\"686\" height=\"386\" src=\"https:\/\/www.youtube.com\/embed\/Wx4mVFFq3Hw?feature=oembed&amp;wmode=transparent&amp;autohide=1&amp;autoplay=0&amp;disablekb=0&amp;fs=1&amp;loop=0&amp;enablejsapi=1&amp;rel=0&amp;controls=2&amp;showinfo=0&amp;wmode=transparent&amp;autohide=2&amp;autoplay=0&amp;disablekb=0&amp;fs=1&amp;loop=0&amp;enablejsapi=1&amp;rel=0&amp;controls=2&amp;showinfo=1\" frameborder=\"0\" allow=\"accelerometer; autoplay; clipboard-write; encrypted-media; gyroscope; picture-in-picture\" allowfullscreen><\/iframe><\/div>\n<\/div>\n<h3>LUCIDPRESS &#8211; CARATTERISITCHE<\/h3>\n<ul>\n<li><strong>Crea nuovi contenuti sul marchio<\/strong>: la galleria di modelli completa ti aiuta a iniziare rapidamente, mentre l&#8217;hub delle risorse del marchio e l&#8217;intuitivo editor drag-and-drop offrono una facile personalizzazione on-brand, indipendentemente dal progetto<\/li>\n<li><strong>Trasforma il tempo dedicato ai progetti<\/strong>: i modelli del team riducono le richieste di contenuti personalizzati e i tempi di consegna dei progetti. E se hai bisogno di delegare, il blocco del modello e il flusso di lavoro di approvazione opzionale mantengono i contenuti sul marchio, senza vietare la creativit\u00e0<\/li>\n<li><strong>Costruisci una presenza del marchio pi\u00f9 forte<\/strong>: previeni contenuti non autorizzati e fuori marchio con modelli bloccabili e la tua libreria di risorse del marchio. Inoltre, i nostri controlli flessibili del marchio aiutano gli amministratori a far rispettare gli standard del marchio, garantendo la coerenza del marchio e una presenza del marchio pi\u00f9 forte<\/li>\n<li><strong>Realizza di pi\u00f9 come una squadra<\/strong>: la piattaforma basata sul web significa che chiunque pu\u00f2 accedere o condividere documenti Lucidpress su qualsiasi dispositivo. I commenti e le funzionalit\u00e0 in chat semplificano la collaborazione senza interruzioni in tempo reale. Puoi anche assegnare ruoli e permessi diversi ai membri del team, rendendo la gestione del team molto pi\u00f9 semplice<\/li>\n<li><strong>Condividi ovunque tu sia<\/strong>: metti in mostra il tuo duro lavoro e impegno attraverso le nostre opzioni di distribuzione multicanale, come la stampa su richiesta, la posta diretta, l&#8217;editoria digitale e social, l&#8217;incorporamento di email e siti web e l&#8217;esportazione della qualit\u00e0 di stampa, aumentando a sua volta la visibilit\u00e0 del tuo marchio e autorit\u00e0.<\/li>\n<\/ul>\n<h4>LE RECENSIONI DEGLI UTENTI<\/h4>\n<p><strong>Kent K. &#8220;La versione gratuita \u00e8 utile per molti scopi&#8221;<\/strong><br \/>\nCOMMENTI: Lucidpress era una soluzione da sogno per la piccolissima organizzazione no profit con cui stavo lavorando quando l&#8217;ho scoperto per la prima volta (7+ anni fa). Ha offerto strumenti e funzionalit\u00e0 che ci hanno permesso di creare materiali promozionali come poster, volantini, moduli, report, ecc. Ora limita la qualit\u00e0 di stampa all&#8217;interno della versione gratuita a un punto che \u00e8 utile solo per creare arte rapida per i social media. A tal fine, lo consiglio ancora di tanto in tanto.<br \/>\nPRO: i punti salienti di Lucidpress includono la condivisione e la collaborazione sui file, oltre a poter lavorare sui file da qualsiasi luogo con accesso a Internet.<br \/>\nCONTRO: hanno gravemente ostacolato la qualit\u00e0 dei file che possono essere scaricati con una versione a pagamento.<\/p>\n<p><strong>William e S. &#8220;Programma di pubblicazione pi\u00f9 semplice disponibile&#8221;<\/strong><br \/>\nCOMMENTI: nel complesso, LucidPress \u00e8 un fantastico programma editoriale che ti aiuter\u00e0 a progettare riviste, volantini, pagine web, ecc. in un batter d&#8217;occhio<br \/>\nPRO: mi \u00e8 piaciuto LucidPress perch\u00e9 \u00e8 semplice e relativamente facile da usare, richiedendo solo un breve periodo di studio prima di essere in grado di progettare una pubblicazione valida.<br \/>\nCONTRO: i tecnici di LP hanno una tendenza irritabile nel sistemare le cose che non funzionano, aggirando i problemi evidenti.<\/p>\n<p><strong>Marci R. &#8220;Ottimo prodotto&#8221;<\/strong><br \/>\nPRO: la semplicit\u00e0 d&#8217;uso \u00e8 quello che mi piace di pi\u00f9. \u00c8 molto facile da usare.<br \/>\nCONTRO: a mio avviso mancano alcune funzionalit\u00e0 come la possibilit\u00e0 di creare tabelle e grafici. Vorrei anche avere la possibilit\u00e0 di aggiungere un tocco pi\u00f9 artistico ai miei documenti e di avere una pi\u00f9 ampia variet\u00e0 di modelli preimpostati come le offerte di Canva.<\/p>\n","protected":false},"excerpt":{"rendered":"<p>Lucidpress \u00e8 un software per la gestione dei brand che ti permette di utilizzare e creare contenuti personalizzati su scala in qualsiasi momento e da qualsiasi postazione. Infatti essendo basato su cloud, questo programma diventa accessibile a chiunque utilizzi una connessione internet e voglia creare degli ottimi contenuti on-brand in modo semplice e veloce.<\/p>\n","protected":false},"author":17,"featured_media":45002,"parent":44787,"menu_order":0,"comment_status":"open","ping_status":"closed","template":"g1_template_page_review_new.php","meta":{"_acf_changed":false,"cwp_meta_box_check":"No","cwp_rev_product_name":"","cwp_rev_product_image":"","wppr_links":[],"cwp_rev_price":"","wppr_options":[],"wppr_pros":[],"wppr_cons":[],"_monsterinsights_skip_tracking":false,"_monsterinsights_sitenote_active":false,"_monsterinsights_sitenote_note":"","_monsterinsights_sitenote_category":0,"footnotes":""},"categories":[10573],"tags":[10641,10577,10640,10600,10599,10575,10582],"features":[],"class_list":{"0":"post-45001","1":"page","2":"type-page","3":"status-publish","4":"has-post-thumbnail","6":"category-software-gestione-brand-categoria","7":"tag-brand-it","8":"tag-gestione-brand","9":"tag-lucidpress","10":"tag-piattaforma-gestionale-brand","11":"tag-programma-gestionale-brand","12":"tag-software-gestione-brand","13":"tag-soluzione-gestione-brand"},"wppr_data":{"cwp_meta_box_check":"No"},"acf":[],"yoast_head":"<!-- This site is optimized with the Yoast SEO plugin v27.4 - https:\/\/yoast.com\/product\/yoast-seo-wordpress\/ -->\n<title>Lucidpress: recensione software gestione brand - Accurate Reviews<\/title>\n<meta name=\"description\" content=\"Lucidpress: recensione del software per la gestione dei brand che ti permette di utilizzare e creare contenuti personalizzati su scala.\" \/>\n<meta name=\"robots\" content=\"index, follow, max-snippet:-1, max-image-preview:large, max-video-preview:-1\" \/>\n<link rel=\"canonical\" href=\"https:\/\/www.accuratereviews.com\/it\/software-gestione-brand\/lucidpress-recensione\/\" \/>\n<meta property=\"og:locale\" content=\"it_IT\" \/>\n<meta property=\"og:type\" content=\"article\" \/>\n<meta property=\"og:title\" content=\"Lucidpress: recensione software gestione brand - Accurate Reviews\" \/>\n<meta property=\"og:description\" content=\"Lucidpress: recensione del software per la gestione dei brand che ti permette di utilizzare e creare contenuti personalizzati su scala.\" \/>\n<meta property=\"og:url\" content=\"https:\/\/www.accuratereviews.com\/it\/software-gestione-brand\/lucidpress-recensione\/\" \/>\n<meta property=\"og:site_name\" content=\"Accurate Reviews\" \/>\n<meta property=\"og:image\" content=\"https:\/\/www.accuratereviews.com\/wp-content\/uploads\/2021\/07\/lucidpress-logo.png\" \/>\n\t<meta property=\"og:image:width\" content=\"551\" \/>\n\t<meta property=\"og:image:height\" content=\"551\" \/>\n\t<meta property=\"og:image:type\" content=\"image\/png\" \/>\n<meta name=\"twitter:card\" content=\"summary_large_image\" \/>\n<meta name=\"twitter:label1\" content=\"Tempo di lettura stimato\" \/>\n\t<meta name=\"twitter:data1\" content=\"3 minuti\" \/>\n<script type=\"application\/ld+json\" class=\"yoast-schema-graph\">{\"@context\":\"https:\\\/\\\/schema.org\",\"@graph\":[{\"@type\":\"WebPage\",\"@id\":\"https:\\\/\\\/www.accuratereviews.com\\\/it\\\/software-gestione-brand\\\/lucidpress-recensione\\\/\",\"url\":\"https:\\\/\\\/www.accuratereviews.com\\\/it\\\/software-gestione-brand\\\/lucidpress-recensione\\\/\",\"name\":\"Lucidpress: recensione software gestione brand - Accurate Reviews\",\"isPartOf\":{\"@id\":\"https:\\\/\\\/www.accuratereviews.com\\\/it\\\/#website\"},\"primaryImageOfPage\":{\"@id\":\"https:\\\/\\\/www.accuratereviews.com\\\/it\\\/software-gestione-brand\\\/lucidpress-recensione\\\/#primaryimage\"},\"image\":{\"@id\":\"https:\\\/\\\/www.accuratereviews.com\\\/it\\\/software-gestione-brand\\\/lucidpress-recensione\\\/#primaryimage\"},\"thumbnailUrl\":\"https:\\\/\\\/www.accuratereviews.com\\\/wp-content\\\/uploads\\\/2021\\\/07\\\/lucidpress-logo.png\",\"datePublished\":\"2021-07-02T10:35:29+00:00\",\"description\":\"Lucidpress: recensione del software per la gestione dei brand che ti permette di utilizzare e creare contenuti personalizzati su scala.\",\"breadcrumb\":{\"@id\":\"https:\\\/\\\/www.accuratereviews.com\\\/it\\\/software-gestione-brand\\\/lucidpress-recensione\\\/#breadcrumb\"},\"inLanguage\":\"it-IT\",\"potentialAction\":[{\"@type\":\"ReadAction\",\"target\":[\"https:\\\/\\\/www.accuratereviews.com\\\/it\\\/software-gestione-brand\\\/lucidpress-recensione\\\/\"]}]},{\"@type\":\"ImageObject\",\"inLanguage\":\"it-IT\",\"@id\":\"https:\\\/\\\/www.accuratereviews.com\\\/it\\\/software-gestione-brand\\\/lucidpress-recensione\\\/#primaryimage\",\"url\":\"https:\\\/\\\/www.accuratereviews.com\\\/wp-content\\\/uploads\\\/2021\\\/07\\\/lucidpress-logo.png\",\"contentUrl\":\"https:\\\/\\\/www.accuratereviews.com\\\/wp-content\\\/uploads\\\/2021\\\/07\\\/lucidpress-logo.png\",\"width\":551,\"height\":551},{\"@type\":\"BreadcrumbList\",\"@id\":\"https:\\\/\\\/www.accuratereviews.com\\\/it\\\/software-gestione-brand\\\/lucidpress-recensione\\\/#breadcrumb\",\"itemListElement\":[{\"@type\":\"ListItem\",\"position\":1,\"name\":\"Home\",\"item\":\"https:\\\/\\\/www.accuratereviews.com\\\/it\\\/\"},{\"@type\":\"ListItem\",\"position\":2,\"name\":\"Software per la gestione dei brand\",\"item\":\"https:\\\/\\\/www.accuratereviews.com\\\/it\\\/software-gestione-brand\\\/\"},{\"@type\":\"ListItem\",\"position\":3,\"name\":\"Lucidpress\"}]},{\"@type\":\"WebSite\",\"@id\":\"https:\\\/\\\/www.accuratereviews.com\\\/it\\\/#website\",\"url\":\"https:\\\/\\\/www.accuratereviews.com\\\/it\\\/\",\"name\":\"Accurate Reviews\",\"description\":\"\",\"potentialAction\":[{\"@type\":\"SearchAction\",\"target\":{\"@type\":\"EntryPoint\",\"urlTemplate\":\"https:\\\/\\\/www.accuratereviews.com\\\/it\\\/?s={search_term_string}\"},\"query-input\":{\"@type\":\"PropertyValueSpecification\",\"valueRequired\":true,\"valueName\":\"search_term_string\"}}],\"inLanguage\":\"it-IT\"}]}<\/script>\n<!-- \/ Yoast SEO plugin. -->","yoast_head_json":{"title":"Lucidpress: recensione software gestione brand - Accurate Reviews","description":"Lucidpress: recensione del software per la gestione dei brand che ti permette di utilizzare e creare contenuti personalizzati su scala.","robots":{"index":"index","follow":"follow","max-snippet":"max-snippet:-1","max-image-preview":"max-image-preview:large","max-video-preview":"max-video-preview:-1"},"canonical":"https:\/\/www.accuratereviews.com\/it\/software-gestione-brand\/lucidpress-recensione\/","og_locale":"it_IT","og_type":"article","og_title":"Lucidpress: recensione software gestione brand - Accurate Reviews","og_description":"Lucidpress: recensione del software per la gestione dei brand che ti permette di utilizzare e creare contenuti personalizzati su scala.","og_url":"https:\/\/www.accuratereviews.com\/it\/software-gestione-brand\/lucidpress-recensione\/","og_site_name":"Accurate Reviews","og_image":[{"width":551,"height":551,"url":"https:\/\/www.accuratereviews.com\/wp-content\/uploads\/2021\/07\/lucidpress-logo.png","type":"image\/png"}],"twitter_card":"summary_large_image","twitter_misc":{"Tempo di lettura stimato":"3 minuti"},"schema":{"@context":"https:\/\/schema.org","@graph":[{"@type":"WebPage","@id":"https:\/\/www.accuratereviews.com\/it\/software-gestione-brand\/lucidpress-recensione\/","url":"https:\/\/www.accuratereviews.com\/it\/software-gestione-brand\/lucidpress-recensione\/","name":"Lucidpress: recensione software gestione brand - Accurate Reviews","isPartOf":{"@id":"https:\/\/www.accuratereviews.com\/it\/#website"},"primaryImageOfPage":{"@id":"https:\/\/www.accuratereviews.com\/it\/software-gestione-brand\/lucidpress-recensione\/#primaryimage"},"image":{"@id":"https:\/\/www.accuratereviews.com\/it\/software-gestione-brand\/lucidpress-recensione\/#primaryimage"},"thumbnailUrl":"https:\/\/www.accuratereviews.com\/wp-content\/uploads\/2021\/07\/lucidpress-logo.png","datePublished":"2021-07-02T10:35:29+00:00","description":"Lucidpress: recensione del software per la gestione dei brand che ti permette di utilizzare e creare contenuti personalizzati su scala.","breadcrumb":{"@id":"https:\/\/www.accuratereviews.com\/it\/software-gestione-brand\/lucidpress-recensione\/#breadcrumb"},"inLanguage":"it-IT","potentialAction":[{"@type":"ReadAction","target":["https:\/\/www.accuratereviews.com\/it\/software-gestione-brand\/lucidpress-recensione\/"]}]},{"@type":"ImageObject","inLanguage":"it-IT","@id":"https:\/\/www.accuratereviews.com\/it\/software-gestione-brand\/lucidpress-recensione\/#primaryimage","url":"https:\/\/www.accuratereviews.com\/wp-content\/uploads\/2021\/07\/lucidpress-logo.png","contentUrl":"https:\/\/www.accuratereviews.com\/wp-content\/uploads\/2021\/07\/lucidpress-logo.png","width":551,"height":551},{"@type":"BreadcrumbList","@id":"https:\/\/www.accuratereviews.com\/it\/software-gestione-brand\/lucidpress-recensione\/#breadcrumb","itemListElement":[{"@type":"ListItem","position":1,"name":"Home","item":"https:\/\/www.accuratereviews.com\/it\/"},{"@type":"ListItem","position":2,"name":"Software per la gestione dei brand","item":"https:\/\/www.accuratereviews.com\/it\/software-gestione-brand\/"},{"@type":"ListItem","position":3,"name":"Lucidpress"}]},{"@type":"WebSite","@id":"https:\/\/www.accuratereviews.com\/it\/#website","url":"https:\/\/www.accuratereviews.com\/it\/","name":"Accurate Reviews","description":"","potentialAction":[{"@type":"SearchAction","target":{"@type":"EntryPoint","urlTemplate":"https:\/\/www.accuratereviews.com\/it\/?s={search_term_string}"},"query-input":{"@type":"PropertyValueSpecification","valueRequired":true,"valueName":"search_term_string"}}],"inLanguage":"it-IT"}]}},"_links":{"self":[{"href":"https:\/\/www.accuratereviews.com\/it\/wp-json\/wp\/v2\/pages\/45001","targetHints":{"allow":["GET"]}}],"collection":[{"href":"https:\/\/www.accuratereviews.com\/it\/wp-json\/wp\/v2\/pages"}],"about":[{"href":"https:\/\/www.accuratereviews.com\/it\/wp-json\/wp\/v2\/types\/page"}],"author":[{"embeddable":true,"href":"https:\/\/www.accuratereviews.com\/it\/wp-json\/wp\/v2\/users\/17"}],"replies":[{"embeddable":true,"href":"https:\/\/www.accuratereviews.com\/it\/wp-json\/wp\/v2\/comments?post=45001"}],"version-history":[{"count":5,"href":"https:\/\/www.accuratereviews.com\/it\/wp-json\/wp\/v2\/pages\/45001\/revisions"}],"predecessor-version":[{"id":45043,"href":"https:\/\/www.accuratereviews.com\/it\/wp-json\/wp\/v2\/pages\/45001\/revisions\/45043"}],"up":[{"embeddable":true,"href":"https:\/\/www.accuratereviews.com\/it\/wp-json\/wp\/v2\/pages\/44787"}],"wp:featuredmedia":[{"embeddable":true,"href":"https:\/\/www.accuratereviews.com\/it\/wp-json\/wp\/v2\/media\/45002"}],"wp:attachment":[{"href":"https:\/\/www.accuratereviews.com\/it\/wp-json\/wp\/v2\/media?parent=45001"}],"wp:term":[{"taxonomy":"category","embeddable":true,"href":"https:\/\/www.accuratereviews.com\/it\/wp-json\/wp\/v2\/categories?post=45001"},{"taxonomy":"post_tag","embeddable":true,"href":"https:\/\/www.accuratereviews.com\/it\/wp-json\/wp\/v2\/tags?post=45001"},{"taxonomy":"features","embeddable":true,"href":"https:\/\/www.accuratereviews.com\/it\/wp-json\/wp\/v2\/features?post=45001"}],"curies":[{"name":"wp","href":"https:\/\/api.w.org\/{rel}","templated":true}]}}