{"id":45008,"date":"2021-07-02T10:43:13","date_gmt":"2021-07-02T10:43:13","guid":{"rendered":"https:\/\/www.accuratereviews.com\/?page_id=45008"},"modified":"2021-07-02T10:43:13","modified_gmt":"2021-07-02T10:43:13","slug":"photoshelter-for-brands-recensione","status":"publish","type":"page","link":"https:\/\/www.accuratereviews.com\/it\/software-gestione-brand\/photoshelter-for-brands-recensione\/","title":{"rendered":"PhotoShelter for Brands"},"content":{"rendered":"<p><strong>PhotoShelter for Brands<\/strong> \u00e8 un <strong>sistema di gestione delle risorse digitali (DAM)<\/strong> basato su <strong>cloud<\/strong> per le organizzazioni che richiedono soluzioni di archiviazione, gestione e distribuzione per librerie di immagini e video di tutte le dimensioni. La necessit\u00e0 in un&#8217;organizzazione \u00e8 spostare istantaneamente i file creativi dal punto A al punto B. Man mano che i media vengono caricati, il programma seleziona ed estrae automaticamente parole chiave, tag, descrizioni e metadati di licenza da ciascun file. Gli utenti, cos\u00ec come le terze parti, possono caricare migliaia di file in un solo giorno utilizzando il drag &amp; drop o l&#8217;uploader del sito web. \u00c8 possibile impostare ruoli utente personalizzati per fornire accesso e autorizzazioni appropriati a parti interessate, gruppi o individui. \u00c8 possibile aggiungere diverse integrazioni come Hootsuite, WordPress e Slack per semplificare ulteriormente il flusso di lavoro.<\/p>\n<h2>PHOTOSHELTER FOR BRANDS &#8211; TUTORIAL<\/h2>\n<p>Guardiamo come l&#8217;intellighenza artificiale di questo <strong>software di gestione dei brand<\/strong> pu\u00f2 aiutarti nel tuo lavoro:<\/p>\n<div id=\"fluid-wrapper-counter-1\" class=\"g1-fluid-wrapper \" style=\"width:686px;\">\n<div style=\"padding-bottom:56.268221574344%;\"><iframe loading=\"lazy\" title=\"Introducing PhotoShelter AI\" width=\"686\" height=\"386\" src=\"https:\/\/www.youtube.com\/embed\/0hMVTSuohQY?feature=oembed&amp;wmode=transparent&amp;autohide=1&amp;autoplay=0&amp;disablekb=0&amp;fs=1&amp;loop=0&amp;enablejsapi=1&amp;rel=0&amp;controls=2&amp;showinfo=0&amp;wmode=transparent&amp;autohide=2&amp;autoplay=0&amp;disablekb=0&amp;fs=1&amp;loop=0&amp;enablejsapi=1&amp;rel=0&amp;controls=2&amp;showinfo=1\" frameborder=\"0\" allow=\"accelerometer; autoplay; clipboard-write; encrypted-media; gyroscope; picture-in-picture\" allowfullscreen><\/iframe><\/div>\n<\/div>\n<h3>PHOTOSHELTER FOR BRANDS &#8211; CARATTERISTICHE<\/h3>\n<ul>\n<li>Raccoglie dati da tre diverse fonti &#8211; Google, Microsoft e Amazon &#8211; per fornire i metadati generali migliori e accurati per le immagini del tuo marchio<\/li>\n<li>Riconosce sponsor e marchi, con la capacit\u00e0 di fornire risorse rilevanti ai partner e alle parti interessate del tuo marchio in tempo reale<\/li>\n<li>Identifica, cerca e condividi le immagini delle figure importanti, degli influencer e dei membri della community della tua organizzazione pi\u00f9 veloce che mai<\/li>\n<li>Contrassegna parti di testo specifiche da un elenco predefinito di parole di alto valore<\/li>\n<li>Consente di creare smart tag pertinenti in base agli attributi unici del tuo marchio, team o settore<\/li>\n<li>Diminuire la probabilit\u00e0 di duplicazione dei contenuti<\/li>\n<li>Metti in evidenza le risorse all&#8217;interno dei singoli account per un uso organizzativo pi\u00f9 ampio e ottieni di pi\u00f9 da ogni contenuto<\/li>\n<li>Migliora l&#8217;archiviazione, l&#8217;accesso e la coerenza del flusso di lavoro in tutta l&#8217;organizzazione<\/li>\n<li>Prestazioni e affidabilit\u00e0 su larga scala, indipendentemente dalle dimensioni della tua organizzazione<\/li>\n<li>Crea una migliore coerenza del marchio e dei media visivi in \u200b\u200btutta la tua organizzazione<\/li>\n<li>Ottieni rapporti mensili ricchi di informazioni avanzate sul tuo account, inclusi i download pi\u00f9 frequenti, i risultati della ricerca per parole chiave, gli utenti pi\u00f9 coinvolti e altro ancora<\/li>\n<li>Lascia che il nostro team migri, centralizzi e organizzi per te la libreria multimediale visiva della tua organizzazione.<\/li>\n<\/ul>\n<h4>LE RECENSIONI DEGLI UTENTI<\/h4>\n<p class=\"font-weight-bold mb-1 d-flex align-items-center\"><strong>Joe H.&#8221;DAM robusto con spazio per la crescita&#8221;<\/strong><\/p>\n<p><strong>Commenti: <\/strong>Siamo al secondo anno del nostro contratto e ci \u00e8 voluto un po &#8216;di tempo per iniziare a utilizzare il software. finora, \u00e8 stato di grande aiuto mentre lentamente trasferiamo tutti i nostri file da un vecchio server interno. Ora abbiamo l&#8217;opportunit\u00e0 di rivedere ogni cartella ed etichettarla in modo appropriato in modo da poter trovare le nostre risorse pi\u00f9 rapidamente in futuro.<\/p>\n<p><strong>Pro:<\/strong>\u00a0ha un eccellente sistema di autorizzazioni. Ogni raccolta e galleria pu\u00f2 essere impostata individualmente per essere accessibile in diversi modi, quindi ogni foto pu\u00f2 essere impostata per essere scaduta o rifiutata.<\/p>\n<p><strong>Contro: <\/strong>Esistono tre diversi tipi di utenti: Invitato, Collaboratori e Personale della biblioteca. Per il nostro piano ottieni un numero illimitato di utenti invitati, che hanno accesso solo al portale front-end e ci\u00f2 che decidi che ogni utente pu\u00f2 vedere, il che va bene. I collaboratori possono solo caricare file, che \u00e8 un tipo che non utilizziamo realmente. Ora l&#8217;ultimo tipo si chiama Staff della biblioteca e questi utenti sono quelli che detengono davvero il potere di modificare, nominare, taggare i file e impostare le autorizzazioni. Il problema \u00e8 che hai solo un numero limitato di account della Biblioteca e ogni posto aggiuntivo necessario \u00e8 un costo annuale esorbitante in aggiunta al costo del piano<\/p>\n<p class=\"font-weight-bold mb-1 d-flex align-items-center\"><strong>Ned A.&#8221;Fa il lavoro velocemente&#8221;<\/strong><\/p>\n<p><strong>Commenti: <\/strong>Sono arrivato a questo programma da un vecchio DAM che \u00e8 diventato molto costoso. Il programma funziona meglio sotto molti aspetti, come la capacit\u00e0 di fornire foto in qualsiasi parte del mondo. Ai miei clienti piace, ma alcuni di noi non si accorgono quando viene fornita una password perch\u00e9 \u00e8 in fondo.<\/p>\n<p><strong>Pro: <\/strong>Super facile caricare foto con parole chiave estratte automaticamente. Posso controllare chi ottiene quali file tramite password o diritti utente raggruppati. Posso inviare istantaneamente email ai destinatari con link e password. Anche se \u00e8 basato su cloud, \u00e8 abbastanza veloce. Il cliente pu\u00f2 scegliere la dimensione del file che desidera scaricare.<\/p>\n<p><strong>Contro: <\/strong>Impossibilit\u00e0 di cercare per &#8220;il nome del file inizia con&#8221;. La funzione di ricerca non \u00e8 intuitiva in quanto \u00e8 presente una sola casella per la ricerca di parole chiave e sono necessari operatori per cercare di affinare le ricerche. Vorrei essere in grado di ridimensionare la casella di visibilit\u00e0 e accesso. Gli utenti possono rimuovere i metadati durante il download.<\/p>\n<p class=\"font-weight-bold mb-1 d-flex align-items-center\"><strong>Jason P.&#8221;Il meglio che c&#8217;\u00e8 in questo momento&#8221;<\/strong><\/p>\n<p><strong>Commenti: <\/strong>La configurazione del nostro sito \u00e8 stata relativamente indolore e stiamo solo popolando la nostra libreria ora in modo da poter lanciare il nostro repository di immagini dell&#8217;organizzazione nel prossimo futuro.<\/p>\n<p><strong>Pro: <\/strong>Grande capacit\u00e0 di connettersi con i prodotti Adobe. Molte opzioni di etichettatura e organizzazione. Il front-end \u00e8 attraente e facile da usare per gli utenti.<\/p>\n<p><strong>Contro: <\/strong>L&#8217;impostazione delle autorizzazioni \u00e8 un po&#8217; criptica, soprattutto se la si utilizza come DAM e non come vetrina per un&#8217;attivit\u00e0 fotografica. Avere solo 2 postazioni in biblioteca incluse \u00e8 problematico quando si utilizza come app aziendale.<\/p>\n<p>&nbsp;<\/p>\n","protected":false},"excerpt":{"rendered":"<p>PhotoShelter for Brands \u00e8 un sistema di gestione delle risorse digitali (DAM) basato su cloud per le organizzazioni che richiedono soluzioni di archiviazione, gestione e distribuzione per librerie di immagini e video di tutte le dimensioni.\u00a0La necessit\u00e0 in un&#8217;organizzazione \u00e8 spostare istantaneamente i file creativi dal punto A al punto B.<\/p>\n","protected":false},"author":16,"featured_media":45014,"parent":44787,"menu_order":0,"comment_status":"open","ping_status":"closed","template":"g1_template_page_review_new.php","meta":{"_acf_changed":false,"cwp_meta_box_check":"Yes","cwp_rev_product_name":"","cwp_rev_product_image":"","wppr_links":[],"cwp_rev_price":"","wppr_options":[],"wppr_pros":[],"wppr_cons":[],"_monsterinsights_skip_tracking":false,"_monsterinsights_sitenote_active":false,"_monsterinsights_sitenote_note":"","_monsterinsights_sitenote_category":0,"footnotes":""},"categories":[10573],"tags":[10577,10648,10580,10645,10646,10575,10647,10582],"features":[],"class_list":{"0":"post-45008","1":"page","2":"type-page","3":"status-publish","4":"has-post-thumbnail","6":"category-software-gestione-brand-categoria","7":"tag-gestione-brand","8":"tag-photoshelter-for-brands","9":"tag-piattaforma-gestione-brand","10":"tag-programma-gestione-band","11":"tag-sistema-di-gestione-delle-risorse","12":"tag-software-gestione-brand","13":"tag-software-gestione-delle-risorse","14":"tag-soluzione-gestione-brand"},"wppr_data":{"cwp_meta_box_check":"Yes","cwp_rev_product_name":"","cwp_rev_product_image":"","cwp_image_link":"image","cwp_rev_price":"","wppr_rating":"0.00"},"acf":[],"yoast_head":"<!-- This site is optimized with the Yoast SEO plugin v27.4 - https:\/\/yoast.com\/product\/yoast-seo-wordpress\/ -->\n<title>PhotoShelter for Brands: recensione software gestione brand<\/title>\n<meta name=\"description\" content=\"PhotoShelter for Brands: recensione sistema di gestione delle risorse digitali (DAM) basato su cloud adatto per molte attivit\u00e0.\" \/>\n<meta name=\"robots\" content=\"index, follow, max-snippet:-1, max-image-preview:large, max-video-preview:-1\" \/>\n<link rel=\"canonical\" href=\"https:\/\/www.accuratereviews.com\/it\/software-gestione-brand\/photoshelter-for-brands-recensione\/\" \/>\n<meta property=\"og:locale\" content=\"it_IT\" \/>\n<meta property=\"og:type\" content=\"article\" \/>\n<meta property=\"og:title\" content=\"PhotoShelter for Brands: recensione software gestione brand\" \/>\n<meta property=\"og:description\" content=\"PhotoShelter for Brands: recensione sistema di gestione delle risorse digitali (DAM) basato su cloud adatto per molte attivit\u00e0.\" \/>\n<meta property=\"og:url\" content=\"https:\/\/www.accuratereviews.com\/it\/software-gestione-brand\/photoshelter-for-brands-recensione\/\" \/>\n<meta property=\"og:site_name\" content=\"Accurate Reviews\" \/>\n<meta property=\"og:image\" content=\"https:\/\/www.accuratereviews.com\/wp-content\/uploads\/2021\/07\/PhotoShelter-for-Brands2.png\" \/>\n\t<meta property=\"og:image:width\" content=\"1200\" \/>\n\t<meta property=\"og:image:height\" content=\"800\" \/>\n\t<meta property=\"og:image:type\" content=\"image\/png\" \/>\n<meta name=\"twitter:card\" content=\"summary_large_image\" \/>\n<meta name=\"twitter:label1\" content=\"Tempo di lettura stimato\" \/>\n\t<meta name=\"twitter:data1\" content=\"4 minuti\" \/>\n<script type=\"application\/ld+json\" class=\"yoast-schema-graph\">{\"@context\":\"https:\\\/\\\/schema.org\",\"@graph\":[{\"@type\":\"WebPage\",\"@id\":\"https:\\\/\\\/www.accuratereviews.com\\\/it\\\/software-gestione-brand\\\/photoshelter-for-brands-recensione\\\/\",\"url\":\"https:\\\/\\\/www.accuratereviews.com\\\/it\\\/software-gestione-brand\\\/photoshelter-for-brands-recensione\\\/\",\"name\":\"PhotoShelter for Brands: recensione software gestione brand\",\"isPartOf\":{\"@id\":\"https:\\\/\\\/www.accuratereviews.com\\\/it\\\/#website\"},\"primaryImageOfPage\":{\"@id\":\"https:\\\/\\\/www.accuratereviews.com\\\/it\\\/software-gestione-brand\\\/photoshelter-for-brands-recensione\\\/#primaryimage\"},\"image\":{\"@id\":\"https:\\\/\\\/www.accuratereviews.com\\\/it\\\/software-gestione-brand\\\/photoshelter-for-brands-recensione\\\/#primaryimage\"},\"thumbnailUrl\":\"https:\\\/\\\/www.accuratereviews.com\\\/wp-content\\\/uploads\\\/2021\\\/07\\\/PhotoShelter-for-Brands2.png\",\"datePublished\":\"2021-07-02T10:43:13+00:00\",\"description\":\"PhotoShelter for Brands: recensione sistema di gestione delle risorse digitali (DAM) basato su cloud adatto per molte attivit\u00e0.\",\"breadcrumb\":{\"@id\":\"https:\\\/\\\/www.accuratereviews.com\\\/it\\\/software-gestione-brand\\\/photoshelter-for-brands-recensione\\\/#breadcrumb\"},\"inLanguage\":\"it-IT\",\"potentialAction\":[{\"@type\":\"ReadAction\",\"target\":[\"https:\\\/\\\/www.accuratereviews.com\\\/it\\\/software-gestione-brand\\\/photoshelter-for-brands-recensione\\\/\"]}]},{\"@type\":\"ImageObject\",\"inLanguage\":\"it-IT\",\"@id\":\"https:\\\/\\\/www.accuratereviews.com\\\/it\\\/software-gestione-brand\\\/photoshelter-for-brands-recensione\\\/#primaryimage\",\"url\":\"https:\\\/\\\/www.accuratereviews.com\\\/wp-content\\\/uploads\\\/2021\\\/07\\\/PhotoShelter-for-Brands2.png\",\"contentUrl\":\"https:\\\/\\\/www.accuratereviews.com\\\/wp-content\\\/uploads\\\/2021\\\/07\\\/PhotoShelter-for-Brands2.png\",\"width\":1200,\"height\":800},{\"@type\":\"BreadcrumbList\",\"@id\":\"https:\\\/\\\/www.accuratereviews.com\\\/it\\\/software-gestione-brand\\\/photoshelter-for-brands-recensione\\\/#breadcrumb\",\"itemListElement\":[{\"@type\":\"ListItem\",\"position\":1,\"name\":\"Home\",\"item\":\"https:\\\/\\\/www.accuratereviews.com\\\/it\\\/\"},{\"@type\":\"ListItem\",\"position\":2,\"name\":\"Software per la gestione dei brand\",\"item\":\"https:\\\/\\\/www.accuratereviews.com\\\/it\\\/software-gestione-brand\\\/\"},{\"@type\":\"ListItem\",\"position\":3,\"name\":\"PhotoShelter for Brands\"}]},{\"@type\":\"WebSite\",\"@id\":\"https:\\\/\\\/www.accuratereviews.com\\\/it\\\/#website\",\"url\":\"https:\\\/\\\/www.accuratereviews.com\\\/it\\\/\",\"name\":\"Accurate Reviews\",\"description\":\"\",\"potentialAction\":[{\"@type\":\"SearchAction\",\"target\":{\"@type\":\"EntryPoint\",\"urlTemplate\":\"https:\\\/\\\/www.accuratereviews.com\\\/it\\\/?s={search_term_string}\"},\"query-input\":{\"@type\":\"PropertyValueSpecification\",\"valueRequired\":true,\"valueName\":\"search_term_string\"}}],\"inLanguage\":\"it-IT\"}]}<\/script>\n<!-- \/ Yoast SEO plugin. -->","yoast_head_json":{"title":"PhotoShelter for Brands: recensione software gestione brand","description":"PhotoShelter for Brands: recensione sistema di gestione delle risorse digitali (DAM) basato su cloud adatto per molte attivit\u00e0.","robots":{"index":"index","follow":"follow","max-snippet":"max-snippet:-1","max-image-preview":"max-image-preview:large","max-video-preview":"max-video-preview:-1"},"canonical":"https:\/\/www.accuratereviews.com\/it\/software-gestione-brand\/photoshelter-for-brands-recensione\/","og_locale":"it_IT","og_type":"article","og_title":"PhotoShelter for Brands: recensione software gestione brand","og_description":"PhotoShelter for Brands: recensione sistema di gestione delle risorse digitali (DAM) basato su cloud adatto per molte attivit\u00e0.","og_url":"https:\/\/www.accuratereviews.com\/it\/software-gestione-brand\/photoshelter-for-brands-recensione\/","og_site_name":"Accurate Reviews","og_image":[{"width":1200,"height":800,"url":"https:\/\/www.accuratereviews.com\/wp-content\/uploads\/2021\/07\/PhotoShelter-for-Brands2.png","type":"image\/png"}],"twitter_card":"summary_large_image","twitter_misc":{"Tempo di lettura stimato":"4 minuti"},"schema":{"@context":"https:\/\/schema.org","@graph":[{"@type":"WebPage","@id":"https:\/\/www.accuratereviews.com\/it\/software-gestione-brand\/photoshelter-for-brands-recensione\/","url":"https:\/\/www.accuratereviews.com\/it\/software-gestione-brand\/photoshelter-for-brands-recensione\/","name":"PhotoShelter for Brands: recensione software gestione brand","isPartOf":{"@id":"https:\/\/www.accuratereviews.com\/it\/#website"},"primaryImageOfPage":{"@id":"https:\/\/www.accuratereviews.com\/it\/software-gestione-brand\/photoshelter-for-brands-recensione\/#primaryimage"},"image":{"@id":"https:\/\/www.accuratereviews.com\/it\/software-gestione-brand\/photoshelter-for-brands-recensione\/#primaryimage"},"thumbnailUrl":"https:\/\/www.accuratereviews.com\/wp-content\/uploads\/2021\/07\/PhotoShelter-for-Brands2.png","datePublished":"2021-07-02T10:43:13+00:00","description":"PhotoShelter for Brands: recensione sistema di gestione delle risorse digitali (DAM) basato su cloud adatto per molte attivit\u00e0.","breadcrumb":{"@id":"https:\/\/www.accuratereviews.com\/it\/software-gestione-brand\/photoshelter-for-brands-recensione\/#breadcrumb"},"inLanguage":"it-IT","potentialAction":[{"@type":"ReadAction","target":["https:\/\/www.accuratereviews.com\/it\/software-gestione-brand\/photoshelter-for-brands-recensione\/"]}]},{"@type":"ImageObject","inLanguage":"it-IT","@id":"https:\/\/www.accuratereviews.com\/it\/software-gestione-brand\/photoshelter-for-brands-recensione\/#primaryimage","url":"https:\/\/www.accuratereviews.com\/wp-content\/uploads\/2021\/07\/PhotoShelter-for-Brands2.png","contentUrl":"https:\/\/www.accuratereviews.com\/wp-content\/uploads\/2021\/07\/PhotoShelter-for-Brands2.png","width":1200,"height":800},{"@type":"BreadcrumbList","@id":"https:\/\/www.accuratereviews.com\/it\/software-gestione-brand\/photoshelter-for-brands-recensione\/#breadcrumb","itemListElement":[{"@type":"ListItem","position":1,"name":"Home","item":"https:\/\/www.accuratereviews.com\/it\/"},{"@type":"ListItem","position":2,"name":"Software per la gestione dei brand","item":"https:\/\/www.accuratereviews.com\/it\/software-gestione-brand\/"},{"@type":"ListItem","position":3,"name":"PhotoShelter for Brands"}]},{"@type":"WebSite","@id":"https:\/\/www.accuratereviews.com\/it\/#website","url":"https:\/\/www.accuratereviews.com\/it\/","name":"Accurate Reviews","description":"","potentialAction":[{"@type":"SearchAction","target":{"@type":"EntryPoint","urlTemplate":"https:\/\/www.accuratereviews.com\/it\/?s={search_term_string}"},"query-input":{"@type":"PropertyValueSpecification","valueRequired":true,"valueName":"search_term_string"}}],"inLanguage":"it-IT"}]}},"_links":{"self":[{"href":"https:\/\/www.accuratereviews.com\/it\/wp-json\/wp\/v2\/pages\/45008","targetHints":{"allow":["GET"]}}],"collection":[{"href":"https:\/\/www.accuratereviews.com\/it\/wp-json\/wp\/v2\/pages"}],"about":[{"href":"https:\/\/www.accuratereviews.com\/it\/wp-json\/wp\/v2\/types\/page"}],"author":[{"embeddable":true,"href":"https:\/\/www.accuratereviews.com\/it\/wp-json\/wp\/v2\/users\/16"}],"replies":[{"embeddable":true,"href":"https:\/\/www.accuratereviews.com\/it\/wp-json\/wp\/v2\/comments?post=45008"}],"version-history":[{"count":9,"href":"https:\/\/www.accuratereviews.com\/it\/wp-json\/wp\/v2\/pages\/45008\/revisions"}],"predecessor-version":[{"id":45048,"href":"https:\/\/www.accuratereviews.com\/it\/wp-json\/wp\/v2\/pages\/45008\/revisions\/45048"}],"up":[{"embeddable":true,"href":"https:\/\/www.accuratereviews.com\/it\/wp-json\/wp\/v2\/pages\/44787"}],"wp:featuredmedia":[{"embeddable":true,"href":"https:\/\/www.accuratereviews.com\/it\/wp-json\/wp\/v2\/media\/45014"}],"wp:attachment":[{"href":"https:\/\/www.accuratereviews.com\/it\/wp-json\/wp\/v2\/media?parent=45008"}],"wp:term":[{"taxonomy":"category","embeddable":true,"href":"https:\/\/www.accuratereviews.com\/it\/wp-json\/wp\/v2\/categories?post=45008"},{"taxonomy":"post_tag","embeddable":true,"href":"https:\/\/www.accuratereviews.com\/it\/wp-json\/wp\/v2\/tags?post=45008"},{"taxonomy":"features","embeddable":true,"href":"https:\/\/www.accuratereviews.com\/it\/wp-json\/wp\/v2\/features?post=45008"}],"curies":[{"name":"wp","href":"https:\/\/api.w.org\/{rel}","templated":true}]}}