{"id":45020,"date":"2021-07-02T10:40:11","date_gmt":"2021-07-02T10:40:11","guid":{"rendered":"https:\/\/www.accuratereviews.com\/?page_id=45020"},"modified":"2021-07-02T10:40:11","modified_gmt":"2021-07-02T10:40:11","slug":"grade-us-recensione","status":"publish","type":"page","link":"https:\/\/www.accuratereviews.com\/it\/software-gestione-brand\/grade-us-recensione\/","title":{"rendered":"Grade.us"},"content":{"rendered":"<p><strong>Grade.us<\/strong> \u00e8 una <strong>piattaforma di gestione delle recensioni<\/strong> potente ed efficace che consente alle aziende di creare un processo di canalizzazione delle recensioni facile ed efficiente. Il sistema automatizza varie attivit\u00e0, tra cui interagire, richiedere e guidare i clienti attraverso revisioni complete. Il software aiuta inoltre le aziende a trovare esperienze positive per i clienti, fornendo loro una piattaforma per coinvolgere gli utenti insoddisfatti e affrontare le loro preoccupazioni e problemi molto prima che sfoghino le loro frustrazioni e delusioni online. In poche parole, <strong>Grade.us<\/strong> aiuta le aziende a raccogliere e diffondere recensioni positive da clienti reali per promuovere meglio i tuoi prodotti e servizi e incrementare i profitti.<\/p>\n<h2>GRADE.US &#8211; TUTORIAL<\/h2>\n<p>Ecco un breve vedi con sottotitoli in italiano che illustra la demo di questo<strong> software di gestione dei brand<\/strong>:<\/p>\n<div id=\"fluid-wrapper-counter-1\" class=\"g1-fluid-wrapper \" style=\"width:686px;\">\n<div style=\"padding-bottom:56.268221574344%;\"><iframe loading=\"lazy\" title=\"Grade.us Short Demo\" width=\"686\" height=\"386\" src=\"https:\/\/www.youtube.com\/embed\/aIXSzWV8l00?feature=oembed&amp;wmode=transparent&amp;autohide=1&amp;autoplay=0&amp;disablekb=0&amp;fs=1&amp;loop=0&amp;enablejsapi=1&amp;rel=0&amp;controls=2&amp;showinfo=0&amp;wmode=transparent&amp;autohide=2&amp;autoplay=0&amp;disablekb=0&amp;fs=1&amp;loop=0&amp;enablejsapi=1&amp;rel=0&amp;controls=2&amp;showinfo=1\" frameborder=\"0\" allow=\"accelerometer; autoplay; clipboard-write; encrypted-media; gyroscope; picture-in-picture\" allowfullscreen><\/iframe><\/div>\n<\/div>\n<h3>GRADE.US &#8211; CARATTERISTICHE<\/h3>\n<ul>\n<li>Inizia a generare recensioni, monitorare la tua reputazione e mostrare la tua credibilit\u00e0 a prova di social<\/li>\n<li>Automatizza il processo di richiesta di una revisione<\/li>\n<li>Rendi il pi\u00f9 semplice possibile per i tuoi clienti lasciare una recensione fornendo link ai tuoi siti di recensioni preferiti fornendo scelte<\/li>\n<li>Rimuovi qualsiasi attrito semplificando la canalizzazione di revisione con un processo di clic minimo semplificato<\/li>\n<li>Fornisci ai dipendenti un modulo personalizzato per raccogliere indirizzi email e numeri di telefono dei clienti individualmente o in blocco per l&#8217;attivazione di campagne email e sms<\/li>\n<li>Campi personalizzabili per tag personalizzati<\/li>\n<li>Usa i messaggi di testo per richiedere recensioni dai tuoi clienti e guidali verso la scrittura di una recensione, direttamente dal loro telefono<\/li>\n<li>Aggiungi immagini alle tue campagne di richiesta di revisione sms<\/li>\n<li>Aiuta il tuo team di supporto con un centro di comando centralizzato per la gestione delle recensioni che ti consente di filtrare, impostare i livelli di stato per l&#8217;azione del tuo team e lasciare note per il follow-up appropriato.<\/li>\n<li>Ottieni recensioni su Google, Facebook e su oltre 100 siti di recensioni specifici del settore con campagne di richiesta di revisione tramite email e testo<\/li>\n<li>Monitora le recensioni e rispondi ad esse su oltre 100 siti dedicati. Assicurati che il tuo team sia a conoscenza delle recensioni con le notifiche email giornaliere<\/li>\n<li>Trasmetti in streaming automaticamente le tue migliori recensioni con un widget sul tuo sito web e condividile sui social media<\/li>\n<li>Pianifica rapporti sulle prestazioni delle revisioni in modo da poter dimostrare chiaramente il miglioramento della tua reputazione a tutti i membri della tua azienda.<\/li>\n<\/ul>\n<h4>LE RECENSIONI DEGLI UTENTI<\/h4>\n<p><strong>Johon D.&#8221;Risparmia tempo e fa affari&#8221;<\/strong><\/p>\n<p><strong>Commenti: <\/strong>Cos\u00ec intelligente, cos\u00ec intuitivo, cos\u00ec geniale. \u00c8 fantastico e utile!<\/p>\n<p><strong>Pro: <\/strong>Una caratteristica piuttosto geniale \u00e8 la capacit\u00e0 di Grade.us di raccogliere recensioni da tutti i diversi siti di valutazione in un unico posto.<\/p>\n<p><strong>Contro<\/strong><strong>: <\/strong>Vorrei che ci fosse un livello gratuito offerto, ma non c&#8217;\u00e8. \u00c8 un ottimo strumento, quindi sono felice di pagare.<\/p>\n<p class=\"font-weight-bold mb-1 d-flex align-items-center\"><strong>Roger M.&#8221;Grande risorsa per le agenzie impegnate ad aiutare le piccole imprese con visibilit\u00e0 online&#8221;<\/strong><\/p>\n<p><strong>Commenti: <\/strong>Grade.us \u00e8 la spina dorsale della nostra offerta di prodotti per la visibilit\u00e0 online. Facciamo cose diverse dall&#8217;aiutare i clienti a sollecitare le recensioni, ma G.US ci fa apparire belli con un prodotto pulito con etichetta bianca.<\/p>\n<p><strong>Pro: <\/strong>Ha molte qualit\u00e0 intuitive che aiutano l&#8217;uso a raggiungere l&#8217;obiettivo di ottenere recensioni positive pubblicate online. Il supporto \u00e8 sempre eccellente. Il prezzo \u00e8 progettato per consentire alle agenzie di realizzare un profitto con una modesta quantit\u00e0 di attenzione necessaria. Ho usato altri prodotti. Il team che lo ha messo insieme si preoccupa davvero di farlo bene.<\/p>\n<p><strong>Contro: <\/strong>La curva di apprendimento \u00e8 stata un po&#8217; pi\u00f9 ripida di quanto speravo. La dashboard richiede la memorizzazione di dove e cosa fanno le schede piuttosto che essere ovviamente intuitiva. Il prodotto funziona, ma devi lavorare per imparare il layout.<\/p>\n<p class=\"font-weight-bold mb-1 d-flex align-items-center\"><strong>Marc C.&#8221;Molto buono per alcuni ma non tutti i tipi di clienti e le regioni geografiche&#8221;<\/strong><\/p>\n<p><strong>Commenti: <\/strong>Le persone sono tutte molto amichevoli e fanno del loro meglio per aiutare. Vorrei solo che avessero avuto pi\u00f9 supporto per i clienti in fusi orari diversi. I miei clienti tendono a volere soluzioni molto velocemente e questo era un problema. Quando mi sono registrato, il prezzo era la met\u00e0 di quello che \u00e8 ora, quindi era accettabile. Ma poi i tassi di cambio hanno avuto un impatto sul mio costo locale e anche quando \u00e8 stata fornita una tariffa scontata per rimanere a bordo, \u00e8 stato comunque un enorme salto di costo e non uno che potevo trasferire facilmente ai miei clienti. Cos\u00ec ora sono andato altrove.<\/p>\n<p><strong>Pro: <\/strong>Infrastrutture robuste. Il tempo di attivit\u00e0 \u00e8 molto buono e fa quello che dice di fare.<\/p>\n<p><strong>Contro: <\/strong>Piuttosto costoso, soprattutto se devi tenere conto dei tassi di cambio.\u00a0Il supporto \u00e8 limitato agli orari della sede centrale, quindi non \u00e8 l&#8217;ideale per le persone in altre regioni del mondo.\u00a0Piuttosto inflessibile in termini di configurazione, il che rende difficile l&#8217;etichettatura bianca cos\u00ec come alcuni degli altri che ho visto.<\/p>\n","protected":false},"excerpt":{"rendered":"<p>Grade.us \u00e8 una piattaforma di gestione delle recensioni potente ed efficace che consente alle aziende di creare un processo di canalizzazione delle recensioni facile ed efficiente. Il sistema automatizza varie attivit\u00e0, tra cui interagire, richiedere e guidare i clienti attraverso revisioni complete.<\/p>\n","protected":false},"author":16,"featured_media":45022,"parent":44787,"menu_order":0,"comment_status":"open","ping_status":"closed","template":"g1_template_page_review_new.php","meta":{"_acf_changed":false,"cwp_meta_box_check":"Yes","cwp_rev_product_name":"","cwp_rev_product_image":"","wppr_links":[],"cwp_rev_price":"","wppr_options":[],"wppr_pros":[],"wppr_cons":[],"_monsterinsights_skip_tracking":false,"_monsterinsights_sitenote_active":false,"_monsterinsights_sitenote_note":"","_monsterinsights_sitenote_category":0,"footnotes":""},"categories":[10573],"tags":[5350,10577,10642,10580,10579,10575,10582],"features":[],"class_list":{"0":"post-45020","1":"page","2":"type-page","3":"status-publish","4":"has-post-thumbnail","6":"category-software-gestione-brand-categoria","7":"tag-clous","8":"tag-gestione-brand","9":"tag-grade-us","10":"tag-piattaforma-gestione-brand","11":"tag-programma-gestione-brand","12":"tag-software-gestione-brand","13":"tag-soluzione-gestione-brand"},"wppr_data":{"cwp_meta_box_check":"Yes","cwp_rev_product_name":"","cwp_rev_product_image":"","cwp_image_link":"image","cwp_rev_price":"","wppr_rating":"0.00"},"acf":[],"yoast_head":"<!-- This site is optimized with the Yoast SEO plugin v27.4 - https:\/\/yoast.com\/product\/yoast-seo-wordpress\/ -->\n<title>Grade.us: recensione software gestione brand - Accurate Reviews<\/title>\n<meta name=\"description\" content=\"Grade.us: recensione piattaforma di gestione del brand potente che consente di creare un processo di canalizzazione delle recensioni.\" \/>\n<meta name=\"robots\" content=\"index, follow, max-snippet:-1, max-image-preview:large, max-video-preview:-1\" \/>\n<link rel=\"canonical\" href=\"https:\/\/www.accuratereviews.com\/it\/software-gestione-brand\/grade-us-recensione\/\" \/>\n<meta property=\"og:locale\" content=\"it_IT\" \/>\n<meta property=\"og:type\" content=\"article\" \/>\n<meta property=\"og:title\" content=\"Grade.us: recensione software gestione brand - Accurate Reviews\" \/>\n<meta property=\"og:description\" content=\"Grade.us: recensione piattaforma di gestione del brand potente che consente di creare un processo di canalizzazione delle recensioni.\" \/>\n<meta property=\"og:url\" content=\"https:\/\/www.accuratereviews.com\/it\/software-gestione-brand\/grade-us-recensione\/\" \/>\n<meta property=\"og:site_name\" content=\"Accurate Reviews\" \/>\n<meta property=\"og:image\" content=\"https:\/\/www.accuratereviews.com\/wp-content\/uploads\/2021\/07\/grade-us.png\" \/>\n\t<meta property=\"og:image:width\" content=\"600\" \/>\n\t<meta property=\"og:image:height\" content=\"315\" \/>\n\t<meta property=\"og:image:type\" content=\"image\/png\" \/>\n<meta name=\"twitter:card\" content=\"summary_large_image\" \/>\n<meta name=\"twitter:label1\" content=\"Tempo di lettura stimato\" \/>\n\t<meta name=\"twitter:data1\" content=\"4 minuti\" \/>\n<script type=\"application\/ld+json\" class=\"yoast-schema-graph\">{\"@context\":\"https:\\\/\\\/schema.org\",\"@graph\":[{\"@type\":\"WebPage\",\"@id\":\"https:\\\/\\\/www.accuratereviews.com\\\/it\\\/software-gestione-brand\\\/grade-us-recensione\\\/\",\"url\":\"https:\\\/\\\/www.accuratereviews.com\\\/it\\\/software-gestione-brand\\\/grade-us-recensione\\\/\",\"name\":\"Grade.us: recensione software gestione brand - Accurate Reviews\",\"isPartOf\":{\"@id\":\"https:\\\/\\\/www.accuratereviews.com\\\/it\\\/#website\"},\"primaryImageOfPage\":{\"@id\":\"https:\\\/\\\/www.accuratereviews.com\\\/it\\\/software-gestione-brand\\\/grade-us-recensione\\\/#primaryimage\"},\"image\":{\"@id\":\"https:\\\/\\\/www.accuratereviews.com\\\/it\\\/software-gestione-brand\\\/grade-us-recensione\\\/#primaryimage\"},\"thumbnailUrl\":\"https:\\\/\\\/www.accuratereviews.com\\\/wp-content\\\/uploads\\\/2021\\\/07\\\/grade-us.png\",\"datePublished\":\"2021-07-02T10:40:11+00:00\",\"description\":\"Grade.us: recensione piattaforma di gestione del brand potente che consente di creare un processo di canalizzazione delle recensioni.\",\"breadcrumb\":{\"@id\":\"https:\\\/\\\/www.accuratereviews.com\\\/it\\\/software-gestione-brand\\\/grade-us-recensione\\\/#breadcrumb\"},\"inLanguage\":\"it-IT\",\"potentialAction\":[{\"@type\":\"ReadAction\",\"target\":[\"https:\\\/\\\/www.accuratereviews.com\\\/it\\\/software-gestione-brand\\\/grade-us-recensione\\\/\"]}]},{\"@type\":\"ImageObject\",\"inLanguage\":\"it-IT\",\"@id\":\"https:\\\/\\\/www.accuratereviews.com\\\/it\\\/software-gestione-brand\\\/grade-us-recensione\\\/#primaryimage\",\"url\":\"https:\\\/\\\/www.accuratereviews.com\\\/wp-content\\\/uploads\\\/2021\\\/07\\\/grade-us.png\",\"contentUrl\":\"https:\\\/\\\/www.accuratereviews.com\\\/wp-content\\\/uploads\\\/2021\\\/07\\\/grade-us.png\",\"width\":600,\"height\":315},{\"@type\":\"BreadcrumbList\",\"@id\":\"https:\\\/\\\/www.accuratereviews.com\\\/it\\\/software-gestione-brand\\\/grade-us-recensione\\\/#breadcrumb\",\"itemListElement\":[{\"@type\":\"ListItem\",\"position\":1,\"name\":\"Home\",\"item\":\"https:\\\/\\\/www.accuratereviews.com\\\/it\\\/\"},{\"@type\":\"ListItem\",\"position\":2,\"name\":\"Software per la gestione dei brand\",\"item\":\"https:\\\/\\\/www.accuratereviews.com\\\/it\\\/software-gestione-brand\\\/\"},{\"@type\":\"ListItem\",\"position\":3,\"name\":\"Grade.us\"}]},{\"@type\":\"WebSite\",\"@id\":\"https:\\\/\\\/www.accuratereviews.com\\\/it\\\/#website\",\"url\":\"https:\\\/\\\/www.accuratereviews.com\\\/it\\\/\",\"name\":\"Accurate Reviews\",\"description\":\"\",\"potentialAction\":[{\"@type\":\"SearchAction\",\"target\":{\"@type\":\"EntryPoint\",\"urlTemplate\":\"https:\\\/\\\/www.accuratereviews.com\\\/it\\\/?s={search_term_string}\"},\"query-input\":{\"@type\":\"PropertyValueSpecification\",\"valueRequired\":true,\"valueName\":\"search_term_string\"}}],\"inLanguage\":\"it-IT\"}]}<\/script>\n<!-- \/ Yoast SEO plugin. -->","yoast_head_json":{"title":"Grade.us: recensione software gestione brand - Accurate Reviews","description":"Grade.us: recensione piattaforma di gestione del brand potente che consente di creare un processo di canalizzazione delle recensioni.","robots":{"index":"index","follow":"follow","max-snippet":"max-snippet:-1","max-image-preview":"max-image-preview:large","max-video-preview":"max-video-preview:-1"},"canonical":"https:\/\/www.accuratereviews.com\/it\/software-gestione-brand\/grade-us-recensione\/","og_locale":"it_IT","og_type":"article","og_title":"Grade.us: recensione software gestione brand - Accurate Reviews","og_description":"Grade.us: recensione piattaforma di gestione del brand potente che consente di creare un processo di canalizzazione delle recensioni.","og_url":"https:\/\/www.accuratereviews.com\/it\/software-gestione-brand\/grade-us-recensione\/","og_site_name":"Accurate Reviews","og_image":[{"width":600,"height":315,"url":"https:\/\/www.accuratereviews.com\/wp-content\/uploads\/2021\/07\/grade-us.png","type":"image\/png"}],"twitter_card":"summary_large_image","twitter_misc":{"Tempo di lettura stimato":"4 minuti"},"schema":{"@context":"https:\/\/schema.org","@graph":[{"@type":"WebPage","@id":"https:\/\/www.accuratereviews.com\/it\/software-gestione-brand\/grade-us-recensione\/","url":"https:\/\/www.accuratereviews.com\/it\/software-gestione-brand\/grade-us-recensione\/","name":"Grade.us: recensione software gestione brand - Accurate Reviews","isPartOf":{"@id":"https:\/\/www.accuratereviews.com\/it\/#website"},"primaryImageOfPage":{"@id":"https:\/\/www.accuratereviews.com\/it\/software-gestione-brand\/grade-us-recensione\/#primaryimage"},"image":{"@id":"https:\/\/www.accuratereviews.com\/it\/software-gestione-brand\/grade-us-recensione\/#primaryimage"},"thumbnailUrl":"https:\/\/www.accuratereviews.com\/wp-content\/uploads\/2021\/07\/grade-us.png","datePublished":"2021-07-02T10:40:11+00:00","description":"Grade.us: recensione piattaforma di gestione del brand potente che consente di creare un processo di canalizzazione delle recensioni.","breadcrumb":{"@id":"https:\/\/www.accuratereviews.com\/it\/software-gestione-brand\/grade-us-recensione\/#breadcrumb"},"inLanguage":"it-IT","potentialAction":[{"@type":"ReadAction","target":["https:\/\/www.accuratereviews.com\/it\/software-gestione-brand\/grade-us-recensione\/"]}]},{"@type":"ImageObject","inLanguage":"it-IT","@id":"https:\/\/www.accuratereviews.com\/it\/software-gestione-brand\/grade-us-recensione\/#primaryimage","url":"https:\/\/www.accuratereviews.com\/wp-content\/uploads\/2021\/07\/grade-us.png","contentUrl":"https:\/\/www.accuratereviews.com\/wp-content\/uploads\/2021\/07\/grade-us.png","width":600,"height":315},{"@type":"BreadcrumbList","@id":"https:\/\/www.accuratereviews.com\/it\/software-gestione-brand\/grade-us-recensione\/#breadcrumb","itemListElement":[{"@type":"ListItem","position":1,"name":"Home","item":"https:\/\/www.accuratereviews.com\/it\/"},{"@type":"ListItem","position":2,"name":"Software per la gestione dei brand","item":"https:\/\/www.accuratereviews.com\/it\/software-gestione-brand\/"},{"@type":"ListItem","position":3,"name":"Grade.us"}]},{"@type":"WebSite","@id":"https:\/\/www.accuratereviews.com\/it\/#website","url":"https:\/\/www.accuratereviews.com\/it\/","name":"Accurate Reviews","description":"","potentialAction":[{"@type":"SearchAction","target":{"@type":"EntryPoint","urlTemplate":"https:\/\/www.accuratereviews.com\/it\/?s={search_term_string}"},"query-input":{"@type":"PropertyValueSpecification","valueRequired":true,"valueName":"search_term_string"}}],"inLanguage":"it-IT"}]}},"_links":{"self":[{"href":"https:\/\/www.accuratereviews.com\/it\/wp-json\/wp\/v2\/pages\/45020","targetHints":{"allow":["GET"]}}],"collection":[{"href":"https:\/\/www.accuratereviews.com\/it\/wp-json\/wp\/v2\/pages"}],"about":[{"href":"https:\/\/www.accuratereviews.com\/it\/wp-json\/wp\/v2\/types\/page"}],"author":[{"embeddable":true,"href":"https:\/\/www.accuratereviews.com\/it\/wp-json\/wp\/v2\/users\/16"}],"replies":[{"embeddable":true,"href":"https:\/\/www.accuratereviews.com\/it\/wp-json\/wp\/v2\/comments?post=45020"}],"version-history":[{"count":7,"href":"https:\/\/www.accuratereviews.com\/it\/wp-json\/wp\/v2\/pages\/45020\/revisions"}],"predecessor-version":[{"id":45046,"href":"https:\/\/www.accuratereviews.com\/it\/wp-json\/wp\/v2\/pages\/45020\/revisions\/45046"}],"up":[{"embeddable":true,"href":"https:\/\/www.accuratereviews.com\/it\/wp-json\/wp\/v2\/pages\/44787"}],"wp:featuredmedia":[{"embeddable":true,"href":"https:\/\/www.accuratereviews.com\/it\/wp-json\/wp\/v2\/media\/45022"}],"wp:attachment":[{"href":"https:\/\/www.accuratereviews.com\/it\/wp-json\/wp\/v2\/media?parent=45020"}],"wp:term":[{"taxonomy":"category","embeddable":true,"href":"https:\/\/www.accuratereviews.com\/it\/wp-json\/wp\/v2\/categories?post=45020"},{"taxonomy":"post_tag","embeddable":true,"href":"https:\/\/www.accuratereviews.com\/it\/wp-json\/wp\/v2\/tags?post=45020"},{"taxonomy":"features","embeddable":true,"href":"https:\/\/www.accuratereviews.com\/it\/wp-json\/wp\/v2\/features?post=45020"}],"curies":[{"name":"wp","href":"https:\/\/api.w.org\/{rel}","templated":true}]}}