{"id":45086,"date":"2021-07-05T11:03:49","date_gmt":"2021-07-05T11:03:49","guid":{"rendered":"https:\/\/www.accuratereviews.com\/?page_id=45086"},"modified":"2021-07-06T08:55:41","modified_gmt":"2021-07-06T08:55:41","slug":"falcon-io-recensione","status":"publish","type":"page","link":"https:\/\/www.accuratereviews.com\/it\/software-gestione-brand\/falcon-io-recensione\/","title":{"rendered":"Falcon.io"},"content":{"rendered":"<p><strong>Falcon.io<\/strong> \u00e8 un <strong>software per la gestione dei brand<\/strong> che qualsiasi social media marketer dovrebbe avere poich\u00e9 ti consente di diventare non solo un mago dei contenuti ma anche un fanatico dell&#8217;analisi, un eroe del cliente e soprattutto un guru della strategia. Offre infatti numerosi strumenti che riguardano la pianificazione e la pubblicazione dei contenuti, la gestione e il monitoraggio dei clienti e anche dei concorrenti e dei leader del settore.<br \/>\nScegliendo <strong>Falcon.io<\/strong>\u00a0risparmierai molto tempo riuscendo comunque nel tuo intento: costruire una strategia social vincente che dia maggiore visibilit\u00e0 al tuo <strong>brand<\/strong>.<\/p>\n<h2>FALCON.IO &#8211; TUTORIAL<\/h2>\n<p>Di seguito un video tutorial riguardante lo strumento Publish:<\/p>\n<div id=\"fluid-wrapper-counter-1\" class=\"g1-fluid-wrapper \" style=\"width:686px;\">\n<div style=\"padding-bottom:56.268221574344%;\"><iframe loading=\"lazy\" title=\"Falcon Social Publishing Overview\" width=\"686\" height=\"386\" src=\"https:\/\/www.youtube.com\/embed\/j1Vja7BroEE?feature=oembed&amp;wmode=transparent&amp;autohide=1&amp;autoplay=0&amp;disablekb=0&amp;fs=1&amp;loop=0&amp;enablejsapi=1&amp;rel=0&amp;controls=2&amp;showinfo=0&amp;wmode=transparent&amp;autohide=2&amp;autoplay=0&amp;disablekb=0&amp;fs=1&amp;loop=0&amp;enablejsapi=1&amp;rel=0&amp;controls=2&amp;showinfo=1\" frameborder=\"0\" allow=\"accelerometer; autoplay; clipboard-write; encrypted-media; gyroscope; picture-in-picture\" allowfullscreen><\/iframe><\/div>\n<\/div>\n<h3>FALCON.IO &#8211; CARATTERISTICHE<\/h3>\n<ul>\n<li><strong>Publish<\/strong>: \u00e8 lo strumento di pianificazione dei social media che ti consente di pianificare e pubblicare tutti i tuoi prossimi contenuti social da un unico calendario<\/li>\n<li><strong>Engage<\/strong>: ti consente di occuparti di tutto il tuo coinvolgimento sui social media in un&#8217;unica casella di posta facile da gestire e personalizzabile. Aumenta la fedelt\u00e0 dei clienti potenziando al tempo stesso la collaborazione del team<\/li>\n<li><strong>Advertise<\/strong>: con questo strumento, il tuo team pu\u00f2 risparmiare tempo semplificando la gestione degli annunci e i rapporti per tutti i tuoi canali e segmenti di pubblico<\/li>\n<li><strong>Listen<\/strong>: monitora i marchi su 100 milioni di fonti online. Con Listen \u2014 Powered by Brandwatch, puoi individuare le tendenze emergenti e trovare un significato nelle conversazioni che avvengono online<\/li>\n<li><strong>Audience<\/strong>: lasciati alle spalle il marketing frammentato. Le schede del profilo del pubblico ti offrono una comoda visione a 360\u00b0 dei tuoi clienti e potenziali clienti a livello individuale e aggregato<\/li>\n<li><strong>Measure<\/strong>: liberati dai fogli di calcolo. Measure rende l&#8217;analisi dei social media accessibile a tutti con report facili da creare e che fanno risparmiare tempo<\/li>\n<li><strong>Benchmark<\/strong>: non competi mai nel vuoto. Con Benchmark, puoi confrontare il tuo marchio con concorrenti e leader del settore per costruire una strategia social vincente.<\/li>\n<\/ul>\n<h4>LE RECENSIONI DEGLI UTENTI<\/h4>\n<p><strong>Janina V. &#8220;Efficiente strumento di gestione dei social media&#8221;<\/strong><br \/>\nPRO: usiamo regolarmente il pool di contenuti e le funzionalit\u00e0 del calendario all&#8217;interno dell&#8217;area di pubblicazione. Questo ci ha aiutato molto a collaborare con diversi paesi della nostra azienda quando si tratta di condividere contenuti e idee.<br \/>\nCONTRO: al momento siamo in attesa di alcuni miglioramenti nell&#8217;area &#8220;misura&#8221;. Al momento mancano alcune funzionalit\u00e0 come l&#8217;esportazione di metriche\/dashboard e anche alcuni dati per determinati canali.<\/p>\n<p><strong>Nicole G. &#8220;Un buon strumento nel complesso, ma potrebbe essere migliore&#8221;<\/strong><br \/>\nCommenti: L&#8217;esperienza complessiva \u00e8 stata buona, il processo di onboarding \u00e8 stato approfondito e l&#8217;assistenza clienti \u00e8 davvero utile<br \/>\nVantaggi: Offre tutte le funzionalit\u00e0 che cerchi in una suite completa di gestione dei social media che include report, ascolto, pubblicazione<br \/>\nInconvenienti: lo strumento di ascolto non raccoglie i commenti di Facebook e spesso sbaglia a raccogliere il sentimento.<\/p>\n<p><strong>Julia S. &#8220;Lo consiglio vivamente&#8221;<\/strong><br \/>\nCommenti: La mia esperienza complessiva con Falcon. io \u00e8 stato molto positivo. Vorrei solo avere pi\u00f9 tempo per usarlo al massimo delle sue potenzialit\u00e0!<br \/>\nVantaggi: Consente a una persona di gestire oltre 10 canali social diversi con diversi livelli di coinvolgimento. La funzione di reporting \u00e8 molto user-friendly. Il servizio clienti \u00e8 di facile accesso tramite la funzione di aiuto in caso di problemi.<br \/>\nInconvenienti: Costo. Considerando tutto il software open source gratuito disponibile, penso che il costo limiterebbe i tipi di aziende che potrebbero permetterselo.<\/p>\n","protected":false},"excerpt":{"rendered":"<p>Falcon.io \u00e8 un software per la gestione dei brand che qualsiasi social media marketer dovrebbe avere poich\u00e9 ti consente di diventare non solo un mago dei contenuti ma anche un fanatico dell&#8217;analisi, un eroe del cliente e soprattutto un guru della strategia. Infatti offre numerosi strumenti che riguardano la pianificazione e la pubblicazione dei contenuti, la gestione e il monitoraggio dei clienti e anche dei concorrenti e dei leader del settore.<\/p>\n","protected":false},"author":17,"featured_media":45087,"parent":44787,"menu_order":0,"comment_status":"open","ping_status":"closed","template":"g1_template_page_review_new.php","meta":{"_acf_changed":false,"cwp_meta_box_check":"No","cwp_rev_product_name":"","cwp_rev_product_image":"","wppr_links":[],"cwp_rev_price":"","wppr_options":[],"wppr_pros":[],"wppr_cons":[],"_monsterinsights_skip_tracking":false,"_monsterinsights_sitenote_active":false,"_monsterinsights_sitenote_note":"","_monsterinsights_sitenote_category":0,"footnotes":""},"categories":[10573],"tags":[10641,10577,10655,10600,10579,5612,10597,10582],"features":[],"class_list":{"0":"post-45086","1":"page","2":"type-page","3":"status-publish","4":"has-post-thumbnail","6":"category-software-gestione-brand-categoria","7":"tag-brand-it","8":"tag-gestione-brand","9":"tag-piattaforma-di-gestione-dei-social-media","10":"tag-piattaforma-gestionale-brand","11":"tag-programma-gestione-brand","12":"tag-social-media","13":"tag-software-gestionale-brand","14":"tag-soluzione-gestione-brand"},"wppr_data":{"cwp_meta_box_check":"No"},"acf":[],"yoast_head":"<!-- This site is optimized with the Yoast SEO plugin v27.4 - https:\/\/yoast.com\/product\/yoast-seo-wordpress\/ -->\n<title>Falcon.io: recensione software gestione brand - Accurate Reviews<\/title>\n<meta name=\"description\" content=\"Falcon.io: recensione del software per la gestione dei brand che qualsiasi social media marketer dovrebbe avere.\" \/>\n<meta name=\"robots\" content=\"index, follow, max-snippet:-1, max-image-preview:large, max-video-preview:-1\" \/>\n<link rel=\"canonical\" href=\"https:\/\/www.accuratereviews.com\/it\/software-gestione-brand\/falcon-io-recensione\/\" \/>\n<meta property=\"og:locale\" content=\"it_IT\" \/>\n<meta property=\"og:type\" content=\"article\" \/>\n<meta property=\"og:title\" content=\"Falcon.io: recensione software gestione brand - Accurate Reviews\" \/>\n<meta property=\"og:description\" content=\"Falcon.io: recensione del software per la gestione dei brand che qualsiasi social media marketer dovrebbe avere.\" \/>\n<meta property=\"og:url\" content=\"https:\/\/www.accuratereviews.com\/it\/software-gestione-brand\/falcon-io-recensione\/\" \/>\n<meta property=\"og:site_name\" content=\"Accurate Reviews\" \/>\n<meta property=\"article:modified_time\" content=\"2021-07-06T08:55:41+00:00\" \/>\n<meta property=\"og:image\" content=\"https:\/\/www.accuratereviews.com\/wp-content\/uploads\/2021\/07\/Logo_FalconIO.png\" \/>\n\t<meta property=\"og:image:width\" content=\"1437\" \/>\n\t<meta property=\"og:image:height\" content=\"286\" \/>\n\t<meta property=\"og:image:type\" content=\"image\/png\" \/>\n<meta name=\"twitter:card\" content=\"summary_large_image\" \/>\n<meta name=\"twitter:label1\" content=\"Tempo di lettura stimato\" \/>\n\t<meta name=\"twitter:data1\" content=\"3 minuti\" \/>\n<script type=\"application\/ld+json\" class=\"yoast-schema-graph\">{\"@context\":\"https:\\\/\\\/schema.org\",\"@graph\":[{\"@type\":\"WebPage\",\"@id\":\"https:\\\/\\\/www.accuratereviews.com\\\/it\\\/software-gestione-brand\\\/falcon-io-recensione\\\/\",\"url\":\"https:\\\/\\\/www.accuratereviews.com\\\/it\\\/software-gestione-brand\\\/falcon-io-recensione\\\/\",\"name\":\"Falcon.io: recensione software gestione brand - Accurate Reviews\",\"isPartOf\":{\"@id\":\"https:\\\/\\\/www.accuratereviews.com\\\/it\\\/#website\"},\"primaryImageOfPage\":{\"@id\":\"https:\\\/\\\/www.accuratereviews.com\\\/it\\\/software-gestione-brand\\\/falcon-io-recensione\\\/#primaryimage\"},\"image\":{\"@id\":\"https:\\\/\\\/www.accuratereviews.com\\\/it\\\/software-gestione-brand\\\/falcon-io-recensione\\\/#primaryimage\"},\"thumbnailUrl\":\"https:\\\/\\\/www.accuratereviews.com\\\/wp-content\\\/uploads\\\/2021\\\/07\\\/Logo_FalconIO.png\",\"datePublished\":\"2021-07-05T11:03:49+00:00\",\"dateModified\":\"2021-07-06T08:55:41+00:00\",\"description\":\"Falcon.io: recensione del software per la gestione dei brand che qualsiasi social media marketer dovrebbe avere.\",\"breadcrumb\":{\"@id\":\"https:\\\/\\\/www.accuratereviews.com\\\/it\\\/software-gestione-brand\\\/falcon-io-recensione\\\/#breadcrumb\"},\"inLanguage\":\"it-IT\",\"potentialAction\":[{\"@type\":\"ReadAction\",\"target\":[\"https:\\\/\\\/www.accuratereviews.com\\\/it\\\/software-gestione-brand\\\/falcon-io-recensione\\\/\"]}]},{\"@type\":\"ImageObject\",\"inLanguage\":\"it-IT\",\"@id\":\"https:\\\/\\\/www.accuratereviews.com\\\/it\\\/software-gestione-brand\\\/falcon-io-recensione\\\/#primaryimage\",\"url\":\"https:\\\/\\\/www.accuratereviews.com\\\/wp-content\\\/uploads\\\/2021\\\/07\\\/Logo_FalconIO.png\",\"contentUrl\":\"https:\\\/\\\/www.accuratereviews.com\\\/wp-content\\\/uploads\\\/2021\\\/07\\\/Logo_FalconIO.png\",\"width\":1437,\"height\":286},{\"@type\":\"BreadcrumbList\",\"@id\":\"https:\\\/\\\/www.accuratereviews.com\\\/it\\\/software-gestione-brand\\\/falcon-io-recensione\\\/#breadcrumb\",\"itemListElement\":[{\"@type\":\"ListItem\",\"position\":1,\"name\":\"Home\",\"item\":\"https:\\\/\\\/www.accuratereviews.com\\\/it\\\/\"},{\"@type\":\"ListItem\",\"position\":2,\"name\":\"Software per la gestione dei brand\",\"item\":\"https:\\\/\\\/www.accuratereviews.com\\\/it\\\/software-gestione-brand\\\/\"},{\"@type\":\"ListItem\",\"position\":3,\"name\":\"Falcon.io\"}]},{\"@type\":\"WebSite\",\"@id\":\"https:\\\/\\\/www.accuratereviews.com\\\/it\\\/#website\",\"url\":\"https:\\\/\\\/www.accuratereviews.com\\\/it\\\/\",\"name\":\"Accurate Reviews\",\"description\":\"\",\"potentialAction\":[{\"@type\":\"SearchAction\",\"target\":{\"@type\":\"EntryPoint\",\"urlTemplate\":\"https:\\\/\\\/www.accuratereviews.com\\\/it\\\/?s={search_term_string}\"},\"query-input\":{\"@type\":\"PropertyValueSpecification\",\"valueRequired\":true,\"valueName\":\"search_term_string\"}}],\"inLanguage\":\"it-IT\"}]}<\/script>\n<!-- \/ Yoast SEO plugin. -->","yoast_head_json":{"title":"Falcon.io: recensione software gestione brand - Accurate Reviews","description":"Falcon.io: recensione del software per la gestione dei brand che qualsiasi social media marketer dovrebbe avere.","robots":{"index":"index","follow":"follow","max-snippet":"max-snippet:-1","max-image-preview":"max-image-preview:large","max-video-preview":"max-video-preview:-1"},"canonical":"https:\/\/www.accuratereviews.com\/it\/software-gestione-brand\/falcon-io-recensione\/","og_locale":"it_IT","og_type":"article","og_title":"Falcon.io: recensione software gestione brand - Accurate Reviews","og_description":"Falcon.io: recensione del software per la gestione dei brand che qualsiasi social media marketer dovrebbe avere.","og_url":"https:\/\/www.accuratereviews.com\/it\/software-gestione-brand\/falcon-io-recensione\/","og_site_name":"Accurate Reviews","article_modified_time":"2021-07-06T08:55:41+00:00","og_image":[{"width":1437,"height":286,"url":"https:\/\/www.accuratereviews.com\/wp-content\/uploads\/2021\/07\/Logo_FalconIO.png","type":"image\/png"}],"twitter_card":"summary_large_image","twitter_misc":{"Tempo di lettura stimato":"3 minuti"},"schema":{"@context":"https:\/\/schema.org","@graph":[{"@type":"WebPage","@id":"https:\/\/www.accuratereviews.com\/it\/software-gestione-brand\/falcon-io-recensione\/","url":"https:\/\/www.accuratereviews.com\/it\/software-gestione-brand\/falcon-io-recensione\/","name":"Falcon.io: recensione software gestione brand - Accurate Reviews","isPartOf":{"@id":"https:\/\/www.accuratereviews.com\/it\/#website"},"primaryImageOfPage":{"@id":"https:\/\/www.accuratereviews.com\/it\/software-gestione-brand\/falcon-io-recensione\/#primaryimage"},"image":{"@id":"https:\/\/www.accuratereviews.com\/it\/software-gestione-brand\/falcon-io-recensione\/#primaryimage"},"thumbnailUrl":"https:\/\/www.accuratereviews.com\/wp-content\/uploads\/2021\/07\/Logo_FalconIO.png","datePublished":"2021-07-05T11:03:49+00:00","dateModified":"2021-07-06T08:55:41+00:00","description":"Falcon.io: recensione del software per la gestione dei brand che qualsiasi social media marketer dovrebbe avere.","breadcrumb":{"@id":"https:\/\/www.accuratereviews.com\/it\/software-gestione-brand\/falcon-io-recensione\/#breadcrumb"},"inLanguage":"it-IT","potentialAction":[{"@type":"ReadAction","target":["https:\/\/www.accuratereviews.com\/it\/software-gestione-brand\/falcon-io-recensione\/"]}]},{"@type":"ImageObject","inLanguage":"it-IT","@id":"https:\/\/www.accuratereviews.com\/it\/software-gestione-brand\/falcon-io-recensione\/#primaryimage","url":"https:\/\/www.accuratereviews.com\/wp-content\/uploads\/2021\/07\/Logo_FalconIO.png","contentUrl":"https:\/\/www.accuratereviews.com\/wp-content\/uploads\/2021\/07\/Logo_FalconIO.png","width":1437,"height":286},{"@type":"BreadcrumbList","@id":"https:\/\/www.accuratereviews.com\/it\/software-gestione-brand\/falcon-io-recensione\/#breadcrumb","itemListElement":[{"@type":"ListItem","position":1,"name":"Home","item":"https:\/\/www.accuratereviews.com\/it\/"},{"@type":"ListItem","position":2,"name":"Software per la gestione dei brand","item":"https:\/\/www.accuratereviews.com\/it\/software-gestione-brand\/"},{"@type":"ListItem","position":3,"name":"Falcon.io"}]},{"@type":"WebSite","@id":"https:\/\/www.accuratereviews.com\/it\/#website","url":"https:\/\/www.accuratereviews.com\/it\/","name":"Accurate Reviews","description":"","potentialAction":[{"@type":"SearchAction","target":{"@type":"EntryPoint","urlTemplate":"https:\/\/www.accuratereviews.com\/it\/?s={search_term_string}"},"query-input":{"@type":"PropertyValueSpecification","valueRequired":true,"valueName":"search_term_string"}}],"inLanguage":"it-IT"}]}},"_links":{"self":[{"href":"https:\/\/www.accuratereviews.com\/it\/wp-json\/wp\/v2\/pages\/45086","targetHints":{"allow":["GET"]}}],"collection":[{"href":"https:\/\/www.accuratereviews.com\/it\/wp-json\/wp\/v2\/pages"}],"about":[{"href":"https:\/\/www.accuratereviews.com\/it\/wp-json\/wp\/v2\/types\/page"}],"author":[{"embeddable":true,"href":"https:\/\/www.accuratereviews.com\/it\/wp-json\/wp\/v2\/users\/17"}],"replies":[{"embeddable":true,"href":"https:\/\/www.accuratereviews.com\/it\/wp-json\/wp\/v2\/comments?post=45086"}],"version-history":[{"count":6,"href":"https:\/\/www.accuratereviews.com\/it\/wp-json\/wp\/v2\/pages\/45086\/revisions"}],"predecessor-version":[{"id":45165,"href":"https:\/\/www.accuratereviews.com\/it\/wp-json\/wp\/v2\/pages\/45086\/revisions\/45165"}],"up":[{"embeddable":true,"href":"https:\/\/www.accuratereviews.com\/it\/wp-json\/wp\/v2\/pages\/44787"}],"wp:featuredmedia":[{"embeddable":true,"href":"https:\/\/www.accuratereviews.com\/it\/wp-json\/wp\/v2\/media\/45087"}],"wp:attachment":[{"href":"https:\/\/www.accuratereviews.com\/it\/wp-json\/wp\/v2\/media?parent=45086"}],"wp:term":[{"taxonomy":"category","embeddable":true,"href":"https:\/\/www.accuratereviews.com\/it\/wp-json\/wp\/v2\/categories?post=45086"},{"taxonomy":"post_tag","embeddable":true,"href":"https:\/\/www.accuratereviews.com\/it\/wp-json\/wp\/v2\/tags?post=45086"},{"taxonomy":"features","embeddable":true,"href":"https:\/\/www.accuratereviews.com\/it\/wp-json\/wp\/v2\/features?post=45086"}],"curies":[{"name":"wp","href":"https:\/\/api.w.org\/{rel}","templated":true}]}}