{"id":45132,"date":"2021-07-06T08:38:48","date_gmt":"2021-07-06T08:38:48","guid":{"rendered":"https:\/\/www.accuratereviews.com\/?page_id=45132"},"modified":"2021-07-06T08:42:09","modified_gmt":"2021-07-06T08:42:09","slug":"brand24-recensione","status":"publish","type":"page","link":"https:\/\/www.accuratereviews.com\/it\/software-gestione-brand\/brand24-recensione\/","title":{"rendered":"Brand24"},"content":{"rendered":"<p><b>Brand24<\/b><span style=\"font-weight: 400;\"> \u00e8 un software sviluppato per aziende che vogliono migliorare la <\/span><b>gestione del proprio brand<\/b><span style=\"font-weight: 400;\">, ottenendo l\u2019accesso istantaneo a tutte le attivit\u00e0 che lo riguardano che vanno dalle <\/span><b>menzioni del marchio<\/b><span style=\"font-weight: 400;\"> sui social, alle recensioni, al blog, ai video, al forum e ad altro ancora. In questo modo, potrai monitorare costantemente tutti i commenti e ricevere degli avvisi qualora essi siano negativi cos\u00ec da poter intervenire subito partecipando a conversazioni chiave che ti permetteranno di proteggere la tua reputazione online.<br \/>\n<\/span>Con questo <b>programma<\/b>\u00a0potrai anche conoscere meglio i tuoi clienti, i loro gusti in modo tale da migliorare la comunicazione e aumentare il loro coinvolgimento. Altro vantaggio che piacer\u00e0 a te e al tuo team sono i report automatizzati che vi consentiranno di risparmiare molto tempo.<\/p>\n<h2><strong>BRAND24 &#8211; TUTORIAL<\/strong><\/h2>\n<p><span style=\"font-weight: 400;\">Diamo un\u2019occhiata a questo video per capire cos&#8217;\u00e8 la brand awareness e come misurarla con Brand24:<\/span><\/p>\n<div id=\"fluid-wrapper-counter-1\" class=\"g1-fluid-wrapper \" style=\"width:686px;\">\n<div style=\"padding-bottom:56.268221574344%;\"><iframe loading=\"lazy\" title=\"What makes YOUR brand different? | What is brand awareness and how to measure it!\" width=\"686\" height=\"386\" src=\"https:\/\/www.youtube.com\/embed\/251LQuiw71U?feature=oembed&amp;wmode=transparent&amp;autohide=1&amp;autoplay=0&amp;disablekb=0&amp;fs=1&amp;loop=0&amp;enablejsapi=1&amp;rel=0&amp;controls=2&amp;showinfo=0&amp;wmode=transparent&amp;autohide=2&amp;autoplay=0&amp;disablekb=0&amp;fs=1&amp;loop=0&amp;enablejsapi=1&amp;rel=0&amp;controls=2&amp;showinfo=1\" frameborder=\"0\" allow=\"accelerometer; autoplay; clipboard-write; encrypted-media; gyroscope; picture-in-picture\" allowfullscreen><\/iframe><\/div>\n<\/div>\n<h3><strong>BRAND24 &#8211; CARATTERISTICHE<\/strong><\/h3>\n<ul>\n<li style=\"font-weight: 400;\" aria-level=\"1\"><b>Feed delle menzioni<\/b><span style=\"font-weight: 400;\">: scopri cosa dicono le persone del tuo marchio e agisci in tempo reale. Partecipa a discussioni rilevanti per la tua attivit\u00e0 con un clic del mouse<\/span><\/li>\n<li style=\"font-weight: 400;\" aria-level=\"1\"><b>Grafico del volume delle discussioni<\/b><span style=\"font-weight: 400;\">: identifica i cambiamenti improvvisi nel volume delle discussioni per proteggere l&#8217;immagine della tua azienda. Individua i punti problematici prima che si aggravino e massimizza il potenziale di pubblicit\u00e0 positiva che stai gi\u00e0 ricevendo<\/span><\/li>\n<li style=\"font-weight: 400;\" aria-level=\"1\"><b>Mention Analytics<\/b><span style=\"font-weight: 400;\">: ottieni una migliore comprensione di chi sta parlando del tuo marchio online. Analizza la qualit\u00e0 e la quantit\u00e0 del buzz per ottenere nuove informazioni sui tuoi clienti<\/span><\/li>\n<li style=\"font-weight: 400;\" aria-level=\"1\"><b>Punteggio di influenza<\/b><span style=\"font-weight: 400;\">: individua i tuoi influencer del settore per prendere decisioni consapevoli su con chi dovresti lavorare<\/span><\/li>\n<li style=\"font-weight: 400;\" aria-level=\"1\"><b>Analisi del sentiment<\/b><span style=\"font-weight: 400;\">: grazie all\u2019analisi dei sentimenti (positivo, negativo, neutro) puoi ottenere una migliore comprensione degli atteggiamenti dei clienti e individuare le aree problematiche che richiedono un&#8217;attenzione immediata<\/span><\/li>\n<li style=\"font-weight: 400;\" aria-level=\"1\"><b>Avvisi<\/b><span style=\"font-weight: 400;\">: scopri per primo i cambiamenti nel volume di discussione intorno al tuo marchio. Personalizza i tuoi avvisi nel modo che ti serve: ad esempio, puoi ricevere email o notifiche in-app di menzioni negative della tua azienda da blog con pi\u00f9 di 300.000 visite mensili<\/span><\/li>\n<li style=\"font-weight: 400;\" aria-level=\"1\"><b>Esportazione dei dati<\/b><span style=\"font-weight: 400;\">: trasforma i tuoi dati in report PDF automatizzati, file .xls e infografiche. Elabora le tue menzioni raccolte con Brand24 in modo da poterle utilizzare al di fuori dello strumento<\/span><\/li>\n<li style=\"font-weight: 400;\" aria-level=\"1\"><b>Filtro<\/b>: restringi i risultati per concentrarti su ci\u00f2 che \u00e8 pi\u00f9 importante per te. Puoi filtrare per fonte di menzione, opinione, numero di visite e molto altro.<\/li>\n<\/ul>\n<h4>LE RECENSIONI DEGLI UTENTI<\/h4>\n<p><strong>Sia P. &#8220;\u00c8 uno degli strumenti di ascolto dei social media pi\u00f9 semplici ed efficaci che abbia mai usato.&#8221;<\/strong><br \/>\nCOMMENTI: risultati veloci e di facile comprensione e report personalizzati facilmente comprensibili da chiunque.<br \/>\nPRO: facile da usare, chiare sezioni e modalit\u00e0 di funzionamento. Mi piace il modo in cui \u00e8 strutturato il riassunto. Inoltre, raccoglie dati dal passato &#8211; non cos\u00ec tanti ma rispetto ad altri strumenti, fa un ottimo lavoro.<br \/>\nCONTRO: forse il fatto che non cos\u00ec tanti utenti capiscano dalla prima volta come aggiungere pi\u00f9 parole chiave, dopo aver lanciato un progetto. Inoltre, l&#8217;analisi del sentimento non funziona cos\u00ec in lingua greca.<\/p>\n<p><strong>\u0141ukasz O &#8220;Non riesco a immaginare un servizio clienti migliore&#8221;<\/strong><br \/>\nPRO: lavoro con Brand24 ogni giorno da quasi un anno. Il mio lavoro \u00e8 promuovere il marchio di accessori per telefoni cellulari. Faccio PR e al momento non riesco a immaginare di lavorare senza uno strumento di monitoraggio social. Brand24 \u00e8 lo strumento migliore di tutti quelli che ho testato finora. \u00c8 intuitivo, offre risultati di alta qualit\u00e0 e lo adoro!<br \/>\nCONTRO: c&#8217;\u00e8 del lavoro da fare con l&#8217;app mobile. :) Sicuramente l&#8217;app potrebbe essere un po&#8217; migliore, ma come so sono in arrivo nuove funzionalit\u00e0.<\/p>\n<p><strong>Ravi G. &#8220;Il monitoraggio social non \u00e8 pi\u00f9 un problema; grazie a Brand24.&#8221;<\/strong><br \/>\nPRO: questa applicazione ti aiuta a rispondere a tutti coloro che ti menzionano online. Questa funzione ti aiuta a conoscere quei siti in cui sei menzionato. Non esiste una curva di apprendimento in quanto tale, sebbene l&#8217;aspetto di tutte le funzionalit\u00e0 possa confondere gli utenti all&#8217;inizio. Tuttavia, il team di assistenza clienti aiuta molto durante la procedura. Aiutano a tenere traccia regolare di tutte le pagine gestite. Anche i loro avvisi email stanno funzionando brillantemente.<br \/>\nCONTRO: \u00e8 molto costoso. Dovrebbe esserci un prezzo pi\u00f9 basso in modo che possa essere alla portata di tutti. Inoltre, l&#8217;applicazione mobile non fornisce lo stesso livello di soddisfazione della versione desktop.<\/p>\n","protected":false},"excerpt":{"rendered":"<p>Brand24 \u00e8 un software sviluppato per aziende che vogliono migliorare la gestione del proprio brand, ottenendo l\u2019accesso istantaneo a tutte le attivit\u00e0 che lo riguardano che vanno dalle menzioni del marchio sui social, alle recensioni, al blog, ai video, al forum e ad altro ancora. <\/p>\n","protected":false},"author":17,"featured_media":45134,"parent":44787,"menu_order":0,"comment_status":"open","ping_status":"closed","template":"g1_template_page_review_new.php","meta":{"_acf_changed":false,"cwp_meta_box_check":"No","cwp_rev_product_name":"","cwp_rev_product_image":"","wppr_links":[],"cwp_rev_price":"","wppr_options":[],"wppr_pros":[],"wppr_cons":[],"_monsterinsights_skip_tracking":false,"_monsterinsights_sitenote_active":false,"_monsterinsights_sitenote_note":"","_monsterinsights_sitenote_category":0,"footnotes":""},"categories":[10573],"tags":[10641,10577,10600,10580,10579,10597,10598],"features":[],"class_list":{"0":"post-45132","1":"page","2":"type-page","3":"status-publish","4":"has-post-thumbnail","6":"category-software-gestione-brand-categoria","7":"tag-brand-it","8":"tag-gestione-brand","9":"tag-piattaforma-gestionale-brand","10":"tag-piattaforma-gestione-brand","11":"tag-programma-gestione-brand","12":"tag-software-gestionale-brand","13":"tag-soluzione-gestionale-brand"},"wppr_data":{"cwp_meta_box_check":"No"},"acf":[],"yoast_head":"<!-- This site is optimized with the Yoast SEO plugin v27.4 - https:\/\/yoast.com\/product\/yoast-seo-wordpress\/ -->\n<title>Brand24: recensione programma gestione brand - Accurate Reviews<\/title>\n<meta name=\"description\" content=\"Brand24: recensione del software sviluppato per aziende che vogliono migliorare la gestione del proprio brand.\" \/>\n<meta name=\"robots\" content=\"index, follow, max-snippet:-1, max-image-preview:large, max-video-preview:-1\" \/>\n<link rel=\"canonical\" href=\"https:\/\/www.accuratereviews.com\/it\/software-gestione-brand\/brand24-recensione\/\" \/>\n<meta property=\"og:locale\" content=\"it_IT\" \/>\n<meta property=\"og:type\" content=\"article\" \/>\n<meta property=\"og:title\" content=\"Brand24: recensione programma gestione brand - Accurate Reviews\" \/>\n<meta property=\"og:description\" content=\"Brand24: recensione del software sviluppato per aziende che vogliono migliorare la gestione del proprio brand.\" \/>\n<meta property=\"og:url\" content=\"https:\/\/www.accuratereviews.com\/it\/software-gestione-brand\/brand24-recensione\/\" \/>\n<meta property=\"og:site_name\" content=\"Accurate Reviews\" \/>\n<meta property=\"article:modified_time\" content=\"2021-07-06T08:42:09+00:00\" \/>\n<meta property=\"og:image\" content=\"https:\/\/www.accuratereviews.com\/wp-content\/uploads\/2021\/07\/presskit-white-logotype.jpg\" \/>\n\t<meta property=\"og:image:width\" content=\"440\" \/>\n\t<meta property=\"og:image:height\" content=\"220\" \/>\n\t<meta property=\"og:image:type\" content=\"image\/jpeg\" \/>\n<meta name=\"twitter:card\" content=\"summary_large_image\" \/>\n<meta name=\"twitter:label1\" content=\"Tempo di lettura stimato\" \/>\n\t<meta name=\"twitter:data1\" content=\"4 minuti\" \/>\n<script type=\"application\/ld+json\" class=\"yoast-schema-graph\">{\"@context\":\"https:\\\/\\\/schema.org\",\"@graph\":[{\"@type\":\"WebPage\",\"@id\":\"https:\\\/\\\/www.accuratereviews.com\\\/it\\\/software-gestione-brand\\\/brand24-recensione\\\/\",\"url\":\"https:\\\/\\\/www.accuratereviews.com\\\/it\\\/software-gestione-brand\\\/brand24-recensione\\\/\",\"name\":\"Brand24: recensione programma gestione brand - Accurate Reviews\",\"isPartOf\":{\"@id\":\"https:\\\/\\\/www.accuratereviews.com\\\/it\\\/#website\"},\"primaryImageOfPage\":{\"@id\":\"https:\\\/\\\/www.accuratereviews.com\\\/it\\\/software-gestione-brand\\\/brand24-recensione\\\/#primaryimage\"},\"image\":{\"@id\":\"https:\\\/\\\/www.accuratereviews.com\\\/it\\\/software-gestione-brand\\\/brand24-recensione\\\/#primaryimage\"},\"thumbnailUrl\":\"https:\\\/\\\/www.accuratereviews.com\\\/wp-content\\\/uploads\\\/2021\\\/07\\\/presskit-white-logotype.jpg\",\"datePublished\":\"2021-07-06T08:38:48+00:00\",\"dateModified\":\"2021-07-06T08:42:09+00:00\",\"description\":\"Brand24: recensione del software sviluppato per aziende che vogliono migliorare la gestione del proprio brand.\",\"breadcrumb\":{\"@id\":\"https:\\\/\\\/www.accuratereviews.com\\\/it\\\/software-gestione-brand\\\/brand24-recensione\\\/#breadcrumb\"},\"inLanguage\":\"it-IT\",\"potentialAction\":[{\"@type\":\"ReadAction\",\"target\":[\"https:\\\/\\\/www.accuratereviews.com\\\/it\\\/software-gestione-brand\\\/brand24-recensione\\\/\"]}]},{\"@type\":\"ImageObject\",\"inLanguage\":\"it-IT\",\"@id\":\"https:\\\/\\\/www.accuratereviews.com\\\/it\\\/software-gestione-brand\\\/brand24-recensione\\\/#primaryimage\",\"url\":\"https:\\\/\\\/www.accuratereviews.com\\\/wp-content\\\/uploads\\\/2021\\\/07\\\/presskit-white-logotype.jpg\",\"contentUrl\":\"https:\\\/\\\/www.accuratereviews.com\\\/wp-content\\\/uploads\\\/2021\\\/07\\\/presskit-white-logotype.jpg\",\"width\":440,\"height\":220},{\"@type\":\"BreadcrumbList\",\"@id\":\"https:\\\/\\\/www.accuratereviews.com\\\/it\\\/software-gestione-brand\\\/brand24-recensione\\\/#breadcrumb\",\"itemListElement\":[{\"@type\":\"ListItem\",\"position\":1,\"name\":\"Home\",\"item\":\"https:\\\/\\\/www.accuratereviews.com\\\/it\\\/\"},{\"@type\":\"ListItem\",\"position\":2,\"name\":\"Software per la gestione dei brand\",\"item\":\"https:\\\/\\\/www.accuratereviews.com\\\/it\\\/software-gestione-brand\\\/\"},{\"@type\":\"ListItem\",\"position\":3,\"name\":\"Brand24\"}]},{\"@type\":\"WebSite\",\"@id\":\"https:\\\/\\\/www.accuratereviews.com\\\/it\\\/#website\",\"url\":\"https:\\\/\\\/www.accuratereviews.com\\\/it\\\/\",\"name\":\"Accurate Reviews\",\"description\":\"\",\"potentialAction\":[{\"@type\":\"SearchAction\",\"target\":{\"@type\":\"EntryPoint\",\"urlTemplate\":\"https:\\\/\\\/www.accuratereviews.com\\\/it\\\/?s={search_term_string}\"},\"query-input\":{\"@type\":\"PropertyValueSpecification\",\"valueRequired\":true,\"valueName\":\"search_term_string\"}}],\"inLanguage\":\"it-IT\"}]}<\/script>\n<!-- \/ Yoast SEO plugin. -->","yoast_head_json":{"title":"Brand24: recensione programma gestione brand - Accurate Reviews","description":"Brand24: recensione del software sviluppato per aziende che vogliono migliorare la gestione del proprio brand.","robots":{"index":"index","follow":"follow","max-snippet":"max-snippet:-1","max-image-preview":"max-image-preview:large","max-video-preview":"max-video-preview:-1"},"canonical":"https:\/\/www.accuratereviews.com\/it\/software-gestione-brand\/brand24-recensione\/","og_locale":"it_IT","og_type":"article","og_title":"Brand24: recensione programma gestione brand - Accurate Reviews","og_description":"Brand24: recensione del software sviluppato per aziende che vogliono migliorare la gestione del proprio brand.","og_url":"https:\/\/www.accuratereviews.com\/it\/software-gestione-brand\/brand24-recensione\/","og_site_name":"Accurate Reviews","article_modified_time":"2021-07-06T08:42:09+00:00","og_image":[{"width":440,"height":220,"url":"https:\/\/www.accuratereviews.com\/wp-content\/uploads\/2021\/07\/presskit-white-logotype.jpg","type":"image\/jpeg"}],"twitter_card":"summary_large_image","twitter_misc":{"Tempo di lettura stimato":"4 minuti"},"schema":{"@context":"https:\/\/schema.org","@graph":[{"@type":"WebPage","@id":"https:\/\/www.accuratereviews.com\/it\/software-gestione-brand\/brand24-recensione\/","url":"https:\/\/www.accuratereviews.com\/it\/software-gestione-brand\/brand24-recensione\/","name":"Brand24: recensione programma gestione brand - Accurate Reviews","isPartOf":{"@id":"https:\/\/www.accuratereviews.com\/it\/#website"},"primaryImageOfPage":{"@id":"https:\/\/www.accuratereviews.com\/it\/software-gestione-brand\/brand24-recensione\/#primaryimage"},"image":{"@id":"https:\/\/www.accuratereviews.com\/it\/software-gestione-brand\/brand24-recensione\/#primaryimage"},"thumbnailUrl":"https:\/\/www.accuratereviews.com\/wp-content\/uploads\/2021\/07\/presskit-white-logotype.jpg","datePublished":"2021-07-06T08:38:48+00:00","dateModified":"2021-07-06T08:42:09+00:00","description":"Brand24: recensione del software sviluppato per aziende che vogliono migliorare la gestione del proprio brand.","breadcrumb":{"@id":"https:\/\/www.accuratereviews.com\/it\/software-gestione-brand\/brand24-recensione\/#breadcrumb"},"inLanguage":"it-IT","potentialAction":[{"@type":"ReadAction","target":["https:\/\/www.accuratereviews.com\/it\/software-gestione-brand\/brand24-recensione\/"]}]},{"@type":"ImageObject","inLanguage":"it-IT","@id":"https:\/\/www.accuratereviews.com\/it\/software-gestione-brand\/brand24-recensione\/#primaryimage","url":"https:\/\/www.accuratereviews.com\/wp-content\/uploads\/2021\/07\/presskit-white-logotype.jpg","contentUrl":"https:\/\/www.accuratereviews.com\/wp-content\/uploads\/2021\/07\/presskit-white-logotype.jpg","width":440,"height":220},{"@type":"BreadcrumbList","@id":"https:\/\/www.accuratereviews.com\/it\/software-gestione-brand\/brand24-recensione\/#breadcrumb","itemListElement":[{"@type":"ListItem","position":1,"name":"Home","item":"https:\/\/www.accuratereviews.com\/it\/"},{"@type":"ListItem","position":2,"name":"Software per la gestione dei brand","item":"https:\/\/www.accuratereviews.com\/it\/software-gestione-brand\/"},{"@type":"ListItem","position":3,"name":"Brand24"}]},{"@type":"WebSite","@id":"https:\/\/www.accuratereviews.com\/it\/#website","url":"https:\/\/www.accuratereviews.com\/it\/","name":"Accurate Reviews","description":"","potentialAction":[{"@type":"SearchAction","target":{"@type":"EntryPoint","urlTemplate":"https:\/\/www.accuratereviews.com\/it\/?s={search_term_string}"},"query-input":{"@type":"PropertyValueSpecification","valueRequired":true,"valueName":"search_term_string"}}],"inLanguage":"it-IT"}]}},"_links":{"self":[{"href":"https:\/\/www.accuratereviews.com\/it\/wp-json\/wp\/v2\/pages\/45132","targetHints":{"allow":["GET"]}}],"collection":[{"href":"https:\/\/www.accuratereviews.com\/it\/wp-json\/wp\/v2\/pages"}],"about":[{"href":"https:\/\/www.accuratereviews.com\/it\/wp-json\/wp\/v2\/types\/page"}],"author":[{"embeddable":true,"href":"https:\/\/www.accuratereviews.com\/it\/wp-json\/wp\/v2\/users\/17"}],"replies":[{"embeddable":true,"href":"https:\/\/www.accuratereviews.com\/it\/wp-json\/wp\/v2\/comments?post=45132"}],"version-history":[{"count":4,"href":"https:\/\/www.accuratereviews.com\/it\/wp-json\/wp\/v2\/pages\/45132\/revisions"}],"predecessor-version":[{"id":45161,"href":"https:\/\/www.accuratereviews.com\/it\/wp-json\/wp\/v2\/pages\/45132\/revisions\/45161"}],"up":[{"embeddable":true,"href":"https:\/\/www.accuratereviews.com\/it\/wp-json\/wp\/v2\/pages\/44787"}],"wp:featuredmedia":[{"embeddable":true,"href":"https:\/\/www.accuratereviews.com\/it\/wp-json\/wp\/v2\/media\/45134"}],"wp:attachment":[{"href":"https:\/\/www.accuratereviews.com\/it\/wp-json\/wp\/v2\/media?parent=45132"}],"wp:term":[{"taxonomy":"category","embeddable":true,"href":"https:\/\/www.accuratereviews.com\/it\/wp-json\/wp\/v2\/categories?post=45132"},{"taxonomy":"post_tag","embeddable":true,"href":"https:\/\/www.accuratereviews.com\/it\/wp-json\/wp\/v2\/tags?post=45132"},{"taxonomy":"features","embeddable":true,"href":"https:\/\/www.accuratereviews.com\/it\/wp-json\/wp\/v2\/features?post=45132"}],"curies":[{"name":"wp","href":"https:\/\/api.w.org\/{rel}","templated":true}]}}