{"id":45139,"date":"2021-07-06T12:52:58","date_gmt":"2021-07-06T12:52:58","guid":{"rendered":"https:\/\/www.accuratereviews.com\/?page_id=45139"},"modified":"2021-07-06T12:52:58","modified_gmt":"2021-07-06T12:52:58","slug":"flipsnack-recensione","status":"publish","type":"page","link":"https:\/\/www.accuratereviews.com\/it\/software-gestione-brand\/flipsnack-recensione\/","title":{"rendered":"Flipsnack"},"content":{"rendered":"<p><strong>Flipsnack<\/strong> \u00e8 uno <strong>strumento di pubblicazione online\u00a0<\/strong>utilizzato in tutto il mondo per creare e pubblicare cataloghi digitali, riviste, brochure, portfolio, report, album fotografici, giornali e molti altri tipi di pubblicazioni. Il software fornisce agli utenti gli strumenti per creare, condividere e incorporare riviste online, oltre a trasformare i PDF in libri sfogliabili online. In alternativa, gli utenti possono utilizzare lo studio di design online del programma per creare da zero la propria pubblicazione. La soluzione consente agli utenti di personalizzare l&#8217;aspetto della propria brochure utilizzando una gamma di opzioni inclusi colori di sfondo, lingua, evidenziazione dei collegamenti e altro ancora. Gli utenti possono impostare le proprie opzioni di visibilit\u00e0 (pubblica, non in elenco, privata) prima di pubblicare e condividere il proprio flipbook tramite pagine web, email e social media, Gli strumenti di reporting in tempo reale e l&#8217;integrazione di Google Analytics aiutano gli utenti a ottenere informazioni preziose sui propri lettori, nonch\u00e9 sui dati del sito web e delle pubblicazioni.<\/p>\n<h2>FLIPSNACK &#8211; TUTORIAL<\/h2>\n<p>Il video mostra come \u00e8 semplice creare un tuo catalogo utilizzando questo <strong>software di gestione del brand:<\/strong><\/p>\n<div id=\"fluid-wrapper-counter-1\" class=\"g1-fluid-wrapper \" style=\"width:686px;\">\n<div style=\"padding-bottom:56.268221574344%;\"><iframe loading=\"lazy\" title=\"Create your own professional catalog | Flipsnack.com\" width=\"686\" height=\"386\" src=\"https:\/\/www.youtube.com\/embed\/tJq09N-LOPI?feature=oembed&amp;wmode=transparent&amp;autohide=1&amp;autoplay=0&amp;disablekb=0&amp;fs=1&amp;loop=0&amp;enablejsapi=1&amp;rel=0&amp;controls=2&amp;showinfo=0&amp;wmode=transparent&amp;autohide=2&amp;autoplay=0&amp;disablekb=0&amp;fs=1&amp;loop=0&amp;enablejsapi=1&amp;rel=0&amp;controls=2&amp;showinfo=1\" frameborder=\"0\" allow=\"accelerometer; autoplay; clipboard-write; encrypted-media; gyroscope; picture-in-picture\" allowfullscreen><\/iframe><\/div>\n<\/div>\n<h3>FLIPSNACK &#8211; CARATTERISTICHE<\/h3>\n<div class=\"bg-white pt-5 pb-5\">\n<div class=\"container my-5 text-center\">\n<div class=\"row justify-content-start mb-5\">\n<div class=\"col-12 col-md-3\">\n<ul>\n<li class=\"item-title card-title \"><strong>Ritaglia e ridimensiona le immagini<\/strong>: non \u00e8 necessario ritagliare o ridimensionare le immagini con altri strumenti<\/li>\n<li class=\"item-title card-title \"><strong>Modifica le immagini:<\/strong> regola luminosit\u00e0, contrasto, saturazione, sfocatura, tonalit\u00e0, effetto seppia, effetto vignetta se desideri fornire un aspetto specifico alle tue foto<\/li>\n<li class=\"item-title card-title \"><strong>Audio<\/strong>: carica file audio .mp3 nel tuo PDF. Soluzione ideale per interviste audio, libri per bambini e tanto altro ancora<\/li>\n<li class=\"item-title card-title \"><strong>Video<\/strong>: rendi i video parte integrante della tua pubblicazione e vedrai quanto sono efficaci<\/li>\n<li class=\"item-title card-title \"><strong>Pulsanti:<\/strong> i pulsanti Acquista sono perfetti per i cataloghi di prodotti. Si tratta di un ottimo modo per connettere il tuo e-shop alla tua pubblicazione online.<\/li>\n<li class=\"item-title card-title \"><strong>Collegamenti:<\/strong> \u00e8 possibile aggiungere collegamenti su immagini, testi o determinate aree della pagina all&#8217;interno dei tuoi cataloghi<\/li>\n<li class=\"item-title card-title \"><strong>Forme<\/strong>: inserisci un modulo email all&#8217;interno del tuo PDF, grazie al nostro editor, e inizia a raccogliere indirizzi email<\/li>\n<li class=\"item-title card-title \"><strong>Spotlight (pop-up immagine)<\/strong>: la funzione Spotlight fa miracoli per tantissime tipologie di pubblicazione. Ti baster\u00e0 cliccare su un&#8217;immagine e un pop-up si aprir\u00e0 in una determinata area all&#8217;interno della tua rivista o del tuo catalogo online.\n<div class=\"item-body \"><\/div>\n<\/li>\n<\/ul>\n<h4>LE RECENSIONI DEGLI UTENTI<\/h4>\n<p class=\"font-weight-bold mb-1 d-flex align-items-center\"><strong>Brandi S.&#8221;Adoro FlipSnack!&#8221;<\/strong><\/p>\n<p><strong>Commenti: <\/strong>\u00c8 molto meglio visualizzare una newsletter in FLipsNack che semplicemente visualizzare un pdf e scorrere.<\/p>\n<p><strong>Pro: <\/strong>Molto facile da usare e da capire. Sono passato a questa app perch\u00e9 AnyFLip fa schifo.<\/p>\n<p><strong>Contro: <\/strong>Non ho ancora riscontrato antipatie.<\/p>\n<p class=\"font-weight-bold mb-1 d-flex align-items-center\"><strong>Damian C.&#8221;Ho provato il resto, ma Flipsnack \u00e8 stato il migliore per la mia attivit\u00e0&#8221;<\/strong><\/p>\n<p><strong>Commenti: <\/strong>Mi permette di condividere nuovi prodotti con i miei clienti, come e quando li lancio.<\/p>\n<p><strong>Pro: <\/strong>Facilit\u00e0 d&#8217;uso e il fatto che posso riutilizzare lo stesso codice e avere eBook aggiornati per i miei clienti<\/p>\n<p><strong>Contro: <\/strong>Vorrei vedere alcune delle funzionalit\u00e0 extra incluse nel mio pacchetto, senza dover diventare premium. Sono solo una piccola impresa e mi piacciono le funzionalit\u00e0 di Flipsnack e gli usi pratici.<\/p>\n<p class=\"font-weight-bold mb-1 d-flex align-items-center\"><strong>Wilfrido E.&#8221;Converti istantaneamente i tuoi PDF in riviste.&#8221;<\/strong><\/p>\n<p><strong>Commenti: <\/strong>Da quando abbiamo implementato la distribuzione delle nostre newsletter in Flipsnack possiamo avere un&#8217;analisi degli utenti che hanno accesso al contenuto, e sulla base di sondaggi diretti con il nostro staff sappiamo che il tempo di lettura del materiale \u00e8 aumentato di oltre il 40%, avendo un&#8217;accettazione di quasi tutti i lettori.<\/p>\n<p><strong>Pro: <\/strong>La semplicit\u00e0 di utilizzo di Flipsnack ha attirato la nostra attenzione da quando abbiamo iniziato a utilizzarlo qualche anno fa, ci limitiamo a caricare la nostra newsletter mensile interna ed in pochi minuti \u00e8 pronta a condividerla con tutto lo staff dell&#8217;azienda, potendola rendere privata solo per nostro uso interno e altamente personalizzato.<\/p>\n<p><strong>Contro: <\/strong>A volte la compatibilit\u00e0 delle pubblicazioni su cellulari non \u00e8 ottimale, ed \u00e8 qualcosa che fino ad ora non siamo stati in grado di risolvere con questa soluzione e torniamo alla distribuzione del PDF per risolverlo. Inoltre, a volte il rilevatore automatico del collegamento PDF non funziona correttamente.<\/p>\n<\/div>\n<\/div>\n<\/div>\n<\/div>\n","protected":false},"excerpt":{"rendered":"<p>Flipsnack \u00e8 uno strumento di pubblicazione online\u00a0utilizzato da persone di tutto il mondo per creare e pubblicare cataloghi digitali, riviste, brochure, portfolio, report, album fotografici, giornali e molti altri tipi di pubblicazioni. Il software fornisce agli utenti gli strumenti per creare, condividere e incorporare riviste online, oltre a trasformare i PDF in libri sfogliabili online.<\/p>\n","protected":false},"author":16,"featured_media":45140,"parent":44787,"menu_order":0,"comment_status":"open","ping_status":"closed","template":"g1_template_page_review_new.php","meta":{"_acf_changed":false,"cwp_meta_box_check":"Yes","cwp_rev_product_name":"","cwp_rev_product_image":"","wppr_links":[],"cwp_rev_price":"","wppr_options":[],"wppr_pros":[],"wppr_cons":[],"_monsterinsights_skip_tracking":false,"_monsterinsights_sitenote_active":false,"_monsterinsights_sitenote_note":"","_monsterinsights_sitenote_category":0,"footnotes":""},"categories":[10573],"tags":[10664,10577,10580,10579,10575,10582],"features":[],"class_list":{"0":"post-45139","1":"page","2":"type-page","3":"status-publish","4":"has-post-thumbnail","6":"category-software-gestione-brand-categoria","7":"tag-flipsnack","8":"tag-gestione-brand","9":"tag-piattaforma-gestione-brand","10":"tag-programma-gestione-brand","11":"tag-software-gestione-brand","12":"tag-soluzione-gestione-brand"},"wppr_data":{"cwp_meta_box_check":"Yes","cwp_rev_product_name":"","cwp_rev_product_image":"","cwp_image_link":"image","cwp_rev_price":"","wppr_rating":"0.00"},"acf":[],"yoast_head":"<!-- This site is optimized with the Yoast SEO plugin v27.4 - https:\/\/yoast.com\/product\/yoast-seo-wordpress\/ -->\n<title>Flipsnack: recensione software gestione brand - Accurate Reviews<\/title>\n<meta name=\"description\" content=\"Flipsnack: recensione strumento di pubblicazione online\u00a0utilizzato da persone di tutto il mondo per creare e pubblicare cataloghi digitali.\" \/>\n<meta name=\"robots\" content=\"index, follow, max-snippet:-1, max-image-preview:large, max-video-preview:-1\" \/>\n<link rel=\"canonical\" href=\"https:\/\/www.accuratereviews.com\/it\/software-gestione-brand\/flipsnack-recensione\/\" \/>\n<meta property=\"og:locale\" content=\"it_IT\" \/>\n<meta property=\"og:type\" content=\"article\" \/>\n<meta property=\"og:title\" content=\"Flipsnack: recensione software gestione brand - Accurate Reviews\" \/>\n<meta property=\"og:description\" content=\"Flipsnack: recensione strumento di pubblicazione online\u00a0utilizzato da persone di tutto il mondo per creare e pubblicare cataloghi digitali.\" \/>\n<meta property=\"og:url\" content=\"https:\/\/www.accuratereviews.com\/it\/software-gestione-brand\/flipsnack-recensione\/\" \/>\n<meta property=\"og:site_name\" content=\"Accurate Reviews\" \/>\n<meta property=\"og:image\" content=\"https:\/\/www.accuratereviews.com\/wp-content\/uploads\/2021\/07\/Flipsnack.jpg\" \/>\n\t<meta property=\"og:image:width\" content=\"452\" \/>\n\t<meta property=\"og:image:height\" content=\"452\" \/>\n\t<meta property=\"og:image:type\" content=\"image\/jpeg\" \/>\n<meta name=\"twitter:card\" content=\"summary_large_image\" \/>\n<meta name=\"twitter:label1\" content=\"Tempo di lettura stimato\" \/>\n\t<meta name=\"twitter:data1\" content=\"3 minuti\" \/>\n<script type=\"application\/ld+json\" class=\"yoast-schema-graph\">{\"@context\":\"https:\\\/\\\/schema.org\",\"@graph\":[{\"@type\":\"WebPage\",\"@id\":\"https:\\\/\\\/www.accuratereviews.com\\\/it\\\/software-gestione-brand\\\/flipsnack-recensione\\\/\",\"url\":\"https:\\\/\\\/www.accuratereviews.com\\\/it\\\/software-gestione-brand\\\/flipsnack-recensione\\\/\",\"name\":\"Flipsnack: recensione software gestione brand - Accurate Reviews\",\"isPartOf\":{\"@id\":\"https:\\\/\\\/www.accuratereviews.com\\\/it\\\/#website\"},\"primaryImageOfPage\":{\"@id\":\"https:\\\/\\\/www.accuratereviews.com\\\/it\\\/software-gestione-brand\\\/flipsnack-recensione\\\/#primaryimage\"},\"image\":{\"@id\":\"https:\\\/\\\/www.accuratereviews.com\\\/it\\\/software-gestione-brand\\\/flipsnack-recensione\\\/#primaryimage\"},\"thumbnailUrl\":\"https:\\\/\\\/www.accuratereviews.com\\\/wp-content\\\/uploads\\\/2021\\\/07\\\/Flipsnack.jpg\",\"datePublished\":\"2021-07-06T12:52:58+00:00\",\"description\":\"Flipsnack: recensione strumento di pubblicazione online\u00a0utilizzato da persone di tutto il mondo per creare e pubblicare cataloghi digitali.\",\"breadcrumb\":{\"@id\":\"https:\\\/\\\/www.accuratereviews.com\\\/it\\\/software-gestione-brand\\\/flipsnack-recensione\\\/#breadcrumb\"},\"inLanguage\":\"it-IT\",\"potentialAction\":[{\"@type\":\"ReadAction\",\"target\":[\"https:\\\/\\\/www.accuratereviews.com\\\/it\\\/software-gestione-brand\\\/flipsnack-recensione\\\/\"]}]},{\"@type\":\"ImageObject\",\"inLanguage\":\"it-IT\",\"@id\":\"https:\\\/\\\/www.accuratereviews.com\\\/it\\\/software-gestione-brand\\\/flipsnack-recensione\\\/#primaryimage\",\"url\":\"https:\\\/\\\/www.accuratereviews.com\\\/wp-content\\\/uploads\\\/2021\\\/07\\\/Flipsnack.jpg\",\"contentUrl\":\"https:\\\/\\\/www.accuratereviews.com\\\/wp-content\\\/uploads\\\/2021\\\/07\\\/Flipsnack.jpg\",\"width\":452,\"height\":452},{\"@type\":\"BreadcrumbList\",\"@id\":\"https:\\\/\\\/www.accuratereviews.com\\\/it\\\/software-gestione-brand\\\/flipsnack-recensione\\\/#breadcrumb\",\"itemListElement\":[{\"@type\":\"ListItem\",\"position\":1,\"name\":\"Home\",\"item\":\"https:\\\/\\\/www.accuratereviews.com\\\/it\\\/\"},{\"@type\":\"ListItem\",\"position\":2,\"name\":\"Software per la gestione dei brand\",\"item\":\"https:\\\/\\\/www.accuratereviews.com\\\/it\\\/software-gestione-brand\\\/\"},{\"@type\":\"ListItem\",\"position\":3,\"name\":\"Flipsnack\"}]},{\"@type\":\"WebSite\",\"@id\":\"https:\\\/\\\/www.accuratereviews.com\\\/it\\\/#website\",\"url\":\"https:\\\/\\\/www.accuratereviews.com\\\/it\\\/\",\"name\":\"Accurate Reviews\",\"description\":\"\",\"potentialAction\":[{\"@type\":\"SearchAction\",\"target\":{\"@type\":\"EntryPoint\",\"urlTemplate\":\"https:\\\/\\\/www.accuratereviews.com\\\/it\\\/?s={search_term_string}\"},\"query-input\":{\"@type\":\"PropertyValueSpecification\",\"valueRequired\":true,\"valueName\":\"search_term_string\"}}],\"inLanguage\":\"it-IT\"}]}<\/script>\n<!-- \/ Yoast SEO plugin. -->","yoast_head_json":{"title":"Flipsnack: recensione software gestione brand - Accurate Reviews","description":"Flipsnack: recensione strumento di pubblicazione online\u00a0utilizzato da persone di tutto il mondo per creare e pubblicare cataloghi digitali.","robots":{"index":"index","follow":"follow","max-snippet":"max-snippet:-1","max-image-preview":"max-image-preview:large","max-video-preview":"max-video-preview:-1"},"canonical":"https:\/\/www.accuratereviews.com\/it\/software-gestione-brand\/flipsnack-recensione\/","og_locale":"it_IT","og_type":"article","og_title":"Flipsnack: recensione software gestione brand - Accurate Reviews","og_description":"Flipsnack: recensione strumento di pubblicazione online\u00a0utilizzato da persone di tutto il mondo per creare e pubblicare cataloghi digitali.","og_url":"https:\/\/www.accuratereviews.com\/it\/software-gestione-brand\/flipsnack-recensione\/","og_site_name":"Accurate Reviews","og_image":[{"width":452,"height":452,"url":"https:\/\/www.accuratereviews.com\/wp-content\/uploads\/2021\/07\/Flipsnack.jpg","type":"image\/jpeg"}],"twitter_card":"summary_large_image","twitter_misc":{"Tempo di lettura stimato":"3 minuti"},"schema":{"@context":"https:\/\/schema.org","@graph":[{"@type":"WebPage","@id":"https:\/\/www.accuratereviews.com\/it\/software-gestione-brand\/flipsnack-recensione\/","url":"https:\/\/www.accuratereviews.com\/it\/software-gestione-brand\/flipsnack-recensione\/","name":"Flipsnack: recensione software gestione brand - Accurate Reviews","isPartOf":{"@id":"https:\/\/www.accuratereviews.com\/it\/#website"},"primaryImageOfPage":{"@id":"https:\/\/www.accuratereviews.com\/it\/software-gestione-brand\/flipsnack-recensione\/#primaryimage"},"image":{"@id":"https:\/\/www.accuratereviews.com\/it\/software-gestione-brand\/flipsnack-recensione\/#primaryimage"},"thumbnailUrl":"https:\/\/www.accuratereviews.com\/wp-content\/uploads\/2021\/07\/Flipsnack.jpg","datePublished":"2021-07-06T12:52:58+00:00","description":"Flipsnack: recensione strumento di pubblicazione online\u00a0utilizzato da persone di tutto il mondo per creare e pubblicare cataloghi digitali.","breadcrumb":{"@id":"https:\/\/www.accuratereviews.com\/it\/software-gestione-brand\/flipsnack-recensione\/#breadcrumb"},"inLanguage":"it-IT","potentialAction":[{"@type":"ReadAction","target":["https:\/\/www.accuratereviews.com\/it\/software-gestione-brand\/flipsnack-recensione\/"]}]},{"@type":"ImageObject","inLanguage":"it-IT","@id":"https:\/\/www.accuratereviews.com\/it\/software-gestione-brand\/flipsnack-recensione\/#primaryimage","url":"https:\/\/www.accuratereviews.com\/wp-content\/uploads\/2021\/07\/Flipsnack.jpg","contentUrl":"https:\/\/www.accuratereviews.com\/wp-content\/uploads\/2021\/07\/Flipsnack.jpg","width":452,"height":452},{"@type":"BreadcrumbList","@id":"https:\/\/www.accuratereviews.com\/it\/software-gestione-brand\/flipsnack-recensione\/#breadcrumb","itemListElement":[{"@type":"ListItem","position":1,"name":"Home","item":"https:\/\/www.accuratereviews.com\/it\/"},{"@type":"ListItem","position":2,"name":"Software per la gestione dei brand","item":"https:\/\/www.accuratereviews.com\/it\/software-gestione-brand\/"},{"@type":"ListItem","position":3,"name":"Flipsnack"}]},{"@type":"WebSite","@id":"https:\/\/www.accuratereviews.com\/it\/#website","url":"https:\/\/www.accuratereviews.com\/it\/","name":"Accurate Reviews","description":"","potentialAction":[{"@type":"SearchAction","target":{"@type":"EntryPoint","urlTemplate":"https:\/\/www.accuratereviews.com\/it\/?s={search_term_string}"},"query-input":{"@type":"PropertyValueSpecification","valueRequired":true,"valueName":"search_term_string"}}],"inLanguage":"it-IT"}]}},"_links":{"self":[{"href":"https:\/\/www.accuratereviews.com\/it\/wp-json\/wp\/v2\/pages\/45139","targetHints":{"allow":["GET"]}}],"collection":[{"href":"https:\/\/www.accuratereviews.com\/it\/wp-json\/wp\/v2\/pages"}],"about":[{"href":"https:\/\/www.accuratereviews.com\/it\/wp-json\/wp\/v2\/types\/page"}],"author":[{"embeddable":true,"href":"https:\/\/www.accuratereviews.com\/it\/wp-json\/wp\/v2\/users\/16"}],"replies":[{"embeddable":true,"href":"https:\/\/www.accuratereviews.com\/it\/wp-json\/wp\/v2\/comments?post=45139"}],"version-history":[{"count":9,"href":"https:\/\/www.accuratereviews.com\/it\/wp-json\/wp\/v2\/pages\/45139\/revisions"}],"predecessor-version":[{"id":45180,"href":"https:\/\/www.accuratereviews.com\/it\/wp-json\/wp\/v2\/pages\/45139\/revisions\/45180"}],"up":[{"embeddable":true,"href":"https:\/\/www.accuratereviews.com\/it\/wp-json\/wp\/v2\/pages\/44787"}],"wp:featuredmedia":[{"embeddable":true,"href":"https:\/\/www.accuratereviews.com\/it\/wp-json\/wp\/v2\/media\/45140"}],"wp:attachment":[{"href":"https:\/\/www.accuratereviews.com\/it\/wp-json\/wp\/v2\/media?parent=45139"}],"wp:term":[{"taxonomy":"category","embeddable":true,"href":"https:\/\/www.accuratereviews.com\/it\/wp-json\/wp\/v2\/categories?post=45139"},{"taxonomy":"post_tag","embeddable":true,"href":"https:\/\/www.accuratereviews.com\/it\/wp-json\/wp\/v2\/tags?post=45139"},{"taxonomy":"features","embeddable":true,"href":"https:\/\/www.accuratereviews.com\/it\/wp-json\/wp\/v2\/features?post=45139"}],"curies":[{"name":"wp","href":"https:\/\/api.w.org\/{rel}","templated":true}]}}