{"id":45194,"date":"2021-07-07T10:06:44","date_gmt":"2021-07-07T10:06:44","guid":{"rendered":"https:\/\/www.accuratereviews.com\/?page_id=45194"},"modified":"2021-07-07T10:06:44","modified_gmt":"2021-07-07T10:06:44","slug":"justuno-recensione","status":"publish","type":"page","link":"https:\/\/www.accuratereviews.com\/it\/software-gestione-brand\/justuno-recensione\/","title":{"rendered":"Justuno"},"content":{"rendered":"<p><strong>Justuno<\/strong> \u00e8 un <strong>software di ottimizzazione delle conversioni<\/strong> che possiede una solida suite di strumenti progettati per aumentare le vendite, far crescere gli elenchi dei contatti email e migliorare le promozioni in loco. Sfruttando la potenza dei dati degli utenti in tempo reale, il software aiuta le agenzie di marketing digitale e i professionisti del settore pubblicitario a ottenere risultati significativi per i propri clienti aumentando le loro quote di pubblico mentre i commercianti vedono le loro conversioni aumentare. Possiede inoltre funzionalit\u00e0 potenti come test A\/B, targeting comportamentale, targeting geografico e analisi lavorano tutte insieme per aiutare gli utenti a creare campagne di marketing efficaci che generano lead e migliorano notevolmente i tassi di conversione, il tutto per un aumento considerevole delle entrate.<\/p>\n<h2>JUSTUNO &#8211; TUTORIAL<\/h2>\n<p>Diamo uno sguardo a questo <strong>software di gestione dei brand<\/strong>:<\/p>\n<div id=\"fluid-wrapper-counter-1\" class=\"g1-fluid-wrapper \" style=\"width:686px;\">\n<div style=\"padding-bottom:56.268221574344%;\"><iframe loading=\"lazy\" title=\"Welcome to Justuno The Leading Visitor Conversion Rate Optimization Suite for E-commerce\" width=\"686\" height=\"386\" src=\"https:\/\/www.youtube.com\/embed\/DmP-7ABHYO4?feature=oembed&amp;wmode=transparent&amp;autohide=1&amp;autoplay=0&amp;disablekb=0&amp;fs=1&amp;loop=0&amp;enablejsapi=1&amp;rel=0&amp;controls=2&amp;showinfo=0&amp;wmode=transparent&amp;autohide=2&amp;autoplay=0&amp;disablekb=0&amp;fs=1&amp;loop=0&amp;enablejsapi=1&amp;rel=0&amp;controls=2&amp;showinfo=1\" frameborder=\"0\" allow=\"accelerometer; autoplay; clipboard-write; encrypted-media; gyroscope; picture-in-picture\" allowfullscreen><\/iframe><\/div>\n<\/div>\n<h3>JUSTUNO &#8211; CARATTERISTICHE<\/h3>\n<ul>\n<li><strong>A\/B test <\/strong>di contenuto e variazioni di design per trovare la versione che sta meglio con i visitatori e ottimizzare continuamente l&#8217;esperienza del tuo sito con decisioni basate sui dati<\/li>\n<li><strong>AnalyticsTargeting comportamentale avanzato:<\/strong> le regole di targeting incentrate sul laser semplificano la segmentazione del pubblico in base a modelli comportamentali offrendo messaggi personalizzati a ogni visitatore<\/li>\n<li><strong>Promozioni specifiche per dispositivi mobili:<\/strong> crea promozioni incentrate sui dispositivi mobili e sfrutta messaggi discreti per sfruttare la potenza della generazione mobile e favorire le conversioni.<\/li>\n<li><strong>Messaggistica omnicanale<\/strong>: da Facebook Messenger e aggiornamenti sms a pop-up e notifiche push. Fornisci messaggi mirati con una voce del marchio coerente e unificata per creare relazioni uno a uno con ogni visitatore del tuo sito<\/li>\n<li><strong>Segmentazione del pubblico<\/strong>: la segmentazione intelligente del pubblico ti aiuta a dividere i tuoi visitatori in sottogruppi per fornire messaggi personali e pertinenti che guidano le vendite<\/li>\n<li><strong>Opzioni di progettazione flessibili<\/strong>: utilizza modelli personalizzabili per allinearli all&#8217;aspetto del tuo marchio. Prendi ispirazione da una libreria di modelli di esperienza predefiniti, tra cui decine di modelli di consigli pronti per l&#8217;uso o creane uno da zero.<\/li>\n<\/ul>\n<h4>LE RECENSIONI DEGLI UTENTI<\/h4>\n<p class=\"font-weight-bold mb-1 d-flex align-items-center\"><strong>Edwin W.&#8221;Recensione utente JustUno&#8221;<\/strong><\/p>\n<p><strong>Commenti: <\/strong>La mia esperienza complessiva con JustUno \u00e8 fantastica. In realt\u00e0 non riesco a pensare a un altro software che offra tutto ci\u00f2 che fa JustUno, senza chiedere pagamenti mensili. JustUno \u00e8 uno strumento gratuito con strumenti basati sull&#8217;analisi per aiutare a catturare i lead per le vendite.<\/p>\n<p><strong>Pro: <\/strong>JustUno \u00e8 un ottimo strumento per acquisire lead (e-mail) sul tuo sito web. Se sei il proprietario di un&#8217;attivit\u00e0 di ecommerce, potresti sapere che l&#8217;email offre un ottimo ritorno sull&#8217;investimento. JustUno offre molti strumenti diversi nella raccolta di lead email, che non sono troppo invasivi per il tuo sito web.<\/p>\n<p><strong>Conto: <\/strong>Il software ogni tanto si guasta. In particolare, lo strumento di progettazione. Quando si personalizzano i pop-up di posta elettronica, con il loro strumento di progettazione, tende a rallentare ed \u00e8 un po&#8217; difficile da navigare. Potrebbe essere meglio attenersi ai loro modelli predefiniti!<\/p>\n<p class=\"font-weight-bold mb-1 d-flex align-items-center\"><strong>Leonardo I.&#8221;Proprietario di una piccola attivit\u00e0&#8221;<\/strong><\/p>\n<p><strong>Commenti: <\/strong>Poich\u00e9 Justuno non offre una soluzione di email marketing, sarebbe saggio migliorare il modo in cui il suo software si connette a queste piattaforme. Ho dovuto scaricare, di volta in volta, un file CSV e trasferire manualmente i contatti acquisiti. Tuttavia, i pop-up di Justuno sono fantastici; sono super accattivanti e dall&#8217;aspetto professionale.<\/p>\n<p><strong>Pro: <\/strong>Con Justuno, posso creare pop-up molto accattivanti per il mio e-commerce. Finora, non ho visto nessun&#8217;altra piattaforma di marketing che mi permetta messaggi pop-up cos\u00ec belli.<\/p>\n<p><strong>Contro: <\/strong>Ho difficolt\u00e0 a trasferire i lead che raccolgo con i pop-up di Justuno ad altre piattaforme di email marketing che sto testando (Mailchimp, Seguno e Klaviyo). Justuno offre una connessione con Mailchimp, ma non sono riuscito a farlo funzionare. Forse c&#8217;\u00e8 qualcosa che non va nella mia configurazione.<\/p>\n<p class=\"font-weight-bold mb-1 d-flex align-items-center\"><strong>Andrew P.&#8221;Justuno ha fatto una grande differenza nei banner del nostro negozio e nell&#8217;acquisizione di email.&#8221;<\/strong><\/p>\n<p><strong>Pro: <\/strong>\u00c8 molto flessibile: colori, grafica, funzionalit\u00e0. Avere la possibilit\u00e0 di creare pop-up programmati con codici sconto unici in varie localit\u00e0 ha un impatto enorme. Facile da usare e configurare su pi\u00f9 siti. E il servizio clienti \u00e8 molto veloce, se necessario.<\/p>\n<p><strong>Contro: <\/strong>Onestamente, sono molto contento di Justuno e non ho lamentele. Semmai, direi che l&#8217;interfaccia di progettazione richiede un po&#8217; di tempo per abituarsi, molte funzionalit\u00e0 da capire. Ma nel complesso, ci vuole solo poco tempo.<\/p>\n","protected":false},"excerpt":{"rendered":"<p>Justuno \u00e8 un software di ottimizzazione delle conversioni che possiede una solida suite di strumenti progettati per aumentare le conversioni di vendita, far crescere gli elenchi dei contatti email e migliorare le promozioni in loco. Sfruttando la potenza dei dati degli utenti in tempo reale, il software aiuta le agenzie di marketing digitale e i professionisti del settore pubblicitario a ottenere risultati significativi per i propri clienti. <\/p>\n","protected":false},"author":16,"featured_media":45195,"parent":44787,"menu_order":0,"comment_status":"open","ping_status":"closed","template":"g1_template_page_review_new.php","meta":{"_acf_changed":false,"cwp_meta_box_check":"Yes","cwp_rev_product_name":"","cwp_rev_product_image":"","wppr_links":[],"cwp_rev_price":"","wppr_options":[],"wppr_pros":[],"wppr_cons":[],"_monsterinsights_skip_tracking":false,"_monsterinsights_sitenote_active":false,"_monsterinsights_sitenote_note":"","_monsterinsights_sitenote_category":0,"footnotes":""},"categories":[10573],"tags":[10668,10669,10580,10579,10575,10582],"features":[],"class_list":{"0":"post-45194","1":"page","2":"type-page","3":"status-publish","4":"has-post-thumbnail","6":"category-software-gestione-brand-categoria","7":"tag-gestione-del-brand","8":"tag-justuno","9":"tag-piattaforma-gestione-brand","10":"tag-programma-gestione-brand","11":"tag-software-gestione-brand","12":"tag-soluzione-gestione-brand"},"wppr_data":{"cwp_meta_box_check":"Yes","cwp_rev_product_name":"","cwp_rev_product_image":"","cwp_image_link":"image","cwp_rev_price":"","wppr_rating":"0.00"},"acf":[],"yoast_head":"<!-- This site is optimized with the Yoast SEO plugin v27.4 - https:\/\/yoast.com\/product\/yoast-seo-wordpress\/ -->\n<title>Justuno: recensione software gestione brand - Accurate Reviews<\/title>\n<meta name=\"description\" content=\"Justuno: recensione software gestione brand che possiede una solida suite di strumenti progettati per aumentare le conversioni di vendita.\" \/>\n<meta name=\"robots\" content=\"index, follow, max-snippet:-1, max-image-preview:large, max-video-preview:-1\" \/>\n<link rel=\"canonical\" href=\"https:\/\/www.accuratereviews.com\/it\/software-gestione-brand\/justuno-recensione\/\" \/>\n<meta property=\"og:locale\" content=\"it_IT\" \/>\n<meta property=\"og:type\" content=\"article\" \/>\n<meta property=\"og:title\" content=\"Justuno: recensione software gestione brand - Accurate Reviews\" \/>\n<meta property=\"og:description\" content=\"Justuno: recensione software gestione brand che possiede una solida suite di strumenti progettati per aumentare le conversioni di vendita.\" \/>\n<meta property=\"og:url\" content=\"https:\/\/www.accuratereviews.com\/it\/software-gestione-brand\/justuno-recensione\/\" \/>\n<meta property=\"og:site_name\" content=\"Accurate Reviews\" \/>\n<meta property=\"og:image\" content=\"https:\/\/www.accuratereviews.com\/wp-content\/uploads\/2021\/07\/justuno.png\" \/>\n\t<meta property=\"og:image:width\" content=\"493\" \/>\n\t<meta property=\"og:image:height\" content=\"200\" \/>\n\t<meta property=\"og:image:type\" content=\"image\/png\" \/>\n<meta name=\"twitter:card\" content=\"summary_large_image\" \/>\n<meta name=\"twitter:label1\" content=\"Tempo di lettura stimato\" \/>\n\t<meta name=\"twitter:data1\" content=\"4 minuti\" \/>\n<script type=\"application\/ld+json\" class=\"yoast-schema-graph\">{\"@context\":\"https:\\\/\\\/schema.org\",\"@graph\":[{\"@type\":\"WebPage\",\"@id\":\"https:\\\/\\\/www.accuratereviews.com\\\/it\\\/software-gestione-brand\\\/justuno-recensione\\\/\",\"url\":\"https:\\\/\\\/www.accuratereviews.com\\\/it\\\/software-gestione-brand\\\/justuno-recensione\\\/\",\"name\":\"Justuno: recensione software gestione brand - Accurate Reviews\",\"isPartOf\":{\"@id\":\"https:\\\/\\\/www.accuratereviews.com\\\/it\\\/#website\"},\"primaryImageOfPage\":{\"@id\":\"https:\\\/\\\/www.accuratereviews.com\\\/it\\\/software-gestione-brand\\\/justuno-recensione\\\/#primaryimage\"},\"image\":{\"@id\":\"https:\\\/\\\/www.accuratereviews.com\\\/it\\\/software-gestione-brand\\\/justuno-recensione\\\/#primaryimage\"},\"thumbnailUrl\":\"https:\\\/\\\/www.accuratereviews.com\\\/wp-content\\\/uploads\\\/2021\\\/07\\\/justuno.png\",\"datePublished\":\"2021-07-07T10:06:44+00:00\",\"description\":\"Justuno: recensione software gestione brand che possiede una solida suite di strumenti progettati per aumentare le conversioni di vendita.\",\"breadcrumb\":{\"@id\":\"https:\\\/\\\/www.accuratereviews.com\\\/it\\\/software-gestione-brand\\\/justuno-recensione\\\/#breadcrumb\"},\"inLanguage\":\"it-IT\",\"potentialAction\":[{\"@type\":\"ReadAction\",\"target\":[\"https:\\\/\\\/www.accuratereviews.com\\\/it\\\/software-gestione-brand\\\/justuno-recensione\\\/\"]}]},{\"@type\":\"ImageObject\",\"inLanguage\":\"it-IT\",\"@id\":\"https:\\\/\\\/www.accuratereviews.com\\\/it\\\/software-gestione-brand\\\/justuno-recensione\\\/#primaryimage\",\"url\":\"https:\\\/\\\/www.accuratereviews.com\\\/wp-content\\\/uploads\\\/2021\\\/07\\\/justuno.png\",\"contentUrl\":\"https:\\\/\\\/www.accuratereviews.com\\\/wp-content\\\/uploads\\\/2021\\\/07\\\/justuno.png\",\"width\":493,\"height\":200},{\"@type\":\"BreadcrumbList\",\"@id\":\"https:\\\/\\\/www.accuratereviews.com\\\/it\\\/software-gestione-brand\\\/justuno-recensione\\\/#breadcrumb\",\"itemListElement\":[{\"@type\":\"ListItem\",\"position\":1,\"name\":\"Home\",\"item\":\"https:\\\/\\\/www.accuratereviews.com\\\/it\\\/\"},{\"@type\":\"ListItem\",\"position\":2,\"name\":\"Software per la gestione dei brand\",\"item\":\"https:\\\/\\\/www.accuratereviews.com\\\/it\\\/software-gestione-brand\\\/\"},{\"@type\":\"ListItem\",\"position\":3,\"name\":\"Justuno\"}]},{\"@type\":\"WebSite\",\"@id\":\"https:\\\/\\\/www.accuratereviews.com\\\/it\\\/#website\",\"url\":\"https:\\\/\\\/www.accuratereviews.com\\\/it\\\/\",\"name\":\"Accurate Reviews\",\"description\":\"\",\"potentialAction\":[{\"@type\":\"SearchAction\",\"target\":{\"@type\":\"EntryPoint\",\"urlTemplate\":\"https:\\\/\\\/www.accuratereviews.com\\\/it\\\/?s={search_term_string}\"},\"query-input\":{\"@type\":\"PropertyValueSpecification\",\"valueRequired\":true,\"valueName\":\"search_term_string\"}}],\"inLanguage\":\"it-IT\"}]}<\/script>\n<!-- \/ Yoast SEO plugin. -->","yoast_head_json":{"title":"Justuno: recensione software gestione brand - Accurate Reviews","description":"Justuno: recensione software gestione brand che possiede una solida suite di strumenti progettati per aumentare le conversioni di vendita.","robots":{"index":"index","follow":"follow","max-snippet":"max-snippet:-1","max-image-preview":"max-image-preview:large","max-video-preview":"max-video-preview:-1"},"canonical":"https:\/\/www.accuratereviews.com\/it\/software-gestione-brand\/justuno-recensione\/","og_locale":"it_IT","og_type":"article","og_title":"Justuno: recensione software gestione brand - Accurate Reviews","og_description":"Justuno: recensione software gestione brand che possiede una solida suite di strumenti progettati per aumentare le conversioni di vendita.","og_url":"https:\/\/www.accuratereviews.com\/it\/software-gestione-brand\/justuno-recensione\/","og_site_name":"Accurate Reviews","og_image":[{"width":493,"height":200,"url":"https:\/\/www.accuratereviews.com\/wp-content\/uploads\/2021\/07\/justuno.png","type":"image\/png"}],"twitter_card":"summary_large_image","twitter_misc":{"Tempo di lettura stimato":"4 minuti"},"schema":{"@context":"https:\/\/schema.org","@graph":[{"@type":"WebPage","@id":"https:\/\/www.accuratereviews.com\/it\/software-gestione-brand\/justuno-recensione\/","url":"https:\/\/www.accuratereviews.com\/it\/software-gestione-brand\/justuno-recensione\/","name":"Justuno: recensione software gestione brand - Accurate Reviews","isPartOf":{"@id":"https:\/\/www.accuratereviews.com\/it\/#website"},"primaryImageOfPage":{"@id":"https:\/\/www.accuratereviews.com\/it\/software-gestione-brand\/justuno-recensione\/#primaryimage"},"image":{"@id":"https:\/\/www.accuratereviews.com\/it\/software-gestione-brand\/justuno-recensione\/#primaryimage"},"thumbnailUrl":"https:\/\/www.accuratereviews.com\/wp-content\/uploads\/2021\/07\/justuno.png","datePublished":"2021-07-07T10:06:44+00:00","description":"Justuno: recensione software gestione brand che possiede una solida suite di strumenti progettati per aumentare le conversioni di vendita.","breadcrumb":{"@id":"https:\/\/www.accuratereviews.com\/it\/software-gestione-brand\/justuno-recensione\/#breadcrumb"},"inLanguage":"it-IT","potentialAction":[{"@type":"ReadAction","target":["https:\/\/www.accuratereviews.com\/it\/software-gestione-brand\/justuno-recensione\/"]}]},{"@type":"ImageObject","inLanguage":"it-IT","@id":"https:\/\/www.accuratereviews.com\/it\/software-gestione-brand\/justuno-recensione\/#primaryimage","url":"https:\/\/www.accuratereviews.com\/wp-content\/uploads\/2021\/07\/justuno.png","contentUrl":"https:\/\/www.accuratereviews.com\/wp-content\/uploads\/2021\/07\/justuno.png","width":493,"height":200},{"@type":"BreadcrumbList","@id":"https:\/\/www.accuratereviews.com\/it\/software-gestione-brand\/justuno-recensione\/#breadcrumb","itemListElement":[{"@type":"ListItem","position":1,"name":"Home","item":"https:\/\/www.accuratereviews.com\/it\/"},{"@type":"ListItem","position":2,"name":"Software per la gestione dei brand","item":"https:\/\/www.accuratereviews.com\/it\/software-gestione-brand\/"},{"@type":"ListItem","position":3,"name":"Justuno"}]},{"@type":"WebSite","@id":"https:\/\/www.accuratereviews.com\/it\/#website","url":"https:\/\/www.accuratereviews.com\/it\/","name":"Accurate Reviews","description":"","potentialAction":[{"@type":"SearchAction","target":{"@type":"EntryPoint","urlTemplate":"https:\/\/www.accuratereviews.com\/it\/?s={search_term_string}"},"query-input":{"@type":"PropertyValueSpecification","valueRequired":true,"valueName":"search_term_string"}}],"inLanguage":"it-IT"}]}},"_links":{"self":[{"href":"https:\/\/www.accuratereviews.com\/it\/wp-json\/wp\/v2\/pages\/45194","targetHints":{"allow":["GET"]}}],"collection":[{"href":"https:\/\/www.accuratereviews.com\/it\/wp-json\/wp\/v2\/pages"}],"about":[{"href":"https:\/\/www.accuratereviews.com\/it\/wp-json\/wp\/v2\/types\/page"}],"author":[{"embeddable":true,"href":"https:\/\/www.accuratereviews.com\/it\/wp-json\/wp\/v2\/users\/16"}],"replies":[{"embeddable":true,"href":"https:\/\/www.accuratereviews.com\/it\/wp-json\/wp\/v2\/comments?post=45194"}],"version-history":[{"count":10,"href":"https:\/\/www.accuratereviews.com\/it\/wp-json\/wp\/v2\/pages\/45194\/revisions"}],"predecessor-version":[{"id":45241,"href":"https:\/\/www.accuratereviews.com\/it\/wp-json\/wp\/v2\/pages\/45194\/revisions\/45241"}],"up":[{"embeddable":true,"href":"https:\/\/www.accuratereviews.com\/it\/wp-json\/wp\/v2\/pages\/44787"}],"wp:featuredmedia":[{"embeddable":true,"href":"https:\/\/www.accuratereviews.com\/it\/wp-json\/wp\/v2\/media\/45195"}],"wp:attachment":[{"href":"https:\/\/www.accuratereviews.com\/it\/wp-json\/wp\/v2\/media?parent=45194"}],"wp:term":[{"taxonomy":"category","embeddable":true,"href":"https:\/\/www.accuratereviews.com\/it\/wp-json\/wp\/v2\/categories?post=45194"},{"taxonomy":"post_tag","embeddable":true,"href":"https:\/\/www.accuratereviews.com\/it\/wp-json\/wp\/v2\/tags?post=45194"},{"taxonomy":"features","embeddable":true,"href":"https:\/\/www.accuratereviews.com\/it\/wp-json\/wp\/v2\/features?post=45194"}],"curies":[{"name":"wp","href":"https:\/\/api.w.org\/{rel}","templated":true}]}}