{"id":45206,"date":"2021-07-07T10:10:20","date_gmt":"2021-07-07T10:10:20","guid":{"rendered":"https:\/\/www.accuratereviews.com\/?page_id=45206"},"modified":"2021-07-07T10:10:20","modified_gmt":"2021-07-07T10:10:20","slug":"bynder-recensione","status":"publish","type":"page","link":"https:\/\/www.accuratereviews.com\/it\/software-gestione-brand\/bynder-recensione\/","title":{"rendered":"Bynder"},"content":{"rendered":"<p><strong>Bynder<\/strong> \u00e8 una <strong>soluzione di pubblicizzazione del marchio<\/strong> utilizzata per automatizzare e semplificare tutti i processi relativi alla condivisione e alla gestione degli strumenti di branding e marketing della tua azienda. La soluzione ti aiuter\u00e0 a facilitare il processo collaborativo, archiviare risorse digitali di tutte le forme e dimensioni in modo efficiente e ti dar\u00e0 una migliore comprensione della distribuzione dei tuoi materiali di marketing.\u00a0Lavorare con <strong>Bynder<\/strong> \u00e8 facile. L&#8217;azienda ha sviluppato ogni singola funzionalit\u00e0 dal punto di vista dell&#8217;utente finale. Pertanto, \u00e8 intuitivo da usare e per iniziare \u00e8 necessaria poca formazione. La tassonomia e l&#8217;interfaccia possono essere completamente personalizzate in base all&#8217;aspetto grafico del tuo marchio, aumentando l&#8217;adozione del sistema. Completamente basato su <strong>cloud<\/strong>,\u00a0\u00e8 accessibile dal tuo browser web in qualsiasi momento da qualsiasi parte del mondo.<\/p>\n<h2>BYNDER &#8211; TUTORIAL<\/h2>\n<p>Utilizza i tag avanzati di questa <strong>soluzione di gestione dei brand<\/strong>\u00a0per migliorare la scoperta dei prodotti di ecommerce, ottenere analisi migliori e fornire consigli migliori:<\/p>\n<div id=\"fluid-wrapper-counter-1\" class=\"g1-fluid-wrapper \" style=\"width:686px;\">\n<div style=\"padding-bottom:56.268221574344%;\"><iframe loading=\"lazy\" title=\"Bynder x Pixyle.ai - AI-Powered Digital Asset Management\" width=\"686\" height=\"386\" src=\"https:\/\/www.youtube.com\/embed\/CBx4VvWTULU?feature=oembed&amp;wmode=transparent&amp;autohide=1&amp;autoplay=0&amp;disablekb=0&amp;fs=1&amp;loop=0&amp;enablejsapi=1&amp;rel=0&amp;controls=2&amp;showinfo=0&amp;wmode=transparent&amp;autohide=2&amp;autoplay=0&amp;disablekb=0&amp;fs=1&amp;loop=0&amp;enablejsapi=1&amp;rel=0&amp;controls=2&amp;showinfo=1\" frameborder=\"0\" allow=\"accelerometer; autoplay; clipboard-write; encrypted-media; gyroscope; picture-in-picture\" allowfullscreen><\/iframe><\/div>\n<\/div>\n<h3>BYNDER &#8211; CARATTERISTICHE<\/h3>\n<ul>\n<li><strong>Organizza e trova facilmente i tuoi file<\/strong>: uno sportello unico per la gestione delle tue risorse digitali. Organizza e trova ci\u00f2 di cui hai bisogno in un istante con una struttura di filtri intuitiva su misura per le esigenze esatte della tua attivit\u00e0<\/li>\n<li><strong>Controlla l&#8217;accesso e i diritti di utilizzo<\/strong>: proteggi la reputazione del tuo marchio. Le autorizzazioni di accesso e utilizzo garantiscono agli utenti la tranquillit\u00e0 di vedere solo le risorse rilevanti per loro, eliminando il rischio che vengano pubblicati contenuti non approvati<\/li>\n<li><strong>Condividi file internamente ed esternamente<\/strong>: condividi in modo sicuro i contenuti direttamente dal tuo sistema DAM, sia internamente che esternamente. Monitora l&#8217;utilizzo delle risorse dopo che sono state condivise con la possibilit\u00e0 di impostare date di scadenza e tenere traccia della cronologia di condivisione<\/li>\n<li><strong>Ottimizzazione automatica delle risorse con Dynamic Asset Transformation (DAT)<\/strong>: ottieni il massimo dalle tue preziose risorse integrando perfettamente DAT nel motore dei contenuti DAM<\/li>\n<li><strong>Scarica i file nel formato desiderato<\/strong>: garantisci la coerenza dei contenuti su tutti i touchpoint digitali. Scarica le risorse in formati prefissati specifici del canale con l&#8217;opzione di ritagliare e modificare, in modo da poter ottenere contenuti in modo rapido e coerente<\/li>\n<li><strong>Basato sul web per un accesso e un utilizzo rapidi<\/strong>: niente pi\u00f9 PDF statici e obsoleti. Le nostre guide ai marchi dinamiche basate sul web sono facili da configurare e accessibili a livello globale, cos\u00ec puoi assicurarti che le parti interessate interne ed esterne sappiano esattamente come rimanere sul marchio.<\/li>\n<li><strong>Standardizzare le richieste di creativit\u00e0<\/strong>: con il flusso di lavoro creativo, rimani aggiornato sulle richieste<\/li>\n<li><strong>Rivedi e prova i tuoi contenuti<\/strong>: con flussi di lavoro configurabili, coinvolgi le parti interessate giuste al momento giusto per far s\u00ec che i cicli di revisione continuino rapidamente.\u00a0Usa annotazioni, assegna attivit\u00e0 e aggiungi commenti per collaborare sui tuoi contenuti e\/o confrontare le versioni.<\/li>\n<\/ul>\n<h4>LE RECENSIONI DEGLI UTENTI<\/h4>\n<p class=\"font-weight-bold mb-1 d-flex align-items-center\"><strong>Mayank G.&#8221;Soddisfa tutte le esigenze di gestione del progetto di uno studio di animazione&#8221;<\/strong><\/p>\n<p><strong>Commenti: <\/strong>Bynder \u00e8 la piattaforma in cui gestiamo i nostri progetti di animazione e soddisfa i nostri requisiti di gestione dei progetti in modo perfetto fino ad ora, ad eccezione dello strumento di reporting.<\/p>\n<p><strong>Pro: <\/strong>Bynder \u00e8 la piattaforma di project management pi\u00f9 user-friendly e facile da usare con le sue relative funzionalit\u00e0 estese come lo studio del marchio video, il gestore del flusso di lavoro e l&#8217;infrastruttura di gestione delle risorse digitali.<\/p>\n<p><strong>Contro: <\/strong>Sebbene nel complesso Bynder sia la piattaforma di gestione dei progetti pi\u00f9 user-friendly e facile da usare, \u00e8 difficile dire che lo strumento di report sia cos\u00ec facile da usare e sufficiente per riflettere tutti i dati statistici richiesti.<\/p>\n<p class=\"font-weight-bold mb-1 d-flex align-items-center\"><strong>Jade J.&#8221;Un giorno nella vita di WebDam&#8221;<\/strong><\/p>\n<p><strong>Commenti: <\/strong>La mia esperienza complessiva con WebDam\/Bynder \u00e8 stata fantastica. Il servizio clienti \u00e8 eccezionale&#8230; voglio dire che vanno ben oltre quello che potrei chiedere. Cos\u00ec professionale e disponibile.<\/p>\n<p><strong>Pro: <\/strong>Ci\u00f2 che inizialmente mi ha attratto di WebDam \u00e8 stato il basso costo e la funzionalit\u00e0.<\/p>\n<p><strong>Contro: <\/strong>L&#8217;unica cosa che mi piace di meno di WebDam \u00e8 che le cartelle non possono essere trascinate e rilasciate nella finestra di caricamento e che non vengono visualizzate nelle ricerche.<\/p>\n<p class=\"font-weight-bold mb-1 d-flex align-items-center\"><strong>Heather O.&#8221;Bynder \/ WebDAM&#8221;<\/strong><\/p>\n<p><strong>Commenti: <\/strong>Fin dall&#8217;inizio hanno fatto di tutto per assicurarsi che fossimo felici e che il sistema funzionasse per noi.<\/p>\n<p><strong>Pro: <\/strong>Tutto ci\u00f2 che riguarda l&#8217;avere questo software \u00e8 stato fantastico. Ci piace di pi\u00f9 il Servizio Clienti.<\/p>\n<p><strong>Contro: <\/strong>Ci sono alcune cose\/caratteristiche che vorremmo facessero ma ad oggi ancora non sono state implementate.<\/p>\n","protected":false},"excerpt":{"rendered":"<p>Bynder \u00e8 una soluzione di pubblicizzazione del marchio utilizzata per automatizzare e semplificare tutti i processi relativi alla condivisione e alla gestione degli strumenti di branding e marketing della tua azienda. La soluzione ti aiuter\u00e0 a facilitare il processo collaborativo, archiviare risorse digitali di tutte le forme e dimensioni in modo efficiente e ti dar\u00e0 una migliore comprensione della distribuzione dei tuoi materiali di marketing.\u00a0<\/p>\n","protected":false},"author":16,"featured_media":45207,"parent":44787,"menu_order":0,"comment_status":"open","ping_status":"closed","template":"g1_template_page_review_new.php","meta":{"_acf_changed":false,"cwp_meta_box_check":"Yes","cwp_rev_product_name":"","cwp_rev_product_image":"","wppr_links":[],"cwp_rev_price":"","wppr_options":[],"wppr_pros":[],"wppr_cons":[],"_monsterinsights_skip_tracking":false,"_monsterinsights_sitenote_active":false,"_monsterinsights_sitenote_note":"","_monsterinsights_sitenote_category":0,"footnotes":""},"categories":[10573],"tags":[10667,396,10577,10580,10579,10575,10582],"features":[],"class_list":{"0":"post-45206","1":"page","2":"type-page","3":"status-publish","4":"has-post-thumbnail","6":"category-software-gestione-brand-categoria","7":"tag-bynder","8":"tag-cloud","9":"tag-gestione-brand","10":"tag-piattaforma-gestione-brand","11":"tag-programma-gestione-brand","12":"tag-software-gestione-brand","13":"tag-soluzione-gestione-brand"},"wppr_data":{"cwp_meta_box_check":"Yes","cwp_rev_product_name":"","cwp_rev_product_image":"","cwp_image_link":"image","cwp_rev_price":"","wppr_rating":"0.00"},"acf":[],"yoast_head":"<!-- This site is optimized with the Yoast SEO plugin v27.4 - https:\/\/yoast.com\/product\/yoast-seo-wordpress\/ -->\n<title>Bynder: recensione software gestione del brand - Accurate Reviews<\/title>\n<meta name=\"description\" content=\"Bynder: recensione soluzione di pubblicizzazione del marchio utilizzata per automatizzare e semplificare tutti i processi relativi al brand.\" \/>\n<meta name=\"robots\" content=\"index, follow, max-snippet:-1, max-image-preview:large, max-video-preview:-1\" \/>\n<link rel=\"canonical\" href=\"https:\/\/www.accuratereviews.com\/it\/software-gestione-brand\/bynder-recensione\/\" \/>\n<meta property=\"og:locale\" content=\"it_IT\" \/>\n<meta property=\"og:type\" content=\"article\" \/>\n<meta property=\"og:title\" content=\"Bynder: recensione software gestione del brand - Accurate Reviews\" \/>\n<meta property=\"og:description\" content=\"Bynder: recensione soluzione di pubblicizzazione del marchio utilizzata per automatizzare e semplificare tutti i processi relativi al brand.\" \/>\n<meta property=\"og:url\" content=\"https:\/\/www.accuratereviews.com\/it\/software-gestione-brand\/bynder-recensione\/\" \/>\n<meta property=\"og:site_name\" content=\"Accurate Reviews\" \/>\n<meta property=\"og:image\" content=\"https:\/\/www.accuratereviews.com\/wp-content\/uploads\/2021\/07\/Bynder.jpg\" \/>\n\t<meta property=\"og:image:width\" content=\"300\" \/>\n\t<meta property=\"og:image:height\" content=\"300\" \/>\n\t<meta property=\"og:image:type\" content=\"image\/jpeg\" \/>\n<meta name=\"twitter:card\" content=\"summary_large_image\" \/>\n<meta name=\"twitter:label1\" content=\"Tempo di lettura stimato\" \/>\n\t<meta name=\"twitter:data1\" content=\"4 minuti\" \/>\n<script type=\"application\/ld+json\" class=\"yoast-schema-graph\">{\"@context\":\"https:\\\/\\\/schema.org\",\"@graph\":[{\"@type\":\"WebPage\",\"@id\":\"https:\\\/\\\/www.accuratereviews.com\\\/it\\\/software-gestione-brand\\\/bynder-recensione\\\/\",\"url\":\"https:\\\/\\\/www.accuratereviews.com\\\/it\\\/software-gestione-brand\\\/bynder-recensione\\\/\",\"name\":\"Bynder: recensione software gestione del brand - Accurate Reviews\",\"isPartOf\":{\"@id\":\"https:\\\/\\\/www.accuratereviews.com\\\/it\\\/#website\"},\"primaryImageOfPage\":{\"@id\":\"https:\\\/\\\/www.accuratereviews.com\\\/it\\\/software-gestione-brand\\\/bynder-recensione\\\/#primaryimage\"},\"image\":{\"@id\":\"https:\\\/\\\/www.accuratereviews.com\\\/it\\\/software-gestione-brand\\\/bynder-recensione\\\/#primaryimage\"},\"thumbnailUrl\":\"https:\\\/\\\/www.accuratereviews.com\\\/wp-content\\\/uploads\\\/2021\\\/07\\\/Bynder.jpg\",\"datePublished\":\"2021-07-07T10:10:20+00:00\",\"description\":\"Bynder: recensione soluzione di pubblicizzazione del marchio utilizzata per automatizzare e semplificare tutti i processi relativi al brand.\",\"breadcrumb\":{\"@id\":\"https:\\\/\\\/www.accuratereviews.com\\\/it\\\/software-gestione-brand\\\/bynder-recensione\\\/#breadcrumb\"},\"inLanguage\":\"it-IT\",\"potentialAction\":[{\"@type\":\"ReadAction\",\"target\":[\"https:\\\/\\\/www.accuratereviews.com\\\/it\\\/software-gestione-brand\\\/bynder-recensione\\\/\"]}]},{\"@type\":\"ImageObject\",\"inLanguage\":\"it-IT\",\"@id\":\"https:\\\/\\\/www.accuratereviews.com\\\/it\\\/software-gestione-brand\\\/bynder-recensione\\\/#primaryimage\",\"url\":\"https:\\\/\\\/www.accuratereviews.com\\\/wp-content\\\/uploads\\\/2021\\\/07\\\/Bynder.jpg\",\"contentUrl\":\"https:\\\/\\\/www.accuratereviews.com\\\/wp-content\\\/uploads\\\/2021\\\/07\\\/Bynder.jpg\",\"width\":300,\"height\":300},{\"@type\":\"BreadcrumbList\",\"@id\":\"https:\\\/\\\/www.accuratereviews.com\\\/it\\\/software-gestione-brand\\\/bynder-recensione\\\/#breadcrumb\",\"itemListElement\":[{\"@type\":\"ListItem\",\"position\":1,\"name\":\"Home\",\"item\":\"https:\\\/\\\/www.accuratereviews.com\\\/it\\\/\"},{\"@type\":\"ListItem\",\"position\":2,\"name\":\"Software per la gestione dei brand\",\"item\":\"https:\\\/\\\/www.accuratereviews.com\\\/it\\\/software-gestione-brand\\\/\"},{\"@type\":\"ListItem\",\"position\":3,\"name\":\"Bynder\"}]},{\"@type\":\"WebSite\",\"@id\":\"https:\\\/\\\/www.accuratereviews.com\\\/it\\\/#website\",\"url\":\"https:\\\/\\\/www.accuratereviews.com\\\/it\\\/\",\"name\":\"Accurate Reviews\",\"description\":\"\",\"potentialAction\":[{\"@type\":\"SearchAction\",\"target\":{\"@type\":\"EntryPoint\",\"urlTemplate\":\"https:\\\/\\\/www.accuratereviews.com\\\/it\\\/?s={search_term_string}\"},\"query-input\":{\"@type\":\"PropertyValueSpecification\",\"valueRequired\":true,\"valueName\":\"search_term_string\"}}],\"inLanguage\":\"it-IT\"}]}<\/script>\n<!-- \/ Yoast SEO plugin. -->","yoast_head_json":{"title":"Bynder: recensione software gestione del brand - Accurate Reviews","description":"Bynder: recensione soluzione di pubblicizzazione del marchio utilizzata per automatizzare e semplificare tutti i processi relativi al brand.","robots":{"index":"index","follow":"follow","max-snippet":"max-snippet:-1","max-image-preview":"max-image-preview:large","max-video-preview":"max-video-preview:-1"},"canonical":"https:\/\/www.accuratereviews.com\/it\/software-gestione-brand\/bynder-recensione\/","og_locale":"it_IT","og_type":"article","og_title":"Bynder: recensione software gestione del brand - Accurate Reviews","og_description":"Bynder: recensione soluzione di pubblicizzazione del marchio utilizzata per automatizzare e semplificare tutti i processi relativi al brand.","og_url":"https:\/\/www.accuratereviews.com\/it\/software-gestione-brand\/bynder-recensione\/","og_site_name":"Accurate Reviews","og_image":[{"width":300,"height":300,"url":"https:\/\/www.accuratereviews.com\/wp-content\/uploads\/2021\/07\/Bynder.jpg","type":"image\/jpeg"}],"twitter_card":"summary_large_image","twitter_misc":{"Tempo di lettura stimato":"4 minuti"},"schema":{"@context":"https:\/\/schema.org","@graph":[{"@type":"WebPage","@id":"https:\/\/www.accuratereviews.com\/it\/software-gestione-brand\/bynder-recensione\/","url":"https:\/\/www.accuratereviews.com\/it\/software-gestione-brand\/bynder-recensione\/","name":"Bynder: recensione software gestione del brand - Accurate Reviews","isPartOf":{"@id":"https:\/\/www.accuratereviews.com\/it\/#website"},"primaryImageOfPage":{"@id":"https:\/\/www.accuratereviews.com\/it\/software-gestione-brand\/bynder-recensione\/#primaryimage"},"image":{"@id":"https:\/\/www.accuratereviews.com\/it\/software-gestione-brand\/bynder-recensione\/#primaryimage"},"thumbnailUrl":"https:\/\/www.accuratereviews.com\/wp-content\/uploads\/2021\/07\/Bynder.jpg","datePublished":"2021-07-07T10:10:20+00:00","description":"Bynder: recensione soluzione di pubblicizzazione del marchio utilizzata per automatizzare e semplificare tutti i processi relativi al brand.","breadcrumb":{"@id":"https:\/\/www.accuratereviews.com\/it\/software-gestione-brand\/bynder-recensione\/#breadcrumb"},"inLanguage":"it-IT","potentialAction":[{"@type":"ReadAction","target":["https:\/\/www.accuratereviews.com\/it\/software-gestione-brand\/bynder-recensione\/"]}]},{"@type":"ImageObject","inLanguage":"it-IT","@id":"https:\/\/www.accuratereviews.com\/it\/software-gestione-brand\/bynder-recensione\/#primaryimage","url":"https:\/\/www.accuratereviews.com\/wp-content\/uploads\/2021\/07\/Bynder.jpg","contentUrl":"https:\/\/www.accuratereviews.com\/wp-content\/uploads\/2021\/07\/Bynder.jpg","width":300,"height":300},{"@type":"BreadcrumbList","@id":"https:\/\/www.accuratereviews.com\/it\/software-gestione-brand\/bynder-recensione\/#breadcrumb","itemListElement":[{"@type":"ListItem","position":1,"name":"Home","item":"https:\/\/www.accuratereviews.com\/it\/"},{"@type":"ListItem","position":2,"name":"Software per la gestione dei brand","item":"https:\/\/www.accuratereviews.com\/it\/software-gestione-brand\/"},{"@type":"ListItem","position":3,"name":"Bynder"}]},{"@type":"WebSite","@id":"https:\/\/www.accuratereviews.com\/it\/#website","url":"https:\/\/www.accuratereviews.com\/it\/","name":"Accurate Reviews","description":"","potentialAction":[{"@type":"SearchAction","target":{"@type":"EntryPoint","urlTemplate":"https:\/\/www.accuratereviews.com\/it\/?s={search_term_string}"},"query-input":{"@type":"PropertyValueSpecification","valueRequired":true,"valueName":"search_term_string"}}],"inLanguage":"it-IT"}]}},"_links":{"self":[{"href":"https:\/\/www.accuratereviews.com\/it\/wp-json\/wp\/v2\/pages\/45206","targetHints":{"allow":["GET"]}}],"collection":[{"href":"https:\/\/www.accuratereviews.com\/it\/wp-json\/wp\/v2\/pages"}],"about":[{"href":"https:\/\/www.accuratereviews.com\/it\/wp-json\/wp\/v2\/types\/page"}],"author":[{"embeddable":true,"href":"https:\/\/www.accuratereviews.com\/it\/wp-json\/wp\/v2\/users\/16"}],"replies":[{"embeddable":true,"href":"https:\/\/www.accuratereviews.com\/it\/wp-json\/wp\/v2\/comments?post=45206"}],"version-history":[{"count":12,"href":"https:\/\/www.accuratereviews.com\/it\/wp-json\/wp\/v2\/pages\/45206\/revisions"}],"predecessor-version":[{"id":45243,"href":"https:\/\/www.accuratereviews.com\/it\/wp-json\/wp\/v2\/pages\/45206\/revisions\/45243"}],"up":[{"embeddable":true,"href":"https:\/\/www.accuratereviews.com\/it\/wp-json\/wp\/v2\/pages\/44787"}],"wp:featuredmedia":[{"embeddable":true,"href":"https:\/\/www.accuratereviews.com\/it\/wp-json\/wp\/v2\/media\/45207"}],"wp:attachment":[{"href":"https:\/\/www.accuratereviews.com\/it\/wp-json\/wp\/v2\/media?parent=45206"}],"wp:term":[{"taxonomy":"category","embeddable":true,"href":"https:\/\/www.accuratereviews.com\/it\/wp-json\/wp\/v2\/categories?post=45206"},{"taxonomy":"post_tag","embeddable":true,"href":"https:\/\/www.accuratereviews.com\/it\/wp-json\/wp\/v2\/tags?post=45206"},{"taxonomy":"features","embeddable":true,"href":"https:\/\/www.accuratereviews.com\/it\/wp-json\/wp\/v2\/features?post=45206"}],"curies":[{"name":"wp","href":"https:\/\/api.w.org\/{rel}","templated":true}]}}