{"id":45213,"date":"2021-07-07T17:21:39","date_gmt":"2021-07-07T17:21:39","guid":{"rendered":"https:\/\/www.accuratereviews.com\/?page_id=45213"},"modified":"2021-07-08T08:23:26","modified_gmt":"2021-07-08T08:23:26","slug":"promorepublic-recensione","status":"publish","type":"page","link":"https:\/\/www.accuratereviews.com\/it\/software-gestione-brand\/promorepublic-recensione\/","title":{"rendered":"PromoRepublic"},"content":{"rendered":"<p><strong>PromoRepublic<\/strong> \u00e8 un <strong>software per la gestione dei brand<\/strong> che ti permette di gestire i canali social in modo semplice, veloce e in tutta sicurezza. Si tratta di una piattaforma leader di social media marketing che aiuta i marchi, le piccole-medie imprese, le agenzie di marketing e i freelance a gestire facilmente centinaia e migliaia di pagine social in modo efficiente.<br \/>\nConsente sia a te che al tuo team di risparmiare molto tempo creando, pianificando e promuovendo contenuti e interagendo con i tuoi followers. Inoltre potrai abilitare un flusso di lavoro progettato unicamente per la tua azienda e con contenuti che sia adattano perfettamente al tuo marchio.<br \/>\nUn altro vantaggio di <strong>PromoRepublic<\/strong> \u00e8 quello di offrire un&#8217;app mobile sia per i dispositivi iOS che per quelli Android, rendendo tutto ancora pi\u00f9 semplice.<\/p>\n<h2>PROMOREPUBLIC &#8211; TUTORIAL<\/h2>\n<div id=\"fluid-wrapper-counter-1\" class=\"g1-fluid-wrapper \" style=\"width:686px;\">\n<div style=\"padding-bottom:56.268221574344%;\"><iframe loading=\"lazy\" title=\"Easy content creation and scheduling for social media posts with PromoRepublic\" width=\"686\" height=\"386\" src=\"https:\/\/www.youtube.com\/embed\/6zHYQ0C5WC4?feature=oembed&amp;wmode=transparent&amp;autohide=1&amp;autoplay=0&amp;disablekb=0&amp;fs=1&amp;loop=0&amp;enablejsapi=1&amp;rel=0&amp;controls=2&amp;showinfo=0&amp;wmode=transparent&amp;autohide=2&amp;autoplay=0&amp;disablekb=0&amp;fs=1&amp;loop=0&amp;enablejsapi=1&amp;rel=0&amp;controls=2&amp;showinfo=1\" frameborder=\"0\" allow=\"accelerometer; autoplay; clipboard-write; encrypted-media; gyroscope; picture-in-picture\" allowfullscreen><\/iframe><\/div>\n<\/div>\n<h3>PROMOREPUBLIC &#8211; CARATTERISTICHE<\/h3>\n<ul>\n<li><strong>Calendario dei social media<\/strong>: trasforma la tua pubblicazione sui social media da un disordine in un piano coerente che porta risultati concreti. Avere una panoramica di tutti i post per ogni pagina: programmati, in attesa di approvazione, bozze e note. Rendi il tuo programma di pubblicazione intelligente con le fasce orarie: metti al comando l&#8217;intelligenza artificiale<\/li>\n<li><strong>Organizzatore di contenuti<\/strong>: la creazione di contenuti per i social e la loro programmazione sono ora combinati in un&#8217;unica piattaforma. Condividi contenuti brandizzati internamente o con team esterni, ricevi idee per i post, personalizza e localizza<\/li>\n<li><strong>Coordinatore del lavoro<\/strong>: che tu sia un&#8217;agenzia, un marchio multi-sede o un franchising, abbiamo un&#8217;impostazione efficiente del flusso di lavoro per te. Sposta la distribuzione dei tuoi contenuti e i processi di approvazione dai fogli di calcolo a PromoRepublic, condividi idee, tieniti informato sulle azioni eseguite dai tuoi team e clienti<\/li>\n<li><strong>Fornitore di report<\/strong>: copri le metriche pi\u00f9 significative per pi\u00f9 sedi, clienti o pagine a colpo d&#8217;occhio. Ottieni il quadro generale per rivelare gli underperformer, adattare la tua strategia sui social media e riferire sui risultati<\/li>\n<li><strong>White label<\/strong>: fai pagare di pi\u00f9 ai tuoi clienti, risparmia tempo e denaro e costruisci un&#8217;esperienza di marca impressionante. Ottieni il tuo software di gestione dei social media White Label: personalizza il servizio clienti e abbinalo all&#8217;identit\u00e0 della tua agenzia<\/li>\n<li><strong>Servizi di contenuti<\/strong>: il modo pi\u00f9 semplice per ottenere 20 modelli di post modificabili e riutilizzabili creati da un team di professionisti in 5 giorni lavorativi.<\/li>\n<\/ul>\n<h4>LE RECENSIONI DEGLI UTENTI<\/h4>\n<p><strong>Louie E. &#8220;La gestione dei social media al suo meglio&#8221;<\/strong><br \/>\nCommenti: molto facile da usare, pieno di contenuti sorprendenti. Pubblicare su tutti i tuoi profili senza problemi.<br \/>\nVantaggi: questo \u00e8 un software straordinario per tutte le piattaforme cross dei social media. La possibilit\u00e0 di ricevere fantastici contenuti pianificati per te e pubblicare suggerimenti.<br \/>\nInconvenienti: il prezzo pu\u00f2 essere un po&#8217; alto per i paesi al di fuori degli Stati Uniti (tasso di cambio. Impossibile per alcuni.)<\/p>\n<p><strong>Amna R. &#8220;Migliore soluzione di social media marketing&#8221;<\/strong><br \/>\nCommenti: superbo. Per questo motivo abbiamo fatto crescere molti dei nostri social media. \u00c8 molto facile selezionare e pubblicare nuove cose<br \/>\nVantaggi: possiamo programmare tantissimi post su quasi tutti i social famosi! Hanno anche modelli predefiniti per quasi tutte le occasioni che aiutano molto + c&#8217;\u00e8 anche un semplice editor grafico. Una delle migliori app che abbiamo comprato<br \/>\nInconvenienti: attualmente non possiamo postare direttamente su instagram e dobbiamo farlo tramite un&#8217;app. Altrimenti sarebbe \u00a0perfetto<\/p>\n<p><strong>Sarah H. &#8220;Mi aiuta a passare il tempo facendo ci\u00f2 che so fare meglio&#8221;<\/strong><br \/>\nCOMMENTI: mi ha reso la vita molto pi\u00f9 facile e mi piace molto. Sono un fan<br \/>\nPRO: una presenza sui social media \u00e8 un requisito per qualsiasi scrittore nel mercato odierno, ma pu\u00f2 privarmi di un&#8217;enorme quantit\u00e0 di tempo prezioso per scrivere. Uso questo software per programmare in anticipo i miei post sui social media e questo mi libera per fare la cosa che so fare meglio, ovvero scrivere i miei libri.<br \/>\nCONTRO: vorrei che l&#8217;interfaccia con Instagram potesse essere ordinata in modo da non dover sempre approvare i post attraverso di essi. Inoltre mi piacerebbe vedere pi\u00f9 variet\u00e0 nei post e nelle idee dei modelli. Quando lo usi quotidianamente, puoi faticare a trovare qualcosa di nuovo ed eccitante.<\/p>\n","protected":false},"excerpt":{"rendered":"<p>PromoRepublic \u00e8 un software per la gestione dei brand che ti permette di gestire i canali social in modo semplice, veloce e in tutta sicurezza. Si tratta di una piattaforma leader di social media marketing che aiuta i marchi, le piccole-medie imprese, le agenzie di marketing e i freelancer a gestire facilmente centinaia e migliaia di pagine social in modo efficiente.\u00a0<\/p>\n","protected":false},"author":17,"featured_media":45214,"parent":44787,"menu_order":0,"comment_status":"open","ping_status":"closed","template":"g1_template_page_review_new.php","meta":{"_acf_changed":false,"cwp_meta_box_check":"No","cwp_rev_product_name":"","cwp_rev_product_image":"","wppr_links":[],"cwp_rev_price":"","wppr_options":[],"wppr_pros":[],"wppr_cons":[],"_monsterinsights_skip_tracking":false,"_monsterinsights_sitenote_active":false,"_monsterinsights_sitenote_note":"","_monsterinsights_sitenote_category":0,"footnotes":""},"categories":[10573],"tags":[10641,10577,10600,10599,10597,10582],"features":[],"class_list":{"0":"post-45213","1":"page","2":"type-page","3":"status-publish","4":"has-post-thumbnail","6":"category-software-gestione-brand-categoria","7":"tag-brand-it","8":"tag-gestione-brand","9":"tag-piattaforma-gestionale-brand","10":"tag-programma-gestionale-brand","11":"tag-software-gestionale-brand","12":"tag-soluzione-gestione-brand"},"wppr_data":{"cwp_meta_box_check":"No"},"acf":[],"yoast_head":"<!-- This site is optimized with the Yoast SEO plugin v27.4 - https:\/\/yoast.com\/product\/yoast-seo-wordpress\/ -->\n<title>PromoRepublic: recensione software gestione brand - Accurate Reviews<\/title>\n<meta name=\"description\" content=\"PromoRepublic: recensione del software per la gestione dei brand che ti permette di gestire i canali social in modo semplice e veloce.\" \/>\n<meta name=\"robots\" content=\"index, follow, max-snippet:-1, max-image-preview:large, max-video-preview:-1\" \/>\n<link rel=\"canonical\" href=\"https:\/\/www.accuratereviews.com\/it\/software-gestione-brand\/promorepublic-recensione\/\" \/>\n<meta property=\"og:locale\" content=\"it_IT\" \/>\n<meta property=\"og:type\" content=\"article\" \/>\n<meta property=\"og:title\" content=\"PromoRepublic: recensione software gestione brand - Accurate Reviews\" \/>\n<meta property=\"og:description\" content=\"PromoRepublic: recensione del software per la gestione dei brand che ti permette di gestire i canali social in modo semplice e veloce.\" \/>\n<meta property=\"og:url\" content=\"https:\/\/www.accuratereviews.com\/it\/software-gestione-brand\/promorepublic-recensione\/\" \/>\n<meta property=\"og:site_name\" content=\"Accurate Reviews\" \/>\n<meta property=\"article:modified_time\" content=\"2021-07-08T08:23:26+00:00\" \/>\n<meta property=\"og:image\" content=\"https:\/\/www.accuratereviews.com\/wp-content\/uploads\/2021\/07\/unnamed.png\" \/>\n\t<meta property=\"og:image:width\" content=\"512\" \/>\n\t<meta property=\"og:image:height\" content=\"203\" \/>\n\t<meta property=\"og:image:type\" content=\"image\/png\" \/>\n<meta name=\"twitter:card\" content=\"summary_large_image\" \/>\n<meta name=\"twitter:label1\" content=\"Tempo di lettura stimato\" \/>\n\t<meta name=\"twitter:data1\" content=\"3 minuti\" \/>\n<script type=\"application\/ld+json\" class=\"yoast-schema-graph\">{\"@context\":\"https:\\\/\\\/schema.org\",\"@graph\":[{\"@type\":\"WebPage\",\"@id\":\"https:\\\/\\\/www.accuratereviews.com\\\/it\\\/software-gestione-brand\\\/promorepublic-recensione\\\/\",\"url\":\"https:\\\/\\\/www.accuratereviews.com\\\/it\\\/software-gestione-brand\\\/promorepublic-recensione\\\/\",\"name\":\"PromoRepublic: recensione software gestione brand - Accurate Reviews\",\"isPartOf\":{\"@id\":\"https:\\\/\\\/www.accuratereviews.com\\\/it\\\/#website\"},\"primaryImageOfPage\":{\"@id\":\"https:\\\/\\\/www.accuratereviews.com\\\/it\\\/software-gestione-brand\\\/promorepublic-recensione\\\/#primaryimage\"},\"image\":{\"@id\":\"https:\\\/\\\/www.accuratereviews.com\\\/it\\\/software-gestione-brand\\\/promorepublic-recensione\\\/#primaryimage\"},\"thumbnailUrl\":\"https:\\\/\\\/www.accuratereviews.com\\\/wp-content\\\/uploads\\\/2021\\\/07\\\/unnamed.png\",\"datePublished\":\"2021-07-07T17:21:39+00:00\",\"dateModified\":\"2021-07-08T08:23:26+00:00\",\"description\":\"PromoRepublic: recensione del software per la gestione dei brand che ti permette di gestire i canali social in modo semplice e veloce.\",\"breadcrumb\":{\"@id\":\"https:\\\/\\\/www.accuratereviews.com\\\/it\\\/software-gestione-brand\\\/promorepublic-recensione\\\/#breadcrumb\"},\"inLanguage\":\"it-IT\",\"potentialAction\":[{\"@type\":\"ReadAction\",\"target\":[\"https:\\\/\\\/www.accuratereviews.com\\\/it\\\/software-gestione-brand\\\/promorepublic-recensione\\\/\"]}]},{\"@type\":\"ImageObject\",\"inLanguage\":\"it-IT\",\"@id\":\"https:\\\/\\\/www.accuratereviews.com\\\/it\\\/software-gestione-brand\\\/promorepublic-recensione\\\/#primaryimage\",\"url\":\"https:\\\/\\\/www.accuratereviews.com\\\/wp-content\\\/uploads\\\/2021\\\/07\\\/unnamed.png\",\"contentUrl\":\"https:\\\/\\\/www.accuratereviews.com\\\/wp-content\\\/uploads\\\/2021\\\/07\\\/unnamed.png\",\"width\":512,\"height\":203},{\"@type\":\"BreadcrumbList\",\"@id\":\"https:\\\/\\\/www.accuratereviews.com\\\/it\\\/software-gestione-brand\\\/promorepublic-recensione\\\/#breadcrumb\",\"itemListElement\":[{\"@type\":\"ListItem\",\"position\":1,\"name\":\"Home\",\"item\":\"https:\\\/\\\/www.accuratereviews.com\\\/it\\\/\"},{\"@type\":\"ListItem\",\"position\":2,\"name\":\"Software per la gestione dei brand\",\"item\":\"https:\\\/\\\/www.accuratereviews.com\\\/it\\\/software-gestione-brand\\\/\"},{\"@type\":\"ListItem\",\"position\":3,\"name\":\"PromoRepublic\"}]},{\"@type\":\"WebSite\",\"@id\":\"https:\\\/\\\/www.accuratereviews.com\\\/it\\\/#website\",\"url\":\"https:\\\/\\\/www.accuratereviews.com\\\/it\\\/\",\"name\":\"Accurate Reviews\",\"description\":\"\",\"potentialAction\":[{\"@type\":\"SearchAction\",\"target\":{\"@type\":\"EntryPoint\",\"urlTemplate\":\"https:\\\/\\\/www.accuratereviews.com\\\/it\\\/?s={search_term_string}\"},\"query-input\":{\"@type\":\"PropertyValueSpecification\",\"valueRequired\":true,\"valueName\":\"search_term_string\"}}],\"inLanguage\":\"it-IT\"}]}<\/script>\n<!-- \/ Yoast SEO plugin. -->","yoast_head_json":{"title":"PromoRepublic: recensione software gestione brand - Accurate Reviews","description":"PromoRepublic: recensione del software per la gestione dei brand che ti permette di gestire i canali social in modo semplice e veloce.","robots":{"index":"index","follow":"follow","max-snippet":"max-snippet:-1","max-image-preview":"max-image-preview:large","max-video-preview":"max-video-preview:-1"},"canonical":"https:\/\/www.accuratereviews.com\/it\/software-gestione-brand\/promorepublic-recensione\/","og_locale":"it_IT","og_type":"article","og_title":"PromoRepublic: recensione software gestione brand - Accurate Reviews","og_description":"PromoRepublic: recensione del software per la gestione dei brand che ti permette di gestire i canali social in modo semplice e veloce.","og_url":"https:\/\/www.accuratereviews.com\/it\/software-gestione-brand\/promorepublic-recensione\/","og_site_name":"Accurate Reviews","article_modified_time":"2021-07-08T08:23:26+00:00","og_image":[{"width":512,"height":203,"url":"https:\/\/www.accuratereviews.com\/wp-content\/uploads\/2021\/07\/unnamed.png","type":"image\/png"}],"twitter_card":"summary_large_image","twitter_misc":{"Tempo di lettura stimato":"3 minuti"},"schema":{"@context":"https:\/\/schema.org","@graph":[{"@type":"WebPage","@id":"https:\/\/www.accuratereviews.com\/it\/software-gestione-brand\/promorepublic-recensione\/","url":"https:\/\/www.accuratereviews.com\/it\/software-gestione-brand\/promorepublic-recensione\/","name":"PromoRepublic: recensione software gestione brand - Accurate Reviews","isPartOf":{"@id":"https:\/\/www.accuratereviews.com\/it\/#website"},"primaryImageOfPage":{"@id":"https:\/\/www.accuratereviews.com\/it\/software-gestione-brand\/promorepublic-recensione\/#primaryimage"},"image":{"@id":"https:\/\/www.accuratereviews.com\/it\/software-gestione-brand\/promorepublic-recensione\/#primaryimage"},"thumbnailUrl":"https:\/\/www.accuratereviews.com\/wp-content\/uploads\/2021\/07\/unnamed.png","datePublished":"2021-07-07T17:21:39+00:00","dateModified":"2021-07-08T08:23:26+00:00","description":"PromoRepublic: recensione del software per la gestione dei brand che ti permette di gestire i canali social in modo semplice e veloce.","breadcrumb":{"@id":"https:\/\/www.accuratereviews.com\/it\/software-gestione-brand\/promorepublic-recensione\/#breadcrumb"},"inLanguage":"it-IT","potentialAction":[{"@type":"ReadAction","target":["https:\/\/www.accuratereviews.com\/it\/software-gestione-brand\/promorepublic-recensione\/"]}]},{"@type":"ImageObject","inLanguage":"it-IT","@id":"https:\/\/www.accuratereviews.com\/it\/software-gestione-brand\/promorepublic-recensione\/#primaryimage","url":"https:\/\/www.accuratereviews.com\/wp-content\/uploads\/2021\/07\/unnamed.png","contentUrl":"https:\/\/www.accuratereviews.com\/wp-content\/uploads\/2021\/07\/unnamed.png","width":512,"height":203},{"@type":"BreadcrumbList","@id":"https:\/\/www.accuratereviews.com\/it\/software-gestione-brand\/promorepublic-recensione\/#breadcrumb","itemListElement":[{"@type":"ListItem","position":1,"name":"Home","item":"https:\/\/www.accuratereviews.com\/it\/"},{"@type":"ListItem","position":2,"name":"Software per la gestione dei brand","item":"https:\/\/www.accuratereviews.com\/it\/software-gestione-brand\/"},{"@type":"ListItem","position":3,"name":"PromoRepublic"}]},{"@type":"WebSite","@id":"https:\/\/www.accuratereviews.com\/it\/#website","url":"https:\/\/www.accuratereviews.com\/it\/","name":"Accurate Reviews","description":"","potentialAction":[{"@type":"SearchAction","target":{"@type":"EntryPoint","urlTemplate":"https:\/\/www.accuratereviews.com\/it\/?s={search_term_string}"},"query-input":{"@type":"PropertyValueSpecification","valueRequired":true,"valueName":"search_term_string"}}],"inLanguage":"it-IT"}]}},"_links":{"self":[{"href":"https:\/\/www.accuratereviews.com\/it\/wp-json\/wp\/v2\/pages\/45213","targetHints":{"allow":["GET"]}}],"collection":[{"href":"https:\/\/www.accuratereviews.com\/it\/wp-json\/wp\/v2\/pages"}],"about":[{"href":"https:\/\/www.accuratereviews.com\/it\/wp-json\/wp\/v2\/types\/page"}],"author":[{"embeddable":true,"href":"https:\/\/www.accuratereviews.com\/it\/wp-json\/wp\/v2\/users\/17"}],"replies":[{"embeddable":true,"href":"https:\/\/www.accuratereviews.com\/it\/wp-json\/wp\/v2\/comments?post=45213"}],"version-history":[{"count":6,"href":"https:\/\/www.accuratereviews.com\/it\/wp-json\/wp\/v2\/pages\/45213\/revisions"}],"predecessor-version":[{"id":45303,"href":"https:\/\/www.accuratereviews.com\/it\/wp-json\/wp\/v2\/pages\/45213\/revisions\/45303"}],"up":[{"embeddable":true,"href":"https:\/\/www.accuratereviews.com\/it\/wp-json\/wp\/v2\/pages\/44787"}],"wp:featuredmedia":[{"embeddable":true,"href":"https:\/\/www.accuratereviews.com\/it\/wp-json\/wp\/v2\/media\/45214"}],"wp:attachment":[{"href":"https:\/\/www.accuratereviews.com\/it\/wp-json\/wp\/v2\/media?parent=45213"}],"wp:term":[{"taxonomy":"category","embeddable":true,"href":"https:\/\/www.accuratereviews.com\/it\/wp-json\/wp\/v2\/categories?post=45213"},{"taxonomy":"post_tag","embeddable":true,"href":"https:\/\/www.accuratereviews.com\/it\/wp-json\/wp\/v2\/tags?post=45213"},{"taxonomy":"features","embeddable":true,"href":"https:\/\/www.accuratereviews.com\/it\/wp-json\/wp\/v2\/features?post=45213"}],"curies":[{"name":"wp","href":"https:\/\/api.w.org\/{rel}","templated":true}]}}