{"id":45267,"date":"2021-07-08T09:50:08","date_gmt":"2021-07-08T09:50:08","guid":{"rendered":"https:\/\/www.accuratereviews.com\/?page_id=45267"},"modified":"2021-07-08T09:50:08","modified_gmt":"2021-07-08T09:50:08","slug":"relaythat-recensione","status":"publish","type":"page","link":"https:\/\/www.accuratereviews.com\/it\/software-gestione-brand\/relaythat-recensione\/","title":{"rendered":"RelayThat"},"content":{"rendered":"<p><strong>RelayThat<\/strong> \u00e8 un <strong>software di gestione del marchio<\/strong> che aiuta i professionisti del marketing a progettare banner pubblicitari per varie piattaforme di social media. Consente di caricare immagini nell&#8217;area di lavoro digitale e creare progetti di marchi utilizzando modelli personalizzabili. Il programma permette alle aziende di modificare il layout, il carattere del testo o i colori di sfondo delle immagini e di scaricare copie modificate in diversi formati. I manager possono creare nuovi spazi di lavoro per progetti e campagne e visualizzarli in anteprima prima di esportare i file. Inoltre, consente agli utenti di generare titoli suggerendo automaticamente parole chiave abilitate per la <strong>SEO<\/strong> e consente loro di mantenere un layout coerente tra le immagini in conformit\u00e0 con le linee guida del marchio.<\/p>\n<h2>RELAYTHAT &#8211; TUTORIAL<\/h2>\n<p>Vediamo il video con sottotitoli in italiano su questo<strong> software gestione dei brand<\/strong>:<\/p>\n<div id=\"fluid-wrapper-counter-1\" class=\"g1-fluid-wrapper \" style=\"width:686px;\">\n<div style=\"padding-bottom:56.268221574344%;\"><iframe loading=\"lazy\" title=\"RelayThat Review - Perfect Graphic Design Tool For The Design Challenged\" width=\"686\" height=\"386\" src=\"https:\/\/www.youtube.com\/embed\/SxztKvTzpiQ?feature=oembed&amp;wmode=transparent&amp;autohide=1&amp;autoplay=0&amp;disablekb=0&amp;fs=1&amp;loop=0&amp;enablejsapi=1&amp;rel=0&amp;controls=2&amp;showinfo=0&amp;wmode=transparent&amp;autohide=2&amp;autoplay=0&amp;disablekb=0&amp;fs=1&amp;loop=0&amp;enablejsapi=1&amp;rel=0&amp;controls=2&amp;showinfo=1\" frameborder=\"0\" allow=\"accelerometer; autoplay; clipboard-write; encrypted-media; gyroscope; picture-in-picture\" allowfullscreen><\/iframe><\/div>\n<\/div>\n<h3>RELAYTHAT &#8211; CARATTERISTICHE<\/h3>\n<ul>\n<li><strong>Pubblicit\u00e0 di grande impatto<\/strong>: aiuta i sostenitori a raccontare storie coerenti con la voce del tuo marchio<\/li>\n<li><strong>Automazione del design per agenti immobiliari e team<\/strong>: con questo programma, chiunque pu\u00f2 generare facilmente materiali di marketing professionali on-brand per annunci, reclutamento ed eventi immobiliari<\/li>\n<li><strong>Progettazione e branding immobiliare professionale con pochi semplici clic<\/strong>: con cos\u00ec tanto da fare per gestire un&#8217;attivit\u00e0 immobiliare di successo, elaborare progetti professionali per la commercializzazione della tua attivit\u00e0 e delle tue inserzioni non dovrebbe essere cos\u00ec complicato e richiedere molto tempo. Ancora pi\u00f9 stressante \u00e8 trovare il tempo per creare e far rispettare gli standard del marchio. Questo software rende tutto pi\u00f9 semplice<\/li>\n<li><strong>Unifica la tua identit\u00e0 di marca immobiliare<\/strong>: mantenere un marchio coerente dovrebbe essere la tua priorit\u00e0. Crea fedelt\u00e0 e una solida base di clienti, rendendolo uno dei tuoi beni pi\u00f9 importanti. Prendi il pieno controllo del tuo marchio, assicurandoti che gli attributi chiave come il tuo logo, i colori di qualsiasi tipografia rimangano coerenti in tutti i tuoi progetti di marketing<\/li>\n<li><strong>Vero ridimensionamento con un clic<\/strong>: realizzare contenuti di marketing richiede molto tempo, soprattutto quando \u00e8 necessario creare tutti i materiali per i numerosi canali in cui si desidera che il proprio marchio venga visualizzato. Ci sono opzioni di ridimensionamento con alcuni strumenti, ma solo questo programma ha una vera soluzione con un clic. Offre non solo migliaia di opzioni creative per la pubblicit\u00e0 online e cartacea, ma garantisce anche che i tuoi progetti vengano immediatamente ridimensionati correttamente per tutti i luoghi in cui desideri condividerli.<\/li>\n<\/ul>\n<h4>LE RECENSIONI DEGLI UTENTI<\/h4>\n<p class=\"h5 font-weight-bold flex-grow-1 mb-4\"><strong>Jhon D.&#8221;Strumento per produrre variazioni del tuo post social&#8221;<\/strong><\/p>\n<p><strong>Commenti: <\/strong>RelayThat \u00e8 uno strumento che ti piace tenere nel tuo kit per tipi specifici di post. Non c&#8217;\u00e8 niente di pi\u00f9 veloce da usare con la loro automazione nel raccogliere le linee guida del tuo marchio e quindi ridimensionare facilmente su pi\u00f9 layout.<\/p>\n<p><strong>Pro: <\/strong>Uso RelayThat quando devo creare pi\u00f9 versioni dello stesso concetto di post social da ripubblicare su piattaforme diverse. RelayThat \u00e8 lo strumento pi\u00f9 semplice che ho trovato per ridimensionare e modificare un post per un aspetto diverso.<\/p>\n<p><strong>Contro: <\/strong>Era un po&#8217; confuso come cambiare le risorse per un marchio, ma ho trovato la mia soluzione alternativa. Mi piace che raccolga automaticamente i colori del tuo marchio da un sito Web fornito.<\/p>\n<p class=\"font-weight-bold mb-1 d-flex align-items-center\"><strong>Eduardo C.&#8221;Facile da usare ma ha smesso di evolversi&#8221;<\/strong><\/p>\n<p><strong>Commenti: <\/strong>Quando hai bisogno di un post veloce, annuncio per qualsiasi tipo di applicazione, allora \u00e8 proprio questo. Non aspettarti annunci di bell&#8217;aspetto, ma saranno veloci da fare.<\/p>\n<p><strong>Pro: <\/strong>Posso facilmente creare banner e ridimensionare per molteplici scopi. Ottima libreria di risorse. Molto semplice da usare e ottenere risultati rapidi. Mi piace poter creare spazi di lavoro e lavorare con diversi colori del marchio<\/p>\n<p><strong>Contro: <\/strong>Sembra che abbiano smesso di sviluppare il prodotto. \u00c8 passato molto tempo da quando non sono stati apportati miglioramenti. E i modelli\/layout stanno diventando obsoleti.<\/p>\n<p class=\"font-weight-bold mb-1 d-flex align-items-center\"><strong>Phillip C.&#8221;Incredibile strumento grafico&#8221;<\/strong><\/p>\n<p><strong>Commenti: <\/strong>Pollice su!<\/p>\n<p><strong>Pro: <\/strong>Molto intuitivo per i non designer per creare materiale pubblicitario online. Adoro davvero la funzione in cui puoi semplicemente inserire un URL e recuperer\u00e0 automaticamente le risorse principali dell&#8217;URL, creer\u00e0 il progetto grafico finale, in diverse dimensioni variabili. Un must per chiunque voglia creare materiale pubblicitario online bello e professionale. Le coppie di caratteri e il mix di colori sono anche un&#8217;altra caratteristica interessante che accelera l&#8217;intero processo di progettazione grafica.<\/p>\n<p><strong>Contro: <\/strong>Sperando in una pagina di gestione del marchio in cui possiamo salvare filigrane, combinazioni di colori e altre risorse.<\/p>\n<p>&nbsp;<\/p>\n","protected":false},"excerpt":{"rendered":"<p>RelayThat \u00e8 una soluzione di gestione del marchio che aiuta i professionisti del marketing a progettare banner pubblicitari per varie piattaforme di social media. Consente di caricare immagini nell&#8217;area di lavoro digitale e creare progetti di marchi utilizzando modelli personalizzabili.<\/p>\n","protected":false},"author":16,"featured_media":45268,"parent":44787,"menu_order":0,"comment_status":"open","ping_status":"closed","template":"g1_template_page_review_new.php","meta":{"_acf_changed":false,"cwp_meta_box_check":"Yes","cwp_rev_product_name":"","cwp_rev_product_image":"","wppr_links":[],"cwp_rev_price":"","wppr_options":[],"wppr_pros":[],"wppr_cons":[],"_monsterinsights_skip_tracking":false,"_monsterinsights_sitenote_active":false,"_monsterinsights_sitenote_note":"","_monsterinsights_sitenote_category":0,"footnotes":""},"categories":[10573],"tags":[10668,10580,10579,10679,10575,10582],"features":[],"class_list":{"0":"post-45267","1":"page","2":"type-page","3":"status-publish","4":"has-post-thumbnail","6":"category-software-gestione-brand-categoria","7":"tag-gestione-del-brand","8":"tag-piattaforma-gestione-brand","9":"tag-programma-gestione-brand","10":"tag-relaythat","11":"tag-software-gestione-brand","12":"tag-soluzione-gestione-brand"},"wppr_data":{"cwp_meta_box_check":"Yes","cwp_rev_product_name":"","cwp_rev_product_image":"","cwp_image_link":"image","cwp_rev_price":"","wppr_rating":"0.00"},"acf":[],"yoast_head":"<!-- This site is optimized with the Yoast SEO plugin v27.4 - https:\/\/yoast.com\/product\/yoast-seo-wordpress\/ -->\n<title>RelayThat: recensione software gestione brand - Accurate Reviews<\/title>\n<meta name=\"description\" content=\"RelayThat: recensione software di gestione del marchio che aiuta i professionisti del marketing a progettare banner pubblicitari sui social.\" \/>\n<meta name=\"robots\" content=\"index, follow, max-snippet:-1, max-image-preview:large, max-video-preview:-1\" \/>\n<link rel=\"canonical\" href=\"https:\/\/www.accuratereviews.com\/it\/software-gestione-brand\/relaythat-recensione\/\" \/>\n<meta property=\"og:locale\" content=\"it_IT\" \/>\n<meta property=\"og:type\" content=\"article\" \/>\n<meta property=\"og:title\" content=\"RelayThat: recensione software gestione brand - Accurate Reviews\" \/>\n<meta property=\"og:description\" content=\"RelayThat: recensione software di gestione del marchio che aiuta i professionisti del marketing a progettare banner pubblicitari sui social.\" \/>\n<meta property=\"og:url\" content=\"https:\/\/www.accuratereviews.com\/it\/software-gestione-brand\/relaythat-recensione\/\" \/>\n<meta property=\"og:site_name\" content=\"Accurate Reviews\" \/>\n<meta property=\"og:image\" content=\"https:\/\/www.accuratereviews.com\/wp-content\/uploads\/2021\/07\/RelayThat.png\" \/>\n\t<meta property=\"og:image:width\" content=\"940\" \/>\n\t<meta property=\"og:image:height\" content=\"788\" \/>\n\t<meta property=\"og:image:type\" content=\"image\/png\" \/>\n<meta name=\"twitter:card\" content=\"summary_large_image\" \/>\n<meta name=\"twitter:label1\" content=\"Tempo di lettura stimato\" \/>\n\t<meta name=\"twitter:data1\" content=\"4 minuti\" \/>\n<script type=\"application\/ld+json\" class=\"yoast-schema-graph\">{\"@context\":\"https:\\\/\\\/schema.org\",\"@graph\":[{\"@type\":\"WebPage\",\"@id\":\"https:\\\/\\\/www.accuratereviews.com\\\/it\\\/software-gestione-brand\\\/relaythat-recensione\\\/\",\"url\":\"https:\\\/\\\/www.accuratereviews.com\\\/it\\\/software-gestione-brand\\\/relaythat-recensione\\\/\",\"name\":\"RelayThat: recensione software gestione brand - Accurate Reviews\",\"isPartOf\":{\"@id\":\"https:\\\/\\\/www.accuratereviews.com\\\/it\\\/#website\"},\"primaryImageOfPage\":{\"@id\":\"https:\\\/\\\/www.accuratereviews.com\\\/it\\\/software-gestione-brand\\\/relaythat-recensione\\\/#primaryimage\"},\"image\":{\"@id\":\"https:\\\/\\\/www.accuratereviews.com\\\/it\\\/software-gestione-brand\\\/relaythat-recensione\\\/#primaryimage\"},\"thumbnailUrl\":\"https:\\\/\\\/www.accuratereviews.com\\\/wp-content\\\/uploads\\\/2021\\\/07\\\/RelayThat.png\",\"datePublished\":\"2021-07-08T09:50:08+00:00\",\"description\":\"RelayThat: recensione software di gestione del marchio che aiuta i professionisti del marketing a progettare banner pubblicitari sui social.\",\"breadcrumb\":{\"@id\":\"https:\\\/\\\/www.accuratereviews.com\\\/it\\\/software-gestione-brand\\\/relaythat-recensione\\\/#breadcrumb\"},\"inLanguage\":\"it-IT\",\"potentialAction\":[{\"@type\":\"ReadAction\",\"target\":[\"https:\\\/\\\/www.accuratereviews.com\\\/it\\\/software-gestione-brand\\\/relaythat-recensione\\\/\"]}]},{\"@type\":\"ImageObject\",\"inLanguage\":\"it-IT\",\"@id\":\"https:\\\/\\\/www.accuratereviews.com\\\/it\\\/software-gestione-brand\\\/relaythat-recensione\\\/#primaryimage\",\"url\":\"https:\\\/\\\/www.accuratereviews.com\\\/wp-content\\\/uploads\\\/2021\\\/07\\\/RelayThat.png\",\"contentUrl\":\"https:\\\/\\\/www.accuratereviews.com\\\/wp-content\\\/uploads\\\/2021\\\/07\\\/RelayThat.png\",\"width\":940,\"height\":788},{\"@type\":\"BreadcrumbList\",\"@id\":\"https:\\\/\\\/www.accuratereviews.com\\\/it\\\/software-gestione-brand\\\/relaythat-recensione\\\/#breadcrumb\",\"itemListElement\":[{\"@type\":\"ListItem\",\"position\":1,\"name\":\"Home\",\"item\":\"https:\\\/\\\/www.accuratereviews.com\\\/it\\\/\"},{\"@type\":\"ListItem\",\"position\":2,\"name\":\"Software per la gestione dei brand\",\"item\":\"https:\\\/\\\/www.accuratereviews.com\\\/it\\\/software-gestione-brand\\\/\"},{\"@type\":\"ListItem\",\"position\":3,\"name\":\"RelayThat\"}]},{\"@type\":\"WebSite\",\"@id\":\"https:\\\/\\\/www.accuratereviews.com\\\/it\\\/#website\",\"url\":\"https:\\\/\\\/www.accuratereviews.com\\\/it\\\/\",\"name\":\"Accurate Reviews\",\"description\":\"\",\"potentialAction\":[{\"@type\":\"SearchAction\",\"target\":{\"@type\":\"EntryPoint\",\"urlTemplate\":\"https:\\\/\\\/www.accuratereviews.com\\\/it\\\/?s={search_term_string}\"},\"query-input\":{\"@type\":\"PropertyValueSpecification\",\"valueRequired\":true,\"valueName\":\"search_term_string\"}}],\"inLanguage\":\"it-IT\"}]}<\/script>\n<!-- \/ Yoast SEO plugin. -->","yoast_head_json":{"title":"RelayThat: recensione software gestione brand - Accurate Reviews","description":"RelayThat: recensione software di gestione del marchio che aiuta i professionisti del marketing a progettare banner pubblicitari sui social.","robots":{"index":"index","follow":"follow","max-snippet":"max-snippet:-1","max-image-preview":"max-image-preview:large","max-video-preview":"max-video-preview:-1"},"canonical":"https:\/\/www.accuratereviews.com\/it\/software-gestione-brand\/relaythat-recensione\/","og_locale":"it_IT","og_type":"article","og_title":"RelayThat: recensione software gestione brand - Accurate Reviews","og_description":"RelayThat: recensione software di gestione del marchio che aiuta i professionisti del marketing a progettare banner pubblicitari sui social.","og_url":"https:\/\/www.accuratereviews.com\/it\/software-gestione-brand\/relaythat-recensione\/","og_site_name":"Accurate Reviews","og_image":[{"width":940,"height":788,"url":"https:\/\/www.accuratereviews.com\/wp-content\/uploads\/2021\/07\/RelayThat.png","type":"image\/png"}],"twitter_card":"summary_large_image","twitter_misc":{"Tempo di lettura stimato":"4 minuti"},"schema":{"@context":"https:\/\/schema.org","@graph":[{"@type":"WebPage","@id":"https:\/\/www.accuratereviews.com\/it\/software-gestione-brand\/relaythat-recensione\/","url":"https:\/\/www.accuratereviews.com\/it\/software-gestione-brand\/relaythat-recensione\/","name":"RelayThat: recensione software gestione brand - Accurate Reviews","isPartOf":{"@id":"https:\/\/www.accuratereviews.com\/it\/#website"},"primaryImageOfPage":{"@id":"https:\/\/www.accuratereviews.com\/it\/software-gestione-brand\/relaythat-recensione\/#primaryimage"},"image":{"@id":"https:\/\/www.accuratereviews.com\/it\/software-gestione-brand\/relaythat-recensione\/#primaryimage"},"thumbnailUrl":"https:\/\/www.accuratereviews.com\/wp-content\/uploads\/2021\/07\/RelayThat.png","datePublished":"2021-07-08T09:50:08+00:00","description":"RelayThat: recensione software di gestione del marchio che aiuta i professionisti del marketing a progettare banner pubblicitari sui social.","breadcrumb":{"@id":"https:\/\/www.accuratereviews.com\/it\/software-gestione-brand\/relaythat-recensione\/#breadcrumb"},"inLanguage":"it-IT","potentialAction":[{"@type":"ReadAction","target":["https:\/\/www.accuratereviews.com\/it\/software-gestione-brand\/relaythat-recensione\/"]}]},{"@type":"ImageObject","inLanguage":"it-IT","@id":"https:\/\/www.accuratereviews.com\/it\/software-gestione-brand\/relaythat-recensione\/#primaryimage","url":"https:\/\/www.accuratereviews.com\/wp-content\/uploads\/2021\/07\/RelayThat.png","contentUrl":"https:\/\/www.accuratereviews.com\/wp-content\/uploads\/2021\/07\/RelayThat.png","width":940,"height":788},{"@type":"BreadcrumbList","@id":"https:\/\/www.accuratereviews.com\/it\/software-gestione-brand\/relaythat-recensione\/#breadcrumb","itemListElement":[{"@type":"ListItem","position":1,"name":"Home","item":"https:\/\/www.accuratereviews.com\/it\/"},{"@type":"ListItem","position":2,"name":"Software per la gestione dei brand","item":"https:\/\/www.accuratereviews.com\/it\/software-gestione-brand\/"},{"@type":"ListItem","position":3,"name":"RelayThat"}]},{"@type":"WebSite","@id":"https:\/\/www.accuratereviews.com\/it\/#website","url":"https:\/\/www.accuratereviews.com\/it\/","name":"Accurate Reviews","description":"","potentialAction":[{"@type":"SearchAction","target":{"@type":"EntryPoint","urlTemplate":"https:\/\/www.accuratereviews.com\/it\/?s={search_term_string}"},"query-input":{"@type":"PropertyValueSpecification","valueRequired":true,"valueName":"search_term_string"}}],"inLanguage":"it-IT"}]}},"_links":{"self":[{"href":"https:\/\/www.accuratereviews.com\/it\/wp-json\/wp\/v2\/pages\/45267","targetHints":{"allow":["GET"]}}],"collection":[{"href":"https:\/\/www.accuratereviews.com\/it\/wp-json\/wp\/v2\/pages"}],"about":[{"href":"https:\/\/www.accuratereviews.com\/it\/wp-json\/wp\/v2\/types\/page"}],"author":[{"embeddable":true,"href":"https:\/\/www.accuratereviews.com\/it\/wp-json\/wp\/v2\/users\/16"}],"replies":[{"embeddable":true,"href":"https:\/\/www.accuratereviews.com\/it\/wp-json\/wp\/v2\/comments?post=45267"}],"version-history":[{"count":9,"href":"https:\/\/www.accuratereviews.com\/it\/wp-json\/wp\/v2\/pages\/45267\/revisions"}],"predecessor-version":[{"id":45319,"href":"https:\/\/www.accuratereviews.com\/it\/wp-json\/wp\/v2\/pages\/45267\/revisions\/45319"}],"up":[{"embeddable":true,"href":"https:\/\/www.accuratereviews.com\/it\/wp-json\/wp\/v2\/pages\/44787"}],"wp:featuredmedia":[{"embeddable":true,"href":"https:\/\/www.accuratereviews.com\/it\/wp-json\/wp\/v2\/media\/45268"}],"wp:attachment":[{"href":"https:\/\/www.accuratereviews.com\/it\/wp-json\/wp\/v2\/media?parent=45267"}],"wp:term":[{"taxonomy":"category","embeddable":true,"href":"https:\/\/www.accuratereviews.com\/it\/wp-json\/wp\/v2\/categories?post=45267"},{"taxonomy":"post_tag","embeddable":true,"href":"https:\/\/www.accuratereviews.com\/it\/wp-json\/wp\/v2\/tags?post=45267"},{"taxonomy":"features","embeddable":true,"href":"https:\/\/www.accuratereviews.com\/it\/wp-json\/wp\/v2\/features?post=45267"}],"curies":[{"name":"wp","href":"https:\/\/api.w.org\/{rel}","templated":true}]}}