{"id":45279,"date":"2021-07-08T09:54:32","date_gmt":"2021-07-08T09:54:32","guid":{"rendered":"https:\/\/www.accuratereviews.com\/?page_id=45279"},"modified":"2021-07-08T09:54:32","modified_gmt":"2021-07-08T09:54:32","slug":"nicejob-recensione","status":"publish","type":"page","link":"https:\/\/www.accuratereviews.com\/it\/software-gestione-brand\/nicejob-recensione\/","title":{"rendered":"NiceJob"},"content":{"rendered":"<p><strong>NiceJob<\/strong> \u00e8 una <strong>soluzione di gestione della reputazione<\/strong> basata su <strong>cloud<\/strong> che aiuta le organizzazioni a gestire recensioni, segnalazioni e vendite. Le caratteristiche principali includono inviti alle recensioni via email, promemoria, monitoraggio della reputazione, integrazione del sito web, sms con foto, modelli di invito personalizzati, account social e altro ancora. <strong>NiceJob<\/strong> dispone di email e messaggi di testo automatizzati che spingono i clienti a lasciare recensioni. Gli utenti possono creare storie dei clienti utilizzando foto, commenti e tag nelle recensioni. Le storie possono essere pubblicate sul sito web e condivise su <strong>Facebook, Twitter e LinkedIn.<\/strong> Il software distribuisce recensioni sui siti con l&#8217;aiuto di un funnel specifico.<\/p>\n<h2>NICEJOB &#8211; TUTORIAL<\/h2>\n<p>Guardiamo la demo di questo <strong>software gestionale di brand<\/strong>:<\/p>\n<div id=\"fluid-wrapper-counter-1\" class=\"g1-fluid-wrapper \" style=\"width:686px;\"><div style=\"padding-bottom:56.268221574344%;\"><iframe loading=\"lazy\" title=\"Share Reviews Across the Web\" width=\"686\" height=\"386\" src=\"https:\/\/www.youtube.com\/embed\/qWZqFNWhvWo?feature=oembed&amp;wmode=transparent&amp;autohide=1&amp;autoplay=0&amp;disablekb=0&amp;fs=1&amp;loop=0&amp;enablejsapi=1&amp;rel=0&amp;controls=2&amp;showinfo=0&amp;wmode=transparent&amp;autohide=2&amp;autoplay=0&amp;disablekb=0&amp;fs=1&amp;loop=0&amp;enablejsapi=1&amp;rel=0&amp;controls=2&amp;showinfo=1\" frameborder=\"0\" allow=\"accelerometer; autoplay; clipboard-write; encrypted-media; gyroscope; picture-in-picture\" allowfullscreen><\/iframe><\/div><\/div>\n<h3>NICEJOB &#8211; CARATTERISTICHE<\/h3>\n<ul>\n<li><strong>Promemoria per le recensioni<\/strong>: rileva se il tuo cliente non ha lasciato una recensione e invia promemoria intelligenti<\/li>\n<li><strong>Distribuzione intelligente delle recensioni:<\/strong> distribuisci le tue recensioni sui canali in cui verranno visualizzate di pi\u00f9, come Google e Facebook<\/li>\n<li><strong>Pi\u00f9 coinvolgimento<\/strong>: il software crea per te post sui social media perfetti che generano un coinvolgimento fino a 3 volte maggiore rispetto alla condivisione di una recensione testuale<\/li>\n<li><strong>Misura i risultati<\/strong>: scopri quanti nuovi potenziali clienti hanno visto le storie dei tuoi clienti e quali storie sono state pi\u00f9 efficaci<\/li>\n<li><strong>Widget Storie<\/strong>: aumenta il posizionamento e le vendite dei motori di ricerca pubblicando automaticamente le storie e le recensioni dei clienti sul tuo sito web<\/li>\n<li><strong>Microsito<\/strong>: crea un microsito di lead generation per la tua azienda per aiutare a guidare traffico e vendite<\/li>\n<li><strong>Wdget di fiducia:<\/strong> mostra le tue valutazioni medie sui principali siti di recensioni e raccogli recensioni ovunque con un solo pulsante<\/li>\n<li><strong>Trasforma le tue recensioni in storie di clienti:<\/strong> aggiungi foto a qualsiasi recensione esistente o nuova richiesta per creare fiducia. Guarda la copertura aumentare notevolmente, generando pi\u00f9 traffico<\/li>\n<li><strong>Tagga le tue storie<\/strong>: aggiungi tag di prodotti o servizi alle tue storie per aumentarne la portata e aiutarti a filtrarle e ordinarle<\/li>\n<li><strong>Racconta le storie dei tuoi clienti<\/strong>: aggiungi i tuoi commenti a qualsiasi storia del cliente, permettendoti di creare rapidamente un mini post sul blog<\/li>\n<li><strong>Ottimizzato per i motori di ricerca<\/strong>: cerca contenuti ottimizzati per aiutarti a posizionarti pi\u00f9 in alto nei risultati dei motori di ricerca e fatti vedere da nuovi clienti<\/li>\n<li><strong>Miglioramenti costanti del sito web<\/strong>: utilizza i dati per migliorare il tuo sito e trasforma pi\u00f9 traffico in lead<\/li>\n<li><strong>Analisi approfondita<\/strong>: analizza facilmente le prestazioni del tuo sito web<\/li>\n<li><strong>Tutto a portata di mano<\/strong>: ricevi notifiche in tempo reale via email o sms e rispondi ai tuoi clienti in pochi secondi.<\/li>\n<\/ul>\n<h4>LE RECENSIONI DEGLI UTENTI<\/h4>\n<p class=\"font-weight-bold mb-1 d-flex align-items-center\"><strong>Howard H.&#8221;Ottimo per la riparazione di elettrodomestici&#8221;<\/strong><\/p>\n<p><strong>Commenti: <\/strong>Servizio clienti eccellente. Hanno migliorato sostanzialmente il software mentre lo usavamo.<\/p>\n<p><strong>Pro: <\/strong>\u00c8 un software ben pensato e sta migliorando con il tempo.<\/p>\n<p><strong>Contro: <\/strong>Non sono in grado di effettuare un rimborso parziale quando utilizzo il metodo di pagamento Wepay.<\/p>\n<p class=\"font-weight-bold mb-1 d-flex align-items-center\"><strong>Cameron U.&#8221;Bel lavoro NiceJob&#8221;<\/strong><\/p>\n<p><strong>Commenti: <\/strong>Tutto bene. \u00c8 stata un&#8217;ottima esperienza<\/p>\n<p><strong>Pro: <\/strong>Sto usando NiceJob da alcune settimane ormai. La mia attivit\u00e0 \u00e8 nuova di zecca e NiceJob \u00e8 stato davvero efficace nel garantire le recensioni dei clienti. Penso che la nostra recensione abbia totalizzato 4x nelle due settimane in cui lo abbiamo utilizzato. Questo \u00e8 enorme per una nuova attivit\u00e0 che cerca di costruire la sua reputazione. Senza dubbio&#8230; stiamo fornendo un servizio a 5 stelle, ma NiceJob ci ha fornito lo strumento per rendere pi\u00f9 facile per i nostri clienti parlare alle persone. Oltre a ci\u00f2, il servizio \u00e8 stato eccezionale e di grande supporto.<\/p>\n<p><strong>Contro: <\/strong>Fin qui tutto bene. Mi piacerebbe un&#8217;opzione di revisione NextDoor&#8230; forse anche HomeAdvisor o Thumbtack.<\/p>\n<h5 class=\"font-weight-bold mb-1 d-flex align-items-center\">William M.<\/h5>\n<h3 class=\"h5 font-weight-bold flex-grow-1 mb-4\">&#8220;Ottimo servizio di revisione&#8221;<\/h3>\n<p><strong>Commenti: <\/strong>Fin dall&#8217;inizio, NiceJob \u00e8 stato facile da usare e implementare nella mia attivit\u00e0. La piattaforma mobile \u00e8 facile da usare. Posso inviare recensioni a pi\u00f9 piattaforme, codice installato sul nostro sito Web in modo che le recensioni possano essere pubblicate anche l\u00ec. Una volta collegato il mio cliente al sistema, il software contatta il cliente per raccogliere la recensione. Questo \u00e8 enorme per un&#8217;azienda di servizi come la nostra.<\/p>\n<p><strong>Pro: <\/strong>Quello che mi piace di pi\u00f9 del software \u00e8 che una volta scritta una recensione, posso premere un pulsante e condividerla su pi\u00f9 piattaforme.<\/p>\n<p><strong>Contro: <\/strong>Posso onestamente dire che non c&#8217;\u00e8 niente che non mi piace.<\/p>\n<div class=\"d-lg-none\"><\/div>\n<p>&nbsp;<\/p>\n","protected":false},"excerpt":{"rendered":"<p>NiceJob \u00e8 una soluzione di gestione della reputazione basata su cloud che aiuta le organizzazioni a gestire recensioni, segnalazioni e vendite. Le caratteristiche principali includono inviti alle recensioni via email, promemoria, monitoraggio della reputazione, integrazione del sito web, messaggi SMS con foto, modelli di invito personalizzati, account social e altro ancora.<\/p>\n","protected":false},"author":16,"featured_media":45280,"parent":44787,"menu_order":0,"comment_status":"open","ping_status":"closed","template":"g1_template_page_review_new.php","meta":{"_acf_changed":false,"cwp_meta_box_check":"Yes","cwp_rev_product_name":"","cwp_rev_product_image":"","wppr_links":[],"cwp_rev_price":"","wppr_options":[],"wppr_pros":[],"wppr_cons":[],"_monsterinsights_skip_tracking":false,"_monsterinsights_sitenote_active":false,"_monsterinsights_sitenote_note":"","_monsterinsights_sitenote_category":0,"footnotes":""},"categories":[10573],"tags":[396,10577,10676,10678,10580,10579,10677,10575],"features":[],"class_list":{"0":"post-45279","1":"page","2":"type-page","3":"status-publish","4":"has-post-thumbnail","6":"category-software-gestione-brand-categoria","7":"tag-cloud","8":"tag-gestione-brand","9":"tag-gestione-recensioni","10":"tag-nicejob","11":"tag-piattaforma-gestione-brand","12":"tag-programma-gestione-brand","13":"tag-sistema-gestione-brand","14":"tag-software-gestione-brand"},"wppr_data":{"cwp_meta_box_check":"Yes","cwp_rev_product_name":"","cwp_rev_product_image":"","cwp_image_link":"image","cwp_rev_price":"","wppr_rating":"0.00"},"acf":[],"yoast_head":"<!-- This site is optimized with the Yoast SEO plugin v27.4 - https:\/\/yoast.com\/product\/yoast-seo-wordpress\/ -->\n<title>NiceJob: recensione software gestione brand - Accurate Reviews<\/title>\n<meta name=\"description\" content=\"NiceJob: recensione soluzione di gestione della reputazione basata su cloud che aiuta a gestire recensioni, segnalazioni e vendite.\" \/>\n<meta name=\"robots\" content=\"index, follow, max-snippet:-1, max-image-preview:large, max-video-preview:-1\" \/>\n<link rel=\"canonical\" href=\"https:\/\/www.accuratereviews.com\/it\/software-gestione-brand\/nicejob-recensione\/\" \/>\n<meta property=\"og:locale\" content=\"it_IT\" \/>\n<meta property=\"og:type\" content=\"article\" \/>\n<meta property=\"og:title\" content=\"NiceJob: recensione software gestione brand - Accurate Reviews\" \/>\n<meta property=\"og:description\" content=\"NiceJob: recensione soluzione di gestione della reputazione basata su cloud che aiuta a gestire recensioni, segnalazioni e vendite.\" \/>\n<meta property=\"og:url\" content=\"https:\/\/www.accuratereviews.com\/it\/software-gestione-brand\/nicejob-recensione\/\" \/>\n<meta property=\"og:site_name\" content=\"Accurate Reviews\" \/>\n<meta property=\"og:image\" content=\"https:\/\/www.accuratereviews.com\/wp-content\/uploads\/2021\/07\/NiceJob.png\" \/>\n\t<meta property=\"og:image:width\" content=\"1200\" \/>\n\t<meta property=\"og:image:height\" content=\"630\" \/>\n\t<meta property=\"og:image:type\" content=\"image\/png\" \/>\n<meta name=\"twitter:card\" content=\"summary_large_image\" \/>\n<meta name=\"twitter:label1\" content=\"Tempo di lettura stimato\" \/>\n\t<meta name=\"twitter:data1\" content=\"4 minuti\" \/>\n<script type=\"application\/ld+json\" class=\"yoast-schema-graph\">{\"@context\":\"https:\\\/\\\/schema.org\",\"@graph\":[{\"@type\":\"WebPage\",\"@id\":\"https:\\\/\\\/www.accuratereviews.com\\\/it\\\/software-gestione-brand\\\/nicejob-recensione\\\/\",\"url\":\"https:\\\/\\\/www.accuratereviews.com\\\/it\\\/software-gestione-brand\\\/nicejob-recensione\\\/\",\"name\":\"NiceJob: recensione software gestione brand - Accurate Reviews\",\"isPartOf\":{\"@id\":\"https:\\\/\\\/www.accuratereviews.com\\\/it\\\/#website\"},\"primaryImageOfPage\":{\"@id\":\"https:\\\/\\\/www.accuratereviews.com\\\/it\\\/software-gestione-brand\\\/nicejob-recensione\\\/#primaryimage\"},\"image\":{\"@id\":\"https:\\\/\\\/www.accuratereviews.com\\\/it\\\/software-gestione-brand\\\/nicejob-recensione\\\/#primaryimage\"},\"thumbnailUrl\":\"https:\\\/\\\/www.accuratereviews.com\\\/wp-content\\\/uploads\\\/2021\\\/07\\\/NiceJob.png\",\"datePublished\":\"2021-07-08T09:54:32+00:00\",\"description\":\"NiceJob: recensione soluzione di gestione della reputazione basata su cloud che aiuta a gestire recensioni, segnalazioni e vendite.\",\"breadcrumb\":{\"@id\":\"https:\\\/\\\/www.accuratereviews.com\\\/it\\\/software-gestione-brand\\\/nicejob-recensione\\\/#breadcrumb\"},\"inLanguage\":\"it-IT\",\"potentialAction\":[{\"@type\":\"ReadAction\",\"target\":[\"https:\\\/\\\/www.accuratereviews.com\\\/it\\\/software-gestione-brand\\\/nicejob-recensione\\\/\"]}]},{\"@type\":\"ImageObject\",\"inLanguage\":\"it-IT\",\"@id\":\"https:\\\/\\\/www.accuratereviews.com\\\/it\\\/software-gestione-brand\\\/nicejob-recensione\\\/#primaryimage\",\"url\":\"https:\\\/\\\/www.accuratereviews.com\\\/wp-content\\\/uploads\\\/2021\\\/07\\\/NiceJob.png\",\"contentUrl\":\"https:\\\/\\\/www.accuratereviews.com\\\/wp-content\\\/uploads\\\/2021\\\/07\\\/NiceJob.png\",\"width\":1200,\"height\":630},{\"@type\":\"BreadcrumbList\",\"@id\":\"https:\\\/\\\/www.accuratereviews.com\\\/it\\\/software-gestione-brand\\\/nicejob-recensione\\\/#breadcrumb\",\"itemListElement\":[{\"@type\":\"ListItem\",\"position\":1,\"name\":\"Home\",\"item\":\"https:\\\/\\\/www.accuratereviews.com\\\/it\\\/\"},{\"@type\":\"ListItem\",\"position\":2,\"name\":\"Software per la gestione dei brand\",\"item\":\"https:\\\/\\\/www.accuratereviews.com\\\/it\\\/software-gestione-brand\\\/\"},{\"@type\":\"ListItem\",\"position\":3,\"name\":\"NiceJob\"}]},{\"@type\":\"WebSite\",\"@id\":\"https:\\\/\\\/www.accuratereviews.com\\\/it\\\/#website\",\"url\":\"https:\\\/\\\/www.accuratereviews.com\\\/it\\\/\",\"name\":\"Accurate Reviews\",\"description\":\"\",\"potentialAction\":[{\"@type\":\"SearchAction\",\"target\":{\"@type\":\"EntryPoint\",\"urlTemplate\":\"https:\\\/\\\/www.accuratereviews.com\\\/it\\\/?s={search_term_string}\"},\"query-input\":{\"@type\":\"PropertyValueSpecification\",\"valueRequired\":true,\"valueName\":\"search_term_string\"}}],\"inLanguage\":\"it-IT\"}]}<\/script>\n<!-- \/ Yoast SEO plugin. -->","yoast_head_json":{"title":"NiceJob: recensione software gestione brand - Accurate Reviews","description":"NiceJob: recensione soluzione di gestione della reputazione basata su cloud che aiuta a gestire recensioni, segnalazioni e vendite.","robots":{"index":"index","follow":"follow","max-snippet":"max-snippet:-1","max-image-preview":"max-image-preview:large","max-video-preview":"max-video-preview:-1"},"canonical":"https:\/\/www.accuratereviews.com\/it\/software-gestione-brand\/nicejob-recensione\/","og_locale":"it_IT","og_type":"article","og_title":"NiceJob: recensione software gestione brand - Accurate Reviews","og_description":"NiceJob: recensione soluzione di gestione della reputazione basata su cloud che aiuta a gestire recensioni, segnalazioni e vendite.","og_url":"https:\/\/www.accuratereviews.com\/it\/software-gestione-brand\/nicejob-recensione\/","og_site_name":"Accurate Reviews","og_image":[{"width":1200,"height":630,"url":"https:\/\/www.accuratereviews.com\/wp-content\/uploads\/2021\/07\/NiceJob.png","type":"image\/png"}],"twitter_card":"summary_large_image","twitter_misc":{"Tempo di lettura stimato":"4 minuti"},"schema":{"@context":"https:\/\/schema.org","@graph":[{"@type":"WebPage","@id":"https:\/\/www.accuratereviews.com\/it\/software-gestione-brand\/nicejob-recensione\/","url":"https:\/\/www.accuratereviews.com\/it\/software-gestione-brand\/nicejob-recensione\/","name":"NiceJob: recensione software gestione brand - Accurate Reviews","isPartOf":{"@id":"https:\/\/www.accuratereviews.com\/it\/#website"},"primaryImageOfPage":{"@id":"https:\/\/www.accuratereviews.com\/it\/software-gestione-brand\/nicejob-recensione\/#primaryimage"},"image":{"@id":"https:\/\/www.accuratereviews.com\/it\/software-gestione-brand\/nicejob-recensione\/#primaryimage"},"thumbnailUrl":"https:\/\/www.accuratereviews.com\/wp-content\/uploads\/2021\/07\/NiceJob.png","datePublished":"2021-07-08T09:54:32+00:00","description":"NiceJob: recensione soluzione di gestione della reputazione basata su cloud che aiuta a gestire recensioni, segnalazioni e vendite.","breadcrumb":{"@id":"https:\/\/www.accuratereviews.com\/it\/software-gestione-brand\/nicejob-recensione\/#breadcrumb"},"inLanguage":"it-IT","potentialAction":[{"@type":"ReadAction","target":["https:\/\/www.accuratereviews.com\/it\/software-gestione-brand\/nicejob-recensione\/"]}]},{"@type":"ImageObject","inLanguage":"it-IT","@id":"https:\/\/www.accuratereviews.com\/it\/software-gestione-brand\/nicejob-recensione\/#primaryimage","url":"https:\/\/www.accuratereviews.com\/wp-content\/uploads\/2021\/07\/NiceJob.png","contentUrl":"https:\/\/www.accuratereviews.com\/wp-content\/uploads\/2021\/07\/NiceJob.png","width":1200,"height":630},{"@type":"BreadcrumbList","@id":"https:\/\/www.accuratereviews.com\/it\/software-gestione-brand\/nicejob-recensione\/#breadcrumb","itemListElement":[{"@type":"ListItem","position":1,"name":"Home","item":"https:\/\/www.accuratereviews.com\/it\/"},{"@type":"ListItem","position":2,"name":"Software per la gestione dei brand","item":"https:\/\/www.accuratereviews.com\/it\/software-gestione-brand\/"},{"@type":"ListItem","position":3,"name":"NiceJob"}]},{"@type":"WebSite","@id":"https:\/\/www.accuratereviews.com\/it\/#website","url":"https:\/\/www.accuratereviews.com\/it\/","name":"Accurate Reviews","description":"","potentialAction":[{"@type":"SearchAction","target":{"@type":"EntryPoint","urlTemplate":"https:\/\/www.accuratereviews.com\/it\/?s={search_term_string}"},"query-input":{"@type":"PropertyValueSpecification","valueRequired":true,"valueName":"search_term_string"}}],"inLanguage":"it-IT"}]}},"_links":{"self":[{"href":"https:\/\/www.accuratereviews.com\/it\/wp-json\/wp\/v2\/pages\/45279","targetHints":{"allow":["GET"]}}],"collection":[{"href":"https:\/\/www.accuratereviews.com\/it\/wp-json\/wp\/v2\/pages"}],"about":[{"href":"https:\/\/www.accuratereviews.com\/it\/wp-json\/wp\/v2\/types\/page"}],"author":[{"embeddable":true,"href":"https:\/\/www.accuratereviews.com\/it\/wp-json\/wp\/v2\/users\/16"}],"replies":[{"embeddable":true,"href":"https:\/\/www.accuratereviews.com\/it\/wp-json\/wp\/v2\/comments?post=45279"}],"version-history":[{"count":5,"href":"https:\/\/www.accuratereviews.com\/it\/wp-json\/wp\/v2\/pages\/45279\/revisions"}],"predecessor-version":[{"id":45321,"href":"https:\/\/www.accuratereviews.com\/it\/wp-json\/wp\/v2\/pages\/45279\/revisions\/45321"}],"up":[{"embeddable":true,"href":"https:\/\/www.accuratereviews.com\/it\/wp-json\/wp\/v2\/pages\/44787"}],"wp:featuredmedia":[{"embeddable":true,"href":"https:\/\/www.accuratereviews.com\/it\/wp-json\/wp\/v2\/media\/45280"}],"wp:attachment":[{"href":"https:\/\/www.accuratereviews.com\/it\/wp-json\/wp\/v2\/media?parent=45279"}],"wp:term":[{"taxonomy":"category","embeddable":true,"href":"https:\/\/www.accuratereviews.com\/it\/wp-json\/wp\/v2\/categories?post=45279"},{"taxonomy":"post_tag","embeddable":true,"href":"https:\/\/www.accuratereviews.com\/it\/wp-json\/wp\/v2\/tags?post=45279"},{"taxonomy":"features","embeddable":true,"href":"https:\/\/www.accuratereviews.com\/it\/wp-json\/wp\/v2\/features?post=45279"}],"curies":[{"name":"wp","href":"https:\/\/api.w.org\/{rel}","templated":true}]}}