{"id":45286,"date":"2021-07-08T09:19:50","date_gmt":"2021-07-08T09:19:50","guid":{"rendered":"https:\/\/www.accuratereviews.com\/?page_id=45286"},"modified":"2021-07-08T09:19:50","modified_gmt":"2021-07-08T09:19:50","slug":"kontentino-recensione","status":"publish","type":"page","link":"https:\/\/www.accuratereviews.com\/it\/software-gestione-brand\/kontentino-recensione\/","title":{"rendered":"Kontentino"},"content":{"rendered":"<p><strong>Kontentino<\/strong> \u00e8 un<strong> software per la gestione dei brand<\/strong> che si rivolge principalmente a esperti e team di social media, agenzie di marketing e di comunicazione che vogliono migliorare e ottimizzare i contenuti sui loro canali social. Si tratta infatti di una piattaforma online, disponibile anche per<strong> dispositivi iOS e Android<\/strong>, che gestisce interamente i contenuti sui social media partendo dall&#8217;organizzazione e della pianificazione degli stessi per arrivare alla loro pubblicazione. Con la semplice funzione drag &amp; drop, potrai duplicare i post, pianificare il budget, filtrare i post in base alle etichette degli argomenti dei contenuti, inviarli a supervisori, direttori artistici o clienti per l&#8217;approvazioni e molto altro ancora.<\/p>\n<h2>KONTENTINO &#8211; TUTORIAL<\/h2>\n<p>Ecco un breve video che ci mostra come funziona questo <strong>programma gestionale del brand<\/strong>:<\/p>\n<div id=\"fluid-wrapper-counter-1\" class=\"g1-fluid-wrapper \" style=\"width:686px;\">\n<div style=\"padding-bottom:56.268221574344%;\"><iframe loading=\"lazy\" title=\"Kontentino product demo\" width=\"686\" height=\"386\" src=\"https:\/\/www.youtube.com\/embed\/5p8QQNu8ZQo?feature=oembed&amp;wmode=transparent&amp;autohide=1&amp;autoplay=0&amp;disablekb=0&amp;fs=1&amp;loop=0&amp;enablejsapi=1&amp;rel=0&amp;controls=2&amp;showinfo=0&amp;wmode=transparent&amp;autohide=2&amp;autoplay=0&amp;disablekb=0&amp;fs=1&amp;loop=0&amp;enablejsapi=1&amp;rel=0&amp;controls=2&amp;showinfo=1\" frameborder=\"0\" allow=\"accelerometer; autoplay; clipboard-write; encrypted-media; gyroscope; picture-in-picture\" allowfullscreen><\/iframe><\/div>\n<\/div>\n<h3>KONTENTINO &#8211; CARATTERISTICHE<\/h3>\n<ul>\n<li><strong>Crea<\/strong>: crea post per Facebook, Instagram, Twitter, LinkedIn e Pinterest in quasi tutti i formati. Visualizza il budget pianificato, mantieni l&#8217;argomento del contenuto equilibrato con etichette, aggiungi loghi e molto altro<\/li>\n<li><strong>Organizza<\/strong>: ottieni una panoramica trasparente dei processi di creazione dei post e della gestione delle attivit\u00e0 con la visualizzazione Flusso di lavoro. Vedi tutto ci\u00f2 che conta fin dal primo sguardo. Organizza i tuoi contenuti, le persone, le risorse visive in un luogo dedicato per ogni cliente\/progetto e molto altro<\/li>\n<li><strong>Collabora<\/strong>: dimentica tonnellate di email, dimentica riunioni inutili. Avrai tutte le comunicazioni proprio accanto all&#8217;anteprima del post dal vivo. Tagga i tuoi colleghi e clienti, invia post per l&#8217;approvazione interna o al cliente e assegna compiti con pochi clic<\/li>\n<li><strong>Approva<\/strong>: tu e i tuoi clienti potete approvare i post da qualsiasi luogo. Commenta o approva i post nel calendario di Kontentino o nell&#8217;app mobile con un solo clic<\/li>\n<li><strong>Pianifica e programma<\/strong>: trasforma le tue bozze in post, riprogramma o copia facilmente i contenuti nel nostro calendario Drag &amp; Drop. Visualizza i tuoi contenuti pianificati in diverse visualizzazioni, risparmia tempo sulle attivit\u00e0 operative con azioni in blocco e molto altro<\/li>\n<li><strong>Analizza<\/strong>: prepara un report per i tuoi clienti in pochi clic.\u00a0Ottieni informazioni preziose su post, campagne o prestazioni della pagina, monitora le prestazioni dei tuoi concorrenti e molto altro<\/li>\n<li><strong>Pianifica inserzioni<\/strong>: disponi di un luogo in cui tutti i tuoi team possono incontrarsi per creare, pianificare, collaborare, approvare ed esportare inserzioni di Facebook e Instagram senza problemi<\/li>\n<li><strong>Coinvolgi<\/strong>: gestisci la tua community, goditi la collaborazione in tempo reale e supera le aspettative degli utenti. Filtra, aggiungi note, assegna attivit\u00e0 e molto altro<\/li>\n<li><strong>Approfondimenti e report<\/strong>: analisi e report sono parti cruciali di uno strumento di gestione dei social media. Visualizza i tuoi benchmark, KPI e comprendi i dati dei social media nel contesto. Inoltre, crea facilmente report sui social media coerenti con un clic.<\/li>\n<\/ul>\n<h4>LE RECENSIONI DEGLI UTENTI<\/h4>\n<p><strong>Marko P. &#8220;Ottimo rapporto tra funzionalit\u00e0 e prezzo, consente di risparmiare tempo, semplifica la collaborazione&#8221;<\/strong><br \/>\nPRO: ottimo rapporto tra funzionalit\u00e0 e prezzo e, dalla mia esperienza fino ad ora, continuano a migliorare aggiungendo nuove funzionalit\u00e0. L&#8217;assistenza clienti \u00e8 veloce, gli agenti sono gentili e disponibili.<br \/>\nCONTRO: al momento non mi dispiace nulla; Spero che continuino a fare quello che stanno facendo.<\/p>\n<p><strong>Eefje O &#8220;Ottimo strumento per programmare i tuoi contenuti!&#8221;<\/strong><br \/>\nPRO: fantastico che puoi collegare diverse piattaforme di social media!<br \/>\nCONTRO: purtroppo non supportano TikTok. Se desideri utilizzare Kontentino per questa piattaforma di social media, prova a creare un account Instagram fittizio.<\/p>\n<p><strong>Amministratore in Retail &#8220;Veloce e facile da usare&#8221;<\/strong><br \/>\nPRO: calendario e interfaccia utente semplice. Grande supporto<br \/>\nCONTRO: nessuna opzione per etichettare i prodotti, nessuna opzione per aggiungere il pulsante sotto la foto e nessuna opzione per programmare automaticamente i post di instagram.<\/p>\n","protected":false},"excerpt":{"rendered":"<p>Kontentino \u00e8 un software per la gestione dei brand che si rivolge principalmente a esperti e team di social media, agenzie di marketing e di comunicazione che vogliono migliorare e ottimizzare i contenuti sui loro canali social. Si tratta infatti di una piattaforma online, disponibile anche per dispositivi iOS e Android, che gestisce interamente i contenuti sui social media.<\/p>\n","protected":false},"author":17,"featured_media":45287,"parent":44787,"menu_order":0,"comment_status":"open","ping_status":"closed","template":"g1_template_page_review_new.php","meta":{"_acf_changed":false,"cwp_meta_box_check":"No","cwp_rev_product_name":"","cwp_rev_product_image":"","wppr_links":[],"cwp_rev_price":"","wppr_options":[],"wppr_pros":[],"wppr_cons":[],"_monsterinsights_skip_tracking":false,"_monsterinsights_sitenote_active":false,"_monsterinsights_sitenote_note":"","_monsterinsights_sitenote_category":0,"footnotes":""},"categories":[10573],"tags":[10641,10577,10673,10600,10599,5612,10575,10598],"features":[],"class_list":{"0":"post-45286","1":"page","2":"type-page","3":"status-publish","4":"has-post-thumbnail","6":"category-software-gestione-brand-categoria","7":"tag-brand-it","8":"tag-gestione-brand","9":"tag-gestione-social-media","10":"tag-piattaforma-gestionale-brand","11":"tag-programma-gestionale-brand","12":"tag-social-media","13":"tag-software-gestione-brand","14":"tag-soluzione-gestionale-brand"},"wppr_data":{"cwp_meta_box_check":"No"},"acf":[],"yoast_head":"<!-- This site is optimized with the Yoast SEO plugin v27.4 - https:\/\/yoast.com\/product\/yoast-seo-wordpress\/ -->\n<title>Kontentino: recensione software gestione brand - Accurate Reviews<\/title>\n<meta name=\"description\" content=\"Kontentino: recensione del software per la gestione dei brand che si rivolge a esperti e team di social media e agenzie di marketing.\" \/>\n<meta name=\"robots\" content=\"index, follow, max-snippet:-1, max-image-preview:large, max-video-preview:-1\" \/>\n<link rel=\"canonical\" href=\"https:\/\/www.accuratereviews.com\/it\/software-gestione-brand\/kontentino-recensione\/\" \/>\n<meta property=\"og:locale\" content=\"it_IT\" \/>\n<meta property=\"og:type\" content=\"article\" \/>\n<meta property=\"og:title\" content=\"Kontentino: recensione software gestione brand - Accurate Reviews\" \/>\n<meta property=\"og:description\" content=\"Kontentino: recensione del software per la gestione dei brand che si rivolge a esperti e team di social media e agenzie di marketing.\" \/>\n<meta property=\"og:url\" content=\"https:\/\/www.accuratereviews.com\/it\/software-gestione-brand\/kontentino-recensione\/\" \/>\n<meta property=\"og:site_name\" content=\"Accurate Reviews\" \/>\n<meta property=\"og:image\" content=\"https:\/\/www.accuratereviews.com\/wp-content\/uploads\/2021\/07\/download-3-20.png\" \/>\n\t<meta property=\"og:image:width\" content=\"225\" \/>\n\t<meta property=\"og:image:height\" content=\"225\" \/>\n\t<meta property=\"og:image:type\" content=\"image\/png\" \/>\n<meta name=\"twitter:card\" content=\"summary_large_image\" \/>\n<meta name=\"twitter:label1\" content=\"Tempo di lettura stimato\" \/>\n\t<meta name=\"twitter:data1\" content=\"3 minuti\" \/>\n<script type=\"application\/ld+json\" class=\"yoast-schema-graph\">{\"@context\":\"https:\\\/\\\/schema.org\",\"@graph\":[{\"@type\":\"WebPage\",\"@id\":\"https:\\\/\\\/www.accuratereviews.com\\\/it\\\/software-gestione-brand\\\/kontentino-recensione\\\/\",\"url\":\"https:\\\/\\\/www.accuratereviews.com\\\/it\\\/software-gestione-brand\\\/kontentino-recensione\\\/\",\"name\":\"Kontentino: recensione software gestione brand - Accurate Reviews\",\"isPartOf\":{\"@id\":\"https:\\\/\\\/www.accuratereviews.com\\\/it\\\/#website\"},\"primaryImageOfPage\":{\"@id\":\"https:\\\/\\\/www.accuratereviews.com\\\/it\\\/software-gestione-brand\\\/kontentino-recensione\\\/#primaryimage\"},\"image\":{\"@id\":\"https:\\\/\\\/www.accuratereviews.com\\\/it\\\/software-gestione-brand\\\/kontentino-recensione\\\/#primaryimage\"},\"thumbnailUrl\":\"https:\\\/\\\/www.accuratereviews.com\\\/wp-content\\\/uploads\\\/2021\\\/07\\\/download-3-20.png\",\"datePublished\":\"2021-07-08T09:19:50+00:00\",\"description\":\"Kontentino: recensione del software per la gestione dei brand che si rivolge a esperti e team di social media e agenzie di marketing.\",\"breadcrumb\":{\"@id\":\"https:\\\/\\\/www.accuratereviews.com\\\/it\\\/software-gestione-brand\\\/kontentino-recensione\\\/#breadcrumb\"},\"inLanguage\":\"it-IT\",\"potentialAction\":[{\"@type\":\"ReadAction\",\"target\":[\"https:\\\/\\\/www.accuratereviews.com\\\/it\\\/software-gestione-brand\\\/kontentino-recensione\\\/\"]}]},{\"@type\":\"ImageObject\",\"inLanguage\":\"it-IT\",\"@id\":\"https:\\\/\\\/www.accuratereviews.com\\\/it\\\/software-gestione-brand\\\/kontentino-recensione\\\/#primaryimage\",\"url\":\"https:\\\/\\\/www.accuratereviews.com\\\/wp-content\\\/uploads\\\/2021\\\/07\\\/download-3-20.png\",\"contentUrl\":\"https:\\\/\\\/www.accuratereviews.com\\\/wp-content\\\/uploads\\\/2021\\\/07\\\/download-3-20.png\",\"width\":225,\"height\":225},{\"@type\":\"BreadcrumbList\",\"@id\":\"https:\\\/\\\/www.accuratereviews.com\\\/it\\\/software-gestione-brand\\\/kontentino-recensione\\\/#breadcrumb\",\"itemListElement\":[{\"@type\":\"ListItem\",\"position\":1,\"name\":\"Home\",\"item\":\"https:\\\/\\\/www.accuratereviews.com\\\/it\\\/\"},{\"@type\":\"ListItem\",\"position\":2,\"name\":\"Software per la gestione dei brand\",\"item\":\"https:\\\/\\\/www.accuratereviews.com\\\/it\\\/software-gestione-brand\\\/\"},{\"@type\":\"ListItem\",\"position\":3,\"name\":\"Kontentino\"}]},{\"@type\":\"WebSite\",\"@id\":\"https:\\\/\\\/www.accuratereviews.com\\\/it\\\/#website\",\"url\":\"https:\\\/\\\/www.accuratereviews.com\\\/it\\\/\",\"name\":\"Accurate Reviews\",\"description\":\"\",\"potentialAction\":[{\"@type\":\"SearchAction\",\"target\":{\"@type\":\"EntryPoint\",\"urlTemplate\":\"https:\\\/\\\/www.accuratereviews.com\\\/it\\\/?s={search_term_string}\"},\"query-input\":{\"@type\":\"PropertyValueSpecification\",\"valueRequired\":true,\"valueName\":\"search_term_string\"}}],\"inLanguage\":\"it-IT\"}]}<\/script>\n<!-- \/ Yoast SEO plugin. -->","yoast_head_json":{"title":"Kontentino: recensione software gestione brand - Accurate Reviews","description":"Kontentino: recensione del software per la gestione dei brand che si rivolge a esperti e team di social media e agenzie di marketing.","robots":{"index":"index","follow":"follow","max-snippet":"max-snippet:-1","max-image-preview":"max-image-preview:large","max-video-preview":"max-video-preview:-1"},"canonical":"https:\/\/www.accuratereviews.com\/it\/software-gestione-brand\/kontentino-recensione\/","og_locale":"it_IT","og_type":"article","og_title":"Kontentino: recensione software gestione brand - Accurate Reviews","og_description":"Kontentino: recensione del software per la gestione dei brand che si rivolge a esperti e team di social media e agenzie di marketing.","og_url":"https:\/\/www.accuratereviews.com\/it\/software-gestione-brand\/kontentino-recensione\/","og_site_name":"Accurate Reviews","og_image":[{"width":225,"height":225,"url":"https:\/\/www.accuratereviews.com\/wp-content\/uploads\/2021\/07\/download-3-20.png","type":"image\/png"}],"twitter_card":"summary_large_image","twitter_misc":{"Tempo di lettura stimato":"3 minuti"},"schema":{"@context":"https:\/\/schema.org","@graph":[{"@type":"WebPage","@id":"https:\/\/www.accuratereviews.com\/it\/software-gestione-brand\/kontentino-recensione\/","url":"https:\/\/www.accuratereviews.com\/it\/software-gestione-brand\/kontentino-recensione\/","name":"Kontentino: recensione software gestione brand - Accurate Reviews","isPartOf":{"@id":"https:\/\/www.accuratereviews.com\/it\/#website"},"primaryImageOfPage":{"@id":"https:\/\/www.accuratereviews.com\/it\/software-gestione-brand\/kontentino-recensione\/#primaryimage"},"image":{"@id":"https:\/\/www.accuratereviews.com\/it\/software-gestione-brand\/kontentino-recensione\/#primaryimage"},"thumbnailUrl":"https:\/\/www.accuratereviews.com\/wp-content\/uploads\/2021\/07\/download-3-20.png","datePublished":"2021-07-08T09:19:50+00:00","description":"Kontentino: recensione del software per la gestione dei brand che si rivolge a esperti e team di social media e agenzie di marketing.","breadcrumb":{"@id":"https:\/\/www.accuratereviews.com\/it\/software-gestione-brand\/kontentino-recensione\/#breadcrumb"},"inLanguage":"it-IT","potentialAction":[{"@type":"ReadAction","target":["https:\/\/www.accuratereviews.com\/it\/software-gestione-brand\/kontentino-recensione\/"]}]},{"@type":"ImageObject","inLanguage":"it-IT","@id":"https:\/\/www.accuratereviews.com\/it\/software-gestione-brand\/kontentino-recensione\/#primaryimage","url":"https:\/\/www.accuratereviews.com\/wp-content\/uploads\/2021\/07\/download-3-20.png","contentUrl":"https:\/\/www.accuratereviews.com\/wp-content\/uploads\/2021\/07\/download-3-20.png","width":225,"height":225},{"@type":"BreadcrumbList","@id":"https:\/\/www.accuratereviews.com\/it\/software-gestione-brand\/kontentino-recensione\/#breadcrumb","itemListElement":[{"@type":"ListItem","position":1,"name":"Home","item":"https:\/\/www.accuratereviews.com\/it\/"},{"@type":"ListItem","position":2,"name":"Software per la gestione dei brand","item":"https:\/\/www.accuratereviews.com\/it\/software-gestione-brand\/"},{"@type":"ListItem","position":3,"name":"Kontentino"}]},{"@type":"WebSite","@id":"https:\/\/www.accuratereviews.com\/it\/#website","url":"https:\/\/www.accuratereviews.com\/it\/","name":"Accurate Reviews","description":"","potentialAction":[{"@type":"SearchAction","target":{"@type":"EntryPoint","urlTemplate":"https:\/\/www.accuratereviews.com\/it\/?s={search_term_string}"},"query-input":{"@type":"PropertyValueSpecification","valueRequired":true,"valueName":"search_term_string"}}],"inLanguage":"it-IT"}]}},"_links":{"self":[{"href":"https:\/\/www.accuratereviews.com\/it\/wp-json\/wp\/v2\/pages\/45286","targetHints":{"allow":["GET"]}}],"collection":[{"href":"https:\/\/www.accuratereviews.com\/it\/wp-json\/wp\/v2\/pages"}],"about":[{"href":"https:\/\/www.accuratereviews.com\/it\/wp-json\/wp\/v2\/types\/page"}],"author":[{"embeddable":true,"href":"https:\/\/www.accuratereviews.com\/it\/wp-json\/wp\/v2\/users\/17"}],"replies":[{"embeddable":true,"href":"https:\/\/www.accuratereviews.com\/it\/wp-json\/wp\/v2\/comments?post=45286"}],"version-history":[{"count":4,"href":"https:\/\/www.accuratereviews.com\/it\/wp-json\/wp\/v2\/pages\/45286\/revisions"}],"predecessor-version":[{"id":45309,"href":"https:\/\/www.accuratereviews.com\/it\/wp-json\/wp\/v2\/pages\/45286\/revisions\/45309"}],"up":[{"embeddable":true,"href":"https:\/\/www.accuratereviews.com\/it\/wp-json\/wp\/v2\/pages\/44787"}],"wp:featuredmedia":[{"embeddable":true,"href":"https:\/\/www.accuratereviews.com\/it\/wp-json\/wp\/v2\/media\/45287"}],"wp:attachment":[{"href":"https:\/\/www.accuratereviews.com\/it\/wp-json\/wp\/v2\/media?parent=45286"}],"wp:term":[{"taxonomy":"category","embeddable":true,"href":"https:\/\/www.accuratereviews.com\/it\/wp-json\/wp\/v2\/categories?post=45286"},{"taxonomy":"post_tag","embeddable":true,"href":"https:\/\/www.accuratereviews.com\/it\/wp-json\/wp\/v2\/tags?post=45286"},{"taxonomy":"features","embeddable":true,"href":"https:\/\/www.accuratereviews.com\/it\/wp-json\/wp\/v2\/features?post=45286"}],"curies":[{"name":"wp","href":"https:\/\/api.w.org\/{rel}","templated":true}]}}