{"id":45328,"date":"2021-07-09T10:07:10","date_gmt":"2021-07-09T10:07:10","guid":{"rendered":"https:\/\/www.accuratereviews.com\/?page_id=45328"},"modified":"2021-07-09T10:07:10","modified_gmt":"2021-07-09T10:07:10","slug":"marcomcentral-enterprise-recensione","status":"publish","type":"page","link":"https:\/\/www.accuratereviews.com\/it\/software-gestione-brand\/marcomcentral-enterprise-recensione\/","title":{"rendered":"MarcomCentral Enterprise"},"content":{"rendered":"<p><strong>MarcomCentral Enterprise<\/strong> \u00e8 una piattaforma basata su <strong>cloud<\/strong> per la <strong>gestione delle risorse digitali<\/strong> e del marchio, che consente agli utenti di personalizzare e distribuire materiali di marketing pur continuando a gestire l&#8217;accesso, l&#8217;integrit\u00e0 del marchio e la conformit\u00e0. I marketer, i rappresentanti di vendita, gli agenti, i broker e i distributori possono avere accesso a materiali personalizzabili online. Il software permette agli utenti di personalizzare i contenuti dal campo, utilizzando la &#8220;intranet di marketing&#8221; basata sul web per accedere alle risorse da qualsiasi luogo. Il design del portale pu\u00f2 essere personalizzato e gli utenti possono abilitare e disabilitare diversi livelli di autorizzazioni di accesso per garantire che le persone possano modificare e distribuire solo i contenuti a cui sono autorizzati ad accedere. \u00c8 possibile creare contenuti personalizzati incluse proposte, posta diretta, html e materiale collaterale, con regole per garantire che il contenuto univoco venga consegnato a ogni destinatario.<\/p>\n<h2>MARCOMCENTRAL ENTERPRISE &#8211; TUTORIAL<\/h2>\n<p>Guardiamo cosa pu\u00f2 fare per te questo <strong>software gestionale di brand<\/strong>:<\/p>\n<div id=\"fluid-wrapper-counter-1\" class=\"g1-fluid-wrapper \" style=\"width:686px;\">\n<div style=\"padding-bottom:56.268221574344%;\"><iframe loading=\"lazy\" title=\"What Can MarcomCentral Do for You? | MarcomCentral\" width=\"686\" height=\"386\" src=\"https:\/\/www.youtube.com\/embed\/Xtz3n62IP0I?feature=oembed&amp;wmode=transparent&amp;autohide=1&amp;autoplay=0&amp;disablekb=0&amp;fs=1&amp;loop=0&amp;enablejsapi=1&amp;rel=0&amp;controls=2&amp;showinfo=0&amp;wmode=transparent&amp;autohide=2&amp;autoplay=0&amp;disablekb=0&amp;fs=1&amp;loop=0&amp;enablejsapi=1&amp;rel=0&amp;controls=2&amp;showinfo=1\" frameborder=\"0\" allow=\"accelerometer; autoplay; clipboard-write; encrypted-media; gyroscope; picture-in-picture\" allowfullscreen><\/iframe><\/div>\n<\/div>\n<h3>MARCOMCENTRAL ENTERPRISE &#8211; CARATTERISTICHE<\/h3>\n<ul>\n<li><strong>Tag dei metadati personalizzato<\/strong>: aggiungi tag o cercare parole chiave a ciascuna risorsa manualmente o utilizzare l&#8217;intelligenza artificiale per farlo per te<\/li>\n<li><strong>Condividi facilmente i file<\/strong>: riduci gli allegati di posta elettronica. Condividi pi\u00f9 immagini e risorse con i membri del team direttamente attraverso il tuo portale<\/li>\n<li><strong>Marketing distribuito<\/strong>: la piattaforma di marketing distribuito permette ai tuoi team di personalizzare e distribuire facilmente i contenuti di marketing<\/li>\n<li><strong>Personalizza le garanzie<\/strong>: utilizzando modelli dinamici, modifica rapidamente i campi di testo per creare una risorsa personalizzata senza inviare una richiesta al marketing<\/li>\n<li><strong>Tieni traccia dell&#8217;utilizzo<\/strong>: con la migliore Business Intelligence della categoria, crea report personalizzati e tieni traccia delle tendenze per ottimizzare lo sviluppo del collaterale.<\/li>\n<li><strong>Aggiornamenti di massa:<\/strong> applica le linee guida del marchio gestendo in modo efficace immagini, marchi, loghi o disclaimer obsoleti apportando un unico aggiornamento a tutte le risorse pertinenti.<\/li>\n<\/ul>\n<h4>LE RECENSIONI DEGLI UTENTI<\/h4>\n<h5 class=\"font-weight-bold mb-1 d-flex align-items-center\">Tara D.&#8221;marcom&#8221;<\/h5>\n<p><strong>Commenti: <\/strong>I nostri direttori lo usano come un ottimo strumento per acquistare da noi materiale di marketing<\/p>\n<p><strong>Pro: <\/strong>Facilit\u00e0 d&#8217;uso e funzionalit\u00e0. I nostri direttori lo usano come un ottimo strumento per acquistare da noi materiale di marketing<\/p>\n<p><strong>Contro: <\/strong>Non abbiamo avuto molti problemi con questo programma, ma nell&#8217;occasione in cui ci sono state domande, ho scoperto che quando lascio una VM con l&#8217;azienda non ricevo mai una chiamata di ritorno.<\/p>\n<p class=\"font-weight-bold mb-1 d-flex align-items-center\"><strong>Christine F.&#8221;Per la maggior parte, la nostra esperienza con MarcomCentral \u00e8 stata positiva, \u00e8 un ottimo strumento per noi.&#8221;<\/strong><\/p>\n<p><strong>Pro: <\/strong>Dopo averlo configurato, \u00e8 piuttosto semplice per le persone personalizzare i propri materiali. L&#8217;assistenza clienti \u00e8 stata molto buona e il sito viene continuamente migliorato.<\/p>\n<p><strong>Contro: <\/strong>C&#8217;\u00e8 stata una grande curva di apprendimento e hai bisogno delle persone giuste nel tuo team per configurare il tuo portale. \u00c8 stato molto frustrante all&#8217;inizio ed \u00e8 stato molto pi\u00f9 difficile del previsto.<\/p>\n<p class=\"font-weight-bold mb-1 d-flex align-items-center\"><strong>Maureen M.&#8221;Risorse costruite per un negozio di garanzia di marketing&#8221;<\/strong><\/p>\n<p><strong>Commenti: <\/strong>Fornitura di materiali di marketing agli associati e alle vendite per vendere i nostri prodotti assicurativi.<\/p>\n<p><strong>Pro: <\/strong>Puoi aggiungere e modificare pi\u00f9 elementi con la funzione Operazioni collettive. Puoi aggiungere pi\u00f9 utenti alla volta. La facilit\u00e0 d&#8217;uso \u00e8 un livello moderato, ottimo per gli analisti aziendali<\/p>\n<p><strong>Contro: <\/strong>Nell&#8217;editor del catalogo, sarebbe utile avere tutto il prodotto nel catalogo per visualizzare l&#8217;ID prodotto insieme al nome del prodotto invece di dover passare il mouse su ogni articolo singolarmente per vedere l&#8217;ID prodotto. I nomi dei gruppi non vengono elencati automaticamente in ordine alfabetico. devi fare clic sull&#8217;intestazione del nome del gruppo e non era prevalente come dovevi ordinarli. Ho dovuto aprire un ticket.<\/p>\n","protected":false},"excerpt":{"rendered":"<p>MarcomCentral Enterprise \u00e8 una piattaforma basata su cloud per la gestione delle risorse digitali e del marchio, che consente agli utenti di personalizzare e distribuire materiali di marketing e risorse del marchio, pur continuando a gestire l&#8217;accesso, l&#8217;integrit\u00e0 del marchio e la conformit\u00e0. I marketer, i rappresentanti di vendita, gli agenti, i broker e i distributori possono tutti avere accesso a materiali personalizzabili online.<\/p>\n","protected":false},"author":16,"featured_media":45330,"parent":44787,"menu_order":0,"comment_status":"open","ping_status":"closed","template":"g1_template_page_review_new.php","meta":{"_acf_changed":false,"cwp_meta_box_check":"Yes","cwp_rev_product_name":"","cwp_rev_product_image":"","wppr_links":[],"cwp_rev_price":"","wppr_options":[],"wppr_pros":[],"wppr_cons":[],"_monsterinsights_skip_tracking":false,"_monsterinsights_sitenote_active":false,"_monsterinsights_sitenote_note":"","_monsterinsights_sitenote_category":0,"footnotes":""},"categories":[10573],"tags":[396,10685,10691,10580,10686,10579,10122,10575,10120,10582,10121],"features":[],"class_list":{"0":"post-45328","1":"page","2":"type-page","3":"status-publish","4":"has-post-thumbnail","6":"category-software-gestione-brand-categoria","7":"tag-cloud","8":"tag-gestione-risorse","9":"tag-marcomcentral-enterprise","10":"tag-piattaforma-gestione-brand","11":"tag-piattaforma-gestione-risorse","12":"tag-programma-gestione-brand","13":"tag-programma-gestione-risorse","14":"tag-software-gestione-brand","15":"tag-software-gestione-risorse","16":"tag-soluzione-gestione-brand","17":"tag-soluzione-gestione-risorse"},"wppr_data":{"cwp_meta_box_check":"Yes","cwp_rev_product_name":"","cwp_rev_product_image":"","cwp_image_link":"image","cwp_rev_price":"","wppr_rating":"0.00"},"acf":[],"yoast_head":"<!-- This site is optimized with the Yoast SEO plugin v27.4 - https:\/\/yoast.com\/product\/yoast-seo-wordpress\/ -->\n<title>MarcomCentral Enterprise: recensione software gestione brand<\/title>\n<meta name=\"description\" content=\"MarcomCentral Enterprise: recensione piattaforma basata su cloud per la gestione delle risorse digitali e del marchio.\" \/>\n<meta name=\"robots\" content=\"index, follow, max-snippet:-1, max-image-preview:large, max-video-preview:-1\" \/>\n<link rel=\"canonical\" href=\"https:\/\/www.accuratereviews.com\/it\/software-gestione-brand\/marcomcentral-enterprise-recensione\/\" \/>\n<meta property=\"og:locale\" content=\"it_IT\" \/>\n<meta property=\"og:type\" content=\"article\" \/>\n<meta property=\"og:title\" content=\"MarcomCentral Enterprise: recensione software gestione brand\" \/>\n<meta property=\"og:description\" content=\"MarcomCentral Enterprise: recensione piattaforma basata su cloud per la gestione delle risorse digitali e del marchio.\" \/>\n<meta property=\"og:url\" content=\"https:\/\/www.accuratereviews.com\/it\/software-gestione-brand\/marcomcentral-enterprise-recensione\/\" \/>\n<meta property=\"og:site_name\" content=\"Accurate Reviews\" \/>\n<meta property=\"og:image\" content=\"https:\/\/www.accuratereviews.com\/wp-content\/uploads\/2021\/07\/marcomcentral.png\" \/>\n\t<meta property=\"og:image:width\" content=\"600\" \/>\n\t<meta property=\"og:image:height\" content=\"315\" \/>\n\t<meta property=\"og:image:type\" content=\"image\/png\" \/>\n<meta name=\"twitter:card\" content=\"summary_large_image\" \/>\n<meta name=\"twitter:label1\" content=\"Tempo di lettura stimato\" \/>\n\t<meta name=\"twitter:data1\" content=\"3 minuti\" \/>\n<script type=\"application\/ld+json\" class=\"yoast-schema-graph\">{\"@context\":\"https:\\\/\\\/schema.org\",\"@graph\":[{\"@type\":\"WebPage\",\"@id\":\"https:\\\/\\\/www.accuratereviews.com\\\/it\\\/software-gestione-brand\\\/marcomcentral-enterprise-recensione\\\/\",\"url\":\"https:\\\/\\\/www.accuratereviews.com\\\/it\\\/software-gestione-brand\\\/marcomcentral-enterprise-recensione\\\/\",\"name\":\"MarcomCentral Enterprise: recensione software gestione brand\",\"isPartOf\":{\"@id\":\"https:\\\/\\\/www.accuratereviews.com\\\/it\\\/#website\"},\"primaryImageOfPage\":{\"@id\":\"https:\\\/\\\/www.accuratereviews.com\\\/it\\\/software-gestione-brand\\\/marcomcentral-enterprise-recensione\\\/#primaryimage\"},\"image\":{\"@id\":\"https:\\\/\\\/www.accuratereviews.com\\\/it\\\/software-gestione-brand\\\/marcomcentral-enterprise-recensione\\\/#primaryimage\"},\"thumbnailUrl\":\"https:\\\/\\\/www.accuratereviews.com\\\/wp-content\\\/uploads\\\/2021\\\/07\\\/marcomcentral.png\",\"datePublished\":\"2021-07-09T10:07:10+00:00\",\"description\":\"MarcomCentral Enterprise: recensione piattaforma basata su cloud per la gestione delle risorse digitali e del marchio.\",\"breadcrumb\":{\"@id\":\"https:\\\/\\\/www.accuratereviews.com\\\/it\\\/software-gestione-brand\\\/marcomcentral-enterprise-recensione\\\/#breadcrumb\"},\"inLanguage\":\"it-IT\",\"potentialAction\":[{\"@type\":\"ReadAction\",\"target\":[\"https:\\\/\\\/www.accuratereviews.com\\\/it\\\/software-gestione-brand\\\/marcomcentral-enterprise-recensione\\\/\"]}]},{\"@type\":\"ImageObject\",\"inLanguage\":\"it-IT\",\"@id\":\"https:\\\/\\\/www.accuratereviews.com\\\/it\\\/software-gestione-brand\\\/marcomcentral-enterprise-recensione\\\/#primaryimage\",\"url\":\"https:\\\/\\\/www.accuratereviews.com\\\/wp-content\\\/uploads\\\/2021\\\/07\\\/marcomcentral.png\",\"contentUrl\":\"https:\\\/\\\/www.accuratereviews.com\\\/wp-content\\\/uploads\\\/2021\\\/07\\\/marcomcentral.png\",\"width\":600,\"height\":315},{\"@type\":\"BreadcrumbList\",\"@id\":\"https:\\\/\\\/www.accuratereviews.com\\\/it\\\/software-gestione-brand\\\/marcomcentral-enterprise-recensione\\\/#breadcrumb\",\"itemListElement\":[{\"@type\":\"ListItem\",\"position\":1,\"name\":\"Home\",\"item\":\"https:\\\/\\\/www.accuratereviews.com\\\/it\\\/\"},{\"@type\":\"ListItem\",\"position\":2,\"name\":\"Software per la gestione dei brand\",\"item\":\"https:\\\/\\\/www.accuratereviews.com\\\/it\\\/software-gestione-brand\\\/\"},{\"@type\":\"ListItem\",\"position\":3,\"name\":\"MarcomCentral Enterprise\"}]},{\"@type\":\"WebSite\",\"@id\":\"https:\\\/\\\/www.accuratereviews.com\\\/it\\\/#website\",\"url\":\"https:\\\/\\\/www.accuratereviews.com\\\/it\\\/\",\"name\":\"Accurate Reviews\",\"description\":\"\",\"potentialAction\":[{\"@type\":\"SearchAction\",\"target\":{\"@type\":\"EntryPoint\",\"urlTemplate\":\"https:\\\/\\\/www.accuratereviews.com\\\/it\\\/?s={search_term_string}\"},\"query-input\":{\"@type\":\"PropertyValueSpecification\",\"valueRequired\":true,\"valueName\":\"search_term_string\"}}],\"inLanguage\":\"it-IT\"}]}<\/script>\n<!-- \/ Yoast SEO plugin. -->","yoast_head_json":{"title":"MarcomCentral Enterprise: recensione software gestione brand","description":"MarcomCentral Enterprise: recensione piattaforma basata su cloud per la gestione delle risorse digitali e del marchio.","robots":{"index":"index","follow":"follow","max-snippet":"max-snippet:-1","max-image-preview":"max-image-preview:large","max-video-preview":"max-video-preview:-1"},"canonical":"https:\/\/www.accuratereviews.com\/it\/software-gestione-brand\/marcomcentral-enterprise-recensione\/","og_locale":"it_IT","og_type":"article","og_title":"MarcomCentral Enterprise: recensione software gestione brand","og_description":"MarcomCentral Enterprise: recensione piattaforma basata su cloud per la gestione delle risorse digitali e del marchio.","og_url":"https:\/\/www.accuratereviews.com\/it\/software-gestione-brand\/marcomcentral-enterprise-recensione\/","og_site_name":"Accurate Reviews","og_image":[{"width":600,"height":315,"url":"https:\/\/www.accuratereviews.com\/wp-content\/uploads\/2021\/07\/marcomcentral.png","type":"image\/png"}],"twitter_card":"summary_large_image","twitter_misc":{"Tempo di lettura stimato":"3 minuti"},"schema":{"@context":"https:\/\/schema.org","@graph":[{"@type":"WebPage","@id":"https:\/\/www.accuratereviews.com\/it\/software-gestione-brand\/marcomcentral-enterprise-recensione\/","url":"https:\/\/www.accuratereviews.com\/it\/software-gestione-brand\/marcomcentral-enterprise-recensione\/","name":"MarcomCentral Enterprise: recensione software gestione brand","isPartOf":{"@id":"https:\/\/www.accuratereviews.com\/it\/#website"},"primaryImageOfPage":{"@id":"https:\/\/www.accuratereviews.com\/it\/software-gestione-brand\/marcomcentral-enterprise-recensione\/#primaryimage"},"image":{"@id":"https:\/\/www.accuratereviews.com\/it\/software-gestione-brand\/marcomcentral-enterprise-recensione\/#primaryimage"},"thumbnailUrl":"https:\/\/www.accuratereviews.com\/wp-content\/uploads\/2021\/07\/marcomcentral.png","datePublished":"2021-07-09T10:07:10+00:00","description":"MarcomCentral Enterprise: recensione piattaforma basata su cloud per la gestione delle risorse digitali e del marchio.","breadcrumb":{"@id":"https:\/\/www.accuratereviews.com\/it\/software-gestione-brand\/marcomcentral-enterprise-recensione\/#breadcrumb"},"inLanguage":"it-IT","potentialAction":[{"@type":"ReadAction","target":["https:\/\/www.accuratereviews.com\/it\/software-gestione-brand\/marcomcentral-enterprise-recensione\/"]}]},{"@type":"ImageObject","inLanguage":"it-IT","@id":"https:\/\/www.accuratereviews.com\/it\/software-gestione-brand\/marcomcentral-enterprise-recensione\/#primaryimage","url":"https:\/\/www.accuratereviews.com\/wp-content\/uploads\/2021\/07\/marcomcentral.png","contentUrl":"https:\/\/www.accuratereviews.com\/wp-content\/uploads\/2021\/07\/marcomcentral.png","width":600,"height":315},{"@type":"BreadcrumbList","@id":"https:\/\/www.accuratereviews.com\/it\/software-gestione-brand\/marcomcentral-enterprise-recensione\/#breadcrumb","itemListElement":[{"@type":"ListItem","position":1,"name":"Home","item":"https:\/\/www.accuratereviews.com\/it\/"},{"@type":"ListItem","position":2,"name":"Software per la gestione dei brand","item":"https:\/\/www.accuratereviews.com\/it\/software-gestione-brand\/"},{"@type":"ListItem","position":3,"name":"MarcomCentral Enterprise"}]},{"@type":"WebSite","@id":"https:\/\/www.accuratereviews.com\/it\/#website","url":"https:\/\/www.accuratereviews.com\/it\/","name":"Accurate Reviews","description":"","potentialAction":[{"@type":"SearchAction","target":{"@type":"EntryPoint","urlTemplate":"https:\/\/www.accuratereviews.com\/it\/?s={search_term_string}"},"query-input":{"@type":"PropertyValueSpecification","valueRequired":true,"valueName":"search_term_string"}}],"inLanguage":"it-IT"}]}},"_links":{"self":[{"href":"https:\/\/www.accuratereviews.com\/it\/wp-json\/wp\/v2\/pages\/45328","targetHints":{"allow":["GET"]}}],"collection":[{"href":"https:\/\/www.accuratereviews.com\/it\/wp-json\/wp\/v2\/pages"}],"about":[{"href":"https:\/\/www.accuratereviews.com\/it\/wp-json\/wp\/v2\/types\/page"}],"author":[{"embeddable":true,"href":"https:\/\/www.accuratereviews.com\/it\/wp-json\/wp\/v2\/users\/16"}],"replies":[{"embeddable":true,"href":"https:\/\/www.accuratereviews.com\/it\/wp-json\/wp\/v2\/comments?post=45328"}],"version-history":[{"count":9,"href":"https:\/\/www.accuratereviews.com\/it\/wp-json\/wp\/v2\/pages\/45328\/revisions"}],"predecessor-version":[{"id":45374,"href":"https:\/\/www.accuratereviews.com\/it\/wp-json\/wp\/v2\/pages\/45328\/revisions\/45374"}],"up":[{"embeddable":true,"href":"https:\/\/www.accuratereviews.com\/it\/wp-json\/wp\/v2\/pages\/44787"}],"wp:featuredmedia":[{"embeddable":true,"href":"https:\/\/www.accuratereviews.com\/it\/wp-json\/wp\/v2\/media\/45330"}],"wp:attachment":[{"href":"https:\/\/www.accuratereviews.com\/it\/wp-json\/wp\/v2\/media?parent=45328"}],"wp:term":[{"taxonomy":"category","embeddable":true,"href":"https:\/\/www.accuratereviews.com\/it\/wp-json\/wp\/v2\/categories?post=45328"},{"taxonomy":"post_tag","embeddable":true,"href":"https:\/\/www.accuratereviews.com\/it\/wp-json\/wp\/v2\/tags?post=45328"},{"taxonomy":"features","embeddable":true,"href":"https:\/\/www.accuratereviews.com\/it\/wp-json\/wp\/v2\/features?post=45328"}],"curies":[{"name":"wp","href":"https:\/\/api.w.org\/{rel}","templated":true}]}}