{"id":45342,"date":"2021-07-09T09:55:00","date_gmt":"2021-07-09T09:55:00","guid":{"rendered":"https:\/\/www.accuratereviews.com\/?page_id=45342"},"modified":"2021-07-12T17:39:09","modified_gmt":"2021-07-12T17:39:09","slug":"filecamp-recensione","status":"publish","type":"page","link":"https:\/\/www.accuratereviews.com\/it\/software-gestione-brand\/filecamp-recensione\/","title":{"rendered":"Filecamp"},"content":{"rendered":"<p><strong>Filecamp<\/strong> \u00e8 un<strong> software per la gestione dei brand<\/strong>, basato su cloud, che si rivolge principalmente a esperti e aziende di marketing di qualsiasi dimensione. L&#8217;obiettivo \u00e8 quello di supportarle nella<strong> gestione delle risorse digitali<\/strong> utilizzando una piattaforma online, disponibile anche per dispositivi iOS e Android, intuitiva e semplice da usare. In questo modo permetter\u00e0 ai professionisti di organizzare, condividere, taggare e distribuire le proprie risorse risparmiando molto tempo che potranno dedicare a ci\u00f2 che conta di pi\u00f9. Oltre a questo, <strong>Filecamp<\/strong> garantisce anche un aumento della produttivit\u00e0 e una maggiore visibilit\u00e0 al marchio aziendale.<\/p>\n<h2>FILECAMP &#8211; TUTORIAL<\/h2>\n<p>Di seguito un breve video che ci spiega qualcosa in pi\u00f9 su questo <strong>programma per la gestione delle risorse digitali<\/strong>:<\/p>\n<div id=\"fluid-wrapper-counter-1\" class=\"g1-fluid-wrapper \" style=\"width:686px;\">\n<div style=\"padding-bottom:56.268221574344%;\"><iframe loading=\"lazy\" title=\"Custom branding\" width=\"515\" height=\"386\" src=\"https:\/\/www.youtube.com\/embed\/MEs6GF88hRE?feature=oembed&amp;wmode=transparent&amp;autohide=1&amp;autoplay=0&amp;disablekb=0&amp;fs=1&amp;loop=0&amp;enablejsapi=1&amp;rel=0&amp;controls=2&amp;showinfo=0&amp;wmode=transparent&amp;autohide=2&amp;autoplay=0&amp;disablekb=0&amp;fs=1&amp;loop=0&amp;enablejsapi=1&amp;rel=0&amp;controls=2&amp;showinfo=1\" frameborder=\"0\" allow=\"accelerometer; autoplay; clipboard-write; encrypted-media; gyroscope; picture-in-picture\" allowfullscreen><\/iframe><\/div>\n<\/div>\n<h3>FILECAMP &#8211; CARATTERISTICHE<\/h3>\n<ul>\n<li><strong>Accesso<\/strong>: stai tranquillo, i tuoi clienti e partner possono accedere solo ai file e alle cartelle specifici per cui hai dato loro il permesso<\/li>\n<li><strong>Temi multipli<\/strong>: associa temi diversi a cartelle diverse e porta il marchio personalizzato a un livello completamente nuovo<\/li>\n<li><strong>Parole chiave\/tag<\/strong>: leggi, scrivi e modifica i metadati per la maggior parte dei tipi di file multimediali digitali senza dover lasciare Filecamp<\/li>\n<li><strong>Pagine<\/strong>: crea pagine personalizzate utilizzando l&#8217;editor WYSIWYG integrato e visualizza queste pagine nella navigazione principale<\/li>\n<li><strong>Sicurezz<\/strong>a: i server Filecamp si trovano in un data center sicuro con sorveglianza 24 ore su 24, 7 giorni su 7. Usiamo il protocollo HTTPS sicuro per tutti i trasferimenti di file<\/li>\n<li><strong>Richiedi collegamenti ai file<\/strong>: ricevi file e cartelle, grandi o piccoli, da chiunque, direttamente nel tuo Filecamp. E ricevi un messaggio quando i file vengono caricati<\/li>\n<li><strong>Raccolte<\/strong>: crea &#8220;Raccolta&#8221; da file archiviati in pi\u00f9 cartelle per una facile collaborazione e distribuzione dei file<\/li>\n<li><strong>Tag automatici<\/strong>: lascia che Filecamp analizzi e tagghi automaticamente le tue immagini per migliorare la ricerca e la scoperta<\/li>\n<li><strong>Etichette<\/strong>: aggiungi etichette ai tuoi file per scopi di valutazione, indicizzazione o verifica. Crea le tue etichette che abbiano senso per te e il tuo flusso di lavoro<\/li>\n<li><strong>White Label<\/strong>: il piano Pro offre un&#8217;esperienza white label completa per garantire che il tuo marchio sia l&#8217;unico marchio rappresentato<\/li>\n<li><strong>Miniature personalizzate<\/strong>: offre un&#8217;interfaccia nitida e intuitiva, ma a volte potresti trovare utile dare indicazioni visive a file e cartelle<\/li>\n<li><strong>Download<\/strong>: offre molta flessibilit\u00e0 durante il download delle risorse del marchio. Puoi scaricare al volo nel formato originale o in una risoluzione inferiore.<\/li>\n<\/ul>\n<h4>LE RECENSIONI DEGLI UTENTI<\/h4>\n<p><strong>Alessandro D. &#8220;piattaforma perfetta per architetti creativi&#8221;<\/strong><br \/>\nCOMMENTI: questo software resiste alle piattaforme di condivisione molto pi\u00f9 complicate del mercato. I nostri clienti sono molto contenti della facilit\u00e0 d&#8217;uso e della panoramica sui disegni condivisi, anche le notifiche funzionano bene<br \/>\nPRO: questo software \u00e8 un modo molto pulito, facile ed elegante per condividere i disegni. Pu\u00f2 essere personalizzato ed \u00e8 molto intuitivo. L&#8217;anteprima funziona perfettamente<br \/>\nCONTRO: la gestione dei diritti degli utenti potrebbe essere pi\u00f9 semplice e di migliore visione.<\/p>\n<p><strong>Andy T. &#8220;Non-profit, la tua ricerca si ferma qui!&#8221;<\/strong><br \/>\nCOMMENTI: sono ancora abbastanza nuovo, ma \u00e8 molto intuitivo e mi piace la possibilit\u00e0 di creare una pagina bianca in modo che corrisponda al nostro marchio<br \/>\nPRO: Filecamp ci ha aiutato in 3 modi principali:<br \/>\n1. Ha colmato il vuoto come nostra soluzione di gestione delle risorse digitali<br \/>\n2. Fornisce un modo per ricevere file in arrivo dal nostro team di membri del team di volontari globali.<br \/>\n3. Ha un buon prezzo e non \u00e8 fuori portata per una piccola organizzazione no-profit, ma crescer\u00e0 con noi.<br \/>\nCONTRO: mi piacerebbe una maggiore flessibilit\u00e0 nei campi di input delle informazioni di caricamento delle immagini.<\/p>\n<p><strong>Szana M. &#8220;Grande software DAM! Sostituisce il dropbox di FAR!&#8221;<\/strong><br \/>\nPRO: amo la facilit\u00e0 di installazione e utilizzo. Fantastico prodotto! Molto intuitivo. Soffia il dropbox fuori dall&#8217;acqua!<br \/>\nCONTRO: nessun feedback negativo<\/p>\n","protected":false},"excerpt":{"rendered":"<p>Filecamp \u00e8 un software per la gestione dei brand, basato su cloud, che si rivolge principalmente a esperti e aziende di marketing di qualsiasi dimensione. L&#8217;obiettivo \u00e8 quello di supportarle nella gestione delle risorse digitali utilizzando una piattaforma online, disponibile anche per dispositivi iOS e Android, intuitiva e semplice da usare.<\/p>\n","protected":false},"author":17,"featured_media":45343,"parent":44787,"menu_order":0,"comment_status":"open","ping_status":"closed","template":"g1_template_page_review_new.php","meta":{"_acf_changed":false,"cwp_meta_box_check":"No","cwp_rev_product_name":"","cwp_rev_product_image":"","wppr_links":[],"cwp_rev_price":"","wppr_options":[],"wppr_pros":[],"wppr_cons":[],"_monsterinsights_skip_tracking":false,"_monsterinsights_sitenote_active":false,"_monsterinsights_sitenote_note":"","_monsterinsights_sitenote_category":0,"footnotes":""},"categories":[10573],"tags":[10641,10668,10688,10600,10579,10575,10598,10582],"features":[],"class_list":{"0":"post-45342","1":"page","2":"type-page","3":"status-publish","4":"has-post-thumbnail","6":"category-software-gestione-brand-categoria","7":"tag-brand-it","8":"tag-gestione-del-brand","9":"tag-gestione-risorse-digitali","10":"tag-piattaforma-gestionale-brand","11":"tag-programma-gestione-brand","12":"tag-software-gestione-brand","13":"tag-soluzione-gestionale-brand","14":"tag-soluzione-gestione-brand"},"wppr_data":{"cwp_meta_box_check":"No"},"acf":[],"yoast_head":"<!-- This site is optimized with the Yoast SEO plugin v27.4 - https:\/\/yoast.com\/product\/yoast-seo-wordpress\/ -->\n<title>Filecamp: recensione software gestione brand - Accurate Reviews<\/title>\n<meta name=\"description\" content=\"Filecamp: recensione del software per la gestione dei brand, basato su cloud, che si rivolge principalmente a esperti e aziende di marketing.\" \/>\n<meta name=\"robots\" content=\"index, follow, max-snippet:-1, max-image-preview:large, max-video-preview:-1\" \/>\n<link rel=\"canonical\" href=\"https:\/\/www.accuratereviews.com\/it\/software-gestione-brand\/filecamp-recensione\/\" \/>\n<meta property=\"og:locale\" content=\"it_IT\" \/>\n<meta property=\"og:type\" content=\"article\" \/>\n<meta property=\"og:title\" content=\"Filecamp: recensione software gestione brand - Accurate Reviews\" \/>\n<meta property=\"og:description\" content=\"Filecamp: recensione del software per la gestione dei brand, basato su cloud, che si rivolge principalmente a esperti e aziende di marketing.\" \/>\n<meta property=\"og:url\" content=\"https:\/\/www.accuratereviews.com\/it\/software-gestione-brand\/filecamp-recensione\/\" \/>\n<meta property=\"og:site_name\" content=\"Accurate Reviews\" \/>\n<meta property=\"article:modified_time\" content=\"2021-07-12T17:39:09+00:00\" \/>\n<meta property=\"og:image\" content=\"https:\/\/www.accuratereviews.com\/wp-content\/uploads\/2021\/07\/filecamp-1621933523-logo.png\" \/>\n\t<meta property=\"og:image:width\" content=\"299\" \/>\n\t<meta property=\"og:image:height\" content=\"299\" \/>\n\t<meta property=\"og:image:type\" content=\"image\/png\" \/>\n<meta name=\"twitter:card\" content=\"summary_large_image\" \/>\n<meta name=\"twitter:label1\" content=\"Tempo di lettura stimato\" \/>\n\t<meta name=\"twitter:data1\" content=\"3 minuti\" \/>\n<script type=\"application\/ld+json\" class=\"yoast-schema-graph\">{\"@context\":\"https:\\\/\\\/schema.org\",\"@graph\":[{\"@type\":\"WebPage\",\"@id\":\"https:\\\/\\\/www.accuratereviews.com\\\/it\\\/software-gestione-brand\\\/filecamp-recensione\\\/\",\"url\":\"https:\\\/\\\/www.accuratereviews.com\\\/it\\\/software-gestione-brand\\\/filecamp-recensione\\\/\",\"name\":\"Filecamp: recensione software gestione brand - Accurate Reviews\",\"isPartOf\":{\"@id\":\"https:\\\/\\\/www.accuratereviews.com\\\/it\\\/#website\"},\"primaryImageOfPage\":{\"@id\":\"https:\\\/\\\/www.accuratereviews.com\\\/it\\\/software-gestione-brand\\\/filecamp-recensione\\\/#primaryimage\"},\"image\":{\"@id\":\"https:\\\/\\\/www.accuratereviews.com\\\/it\\\/software-gestione-brand\\\/filecamp-recensione\\\/#primaryimage\"},\"thumbnailUrl\":\"https:\\\/\\\/www.accuratereviews.com\\\/wp-content\\\/uploads\\\/2021\\\/07\\\/filecamp-1621933523-logo.png\",\"datePublished\":\"2021-07-09T09:55:00+00:00\",\"dateModified\":\"2021-07-12T17:39:09+00:00\",\"description\":\"Filecamp: recensione del software per la gestione dei brand, basato su cloud, che si rivolge principalmente a esperti e aziende di marketing.\",\"breadcrumb\":{\"@id\":\"https:\\\/\\\/www.accuratereviews.com\\\/it\\\/software-gestione-brand\\\/filecamp-recensione\\\/#breadcrumb\"},\"inLanguage\":\"it-IT\",\"potentialAction\":[{\"@type\":\"ReadAction\",\"target\":[\"https:\\\/\\\/www.accuratereviews.com\\\/it\\\/software-gestione-brand\\\/filecamp-recensione\\\/\"]}]},{\"@type\":\"ImageObject\",\"inLanguage\":\"it-IT\",\"@id\":\"https:\\\/\\\/www.accuratereviews.com\\\/it\\\/software-gestione-brand\\\/filecamp-recensione\\\/#primaryimage\",\"url\":\"https:\\\/\\\/www.accuratereviews.com\\\/wp-content\\\/uploads\\\/2021\\\/07\\\/filecamp-1621933523-logo.png\",\"contentUrl\":\"https:\\\/\\\/www.accuratereviews.com\\\/wp-content\\\/uploads\\\/2021\\\/07\\\/filecamp-1621933523-logo.png\",\"width\":299,\"height\":299},{\"@type\":\"BreadcrumbList\",\"@id\":\"https:\\\/\\\/www.accuratereviews.com\\\/it\\\/software-gestione-brand\\\/filecamp-recensione\\\/#breadcrumb\",\"itemListElement\":[{\"@type\":\"ListItem\",\"position\":1,\"name\":\"Home\",\"item\":\"https:\\\/\\\/www.accuratereviews.com\\\/it\\\/\"},{\"@type\":\"ListItem\",\"position\":2,\"name\":\"Software per la gestione dei brand\",\"item\":\"https:\\\/\\\/www.accuratereviews.com\\\/it\\\/software-gestione-brand\\\/\"},{\"@type\":\"ListItem\",\"position\":3,\"name\":\"Filecamp\"}]},{\"@type\":\"WebSite\",\"@id\":\"https:\\\/\\\/www.accuratereviews.com\\\/it\\\/#website\",\"url\":\"https:\\\/\\\/www.accuratereviews.com\\\/it\\\/\",\"name\":\"Accurate Reviews\",\"description\":\"\",\"potentialAction\":[{\"@type\":\"SearchAction\",\"target\":{\"@type\":\"EntryPoint\",\"urlTemplate\":\"https:\\\/\\\/www.accuratereviews.com\\\/it\\\/?s={search_term_string}\"},\"query-input\":{\"@type\":\"PropertyValueSpecification\",\"valueRequired\":true,\"valueName\":\"search_term_string\"}}],\"inLanguage\":\"it-IT\"}]}<\/script>\n<!-- \/ Yoast SEO plugin. -->","yoast_head_json":{"title":"Filecamp: recensione software gestione brand - Accurate Reviews","description":"Filecamp: recensione del software per la gestione dei brand, basato su cloud, che si rivolge principalmente a esperti e aziende di marketing.","robots":{"index":"index","follow":"follow","max-snippet":"max-snippet:-1","max-image-preview":"max-image-preview:large","max-video-preview":"max-video-preview:-1"},"canonical":"https:\/\/www.accuratereviews.com\/it\/software-gestione-brand\/filecamp-recensione\/","og_locale":"it_IT","og_type":"article","og_title":"Filecamp: recensione software gestione brand - Accurate Reviews","og_description":"Filecamp: recensione del software per la gestione dei brand, basato su cloud, che si rivolge principalmente a esperti e aziende di marketing.","og_url":"https:\/\/www.accuratereviews.com\/it\/software-gestione-brand\/filecamp-recensione\/","og_site_name":"Accurate Reviews","article_modified_time":"2021-07-12T17:39:09+00:00","og_image":[{"width":299,"height":299,"url":"https:\/\/www.accuratereviews.com\/wp-content\/uploads\/2021\/07\/filecamp-1621933523-logo.png","type":"image\/png"}],"twitter_card":"summary_large_image","twitter_misc":{"Tempo di lettura stimato":"3 minuti"},"schema":{"@context":"https:\/\/schema.org","@graph":[{"@type":"WebPage","@id":"https:\/\/www.accuratereviews.com\/it\/software-gestione-brand\/filecamp-recensione\/","url":"https:\/\/www.accuratereviews.com\/it\/software-gestione-brand\/filecamp-recensione\/","name":"Filecamp: recensione software gestione brand - Accurate Reviews","isPartOf":{"@id":"https:\/\/www.accuratereviews.com\/it\/#website"},"primaryImageOfPage":{"@id":"https:\/\/www.accuratereviews.com\/it\/software-gestione-brand\/filecamp-recensione\/#primaryimage"},"image":{"@id":"https:\/\/www.accuratereviews.com\/it\/software-gestione-brand\/filecamp-recensione\/#primaryimage"},"thumbnailUrl":"https:\/\/www.accuratereviews.com\/wp-content\/uploads\/2021\/07\/filecamp-1621933523-logo.png","datePublished":"2021-07-09T09:55:00+00:00","dateModified":"2021-07-12T17:39:09+00:00","description":"Filecamp: recensione del software per la gestione dei brand, basato su cloud, che si rivolge principalmente a esperti e aziende di marketing.","breadcrumb":{"@id":"https:\/\/www.accuratereviews.com\/it\/software-gestione-brand\/filecamp-recensione\/#breadcrumb"},"inLanguage":"it-IT","potentialAction":[{"@type":"ReadAction","target":["https:\/\/www.accuratereviews.com\/it\/software-gestione-brand\/filecamp-recensione\/"]}]},{"@type":"ImageObject","inLanguage":"it-IT","@id":"https:\/\/www.accuratereviews.com\/it\/software-gestione-brand\/filecamp-recensione\/#primaryimage","url":"https:\/\/www.accuratereviews.com\/wp-content\/uploads\/2021\/07\/filecamp-1621933523-logo.png","contentUrl":"https:\/\/www.accuratereviews.com\/wp-content\/uploads\/2021\/07\/filecamp-1621933523-logo.png","width":299,"height":299},{"@type":"BreadcrumbList","@id":"https:\/\/www.accuratereviews.com\/it\/software-gestione-brand\/filecamp-recensione\/#breadcrumb","itemListElement":[{"@type":"ListItem","position":1,"name":"Home","item":"https:\/\/www.accuratereviews.com\/it\/"},{"@type":"ListItem","position":2,"name":"Software per la gestione dei brand","item":"https:\/\/www.accuratereviews.com\/it\/software-gestione-brand\/"},{"@type":"ListItem","position":3,"name":"Filecamp"}]},{"@type":"WebSite","@id":"https:\/\/www.accuratereviews.com\/it\/#website","url":"https:\/\/www.accuratereviews.com\/it\/","name":"Accurate Reviews","description":"","potentialAction":[{"@type":"SearchAction","target":{"@type":"EntryPoint","urlTemplate":"https:\/\/www.accuratereviews.com\/it\/?s={search_term_string}"},"query-input":{"@type":"PropertyValueSpecification","valueRequired":true,"valueName":"search_term_string"}}],"inLanguage":"it-IT"}]}},"_links":{"self":[{"href":"https:\/\/www.accuratereviews.com\/it\/wp-json\/wp\/v2\/pages\/45342","targetHints":{"allow":["GET"]}}],"collection":[{"href":"https:\/\/www.accuratereviews.com\/it\/wp-json\/wp\/v2\/pages"}],"about":[{"href":"https:\/\/www.accuratereviews.com\/it\/wp-json\/wp\/v2\/types\/page"}],"author":[{"embeddable":true,"href":"https:\/\/www.accuratereviews.com\/it\/wp-json\/wp\/v2\/users\/17"}],"replies":[{"embeddable":true,"href":"https:\/\/www.accuratereviews.com\/it\/wp-json\/wp\/v2\/comments?post=45342"}],"version-history":[{"count":5,"href":"https:\/\/www.accuratereviews.com\/it\/wp-json\/wp\/v2\/pages\/45342\/revisions"}],"predecessor-version":[{"id":45428,"href":"https:\/\/www.accuratereviews.com\/it\/wp-json\/wp\/v2\/pages\/45342\/revisions\/45428"}],"up":[{"embeddable":true,"href":"https:\/\/www.accuratereviews.com\/it\/wp-json\/wp\/v2\/pages\/44787"}],"wp:featuredmedia":[{"embeddable":true,"href":"https:\/\/www.accuratereviews.com\/it\/wp-json\/wp\/v2\/media\/45343"}],"wp:attachment":[{"href":"https:\/\/www.accuratereviews.com\/it\/wp-json\/wp\/v2\/media?parent=45342"}],"wp:term":[{"taxonomy":"category","embeddable":true,"href":"https:\/\/www.accuratereviews.com\/it\/wp-json\/wp\/v2\/categories?post=45342"},{"taxonomy":"post_tag","embeddable":true,"href":"https:\/\/www.accuratereviews.com\/it\/wp-json\/wp\/v2\/tags?post=45342"},{"taxonomy":"features","embeddable":true,"href":"https:\/\/www.accuratereviews.com\/it\/wp-json\/wp\/v2\/features?post=45342"}],"curies":[{"name":"wp","href":"https:\/\/api.w.org\/{rel}","templated":true}]}}