{"id":45399,"date":"2021-07-12T11:00:45","date_gmt":"2021-07-12T11:00:45","guid":{"rendered":"https:\/\/www.accuratereviews.com\/?page_id=45399"},"modified":"2021-07-12T11:00:45","modified_gmt":"2021-07-12T11:00:45","slug":"intelligencebank-recensione","status":"publish","type":"page","link":"https:\/\/www.accuratereviews.com\/it\/software-gestione-brand\/intelligencebank-recensione\/","title":{"rendered":"IntelligenceBank"},"content":{"rendered":"<p><strong>IntelligenceBank<\/strong> \u00e8 un <strong>sistema di gestione delle risorse digitali<\/strong> potente e facile da usare progettato per migliorare i processi operativi e il controllo sui contenuti digitali. La piattaforma offre 4 app pre-configurate (DAM, Board Portal, Governance Risk and Compliance e Knowledge Management) completamente personalizzabili in base alle singole esigenze aziendali. L&#8217;app DAM consente agli utenti di caricare facilmente file sia individualmente che in blocco, visualizzare in anteprima i media online, tenere traccia di revisioni e versioni ed eseguire varie altre attivit\u00e0 come la filigrana. Il Portale Board \u00e8 accessibile da qualsiasi luogo, mentre l&#8217;app per iPad fornisce l&#8217;accesso offline per un&#8217;esecuzione efficiente delle attivit\u00e0. L&#8217;app Governance Risk and Compliance fornisce registri predefiniti per audit, rischio, salute e sicurezza, incidenti, conflitti di interesse, CSA e altro, mentre i registri sono anche completamente personalizzabili. L&#8217;app Knowledge Management semplifica la condivisione, l&#8217;approvazione, la gestione e l&#8217;accesso ai dati in modo sicuro, in linea con i processi aziendali.<\/p>\n<h2>INTELLIGENCEBANK &#8211; TUTORIAL<\/h2>\n<p>Il software per le operazioni di marketing aiuta le aziende a monitorare, gestire e creare report sulle operazioni di marketing per ottimizzare i processi di produzione creativa, ottimizzare la spesa e gestire le risorse dei contenuti creativi.<\/p>\n<div id=\"fluid-wrapper-counter-1\" class=\"g1-fluid-wrapper \" style=\"width:686px;\">\n<div style=\"padding-bottom:56.268221574344%;\"><iframe loading=\"lazy\" title=\"What is Marketing Operations Software?\" width=\"686\" height=\"386\" src=\"https:\/\/www.youtube.com\/embed\/H2RvymcZB5M?feature=oembed&amp;wmode=transparent&amp;autohide=1&amp;autoplay=0&amp;disablekb=0&amp;fs=1&amp;loop=0&amp;enablejsapi=1&amp;rel=0&amp;controls=2&amp;showinfo=0&amp;wmode=transparent&amp;autohide=2&amp;autoplay=0&amp;disablekb=0&amp;fs=1&amp;loop=0&amp;enablejsapi=1&amp;rel=0&amp;controls=2&amp;showinfo=1\" frameborder=\"0\" allow=\"accelerometer; autoplay; clipboard-write; encrypted-media; gyroscope; picture-in-picture\" allowfullscreen><\/iframe><\/div>\n<\/div>\n<h3>INTELLIGENCEBANK &#8211; CARATTERISTICHE<\/h3>\n<ul>\n<li>Gestisci il ciclo di vita dei contenuti<\/li>\n<li>Trasforma i file rapidamente<\/li>\n<li>Trova, condividi e distribuisci le risorse senza problemi<\/li>\n<li>Centralizza la creativit\u00e0 approvata con l&#8217;accesso basato su autorizzazioni per ogni membro del team<\/li>\n<li>Consenti al tuo team di accedere, modificare e utilizzare facilmente i file di cui hanno bisogno<\/li>\n<li>Migliora la collaborazione creativa per produrre contenuti di valore<\/li>\n<li>Trasforma facilmente immagini e video in diverse dimensioni e formati<\/li>\n<li>Incorpora i file dal DAM direttamente nei siti web e nei canali di marketing per tenere traccia delle prestazioni e semplificare la modifica dei file con un clic<\/li>\n<li>Cerca rapidamente le risorse digitali per titolo, descrizione e contenuto del file, oltre a metadati estratti automaticamente e parole chiave personalizzate<\/li>\n<li>Arricchisci la tua ricerca attraverso la tecnologia AI che riconosce le immagini suggerendo automaticamente le parole chiave per i file<\/li>\n<li>Usa il riconoscimento facciale per taggare e trovare istantaneamente le persone<\/li>\n<li>Tieni traccia dei diritti di utilizzo e dei talenti<\/li>\n<li>Controlla come gli utenti interagiscono con i contenuti e aumenta il ROI<\/li>\n<li>Ottieni un ROI istantaneo delle impressioni sui contenuti collegate al tuo DAM<\/li>\n<li>Consenti ai team di creare il proprio materiale di marketing localizzato con modelli pre-approvati<\/li>\n<li>Riduci i tempi di produzione delle creativit\u00e0 e risparmia sui costi di agenzia<\/li>\n<li>Realizza la conformit\u00e0 del marchio su larga scala<\/li>\n<li>Connettori CMS, Salesforce e Adobe Creative Cloud<\/li>\n<li>API configurabile per personalizzazioni<\/li>\n<\/ul>\n<h4>LE RECENSIONI DEGLI UTENTI<\/h4>\n<p class=\"font-weight-bold mb-1 d-flex align-items-center\"><strong>Roxann S.&#8221;Ha bisogno di aggiornamento&#8221;<\/strong><\/p>\n<p><strong>Commenti: <\/strong>Il loro servizio clienti effettivo \u00e8 stato ottimo nel complesso. Ma il loro software non poteva competere sul mercato.<\/p>\n<p><strong>Pro: <\/strong>Se vuoi una piattaforma semplice con poche funzionalit\u00e0, funziona.<\/p>\n<p><strong>Contro: <\/strong>Ha sicuramente bisogno di un software di riconoscimento facciale. E il costo era estremamente alto rispetto a quello che effettivamente ottieni. Stavamo pagando 12k+ per quasi niente. Il nostro nuovo software costa un quarto del prezzo e include il riconoscimento facciale e tante altre funzioni.<\/p>\n<p class=\"font-weight-bold mb-1 d-flex align-items-center\"><strong>Erin M.&#8221;Ne \u00e8 valsa la pena!&#8221;<\/strong><\/p>\n<p><strong>Commenti: <\/strong>Davvero fantastico. Il responsabile delle vendite era molto ben informato e si \u00e8 preso il tempo necessario per lavorare su tutte le diverse funzioni del software per assicurarsi che fosse la soluzione giusta per noi. Anche il nostro Customer Success Manager\u00e8 stato l\u00ec per tenerci sulla buona strada con la configurazione ed \u00e8 stato un piacere lavorare con loro. Grazie!<\/p>\n<p><strong>Pro: <\/strong>Questo software \u00e8 stato fondamentale per tenerci organizzati mentre la nostra azienda si ridimensiona. Ci ha dato cos\u00ec tanto tempo indietro! Sono finiti i giorni in cui si cercava nella casella di posta elettronica per assicurarsi di avere la versione &#8220;giusta&#8221; di una risorsa: IB DAM ora la tiene tutta in un unico posto. Altamente raccomandato!<\/p>\n<p><strong>Contro: <\/strong>L&#8217;uploader desktop IntelligenceBank \u00e8 difficile da usare perch\u00e9 non si sincronizza in entrambe le direzioni con il sistema.<\/p>\n<p class=\"font-weight-bold mb-1 d-flex align-items-center\"><strong>Linda R.&#8221;DAM per il costo di un DMS&#8221;<\/strong><\/p>\n<p><strong>Pro: <\/strong>Questo DAM fornisce innumerevoli soluzioni che possono essere applicate a tutti i reparti all&#8217;interno di un&#8217;organizzazione. Semplici strumenti di project management, digital asset management, controllo procedure\/documentali con creazione di workflow personalizzati, condivisione news e funzionalit\u00e0 di ricerca Google like Guardando questa soluzione inizialmente ho pensato che potesse aiutare il mio team a realizzare molto.<\/p>\n<p><strong>Contro: <\/strong>Poich\u00e9 la pagina di destinazione \u00e8 gestita con codice, \u00e8 necessario disporre di una risorsa competente disponibile per gestirla.<\/p>\n<p>&nbsp;<\/p>\n","protected":false},"excerpt":{"rendered":"<p>IntelligenceBank \u00e8 un sistema di gestione delle risorse digitali potente e facile da usare progettato per migliorare i processi operativi e il controllo sui contenuti digitali. La piattaforma offre quattro app pre-configurate (DAM, Board Portal, Governance Risk and Compliance e Knowledge Management) completamente personalizzabili in base alle singole esigenze aziendali.\u00a0<\/p>\n","protected":false},"author":16,"featured_media":45400,"parent":44787,"menu_order":0,"comment_status":"open","ping_status":"closed","template":"g1_template_page_review_new.php","meta":{"_acf_changed":false,"cwp_meta_box_check":"Yes","cwp_rev_product_name":"","cwp_rev_product_image":"","wppr_links":[],"cwp_rev_price":"","wppr_options":[],"wppr_pros":[],"wppr_cons":[],"_monsterinsights_skip_tracking":false,"_monsterinsights_sitenote_active":false,"_monsterinsights_sitenote_note":"","_monsterinsights_sitenote_category":0,"footnotes":""},"categories":[10573],"tags":[10577,948,10696,10580,10579,10575,10582],"features":[],"class_list":{"0":"post-45399","1":"page","2":"type-page","3":"status-publish","4":"has-post-thumbnail","6":"category-software-gestione-brand-categoria","7":"tag-gestione-brand","8":"tag-gestione-contenuti","9":"tag-intelligencebank","10":"tag-piattaforma-gestione-brand","11":"tag-programma-gestione-brand","12":"tag-software-gestione-brand","13":"tag-soluzione-gestione-brand"},"wppr_data":{"cwp_meta_box_check":"Yes","cwp_rev_product_name":"","cwp_rev_product_image":"","cwp_image_link":"image","cwp_rev_price":"","wppr_rating":"0.00"},"acf":[],"yoast_head":"<!-- This site is optimized with the Yoast SEO plugin v27.4 - https:\/\/yoast.com\/product\/yoast-seo-wordpress\/ -->\n<title>IntelligenceBank: recensione software gestione brand - Accurate Reviews<\/title>\n<meta name=\"description\" content=\"IntelligenceBank: recensione sistema di gestione delle risorse digitali potente e facile da usare per migliorare i processi operativi.\" \/>\n<meta name=\"robots\" content=\"index, follow, max-snippet:-1, max-image-preview:large, max-video-preview:-1\" \/>\n<link rel=\"canonical\" href=\"https:\/\/www.accuratereviews.com\/it\/software-gestione-brand\/intelligencebank-recensione\/\" \/>\n<meta property=\"og:locale\" content=\"it_IT\" \/>\n<meta property=\"og:type\" content=\"article\" \/>\n<meta property=\"og:title\" content=\"IntelligenceBank: recensione software gestione brand - Accurate Reviews\" \/>\n<meta property=\"og:description\" content=\"IntelligenceBank: recensione sistema di gestione delle risorse digitali potente e facile da usare per migliorare i processi operativi.\" \/>\n<meta property=\"og:url\" content=\"https:\/\/www.accuratereviews.com\/it\/software-gestione-brand\/intelligencebank-recensione\/\" \/>\n<meta property=\"og:site_name\" content=\"Accurate Reviews\" \/>\n<meta property=\"og:image\" content=\"https:\/\/www.accuratereviews.com\/wp-content\/uploads\/2021\/07\/IntelligenceBank-logo.jpg\" \/>\n\t<meta property=\"og:image:width\" content=\"400\" \/>\n\t<meta property=\"og:image:height\" content=\"400\" \/>\n\t<meta property=\"og:image:type\" content=\"image\/jpeg\" \/>\n<meta name=\"twitter:card\" content=\"summary_large_image\" \/>\n<meta name=\"twitter:label1\" content=\"Tempo di lettura stimato\" \/>\n\t<meta name=\"twitter:data1\" content=\"4 minuti\" \/>\n<script type=\"application\/ld+json\" class=\"yoast-schema-graph\">{\"@context\":\"https:\\\/\\\/schema.org\",\"@graph\":[{\"@type\":\"WebPage\",\"@id\":\"https:\\\/\\\/www.accuratereviews.com\\\/it\\\/software-gestione-brand\\\/intelligencebank-recensione\\\/\",\"url\":\"https:\\\/\\\/www.accuratereviews.com\\\/it\\\/software-gestione-brand\\\/intelligencebank-recensione\\\/\",\"name\":\"IntelligenceBank: recensione software gestione brand - Accurate Reviews\",\"isPartOf\":{\"@id\":\"https:\\\/\\\/www.accuratereviews.com\\\/it\\\/#website\"},\"primaryImageOfPage\":{\"@id\":\"https:\\\/\\\/www.accuratereviews.com\\\/it\\\/software-gestione-brand\\\/intelligencebank-recensione\\\/#primaryimage\"},\"image\":{\"@id\":\"https:\\\/\\\/www.accuratereviews.com\\\/it\\\/software-gestione-brand\\\/intelligencebank-recensione\\\/#primaryimage\"},\"thumbnailUrl\":\"https:\\\/\\\/www.accuratereviews.com\\\/wp-content\\\/uploads\\\/2021\\\/07\\\/IntelligenceBank-logo.jpg\",\"datePublished\":\"2021-07-12T11:00:45+00:00\",\"description\":\"IntelligenceBank: recensione sistema di gestione delle risorse digitali potente e facile da usare per migliorare i processi operativi.\",\"breadcrumb\":{\"@id\":\"https:\\\/\\\/www.accuratereviews.com\\\/it\\\/software-gestione-brand\\\/intelligencebank-recensione\\\/#breadcrumb\"},\"inLanguage\":\"it-IT\",\"potentialAction\":[{\"@type\":\"ReadAction\",\"target\":[\"https:\\\/\\\/www.accuratereviews.com\\\/it\\\/software-gestione-brand\\\/intelligencebank-recensione\\\/\"]}]},{\"@type\":\"ImageObject\",\"inLanguage\":\"it-IT\",\"@id\":\"https:\\\/\\\/www.accuratereviews.com\\\/it\\\/software-gestione-brand\\\/intelligencebank-recensione\\\/#primaryimage\",\"url\":\"https:\\\/\\\/www.accuratereviews.com\\\/wp-content\\\/uploads\\\/2021\\\/07\\\/IntelligenceBank-logo.jpg\",\"contentUrl\":\"https:\\\/\\\/www.accuratereviews.com\\\/wp-content\\\/uploads\\\/2021\\\/07\\\/IntelligenceBank-logo.jpg\",\"width\":400,\"height\":400},{\"@type\":\"BreadcrumbList\",\"@id\":\"https:\\\/\\\/www.accuratereviews.com\\\/it\\\/software-gestione-brand\\\/intelligencebank-recensione\\\/#breadcrumb\",\"itemListElement\":[{\"@type\":\"ListItem\",\"position\":1,\"name\":\"Home\",\"item\":\"https:\\\/\\\/www.accuratereviews.com\\\/it\\\/\"},{\"@type\":\"ListItem\",\"position\":2,\"name\":\"Software per la gestione dei brand\",\"item\":\"https:\\\/\\\/www.accuratereviews.com\\\/it\\\/software-gestione-brand\\\/\"},{\"@type\":\"ListItem\",\"position\":3,\"name\":\"IntelligenceBank\"}]},{\"@type\":\"WebSite\",\"@id\":\"https:\\\/\\\/www.accuratereviews.com\\\/it\\\/#website\",\"url\":\"https:\\\/\\\/www.accuratereviews.com\\\/it\\\/\",\"name\":\"Accurate Reviews\",\"description\":\"\",\"potentialAction\":[{\"@type\":\"SearchAction\",\"target\":{\"@type\":\"EntryPoint\",\"urlTemplate\":\"https:\\\/\\\/www.accuratereviews.com\\\/it\\\/?s={search_term_string}\"},\"query-input\":{\"@type\":\"PropertyValueSpecification\",\"valueRequired\":true,\"valueName\":\"search_term_string\"}}],\"inLanguage\":\"it-IT\"}]}<\/script>\n<!-- \/ Yoast SEO plugin. -->","yoast_head_json":{"title":"IntelligenceBank: recensione software gestione brand - Accurate Reviews","description":"IntelligenceBank: recensione sistema di gestione delle risorse digitali potente e facile da usare per migliorare i processi operativi.","robots":{"index":"index","follow":"follow","max-snippet":"max-snippet:-1","max-image-preview":"max-image-preview:large","max-video-preview":"max-video-preview:-1"},"canonical":"https:\/\/www.accuratereviews.com\/it\/software-gestione-brand\/intelligencebank-recensione\/","og_locale":"it_IT","og_type":"article","og_title":"IntelligenceBank: recensione software gestione brand - Accurate Reviews","og_description":"IntelligenceBank: recensione sistema di gestione delle risorse digitali potente e facile da usare per migliorare i processi operativi.","og_url":"https:\/\/www.accuratereviews.com\/it\/software-gestione-brand\/intelligencebank-recensione\/","og_site_name":"Accurate Reviews","og_image":[{"width":400,"height":400,"url":"https:\/\/www.accuratereviews.com\/wp-content\/uploads\/2021\/07\/IntelligenceBank-logo.jpg","type":"image\/jpeg"}],"twitter_card":"summary_large_image","twitter_misc":{"Tempo di lettura stimato":"4 minuti"},"schema":{"@context":"https:\/\/schema.org","@graph":[{"@type":"WebPage","@id":"https:\/\/www.accuratereviews.com\/it\/software-gestione-brand\/intelligencebank-recensione\/","url":"https:\/\/www.accuratereviews.com\/it\/software-gestione-brand\/intelligencebank-recensione\/","name":"IntelligenceBank: recensione software gestione brand - Accurate Reviews","isPartOf":{"@id":"https:\/\/www.accuratereviews.com\/it\/#website"},"primaryImageOfPage":{"@id":"https:\/\/www.accuratereviews.com\/it\/software-gestione-brand\/intelligencebank-recensione\/#primaryimage"},"image":{"@id":"https:\/\/www.accuratereviews.com\/it\/software-gestione-brand\/intelligencebank-recensione\/#primaryimage"},"thumbnailUrl":"https:\/\/www.accuratereviews.com\/wp-content\/uploads\/2021\/07\/IntelligenceBank-logo.jpg","datePublished":"2021-07-12T11:00:45+00:00","description":"IntelligenceBank: recensione sistema di gestione delle risorse digitali potente e facile da usare per migliorare i processi operativi.","breadcrumb":{"@id":"https:\/\/www.accuratereviews.com\/it\/software-gestione-brand\/intelligencebank-recensione\/#breadcrumb"},"inLanguage":"it-IT","potentialAction":[{"@type":"ReadAction","target":["https:\/\/www.accuratereviews.com\/it\/software-gestione-brand\/intelligencebank-recensione\/"]}]},{"@type":"ImageObject","inLanguage":"it-IT","@id":"https:\/\/www.accuratereviews.com\/it\/software-gestione-brand\/intelligencebank-recensione\/#primaryimage","url":"https:\/\/www.accuratereviews.com\/wp-content\/uploads\/2021\/07\/IntelligenceBank-logo.jpg","contentUrl":"https:\/\/www.accuratereviews.com\/wp-content\/uploads\/2021\/07\/IntelligenceBank-logo.jpg","width":400,"height":400},{"@type":"BreadcrumbList","@id":"https:\/\/www.accuratereviews.com\/it\/software-gestione-brand\/intelligencebank-recensione\/#breadcrumb","itemListElement":[{"@type":"ListItem","position":1,"name":"Home","item":"https:\/\/www.accuratereviews.com\/it\/"},{"@type":"ListItem","position":2,"name":"Software per la gestione dei brand","item":"https:\/\/www.accuratereviews.com\/it\/software-gestione-brand\/"},{"@type":"ListItem","position":3,"name":"IntelligenceBank"}]},{"@type":"WebSite","@id":"https:\/\/www.accuratereviews.com\/it\/#website","url":"https:\/\/www.accuratereviews.com\/it\/","name":"Accurate Reviews","description":"","potentialAction":[{"@type":"SearchAction","target":{"@type":"EntryPoint","urlTemplate":"https:\/\/www.accuratereviews.com\/it\/?s={search_term_string}"},"query-input":{"@type":"PropertyValueSpecification","valueRequired":true,"valueName":"search_term_string"}}],"inLanguage":"it-IT"}]}},"_links":{"self":[{"href":"https:\/\/www.accuratereviews.com\/it\/wp-json\/wp\/v2\/pages\/45399","targetHints":{"allow":["GET"]}}],"collection":[{"href":"https:\/\/www.accuratereviews.com\/it\/wp-json\/wp\/v2\/pages"}],"about":[{"href":"https:\/\/www.accuratereviews.com\/it\/wp-json\/wp\/v2\/types\/page"}],"author":[{"embeddable":true,"href":"https:\/\/www.accuratereviews.com\/it\/wp-json\/wp\/v2\/users\/16"}],"replies":[{"embeddable":true,"href":"https:\/\/www.accuratereviews.com\/it\/wp-json\/wp\/v2\/comments?post=45399"}],"version-history":[{"count":9,"href":"https:\/\/www.accuratereviews.com\/it\/wp-json\/wp\/v2\/pages\/45399\/revisions"}],"predecessor-version":[{"id":45417,"href":"https:\/\/www.accuratereviews.com\/it\/wp-json\/wp\/v2\/pages\/45399\/revisions\/45417"}],"up":[{"embeddable":true,"href":"https:\/\/www.accuratereviews.com\/it\/wp-json\/wp\/v2\/pages\/44787"}],"wp:featuredmedia":[{"embeddable":true,"href":"https:\/\/www.accuratereviews.com\/it\/wp-json\/wp\/v2\/media\/45400"}],"wp:attachment":[{"href":"https:\/\/www.accuratereviews.com\/it\/wp-json\/wp\/v2\/media?parent=45399"}],"wp:term":[{"taxonomy":"category","embeddable":true,"href":"https:\/\/www.accuratereviews.com\/it\/wp-json\/wp\/v2\/categories?post=45399"},{"taxonomy":"post_tag","embeddable":true,"href":"https:\/\/www.accuratereviews.com\/it\/wp-json\/wp\/v2\/tags?post=45399"},{"taxonomy":"features","embeddable":true,"href":"https:\/\/www.accuratereviews.com\/it\/wp-json\/wp\/v2\/features?post=45399"}],"curies":[{"name":"wp","href":"https:\/\/api.w.org\/{rel}","templated":true}]}}