{"id":45419,"date":"2021-07-12T17:38:03","date_gmt":"2021-07-12T17:38:03","guid":{"rendered":"https:\/\/www.accuratereviews.com\/?page_id=45419"},"modified":"2021-07-12T17:38:03","modified_gmt":"2021-07-12T17:38:03","slug":"meltwater-recensione","status":"publish","type":"page","link":"https:\/\/www.accuratereviews.com\/it\/software-gestione-brand\/meltwater-recensione\/","title":{"rendered":"Meltwater"},"content":{"rendered":"<p><strong>Meltwater<\/strong> \u00e8 un <strong>software per la gestione dei brand<\/strong>\u00a0che si rivolge principalmente a professionisti e agenzie di marketing e della comunicazione di qualsiasi settore che hanno come obiettivo quello di creare una strategia forte che permetta di combattere il \u200b\u200brischio di riscontrare danni verso la propria reputazione.<br \/>\nGrazie a funzionalit\u00e0 di <strong>monitoraggio del marchio<\/strong>, influenza sulla narrativa e un buon sistema reportistico e di analisi, potrai proteggere il tuo marchio monitorando in modo proattivo e partecipando alle conversazioni che influenzano la reputazione della tua organizzazione.\u00a0Inoltre potrai creare e salvare avvisi nel database di notizie e social media pi\u00f9 completo disponibile utilizzando le parole chiave che ti interessano.<\/p>\n<h2>MELTWATER &#8211; TUTORIAL<\/h2>\n<div id=\"fluid-wrapper-counter-1\" class=\"g1-fluid-wrapper \" style=\"width:686px;\">\n<div style=\"padding-bottom:56.268221574344%;\"><iframe loading=\"lazy\" title=\"Meltwater Digital Analytics system\" width=\"686\" height=\"386\" src=\"https:\/\/www.youtube.com\/embed\/64k1Cy-7QHw?feature=oembed&amp;wmode=transparent&amp;autohide=1&amp;autoplay=0&amp;disablekb=0&amp;fs=1&amp;loop=0&amp;enablejsapi=1&amp;rel=0&amp;controls=2&amp;showinfo=0&amp;wmode=transparent&amp;autohide=2&amp;autoplay=0&amp;disablekb=0&amp;fs=1&amp;loop=0&amp;enablejsapi=1&amp;rel=0&amp;controls=2&amp;showinfo=1\" frameborder=\"0\" allow=\"accelerometer; autoplay; clipboard-write; encrypted-media; gyroscope; picture-in-picture\" allowfullscreen><\/iframe><\/div>\n<\/div>\n<h3>MELTWATER &#8211; CARATTERISTICHE<\/h3>\n<ul>\n<li><strong>Tieni traccia delle menzioni del marchio<\/strong>: monitora le menzioni del tuo marchio, del team dirigenziale, delle campagne e degli hashtag associati in tempo reale attraverso le notizie e i social media utilizzando le parole chiave correlate al tuo marchio<\/li>\n<li><strong>Ricevi avvisi in tempo reale<\/strong>: nei momenti di crisi, tieniti aggiornato sulle ultime notizie relative al tuo marchio, ai concorrenti o alle tendenze del settore per avere il contesto di cui hai bisogno per prendere una decisione informata<\/li>\n<li><strong>Comprendi il sentimento dei consumatori<\/strong>: non lasciare che il sentimento negativo abbia un impatto negativo sulla tua attivit\u00e0. Monitora e analizza la copertura mediatica e le conversazioni online per determinare cosa pensano le persone del tuo marchio<\/li>\n<li><strong>Reagisci istantaneamente<\/strong>: il monitoraggio manuale richiede molto tempo, ma la nostra piattaforma basata sull&#8217;intelligenza artificiale fa il lavoro pesante per te. E pi\u00f9 velocemente sai cosa viene detto, pi\u00f9 velocemente puoi rispondere a una situazione<\/li>\n<li><strong>Controlla la narrazione<\/strong>: fai sentire la tua voce! Dai forma alle conversazioni attorno al tuo marchio contattando direttamente i giornalisti, distribuendo comunicati stampa e condividendo contenuti pertinenti sui social media<\/li>\n<li><strong>Costruisci credibilit\u00e0<\/strong>: identifica i giornalisti chiave e gli influencer sociali che potrebbero aiutarti a raccontare la tua storia nelle testate giornalistiche in cui vuoi essere presente e sui social media<\/li>\n<li><strong>Gestisci l&#8217;immagine del tuo marchio<\/strong>: ottieni il quadro completo della tua immagine online identificando istantaneamente il pubblico che sta attualmente discutendo attivamente argomenti di interesse che potrebbero danneggiare la tua reputazione.<\/li>\n<li><strong>Partecipa alla conversazione<\/strong>: fornisci un&#8217;assistenza clienti eccezionale sui social media rispondendo direttamente ai commenti o ai messaggi man mano che vengono pubblicati online<\/li>\n<li><strong>Semplifica i tuoi report<\/strong>: risparmia tempo ordinando tutta la tua copertura mediatica o costruendo formule complicate. La nostra libreria di report predefiniti e AI aiuta ad automatizzare il processo di reporting<\/li>\n<li><strong>Crea dashboard personalizzati<\/strong>: crea report pronti per la presentazione selezionando le metriche pi\u00f9 importanti per la tua organizzazione e personalizzando i dashboard in base alle tue specifiche. Condividi facilmente i rapporti con il tuo team tramite un&#8217;e-mail o un file scaricabile<\/li>\n<li><strong>Profila il tuo pubblico<\/strong>: scopri come i consumatori si sentono riguardo ai tuoi concorrenti, alle tendenze del settore o ai marchi per informare le tue campagne eseguendo la segmentazione demografica e psicografica<\/li>\n<li><strong>Analizza i competitor<\/strong>: la forza del tuo brand \u00e8 relativa a quella dei tuoi competitor. Confronta l&#8217;analisi della condivisione della voce, l&#8217;analisi del sentiment e altre metriche pertinenti rispetto ai tuoi concorrenti.<\/li>\n<\/ul>\n<h4>LE RECENSIONI DEGLI UTENTI<\/h4>\n<p><strong>Douglas J. &#8220;Fornisce i numeri e l&#8217;assistenza di cui abbiamo bisogno&#8221;<\/strong><br \/>\nCOMMENTI: Meltwater ci fornisce l&#8217;intelligenza di cui abbiamo bisogno e una piattaforma facile da usare, per cominciare. \u00c8 un must-have<br \/>\nPRO: Meltwater \u00e8 abbastanza intuitivo da usare, anche se i loro rappresentanti ti guideranno attraverso tutto<br \/>\nCONTRO: sembra che ci sia sempre qualcosa di nuovo che vogliono che tu compri.<\/p>\n<p><strong>Louisa L. &#8220;Facile da usare&#8221;<\/strong><br \/>\nCOMMENTI: nel complesso \u00e8 un ottimo prodotto e offre un&#8217;eccellente istantanea della copertura mediatica<br \/>\nPRO: molto facile e immediato da usare. Fornisce dati analitici ricchi<br \/>\nCONTRO: i termini di ricerca a volte possono essere &#8220;disattivati&#8221;.<\/p>\n<p><strong>Gaurav M. &#8220;Un fantastico strumento di ascolto dei social media per Twitter&#8221;<\/strong><br \/>\nCOMMENTI: uso Sysomos da quasi 2 anni e non ha mai smesso di sorprendermi. Lo strumento \u00e8 divertente da lavorare con i dati di Twitter, tuttavia \u00e8 in ritardo quando cerchiamo menzioni su Facebook, Blog, Forum e Instagram.<br \/>\nLo strumento \u00e8 buono per il monitoraggio delle campagne in tempo reale.<br \/>\nSvantaggio: l&#8217;assistenza clienti non \u00e8 cos\u00ec reattiva quando si riscontrano problemi con strumenti come data lapse ecc. Nel complesso \u00e8 un buon prodotto quando il tuo obiettivo principale \u00e8 monitorare le conversazioni di Twitter sul web<br \/>\nPRO: 1. Forte monitoraggio di Twitter<br \/>\n2. Monitoraggio efficace in tempo reale<br \/>\nCONTRO: 1. Scarsa assistenza clienti<br \/>\n2. Tracciamento dei media tradizionali non cos\u00ec buono<\/p>\n","protected":false},"excerpt":{"rendered":"<p>Meltwater \u00e8 un software per la gestione dei brand\u00a0che si rivolge principalmente a professionisti e agenzie di marketing e della comunicazione di qualsiasi settore che hanno come obiettivo quello di creare una strategia forte che permetta di combattere il \u200b\u200brischio di riscontrare danni verso la propria reputazione.<\/p>\n","protected":false},"author":17,"featured_media":45420,"parent":44787,"menu_order":0,"comment_status":"open","ping_status":"closed","template":"g1_template_page_review_new.php","meta":{"_acf_changed":false,"cwp_meta_box_check":"No","cwp_rev_product_name":"","cwp_rev_product_image":"","wppr_links":[],"cwp_rev_price":"","wppr_options":[],"wppr_pros":[],"wppr_cons":[],"_monsterinsights_skip_tracking":false,"_monsterinsights_sitenote_active":false,"_monsterinsights_sitenote_note":"","_monsterinsights_sitenote_category":0,"footnotes":""},"categories":[10573],"tags":[10618,10641,10578,10580,10599,10575,10576,10598],"features":[],"class_list":{"0":"post-45419","1":"page","2":"type-page","3":"status-publish","4":"has-post-thumbnail","6":"category-software-gestione-brand-categoria","7":"tag-applicazione-gestione-brand","8":"tag-brand-it","9":"tag-gestione-marchio","10":"tag-piattaforma-gestione-brand","11":"tag-programma-gestionale-brand","12":"tag-software-gestione-brand","13":"tag-software-gestione-marchio","14":"tag-soluzione-gestionale-brand"},"wppr_data":{"cwp_meta_box_check":"No"},"acf":[],"yoast_head":"<!-- This site is optimized with the Yoast SEO plugin v27.4 - https:\/\/yoast.com\/product\/yoast-seo-wordpress\/ -->\n<title>Meltwater: recensione software gestione brand - Accurate Reviews<\/title>\n<meta name=\"description\" content=\"Meltwater: recensione del software per la gestione dei brand\u00a0che si rivolge principalmente a professionisti e agenzie di marketing.\" \/>\n<meta name=\"robots\" content=\"index, follow, max-snippet:-1, max-image-preview:large, max-video-preview:-1\" \/>\n<link rel=\"canonical\" href=\"https:\/\/www.accuratereviews.com\/it\/software-gestione-brand\/meltwater-recensione\/\" \/>\n<meta property=\"og:locale\" content=\"it_IT\" \/>\n<meta property=\"og:type\" content=\"article\" \/>\n<meta property=\"og:title\" content=\"Meltwater: recensione software gestione brand - Accurate Reviews\" \/>\n<meta property=\"og:description\" content=\"Meltwater: recensione del software per la gestione dei brand\u00a0che si rivolge principalmente a professionisti e agenzie di marketing.\" \/>\n<meta property=\"og:url\" content=\"https:\/\/www.accuratereviews.com\/it\/software-gestione-brand\/meltwater-recensione\/\" \/>\n<meta property=\"og:site_name\" content=\"Accurate Reviews\" \/>\n<meta property=\"og:image\" content=\"https:\/\/www.accuratereviews.com\/wp-content\/uploads\/2021\/07\/meltwater-logo.jpg\" \/>\n\t<meta property=\"og:image:width\" content=\"1250\" \/>\n\t<meta property=\"og:image:height\" content=\"600\" \/>\n\t<meta property=\"og:image:type\" content=\"image\/jpeg\" \/>\n<meta name=\"twitter:card\" content=\"summary_large_image\" \/>\n<meta name=\"twitter:label1\" content=\"Tempo di lettura stimato\" \/>\n\t<meta name=\"twitter:data1\" content=\"4 minuti\" \/>\n<script type=\"application\/ld+json\" class=\"yoast-schema-graph\">{\"@context\":\"https:\\\/\\\/schema.org\",\"@graph\":[{\"@type\":\"WebPage\",\"@id\":\"https:\\\/\\\/www.accuratereviews.com\\\/it\\\/software-gestione-brand\\\/meltwater-recensione\\\/\",\"url\":\"https:\\\/\\\/www.accuratereviews.com\\\/it\\\/software-gestione-brand\\\/meltwater-recensione\\\/\",\"name\":\"Meltwater: recensione software gestione brand - Accurate Reviews\",\"isPartOf\":{\"@id\":\"https:\\\/\\\/www.accuratereviews.com\\\/it\\\/#website\"},\"primaryImageOfPage\":{\"@id\":\"https:\\\/\\\/www.accuratereviews.com\\\/it\\\/software-gestione-brand\\\/meltwater-recensione\\\/#primaryimage\"},\"image\":{\"@id\":\"https:\\\/\\\/www.accuratereviews.com\\\/it\\\/software-gestione-brand\\\/meltwater-recensione\\\/#primaryimage\"},\"thumbnailUrl\":\"https:\\\/\\\/www.accuratereviews.com\\\/wp-content\\\/uploads\\\/2021\\\/07\\\/meltwater-logo.jpg\",\"datePublished\":\"2021-07-12T17:38:03+00:00\",\"description\":\"Meltwater: recensione del software per la gestione dei brand\u00a0che si rivolge principalmente a professionisti e agenzie di marketing.\",\"breadcrumb\":{\"@id\":\"https:\\\/\\\/www.accuratereviews.com\\\/it\\\/software-gestione-brand\\\/meltwater-recensione\\\/#breadcrumb\"},\"inLanguage\":\"it-IT\",\"potentialAction\":[{\"@type\":\"ReadAction\",\"target\":[\"https:\\\/\\\/www.accuratereviews.com\\\/it\\\/software-gestione-brand\\\/meltwater-recensione\\\/\"]}]},{\"@type\":\"ImageObject\",\"inLanguage\":\"it-IT\",\"@id\":\"https:\\\/\\\/www.accuratereviews.com\\\/it\\\/software-gestione-brand\\\/meltwater-recensione\\\/#primaryimage\",\"url\":\"https:\\\/\\\/www.accuratereviews.com\\\/wp-content\\\/uploads\\\/2021\\\/07\\\/meltwater-logo.jpg\",\"contentUrl\":\"https:\\\/\\\/www.accuratereviews.com\\\/wp-content\\\/uploads\\\/2021\\\/07\\\/meltwater-logo.jpg\",\"width\":1250,\"height\":600},{\"@type\":\"BreadcrumbList\",\"@id\":\"https:\\\/\\\/www.accuratereviews.com\\\/it\\\/software-gestione-brand\\\/meltwater-recensione\\\/#breadcrumb\",\"itemListElement\":[{\"@type\":\"ListItem\",\"position\":1,\"name\":\"Home\",\"item\":\"https:\\\/\\\/www.accuratereviews.com\\\/it\\\/\"},{\"@type\":\"ListItem\",\"position\":2,\"name\":\"Software per la gestione dei brand\",\"item\":\"https:\\\/\\\/www.accuratereviews.com\\\/it\\\/software-gestione-brand\\\/\"},{\"@type\":\"ListItem\",\"position\":3,\"name\":\"Meltwater\"}]},{\"@type\":\"WebSite\",\"@id\":\"https:\\\/\\\/www.accuratereviews.com\\\/it\\\/#website\",\"url\":\"https:\\\/\\\/www.accuratereviews.com\\\/it\\\/\",\"name\":\"Accurate Reviews\",\"description\":\"\",\"potentialAction\":[{\"@type\":\"SearchAction\",\"target\":{\"@type\":\"EntryPoint\",\"urlTemplate\":\"https:\\\/\\\/www.accuratereviews.com\\\/it\\\/?s={search_term_string}\"},\"query-input\":{\"@type\":\"PropertyValueSpecification\",\"valueRequired\":true,\"valueName\":\"search_term_string\"}}],\"inLanguage\":\"it-IT\"}]}<\/script>\n<!-- \/ Yoast SEO plugin. -->","yoast_head_json":{"title":"Meltwater: recensione software gestione brand - Accurate Reviews","description":"Meltwater: recensione del software per la gestione dei brand\u00a0che si rivolge principalmente a professionisti e agenzie di marketing.","robots":{"index":"index","follow":"follow","max-snippet":"max-snippet:-1","max-image-preview":"max-image-preview:large","max-video-preview":"max-video-preview:-1"},"canonical":"https:\/\/www.accuratereviews.com\/it\/software-gestione-brand\/meltwater-recensione\/","og_locale":"it_IT","og_type":"article","og_title":"Meltwater: recensione software gestione brand - Accurate Reviews","og_description":"Meltwater: recensione del software per la gestione dei brand\u00a0che si rivolge principalmente a professionisti e agenzie di marketing.","og_url":"https:\/\/www.accuratereviews.com\/it\/software-gestione-brand\/meltwater-recensione\/","og_site_name":"Accurate Reviews","og_image":[{"width":1250,"height":600,"url":"https:\/\/www.accuratereviews.com\/wp-content\/uploads\/2021\/07\/meltwater-logo.jpg","type":"image\/jpeg"}],"twitter_card":"summary_large_image","twitter_misc":{"Tempo di lettura stimato":"4 minuti"},"schema":{"@context":"https:\/\/schema.org","@graph":[{"@type":"WebPage","@id":"https:\/\/www.accuratereviews.com\/it\/software-gestione-brand\/meltwater-recensione\/","url":"https:\/\/www.accuratereviews.com\/it\/software-gestione-brand\/meltwater-recensione\/","name":"Meltwater: recensione software gestione brand - Accurate Reviews","isPartOf":{"@id":"https:\/\/www.accuratereviews.com\/it\/#website"},"primaryImageOfPage":{"@id":"https:\/\/www.accuratereviews.com\/it\/software-gestione-brand\/meltwater-recensione\/#primaryimage"},"image":{"@id":"https:\/\/www.accuratereviews.com\/it\/software-gestione-brand\/meltwater-recensione\/#primaryimage"},"thumbnailUrl":"https:\/\/www.accuratereviews.com\/wp-content\/uploads\/2021\/07\/meltwater-logo.jpg","datePublished":"2021-07-12T17:38:03+00:00","description":"Meltwater: recensione del software per la gestione dei brand\u00a0che si rivolge principalmente a professionisti e agenzie di marketing.","breadcrumb":{"@id":"https:\/\/www.accuratereviews.com\/it\/software-gestione-brand\/meltwater-recensione\/#breadcrumb"},"inLanguage":"it-IT","potentialAction":[{"@type":"ReadAction","target":["https:\/\/www.accuratereviews.com\/it\/software-gestione-brand\/meltwater-recensione\/"]}]},{"@type":"ImageObject","inLanguage":"it-IT","@id":"https:\/\/www.accuratereviews.com\/it\/software-gestione-brand\/meltwater-recensione\/#primaryimage","url":"https:\/\/www.accuratereviews.com\/wp-content\/uploads\/2021\/07\/meltwater-logo.jpg","contentUrl":"https:\/\/www.accuratereviews.com\/wp-content\/uploads\/2021\/07\/meltwater-logo.jpg","width":1250,"height":600},{"@type":"BreadcrumbList","@id":"https:\/\/www.accuratereviews.com\/it\/software-gestione-brand\/meltwater-recensione\/#breadcrumb","itemListElement":[{"@type":"ListItem","position":1,"name":"Home","item":"https:\/\/www.accuratereviews.com\/it\/"},{"@type":"ListItem","position":2,"name":"Software per la gestione dei brand","item":"https:\/\/www.accuratereviews.com\/it\/software-gestione-brand\/"},{"@type":"ListItem","position":3,"name":"Meltwater"}]},{"@type":"WebSite","@id":"https:\/\/www.accuratereviews.com\/it\/#website","url":"https:\/\/www.accuratereviews.com\/it\/","name":"Accurate Reviews","description":"","potentialAction":[{"@type":"SearchAction","target":{"@type":"EntryPoint","urlTemplate":"https:\/\/www.accuratereviews.com\/it\/?s={search_term_string}"},"query-input":{"@type":"PropertyValueSpecification","valueRequired":true,"valueName":"search_term_string"}}],"inLanguage":"it-IT"}]}},"_links":{"self":[{"href":"https:\/\/www.accuratereviews.com\/it\/wp-json\/wp\/v2\/pages\/45419","targetHints":{"allow":["GET"]}}],"collection":[{"href":"https:\/\/www.accuratereviews.com\/it\/wp-json\/wp\/v2\/pages"}],"about":[{"href":"https:\/\/www.accuratereviews.com\/it\/wp-json\/wp\/v2\/types\/page"}],"author":[{"embeddable":true,"href":"https:\/\/www.accuratereviews.com\/it\/wp-json\/wp\/v2\/users\/17"}],"replies":[{"embeddable":true,"href":"https:\/\/www.accuratereviews.com\/it\/wp-json\/wp\/v2\/comments?post=45419"}],"version-history":[{"count":2,"href":"https:\/\/www.accuratereviews.com\/it\/wp-json\/wp\/v2\/pages\/45419\/revisions"}],"predecessor-version":[{"id":45426,"href":"https:\/\/www.accuratereviews.com\/it\/wp-json\/wp\/v2\/pages\/45419\/revisions\/45426"}],"up":[{"embeddable":true,"href":"https:\/\/www.accuratereviews.com\/it\/wp-json\/wp\/v2\/pages\/44787"}],"wp:featuredmedia":[{"embeddable":true,"href":"https:\/\/www.accuratereviews.com\/it\/wp-json\/wp\/v2\/media\/45420"}],"wp:attachment":[{"href":"https:\/\/www.accuratereviews.com\/it\/wp-json\/wp\/v2\/media?parent=45419"}],"wp:term":[{"taxonomy":"category","embeddable":true,"href":"https:\/\/www.accuratereviews.com\/it\/wp-json\/wp\/v2\/categories?post=45419"},{"taxonomy":"post_tag","embeddable":true,"href":"https:\/\/www.accuratereviews.com\/it\/wp-json\/wp\/v2\/tags?post=45419"},{"taxonomy":"features","embeddable":true,"href":"https:\/\/www.accuratereviews.com\/it\/wp-json\/wp\/v2\/features?post=45419"}],"curies":[{"name":"wp","href":"https:\/\/api.w.org\/{rel}","templated":true}]}}