{"id":45435,"date":"2021-07-13T11:06:54","date_gmt":"2021-07-13T11:06:54","guid":{"rendered":"https:\/\/www.accuratereviews.com\/?page_id=45435"},"modified":"2021-07-13T13:21:14","modified_gmt":"2021-07-13T13:21:14","slug":"facelift-cloud-recensione","status":"publish","type":"page","link":"https:\/\/www.accuratereviews.com\/it\/software-gestione-brand\/facelift-cloud-recensione\/","title":{"rendered":"Facelift Cloud"},"content":{"rendered":"<p><strong>Facelift Cloud<\/strong> \u00e8 una<strong> soluzione di social media marketing<\/strong> online che si integra con i social network tra cui Facebook, Instagram, LinkedIn, Twitter per facilitare la creazione, la gestione, la pubblicazione e il monitoraggio delle campagne di marketing online. Progettato per aiutare gli utenti con brand marketing, l&#8217;assistenza clienti social e la gestione della community. Il software offre diverse funzionalit\u00e0 tra cui pubblicazione di campagne con un clic, moderazione dei canali, monitoraggio online e offline, coinvolgimento dei clienti, dashboard interattiva, monitoraggio delle tendenze, gestione dei contenuti e altro. La piattaforma all-in-one consente alle aziende di qualsiasi settore di gestire la propria presenza sui social media su pi\u00f9 canali. Il modulo di moderazione consiste in un&#8217;unica dashboard di vedere tutti i commenti, le conversazioni, le interazioni e il coinvolgimento degli utenti su tutti i canali in una casella di posta unificata.<\/p>\n<h2>FACELIFT CLOUD &#8211; TUTORIAL<\/h2>\n<p>Ecco un tutorial in cui spiega come utilizzare questo <strong>software gestionale per brand<\/strong>:<\/p>\n<div id=\"fluid-wrapper-counter-1\" class=\"g1-fluid-wrapper \" style=\"width:686px;\">\n<div style=\"padding-bottom:56.268221574344%;\"><iframe loading=\"lazy\" title=\"Screencast for Google App Review\" width=\"515\" height=\"386\" src=\"https:\/\/www.youtube.com\/embed\/5YiuHUTh5YE?feature=oembed&amp;wmode=transparent&amp;autohide=1&amp;autoplay=0&amp;disablekb=0&amp;fs=1&amp;loop=0&amp;enablejsapi=1&amp;rel=0&amp;controls=2&amp;showinfo=0&amp;wmode=transparent&amp;autohide=2&amp;autoplay=0&amp;disablekb=0&amp;fs=1&amp;loop=0&amp;enablejsapi=1&amp;rel=0&amp;controls=2&amp;showinfo=1\" frameborder=\"0\" allow=\"accelerometer; autoplay; clipboard-write; encrypted-media; gyroscope; picture-in-picture\" allowfullscreen><\/iframe><\/div>\n<\/div>\n<h3>FACELIFT CLOUD &#8211; CARATTERISTICHE<\/h3>\n<ul>\n<li><strong>Editore<\/strong>: pubblicazione multicanale con un clic<\/li>\n<li><strong>Moderazione<\/strong>: gestione della community multicanale<\/li>\n<li><strong>Monitoraggio<\/strong>: controllo dei media online e offline<\/li>\n<li><strong>Pubblicit\u00e0<\/strong>: realizza campagne pubblicitarie efficienti<\/li>\n<li><strong>Dashboard<\/strong>: tieni sempre d&#8217;occhio il quadro generale<\/li>\n<li><strong>Rapporti<\/strong>: rapporti automatici in pochissimo tempo<\/li>\n<li><strong>Analisi comparativa<\/strong>: monitora siti web, blog e social media<\/li>\n<\/ul>\n<h4>LE RECENSIONI DEGLI UTENTI<\/h4>\n<p class=\"font-weight-bold mb-1 d-flex align-items-center\"><strong>Kai V.&#8221;Strumento affidabile con piccoli difetti&#8221;<\/strong><\/p>\n<p><strong>Commenti: <\/strong>Strumento affidabile con servizio clienti 1A. Con alcune piccole imperfezioni che si spera possano essere migliorate nel prossimo futuro.<\/p>\n<p><strong>Pro: <\/strong>I moduli di pubblicazione e moderazione funzionano in modo affidabile e sono strutturati in modo logico con un po &#8216;di formazione. Il processo di accettazione pu\u00f2 essere adattato in modo specifico ed \u00e8 quindi adattato con precisione alle esigenze. Anche la capacit\u00e0 di apportare piccole modifiche come risoluzioni e proporzioni tramite la libreria multimediale \u00e8 pratica.Anche la connessione di software di terze parti come Talkwalker \u00e8 ben risolta.<\/p>\n<p><strong>Contro: <\/strong>Lo strumento di segnalazione ha un design obsoleto ed \u00e8 parzialmente opaco. Se vengono apportati miglioramenti, la creazione automatica di presentazioni \u00e8 un buon strumento per risparmiare tempo.<\/p>\n<p class=\"font-weight-bold mb-1 d-flex align-items-center\"><strong>Sylvia L.&#8221;Buon prodotto, anche se relativamente costoso&#8221;<\/strong><\/p>\n<p><strong>Commenti: <\/strong>Nel complesso, lo strumento si presenta come molto professionale. In alcuni punti c&#8217;\u00e8 un problema e quindi devi usare soluzioni alternative. Nel complesso, lo strumento ha semplificato il nostro lavoro quotidiano in molti settori. Lo strumento \u00e8 relativamente costoso, quindi non posso consigliarlo a tutti i colleghi (domanda di budget).<\/p>\n<p><strong>Pro: <\/strong>La cooperazione \u00e8 stata resa molto pi\u00f9 semplice e ora anche le statistiche vengono generate molto rapidamente.<\/p>\n<p><strong>Contro: <\/strong>L&#8217;opzione di monitoraggio deve essere prenotata separatamente; per un &#8220;tuttofare&#8221; che \u00e8 relativamente costoso, questo \u00e8 un punto negativo.<\/p>\n<p class=\"font-weight-bold mb-1 d-flex align-items-center\"><strong>Saskia K.&#8221;Ampia gamma di funzioni e ottimo supporto&#8221;<\/strong><\/p>\n<p><strong>Commenti: <\/strong>Tutti i canali organizzati centralmente a colpo d&#8217;occhio. Con l&#8217;aiuto di diversi team e dei loro ruoli, l&#8217;orchestrazione e il coordinamento di diverse sedi\/filiali possono essere controllati centralmente.<\/p>\n<p><strong>Pro: <\/strong>La gestione dei diritti \u00e8 impostata in modo molto dettagliato, puoi suddividere le autorizzazioni molto lontano. Il supporto funziona perfettamente. L&#8217;aiuto \u00e8 disponibile molto rapidamente tramite la chat e anche i problemi pi\u00f9 grandi possono essere risolti rapidamente.<\/p>\n<p><strong>Contro: <\/strong>A volte l&#8217;usabilit\u00e0 potrebbe essere leggermente migliorata. Lo strumento \u00e8 molto costoso, molte funzioni hanno un costo aggiuntivo.<\/p>\n<p>&nbsp;<\/p>\n","protected":false},"excerpt":{"rendered":"<p>Facelift Cloud \u00e8 una soluzione di social media marketing online che si integra con i social network tra cui Facebook, Instagram, LinkedIn, Twitter e altri, per facilitare la creazione, la gestione, la pubblicazione e il monitoraggio delle campagne di marketing online. Progettato per aiutare gli utenti con il marketing del marchio, l&#8217;assistenza clienti social e la gestione della community,<\/p>\n","protected":false},"author":16,"featured_media":45437,"parent":44787,"menu_order":0,"comment_status":"open","ping_status":"closed","template":"g1_template_page_review_new.php","meta":{"_acf_changed":false,"cwp_meta_box_check":"Yes","cwp_rev_product_name":"","cwp_rev_product_image":"","wppr_links":[],"cwp_rev_price":"","wppr_options":[],"wppr_pros":[],"wppr_cons":[],"_monsterinsights_skip_tracking":false,"_monsterinsights_sitenote_active":false,"_monsterinsights_sitenote_note":"","_monsterinsights_sitenote_category":0,"footnotes":""},"categories":[10573],"tags":[10702,10580,10579,10575,10582],"features":[],"class_list":{"0":"post-45435","1":"page","2":"type-page","3":"status-publish","4":"has-post-thumbnail","6":"category-software-gestione-brand-categoria","7":"tag-facelift-cloud","8":"tag-piattaforma-gestione-brand","9":"tag-programma-gestione-brand","10":"tag-software-gestione-brand","11":"tag-soluzione-gestione-brand"},"wppr_data":{"cwp_meta_box_check":"Yes","cwp_rev_product_name":"","cwp_rev_product_image":"","cwp_image_link":"image","cwp_rev_price":"","wppr_rating":"0.00"},"acf":[],"yoast_head":"<!-- This site is optimized with the Yoast SEO plugin v27.4 - https:\/\/yoast.com\/product\/yoast-seo-wordpress\/ -->\n<title>Facelift Cloud: recensione software gestione brand - Accurate Reviews<\/title>\n<meta name=\"description\" content=\"Facelift Cloud: recensione soluzione di social media marketing che si integra con social network come Facebook, Instagram, LinkedIn e altri.\" \/>\n<meta name=\"robots\" content=\"index, follow, max-snippet:-1, max-image-preview:large, max-video-preview:-1\" \/>\n<link rel=\"canonical\" href=\"https:\/\/www.accuratereviews.com\/it\/software-gestione-brand\/facelift-cloud-recensione\/\" \/>\n<meta property=\"og:locale\" content=\"it_IT\" \/>\n<meta property=\"og:type\" content=\"article\" \/>\n<meta property=\"og:title\" content=\"Facelift Cloud: recensione software gestione brand - Accurate Reviews\" \/>\n<meta property=\"og:description\" content=\"Facelift Cloud: recensione soluzione di social media marketing che si integra con social network come Facebook, Instagram, LinkedIn e altri.\" \/>\n<meta property=\"og:url\" content=\"https:\/\/www.accuratereviews.com\/it\/software-gestione-brand\/facelift-cloud-recensione\/\" \/>\n<meta property=\"og:site_name\" content=\"Accurate Reviews\" \/>\n<meta property=\"article:modified_time\" content=\"2021-07-13T13:21:14+00:00\" \/>\n<meta property=\"og:image\" content=\"https:\/\/www.accuratereviews.com\/wp-content\/uploads\/2021\/07\/facelift-logo.png\" \/>\n\t<meta property=\"og:image:width\" content=\"600\" \/>\n\t<meta property=\"og:image:height\" content=\"600\" \/>\n\t<meta property=\"og:image:type\" content=\"image\/png\" \/>\n<meta name=\"twitter:card\" content=\"summary_large_image\" \/>\n<meta name=\"twitter:label1\" content=\"Tempo di lettura stimato\" \/>\n\t<meta name=\"twitter:data1\" content=\"3 minuti\" \/>\n<script type=\"application\/ld+json\" class=\"yoast-schema-graph\">{\"@context\":\"https:\\\/\\\/schema.org\",\"@graph\":[{\"@type\":\"WebPage\",\"@id\":\"https:\\\/\\\/www.accuratereviews.com\\\/it\\\/software-gestione-brand\\\/facelift-cloud-recensione\\\/\",\"url\":\"https:\\\/\\\/www.accuratereviews.com\\\/it\\\/software-gestione-brand\\\/facelift-cloud-recensione\\\/\",\"name\":\"Facelift Cloud: recensione software gestione brand - Accurate Reviews\",\"isPartOf\":{\"@id\":\"https:\\\/\\\/www.accuratereviews.com\\\/it\\\/#website\"},\"primaryImageOfPage\":{\"@id\":\"https:\\\/\\\/www.accuratereviews.com\\\/it\\\/software-gestione-brand\\\/facelift-cloud-recensione\\\/#primaryimage\"},\"image\":{\"@id\":\"https:\\\/\\\/www.accuratereviews.com\\\/it\\\/software-gestione-brand\\\/facelift-cloud-recensione\\\/#primaryimage\"},\"thumbnailUrl\":\"https:\\\/\\\/www.accuratereviews.com\\\/wp-content\\\/uploads\\\/2021\\\/07\\\/facelift-logo.png\",\"datePublished\":\"2021-07-13T11:06:54+00:00\",\"dateModified\":\"2021-07-13T13:21:14+00:00\",\"description\":\"Facelift Cloud: recensione soluzione di social media marketing che si integra con social network come Facebook, Instagram, LinkedIn e altri.\",\"breadcrumb\":{\"@id\":\"https:\\\/\\\/www.accuratereviews.com\\\/it\\\/software-gestione-brand\\\/facelift-cloud-recensione\\\/#breadcrumb\"},\"inLanguage\":\"it-IT\",\"potentialAction\":[{\"@type\":\"ReadAction\",\"target\":[\"https:\\\/\\\/www.accuratereviews.com\\\/it\\\/software-gestione-brand\\\/facelift-cloud-recensione\\\/\"]}]},{\"@type\":\"ImageObject\",\"inLanguage\":\"it-IT\",\"@id\":\"https:\\\/\\\/www.accuratereviews.com\\\/it\\\/software-gestione-brand\\\/facelift-cloud-recensione\\\/#primaryimage\",\"url\":\"https:\\\/\\\/www.accuratereviews.com\\\/wp-content\\\/uploads\\\/2021\\\/07\\\/facelift-logo.png\",\"contentUrl\":\"https:\\\/\\\/www.accuratereviews.com\\\/wp-content\\\/uploads\\\/2021\\\/07\\\/facelift-logo.png\",\"width\":600,\"height\":600},{\"@type\":\"BreadcrumbList\",\"@id\":\"https:\\\/\\\/www.accuratereviews.com\\\/it\\\/software-gestione-brand\\\/facelift-cloud-recensione\\\/#breadcrumb\",\"itemListElement\":[{\"@type\":\"ListItem\",\"position\":1,\"name\":\"Home\",\"item\":\"https:\\\/\\\/www.accuratereviews.com\\\/it\\\/\"},{\"@type\":\"ListItem\",\"position\":2,\"name\":\"Software per la gestione dei brand\",\"item\":\"https:\\\/\\\/www.accuratereviews.com\\\/it\\\/software-gestione-brand\\\/\"},{\"@type\":\"ListItem\",\"position\":3,\"name\":\"Facelift Cloud\"}]},{\"@type\":\"WebSite\",\"@id\":\"https:\\\/\\\/www.accuratereviews.com\\\/it\\\/#website\",\"url\":\"https:\\\/\\\/www.accuratereviews.com\\\/it\\\/\",\"name\":\"Accurate Reviews\",\"description\":\"\",\"potentialAction\":[{\"@type\":\"SearchAction\",\"target\":{\"@type\":\"EntryPoint\",\"urlTemplate\":\"https:\\\/\\\/www.accuratereviews.com\\\/it\\\/?s={search_term_string}\"},\"query-input\":{\"@type\":\"PropertyValueSpecification\",\"valueRequired\":true,\"valueName\":\"search_term_string\"}}],\"inLanguage\":\"it-IT\"}]}<\/script>\n<!-- \/ Yoast SEO plugin. -->","yoast_head_json":{"title":"Facelift Cloud: recensione software gestione brand - Accurate Reviews","description":"Facelift Cloud: recensione soluzione di social media marketing che si integra con social network come Facebook, Instagram, LinkedIn e altri.","robots":{"index":"index","follow":"follow","max-snippet":"max-snippet:-1","max-image-preview":"max-image-preview:large","max-video-preview":"max-video-preview:-1"},"canonical":"https:\/\/www.accuratereviews.com\/it\/software-gestione-brand\/facelift-cloud-recensione\/","og_locale":"it_IT","og_type":"article","og_title":"Facelift Cloud: recensione software gestione brand - Accurate Reviews","og_description":"Facelift Cloud: recensione soluzione di social media marketing che si integra con social network come Facebook, Instagram, LinkedIn e altri.","og_url":"https:\/\/www.accuratereviews.com\/it\/software-gestione-brand\/facelift-cloud-recensione\/","og_site_name":"Accurate Reviews","article_modified_time":"2021-07-13T13:21:14+00:00","og_image":[{"width":600,"height":600,"url":"https:\/\/www.accuratereviews.com\/wp-content\/uploads\/2021\/07\/facelift-logo.png","type":"image\/png"}],"twitter_card":"summary_large_image","twitter_misc":{"Tempo di lettura stimato":"3 minuti"},"schema":{"@context":"https:\/\/schema.org","@graph":[{"@type":"WebPage","@id":"https:\/\/www.accuratereviews.com\/it\/software-gestione-brand\/facelift-cloud-recensione\/","url":"https:\/\/www.accuratereviews.com\/it\/software-gestione-brand\/facelift-cloud-recensione\/","name":"Facelift Cloud: recensione software gestione brand - Accurate Reviews","isPartOf":{"@id":"https:\/\/www.accuratereviews.com\/it\/#website"},"primaryImageOfPage":{"@id":"https:\/\/www.accuratereviews.com\/it\/software-gestione-brand\/facelift-cloud-recensione\/#primaryimage"},"image":{"@id":"https:\/\/www.accuratereviews.com\/it\/software-gestione-brand\/facelift-cloud-recensione\/#primaryimage"},"thumbnailUrl":"https:\/\/www.accuratereviews.com\/wp-content\/uploads\/2021\/07\/facelift-logo.png","datePublished":"2021-07-13T11:06:54+00:00","dateModified":"2021-07-13T13:21:14+00:00","description":"Facelift Cloud: recensione soluzione di social media marketing che si integra con social network come Facebook, Instagram, LinkedIn e altri.","breadcrumb":{"@id":"https:\/\/www.accuratereviews.com\/it\/software-gestione-brand\/facelift-cloud-recensione\/#breadcrumb"},"inLanguage":"it-IT","potentialAction":[{"@type":"ReadAction","target":["https:\/\/www.accuratereviews.com\/it\/software-gestione-brand\/facelift-cloud-recensione\/"]}]},{"@type":"ImageObject","inLanguage":"it-IT","@id":"https:\/\/www.accuratereviews.com\/it\/software-gestione-brand\/facelift-cloud-recensione\/#primaryimage","url":"https:\/\/www.accuratereviews.com\/wp-content\/uploads\/2021\/07\/facelift-logo.png","contentUrl":"https:\/\/www.accuratereviews.com\/wp-content\/uploads\/2021\/07\/facelift-logo.png","width":600,"height":600},{"@type":"BreadcrumbList","@id":"https:\/\/www.accuratereviews.com\/it\/software-gestione-brand\/facelift-cloud-recensione\/#breadcrumb","itemListElement":[{"@type":"ListItem","position":1,"name":"Home","item":"https:\/\/www.accuratereviews.com\/it\/"},{"@type":"ListItem","position":2,"name":"Software per la gestione dei brand","item":"https:\/\/www.accuratereviews.com\/it\/software-gestione-brand\/"},{"@type":"ListItem","position":3,"name":"Facelift Cloud"}]},{"@type":"WebSite","@id":"https:\/\/www.accuratereviews.com\/it\/#website","url":"https:\/\/www.accuratereviews.com\/it\/","name":"Accurate Reviews","description":"","potentialAction":[{"@type":"SearchAction","target":{"@type":"EntryPoint","urlTemplate":"https:\/\/www.accuratereviews.com\/it\/?s={search_term_string}"},"query-input":{"@type":"PropertyValueSpecification","valueRequired":true,"valueName":"search_term_string"}}],"inLanguage":"it-IT"}]}},"_links":{"self":[{"href":"https:\/\/www.accuratereviews.com\/it\/wp-json\/wp\/v2\/pages\/45435","targetHints":{"allow":["GET"]}}],"collection":[{"href":"https:\/\/www.accuratereviews.com\/it\/wp-json\/wp\/v2\/pages"}],"about":[{"href":"https:\/\/www.accuratereviews.com\/it\/wp-json\/wp\/v2\/types\/page"}],"author":[{"embeddable":true,"href":"https:\/\/www.accuratereviews.com\/it\/wp-json\/wp\/v2\/users\/16"}],"replies":[{"embeddable":true,"href":"https:\/\/www.accuratereviews.com\/it\/wp-json\/wp\/v2\/comments?post=45435"}],"version-history":[{"count":7,"href":"https:\/\/www.accuratereviews.com\/it\/wp-json\/wp\/v2\/pages\/45435\/revisions"}],"predecessor-version":[{"id":45484,"href":"https:\/\/www.accuratereviews.com\/it\/wp-json\/wp\/v2\/pages\/45435\/revisions\/45484"}],"up":[{"embeddable":true,"href":"https:\/\/www.accuratereviews.com\/it\/wp-json\/wp\/v2\/pages\/44787"}],"wp:featuredmedia":[{"embeddable":true,"href":"https:\/\/www.accuratereviews.com\/it\/wp-json\/wp\/v2\/media\/45437"}],"wp:attachment":[{"href":"https:\/\/www.accuratereviews.com\/it\/wp-json\/wp\/v2\/media?parent=45435"}],"wp:term":[{"taxonomy":"category","embeddable":true,"href":"https:\/\/www.accuratereviews.com\/it\/wp-json\/wp\/v2\/categories?post=45435"},{"taxonomy":"post_tag","embeddable":true,"href":"https:\/\/www.accuratereviews.com\/it\/wp-json\/wp\/v2\/tags?post=45435"},{"taxonomy":"features","embeddable":true,"href":"https:\/\/www.accuratereviews.com\/it\/wp-json\/wp\/v2\/features?post=45435"}],"curies":[{"name":"wp","href":"https:\/\/api.w.org\/{rel}","templated":true}]}}