{"id":45443,"date":"2021-07-13T10:59:38","date_gmt":"2021-07-13T10:59:38","guid":{"rendered":"https:\/\/www.accuratereviews.com\/?page_id=45443"},"modified":"2021-07-13T10:59:38","modified_gmt":"2021-07-13T10:59:38","slug":"outfit-recensione","status":"publish","type":"page","link":"https:\/\/www.accuratereviews.com\/it\/software-gestione-brand\/outfit-recensione\/","title":{"rendered":"Outfit"},"content":{"rendered":"<p><strong>Outfit<\/strong> \u00e8 un<strong> software di gestione del marchio<\/strong> progettato per aiutare le aziende in una variet\u00e0 di settori verticali a gestire marchi, risorse, comunicazioni, marketing e operazioni di produzione digitale e di stampa. La piattaforma offre modelli personalizzabili, che consentono alle organizzazioni di progettare PDF e documenti Word personalizzati con loghi, colori e temi da utilizzare per operazioni di marketing e stabilire l&#8217;identit\u00e0 del marchio. La funzionalit\u00e0 di modifica multipla di <strong>Outfit<\/strong> consente ai professionisti di modificare contemporaneamente titoli, immagini, testo e altri elementi su pi\u00f9 documenti. La libreria di risorse digitali permette agli amministratori di archiviare loghi, immagini, modelli di layout e caratteri tipografici in un archivio centralizzato e aggiungere tag automatici per identificare e tenere traccia dei dettagli. I professionisti possono anche progettare campagne email con contenuti personalizzati e newsletter per migliorare la copertura e il coinvolgimento dei clienti.<\/p>\n<h2>OUTFIT &#8211; TUTORIAL<\/h2>\n<p>Guardiamo insieme la breve presentazione di questo<strong> software di gestione dei brand<\/strong>:<\/p>\n<div id=\"fluid-wrapper-counter-1\" class=\"g1-fluid-wrapper \" style=\"width:686px;\">\n<div style=\"padding-bottom:56.268221574344%;\"><iframe loading=\"lazy\" title=\"Outfit for Franchises: Demo Video\" src=\"https:\/\/player.vimeo.com\/video\/205815219?dnt=1&amp;app_id=122963?title=0&amp;byline=0&amp;portrait=0\" width=\"686\" height=\"386\" frameborder=\"0\" allow=\"autoplay; fullscreen; picture-in-picture\" allowfullscreen><\/iframe><\/div>\n<\/div>\n<h3>OUTFIT &#8211; CARATTERISTICHE<\/h3>\n<ul>\n<li><strong>Integrazioni di dati:<\/strong> I team di marketing hanno accesso a un&#8217;enorme quantit\u00e0 di dati sui dipendenti, sulla posizione e sui clienti. Questa creazione di contenuti per l&#8217;automazione del marketing digitale e la pubblicit\u00e0 attinge a questi dati esistenti per assimilarli e applicarli in modo intelligente alla tua produzione di marketing<\/li>\n<li><strong>Ridurre i costi di produzione<\/strong>: ore di tempo risparmiate in tutta l&#8217;organizzazione senza la necessit\u00e0 di esternalizzare la produzione<\/li>\n<li><strong>Massimizza i tuoi dati esistenti<\/strong>: elimina gli sprechi e la frustrazione dei lunghi tempi di analisi e dello spostamento dei dati<\/li>\n<li><strong>Ridurre il rischio<\/strong>: il tuo marchio in mani sicure con flussi di lavoro di approvazione, modelli chiari e un audit trail<\/li>\n<li><strong>Duplicazione facile della campagna<\/strong>: i marketers creano campagne per gli stessi canali, per le stesse campagne con gli stessi messaggi e dettagli chiave. La piattaforma di produzione di marketing ti consente di creare elementi contemporaneamente senza copiare e incollare in dozzine di documenti<\/li>\n<li><strong>Scala senza confini<\/strong>: il software ti consente di scalare in un modo completamente nuovo, con campagne localizzate, dando potere alle persone &#8220;sul campo&#8221;. Ridimensioniamo in modo sostenibile, senza aumentare le spese generali per le risorse<\/li>\n<li><strong>Flussi di lavoro di approvazione<\/strong>: imposta le tue approvazioni in modo che tu possa garantire che nessun contenuto sia sul mercato senza gli occhi e i controlli necessari<\/li>\n<li><strong>Produzione di marketing<\/strong>: libera il tuo tempo e quello del tuo team per fare ci\u00f2 che conta automatizzando la produzione di marketing<\/li>\n<li><strong>Libreria di risorse<\/strong>: amplifica la potenza del tuo marchio attraverso una potente gestione delle risorse digitali e integrazioni, alimentando direttamente la tua produzione di contenuti.<\/li>\n<li><strong>Gestione del marchio<\/strong>: esegui con la sicurezza che deriva dalla standardizzazione e dalla gestione del marchio.<\/li>\n<\/ul>\n<h4>LE RECENSIONI DEGLI UTENTI<\/h4>\n<p class=\"font-weight-bold mb-1 d-flex align-items-center\"><strong>Anjali S.&#8221;Ideale per pubblicare il tuo marchio&#8221;<\/strong><\/p>\n<p><strong>Commenti: <\/strong>Ho usato questo software per acquistare cose. \u00c8 stata una bella esperienza per me. Vorrei suggerirne altri.<\/p>\n<p><strong>Pro: <\/strong>Puoi aggiungere il tuo marchio e se la qualit\u00e0 del prodotto \u00e8 buona. Quindi non \u00e8 necessario mettere uno sforzo extra e denaro per il marketing. Tutto quello che devi fare \u00e8 registrare il tuo marchio su outfit e il tuo prodotto sar\u00e0 visto dal numero di utenti di Outfit. Lo raccoglieranno e aumenter\u00e0 il valore del tuo prodotto.<\/p>\n<p><strong>Contro: <\/strong>Non c&#8217;\u00e8 niente che non mi piaccia in questo software. \u00c8 facile da usare solo una cosa \u00e8 che chiunque pu\u00f2 registrarsi qui se la qualit\u00e0 del prodotto non \u00e8 buona, gli utenti possono anche vendere il loro prodotto.<\/p>\n<p class=\"font-weight-bold mb-1 d-flex align-items-center\"><strong>Tim H.&#8221;Ottimo servizio clienti, risorse conformi al marchio&#8221;<\/strong><\/p>\n<p><strong>Commenti: <\/strong>Adoro ottenere risultati di bell&#8217;aspetto senza esperienza di progettazione.<\/p>\n<p><strong>Pro: <\/strong>Asset ripetibili, clona e vai. Non ho bisogno di alcuna esperienza di progettazione.<\/p>\n<p><strong>Contro: <\/strong>L&#8217;interfaccia pu\u00f2 essere un po &#8216;goffa. Molti clic da fare.<\/p>\n<p class=\"font-weight-bold mb-1 d-flex align-items-center\"><strong>Erin M.&#8221;Facile&#8221;<\/strong><\/p>\n<p><strong>Commenti: <\/strong>Facile ma necessita di pi\u00f9 opzioni per le immagini<\/p>\n<p><strong>Pro: <\/strong>Facile da usare,\u00a0nuovi aggiornamenti,\u00a0aggiungere le proprie immagini<\/p>\n<p><strong>Contro: <\/strong>i modelli impostati su Monash non sono eccezionali e non sono molto flessibili per le nostre esigenze &#8211; problema interno<\/p>\n","protected":false},"excerpt":{"rendered":"<p>Outfit \u00e8 un software di gestione del marchio progettato per aiutare le aziende in una variet\u00e0 di settori verticali a gestire marchi, risorse, comunicazioni, marketing e operazioni di produzione digitale e di stampa. La piattaforma offre modelli personalizzabili, che consentono alle organizzazioni di progettare PDF e documenti Word personalizzati con loghi, colori e temi da utilizzare per il marketing e stabilire l&#8217;identit\u00e0 del marchio.<\/p>\n","protected":false},"author":16,"featured_media":45444,"parent":44787,"menu_order":0,"comment_status":"open","ping_status":"closed","template":"g1_template_page_review_new.php","meta":{"_acf_changed":false,"cwp_meta_box_check":"Yes","cwp_rev_product_name":"","cwp_rev_product_image":"","wppr_links":[],"cwp_rev_price":"","wppr_options":[],"wppr_pros":[],"wppr_cons":[],"_monsterinsights_skip_tracking":false,"_monsterinsights_sitenote_active":false,"_monsterinsights_sitenote_note":"","_monsterinsights_sitenote_category":0,"footnotes":""},"categories":[10573],"tags":[10577,10578,10700,10580,10579,10575,10582],"features":[],"class_list":{"0":"post-45443","1":"page","2":"type-page","3":"status-publish","4":"has-post-thumbnail","6":"category-software-gestione-brand-categoria","7":"tag-gestione-brand","8":"tag-gestione-marchio","9":"tag-outfit","10":"tag-piattaforma-gestione-brand","11":"tag-programma-gestione-brand","12":"tag-software-gestione-brand","13":"tag-soluzione-gestione-brand"},"wppr_data":{"cwp_meta_box_check":"Yes","cwp_rev_product_name":"","cwp_rev_product_image":"","cwp_image_link":"image","cwp_rev_price":"","wppr_rating":"0.00"},"acf":[],"yoast_head":"<!-- This site is optimized with the Yoast SEO plugin v27.4 - https:\/\/yoast.com\/product\/yoast-seo-wordpress\/ -->\n<title>Outfit: recensione software gestione brand - Accurate Reviews<\/title>\n<meta name=\"description\" content=\"Outfit: recensione software di gestione del marchio progettato per aiutare le aziende in una variet\u00e0 di settori verticali a gestire i brand.\" \/>\n<meta name=\"robots\" content=\"index, follow, max-snippet:-1, max-image-preview:large, max-video-preview:-1\" \/>\n<link rel=\"canonical\" href=\"https:\/\/www.accuratereviews.com\/it\/software-gestione-brand\/outfit-recensione\/\" \/>\n<meta property=\"og:locale\" content=\"it_IT\" \/>\n<meta property=\"og:type\" content=\"article\" \/>\n<meta property=\"og:title\" content=\"Outfit: recensione software gestione brand - Accurate Reviews\" \/>\n<meta property=\"og:description\" content=\"Outfit: recensione software di gestione del marchio progettato per aiutare le aziende in una variet\u00e0 di settori verticali a gestire i brand.\" \/>\n<meta property=\"og:url\" content=\"https:\/\/www.accuratereviews.com\/it\/software-gestione-brand\/outfit-recensione\/\" \/>\n<meta property=\"og:site_name\" content=\"Accurate Reviews\" \/>\n<meta property=\"og:image\" content=\"https:\/\/www.accuratereviews.com\/wp-content\/uploads\/2021\/07\/outfit-logo-padding.png\" \/>\n\t<meta property=\"og:image:width\" content=\"1200\" \/>\n\t<meta property=\"og:image:height\" content=\"627\" \/>\n\t<meta property=\"og:image:type\" content=\"image\/png\" \/>\n<meta name=\"twitter:card\" content=\"summary_large_image\" \/>\n<meta name=\"twitter:label1\" content=\"Tempo di lettura stimato\" \/>\n\t<meta name=\"twitter:data1\" content=\"3 minuti\" \/>\n<script type=\"application\/ld+json\" class=\"yoast-schema-graph\">{\"@context\":\"https:\\\/\\\/schema.org\",\"@graph\":[{\"@type\":\"WebPage\",\"@id\":\"https:\\\/\\\/www.accuratereviews.com\\\/it\\\/software-gestione-brand\\\/outfit-recensione\\\/\",\"url\":\"https:\\\/\\\/www.accuratereviews.com\\\/it\\\/software-gestione-brand\\\/outfit-recensione\\\/\",\"name\":\"Outfit: recensione software gestione brand - Accurate Reviews\",\"isPartOf\":{\"@id\":\"https:\\\/\\\/www.accuratereviews.com\\\/it\\\/#website\"},\"primaryImageOfPage\":{\"@id\":\"https:\\\/\\\/www.accuratereviews.com\\\/it\\\/software-gestione-brand\\\/outfit-recensione\\\/#primaryimage\"},\"image\":{\"@id\":\"https:\\\/\\\/www.accuratereviews.com\\\/it\\\/software-gestione-brand\\\/outfit-recensione\\\/#primaryimage\"},\"thumbnailUrl\":\"https:\\\/\\\/www.accuratereviews.com\\\/wp-content\\\/uploads\\\/2021\\\/07\\\/outfit-logo-padding.png\",\"datePublished\":\"2021-07-13T10:59:38+00:00\",\"description\":\"Outfit: recensione software di gestione del marchio progettato per aiutare le aziende in una variet\u00e0 di settori verticali a gestire i brand.\",\"breadcrumb\":{\"@id\":\"https:\\\/\\\/www.accuratereviews.com\\\/it\\\/software-gestione-brand\\\/outfit-recensione\\\/#breadcrumb\"},\"inLanguage\":\"it-IT\",\"potentialAction\":[{\"@type\":\"ReadAction\",\"target\":[\"https:\\\/\\\/www.accuratereviews.com\\\/it\\\/software-gestione-brand\\\/outfit-recensione\\\/\"]}]},{\"@type\":\"ImageObject\",\"inLanguage\":\"it-IT\",\"@id\":\"https:\\\/\\\/www.accuratereviews.com\\\/it\\\/software-gestione-brand\\\/outfit-recensione\\\/#primaryimage\",\"url\":\"https:\\\/\\\/www.accuratereviews.com\\\/wp-content\\\/uploads\\\/2021\\\/07\\\/outfit-logo-padding.png\",\"contentUrl\":\"https:\\\/\\\/www.accuratereviews.com\\\/wp-content\\\/uploads\\\/2021\\\/07\\\/outfit-logo-padding.png\",\"width\":1200,\"height\":627},{\"@type\":\"BreadcrumbList\",\"@id\":\"https:\\\/\\\/www.accuratereviews.com\\\/it\\\/software-gestione-brand\\\/outfit-recensione\\\/#breadcrumb\",\"itemListElement\":[{\"@type\":\"ListItem\",\"position\":1,\"name\":\"Home\",\"item\":\"https:\\\/\\\/www.accuratereviews.com\\\/it\\\/\"},{\"@type\":\"ListItem\",\"position\":2,\"name\":\"Software per la gestione dei brand\",\"item\":\"https:\\\/\\\/www.accuratereviews.com\\\/it\\\/software-gestione-brand\\\/\"},{\"@type\":\"ListItem\",\"position\":3,\"name\":\"Outfit\"}]},{\"@type\":\"WebSite\",\"@id\":\"https:\\\/\\\/www.accuratereviews.com\\\/it\\\/#website\",\"url\":\"https:\\\/\\\/www.accuratereviews.com\\\/it\\\/\",\"name\":\"Accurate Reviews\",\"description\":\"\",\"potentialAction\":[{\"@type\":\"SearchAction\",\"target\":{\"@type\":\"EntryPoint\",\"urlTemplate\":\"https:\\\/\\\/www.accuratereviews.com\\\/it\\\/?s={search_term_string}\"},\"query-input\":{\"@type\":\"PropertyValueSpecification\",\"valueRequired\":true,\"valueName\":\"search_term_string\"}}],\"inLanguage\":\"it-IT\"}]}<\/script>\n<!-- \/ Yoast SEO plugin. -->","yoast_head_json":{"title":"Outfit: recensione software gestione brand - Accurate Reviews","description":"Outfit: recensione software di gestione del marchio progettato per aiutare le aziende in una variet\u00e0 di settori verticali a gestire i brand.","robots":{"index":"index","follow":"follow","max-snippet":"max-snippet:-1","max-image-preview":"max-image-preview:large","max-video-preview":"max-video-preview:-1"},"canonical":"https:\/\/www.accuratereviews.com\/it\/software-gestione-brand\/outfit-recensione\/","og_locale":"it_IT","og_type":"article","og_title":"Outfit: recensione software gestione brand - Accurate Reviews","og_description":"Outfit: recensione software di gestione del marchio progettato per aiutare le aziende in una variet\u00e0 di settori verticali a gestire i brand.","og_url":"https:\/\/www.accuratereviews.com\/it\/software-gestione-brand\/outfit-recensione\/","og_site_name":"Accurate Reviews","og_image":[{"width":1200,"height":627,"url":"https:\/\/www.accuratereviews.com\/wp-content\/uploads\/2021\/07\/outfit-logo-padding.png","type":"image\/png"}],"twitter_card":"summary_large_image","twitter_misc":{"Tempo di lettura stimato":"3 minuti"},"schema":{"@context":"https:\/\/schema.org","@graph":[{"@type":"WebPage","@id":"https:\/\/www.accuratereviews.com\/it\/software-gestione-brand\/outfit-recensione\/","url":"https:\/\/www.accuratereviews.com\/it\/software-gestione-brand\/outfit-recensione\/","name":"Outfit: recensione software gestione brand - Accurate Reviews","isPartOf":{"@id":"https:\/\/www.accuratereviews.com\/it\/#website"},"primaryImageOfPage":{"@id":"https:\/\/www.accuratereviews.com\/it\/software-gestione-brand\/outfit-recensione\/#primaryimage"},"image":{"@id":"https:\/\/www.accuratereviews.com\/it\/software-gestione-brand\/outfit-recensione\/#primaryimage"},"thumbnailUrl":"https:\/\/www.accuratereviews.com\/wp-content\/uploads\/2021\/07\/outfit-logo-padding.png","datePublished":"2021-07-13T10:59:38+00:00","description":"Outfit: recensione software di gestione del marchio progettato per aiutare le aziende in una variet\u00e0 di settori verticali a gestire i brand.","breadcrumb":{"@id":"https:\/\/www.accuratereviews.com\/it\/software-gestione-brand\/outfit-recensione\/#breadcrumb"},"inLanguage":"it-IT","potentialAction":[{"@type":"ReadAction","target":["https:\/\/www.accuratereviews.com\/it\/software-gestione-brand\/outfit-recensione\/"]}]},{"@type":"ImageObject","inLanguage":"it-IT","@id":"https:\/\/www.accuratereviews.com\/it\/software-gestione-brand\/outfit-recensione\/#primaryimage","url":"https:\/\/www.accuratereviews.com\/wp-content\/uploads\/2021\/07\/outfit-logo-padding.png","contentUrl":"https:\/\/www.accuratereviews.com\/wp-content\/uploads\/2021\/07\/outfit-logo-padding.png","width":1200,"height":627},{"@type":"BreadcrumbList","@id":"https:\/\/www.accuratereviews.com\/it\/software-gestione-brand\/outfit-recensione\/#breadcrumb","itemListElement":[{"@type":"ListItem","position":1,"name":"Home","item":"https:\/\/www.accuratereviews.com\/it\/"},{"@type":"ListItem","position":2,"name":"Software per la gestione dei brand","item":"https:\/\/www.accuratereviews.com\/it\/software-gestione-brand\/"},{"@type":"ListItem","position":3,"name":"Outfit"}]},{"@type":"WebSite","@id":"https:\/\/www.accuratereviews.com\/it\/#website","url":"https:\/\/www.accuratereviews.com\/it\/","name":"Accurate Reviews","description":"","potentialAction":[{"@type":"SearchAction","target":{"@type":"EntryPoint","urlTemplate":"https:\/\/www.accuratereviews.com\/it\/?s={search_term_string}"},"query-input":{"@type":"PropertyValueSpecification","valueRequired":true,"valueName":"search_term_string"}}],"inLanguage":"it-IT"}]}},"_links":{"self":[{"href":"https:\/\/www.accuratereviews.com\/it\/wp-json\/wp\/v2\/pages\/45443","targetHints":{"allow":["GET"]}}],"collection":[{"href":"https:\/\/www.accuratereviews.com\/it\/wp-json\/wp\/v2\/pages"}],"about":[{"href":"https:\/\/www.accuratereviews.com\/it\/wp-json\/wp\/v2\/types\/page"}],"author":[{"embeddable":true,"href":"https:\/\/www.accuratereviews.com\/it\/wp-json\/wp\/v2\/users\/16"}],"replies":[{"embeddable":true,"href":"https:\/\/www.accuratereviews.com\/it\/wp-json\/wp\/v2\/comments?post=45443"}],"version-history":[{"count":10,"href":"https:\/\/www.accuratereviews.com\/it\/wp-json\/wp\/v2\/pages\/45443\/revisions"}],"predecessor-version":[{"id":45481,"href":"https:\/\/www.accuratereviews.com\/it\/wp-json\/wp\/v2\/pages\/45443\/revisions\/45481"}],"up":[{"embeddable":true,"href":"https:\/\/www.accuratereviews.com\/it\/wp-json\/wp\/v2\/pages\/44787"}],"wp:featuredmedia":[{"embeddable":true,"href":"https:\/\/www.accuratereviews.com\/it\/wp-json\/wp\/v2\/media\/45444"}],"wp:attachment":[{"href":"https:\/\/www.accuratereviews.com\/it\/wp-json\/wp\/v2\/media?parent=45443"}],"wp:term":[{"taxonomy":"category","embeddable":true,"href":"https:\/\/www.accuratereviews.com\/it\/wp-json\/wp\/v2\/categories?post=45443"},{"taxonomy":"post_tag","embeddable":true,"href":"https:\/\/www.accuratereviews.com\/it\/wp-json\/wp\/v2\/tags?post=45443"},{"taxonomy":"features","embeddable":true,"href":"https:\/\/www.accuratereviews.com\/it\/wp-json\/wp\/v2\/features?post=45443"}],"curies":[{"name":"wp","href":"https:\/\/api.w.org\/{rel}","templated":true}]}}