{"id":45497,"date":"2021-07-14T11:05:13","date_gmt":"2021-07-14T11:05:13","guid":{"rendered":"https:\/\/www.accuratereviews.com\/?page_id=45497"},"modified":"2021-07-14T11:05:13","modified_gmt":"2021-07-14T11:05:13","slug":"oktopost-recensione","status":"publish","type":"page","link":"https:\/\/www.accuratereviews.com\/it\/software-gestione-brand\/oktopost-recensione\/","title":{"rendered":"Oktopost"},"content":{"rendered":"<p><strong>Oktopost<\/strong> \u00e8 una delle piattaforme di <strong>gestione dei social media<\/strong> pi\u00f9 popolari, grazie alla quale diverse aziende e organizzazioni mantengono il controllo della diffusione dei propri contenuti su larga scala sui social media indipendentemente dal numero di profili e pagine aziendali di loro propriet\u00e0. La piattaforma pu\u00f2 essere utilizzata anche per creare e gestire campagne social di qualit\u00e0 per promuovere praticamente tutti i tipi di contenuti social. Il programma segue ogni lead generato dalla tua attivit\u00e0 e ti fornisce le analisi necessarie per determinare quali reti, profili e post sono pi\u00f9 efficaci. Puoi applicarlo per misurare tutte le tue attivit\u00e0 di marketing, i risultati dei clic, il coinvolgimento e le conversioni, ma anche scoprire contenuti che posizionerebbero la tua attivit\u00e0 tra i leader dell&#8217;argomento. \u00c8 anche un sistema di collaborazione completamente attrezzato per team piccoli e grandi che non richiede un&#8217;implementazione complessa e costosa.<\/p>\n<h2>OKTOPOST &#8211; TUTORIAL<\/h2>\n<p>Guardiamo insieme come utilizzare questo<strong> software gestionale del brand<\/strong>:<\/p>\n<div id=\"fluid-wrapper-counter-1\" class=\"g1-fluid-wrapper \" style=\"width:686px;\">\n<div style=\"padding-bottom:56.268221574344%;\"><iframe loading=\"lazy\" title=\"Oktopost Review - A Social Media Management and Content Curation App\" width=\"686\" height=\"386\" src=\"https:\/\/www.youtube.com\/embed\/BPe-88rJtpQ?feature=oembed&amp;wmode=transparent&amp;autohide=1&amp;autoplay=0&amp;disablekb=0&amp;fs=1&amp;loop=0&amp;enablejsapi=1&amp;rel=0&amp;controls=2&amp;showinfo=0&amp;wmode=transparent&amp;autohide=2&amp;autoplay=0&amp;disablekb=0&amp;fs=1&amp;loop=0&amp;enablejsapi=1&amp;rel=0&amp;controls=2&amp;showinfo=1\" frameborder=\"0\" allow=\"accelerometer; autoplay; clipboard-write; encrypted-media; gyroscope; picture-in-picture\" allowfullscreen><\/iframe><\/div>\n<\/div>\n<h3>OKTOPOST &#8211; CARATTERISTICHE<\/h3>\n<ul>\n<li><strong>Campagne social<\/strong>: crea, pubblica e misura ogni post social intorno a una specifica campagna di marketing<\/li>\n<li><strong>Calendario editoriale<\/strong>: visualizza i post di tutti i profili e reti in un unico posto e modificali facilmente in un&#8217;interfaccia drag and drop<\/li>\n<li><strong>Pianificazione intelligente<\/strong>: pianifica rapidamente i contenuti negli orari pi\u00f9 ottimali, colmando eventuali lacune nel tuo calendario editoriale social<\/li>\n<li><strong>Cura dei contenuti<\/strong>: scopri e condividi istantaneamente le ultime notizie e approfondimenti del settore da tutto il web, senza uscire da Oktopost<\/li>\n<li><strong>Ruoli e permessi<\/strong>: crea autorizzazioni utente personalizzate per proteggere la tua piattaforma di gestione dei social media<\/li>\n<li><strong>Gestione della squadra<\/strong>: supporta team e divisioni globali con accesso comune a profili, campagne e impostazioni specifiche<\/li>\n<li><strong>Conformit\u00e0 social<\/strong>: aderisci agli standard aziendali vietando le parole chiave inappropriate sui social<\/li>\n<li><strong>Gestione della crisi<\/strong>: in caso di emergenza, metti in pausa tutte le attivit\u00e0 social e assegna ai dipendenti la responsabilit\u00e0<\/li>\n<li><strong>Sicurezza dell&#8217;account:<\/strong> imposta restrizioni sulle password e regole di sessione per gli utenti e i sostenitori dei dipendenti<\/li>\n<li><strong>Singolo sing-on<\/strong>: offri ai dipendenti un&#8217;unica password e nome utente per proteggere i tuoi dati social<\/li>\n<\/ul>\n<h4>LE RECENSIONI DEGLI UTENTI<\/h4>\n<p class=\"font-weight-bold mb-1 d-flex align-items-center\"><strong>Sreenivasulu M.&#8221;Ottimo prodotto&#8221;<\/strong><\/p>\n<p><strong>Commenti: <\/strong>L&#8217;esperienza complessiva su questo prodotto \u00e8 molto buona. Posso interagire facilmente con l&#8217;interfaccia ed \u00e8 molto facile da usare.<\/p>\n<p><strong>Pro: <\/strong>Il prodotto \u00e8 molto facile da usare. E le caratteristiche sono buone. Meglio usare questo prodotto.<\/p>\n<p><strong>Contro: <\/strong>Il prodotto \u00e8 facile da usare. Qualsiasi utente pu\u00f2 facilmente comprendere l&#8217;interfaccia e utilizzare facilmente questo software.<\/p>\n<p class=\"font-weight-bold mb-1 d-flex align-items-center\"><strong>Diego A.&#8221;Oktopost \u00e8 ROBUSTO!&#8221;<\/strong><\/p>\n<p><strong>Commenti: <\/strong>La nostra azienda ha risolto il problema di non avere connettori social. Con Oktopost, la nostra azienda pu\u00f2 ora fornire ai clienti la possibilit\u00e0 di pubblicare su diverse piattaforme social e integrarla anche con il nostro software di Marketing Automation<\/p>\n<p><strong>Pro: <\/strong>Oktopost \u00e8 robusto e fornisce ottime analisi per tutte le tue interazioni con la piattaforma social. Da parte mia, utilizzo il portale dei rivenditori ed \u00e8 ben organizzato e molto facile da usare. Il servizio in s\u00e9 \u00e8 ottimo. I clienti possono facilmente pianificare i post tramite ClickDimensions in Dynamics CRM e quindi visualizzare tali dati in CRM o per dati pi\u00f9 solidi, nel portale Oktopost.<\/p>\n<p><strong>Contro: <\/strong>\u00c8 molto da imparare e potrebbe essere difficile per alcune persone comprendere appieno tutti i servizi che offrono: \u00e8 molto probabile che sia necessario seguire webinar di formazione.<\/p>\n<p class=\"font-weight-bold mb-1 d-flex align-items-center\"><strong>Emilia J.&#8221;Ottimo strumento di automazione sociale B2B&#8221;<\/strong><\/p>\n<p><strong>Pro: <\/strong>Ti offre una visualizzazione del calendario di tutti i tuoi post, ti consente di creare &#8220;campagne&#8221; e taggarle per un facile filtraggio nella sezione di analisi, parametri UTM e accorciamento dei link tramite la campagna, tenere traccia dei visitatori sconosciuti fino alla conversione, componente di advocacy social integrato, contenuto curato, integrazioni Marketo\/SFDC. Inoltre, un team di supporto eccezionale e molto reattivo!<\/p>\n<p><strong>Contro: <\/strong>Non molto davvero. La nuova interfaccia utente ha molti fantastici aggiornamenti. L&#8217;unica cosa che mi piacerebbe vedere di pi\u00f9 tutorial su come gli altri usano la piattaforma\/come l&#8217;hanno configurata\/condividendo le migliori pratiche e suggerimenti e trucchi.<\/p>\n","protected":false},"excerpt":{"rendered":"<p>Oktopost \u00e8 una delle piattaforme di gestione dei social media pi\u00f9 popolari di oggi, grazie alla quale diverse aziende e organizzazioni mantengono il controllo della diffusione dei propri contenuti su larga scala sui social media indipendentemente dal numero di profili e pagine aziendali di loro propriet\u00e0.<\/p>\n","protected":false},"author":16,"featured_media":45499,"parent":44787,"menu_order":0,"comment_status":"open","ping_status":"closed","template":"g1_template_page_review_new.php","meta":{"_acf_changed":false,"cwp_meta_box_check":"Yes","cwp_rev_product_name":"","cwp_rev_product_image":"","wppr_links":[],"cwp_rev_price":"","wppr_options":[],"wppr_pros":[],"wppr_cons":[],"_monsterinsights_skip_tracking":false,"_monsterinsights_sitenote_active":false,"_monsterinsights_sitenote_note":"","_monsterinsights_sitenote_category":0,"footnotes":""},"categories":[10573],"tags":[10577,10707,10580,10579,10575,10582],"features":[],"class_list":{"0":"post-45497","1":"page","2":"type-page","3":"status-publish","4":"has-post-thumbnail","6":"category-software-gestione-brand-categoria","7":"tag-gestione-brand","8":"tag-oktopost","9":"tag-piattaforma-gestione-brand","10":"tag-programma-gestione-brand","11":"tag-software-gestione-brand","12":"tag-soluzione-gestione-brand"},"wppr_data":{"cwp_meta_box_check":"Yes","cwp_rev_product_name":"","cwp_rev_product_image":"","cwp_image_link":"image","cwp_rev_price":"","wppr_rating":"0.00"},"acf":[],"yoast_head":"<!-- This site is optimized with the Yoast SEO plugin v27.4 - https:\/\/yoast.com\/product\/yoast-seo-wordpress\/ -->\n<title>Oktopost: recensione software gestione brand - Accurate Reviews<\/title>\n<meta name=\"description\" content=\"Oktopost: recensione piattaforma gestione dei social media per sfruttare i dati migliorando l&#039;esperienza del cliente.\" \/>\n<meta name=\"robots\" content=\"index, follow, max-snippet:-1, max-image-preview:large, max-video-preview:-1\" \/>\n<link rel=\"canonical\" href=\"https:\/\/www.accuratereviews.com\/it\/software-gestione-brand\/oktopost-recensione\/\" \/>\n<meta property=\"og:locale\" content=\"it_IT\" \/>\n<meta property=\"og:type\" content=\"article\" \/>\n<meta property=\"og:title\" content=\"Oktopost: recensione software gestione brand - Accurate Reviews\" \/>\n<meta property=\"og:description\" content=\"Oktopost: recensione piattaforma gestione dei social media per sfruttare i dati migliorando l&#039;esperienza del cliente.\" \/>\n<meta property=\"og:url\" content=\"https:\/\/www.accuratereviews.com\/it\/software-gestione-brand\/oktopost-recensione\/\" \/>\n<meta property=\"og:site_name\" content=\"Accurate Reviews\" \/>\n<meta property=\"og:image\" content=\"https:\/\/www.accuratereviews.com\/wp-content\/uploads\/2021\/07\/Oktopost.png\" \/>\n\t<meta property=\"og:image:width\" content=\"1200\" \/>\n\t<meta property=\"og:image:height\" content=\"480\" \/>\n\t<meta property=\"og:image:type\" content=\"image\/png\" \/>\n<meta name=\"twitter:card\" content=\"summary_large_image\" \/>\n<meta name=\"twitter:label1\" content=\"Tempo di lettura stimato\" \/>\n\t<meta name=\"twitter:data1\" content=\"3 minuti\" \/>\n<script type=\"application\/ld+json\" class=\"yoast-schema-graph\">{\"@context\":\"https:\\\/\\\/schema.org\",\"@graph\":[{\"@type\":\"WebPage\",\"@id\":\"https:\\\/\\\/www.accuratereviews.com\\\/it\\\/software-gestione-brand\\\/oktopost-recensione\\\/\",\"url\":\"https:\\\/\\\/www.accuratereviews.com\\\/it\\\/software-gestione-brand\\\/oktopost-recensione\\\/\",\"name\":\"Oktopost: recensione software gestione brand - Accurate Reviews\",\"isPartOf\":{\"@id\":\"https:\\\/\\\/www.accuratereviews.com\\\/it\\\/#website\"},\"primaryImageOfPage\":{\"@id\":\"https:\\\/\\\/www.accuratereviews.com\\\/it\\\/software-gestione-brand\\\/oktopost-recensione\\\/#primaryimage\"},\"image\":{\"@id\":\"https:\\\/\\\/www.accuratereviews.com\\\/it\\\/software-gestione-brand\\\/oktopost-recensione\\\/#primaryimage\"},\"thumbnailUrl\":\"https:\\\/\\\/www.accuratereviews.com\\\/wp-content\\\/uploads\\\/2021\\\/07\\\/Oktopost.png\",\"datePublished\":\"2021-07-14T11:05:13+00:00\",\"description\":\"Oktopost: recensione piattaforma gestione dei social media per sfruttare i dati migliorando l'esperienza del cliente.\",\"breadcrumb\":{\"@id\":\"https:\\\/\\\/www.accuratereviews.com\\\/it\\\/software-gestione-brand\\\/oktopost-recensione\\\/#breadcrumb\"},\"inLanguage\":\"it-IT\",\"potentialAction\":[{\"@type\":\"ReadAction\",\"target\":[\"https:\\\/\\\/www.accuratereviews.com\\\/it\\\/software-gestione-brand\\\/oktopost-recensione\\\/\"]}]},{\"@type\":\"ImageObject\",\"inLanguage\":\"it-IT\",\"@id\":\"https:\\\/\\\/www.accuratereviews.com\\\/it\\\/software-gestione-brand\\\/oktopost-recensione\\\/#primaryimage\",\"url\":\"https:\\\/\\\/www.accuratereviews.com\\\/wp-content\\\/uploads\\\/2021\\\/07\\\/Oktopost.png\",\"contentUrl\":\"https:\\\/\\\/www.accuratereviews.com\\\/wp-content\\\/uploads\\\/2021\\\/07\\\/Oktopost.png\",\"width\":1200,\"height\":480},{\"@type\":\"BreadcrumbList\",\"@id\":\"https:\\\/\\\/www.accuratereviews.com\\\/it\\\/software-gestione-brand\\\/oktopost-recensione\\\/#breadcrumb\",\"itemListElement\":[{\"@type\":\"ListItem\",\"position\":1,\"name\":\"Home\",\"item\":\"https:\\\/\\\/www.accuratereviews.com\\\/it\\\/\"},{\"@type\":\"ListItem\",\"position\":2,\"name\":\"Software per la gestione dei brand\",\"item\":\"https:\\\/\\\/www.accuratereviews.com\\\/it\\\/software-gestione-brand\\\/\"},{\"@type\":\"ListItem\",\"position\":3,\"name\":\"Oktopost\"}]},{\"@type\":\"WebSite\",\"@id\":\"https:\\\/\\\/www.accuratereviews.com\\\/it\\\/#website\",\"url\":\"https:\\\/\\\/www.accuratereviews.com\\\/it\\\/\",\"name\":\"Accurate Reviews\",\"description\":\"\",\"potentialAction\":[{\"@type\":\"SearchAction\",\"target\":{\"@type\":\"EntryPoint\",\"urlTemplate\":\"https:\\\/\\\/www.accuratereviews.com\\\/it\\\/?s={search_term_string}\"},\"query-input\":{\"@type\":\"PropertyValueSpecification\",\"valueRequired\":true,\"valueName\":\"search_term_string\"}}],\"inLanguage\":\"it-IT\"}]}<\/script>\n<!-- \/ Yoast SEO plugin. -->","yoast_head_json":{"title":"Oktopost: recensione software gestione brand - Accurate Reviews","description":"Oktopost: recensione piattaforma gestione dei social media per sfruttare i dati migliorando l'esperienza del cliente.","robots":{"index":"index","follow":"follow","max-snippet":"max-snippet:-1","max-image-preview":"max-image-preview:large","max-video-preview":"max-video-preview:-1"},"canonical":"https:\/\/www.accuratereviews.com\/it\/software-gestione-brand\/oktopost-recensione\/","og_locale":"it_IT","og_type":"article","og_title":"Oktopost: recensione software gestione brand - Accurate Reviews","og_description":"Oktopost: recensione piattaforma gestione dei social media per sfruttare i dati migliorando l'esperienza del cliente.","og_url":"https:\/\/www.accuratereviews.com\/it\/software-gestione-brand\/oktopost-recensione\/","og_site_name":"Accurate Reviews","og_image":[{"width":1200,"height":480,"url":"https:\/\/www.accuratereviews.com\/wp-content\/uploads\/2021\/07\/Oktopost.png","type":"image\/png"}],"twitter_card":"summary_large_image","twitter_misc":{"Tempo di lettura stimato":"3 minuti"},"schema":{"@context":"https:\/\/schema.org","@graph":[{"@type":"WebPage","@id":"https:\/\/www.accuratereviews.com\/it\/software-gestione-brand\/oktopost-recensione\/","url":"https:\/\/www.accuratereviews.com\/it\/software-gestione-brand\/oktopost-recensione\/","name":"Oktopost: recensione software gestione brand - Accurate Reviews","isPartOf":{"@id":"https:\/\/www.accuratereviews.com\/it\/#website"},"primaryImageOfPage":{"@id":"https:\/\/www.accuratereviews.com\/it\/software-gestione-brand\/oktopost-recensione\/#primaryimage"},"image":{"@id":"https:\/\/www.accuratereviews.com\/it\/software-gestione-brand\/oktopost-recensione\/#primaryimage"},"thumbnailUrl":"https:\/\/www.accuratereviews.com\/wp-content\/uploads\/2021\/07\/Oktopost.png","datePublished":"2021-07-14T11:05:13+00:00","description":"Oktopost: recensione piattaforma gestione dei social media per sfruttare i dati migliorando l'esperienza del cliente.","breadcrumb":{"@id":"https:\/\/www.accuratereviews.com\/it\/software-gestione-brand\/oktopost-recensione\/#breadcrumb"},"inLanguage":"it-IT","potentialAction":[{"@type":"ReadAction","target":["https:\/\/www.accuratereviews.com\/it\/software-gestione-brand\/oktopost-recensione\/"]}]},{"@type":"ImageObject","inLanguage":"it-IT","@id":"https:\/\/www.accuratereviews.com\/it\/software-gestione-brand\/oktopost-recensione\/#primaryimage","url":"https:\/\/www.accuratereviews.com\/wp-content\/uploads\/2021\/07\/Oktopost.png","contentUrl":"https:\/\/www.accuratereviews.com\/wp-content\/uploads\/2021\/07\/Oktopost.png","width":1200,"height":480},{"@type":"BreadcrumbList","@id":"https:\/\/www.accuratereviews.com\/it\/software-gestione-brand\/oktopost-recensione\/#breadcrumb","itemListElement":[{"@type":"ListItem","position":1,"name":"Home","item":"https:\/\/www.accuratereviews.com\/it\/"},{"@type":"ListItem","position":2,"name":"Software per la gestione dei brand","item":"https:\/\/www.accuratereviews.com\/it\/software-gestione-brand\/"},{"@type":"ListItem","position":3,"name":"Oktopost"}]},{"@type":"WebSite","@id":"https:\/\/www.accuratereviews.com\/it\/#website","url":"https:\/\/www.accuratereviews.com\/it\/","name":"Accurate Reviews","description":"","potentialAction":[{"@type":"SearchAction","target":{"@type":"EntryPoint","urlTemplate":"https:\/\/www.accuratereviews.com\/it\/?s={search_term_string}"},"query-input":{"@type":"PropertyValueSpecification","valueRequired":true,"valueName":"search_term_string"}}],"inLanguage":"it-IT"}]}},"_links":{"self":[{"href":"https:\/\/www.accuratereviews.com\/it\/wp-json\/wp\/v2\/pages\/45497","targetHints":{"allow":["GET"]}}],"collection":[{"href":"https:\/\/www.accuratereviews.com\/it\/wp-json\/wp\/v2\/pages"}],"about":[{"href":"https:\/\/www.accuratereviews.com\/it\/wp-json\/wp\/v2\/types\/page"}],"author":[{"embeddable":true,"href":"https:\/\/www.accuratereviews.com\/it\/wp-json\/wp\/v2\/users\/16"}],"replies":[{"embeddable":true,"href":"https:\/\/www.accuratereviews.com\/it\/wp-json\/wp\/v2\/comments?post=45497"}],"version-history":[{"count":10,"href":"https:\/\/www.accuratereviews.com\/it\/wp-json\/wp\/v2\/pages\/45497\/revisions"}],"predecessor-version":[{"id":45542,"href":"https:\/\/www.accuratereviews.com\/it\/wp-json\/wp\/v2\/pages\/45497\/revisions\/45542"}],"up":[{"embeddable":true,"href":"https:\/\/www.accuratereviews.com\/it\/wp-json\/wp\/v2\/pages\/44787"}],"wp:featuredmedia":[{"embeddable":true,"href":"https:\/\/www.accuratereviews.com\/it\/wp-json\/wp\/v2\/media\/45499"}],"wp:attachment":[{"href":"https:\/\/www.accuratereviews.com\/it\/wp-json\/wp\/v2\/media?parent=45497"}],"wp:term":[{"taxonomy":"category","embeddable":true,"href":"https:\/\/www.accuratereviews.com\/it\/wp-json\/wp\/v2\/categories?post=45497"},{"taxonomy":"post_tag","embeddable":true,"href":"https:\/\/www.accuratereviews.com\/it\/wp-json\/wp\/v2\/tags?post=45497"},{"taxonomy":"features","embeddable":true,"href":"https:\/\/www.accuratereviews.com\/it\/wp-json\/wp\/v2\/features?post=45497"}],"curies":[{"name":"wp","href":"https:\/\/api.w.org\/{rel}","templated":true}]}}