{"id":45556,"date":"2021-07-15T10:22:25","date_gmt":"2021-07-15T10:22:25","guid":{"rendered":"https:\/\/www.accuratereviews.com\/?page_id=45556"},"modified":"2021-07-16T08:45:29","modified_gmt":"2021-07-16T08:45:29","slug":"asset-bank-recensione","status":"publish","type":"page","link":"https:\/\/www.accuratereviews.com\/it\/software-gestione-brand\/asset-bank-recensione\/","title":{"rendered":"Asset Bank"},"content":{"rendered":"<p><strong>Asset Bank<\/strong> \u00e8 una <strong>piattaforma di gestione delle risorse<\/strong> digitali che si rivolge a grandi organizzazioni, in particolare quelle che operano in pi\u00f9 territori. Il programma aiuta gli utenti a condividere e gestire risorse digitali come video, loghi, immagini e documenti, con la tecnologia di riconoscimento facciale basata su <strong>Amazon Rekognition<\/strong>. Ti consente di taggare le persone e trovare tutte le immagini di loro con una semplice ricerca di testo, risparmiando tempo e risorse. <strong>Asset Bank<\/strong> offre molteplici funzionalit\u00e0 che aiutano gli utenti a controllare l&#8217;utilizzo delle risorse, aggiungere metadati e visualizzare in anteprima o caricare file. Controlla le autorizzazioni in modo che solo coloro che specifichi siano in grado di caricare, cercare e scaricare le tue risorse. Gli utenti possono ridimensionare, modificare e scaricare immagini in una variet\u00e0 di formati per il web o per la stampa.<\/p>\n<h2>ASSET BANK &#8211; TUTORIAL<\/h2>\n<p>Ecco un tutorial con sottotitoli in italiano che mostra le principali funzioni di questo<strong> software di gestione del brand:<\/strong><\/p>\n<div id=\"fluid-wrapper-counter-1\" class=\"g1-fluid-wrapper \" style=\"width:686px;\">\n<div style=\"padding-bottom:56.268221574344%;\"><iframe loading=\"lazy\" title=\"Asset Bank Training Series Part 1 - Welcome to Asset Bank\" width=\"686\" height=\"386\" src=\"https:\/\/www.youtube.com\/embed\/JLDyO9tmkkI?feature=oembed&amp;wmode=transparent&amp;autohide=1&amp;autoplay=0&amp;disablekb=0&amp;fs=1&amp;loop=0&amp;enablejsapi=1&amp;rel=0&amp;controls=2&amp;showinfo=0&amp;wmode=transparent&amp;autohide=2&amp;autoplay=0&amp;disablekb=0&amp;fs=1&amp;loop=0&amp;enablejsapi=1&amp;rel=0&amp;controls=2&amp;showinfo=1\" frameborder=\"0\" allow=\"accelerometer; autoplay; clipboard-write; encrypted-media; gyroscope; picture-in-picture\" allowfullscreen><\/iframe><\/div>\n<\/div>\n<h3>ASSET BANK &#8211; CARATTERISTICHE<\/h3>\n<ul>\n<li><strong>Caricamento\/aggiornamento in blocco:<\/strong> risparmia tempo caricando i file in blocco e aggiungi metadati comuni a pi\u00f9 risorse in una volta sola<\/li>\n<li><strong>Rilevamento duplicati:<\/strong> il rilevamento dei duplicati funziona a livello di pixel, individuando i duplicati anche quando l&#8217;immagine \u00e8 di dimensioni e tipo di file diversi<\/li>\n<li><strong>Caricamento esterno<\/strong>: invia link a destinatari esterni (ad es. fotografi) consentendo loro di inviare file al tuo DAM, senza la necessit\u00e0 di effettuare il login<\/li>\n<li><strong>Rete di distribuzione dei contenuti (CDN)<\/strong>: utilizzando la rete di distribuzione dei contenuti Amazon CloudFront aiuter\u00e0 i tuoi team e partner in tutto il mondo a vivere la stessa esperienza di navigazione velocissima<\/li>\n<li><strong>Istanza di test\/staging<\/strong>: goditi la massima tranquillit\u00e0 utilizzando uno dei nostri ambienti sandbox per testare eventuali integrazioni o aggiornamenti prima di applicarli al tuo sito live<\/li>\n<li><strong>Metadati flessibili:<\/strong> classifica i file digitali a modo tuo con le opzioni flessibili di metadati. Con le opzioni per aggiungere aree di testo libere, menu a discesa, elenchi di controllo e selettori di parole chiave, le tue risorse digitali saranno facili da trovare<\/li>\n<li><strong>Crea pagine e notizie<\/strong>: coinvolgi davvero il tuoi team aggiungendo pagine extra alla navigazione<\/li>\n<li><strong>Permessi utente flessibili:<\/strong> fai in modo che le persone giuste vedano il contenuto giusto con un clic di un pulsante. In qualit\u00e0 di amministratore del sistema, puoi creare facilmente gruppi di utenti e decidere cosa possono vedere e fare<\/li>\n<li><strong>Reporting e audit trail:<\/strong> comprendi davvero come viene utilizzato il tuo DAM, chi \u00e8 coinvolto e se ci sono aree che necessitano di lavoro. Visualizza il coinvolgimento di utenti e gruppi sulla dashboard di amministrazione, sui rapporti di ricerca, sulla popolarit\u00e0 delle risorse, sui duplicati e sugli audit trail completi<\/li>\n<li><strong>Tecnologia di riconoscimento facciale<\/strong>: tagga le persone nelle immagini una volta e verranno automaticamente taggate risparmiando tempo e risorse preziose. Utilizza la potente tecnologia di ricerca dei volti di Amazon Rekognition per identificare le persone nelle foto o nei video, in modo privato e sicuro.<\/li>\n<\/ul>\n<h4>LE RECENSIONI DEGLI UTENTI<\/h4>\n<p class=\"font-weight-bold mb-1 d-flex align-items-center\"><strong>Mayank G.&#8221;Piattaforma di gestione delle risorse digitali estremamente sicura&#8221;<\/strong><\/p>\n<p><strong>Commenti: <\/strong>Asset Bank \u00e8 un ottimo modo per gestire le risorse digitali dell&#8217;azienda da un&#8217;unica piattaforma centrale, l&#8217;unico problema con la piattaforma \u00e8 l&#8217;elevata curva di apprendimento che \u00e8 difficile da superare all&#8217;inizio.<\/p>\n<p><strong>Pro: <\/strong>Asset Bank \u00e8 la nostra piattaforma principale per la centralizzazione delle nostre risorse digitali come video e foto in un unico luogo. \u00c8 stato facile configurare il sistema nel nostro cloud storage e il team di supporto tecnico \u00e8 stato con noi in tutte le fasi dell&#8217;implementazione.<\/p>\n<p><strong>Contro: <\/strong>La curva di apprendimento della piattaforma \u00e8 un po&#8217; pi\u00f9 alta rispetto alle altre alternative sul mercato. Le spiegazioni di onboarding e pop-up in-app dovrebbero essere migliorate.<\/p>\n<p class=\"font-weight-bold mb-1 d-flex align-items-center\"><strong>Andrew M.&#8221;Adoro la facilit\u00e0 d&#8217;uso e la possibilit\u00e0 di personalizzare&#8221;<\/strong><\/p>\n<p><strong>Pro: <\/strong>Sia facile da usare che da navigare, ma estremamente potente e altamente personalizzabile.<\/p>\n<p><strong>Contro: <\/strong>Non riesco a pensare a lamentele significative.<\/p>\n<p class=\"font-weight-bold mb-1 d-flex align-items-center\"><strong>Jessica B.&#8221;Strumento di gestione delle risorse digitali intuitivo e potente&#8221;<\/strong><\/p>\n<p><strong>Commenti: <\/strong>Asset Bank non solo ha un prodotto inestimabile, ma ha anche un team di assistenza clienti da abbinare. I nostri associati amano usare lo strumento perch\u00e9 \u00e8 cos\u00ec intuitivo e VELOCE! Mi \u00e8 piaciuto molto lavorare con Stewart. Era paziente e un ottimo risolutore di problemi.<\/p>\n<p><strong>Pro: <\/strong>Facile da usare e molto flessibile. Asset bank costruisce il proprio software in modo che un amministratore possa facilmente personalizzare lo strumento per adattarlo alle esigenze della tua azienda.<\/p>\n<p><strong>Contro: <\/strong>Il reporting potrebbe migliorare leggermente &#8211; su cui Asset Bank ha gi\u00e0 dichiarato di stare lavorando<\/p>\n<p>&nbsp;<\/p>\n","protected":false},"excerpt":{"rendered":"<p>Asset Bank \u00e8 una piattaforma di gestione delle risorse digitali che si rivolge a grandi organizzazioni, in particolare quelle con operazioni in pi\u00f9 territori. Il programma aiuta gli utenti a condividere e gestire risorse digitali come video, loghi, immagini e documenti, con la tecnologia di riconoscimento facciale basata su Amazon Rekognition.<\/p>\n","protected":false},"author":16,"featured_media":45557,"parent":44787,"menu_order":0,"comment_status":"open","ping_status":"closed","template":"g1_template_page_review_new.php","meta":{"_acf_changed":false,"cwp_meta_box_check":"Yes","cwp_rev_product_name":"","cwp_rev_product_image":"","wppr_links":[],"cwp_rev_price":"","wppr_options":[],"wppr_pros":[],"wppr_cons":[],"_monsterinsights_skip_tracking":false,"_monsterinsights_sitenote_active":false,"_monsterinsights_sitenote_note":"","_monsterinsights_sitenote_category":0,"footnotes":""},"categories":[10573],"tags":[10710,10685,10580,10579,10122,10575,10120,10582,10121],"features":[],"class_list":{"0":"post-45556","1":"page","2":"type-page","3":"status-publish","4":"has-post-thumbnail","6":"category-software-gestione-brand-categoria","7":"tag-asset-bank","8":"tag-gestione-risorse","9":"tag-piattaforma-gestione-brand","10":"tag-programma-gestione-brand","11":"tag-programma-gestione-risorse","12":"tag-software-gestione-brand","13":"tag-software-gestione-risorse","14":"tag-soluzione-gestione-brand","15":"tag-soluzione-gestione-risorse"},"wppr_data":{"cwp_meta_box_check":"Yes","cwp_rev_product_name":"","cwp_rev_product_image":"","cwp_image_link":"image","cwp_rev_price":"","wppr_rating":"0.00"},"acf":[],"yoast_head":"<!-- This site is optimized with the Yoast SEO plugin v27.4 - https:\/\/yoast.com\/product\/yoast-seo-wordpress\/ -->\n<title>Asset Bank: recensione software gestione brand - Accurate Reviews<\/title>\n<meta name=\"description\" content=\"Asset Bank: recensione soluzione di gestione delle risorse digitali che si rivolge a grandi organizzazioni.\" \/>\n<meta name=\"robots\" content=\"index, follow, max-snippet:-1, max-image-preview:large, max-video-preview:-1\" \/>\n<link rel=\"canonical\" href=\"https:\/\/www.accuratereviews.com\/it\/software-gestione-brand\/asset-bank-recensione\/\" \/>\n<meta property=\"og:locale\" content=\"it_IT\" \/>\n<meta property=\"og:type\" content=\"article\" \/>\n<meta property=\"og:title\" content=\"Asset Bank: recensione software gestione brand - Accurate Reviews\" \/>\n<meta property=\"og:description\" content=\"Asset Bank: recensione soluzione di gestione delle risorse digitali che si rivolge a grandi organizzazioni.\" \/>\n<meta property=\"og:url\" content=\"https:\/\/www.accuratereviews.com\/it\/software-gestione-brand\/asset-bank-recensione\/\" \/>\n<meta property=\"og:site_name\" content=\"Accurate Reviews\" \/>\n<meta property=\"article:modified_time\" content=\"2021-07-16T08:45:29+00:00\" \/>\n<meta property=\"og:image\" content=\"https:\/\/www.accuratereviews.com\/wp-content\/uploads\/2021\/07\/assetbank.jpg\" \/>\n\t<meta property=\"og:image:width\" content=\"600\" \/>\n\t<meta property=\"og:image:height\" content=\"315\" \/>\n\t<meta property=\"og:image:type\" content=\"image\/jpeg\" \/>\n<meta name=\"twitter:card\" content=\"summary_large_image\" \/>\n<meta name=\"twitter:label1\" content=\"Tempo di lettura stimato\" \/>\n\t<meta name=\"twitter:data1\" content=\"4 minuti\" \/>\n<script type=\"application\/ld+json\" class=\"yoast-schema-graph\">{\"@context\":\"https:\\\/\\\/schema.org\",\"@graph\":[{\"@type\":\"WebPage\",\"@id\":\"https:\\\/\\\/www.accuratereviews.com\\\/it\\\/software-gestione-brand\\\/asset-bank-recensione\\\/\",\"url\":\"https:\\\/\\\/www.accuratereviews.com\\\/it\\\/software-gestione-brand\\\/asset-bank-recensione\\\/\",\"name\":\"Asset Bank: recensione software gestione brand - Accurate Reviews\",\"isPartOf\":{\"@id\":\"https:\\\/\\\/www.accuratereviews.com\\\/it\\\/#website\"},\"primaryImageOfPage\":{\"@id\":\"https:\\\/\\\/www.accuratereviews.com\\\/it\\\/software-gestione-brand\\\/asset-bank-recensione\\\/#primaryimage\"},\"image\":{\"@id\":\"https:\\\/\\\/www.accuratereviews.com\\\/it\\\/software-gestione-brand\\\/asset-bank-recensione\\\/#primaryimage\"},\"thumbnailUrl\":\"https:\\\/\\\/www.accuratereviews.com\\\/wp-content\\\/uploads\\\/2021\\\/07\\\/assetbank.jpg\",\"datePublished\":\"2021-07-15T10:22:25+00:00\",\"dateModified\":\"2021-07-16T08:45:29+00:00\",\"description\":\"Asset Bank: recensione soluzione di gestione delle risorse digitali che si rivolge a grandi organizzazioni.\",\"breadcrumb\":{\"@id\":\"https:\\\/\\\/www.accuratereviews.com\\\/it\\\/software-gestione-brand\\\/asset-bank-recensione\\\/#breadcrumb\"},\"inLanguage\":\"it-IT\",\"potentialAction\":[{\"@type\":\"ReadAction\",\"target\":[\"https:\\\/\\\/www.accuratereviews.com\\\/it\\\/software-gestione-brand\\\/asset-bank-recensione\\\/\"]}]},{\"@type\":\"ImageObject\",\"inLanguage\":\"it-IT\",\"@id\":\"https:\\\/\\\/www.accuratereviews.com\\\/it\\\/software-gestione-brand\\\/asset-bank-recensione\\\/#primaryimage\",\"url\":\"https:\\\/\\\/www.accuratereviews.com\\\/wp-content\\\/uploads\\\/2021\\\/07\\\/assetbank.jpg\",\"contentUrl\":\"https:\\\/\\\/www.accuratereviews.com\\\/wp-content\\\/uploads\\\/2021\\\/07\\\/assetbank.jpg\",\"width\":600,\"height\":315},{\"@type\":\"BreadcrumbList\",\"@id\":\"https:\\\/\\\/www.accuratereviews.com\\\/it\\\/software-gestione-brand\\\/asset-bank-recensione\\\/#breadcrumb\",\"itemListElement\":[{\"@type\":\"ListItem\",\"position\":1,\"name\":\"Home\",\"item\":\"https:\\\/\\\/www.accuratereviews.com\\\/it\\\/\"},{\"@type\":\"ListItem\",\"position\":2,\"name\":\"Software per la gestione dei brand\",\"item\":\"https:\\\/\\\/www.accuratereviews.com\\\/it\\\/software-gestione-brand\\\/\"},{\"@type\":\"ListItem\",\"position\":3,\"name\":\"Asset Bank\"}]},{\"@type\":\"WebSite\",\"@id\":\"https:\\\/\\\/www.accuratereviews.com\\\/it\\\/#website\",\"url\":\"https:\\\/\\\/www.accuratereviews.com\\\/it\\\/\",\"name\":\"Accurate Reviews\",\"description\":\"\",\"potentialAction\":[{\"@type\":\"SearchAction\",\"target\":{\"@type\":\"EntryPoint\",\"urlTemplate\":\"https:\\\/\\\/www.accuratereviews.com\\\/it\\\/?s={search_term_string}\"},\"query-input\":{\"@type\":\"PropertyValueSpecification\",\"valueRequired\":true,\"valueName\":\"search_term_string\"}}],\"inLanguage\":\"it-IT\"}]}<\/script>\n<!-- \/ Yoast SEO plugin. -->","yoast_head_json":{"title":"Asset Bank: recensione software gestione brand - Accurate Reviews","description":"Asset Bank: recensione soluzione di gestione delle risorse digitali che si rivolge a grandi organizzazioni.","robots":{"index":"index","follow":"follow","max-snippet":"max-snippet:-1","max-image-preview":"max-image-preview:large","max-video-preview":"max-video-preview:-1"},"canonical":"https:\/\/www.accuratereviews.com\/it\/software-gestione-brand\/asset-bank-recensione\/","og_locale":"it_IT","og_type":"article","og_title":"Asset Bank: recensione software gestione brand - Accurate Reviews","og_description":"Asset Bank: recensione soluzione di gestione delle risorse digitali che si rivolge a grandi organizzazioni.","og_url":"https:\/\/www.accuratereviews.com\/it\/software-gestione-brand\/asset-bank-recensione\/","og_site_name":"Accurate Reviews","article_modified_time":"2021-07-16T08:45:29+00:00","og_image":[{"width":600,"height":315,"url":"https:\/\/www.accuratereviews.com\/wp-content\/uploads\/2021\/07\/assetbank.jpg","type":"image\/jpeg"}],"twitter_card":"summary_large_image","twitter_misc":{"Tempo di lettura stimato":"4 minuti"},"schema":{"@context":"https:\/\/schema.org","@graph":[{"@type":"WebPage","@id":"https:\/\/www.accuratereviews.com\/it\/software-gestione-brand\/asset-bank-recensione\/","url":"https:\/\/www.accuratereviews.com\/it\/software-gestione-brand\/asset-bank-recensione\/","name":"Asset Bank: recensione software gestione brand - Accurate Reviews","isPartOf":{"@id":"https:\/\/www.accuratereviews.com\/it\/#website"},"primaryImageOfPage":{"@id":"https:\/\/www.accuratereviews.com\/it\/software-gestione-brand\/asset-bank-recensione\/#primaryimage"},"image":{"@id":"https:\/\/www.accuratereviews.com\/it\/software-gestione-brand\/asset-bank-recensione\/#primaryimage"},"thumbnailUrl":"https:\/\/www.accuratereviews.com\/wp-content\/uploads\/2021\/07\/assetbank.jpg","datePublished":"2021-07-15T10:22:25+00:00","dateModified":"2021-07-16T08:45:29+00:00","description":"Asset Bank: recensione soluzione di gestione delle risorse digitali che si rivolge a grandi organizzazioni.","breadcrumb":{"@id":"https:\/\/www.accuratereviews.com\/it\/software-gestione-brand\/asset-bank-recensione\/#breadcrumb"},"inLanguage":"it-IT","potentialAction":[{"@type":"ReadAction","target":["https:\/\/www.accuratereviews.com\/it\/software-gestione-brand\/asset-bank-recensione\/"]}]},{"@type":"ImageObject","inLanguage":"it-IT","@id":"https:\/\/www.accuratereviews.com\/it\/software-gestione-brand\/asset-bank-recensione\/#primaryimage","url":"https:\/\/www.accuratereviews.com\/wp-content\/uploads\/2021\/07\/assetbank.jpg","contentUrl":"https:\/\/www.accuratereviews.com\/wp-content\/uploads\/2021\/07\/assetbank.jpg","width":600,"height":315},{"@type":"BreadcrumbList","@id":"https:\/\/www.accuratereviews.com\/it\/software-gestione-brand\/asset-bank-recensione\/#breadcrumb","itemListElement":[{"@type":"ListItem","position":1,"name":"Home","item":"https:\/\/www.accuratereviews.com\/it\/"},{"@type":"ListItem","position":2,"name":"Software per la gestione dei brand","item":"https:\/\/www.accuratereviews.com\/it\/software-gestione-brand\/"},{"@type":"ListItem","position":3,"name":"Asset Bank"}]},{"@type":"WebSite","@id":"https:\/\/www.accuratereviews.com\/it\/#website","url":"https:\/\/www.accuratereviews.com\/it\/","name":"Accurate Reviews","description":"","potentialAction":[{"@type":"SearchAction","target":{"@type":"EntryPoint","urlTemplate":"https:\/\/www.accuratereviews.com\/it\/?s={search_term_string}"},"query-input":{"@type":"PropertyValueSpecification","valueRequired":true,"valueName":"search_term_string"}}],"inLanguage":"it-IT"}]}},"_links":{"self":[{"href":"https:\/\/www.accuratereviews.com\/it\/wp-json\/wp\/v2\/pages\/45556","targetHints":{"allow":["GET"]}}],"collection":[{"href":"https:\/\/www.accuratereviews.com\/it\/wp-json\/wp\/v2\/pages"}],"about":[{"href":"https:\/\/www.accuratereviews.com\/it\/wp-json\/wp\/v2\/types\/page"}],"author":[{"embeddable":true,"href":"https:\/\/www.accuratereviews.com\/it\/wp-json\/wp\/v2\/users\/16"}],"replies":[{"embeddable":true,"href":"https:\/\/www.accuratereviews.com\/it\/wp-json\/wp\/v2\/comments?post=45556"}],"version-history":[{"count":6,"href":"https:\/\/www.accuratereviews.com\/it\/wp-json\/wp\/v2\/pages\/45556\/revisions"}],"predecessor-version":[{"id":45597,"href":"https:\/\/www.accuratereviews.com\/it\/wp-json\/wp\/v2\/pages\/45556\/revisions\/45597"}],"up":[{"embeddable":true,"href":"https:\/\/www.accuratereviews.com\/it\/wp-json\/wp\/v2\/pages\/44787"}],"wp:featuredmedia":[{"embeddable":true,"href":"https:\/\/www.accuratereviews.com\/it\/wp-json\/wp\/v2\/media\/45557"}],"wp:attachment":[{"href":"https:\/\/www.accuratereviews.com\/it\/wp-json\/wp\/v2\/media?parent=45556"}],"wp:term":[{"taxonomy":"category","embeddable":true,"href":"https:\/\/www.accuratereviews.com\/it\/wp-json\/wp\/v2\/categories?post=45556"},{"taxonomy":"post_tag","embeddable":true,"href":"https:\/\/www.accuratereviews.com\/it\/wp-json\/wp\/v2\/tags?post=45556"},{"taxonomy":"features","embeddable":true,"href":"https:\/\/www.accuratereviews.com\/it\/wp-json\/wp\/v2\/features?post=45556"}],"curies":[{"name":"wp","href":"https:\/\/api.w.org\/{rel}","templated":true}]}}