{"id":45563,"date":"2021-07-15T10:16:59","date_gmt":"2021-07-15T10:16:59","guid":{"rendered":"https:\/\/www.accuratereviews.com\/?page_id=45563"},"modified":"2021-07-16T08:45:47","modified_gmt":"2021-07-16T08:45:47","slug":"frontify-recensione","status":"publish","type":"page","link":"https:\/\/www.accuratereviews.com\/it\/software-gestione-brand\/frontify-recensione\/","title":{"rendered":"Frontify"},"content":{"rendered":"<p><strong>Frontify<\/strong> \u00e8 un <strong>software di gestione del marchio<\/strong> basato sul web progettato per aziende, agenzie e imprese di tutte le dimensioni, che consente loro di migliorare la coerenza del brand per le parti interessate all&#8217;interno e all&#8217;esterno della loro organizzazione. \u00c8 facile da usare ed \u00e8 molto flessibile. Consente alle aziende di creare linee guida personalizzate che specificano come dovrebbe essere progettato il marchio e quali componenti ed elementi dovrebbe avere. Puoi modificare le <em>style guide<\/em> caricando loghi, immagini, caratteri, icone, video, tavolozze di colori e note. Inoltre, il software di gestione del marchio consente agli utenti di lavorare sui progetti del proprio marchio attraverso un flusso di lavoro di progetto semplificato.<\/p>\n<h2>FRONTIFY &#8211; TUTORIAL<\/h2>\n<p>Il tutorial spiega come creare un esperienze di marca convincente e coerente con questo <strong>software di gestione del brand<\/strong>:<\/p>\n<div id=\"fluid-wrapper-counter-1\" class=\"g1-fluid-wrapper \" style=\"width:686px;\">\n<div style=\"padding-bottom:56.268221574344%;\"><iframe loading=\"lazy\" title=\"Meet the Brand Management Platform Made for Everyone and All Brands\" width=\"686\" height=\"386\" src=\"https:\/\/www.youtube.com\/embed\/1SreaOpGWzA?feature=oembed&amp;wmode=transparent&amp;autohide=1&amp;autoplay=0&amp;disablekb=0&amp;fs=1&amp;loop=0&amp;enablejsapi=1&amp;rel=0&amp;controls=2&amp;showinfo=0&amp;wmode=transparent&amp;autohide=2&amp;autoplay=0&amp;disablekb=0&amp;fs=1&amp;loop=0&amp;enablejsapi=1&amp;rel=0&amp;controls=2&amp;showinfo=1\" frameborder=\"0\" allow=\"accelerometer; autoplay; clipboard-write; encrypted-media; gyroscope; picture-in-picture\" allowfullscreen><\/iframe><\/div>\n<\/div>\n<h3>FRONTIFY &#8211; CARATTERISTICHE<\/h3>\n<ul>\n<li><strong>Gestione delle risorse digitali<\/strong>: trova \u00a0le risorse giuste con un DAM collegato alle linee guida del tuo marchio<\/li>\n<li><strong>Collaborazione creativa<\/strong>:\u00a0spazio di lavoro per dare forma alle campagne, semplificare i cicli di feedback e dare vita al tuo marchio<\/li>\n<li><strong>Controllo della privacy<\/strong>: mantieni la sicurezza su tutti i tuoi prodotti con l&#8217;autenticazione a pi\u00f9 fattori e le scansioni di malware e vulnerabilit\u00e0<\/li>\n<li><strong>Universo multi-marca<\/strong>: separa i diversi marchi in piattaforme di marchi individuali per flussi di lavoro migliori<\/li>\n<li><strong>Esperienza di marca<\/strong>: dai uno stile a tutto con il tuo marchio: il tuo dominio, le email con il tuo logo e altro ancora<\/li>\n<li><strong>Modelli digitali e stampati:<\/strong> crea modelli personalizzabili per consentire ai non designer di utilizzare materiale collaterale sul marchio<\/li>\n<li><strong>Analisi e approfondimenti<\/strong>: accedi a dati e report approfonditi per monitorare le prestazioni del tuo marchio<\/li>\n<li><strong>Gestione avanzata degli accessi:<\/strong> crea gruppi di utenti personalizzati per gestire diversi livelli di accesso al tuo marchio<\/li>\n<\/ul>\n<h4>LE RECENSIONI DEGLI UTENTI<\/h4>\n<p class=\"font-weight-bold mb-1 d-flex align-items-center\"><strong>Luke P.&#8221;CMS e linee guida di livello aziendale&#8221;<\/strong><\/p>\n<p><strong>Commenti: <\/strong>Buone soluzioni che vengono migliorate. Anche un ottimo supporto clienti quando ne hai bisogno.<\/p>\n<p><strong>Pro: <\/strong>Che chiunque nel team possa utilizzare il software per aggiornare le linee guida, controllare il sistema CMS e distribuire contenuti aggiornati.<\/p>\n<p><strong>Contro: <\/strong>C&#8217;\u00e8 un po&#8217; di curva di apprendimento, specialmente dal lato amministrativo.<\/p>\n<p class=\"font-weight-bold mb-1 d-flex align-items-center\"><strong>Denisa M.&#8221;Frontify potenzia il nostro sistema di progettazione&#8221;<\/strong><\/p>\n<p><strong>Pro: <\/strong>Frontify \u00e8 molto facile da configurare. In pochissimo tempo abbiamo messo in funzione la nostra struttura per il nostro sistema di progettazione del prodotto. \u00c8 molto facile passare dalla modalit\u00e0 di modifica a quella di visualizzazione. Le opzioni di formattazione del testo e i blocchi offerti rendono molto semplice creare le specifiche per i componenti e condividerle con il team di sviluppo.<\/p>\n<p><strong>Contro: <\/strong>Quello che mi manca \u00e8 un modo per collaborare in tempo reale con gli altri sulla stessa pagina in Frontify. Vorrei anche pi\u00f9 opzioni di blocco per aiutare a spiegare interazioni pi\u00f9 dettagliate in un modo pi\u00f9 visivo (ad esempio mi piace molto il blocco Cosa fare e cosa non fare e vorrei pi\u00f9 opzioni del genere). Sarebbe interessante anche una funzione di commento e pi\u00f9 opzioni di navigazione secondaria all&#8217;interno delle pagine.<\/p>\n<p class=\"font-weight-bold mb-1 d-flex align-items-center\"><strong>Eliane W.&#8221;Rende molte cose pi\u00f9 facili&#8221;<\/strong><\/p>\n<p><strong>Commenti: <\/strong>La nostra esperienza complessiva \u00e8 molto positiva. \u00c8 un&#8217;ottima soluzione e semplifica molte cose. Tutte le nostre linee guida e risorse si trovano nello stesso posto e tutto pu\u00f2 essere adattato in brevissimo tempo. Tutto \u00e8 sempre aggiornato e in un unico posto. Possiamo davvero consigliare questa soluzione.<\/p>\n<p><strong>Pro: <\/strong>\u00c8 molto facile da usare e l&#8217;usabilit\u00e0 \u00e8 eccezionale. I dipendenti vanno molto d&#8217;accordo con Frontiy e non sono necessarie istruzioni importanti. Semplifica molti processi ed \u00e8 molto utile quando si lavora con i partner. Risparmia molto tempo per mantenere le linee guida e le risorse sulla piattaforma. Il supporto \u00e8 molto veloce e affidabile. Frontify risponde molto alle richieste dei clienti.<\/p>\n<p><strong>Contro: <\/strong>L&#8217;integrazione ha richiesto un po &#8216;pi\u00f9 di tempo, ma ci\u00f2 era dovuto principalmente alla nostra soluzione precedente. Ma Frontify \u00e8 riuscita a risolverlo molto bene.<\/p>\n<div class=\"ml-4 pl-4 border-left border-left__dotted i18n-translation_vendor_container\" data-translation-id=\"2236478\" data-translation-vendor-target=\"original\">\n<div class=\"d-flex flex-wrap flex-md-nowrap align-items-center\">\n<h4 class=\"h5 font-weight-bold\"><\/h4>\n<\/div>\n<\/div>\n","protected":false},"excerpt":{"rendered":"<p>Frontify \u00e8 un software di gestione del marchio basato sul web progettato per aziende, agenzie e imprese di tutte le dimensioni, che consente loro di migliorare la coerenza del marchio per le parti interessate all&#8217;interno e all&#8217;esterno della loro organizzazione. Facile da usare e molto flessibile.\u00a0<\/p>\n","protected":false},"author":16,"featured_media":45565,"parent":44787,"menu_order":0,"comment_status":"open","ping_status":"closed","template":"g1_template_page_review_new.php","meta":{"_acf_changed":false,"cwp_meta_box_check":"Yes","cwp_rev_product_name":"","cwp_rev_product_image":"","wppr_links":[],"cwp_rev_price":"","wppr_options":[],"wppr_pros":[],"wppr_cons":[],"_monsterinsights_skip_tracking":false,"_monsterinsights_sitenote_active":false,"_monsterinsights_sitenote_note":"","_monsterinsights_sitenote_category":0,"footnotes":""},"categories":[10573],"tags":[10708,10577,10578,10580,10709,10579,10575,10576,10582,10581],"features":[],"class_list":{"0":"post-45563","1":"page","2":"type-page","3":"status-publish","4":"has-post-thumbnail","6":"category-software-gestione-brand-categoria","7":"tag-frontify","8":"tag-gestione-brand","9":"tag-gestione-marchio","10":"tag-piattaforma-gestione-brand","11":"tag-piattaforma-gestione-marchio","12":"tag-programma-gestione-brand","13":"tag-software-gestione-brand","14":"tag-software-gestione-marchio","15":"tag-soluzione-gestione-brand","16":"tag-soluzione-gestione-marchio"},"wppr_data":{"cwp_meta_box_check":"Yes","cwp_rev_product_name":"","cwp_rev_product_image":"","cwp_image_link":"image","cwp_rev_price":"","wppr_rating":"0.00"},"acf":[],"yoast_head":"<!-- This site is optimized with the Yoast SEO plugin v27.4 - https:\/\/yoast.com\/product\/yoast-seo-wordpress\/ -->\n<title>Frontify: recensione software gestione brand - Accurate Reviews<\/title>\n<meta name=\"description\" content=\"Frontify: recensione software di gestione del marchio basato sul web progettato per aziende, agenzie e imprese di tutte le dimensioni.\" \/>\n<meta name=\"robots\" content=\"index, follow, max-snippet:-1, max-image-preview:large, max-video-preview:-1\" \/>\n<link rel=\"canonical\" href=\"https:\/\/www.accuratereviews.com\/it\/software-gestione-brand\/frontify-recensione\/\" \/>\n<meta property=\"og:locale\" content=\"it_IT\" \/>\n<meta property=\"og:type\" content=\"article\" \/>\n<meta property=\"og:title\" content=\"Frontify: recensione software gestione brand - Accurate Reviews\" \/>\n<meta property=\"og:description\" content=\"Frontify: recensione software di gestione del marchio basato sul web progettato per aziende, agenzie e imprese di tutte le dimensioni.\" \/>\n<meta property=\"og:url\" content=\"https:\/\/www.accuratereviews.com\/it\/software-gestione-brand\/frontify-recensione\/\" \/>\n<meta property=\"og:site_name\" content=\"Accurate Reviews\" \/>\n<meta property=\"article:modified_time\" content=\"2021-07-16T08:45:47+00:00\" \/>\n<meta property=\"og:image\" content=\"https:\/\/www.accuratereviews.com\/wp-content\/uploads\/2021\/07\/frontify.jpg\" \/>\n\t<meta property=\"og:image:width\" content=\"1200\" \/>\n\t<meta property=\"og:image:height\" content=\"627\" \/>\n\t<meta property=\"og:image:type\" content=\"image\/jpeg\" \/>\n<meta name=\"twitter:card\" content=\"summary_large_image\" \/>\n<meta name=\"twitter:label1\" content=\"Tempo di lettura stimato\" \/>\n\t<meta name=\"twitter:data1\" content=\"3 minuti\" \/>\n<script type=\"application\/ld+json\" class=\"yoast-schema-graph\">{\"@context\":\"https:\\\/\\\/schema.org\",\"@graph\":[{\"@type\":\"WebPage\",\"@id\":\"https:\\\/\\\/www.accuratereviews.com\\\/it\\\/software-gestione-brand\\\/frontify-recensione\\\/\",\"url\":\"https:\\\/\\\/www.accuratereviews.com\\\/it\\\/software-gestione-brand\\\/frontify-recensione\\\/\",\"name\":\"Frontify: recensione software gestione brand - Accurate Reviews\",\"isPartOf\":{\"@id\":\"https:\\\/\\\/www.accuratereviews.com\\\/it\\\/#website\"},\"primaryImageOfPage\":{\"@id\":\"https:\\\/\\\/www.accuratereviews.com\\\/it\\\/software-gestione-brand\\\/frontify-recensione\\\/#primaryimage\"},\"image\":{\"@id\":\"https:\\\/\\\/www.accuratereviews.com\\\/it\\\/software-gestione-brand\\\/frontify-recensione\\\/#primaryimage\"},\"thumbnailUrl\":\"https:\\\/\\\/www.accuratereviews.com\\\/wp-content\\\/uploads\\\/2021\\\/07\\\/frontify.jpg\",\"datePublished\":\"2021-07-15T10:16:59+00:00\",\"dateModified\":\"2021-07-16T08:45:47+00:00\",\"description\":\"Frontify: recensione software di gestione del marchio basato sul web progettato per aziende, agenzie e imprese di tutte le dimensioni.\",\"breadcrumb\":{\"@id\":\"https:\\\/\\\/www.accuratereviews.com\\\/it\\\/software-gestione-brand\\\/frontify-recensione\\\/#breadcrumb\"},\"inLanguage\":\"it-IT\",\"potentialAction\":[{\"@type\":\"ReadAction\",\"target\":[\"https:\\\/\\\/www.accuratereviews.com\\\/it\\\/software-gestione-brand\\\/frontify-recensione\\\/\"]}]},{\"@type\":\"ImageObject\",\"inLanguage\":\"it-IT\",\"@id\":\"https:\\\/\\\/www.accuratereviews.com\\\/it\\\/software-gestione-brand\\\/frontify-recensione\\\/#primaryimage\",\"url\":\"https:\\\/\\\/www.accuratereviews.com\\\/wp-content\\\/uploads\\\/2021\\\/07\\\/frontify.jpg\",\"contentUrl\":\"https:\\\/\\\/www.accuratereviews.com\\\/wp-content\\\/uploads\\\/2021\\\/07\\\/frontify.jpg\",\"width\":1200,\"height\":627},{\"@type\":\"BreadcrumbList\",\"@id\":\"https:\\\/\\\/www.accuratereviews.com\\\/it\\\/software-gestione-brand\\\/frontify-recensione\\\/#breadcrumb\",\"itemListElement\":[{\"@type\":\"ListItem\",\"position\":1,\"name\":\"Home\",\"item\":\"https:\\\/\\\/www.accuratereviews.com\\\/it\\\/\"},{\"@type\":\"ListItem\",\"position\":2,\"name\":\"Software per la gestione dei brand\",\"item\":\"https:\\\/\\\/www.accuratereviews.com\\\/it\\\/software-gestione-brand\\\/\"},{\"@type\":\"ListItem\",\"position\":3,\"name\":\"Frontify\"}]},{\"@type\":\"WebSite\",\"@id\":\"https:\\\/\\\/www.accuratereviews.com\\\/it\\\/#website\",\"url\":\"https:\\\/\\\/www.accuratereviews.com\\\/it\\\/\",\"name\":\"Accurate Reviews\",\"description\":\"\",\"potentialAction\":[{\"@type\":\"SearchAction\",\"target\":{\"@type\":\"EntryPoint\",\"urlTemplate\":\"https:\\\/\\\/www.accuratereviews.com\\\/it\\\/?s={search_term_string}\"},\"query-input\":{\"@type\":\"PropertyValueSpecification\",\"valueRequired\":true,\"valueName\":\"search_term_string\"}}],\"inLanguage\":\"it-IT\"}]}<\/script>\n<!-- \/ Yoast SEO plugin. -->","yoast_head_json":{"title":"Frontify: recensione software gestione brand - Accurate Reviews","description":"Frontify: recensione software di gestione del marchio basato sul web progettato per aziende, agenzie e imprese di tutte le dimensioni.","robots":{"index":"index","follow":"follow","max-snippet":"max-snippet:-1","max-image-preview":"max-image-preview:large","max-video-preview":"max-video-preview:-1"},"canonical":"https:\/\/www.accuratereviews.com\/it\/software-gestione-brand\/frontify-recensione\/","og_locale":"it_IT","og_type":"article","og_title":"Frontify: recensione software gestione brand - Accurate Reviews","og_description":"Frontify: recensione software di gestione del marchio basato sul web progettato per aziende, agenzie e imprese di tutte le dimensioni.","og_url":"https:\/\/www.accuratereviews.com\/it\/software-gestione-brand\/frontify-recensione\/","og_site_name":"Accurate Reviews","article_modified_time":"2021-07-16T08:45:47+00:00","og_image":[{"width":1200,"height":627,"url":"https:\/\/www.accuratereviews.com\/wp-content\/uploads\/2021\/07\/frontify.jpg","type":"image\/jpeg"}],"twitter_card":"summary_large_image","twitter_misc":{"Tempo di lettura stimato":"3 minuti"},"schema":{"@context":"https:\/\/schema.org","@graph":[{"@type":"WebPage","@id":"https:\/\/www.accuratereviews.com\/it\/software-gestione-brand\/frontify-recensione\/","url":"https:\/\/www.accuratereviews.com\/it\/software-gestione-brand\/frontify-recensione\/","name":"Frontify: recensione software gestione brand - Accurate Reviews","isPartOf":{"@id":"https:\/\/www.accuratereviews.com\/it\/#website"},"primaryImageOfPage":{"@id":"https:\/\/www.accuratereviews.com\/it\/software-gestione-brand\/frontify-recensione\/#primaryimage"},"image":{"@id":"https:\/\/www.accuratereviews.com\/it\/software-gestione-brand\/frontify-recensione\/#primaryimage"},"thumbnailUrl":"https:\/\/www.accuratereviews.com\/wp-content\/uploads\/2021\/07\/frontify.jpg","datePublished":"2021-07-15T10:16:59+00:00","dateModified":"2021-07-16T08:45:47+00:00","description":"Frontify: recensione software di gestione del marchio basato sul web progettato per aziende, agenzie e imprese di tutte le dimensioni.","breadcrumb":{"@id":"https:\/\/www.accuratereviews.com\/it\/software-gestione-brand\/frontify-recensione\/#breadcrumb"},"inLanguage":"it-IT","potentialAction":[{"@type":"ReadAction","target":["https:\/\/www.accuratereviews.com\/it\/software-gestione-brand\/frontify-recensione\/"]}]},{"@type":"ImageObject","inLanguage":"it-IT","@id":"https:\/\/www.accuratereviews.com\/it\/software-gestione-brand\/frontify-recensione\/#primaryimage","url":"https:\/\/www.accuratereviews.com\/wp-content\/uploads\/2021\/07\/frontify.jpg","contentUrl":"https:\/\/www.accuratereviews.com\/wp-content\/uploads\/2021\/07\/frontify.jpg","width":1200,"height":627},{"@type":"BreadcrumbList","@id":"https:\/\/www.accuratereviews.com\/it\/software-gestione-brand\/frontify-recensione\/#breadcrumb","itemListElement":[{"@type":"ListItem","position":1,"name":"Home","item":"https:\/\/www.accuratereviews.com\/it\/"},{"@type":"ListItem","position":2,"name":"Software per la gestione dei brand","item":"https:\/\/www.accuratereviews.com\/it\/software-gestione-brand\/"},{"@type":"ListItem","position":3,"name":"Frontify"}]},{"@type":"WebSite","@id":"https:\/\/www.accuratereviews.com\/it\/#website","url":"https:\/\/www.accuratereviews.com\/it\/","name":"Accurate Reviews","description":"","potentialAction":[{"@type":"SearchAction","target":{"@type":"EntryPoint","urlTemplate":"https:\/\/www.accuratereviews.com\/it\/?s={search_term_string}"},"query-input":{"@type":"PropertyValueSpecification","valueRequired":true,"valueName":"search_term_string"}}],"inLanguage":"it-IT"}]}},"_links":{"self":[{"href":"https:\/\/www.accuratereviews.com\/it\/wp-json\/wp\/v2\/pages\/45563","targetHints":{"allow":["GET"]}}],"collection":[{"href":"https:\/\/www.accuratereviews.com\/it\/wp-json\/wp\/v2\/pages"}],"about":[{"href":"https:\/\/www.accuratereviews.com\/it\/wp-json\/wp\/v2\/types\/page"}],"author":[{"embeddable":true,"href":"https:\/\/www.accuratereviews.com\/it\/wp-json\/wp\/v2\/users\/16"}],"replies":[{"embeddable":true,"href":"https:\/\/www.accuratereviews.com\/it\/wp-json\/wp\/v2\/comments?post=45563"}],"version-history":[{"count":9,"href":"https:\/\/www.accuratereviews.com\/it\/wp-json\/wp\/v2\/pages\/45563\/revisions"}],"predecessor-version":[{"id":45615,"href":"https:\/\/www.accuratereviews.com\/it\/wp-json\/wp\/v2\/pages\/45563\/revisions\/45615"}],"up":[{"embeddable":true,"href":"https:\/\/www.accuratereviews.com\/it\/wp-json\/wp\/v2\/pages\/44787"}],"wp:featuredmedia":[{"embeddable":true,"href":"https:\/\/www.accuratereviews.com\/it\/wp-json\/wp\/v2\/media\/45565"}],"wp:attachment":[{"href":"https:\/\/www.accuratereviews.com\/it\/wp-json\/wp\/v2\/media?parent=45563"}],"wp:term":[{"taxonomy":"category","embeddable":true,"href":"https:\/\/www.accuratereviews.com\/it\/wp-json\/wp\/v2\/categories?post=45563"},{"taxonomy":"post_tag","embeddable":true,"href":"https:\/\/www.accuratereviews.com\/it\/wp-json\/wp\/v2\/tags?post=45563"},{"taxonomy":"features","embeddable":true,"href":"https:\/\/www.accuratereviews.com\/it\/wp-json\/wp\/v2\/features?post=45563"}],"curies":[{"name":"wp","href":"https:\/\/api.w.org\/{rel}","templated":true}]}}