{"id":45682,"date":"2021-07-19T19:07:08","date_gmt":"2021-07-19T19:07:08","guid":{"rendered":"https:\/\/www.accuratereviews.com\/?page_id=45682"},"modified":"2021-07-19T19:07:08","modified_gmt":"2021-07-19T19:07:08","slug":"pdfelement-recensione","status":"publish","type":"page","link":"https:\/\/www.accuratereviews.com\/it\/editor-pdf\/pdfelement-recensione\/","title":{"rendered":"PDFelement"},"content":{"rendered":"<p><strong>PDFelement<\/strong> \u00e8 un sistema di <strong>editing PDF<\/strong> potente ma facile da usare in cui puoi creare, organizzare e proteggere i tuoi file. Con i suoi prezzi flessibili, i moduli completi e le prestazioni impeccabili \u00a0\u00e8 una soluzione di gestione dei documenti preferito di molte importanti aziende, inclusi diversi rappresentanti di Fortune 500.\u00a0Il sistema \u00e8 stato progettato pensando all&#8217;usabilit\u00e0, il che significa che ti d\u00e0 il pieno controllo sui tuoi contenuti PDF e una suite di possibilit\u00e0 di trasformazione illimitate. La personalizzazione, tuttavia, non \u00e8 l&#8217;unico lato forte che <strong>PDFelement<\/strong> ha da offrire: \u00e8 il massimo quando si tratta di tecnologia intelligente, in quanto ti consente di eseguire tutte le modifiche desiderate senza influire sulla formattazione o sullo stile dei tuoi documenti. L&#8217;interfaccia \u00e8 letteralmente un gioco da ragazzi e la navigazione si basa su design UX semplici ma completamente ottimizzati.<\/p>\n<h2>PDFELEMENT &#8211; TUTORIAL<\/h2>\n<p>Vediamo come modificare dei documenti in PDF con questo <strong>editor PDF:<\/strong><\/p>\n<div id=\"fluid-wrapper-counter-1\" class=\"g1-fluid-wrapper \" style=\"width:686px;\">\n<div style=\"padding-bottom:56.268221574344%;\"><iframe loading=\"lazy\" title=\"Modificare file pdf (anche scannerizzati) con PDFelement\" width=\"686\" height=\"386\" src=\"https:\/\/www.youtube.com\/embed\/57cWs7XRhzs?feature=oembed&amp;wmode=transparent&amp;autohide=1&amp;autoplay=0&amp;disablekb=0&amp;fs=1&amp;loop=0&amp;enablejsapi=1&amp;rel=0&amp;controls=2&amp;showinfo=0&amp;wmode=transparent&amp;autohide=2&amp;autoplay=0&amp;disablekb=0&amp;fs=1&amp;loop=0&amp;enablejsapi=1&amp;rel=0&amp;controls=2&amp;showinfo=1\" frameborder=\"0\" allow=\"accelerometer; autoplay; clipboard-write; encrypted-media; gyroscope; picture-in-picture\" allowfullscreen><\/iframe><\/div>\n<\/div>\n<h3>PDFELEMENT &#8211; CARATTERISTICHE<\/h3>\n<ul>\n<li><strong>Cambiare Testo PDF<\/strong>: aggiungi,\u00a0rimuovi o modifica il testo presente nel PDF.<\/li>\n<li><strong>Modificare\u00a0PDF scansionati<\/strong>: grazie alla funzione OCR potrai modificare anche PDF scansionati.<\/li>\n<li><strong>Come convertire PDF in Word<\/strong>: trasforma\u00a0PDF in Word per fare modifiche facile.<\/li>\n<li><strong>Inserire note nel PDF<\/strong>:\u00a0scrivi\u00a0commenti, appunti e note nel documento PDF.<\/li>\n<li><strong>Modificare immagini nel PDF<\/strong>: aggiungi, rimuovi o modifica le immagini o le foto del PDF.<\/li>\n<li><strong>Unire o dividere PDF<\/strong>: combina, dividi o segmenta i PDF in modo semplice e veloce.<\/li>\n<li><strong>Creare PDF da altri files<\/strong>: crea PDF a partire da file TXT, Word, PPT, Excel, PDF o Immagini.<\/li>\n<li><strong>Mettere una firma\u00a0in un PDF<\/strong>: inserisci\u00a0firme o timbri personalizzati nel PDF.<\/li>\n<li><strong>Proteggere PDF<\/strong>: metti al sicuro i tuoi PDF con una password di protezione.<\/li>\n<li><strong>Convertire\u00a0PDF in excel o powerpoint<\/strong>: trasforma\u00a0PDF in XLS o PPT senza perdita di qualit\u00e0.<\/li>\n<li><strong>Evidenzia testo nel PDF<\/strong>: evidenzia le parti pi\u00f9 importanti del tuo PDF con un evidenziatore virtuale<\/li>\n<li><strong>Come compilare moduli PDF<\/strong>: crea o compila facilmente i moduli PDF, anche interattivi<\/li>\n<li><strong>Aggiungi\u00a0o rimuovi filigrana PDF<\/strong>: inserisci o\u00a0rimuovi la filigrana (watermark) nei tuoi PDF<\/li>\n<li><strong>Come numerare PDF<\/strong>: modifica i tuoi PDF direttamente online, senza scaricare alcun software<\/li>\n<li><strong>Inserire\u00a0o rimuovere pagine PDF<\/strong>: aggiungi nuove pagine al PDF o rimuovi quelle indesiderate in un clic<\/li>\n<li><strong>Comprimere PDF<\/strong>: comprimi i tuoi documenti PDF per poterli condividere pi\u00f9 facilmente, anche via email.<\/li>\n<li><strong>Inserire link nel PDF<\/strong>: inserisci collegamenti ipertestuali all\u2019interno del tuo file PDF.<\/li>\n<\/ul>\n<h4>LE RECENSIONI DEGLI UTENTI<\/h4>\n<p><strong>Wale A.&#8221;Un&#8217;ottima alternativa ad Adobe Acrobat&#8221;<\/strong><\/p>\n<p><strong>Commenti: <\/strong>PDFelement mi ha aiutato molto nella gestione della mia attivit\u00e0 e nel rimanere produttivo. La compilazione di moduli PDF, la modifica di documenti e la creazione di fatture sono ci\u00f2 per cui utilizzo principalmente il programma.<\/p>\n<p><strong>Pro: <\/strong>Rispetto alle alternative disponibili, PDFelement \u00e8 conveniente. L&#8217;elaborazione in batch, il riconoscimento del testo OCR, la conversione PDF e altri strumenti disponibili in questo programma lo rendono l&#8217;unico software PDF di cui avrai mai bisogno. Anche la versione mobile funziona meglio del previsto. \u00c8 anche facile da usare.<\/p>\n<p><strong>Contro: <\/strong>Uso questo programma da un po&#8217; e, onestamente, non sono riuscito a individuare qualcosa che non mi piace particolarmente.<\/p>\n<p class=\"font-weight-bold mb-1 d-flex align-items-center\"><strong>Anderson F.&#8221;Un lettore ed editor di PDF che piace all&#8217;utente&#8221;<\/strong><\/p>\n<p><strong>Commenti: <\/strong>Il pi\u00f9 grande vantaggio per il mio lavoro \u00e8 stato il suo strumento di conversione, che mi ha aiutato a elaborare file PDF di grandi pagine in Word, risparmiando tempo prezioso nella conversione di file online. Vorrei anche ricordare che sono riuscito a inviare documenti a Dropbox, caricando i file direttamente da PDFelement. Infine, ho anche usato il loro strumento di ottimizzazione, riducendo le dimensioni dei file fino al 20% senza sacrificare la qualit\u00e0 del documento.<\/p>\n<p><strong>Pro: <\/strong>Quando viene menzionato PDFelement, \u00e8 inevitabile evidenziare la sua comoda interfaccia. Ha un design moderno e minimalista, che piace all&#8217;utente. Un altro motivo positivo per cui mi piace questo software \u00e8 che, indipendentemente dal programma in cui \u00e8 stato creato il file PDF, sar\u00e0 in grado di modificare il documento senza modificarne la struttura. Ad esempio, la modifica del testo non cambier\u00e0 il carattere o la dimensione del carattere. Un altro vantaggio offerto da PDFelement \u00e8 che consente di convertire i file in batch, per accelerare il processo con documenti con molte pagine.<\/p>\n<p><strong>Contro: <\/strong>Penso che la mia unica critica per questo software sia che dalle sue ultime versioni ha richiesto pi\u00f9 risorse dai computer.<\/p>\n<p class=\"font-weight-bold mb-1 d-flex align-items-center\"><strong>Matthew M.&#8221;Ottima alternativa!&#8221;<\/strong><\/p>\n<p><strong>Pro: <\/strong>Questo software \u00e8 un&#8217;ottima alternativa per chiunque stia cercando di funzionare con file .pdf. La suite Adobe continua a crescere di prezzo e questo software funziona molto bene come alternativa funzionale!<\/p>\n<p><strong>Contro: <\/strong>Non ho trovato funzioni che non mi piacciono. Finora ha funzionato alla grande.<\/p>\n","protected":false},"excerpt":{"rendered":"<p>PDFelement \u00e8 un sistema di editing PDF potente ma facile da usare in cui puoi creare, organizzare e proteggere i tuoi file. Con i suoi prezzi flessibili, i moduli completi e le prestazioni impeccabili \u00a0\u00e8 una soluzione di gestione dei documenti preferito di molte importanti aziende, inclusi diversi rappresentanti di Fortune 500.<\/p>\n","protected":false},"author":16,"featured_media":45684,"parent":45670,"menu_order":0,"comment_status":"open","ping_status":"closed","template":"g1_template_page_review_new.php","meta":{"_acf_changed":false,"cwp_meta_box_check":"Yes","cwp_rev_product_name":"","cwp_rev_product_image":"","wppr_links":[],"cwp_rev_price":"","wppr_options":[],"wppr_pros":[],"wppr_cons":[],"_monsterinsights_skip_tracking":false,"_monsterinsights_sitenote_active":false,"_monsterinsights_sitenote_note":"","_monsterinsights_sitenote_category":0,"footnotes":""},"categories":[10728],"tags":[10752,10731,10732,10730,10751],"features":[],"class_list":{"0":"post-45682","1":"page","2":"type-page","3":"status-publish","4":"has-post-thumbnail","6":"category-editor-pdf-cat","7":"tag-pdfelement","8":"tag-piattaforma-editor-pdf","9":"tag-programma-editor-pdf","10":"tag-software-editor-pdf","11":"tag-soluzione-editor-pdf"},"wppr_data":{"cwp_meta_box_check":"Yes","cwp_rev_product_name":"","cwp_rev_product_image":"","cwp_image_link":"image","cwp_rev_price":"","wppr_rating":"0.00"},"acf":[],"yoast_head":"<!-- This site is optimized with the Yoast SEO plugin v27.4 - https:\/\/yoast.com\/product\/yoast-seo-wordpress\/ -->\n<title>PDFelement: recensione editor PDF - Accurate Reviews<\/title>\n<meta name=\"description\" content=\"PDFelement: recensione sistema di editing PDF potente ma facile da usare in cui puoi creare, organizzare e proteggere i tuoi file.\" \/>\n<meta name=\"robots\" content=\"index, follow, max-snippet:-1, max-image-preview:large, max-video-preview:-1\" \/>\n<link rel=\"canonical\" href=\"https:\/\/www.accuratereviews.com\/it\/editor-pdf\/pdfelement-recensione\/\" \/>\n<meta property=\"og:locale\" content=\"it_IT\" \/>\n<meta property=\"og:type\" content=\"article\" \/>\n<meta property=\"og:title\" content=\"PDFelement: recensione editor PDF - Accurate Reviews\" \/>\n<meta property=\"og:description\" content=\"PDFelement: recensione sistema di editing PDF potente ma facile da usare in cui puoi creare, organizzare e proteggere i tuoi file.\" \/>\n<meta property=\"og:url\" content=\"https:\/\/www.accuratereviews.com\/it\/editor-pdf\/pdfelement-recensione\/\" \/>\n<meta property=\"og:site_name\" content=\"Accurate Reviews\" \/>\n<meta property=\"og:image\" content=\"https:\/\/www.accuratereviews.com\/wp-content\/uploads\/2021\/07\/PDF-Element-Logo.png\" \/>\n\t<meta property=\"og:image:width\" content=\"720\" \/>\n\t<meta property=\"og:image:height\" content=\"405\" \/>\n\t<meta property=\"og:image:type\" content=\"image\/png\" \/>\n<meta name=\"twitter:card\" content=\"summary_large_image\" \/>\n<meta name=\"twitter:label1\" content=\"Tempo di lettura stimato\" \/>\n\t<meta name=\"twitter:data1\" content=\"4 minuti\" \/>\n<script type=\"application\/ld+json\" class=\"yoast-schema-graph\">{\"@context\":\"https:\\\/\\\/schema.org\",\"@graph\":[{\"@type\":\"WebPage\",\"@id\":\"https:\\\/\\\/www.accuratereviews.com\\\/it\\\/editor-pdf\\\/pdfelement-recensione\\\/\",\"url\":\"https:\\\/\\\/www.accuratereviews.com\\\/it\\\/editor-pdf\\\/pdfelement-recensione\\\/\",\"name\":\"PDFelement: recensione editor PDF - Accurate Reviews\",\"isPartOf\":{\"@id\":\"https:\\\/\\\/www.accuratereviews.com\\\/it\\\/#website\"},\"primaryImageOfPage\":{\"@id\":\"https:\\\/\\\/www.accuratereviews.com\\\/it\\\/editor-pdf\\\/pdfelement-recensione\\\/#primaryimage\"},\"image\":{\"@id\":\"https:\\\/\\\/www.accuratereviews.com\\\/it\\\/editor-pdf\\\/pdfelement-recensione\\\/#primaryimage\"},\"thumbnailUrl\":\"https:\\\/\\\/www.accuratereviews.com\\\/wp-content\\\/uploads\\\/2021\\\/07\\\/PDF-Element-Logo.png\",\"datePublished\":\"2021-07-19T19:07:08+00:00\",\"description\":\"PDFelement: recensione sistema di editing PDF potente ma facile da usare in cui puoi creare, organizzare e proteggere i tuoi file.\",\"breadcrumb\":{\"@id\":\"https:\\\/\\\/www.accuratereviews.com\\\/it\\\/editor-pdf\\\/pdfelement-recensione\\\/#breadcrumb\"},\"inLanguage\":\"it-IT\",\"potentialAction\":[{\"@type\":\"ReadAction\",\"target\":[\"https:\\\/\\\/www.accuratereviews.com\\\/it\\\/editor-pdf\\\/pdfelement-recensione\\\/\"]}]},{\"@type\":\"ImageObject\",\"inLanguage\":\"it-IT\",\"@id\":\"https:\\\/\\\/www.accuratereviews.com\\\/it\\\/editor-pdf\\\/pdfelement-recensione\\\/#primaryimage\",\"url\":\"https:\\\/\\\/www.accuratereviews.com\\\/wp-content\\\/uploads\\\/2021\\\/07\\\/PDF-Element-Logo.png\",\"contentUrl\":\"https:\\\/\\\/www.accuratereviews.com\\\/wp-content\\\/uploads\\\/2021\\\/07\\\/PDF-Element-Logo.png\",\"width\":720,\"height\":405},{\"@type\":\"BreadcrumbList\",\"@id\":\"https:\\\/\\\/www.accuratereviews.com\\\/it\\\/editor-pdf\\\/pdfelement-recensione\\\/#breadcrumb\",\"itemListElement\":[{\"@type\":\"ListItem\",\"position\":1,\"name\":\"Home\",\"item\":\"https:\\\/\\\/www.accuratereviews.com\\\/it\\\/\"},{\"@type\":\"ListItem\",\"position\":2,\"name\":\"Editor PDF\",\"item\":\"https:\\\/\\\/www.accuratereviews.com\\\/it\\\/editor-pdf\\\/\"},{\"@type\":\"ListItem\",\"position\":3,\"name\":\"PDFelement\"}]},{\"@type\":\"WebSite\",\"@id\":\"https:\\\/\\\/www.accuratereviews.com\\\/it\\\/#website\",\"url\":\"https:\\\/\\\/www.accuratereviews.com\\\/it\\\/\",\"name\":\"Accurate Reviews\",\"description\":\"\",\"potentialAction\":[{\"@type\":\"SearchAction\",\"target\":{\"@type\":\"EntryPoint\",\"urlTemplate\":\"https:\\\/\\\/www.accuratereviews.com\\\/it\\\/?s={search_term_string}\"},\"query-input\":{\"@type\":\"PropertyValueSpecification\",\"valueRequired\":true,\"valueName\":\"search_term_string\"}}],\"inLanguage\":\"it-IT\"}]}<\/script>\n<!-- \/ Yoast SEO plugin. -->","yoast_head_json":{"title":"PDFelement: recensione editor PDF - Accurate Reviews","description":"PDFelement: recensione sistema di editing PDF potente ma facile da usare in cui puoi creare, organizzare e proteggere i tuoi file.","robots":{"index":"index","follow":"follow","max-snippet":"max-snippet:-1","max-image-preview":"max-image-preview:large","max-video-preview":"max-video-preview:-1"},"canonical":"https:\/\/www.accuratereviews.com\/it\/editor-pdf\/pdfelement-recensione\/","og_locale":"it_IT","og_type":"article","og_title":"PDFelement: recensione editor PDF - Accurate Reviews","og_description":"PDFelement: recensione sistema di editing PDF potente ma facile da usare in cui puoi creare, organizzare e proteggere i tuoi file.","og_url":"https:\/\/www.accuratereviews.com\/it\/editor-pdf\/pdfelement-recensione\/","og_site_name":"Accurate Reviews","og_image":[{"width":720,"height":405,"url":"https:\/\/www.accuratereviews.com\/wp-content\/uploads\/2021\/07\/PDF-Element-Logo.png","type":"image\/png"}],"twitter_card":"summary_large_image","twitter_misc":{"Tempo di lettura stimato":"4 minuti"},"schema":{"@context":"https:\/\/schema.org","@graph":[{"@type":"WebPage","@id":"https:\/\/www.accuratereviews.com\/it\/editor-pdf\/pdfelement-recensione\/","url":"https:\/\/www.accuratereviews.com\/it\/editor-pdf\/pdfelement-recensione\/","name":"PDFelement: recensione editor PDF - Accurate Reviews","isPartOf":{"@id":"https:\/\/www.accuratereviews.com\/it\/#website"},"primaryImageOfPage":{"@id":"https:\/\/www.accuratereviews.com\/it\/editor-pdf\/pdfelement-recensione\/#primaryimage"},"image":{"@id":"https:\/\/www.accuratereviews.com\/it\/editor-pdf\/pdfelement-recensione\/#primaryimage"},"thumbnailUrl":"https:\/\/www.accuratereviews.com\/wp-content\/uploads\/2021\/07\/PDF-Element-Logo.png","datePublished":"2021-07-19T19:07:08+00:00","description":"PDFelement: recensione sistema di editing PDF potente ma facile da usare in cui puoi creare, organizzare e proteggere i tuoi file.","breadcrumb":{"@id":"https:\/\/www.accuratereviews.com\/it\/editor-pdf\/pdfelement-recensione\/#breadcrumb"},"inLanguage":"it-IT","potentialAction":[{"@type":"ReadAction","target":["https:\/\/www.accuratereviews.com\/it\/editor-pdf\/pdfelement-recensione\/"]}]},{"@type":"ImageObject","inLanguage":"it-IT","@id":"https:\/\/www.accuratereviews.com\/it\/editor-pdf\/pdfelement-recensione\/#primaryimage","url":"https:\/\/www.accuratereviews.com\/wp-content\/uploads\/2021\/07\/PDF-Element-Logo.png","contentUrl":"https:\/\/www.accuratereviews.com\/wp-content\/uploads\/2021\/07\/PDF-Element-Logo.png","width":720,"height":405},{"@type":"BreadcrumbList","@id":"https:\/\/www.accuratereviews.com\/it\/editor-pdf\/pdfelement-recensione\/#breadcrumb","itemListElement":[{"@type":"ListItem","position":1,"name":"Home","item":"https:\/\/www.accuratereviews.com\/it\/"},{"@type":"ListItem","position":2,"name":"Editor PDF","item":"https:\/\/www.accuratereviews.com\/it\/editor-pdf\/"},{"@type":"ListItem","position":3,"name":"PDFelement"}]},{"@type":"WebSite","@id":"https:\/\/www.accuratereviews.com\/it\/#website","url":"https:\/\/www.accuratereviews.com\/it\/","name":"Accurate Reviews","description":"","potentialAction":[{"@type":"SearchAction","target":{"@type":"EntryPoint","urlTemplate":"https:\/\/www.accuratereviews.com\/it\/?s={search_term_string}"},"query-input":{"@type":"PropertyValueSpecification","valueRequired":true,"valueName":"search_term_string"}}],"inLanguage":"it-IT"}]}},"_links":{"self":[{"href":"https:\/\/www.accuratereviews.com\/it\/wp-json\/wp\/v2\/pages\/45682","targetHints":{"allow":["GET"]}}],"collection":[{"href":"https:\/\/www.accuratereviews.com\/it\/wp-json\/wp\/v2\/pages"}],"about":[{"href":"https:\/\/www.accuratereviews.com\/it\/wp-json\/wp\/v2\/types\/page"}],"author":[{"embeddable":true,"href":"https:\/\/www.accuratereviews.com\/it\/wp-json\/wp\/v2\/users\/16"}],"replies":[{"embeddable":true,"href":"https:\/\/www.accuratereviews.com\/it\/wp-json\/wp\/v2\/comments?post=45682"}],"version-history":[{"count":6,"href":"https:\/\/www.accuratereviews.com\/it\/wp-json\/wp\/v2\/pages\/45682\/revisions"}],"predecessor-version":[{"id":45723,"href":"https:\/\/www.accuratereviews.com\/it\/wp-json\/wp\/v2\/pages\/45682\/revisions\/45723"}],"up":[{"embeddable":true,"href":"https:\/\/www.accuratereviews.com\/it\/wp-json\/wp\/v2\/pages\/45670"}],"wp:featuredmedia":[{"embeddable":true,"href":"https:\/\/www.accuratereviews.com\/it\/wp-json\/wp\/v2\/media\/45684"}],"wp:attachment":[{"href":"https:\/\/www.accuratereviews.com\/it\/wp-json\/wp\/v2\/media?parent=45682"}],"wp:term":[{"taxonomy":"category","embeddable":true,"href":"https:\/\/www.accuratereviews.com\/it\/wp-json\/wp\/v2\/categories?post=45682"},{"taxonomy":"post_tag","embeddable":true,"href":"https:\/\/www.accuratereviews.com\/it\/wp-json\/wp\/v2\/tags?post=45682"},{"taxonomy":"features","embeddable":true,"href":"https:\/\/www.accuratereviews.com\/it\/wp-json\/wp\/v2\/features?post=45682"}],"curies":[{"name":"wp","href":"https:\/\/api.w.org\/{rel}","templated":true}]}}