{"id":45701,"date":"2021-07-19T18:48:32","date_gmt":"2021-07-19T18:48:32","guid":{"rendered":"https:\/\/www.accuratereviews.com\/?page_id=45701"},"modified":"2021-07-19T18:48:32","modified_gmt":"2021-07-19T18:48:32","slug":"smallpdf-recensione","status":"publish","type":"page","link":"https:\/\/www.accuratereviews.com\/it\/editor-pdf\/smallpdf-recensione\/","title":{"rendered":"Smallpdf"},"content":{"rendered":"<p><strong>Smallpdf<\/strong> \u00e8 un&#8217;<strong>applicazione PDF<\/strong> basata sul web che consente agli utenti di eseguire<strong> funzioni PDF<\/strong> di base senza dover scaricare e installare un vero software PDF nel proprio sistema. Offre 17 strumenti e funzionalit\u00e0 PDF, come la conversione, la divisione, l&#8217;unione e la compressione di file PDF. Utilizzato da oltre 15 milioni di persone e da oltre 100.000 aziende in tutto il mondo, la soluzione \u00e8 dotata anche di una serie di funzioni di sicurezza come la firma digitale e la protezione tramite password per migliorare la sicurezza dei documenti elaborati all&#8217;interno del sistema. Per garantire la sicurezza dei dati, <strong>Smallpdf<\/strong> utilizza una crittografia SSL a 256 bit di livello bancario in ogni trasferimento di file e tutti vengono automaticamente eliminati dai loro server. Le integrazioni con Google Drive e Dropbox consentono processi PDF fluidi e dinamici. La funzionalit\u00e0 di trascinamento della selezione semplifica l&#8217;esecuzione di conversioni, divisioni, unioni e altro senza problemi.<\/p>\n<h2>SMALLPDF &#8211; TUTORIAL<\/h2>\n<p>Guardiamo come \u00e8 semplice convertire un file in formato PDF con questo <strong>editor PDF<\/strong>:<\/p>\n<div id=\"fluid-wrapper-counter-1\" class=\"g1-fluid-wrapper \" style=\"width:686px;\">\n<div style=\"padding-bottom:56.268221574344%;\"><iframe loading=\"lazy\" title=\"PDF Converter: How to Convert Files To and From PDFs with Smallpdf\" width=\"686\" height=\"386\" src=\"https:\/\/www.youtube.com\/embed\/4WYkBFrRtQY?feature=oembed&amp;wmode=transparent&amp;autohide=1&amp;autoplay=0&amp;disablekb=0&amp;fs=1&amp;loop=0&amp;enablejsapi=1&amp;rel=0&amp;controls=2&amp;showinfo=0&amp;wmode=transparent&amp;autohide=2&amp;autoplay=0&amp;disablekb=0&amp;fs=1&amp;loop=0&amp;enablejsapi=1&amp;rel=0&amp;controls=2&amp;showinfo=1\" frameborder=\"0\" allow=\"accelerometer; autoplay; clipboard-write; encrypted-media; gyroscope; picture-in-picture\" allowfullscreen><\/iframe><\/div>\n<\/div>\n<h3>SMALLPDF &#8211; CARATTERISTICHE<\/h3>\n<div>\n<div class=\"sc-8c1f2v-0 dLeBHm\">\n<div class=\"pvbp07-0 ceYKI\">\n<div class=\"sc-1k9qdlb-0 lcJXfA\">\n<div class=\"ojwc4z-0 jkSeLq\">\n<ul>\n<li><strong>Comprimere PDF:<\/strong> riduci le dimensioni del tuo PDF senza perdere qualit\u00e0<\/li>\n<li><strong>Convertitore PDF<\/strong>: converti file Word, PowerPoint ed Excel in e dal formato PDF<\/li>\n<li><strong>PPT in PDF<\/strong>: converti presentazioni PowerPoint in documenti PDF<\/li>\n<li><strong>JPG in PDF<\/strong>: trasforma immagini JPG, PNG, BMP, GIF e TIFF in PDF<\/li>\n<li><strong>PDF in PPT<\/strong>: converti PDF in presentazioni PowerPoint editabili<\/li>\n<li><strong>Modificare PDF<\/strong>:\u00a0Aggiungi testo, forme, immagini e note a mano libera al tuo PDF<\/li>\n<li><strong>PDF in JPG<\/strong>: estrai le immagini dal tuo PDF o salva ogni pagina come immagine separata<\/li>\n<li><strong>Excel in PDF<\/strong>: converti fogli Excel in documenti PDF<\/li>\n<li><strong>PDF in Excel<\/strong>: converti PDF in fogli Excel editabili<\/li>\n<li><strong>Lettore PDF<\/strong>: visualizza, stampa e condividi PDF online<\/li>\n<li>\n<div class=\"ojwc4z-6 kPnmgt\" tabindex=\"-1\"><strong>Pagine numerate<\/strong>: inserisci facilmente i numeri di pagina in PDF<\/div>\n<\/li>\n<li>\n<div class=\"ojwc4z-6 kPnmgt\" tabindex=\"-1\"><strong>Elimina pagine da PDF<\/strong>: rimuovi una o pi\u00f9 pagine dal tuo PDF<\/div>\n<\/li>\n<li>\n<div class=\"ojwc4z-6 kPnmgt\" tabindex=\"-1\"><strong>Ruota PDF<\/strong>: ruota una o tutte le pagine del tuo PDF<\/div>\n<\/li>\n<li>\n<div class=\"ojwc4z-6 kPnmgt\" tabindex=\"-1\"><strong>Word in PDF<\/strong>: converti documenti Word in file PDF<\/div>\n<\/li>\n<li>\n<div class=\"ojwc4z-6 kPnmgt\" tabindex=\"-1\"><strong>PDF in Word:<\/strong>\u00a0converti PDF in documenti Word editabili<\/div>\n<\/li>\n<li>\n<div class=\"ojwc4z-6 kPnmgt\" tabindex=\"-1\"><strong>Unire PDF<\/strong>: combina pi\u00f9 PDF in un unico documento PDF<\/div>\n<\/li>\n<li>\n<div class=\"ojwc4z-6 kPnmgt\" tabindex=\"-1\"><strong>Dividere PDF:<\/strong>\u00a0estrai pagine dal tuo PDF o salva ogni pagina come un PDF separato<\/div>\n<\/li>\n<li>\n<div class=\"ojwc4z-6 kPnmgt\" tabindex=\"-1\"><strong>Firma PDF:<\/strong>\u00a0crea la tua firma, firma il tuo PDF e richiedi la firma di altri<\/div>\n<\/li>\n<li>\n<div class=\"ojwc4z-6 kPnmgt\" tabindex=\"-1\"><strong>Sbloccare PDF<\/strong>: rimuovi password, crittografia e permessi dal tuo PDF<\/div>\n<\/li>\n<li>\n<div class=\"ojwc4z-6 kPnmgt\" tabindex=\"-1\"><strong>Proteggere PDF<\/strong>: aggiungi password e crittografia al tuo PDF<\/div>\n<\/li>\n<\/ul>\n<h4>LE RECENSIONI DEGLI UTENTI<\/h4>\n<p class=\"font-weight-bold mb-1 d-flex align-items-center\"><strong>Maciej N.&#8221;Ottimo editor PDF per professionisti&#8221;<\/strong><\/p>\n<p><strong>Commenti: <\/strong>Sto usando SmallPDF nel mio lavoro quotidiano e mi aiuta a farlo molto pi\u00f9 velocemente che con altri strumenti.<\/p>\n<p><strong>Pro: <\/strong>Small PDF \u00e8 in continua evoluzione e aggiunge nuove funzionalit\u00e0. Lavoro con molti documenti e SmallPDF \u00e8 l&#8217;app pi\u00f9 utilizzata per la compressione, l&#8217;unione e la divisione dei PDF.<\/p>\n<p><strong>Contro: <\/strong>L&#8217;app desktop ha molte funzionalit\u00e0 dell&#8217;app Web, ma non tutte. Mi piacerebbe vederli tutti nell&#8217;app desktop.<\/p>\n<p class=\"font-weight-bold mb-1 d-flex align-items-center\"><strong>Talib J.&#8221;Uno dei migliori strumenti in circolazione, altamente raccomandato&#8221;<\/strong><\/p>\n<p><strong>Commenti: <\/strong>I vantaggi di questo strumento sono che la mia produttivit\u00e0 complessiva \u00e8 stata aumentata dal fatto che posso utilizzare questo strumento in modo molto rapido ed efficace per convertire i CV da PDF a Word per consentirmi di modificarli. \u00c8 cos\u00ec facile da usare che anche il resto del mio team usa questo strumento quotidianamente<\/p>\n<p><strong>Pro: <\/strong>Il prezzo di questo software lo rende incredibilmente attraente. Il basso costo significa che possiamo avere un utilizzo illimitato di qualcosa che io e il mio team usiamo ogni singolo giorno \u00e8 altamente critico per il nostro lavoro<\/p>\n<p><strong>Contro: <\/strong>Non c&#8217;\u00e8 molto da apprezzare a parte il fatto che alcuni documenti a volte non vengono riconosciuti dallo strumento software, ma ci\u00f2 accade molto raramente e non ha alcun impatto sul mio lavoro.<\/p>\n<p class=\"font-weight-bold mb-1 d-flex align-items-center\"><strong>Alberto R.&#8221;Uso di Smallpdf per gli studenti universitari&#8221;<\/strong><\/p>\n<p><strong>Commenti: <\/strong>sono uno studente di medicina di 22 anni, sono attualmente al mio quarto anno e posso assicurare che ogni studente universitario legge molto e richiede troppi pdf, immagina in medicina, tutti i miei libri sono su pdf, questa app \u00e8 un ottimo strumento per tutti gli studenti, \u00e8 praticamente un sollievo nelle nostre faccende quotidiane<\/p>\n<p><strong>Pro: <\/strong>\u00c8 cos\u00ec facile e accessibile, non hai bisogno di alcun tipo di conoscenza speciale per usare questa app, questo \u00e8 qualcosa che aiuta molto, non usa troppo spazio di archiviazione quindi non devi preoccuparti di questo e il design dell&#8217;app sembra carino bene<\/p>\n<p><strong>Contro: <\/strong>a volte puoi salvare un pdf e non sai nemmeno dove si trova, \u00e8 solo una questione di configurazione nell&#8217;app in modo da poter selezionare dove vuoi che vengano archiviati<\/p>\n<\/div>\n<\/div>\n<\/div>\n<\/div>\n<\/div>\n","protected":false},"excerpt":{"rendered":"<p>Smallpdf \u00e8 un&#8217;applicazione PDF basata sul web che consente agli utenti di eseguire funzioni PDF di base senza dover scaricare e installare un vero software PDF nel proprio sistema. Offre 17 strumenti e funzionalit\u00e0 PDF, come la conversione, la divisione, l&#8217;unione e la compressione di file PDF.<\/p>\n","protected":false},"author":16,"featured_media":45704,"parent":45670,"menu_order":0,"comment_status":"open","ping_status":"closed","template":"g1_template_page_review_new.php","meta":{"_acf_changed":false,"cwp_meta_box_check":"Yes","cwp_rev_product_name":"","cwp_rev_product_image":"","wppr_links":[],"cwp_rev_price":"","wppr_options":[],"wppr_pros":[],"wppr_cons":[],"_monsterinsights_skip_tracking":false,"_monsterinsights_sitenote_active":false,"_monsterinsights_sitenote_note":"","_monsterinsights_sitenote_category":0,"footnotes":""},"categories":[10728],"tags":[10750,10732,10749,10730,10751],"features":[],"class_list":{"0":"post-45701","1":"page","2":"type-page","3":"status-publish","4":"has-post-thumbnail","6":"category-editor-pdf-cat","7":"tag-applicazione-editor-pdf","8":"tag-programma-editor-pdf","9":"tag-smallpdf","10":"tag-software-editor-pdf","11":"tag-soluzione-editor-pdf"},"wppr_data":{"cwp_meta_box_check":"Yes","cwp_rev_product_name":"","cwp_rev_product_image":"","cwp_image_link":"image","cwp_rev_price":"","wppr_rating":"0.00"},"acf":[],"yoast_head":"<!-- This site is optimized with the Yoast SEO plugin v27.4 - https:\/\/yoast.com\/product\/yoast-seo-wordpress\/ -->\n<title>Smallpdf: recensione editor PDF - Accurate Reviews<\/title>\n<meta name=\"description\" content=\"Smallpdf: recensione applicazione PDF basata sul web che consente agli utenti di eseguire funzioni PDF di base.\" \/>\n<meta name=\"robots\" content=\"index, follow, max-snippet:-1, max-image-preview:large, max-video-preview:-1\" \/>\n<link rel=\"canonical\" href=\"https:\/\/www.accuratereviews.com\/it\/editor-pdf\/smallpdf-recensione\/\" \/>\n<meta property=\"og:locale\" content=\"it_IT\" \/>\n<meta property=\"og:type\" content=\"article\" \/>\n<meta property=\"og:title\" content=\"Smallpdf: recensione editor PDF - Accurate Reviews\" \/>\n<meta property=\"og:description\" content=\"Smallpdf: recensione applicazione PDF basata sul web che consente agli utenti di eseguire funzioni PDF di base.\" \/>\n<meta property=\"og:url\" content=\"https:\/\/www.accuratereviews.com\/it\/editor-pdf\/smallpdf-recensione\/\" \/>\n<meta property=\"og:site_name\" content=\"Accurate Reviews\" \/>\n<meta property=\"og:image\" content=\"https:\/\/www.accuratereviews.com\/wp-content\/uploads\/2021\/07\/smallpdf-logo-.png\" \/>\n\t<meta property=\"og:image:width\" content=\"800\" \/>\n\t<meta property=\"og:image:height\" content=\"320\" \/>\n\t<meta property=\"og:image:type\" content=\"image\/png\" \/>\n<meta name=\"twitter:card\" content=\"summary_large_image\" \/>\n<meta name=\"twitter:label1\" content=\"Tempo di lettura stimato\" \/>\n\t<meta name=\"twitter:data1\" content=\"4 minuti\" \/>\n<script type=\"application\/ld+json\" class=\"yoast-schema-graph\">{\"@context\":\"https:\\\/\\\/schema.org\",\"@graph\":[{\"@type\":\"WebPage\",\"@id\":\"https:\\\/\\\/www.accuratereviews.com\\\/it\\\/editor-pdf\\\/smallpdf-recensione\\\/\",\"url\":\"https:\\\/\\\/www.accuratereviews.com\\\/it\\\/editor-pdf\\\/smallpdf-recensione\\\/\",\"name\":\"Smallpdf: recensione editor PDF - Accurate Reviews\",\"isPartOf\":{\"@id\":\"https:\\\/\\\/www.accuratereviews.com\\\/it\\\/#website\"},\"primaryImageOfPage\":{\"@id\":\"https:\\\/\\\/www.accuratereviews.com\\\/it\\\/editor-pdf\\\/smallpdf-recensione\\\/#primaryimage\"},\"image\":{\"@id\":\"https:\\\/\\\/www.accuratereviews.com\\\/it\\\/editor-pdf\\\/smallpdf-recensione\\\/#primaryimage\"},\"thumbnailUrl\":\"https:\\\/\\\/www.accuratereviews.com\\\/wp-content\\\/uploads\\\/2021\\\/07\\\/smallpdf-logo-.png\",\"datePublished\":\"2021-07-19T18:48:32+00:00\",\"description\":\"Smallpdf: recensione applicazione PDF basata sul web che consente agli utenti di eseguire funzioni PDF di base.\",\"breadcrumb\":{\"@id\":\"https:\\\/\\\/www.accuratereviews.com\\\/it\\\/editor-pdf\\\/smallpdf-recensione\\\/#breadcrumb\"},\"inLanguage\":\"it-IT\",\"potentialAction\":[{\"@type\":\"ReadAction\",\"target\":[\"https:\\\/\\\/www.accuratereviews.com\\\/it\\\/editor-pdf\\\/smallpdf-recensione\\\/\"]}]},{\"@type\":\"ImageObject\",\"inLanguage\":\"it-IT\",\"@id\":\"https:\\\/\\\/www.accuratereviews.com\\\/it\\\/editor-pdf\\\/smallpdf-recensione\\\/#primaryimage\",\"url\":\"https:\\\/\\\/www.accuratereviews.com\\\/wp-content\\\/uploads\\\/2021\\\/07\\\/smallpdf-logo-.png\",\"contentUrl\":\"https:\\\/\\\/www.accuratereviews.com\\\/wp-content\\\/uploads\\\/2021\\\/07\\\/smallpdf-logo-.png\",\"width\":800,\"height\":320},{\"@type\":\"BreadcrumbList\",\"@id\":\"https:\\\/\\\/www.accuratereviews.com\\\/it\\\/editor-pdf\\\/smallpdf-recensione\\\/#breadcrumb\",\"itemListElement\":[{\"@type\":\"ListItem\",\"position\":1,\"name\":\"Home\",\"item\":\"https:\\\/\\\/www.accuratereviews.com\\\/it\\\/\"},{\"@type\":\"ListItem\",\"position\":2,\"name\":\"Editor PDF\",\"item\":\"https:\\\/\\\/www.accuratereviews.com\\\/it\\\/editor-pdf\\\/\"},{\"@type\":\"ListItem\",\"position\":3,\"name\":\"Smallpdf\"}]},{\"@type\":\"WebSite\",\"@id\":\"https:\\\/\\\/www.accuratereviews.com\\\/it\\\/#website\",\"url\":\"https:\\\/\\\/www.accuratereviews.com\\\/it\\\/\",\"name\":\"Accurate Reviews\",\"description\":\"\",\"potentialAction\":[{\"@type\":\"SearchAction\",\"target\":{\"@type\":\"EntryPoint\",\"urlTemplate\":\"https:\\\/\\\/www.accuratereviews.com\\\/it\\\/?s={search_term_string}\"},\"query-input\":{\"@type\":\"PropertyValueSpecification\",\"valueRequired\":true,\"valueName\":\"search_term_string\"}}],\"inLanguage\":\"it-IT\"}]}<\/script>\n<!-- \/ Yoast SEO plugin. -->","yoast_head_json":{"title":"Smallpdf: recensione editor PDF - Accurate Reviews","description":"Smallpdf: recensione applicazione PDF basata sul web che consente agli utenti di eseguire funzioni PDF di base.","robots":{"index":"index","follow":"follow","max-snippet":"max-snippet:-1","max-image-preview":"max-image-preview:large","max-video-preview":"max-video-preview:-1"},"canonical":"https:\/\/www.accuratereviews.com\/it\/editor-pdf\/smallpdf-recensione\/","og_locale":"it_IT","og_type":"article","og_title":"Smallpdf: recensione editor PDF - Accurate Reviews","og_description":"Smallpdf: recensione applicazione PDF basata sul web che consente agli utenti di eseguire funzioni PDF di base.","og_url":"https:\/\/www.accuratereviews.com\/it\/editor-pdf\/smallpdf-recensione\/","og_site_name":"Accurate Reviews","og_image":[{"width":800,"height":320,"url":"https:\/\/www.accuratereviews.com\/wp-content\/uploads\/2021\/07\/smallpdf-logo-.png","type":"image\/png"}],"twitter_card":"summary_large_image","twitter_misc":{"Tempo di lettura stimato":"4 minuti"},"schema":{"@context":"https:\/\/schema.org","@graph":[{"@type":"WebPage","@id":"https:\/\/www.accuratereviews.com\/it\/editor-pdf\/smallpdf-recensione\/","url":"https:\/\/www.accuratereviews.com\/it\/editor-pdf\/smallpdf-recensione\/","name":"Smallpdf: recensione editor PDF - Accurate Reviews","isPartOf":{"@id":"https:\/\/www.accuratereviews.com\/it\/#website"},"primaryImageOfPage":{"@id":"https:\/\/www.accuratereviews.com\/it\/editor-pdf\/smallpdf-recensione\/#primaryimage"},"image":{"@id":"https:\/\/www.accuratereviews.com\/it\/editor-pdf\/smallpdf-recensione\/#primaryimage"},"thumbnailUrl":"https:\/\/www.accuratereviews.com\/wp-content\/uploads\/2021\/07\/smallpdf-logo-.png","datePublished":"2021-07-19T18:48:32+00:00","description":"Smallpdf: recensione applicazione PDF basata sul web che consente agli utenti di eseguire funzioni PDF di base.","breadcrumb":{"@id":"https:\/\/www.accuratereviews.com\/it\/editor-pdf\/smallpdf-recensione\/#breadcrumb"},"inLanguage":"it-IT","potentialAction":[{"@type":"ReadAction","target":["https:\/\/www.accuratereviews.com\/it\/editor-pdf\/smallpdf-recensione\/"]}]},{"@type":"ImageObject","inLanguage":"it-IT","@id":"https:\/\/www.accuratereviews.com\/it\/editor-pdf\/smallpdf-recensione\/#primaryimage","url":"https:\/\/www.accuratereviews.com\/wp-content\/uploads\/2021\/07\/smallpdf-logo-.png","contentUrl":"https:\/\/www.accuratereviews.com\/wp-content\/uploads\/2021\/07\/smallpdf-logo-.png","width":800,"height":320},{"@type":"BreadcrumbList","@id":"https:\/\/www.accuratereviews.com\/it\/editor-pdf\/smallpdf-recensione\/#breadcrumb","itemListElement":[{"@type":"ListItem","position":1,"name":"Home","item":"https:\/\/www.accuratereviews.com\/it\/"},{"@type":"ListItem","position":2,"name":"Editor PDF","item":"https:\/\/www.accuratereviews.com\/it\/editor-pdf\/"},{"@type":"ListItem","position":3,"name":"Smallpdf"}]},{"@type":"WebSite","@id":"https:\/\/www.accuratereviews.com\/it\/#website","url":"https:\/\/www.accuratereviews.com\/it\/","name":"Accurate Reviews","description":"","potentialAction":[{"@type":"SearchAction","target":{"@type":"EntryPoint","urlTemplate":"https:\/\/www.accuratereviews.com\/it\/?s={search_term_string}"},"query-input":{"@type":"PropertyValueSpecification","valueRequired":true,"valueName":"search_term_string"}}],"inLanguage":"it-IT"}]}},"_links":{"self":[{"href":"https:\/\/www.accuratereviews.com\/it\/wp-json\/wp\/v2\/pages\/45701","targetHints":{"allow":["GET"]}}],"collection":[{"href":"https:\/\/www.accuratereviews.com\/it\/wp-json\/wp\/v2\/pages"}],"about":[{"href":"https:\/\/www.accuratereviews.com\/it\/wp-json\/wp\/v2\/types\/page"}],"author":[{"embeddable":true,"href":"https:\/\/www.accuratereviews.com\/it\/wp-json\/wp\/v2\/users\/16"}],"replies":[{"embeddable":true,"href":"https:\/\/www.accuratereviews.com\/it\/wp-json\/wp\/v2\/comments?post=45701"}],"version-history":[{"count":8,"href":"https:\/\/www.accuratereviews.com\/it\/wp-json\/wp\/v2\/pages\/45701\/revisions"}],"predecessor-version":[{"id":45721,"href":"https:\/\/www.accuratereviews.com\/it\/wp-json\/wp\/v2\/pages\/45701\/revisions\/45721"}],"up":[{"embeddable":true,"href":"https:\/\/www.accuratereviews.com\/it\/wp-json\/wp\/v2\/pages\/45670"}],"wp:featuredmedia":[{"embeddable":true,"href":"https:\/\/www.accuratereviews.com\/it\/wp-json\/wp\/v2\/media\/45704"}],"wp:attachment":[{"href":"https:\/\/www.accuratereviews.com\/it\/wp-json\/wp\/v2\/media?parent=45701"}],"wp:term":[{"taxonomy":"category","embeddable":true,"href":"https:\/\/www.accuratereviews.com\/it\/wp-json\/wp\/v2\/categories?post=45701"},{"taxonomy":"post_tag","embeddable":true,"href":"https:\/\/www.accuratereviews.com\/it\/wp-json\/wp\/v2\/tags?post=45701"},{"taxonomy":"features","embeddable":true,"href":"https:\/\/www.accuratereviews.com\/it\/wp-json\/wp\/v2\/features?post=45701"}],"curies":[{"name":"wp","href":"https:\/\/api.w.org\/{rel}","templated":true}]}}