{"id":45737,"date":"2021-07-21T07:51:55","date_gmt":"2021-07-21T07:51:55","guid":{"rendered":"https:\/\/www.accuratereviews.com\/?page_id=45737"},"modified":"2021-07-21T07:51:55","modified_gmt":"2021-07-21T07:51:55","slug":"docfly-recensione","status":"publish","type":"page","link":"https:\/\/www.accuratereviews.com\/it\/editor-pdf\/docfly-recensione\/","title":{"rendered":"DocFly"},"content":{"rendered":"<p><strong>DocFly<\/strong> (precedentemente conosciuto comePDFPro) \u00e8 un <strong>editor PDF<\/strong> online che consente agli utenti di creare, convertire, modificare e proteggere PDF. Include una serie di strumenti di modifica progettati per manipolare completamente i file PDF, come riordinare ed estrarre pagine, unire e dividere file, modificare il testo PDF e altro ancora. \u00c8 accessibile da qualsiasi browser e archivia in modo sicuro tutti i file tramite <strong>Amazon Cloud hosting<\/strong>. I files possono essere eliminati dal database in qualsiasi momento.\u00a0<strong>DocFly<\/strong> include funzionalit\u00e0 di blocco\/sblocco per proteggere con password i file sensibili. Inoltre lo strumento di firma elettronica consente agli utenti di caricare un&#8217;immagine e di digitare o inserire firme da utilizzare sui PDF. Altre funzionalit\u00e0 di includono l&#8217;inserimento di immagini, l&#8217;aggiunta di icone\/forme, l&#8217;evidenziazione del testo, la creazione di moduli, l&#8217;organizzazione delle pagine, l&#8217;aggiunta di filigrane, l&#8217;ottimizzazione dei PDF e altro ancora.<\/p>\n<h2>DOCFLY &#8211; TUTORIAL<\/h2>\n<p>Guardiamo il breve tutorial con sottotitoli in italiano su questo <strong>editor PDF<\/strong>:<\/p>\n<div id=\"fluid-wrapper-counter-1\" class=\"g1-fluid-wrapper \" style=\"width:686px;\">\n<div style=\"padding-bottom:56.268221574344%;\"><iframe loading=\"lazy\" title=\"How to Add Hyperlink to PDF using DocFly\" width=\"686\" height=\"386\" src=\"https:\/\/www.youtube.com\/embed\/s2mdQFOTxsg?feature=oembed&amp;wmode=transparent&amp;autohide=1&amp;autoplay=0&amp;disablekb=0&amp;fs=1&amp;loop=0&amp;enablejsapi=1&amp;rel=0&amp;controls=2&amp;showinfo=0&amp;wmode=transparent&amp;autohide=2&amp;autoplay=0&amp;disablekb=0&amp;fs=1&amp;loop=0&amp;enablejsapi=1&amp;rel=0&amp;controls=2&amp;showinfo=1\" frameborder=\"0\" allow=\"accelerometer; autoplay; clipboard-write; encrypted-media; gyroscope; picture-in-picture\" allowfullscreen><\/iframe><\/div>\n<\/div>\n<h3>DOCFLY &#8211; CARATTERISTICHE<\/h3>\n<ul>\n<li><strong>Modifica PDF e rivedi le modifiche online<\/strong>: gli\u00a0strumenti di editor PDF includono: aggiunta di testo, cancellazione di testo, evidenziazione e aggiunta di immagini e firme. Ti consente anche di unire, dividere, ruotare o filigranare i PDF.<\/li>\n<li><strong>Salva e proteggi i file PDF<\/strong>: aggiungi, modifica o rimuovi le password dai tuoi file PDF. La soluzione rende facile la protezione con password dei tuoi file PDF.<\/li>\n<li><strong>Accesso da qualsiasi luogo<\/strong>:\u00a0interamente online, non c&#8217;\u00e8 nessun software da scaricare. Accedi e modifica i file PDF da qualsiasi browser: Chrome, IE, Firefox o Safari.<\/li>\n<li><strong>Crea e converti PDF<\/strong>: crea PDF da zero o crea PDF da immagini, Word, Excel, PowerPoint e altro! Inoltre, converti PDF in Word o PDF in formati immagine.<\/li>\n<li><strong>Modifica i file PDF online gratuitamente<\/strong>: esporta gratuitamente fino a 3 documenti al mese senza bisogno di registrazione.<\/li>\n<li><strong>Opzioni di pagamento flessibili<\/strong>: scegli un abbonamento mensile o annuale.<\/li>\n<li><strong>Risparmia tempo ed energia<\/strong>: un&#8217;alternativa semplice ed economica ad Adobe Acrobat. Non dovrai pi\u00f9 perdere tempo utilizzando stampanti e scanner per i tuoi documenti e moduli PDF. Modifica semplicemente i PDF e vai.<\/li>\n<\/ul>\n<h4>LE RECENSIONI DEGLI UTENTI<\/h4>\n<p class=\"font-weight-bold mb-1 d-flex align-items-center\"><strong>Harlan E.&#8221;Deve avere un software per il business&#8221;<\/strong><\/p>\n<p><strong>Commenti: <\/strong>Il software Adobe mi consente di eliminare i documenti cartacei, una volta che li ho scansionati in PDF. Rende davvero la ricerca di documenti digitali molto pi\u00f9 semplice rispetto alla ricerca di copie cartacee perse!<\/p>\n<p><strong>Pro: <\/strong>Mi piace che siamo in grado non solo di creare documenti PDF originali, ma che possiamo anche contrassegnare e commentare altri PDF.<\/p>\n<p><strong>Contro: <\/strong>Poich\u00e9 il software \u00e8 cos\u00ec ricco di funzionalit\u00e0, \u00e8 necessario leggere il manuale e visualizzare i video online per imparare a utilizzare il software.<\/p>\n<p class=\"font-weight-bold mb-1 d-flex align-items-center\"><strong>Caleb S.&#8221;Editor PDF essenziale!&#8221;<\/strong><\/p>\n<p><strong>Commenti: <\/strong>Se usi \/ modifichi PDF frequentemente come me, questo software \u00e8 essenziale!<\/p>\n<p><strong>Pro: <\/strong>PDF Pro \u00e8 un software incredibilmente facile da usare. Quando necessario, i file della guida sono immediatamente disponibili e utili.<\/p>\n<p><strong>Contro: <\/strong>l&#8217;unico svantaggio \u00e8 che \u00e8 piuttosto costoso rispetto ad altri concorrenti sul mercato, il che \u00e8 un po &#8216;scoraggiato.<\/p>\n<p class=\"font-weight-bold mb-1 d-flex align-items-center\"><strong>Shareena P.&#8221;Pro efficiente&#8221;<\/strong><\/p>\n<p><strong>Commenti: <\/strong>Molto efficiente e affidabile.\u00a0Quelli installati sul computer a cui puoi accedere facilmente da qualsiasi luogo<\/p>\n<p><strong>Pro: <\/strong>Veloce e facile da usare.\u00a0Include tutto ci\u00f2 di cui gli imprenditori hanno bisogno per i PDF<\/p>\n<p><strong>Contro: <\/strong>Non ho riscontrato alcuna preoccupazione quindi davvero non c&#8217;\u00e8 motivo qui<\/p>\n","protected":false},"excerpt":{"rendered":"<p>DocFly (precedentemente conosciuto comePDFPro) \u00e8 un editor PDF online che consente agli utenti di creare, convertire, modificare e proteggere PDF. Include una serie di strumenti di modifica progettati per manipolare completamente i file PDF, come riordinare ed estrarre pagine, unire e dividere file, modificare il testo PDF e altro ancora.<\/p>\n","protected":false},"author":16,"featured_media":45749,"parent":45670,"menu_order":0,"comment_status":"open","ping_status":"closed","template":"g1_template_page_review_new.php","meta":{"_acf_changed":false,"cwp_meta_box_check":"Yes","cwp_rev_product_name":"","cwp_rev_product_image":"","wppr_links":[],"cwp_rev_price":"","wppr_options":[],"wppr_pros":[],"wppr_cons":[],"_monsterinsights_skip_tracking":false,"_monsterinsights_sitenote_active":false,"_monsterinsights_sitenote_note":"","_monsterinsights_sitenote_category":0,"footnotes":""},"categories":[10728],"tags":[10759,10757,10727,10758,10732,10730,10751],"features":[],"class_list":{"0":"post-45737","1":"page","2":"type-page","3":"status-publish","4":"has-post-thumbnail","6":"category-editor-pdf-cat","7":"tag-amazon-cloud-hosting","8":"tag-docfly","9":"tag-editor-pdf","10":"tag-piattaforma-edito-pdf","11":"tag-programma-editor-pdf","12":"tag-software-editor-pdf","13":"tag-soluzione-editor-pdf"},"wppr_data":{"cwp_meta_box_check":"Yes","cwp_rev_product_name":"","cwp_rev_product_image":"","cwp_image_link":"image","cwp_rev_price":"","wppr_rating":"0.00"},"acf":[],"yoast_head":"<!-- This site is optimized with the Yoast SEO plugin v27.4 - https:\/\/yoast.com\/product\/yoast-seo-wordpress\/ -->\n<title>DocFly: recensione editor PDF - Accurate Reviews<\/title>\n<meta name=\"description\" content=\"DocFly: recensione editor PDF online che consente agli utenti di creare, convertire, modificare e proteggere PDF.\" \/>\n<meta name=\"robots\" content=\"index, follow, max-snippet:-1, max-image-preview:large, max-video-preview:-1\" \/>\n<link rel=\"canonical\" href=\"https:\/\/www.accuratereviews.com\/it\/editor-pdf\/docfly-recensione\/\" \/>\n<meta property=\"og:locale\" content=\"it_IT\" \/>\n<meta property=\"og:type\" content=\"article\" \/>\n<meta property=\"og:title\" content=\"DocFly: recensione editor PDF - Accurate Reviews\" \/>\n<meta property=\"og:description\" content=\"DocFly: recensione editor PDF online che consente agli utenti di creare, convertire, modificare e proteggere PDF.\" \/>\n<meta property=\"og:url\" content=\"https:\/\/www.accuratereviews.com\/it\/editor-pdf\/docfly-recensione\/\" \/>\n<meta property=\"og:site_name\" content=\"Accurate Reviews\" \/>\n<meta property=\"og:image\" content=\"https:\/\/www.accuratereviews.com\/wp-content\/uploads\/2021\/07\/docfly.png\" \/>\n\t<meta property=\"og:image:width\" content=\"225\" \/>\n\t<meta property=\"og:image:height\" content=\"225\" \/>\n\t<meta property=\"og:image:type\" content=\"image\/png\" \/>\n<meta name=\"twitter:card\" content=\"summary_large_image\" \/>\n<meta name=\"twitter:label1\" content=\"Tempo di lettura stimato\" \/>\n\t<meta name=\"twitter:data1\" content=\"3 minuti\" \/>\n<script type=\"application\/ld+json\" class=\"yoast-schema-graph\">{\"@context\":\"https:\\\/\\\/schema.org\",\"@graph\":[{\"@type\":\"WebPage\",\"@id\":\"https:\\\/\\\/www.accuratereviews.com\\\/it\\\/editor-pdf\\\/docfly-recensione\\\/\",\"url\":\"https:\\\/\\\/www.accuratereviews.com\\\/it\\\/editor-pdf\\\/docfly-recensione\\\/\",\"name\":\"DocFly: recensione editor PDF - Accurate Reviews\",\"isPartOf\":{\"@id\":\"https:\\\/\\\/www.accuratereviews.com\\\/it\\\/#website\"},\"primaryImageOfPage\":{\"@id\":\"https:\\\/\\\/www.accuratereviews.com\\\/it\\\/editor-pdf\\\/docfly-recensione\\\/#primaryimage\"},\"image\":{\"@id\":\"https:\\\/\\\/www.accuratereviews.com\\\/it\\\/editor-pdf\\\/docfly-recensione\\\/#primaryimage\"},\"thumbnailUrl\":\"https:\\\/\\\/www.accuratereviews.com\\\/wp-content\\\/uploads\\\/2021\\\/07\\\/docfly.png\",\"datePublished\":\"2021-07-21T07:51:55+00:00\",\"description\":\"DocFly: recensione editor PDF online che consente agli utenti di creare, convertire, modificare e proteggere PDF.\",\"breadcrumb\":{\"@id\":\"https:\\\/\\\/www.accuratereviews.com\\\/it\\\/editor-pdf\\\/docfly-recensione\\\/#breadcrumb\"},\"inLanguage\":\"it-IT\",\"potentialAction\":[{\"@type\":\"ReadAction\",\"target\":[\"https:\\\/\\\/www.accuratereviews.com\\\/it\\\/editor-pdf\\\/docfly-recensione\\\/\"]}]},{\"@type\":\"ImageObject\",\"inLanguage\":\"it-IT\",\"@id\":\"https:\\\/\\\/www.accuratereviews.com\\\/it\\\/editor-pdf\\\/docfly-recensione\\\/#primaryimage\",\"url\":\"https:\\\/\\\/www.accuratereviews.com\\\/wp-content\\\/uploads\\\/2021\\\/07\\\/docfly.png\",\"contentUrl\":\"https:\\\/\\\/www.accuratereviews.com\\\/wp-content\\\/uploads\\\/2021\\\/07\\\/docfly.png\",\"width\":225,\"height\":225},{\"@type\":\"BreadcrumbList\",\"@id\":\"https:\\\/\\\/www.accuratereviews.com\\\/it\\\/editor-pdf\\\/docfly-recensione\\\/#breadcrumb\",\"itemListElement\":[{\"@type\":\"ListItem\",\"position\":1,\"name\":\"Home\",\"item\":\"https:\\\/\\\/www.accuratereviews.com\\\/it\\\/\"},{\"@type\":\"ListItem\",\"position\":2,\"name\":\"Editor PDF\",\"item\":\"https:\\\/\\\/www.accuratereviews.com\\\/it\\\/editor-pdf\\\/\"},{\"@type\":\"ListItem\",\"position\":3,\"name\":\"DocFly\"}]},{\"@type\":\"WebSite\",\"@id\":\"https:\\\/\\\/www.accuratereviews.com\\\/it\\\/#website\",\"url\":\"https:\\\/\\\/www.accuratereviews.com\\\/it\\\/\",\"name\":\"Accurate Reviews\",\"description\":\"\",\"potentialAction\":[{\"@type\":\"SearchAction\",\"target\":{\"@type\":\"EntryPoint\",\"urlTemplate\":\"https:\\\/\\\/www.accuratereviews.com\\\/it\\\/?s={search_term_string}\"},\"query-input\":{\"@type\":\"PropertyValueSpecification\",\"valueRequired\":true,\"valueName\":\"search_term_string\"}}],\"inLanguage\":\"it-IT\"}]}<\/script>\n<!-- \/ Yoast SEO plugin. -->","yoast_head_json":{"title":"DocFly: recensione editor PDF - Accurate Reviews","description":"DocFly: recensione editor PDF online che consente agli utenti di creare, convertire, modificare e proteggere PDF.","robots":{"index":"index","follow":"follow","max-snippet":"max-snippet:-1","max-image-preview":"max-image-preview:large","max-video-preview":"max-video-preview:-1"},"canonical":"https:\/\/www.accuratereviews.com\/it\/editor-pdf\/docfly-recensione\/","og_locale":"it_IT","og_type":"article","og_title":"DocFly: recensione editor PDF - Accurate Reviews","og_description":"DocFly: recensione editor PDF online che consente agli utenti di creare, convertire, modificare e proteggere PDF.","og_url":"https:\/\/www.accuratereviews.com\/it\/editor-pdf\/docfly-recensione\/","og_site_name":"Accurate Reviews","og_image":[{"width":225,"height":225,"url":"https:\/\/www.accuratereviews.com\/wp-content\/uploads\/2021\/07\/docfly.png","type":"image\/png"}],"twitter_card":"summary_large_image","twitter_misc":{"Tempo di lettura stimato":"3 minuti"},"schema":{"@context":"https:\/\/schema.org","@graph":[{"@type":"WebPage","@id":"https:\/\/www.accuratereviews.com\/it\/editor-pdf\/docfly-recensione\/","url":"https:\/\/www.accuratereviews.com\/it\/editor-pdf\/docfly-recensione\/","name":"DocFly: recensione editor PDF - Accurate Reviews","isPartOf":{"@id":"https:\/\/www.accuratereviews.com\/it\/#website"},"primaryImageOfPage":{"@id":"https:\/\/www.accuratereviews.com\/it\/editor-pdf\/docfly-recensione\/#primaryimage"},"image":{"@id":"https:\/\/www.accuratereviews.com\/it\/editor-pdf\/docfly-recensione\/#primaryimage"},"thumbnailUrl":"https:\/\/www.accuratereviews.com\/wp-content\/uploads\/2021\/07\/docfly.png","datePublished":"2021-07-21T07:51:55+00:00","description":"DocFly: recensione editor PDF online che consente agli utenti di creare, convertire, modificare e proteggere PDF.","breadcrumb":{"@id":"https:\/\/www.accuratereviews.com\/it\/editor-pdf\/docfly-recensione\/#breadcrumb"},"inLanguage":"it-IT","potentialAction":[{"@type":"ReadAction","target":["https:\/\/www.accuratereviews.com\/it\/editor-pdf\/docfly-recensione\/"]}]},{"@type":"ImageObject","inLanguage":"it-IT","@id":"https:\/\/www.accuratereviews.com\/it\/editor-pdf\/docfly-recensione\/#primaryimage","url":"https:\/\/www.accuratereviews.com\/wp-content\/uploads\/2021\/07\/docfly.png","contentUrl":"https:\/\/www.accuratereviews.com\/wp-content\/uploads\/2021\/07\/docfly.png","width":225,"height":225},{"@type":"BreadcrumbList","@id":"https:\/\/www.accuratereviews.com\/it\/editor-pdf\/docfly-recensione\/#breadcrumb","itemListElement":[{"@type":"ListItem","position":1,"name":"Home","item":"https:\/\/www.accuratereviews.com\/it\/"},{"@type":"ListItem","position":2,"name":"Editor PDF","item":"https:\/\/www.accuratereviews.com\/it\/editor-pdf\/"},{"@type":"ListItem","position":3,"name":"DocFly"}]},{"@type":"WebSite","@id":"https:\/\/www.accuratereviews.com\/it\/#website","url":"https:\/\/www.accuratereviews.com\/it\/","name":"Accurate Reviews","description":"","potentialAction":[{"@type":"SearchAction","target":{"@type":"EntryPoint","urlTemplate":"https:\/\/www.accuratereviews.com\/it\/?s={search_term_string}"},"query-input":{"@type":"PropertyValueSpecification","valueRequired":true,"valueName":"search_term_string"}}],"inLanguage":"it-IT"}]}},"_links":{"self":[{"href":"https:\/\/www.accuratereviews.com\/it\/wp-json\/wp\/v2\/pages\/45737","targetHints":{"allow":["GET"]}}],"collection":[{"href":"https:\/\/www.accuratereviews.com\/it\/wp-json\/wp\/v2\/pages"}],"about":[{"href":"https:\/\/www.accuratereviews.com\/it\/wp-json\/wp\/v2\/types\/page"}],"author":[{"embeddable":true,"href":"https:\/\/www.accuratereviews.com\/it\/wp-json\/wp\/v2\/users\/16"}],"replies":[{"embeddable":true,"href":"https:\/\/www.accuratereviews.com\/it\/wp-json\/wp\/v2\/comments?post=45737"}],"version-history":[{"count":5,"href":"https:\/\/www.accuratereviews.com\/it\/wp-json\/wp\/v2\/pages\/45737\/revisions"}],"predecessor-version":[{"id":45780,"href":"https:\/\/www.accuratereviews.com\/it\/wp-json\/wp\/v2\/pages\/45737\/revisions\/45780"}],"up":[{"embeddable":true,"href":"https:\/\/www.accuratereviews.com\/it\/wp-json\/wp\/v2\/pages\/45670"}],"wp:featuredmedia":[{"embeddable":true,"href":"https:\/\/www.accuratereviews.com\/it\/wp-json\/wp\/v2\/media\/45749"}],"wp:attachment":[{"href":"https:\/\/www.accuratereviews.com\/it\/wp-json\/wp\/v2\/media?parent=45737"}],"wp:term":[{"taxonomy":"category","embeddable":true,"href":"https:\/\/www.accuratereviews.com\/it\/wp-json\/wp\/v2\/categories?post=45737"},{"taxonomy":"post_tag","embeddable":true,"href":"https:\/\/www.accuratereviews.com\/it\/wp-json\/wp\/v2\/tags?post=45737"},{"taxonomy":"features","embeddable":true,"href":"https:\/\/www.accuratereviews.com\/it\/wp-json\/wp\/v2\/features?post=45737"}],"curies":[{"name":"wp","href":"https:\/\/api.w.org\/{rel}","templated":true}]}}