{"id":45740,"date":"2021-07-20T17:28:54","date_gmt":"2021-07-20T17:28:54","guid":{"rendered":"https:\/\/www.accuratereviews.com\/?page_id=45740"},"modified":"2021-07-20T17:28:54","modified_gmt":"2021-07-20T17:28:54","slug":"goformz-recensione","status":"publish","type":"page","link":"https:\/\/www.accuratereviews.com\/it\/editor-pdf\/goformz-recensione\/","title":{"rendered":"GoFormz"},"content":{"rendered":"<p><strong>GoFormz<\/strong> \u00e8 una <strong>soluzione di automazione dei moduli<\/strong> basata su <strong>cloud<\/strong> progettata per aiutare le aziende in una variet\u00e0 di settori verticali come agricoltura, energia, produzione, edilizia e ingegneria a creare, condividere e gestire moduli online personalizzati. Le organizzazioni possono utilizzare la logica condizionale per automatizzare i calcoli e nascondere o mostrare sezioni specifiche nei moduli. Il software dispone di un <strong>editor PDF<\/strong>\u00a0integrato con un&#8217;interfaccia <strong>drag-and-drop<\/strong>, che consente di creare moduli personalizzati con firme, immagini, tabelle e altri attributi. Le funzionalit\u00e0 includono la raccolta dati mobile, l&#8217;accesso offline, il trasferimento dei moduli, la scansione dei codici a barre, la conformit\u00e0 HIPAA, l&#8217;autenticazione Single Sign-On (SSO), i moduli pubblici, la collaborazione e altro ancora. Inoltre, i manager possono generare report per ottenere informazioni su tendenze, problemi e opportunit\u00e0 in tempo reale tramite analisi.<\/p>\n<h2>GOFORMZ &#8211; TUTORIAL<\/h2>\n<p>Questo <strong>editor PDF<\/strong> semplifica notevolmente la raccolta di informazioni da utenti di terze parti, aiutando il completamento di schede di autorizzazione, domande di lavoro e sondaggi sui clienti, nonch\u00e9 la raccolta di firme e informazioni:<\/p>\n<div id=\"fluid-wrapper-counter-1\" class=\"g1-fluid-wrapper \" style=\"width:686px;\">\n<div style=\"padding-bottom:56.268221574344%;\"><iframe loading=\"lazy\" title=\"GoFormz Public Forms: Easily Share Editable Forms With Users Outside Of Your GoFormz Account\" width=\"686\" height=\"386\" src=\"https:\/\/www.youtube.com\/embed\/RX-ohtHEqhQ?feature=oembed&amp;wmode=transparent&amp;autohide=1&amp;autoplay=0&amp;disablekb=0&amp;fs=1&amp;loop=0&amp;enablejsapi=1&amp;rel=0&amp;controls=2&amp;showinfo=0&amp;wmode=transparent&amp;autohide=2&amp;autoplay=0&amp;disablekb=0&amp;fs=1&amp;loop=0&amp;enablejsapi=1&amp;rel=0&amp;controls=2&amp;showinfo=1\" frameborder=\"0\" allow=\"accelerometer; autoplay; clipboard-write; encrypted-media; gyroscope; picture-in-picture\" allowfullscreen><\/iframe><\/div>\n<\/div>\n<h3>GOFORMZ &#8211; CARATTERISTICHE<\/h3>\n<ul>\n<li>Digitalizza i tuoi moduli esistenti<\/li>\n<li>Aggiungi i dati sulla posizione con mappe e GPS<\/li>\n<li>Cattura immagini e annotale sui tuoi moduli<\/li>\n<li>Scansiona codici a barre e codici QR<\/li>\n<li>Raccogli firme e schizzi veloci<\/li>\n<li>Rendi i campi obbligatori in modo dinamico<\/li>\n<li>Compila automaticamente i campi<\/li>\n<li>Rendi i campi e le pagine visibili o nascosti<\/li>\n<li>Analizza la tua attivit\u00e0 in tempo reale, con i report<\/li>\n<li>Esegui report completi sull&#8217;intera raccolta di dati e identifica tendenze, opportunit\u00e0 e ostacoli in tempo reale.<\/li>\n<li>I report possono abbracciare numerosi modelli di moduli mobili, consentendo agli utenti di aggregare approfondimenti interessanti sulla produttivit\u00e0 e sulle prestazioni delle loro operazioni.<\/li>\n<li>Automazioni di report flessibili e personalizzabili<\/li>\n<li>Invia e trasferisci istantaneamente i moduli al team giusto<\/li>\n<li>Assicurati che il tuo team sappia quando qualcosa \u00e8 pronto per la loro attenzione<\/li>\n<li>Usa la logica condizionale per sostituire le noiose attivit\u00e0 manuali<\/li>\n<li>Crea facilmente flussi di lavoro personalizzati per automatizzare le attivit\u00e0 quotidiane e semplificare il lavoro di squadra. Attiva istantaneamente la condivisione dinamica dei moduli, il caricamento su sistemi connessi e molto altro ancora.<\/li>\n<\/ul>\n<h4>LE RECENSIONI DEGLI UTENTI<\/h4>\n<p class=\"font-weight-bold mb-1 d-flex align-items-center\"><strong>Melissa P.&#8221;Operazioni multiple ottimizzate e semplificate&#8221;<\/strong><\/p>\n<p><strong>Commenti: <\/strong>Siamo davvero soddisfatti di GoFormz. Il servizio clienti ci \u00e8 stato di grande aiuto per mantenere in funzione una macchina ben oliata. Apprezziamo molto la nostra partnership GoFormz e non vediamo l&#8217;ora di utilizzare GoFormz per molti anni a venire.<\/p>\n<p><strong>Pro: <\/strong>Abbiamo davvero apprezzato il fatto che GoFormz ci abbia permesso di semplificare le attivit\u00e0 quotidiane e di creare flussi di lavoro che hanno eliminato la confusione dal punto A al punto B. Le informazioni sono state trasmesse da persona a persona con facilit\u00e0 e le attivit\u00e0 sono state completate in modo efficiente ogni volta. Ci ha anche permesso di creare una traccia cartacea per alcune attivit\u00e0 a cui non avevamo accesso facilmente prima.<\/p>\n<p><strong>Contro: <\/strong>La configurazione del modulo \u00e8 stata inizialmente un po&#8217; noiosa per noi, ma una volta che tutto \u00e8 stato configurato non abbiamo avuto problemi con questo servizio e abbiamo usato GoFormz per anni!<\/p>\n<p class=\"font-weight-bold mb-1 d-flex align-items-center\"><strong>Lisa B.&#8221;Un&#8217;ottima opzione per le aziende di servizi&#8221;<\/strong><\/p>\n<p><strong>Commenti: <\/strong>Go Formz ci aiuta a completare i rapporti sul campo per i nostri clienti. I risultati sono moduli professionali ed efficienti che possono essere inviati tramite email non appena completati. La configurazione \u00e8 stata semplice e il supporto \u00e8 sempre di facile accesso e riceviamo una risposta in circa un giorno. Il nostro account manager \u00e8 sempre molto disponibile.<\/p>\n<p><strong>Pro: <\/strong>Facile da usare e addestrare gli altri, pu\u00f2 utilizzare i propri modelli, facile da aggiornare.<\/p>\n<p><strong>Contro: <\/strong>L&#8217;app per Android era un po&#8217; difettosa all&#8217;inizio, ma \u00e8 migliorata molto.<\/p>\n<p class=\"font-weight-bold mb-1 d-flex align-items-center\"><strong>Angela F.&#8221;Estremamente soddisfatto di GoFormz&#8221;<\/strong><\/p>\n<p><strong>Commenti: <\/strong>Il nostro Account Manager \u00e8 stato estremamente utile con qualsiasi domanda che abbiamo avuto e mi piace che fornisca documentazione aggiuntiva, nuove funzionalit\u00e0 e altre informazioni in generale. Mi piace anche che &#8220;verifichi&#8221; con me per assicurarsi che stiamo utilizzando le funzionalit\u00e0 di GoFormz al massimo delle sue potenzialit\u00e0.<\/p>\n<p><strong>Pro: <\/strong>Configurare un modulo compilabile in GoFormz \u00e8 molto semplice. Ho risparmiato ore di ripetizione della digitazione degli stessi dati pi\u00f9 e pi\u00f9 volte. Inoltre, lavorando da casa, ricevo i miei moduli via email non appena il nostro stimatore fa clic su &#8220;completa&#8221;.<\/p>\n<p><strong>Contro: <\/strong>L&#8217;unica caratteristica che pensavo fosse un aspetto negativo in realt\u00e0 viene ora affrontata nella nuova piattaforma GoFormz per fornire l&#8217;accesso pubblico esterno ai nostri moduli. Non tutti i nostri clienti vogliono firmare sul nostro iPad aziendale o addirittura desiderano incontri faccia a faccia per cose come le stime. Con una videochiamata e GoFormz remoto, potrebbe essere una funzionalit\u00e0 di grande successo per noi. Oppure Account Manager \u00e8 stato molto utile nello spiegare i costi e le caratteristiche di questa nuova piattaforma. Sicuramente qualcosa che useremo nel prossimo futuro.<\/p>\n","protected":false},"excerpt":{"rendered":"<p>GoFormz \u00e8 una soluzione di automazione dei moduli basata su cloud progettata per aiutare le aziende in una variet\u00e0 di settori verticali come agricoltura, energia, produzione, edilizia e ingegneria a creare, condividere e gestire moduli online personalizzati. Le organizzazioni possono utilizzare la logica condizionale per automatizzare i calcoli e nascondere o mostrare sezioni specifiche nei moduli.<\/p>\n","protected":false},"author":16,"featured_media":45743,"parent":45670,"menu_order":0,"comment_status":"open","ping_status":"closed","template":"g1_template_page_review_new.php","meta":{"_acf_changed":false,"cwp_meta_box_check":"Yes","cwp_rev_product_name":"","cwp_rev_product_image":"","wppr_links":[],"cwp_rev_price":"","wppr_options":[],"wppr_pros":[],"wppr_cons":[],"_monsterinsights_skip_tracking":false,"_monsterinsights_sitenote_active":false,"_monsterinsights_sitenote_note":"","_monsterinsights_sitenote_category":0,"footnotes":""},"categories":[10728],"tags":[10727,10764,10731,10732,10730,10751],"features":[],"class_list":{"0":"post-45740","1":"page","2":"type-page","3":"status-publish","4":"has-post-thumbnail","6":"category-editor-pdf-cat","7":"tag-editor-pdf","8":"tag-goformz","9":"tag-piattaforma-editor-pdf","10":"tag-programma-editor-pdf","11":"tag-software-editor-pdf","12":"tag-soluzione-editor-pdf"},"wppr_data":{"cwp_meta_box_check":"Yes","cwp_rev_product_name":"","cwp_rev_product_image":"","cwp_image_link":"image","cwp_rev_price":"","wppr_rating":"0.00"},"acf":[],"yoast_head":"<!-- This site is optimized with the Yoast SEO plugin v27.4 - https:\/\/yoast.com\/product\/yoast-seo-wordpress\/ -->\n<title>GoFormz: recensione editor PDF - Accurate Reviews<\/title>\n<meta name=\"description\" content=\"GoFormz: recensione editor PDF basato su cloud progettato per aiutare le aziende in una variet\u00e0 di settori verticali.\" \/>\n<meta name=\"robots\" content=\"index, follow, max-snippet:-1, max-image-preview:large, max-video-preview:-1\" \/>\n<link rel=\"canonical\" href=\"https:\/\/www.accuratereviews.com\/it\/editor-pdf\/goformz-recensione\/\" \/>\n<meta property=\"og:locale\" content=\"it_IT\" \/>\n<meta property=\"og:type\" content=\"article\" \/>\n<meta property=\"og:title\" content=\"GoFormz: recensione editor PDF - Accurate Reviews\" \/>\n<meta property=\"og:description\" content=\"GoFormz: recensione editor PDF basato su cloud progettato per aiutare le aziende in una variet\u00e0 di settori verticali.\" \/>\n<meta property=\"og:url\" content=\"https:\/\/www.accuratereviews.com\/it\/editor-pdf\/goformz-recensione\/\" \/>\n<meta property=\"og:site_name\" content=\"Accurate Reviews\" \/>\n<meta property=\"og:image\" content=\"https:\/\/www.accuratereviews.com\/wp-content\/uploads\/2021\/07\/7tSAeBD1_400x400.jpg\" \/>\n\t<meta property=\"og:image:width\" content=\"400\" \/>\n\t<meta property=\"og:image:height\" content=\"400\" \/>\n\t<meta property=\"og:image:type\" content=\"image\/jpeg\" \/>\n<meta name=\"twitter:card\" content=\"summary_large_image\" \/>\n<meta name=\"twitter:label1\" content=\"Tempo di lettura stimato\" \/>\n\t<meta name=\"twitter:data1\" content=\"4 minuti\" \/>\n<script type=\"application\/ld+json\" class=\"yoast-schema-graph\">{\"@context\":\"https:\\\/\\\/schema.org\",\"@graph\":[{\"@type\":\"WebPage\",\"@id\":\"https:\\\/\\\/www.accuratereviews.com\\\/it\\\/editor-pdf\\\/goformz-recensione\\\/\",\"url\":\"https:\\\/\\\/www.accuratereviews.com\\\/it\\\/editor-pdf\\\/goformz-recensione\\\/\",\"name\":\"GoFormz: recensione editor PDF - Accurate Reviews\",\"isPartOf\":{\"@id\":\"https:\\\/\\\/www.accuratereviews.com\\\/it\\\/#website\"},\"primaryImageOfPage\":{\"@id\":\"https:\\\/\\\/www.accuratereviews.com\\\/it\\\/editor-pdf\\\/goformz-recensione\\\/#primaryimage\"},\"image\":{\"@id\":\"https:\\\/\\\/www.accuratereviews.com\\\/it\\\/editor-pdf\\\/goformz-recensione\\\/#primaryimage\"},\"thumbnailUrl\":\"https:\\\/\\\/www.accuratereviews.com\\\/wp-content\\\/uploads\\\/2021\\\/07\\\/7tSAeBD1_400x400.jpg\",\"datePublished\":\"2021-07-20T17:28:54+00:00\",\"description\":\"GoFormz: recensione editor PDF basato su cloud progettato per aiutare le aziende in una variet\u00e0 di settori verticali.\",\"breadcrumb\":{\"@id\":\"https:\\\/\\\/www.accuratereviews.com\\\/it\\\/editor-pdf\\\/goformz-recensione\\\/#breadcrumb\"},\"inLanguage\":\"it-IT\",\"potentialAction\":[{\"@type\":\"ReadAction\",\"target\":[\"https:\\\/\\\/www.accuratereviews.com\\\/it\\\/editor-pdf\\\/goformz-recensione\\\/\"]}]},{\"@type\":\"ImageObject\",\"inLanguage\":\"it-IT\",\"@id\":\"https:\\\/\\\/www.accuratereviews.com\\\/it\\\/editor-pdf\\\/goformz-recensione\\\/#primaryimage\",\"url\":\"https:\\\/\\\/www.accuratereviews.com\\\/wp-content\\\/uploads\\\/2021\\\/07\\\/7tSAeBD1_400x400.jpg\",\"contentUrl\":\"https:\\\/\\\/www.accuratereviews.com\\\/wp-content\\\/uploads\\\/2021\\\/07\\\/7tSAeBD1_400x400.jpg\",\"width\":400,\"height\":400},{\"@type\":\"BreadcrumbList\",\"@id\":\"https:\\\/\\\/www.accuratereviews.com\\\/it\\\/editor-pdf\\\/goformz-recensione\\\/#breadcrumb\",\"itemListElement\":[{\"@type\":\"ListItem\",\"position\":1,\"name\":\"Home\",\"item\":\"https:\\\/\\\/www.accuratereviews.com\\\/it\\\/\"},{\"@type\":\"ListItem\",\"position\":2,\"name\":\"Editor PDF\",\"item\":\"https:\\\/\\\/www.accuratereviews.com\\\/it\\\/editor-pdf\\\/\"},{\"@type\":\"ListItem\",\"position\":3,\"name\":\"GoFormz\"}]},{\"@type\":\"WebSite\",\"@id\":\"https:\\\/\\\/www.accuratereviews.com\\\/it\\\/#website\",\"url\":\"https:\\\/\\\/www.accuratereviews.com\\\/it\\\/\",\"name\":\"Accurate Reviews\",\"description\":\"\",\"potentialAction\":[{\"@type\":\"SearchAction\",\"target\":{\"@type\":\"EntryPoint\",\"urlTemplate\":\"https:\\\/\\\/www.accuratereviews.com\\\/it\\\/?s={search_term_string}\"},\"query-input\":{\"@type\":\"PropertyValueSpecification\",\"valueRequired\":true,\"valueName\":\"search_term_string\"}}],\"inLanguage\":\"it-IT\"}]}<\/script>\n<!-- \/ Yoast SEO plugin. -->","yoast_head_json":{"title":"GoFormz: recensione editor PDF - Accurate Reviews","description":"GoFormz: recensione editor PDF basato su cloud progettato per aiutare le aziende in una variet\u00e0 di settori verticali.","robots":{"index":"index","follow":"follow","max-snippet":"max-snippet:-1","max-image-preview":"max-image-preview:large","max-video-preview":"max-video-preview:-1"},"canonical":"https:\/\/www.accuratereviews.com\/it\/editor-pdf\/goformz-recensione\/","og_locale":"it_IT","og_type":"article","og_title":"GoFormz: recensione editor PDF - Accurate Reviews","og_description":"GoFormz: recensione editor PDF basato su cloud progettato per aiutare le aziende in una variet\u00e0 di settori verticali.","og_url":"https:\/\/www.accuratereviews.com\/it\/editor-pdf\/goformz-recensione\/","og_site_name":"Accurate Reviews","og_image":[{"width":400,"height":400,"url":"https:\/\/www.accuratereviews.com\/wp-content\/uploads\/2021\/07\/7tSAeBD1_400x400.jpg","type":"image\/jpeg"}],"twitter_card":"summary_large_image","twitter_misc":{"Tempo di lettura stimato":"4 minuti"},"schema":{"@context":"https:\/\/schema.org","@graph":[{"@type":"WebPage","@id":"https:\/\/www.accuratereviews.com\/it\/editor-pdf\/goformz-recensione\/","url":"https:\/\/www.accuratereviews.com\/it\/editor-pdf\/goformz-recensione\/","name":"GoFormz: recensione editor PDF - Accurate Reviews","isPartOf":{"@id":"https:\/\/www.accuratereviews.com\/it\/#website"},"primaryImageOfPage":{"@id":"https:\/\/www.accuratereviews.com\/it\/editor-pdf\/goformz-recensione\/#primaryimage"},"image":{"@id":"https:\/\/www.accuratereviews.com\/it\/editor-pdf\/goformz-recensione\/#primaryimage"},"thumbnailUrl":"https:\/\/www.accuratereviews.com\/wp-content\/uploads\/2021\/07\/7tSAeBD1_400x400.jpg","datePublished":"2021-07-20T17:28:54+00:00","description":"GoFormz: recensione editor PDF basato su cloud progettato per aiutare le aziende in una variet\u00e0 di settori verticali.","breadcrumb":{"@id":"https:\/\/www.accuratereviews.com\/it\/editor-pdf\/goformz-recensione\/#breadcrumb"},"inLanguage":"it-IT","potentialAction":[{"@type":"ReadAction","target":["https:\/\/www.accuratereviews.com\/it\/editor-pdf\/goformz-recensione\/"]}]},{"@type":"ImageObject","inLanguage":"it-IT","@id":"https:\/\/www.accuratereviews.com\/it\/editor-pdf\/goformz-recensione\/#primaryimage","url":"https:\/\/www.accuratereviews.com\/wp-content\/uploads\/2021\/07\/7tSAeBD1_400x400.jpg","contentUrl":"https:\/\/www.accuratereviews.com\/wp-content\/uploads\/2021\/07\/7tSAeBD1_400x400.jpg","width":400,"height":400},{"@type":"BreadcrumbList","@id":"https:\/\/www.accuratereviews.com\/it\/editor-pdf\/goformz-recensione\/#breadcrumb","itemListElement":[{"@type":"ListItem","position":1,"name":"Home","item":"https:\/\/www.accuratereviews.com\/it\/"},{"@type":"ListItem","position":2,"name":"Editor PDF","item":"https:\/\/www.accuratereviews.com\/it\/editor-pdf\/"},{"@type":"ListItem","position":3,"name":"GoFormz"}]},{"@type":"WebSite","@id":"https:\/\/www.accuratereviews.com\/it\/#website","url":"https:\/\/www.accuratereviews.com\/it\/","name":"Accurate Reviews","description":"","potentialAction":[{"@type":"SearchAction","target":{"@type":"EntryPoint","urlTemplate":"https:\/\/www.accuratereviews.com\/it\/?s={search_term_string}"},"query-input":{"@type":"PropertyValueSpecification","valueRequired":true,"valueName":"search_term_string"}}],"inLanguage":"it-IT"}]}},"_links":{"self":[{"href":"https:\/\/www.accuratereviews.com\/it\/wp-json\/wp\/v2\/pages\/45740","targetHints":{"allow":["GET"]}}],"collection":[{"href":"https:\/\/www.accuratereviews.com\/it\/wp-json\/wp\/v2\/pages"}],"about":[{"href":"https:\/\/www.accuratereviews.com\/it\/wp-json\/wp\/v2\/types\/page"}],"author":[{"embeddable":true,"href":"https:\/\/www.accuratereviews.com\/it\/wp-json\/wp\/v2\/users\/16"}],"replies":[{"embeddable":true,"href":"https:\/\/www.accuratereviews.com\/it\/wp-json\/wp\/v2\/comments?post=45740"}],"version-history":[{"count":6,"href":"https:\/\/www.accuratereviews.com\/it\/wp-json\/wp\/v2\/pages\/45740\/revisions"}],"predecessor-version":[{"id":45779,"href":"https:\/\/www.accuratereviews.com\/it\/wp-json\/wp\/v2\/pages\/45740\/revisions\/45779"}],"up":[{"embeddable":true,"href":"https:\/\/www.accuratereviews.com\/it\/wp-json\/wp\/v2\/pages\/45670"}],"wp:featuredmedia":[{"embeddable":true,"href":"https:\/\/www.accuratereviews.com\/it\/wp-json\/wp\/v2\/media\/45743"}],"wp:attachment":[{"href":"https:\/\/www.accuratereviews.com\/it\/wp-json\/wp\/v2\/media?parent=45740"}],"wp:term":[{"taxonomy":"category","embeddable":true,"href":"https:\/\/www.accuratereviews.com\/it\/wp-json\/wp\/v2\/categories?post=45740"},{"taxonomy":"post_tag","embeddable":true,"href":"https:\/\/www.accuratereviews.com\/it\/wp-json\/wp\/v2\/tags?post=45740"},{"taxonomy":"features","embeddable":true,"href":"https:\/\/www.accuratereviews.com\/it\/wp-json\/wp\/v2\/features?post=45740"}],"curies":[{"name":"wp","href":"https:\/\/api.w.org\/{rel}","templated":true}]}}