{"id":45789,"date":"2021-07-21T16:46:43","date_gmt":"2021-07-21T16:46:43","guid":{"rendered":"https:\/\/www.accuratereviews.com\/?page_id=45789"},"modified":"2021-07-21T16:46:43","modified_gmt":"2021-07-21T16:46:43","slug":"soda-pdf-recensione","status":"publish","type":"page","link":"https:\/\/www.accuratereviews.com\/it\/editor-pdf\/soda-pdf-recensione\/","title":{"rendered":"Soda PDF"},"content":{"rendered":"<p><strong>Soda PDF<\/strong>\u00a0offre agli utenti una <strong>soluzione PDF<\/strong> desktop e online con una variet\u00e0 di utili strumenti PDF. La versione online ti consente di utilizzare le funzionalit\u00e0 su qualsiasi browser web, su qualsiasi dispositivo, mentre la versione desktop ti consente di scaricare l&#8217;applicazione e lavorare sui tuoi file offline. Puoi creare, convertire, modificare, unire, dividere, rivedere, proteggere e firmare i tuoi PDF sul tuo computer, tablet o smartphone.\u00a0Questo servizio online ti offre anche le comode opzioni per archiviare i tuoi file originali e convertiti nel cloud e condividere i tuoi documenti con altri via e-mail. Come tutti i prodotti Soda PDF, questi strumenti online sono stati sviluppati per essere il pi\u00f9 semplici possibile, fornendo comunque risultati rapidi e accurati.. Se hai bisogno di aiuto con l&#8217;applicazione, puoi contattare gli agenti dell&#8217;assistenza clienti tramite telefono, email o live chat.<\/p>\n<h2>SODA PDF &#8211; TUTORIAL<\/h2>\n<p>Guardiamo insieme il tutorial di questo<strong> editor PDF<\/strong>:<\/p>\n<div id=\"fluid-wrapper-counter-1\" class=\"g1-fluid-wrapper \" style=\"width:686px;\">\n<div style=\"padding-bottom:56.268221574344%;\"><iframe loading=\"lazy\" title=\"Creating PDFs with Soda PDF 8\" width=\"686\" height=\"386\" src=\"https:\/\/www.youtube.com\/embed\/swWZGJtiNWY?feature=oembed&amp;wmode=transparent&amp;autohide=1&amp;autoplay=0&amp;disablekb=0&amp;fs=1&amp;loop=0&amp;enablejsapi=1&amp;rel=0&amp;controls=2&amp;showinfo=0&amp;wmode=transparent&amp;autohide=2&amp;autoplay=0&amp;disablekb=0&amp;fs=1&amp;loop=0&amp;enablejsapi=1&amp;rel=0&amp;controls=2&amp;showinfo=1\" frameborder=\"0\" allow=\"accelerometer; autoplay; clipboard-write; encrypted-media; gyroscope; picture-in-picture\" allowfullscreen><\/iframe><\/div>\n<\/div>\n<h3>SODA PDF &#8211; CARATTERISTICHE<\/h3>\n<ul>\n<li><strong>Firma elettronicamente la linea tratteggiata<\/strong>: risparmia tempo firmando contratti con la tua firma elettronica legalmente vincolante. La tecnologia E-Sign consente la firma a distanza, ideale per i momenti in cui i firmatari non possono stare sotto lo stesso tetto contemporaneamente. Con E-Sign, chiunque pu\u00f2 firmare o inizializzare documenti da qualsiasi dispositivo, online o offline.<\/li>\n<li><strong>Risparmia carta ed evita di stampare<\/strong>: gestisci pi\u00f9 firmatari con facilit\u00e0 tenendo sotto controllo il processo di firma in tempo reale senza stampare. Con E-Sign, puoi personalizzare i tuoi pacchetti di documenti determinando e gestendo l&#8217;ordine di firma direttamente all&#8217;interno dell&#8217;applicazione.<\/li>\n<li><strong>Raccogli firme da qualsiasi luogo<\/strong>: tieni d&#8217;occhio il processo di firma da qualsiasi luogo. Tieni traccia dello stato delle firme o imposta promemoria per i firmatari direttamente nella tua casella di posta. Inoltre, i tuoi destinatari possono firmare elettronicamente i documenti via email,<\/li>\n<li><strong>Funzionalit\u00e0 di modifica complete:<\/strong> ottieni il pieno controllo della modifica su qualsiasi PDF. Modifica facilmente il carattere, il testo o il layout dei documenti. Il software ti d\u00e0 la possibilit\u00e0 di aggiungere o rimuovere pagine, collegamenti, immagini e paragrafi nei PDF per renderli completamente personalizzabili in base alle tue esigenze.<\/li>\n<li><strong>Nessuna etichettatrice necessaria<\/strong>: indicizza i documenti legali ed elabora i file pi\u00f9 velocemente. Elimina, estrai, ruota e riordina le pagine. Aggiungi filigrane, intestazioni e pi\u00e8 di pagina, numeri di pagina e usa il nostro Ba<\/li>\n<li><strong>Crea PDF da qualsiasi file:<\/strong> crea il tuo PDF da uno spazio vuoto, da uno scanner, da un URL o da una serie di tipi di file, incluso Microsoft Office (Word, Excel e PowerPoint).<\/li>\n<li><strong>Cambia il formato del file, non il suo contenuto:<\/strong>\u00a0semplifica la conversione dei file. Apri un tipo di file supportato per convertire automaticamente il documento in un PDF. Oppure esporta il tuo PDF in un altro formato di file come Word, Excel, PowerPoint o come immagine.<\/li>\n<li><strong>File che si uniscono, restano insieme<\/strong>: combina report, analisi e altre informazioni in un unico documento centralizzato. Unisci vari tipi di file come file o immagini di Microsoft Office in un unico PDF per creare presentazioni straordinarie in pochi secondi.<\/li>\n<\/ul>\n<h4>LE RECENSIONI DEGLI UTENTI<\/h4>\n<p><strong>Jhon D.&#8221;Ottime caratteristiche per il prezzo&#8221;<\/strong><\/p>\n<p><strong>Commenti: <\/strong>Offre alle persone un&#8217;opzione pi\u00f9 intuitiva per i pdf e c&#8217;\u00e8 una versione gratuita che le persone possono provare facilmente prima di acquistare quella completa.<\/p>\n<p><strong>Pro: <\/strong>Ha tutte le funzionalit\u00e0 di cui hai bisogno per creare PDF. \u00c8 davvero intuitivo, penso pi\u00f9 intuitivo del suo principale concorrente.<\/p>\n<p><strong>Contro: <\/strong>Anche dopo aver acquistato l&#8217;aggiornamento completo, continuano a infastidirti per spendere di pi\u00f9 e aggiornare. OK, ho capito, vuoi vendermi pi\u00f9 prodotto. Ma ho dovuto disattivare le notifiche pi\u00f9 volte ed \u00e8 stato un mal di testa.<\/p>\n<p class=\"font-weight-bold mb-1 d-flex align-items-center\"><strong>Wendy W.&#8221;Soda PDF &#8212; Modo intuitivo e facile da usare per creare e modificare documenti PDF&#8221;<\/strong><\/p>\n<p><strong>Commenti: <\/strong>Complessivamente? Eccellente! Questo \u00e8 un modo MOLTO intuitivo per creare e convertire PDF, modificare\/compilare un PDF, firmare un PDF con una firma creata e quindi consegnare\/scaricare\/condividere. Se per qualche motivo ho bisogno di chiedere a un collega di rivedere un documento, la funzione di revisione\/commento \u00e8 ottima per ottenere facilmente feedback sul documento. Non usiamo questa funzione cos\u00ec spesso, ma \u00e8 bello avere nelle funzioni disponibili.<\/p>\n<p><strong>Pro: <\/strong>\u00c8 facile da usare con poca o nessuna formazione formale &#8211; molto intuitivo. Mi piace che converta i documenti in PDF, PDF in MSWord o altri tipi di file e mi permetta di caricare un documento per l&#8217;accesso al riempimento PDF. Penso che i moduli siano pi\u00f9 professionali quando vengono digitati invece di essere scritti a mano, sicuramente pi\u00f9 puliti e ordinati! Usiamo SODA per caricare i moduli che ci vengono inviati, quindi compilarli tramite il compilatore PDF. Adoro quanto sia facile utilizzare SODA tramite Mac\/PC, tablet e telefoni. Anche quando io e il mio staff siamo fuori dall&#8217;ufficio, a casa o in viaggio, possiamo accedere a SODA per garantire che il nostro lavoro continui senza problemi. I PDF creati possono essere salvati su Cloud, Desktop o anche inviati per e-mail. Adoro questo software\/app!<\/p>\n<p><strong>Contro: <\/strong>La mia unica piccola lamentela \u00e8 che pu\u00f2 essere difficile individuare un file una volta completato. Questo \u00e8 probabilmente un problema su di me invece di SODA. Abbiamo scaricato il software\/app e stiamo imparando man mano. Forse un po&#8217; di formazione da parte nostra renderebbe pi\u00f9 facile l&#8217;archiviazione.<\/p>\n<p class=\"font-weight-bold mb-1 d-flex align-items-center\"><strong>Dee L. &#8220;Caotico&#8221;<\/strong><\/p>\n<p><strong>Pro: <\/strong>Tutte le versioni precedenti erano fantastiche. Grandi caratteristiche<\/p>\n<p><strong>Contro: <\/strong>La versione 12 \u00e8 orribile, completamente rifatta non funzionante. Dopo aver scansionato una pagina e averla allegata a un&#8217;e-mail, la apro per la revisione e ricevo un messaggio di errore che dice &#8220;Il sistema non riesce a trovare il file specificato&#8221; Non ho mai avuto questo problema prima. Ho provato a contattare il servizio e non ho mai ricevuto risposta da nessuno<\/p>\n","protected":false},"excerpt":{"rendered":"<p>Soda PDF\u00a0offre agli utenti una soluzione PDF desktop e online con una variet\u00e0 di utili strumenti PDF. La versione online ti consente di utilizzare le funzionalit\u00e0 su qualsiasi browser web, su qualsiasi dispositivo, mentre la versione desktop ti consente di scaricare l&#8217;applicazione e lavorare sui tuoi file offline. Puoi creare, convertire, modificare, unire, dividere, rivedere, proteggere e firmare i tuoi PDF sul tuo computer, tablet o smartphone.\u00a0<\/p>\n","protected":false},"author":16,"featured_media":45810,"parent":45670,"menu_order":0,"comment_status":"open","ping_status":"closed","template":"g1_template_page_review_new.php","meta":{"_acf_changed":false,"cwp_meta_box_check":"Yes","cwp_rev_product_name":"","cwp_rev_product_image":"","wppr_links":[],"cwp_rev_price":"","wppr_options":[],"wppr_pros":[],"wppr_cons":[],"_monsterinsights_skip_tracking":false,"_monsterinsights_sitenote_active":false,"_monsterinsights_sitenote_note":"","_monsterinsights_sitenote_category":0,"footnotes":""},"categories":[10728],"tags":[590,10727,10731,10732,10772,10730,10751],"features":[],"class_list":{"0":"post-45789","1":"page","2":"type-page","3":"status-publish","4":"has-post-thumbnail","6":"category-editor-pdf-cat","7":"tag-convertitore","8":"tag-editor-pdf","9":"tag-piattaforma-editor-pdf","10":"tag-programma-editor-pdf","11":"tag-soda-pdf","12":"tag-software-editor-pdf","13":"tag-soluzione-editor-pdf"},"wppr_data":{"cwp_meta_box_check":"Yes","cwp_rev_product_name":"","cwp_rev_product_image":"","cwp_image_link":"image","cwp_rev_price":"","wppr_rating":"0.00"},"acf":[],"yoast_head":"<!-- This site is optimized with the Yoast SEO plugin v27.4 - https:\/\/yoast.com\/product\/yoast-seo-wordpress\/ -->\n<title>Soda PDF: recensione editor PDF - Accurate Reviews<\/title>\n<meta name=\"description\" content=\"Soda PDF: recensione\u00a0soluzione editor PDF per creare, convertire, modificare, unire, dividere, rivedere, proteggere e firmare i tuoi PDF.\" \/>\n<meta name=\"robots\" content=\"index, follow, max-snippet:-1, max-image-preview:large, max-video-preview:-1\" \/>\n<link rel=\"canonical\" href=\"https:\/\/www.accuratereviews.com\/it\/editor-pdf\/soda-pdf-recensione\/\" \/>\n<meta property=\"og:locale\" content=\"it_IT\" \/>\n<meta property=\"og:type\" content=\"article\" \/>\n<meta property=\"og:title\" content=\"Soda PDF: recensione editor PDF - Accurate Reviews\" \/>\n<meta property=\"og:description\" content=\"Soda PDF: recensione\u00a0soluzione editor PDF per creare, convertire, modificare, unire, dividere, rivedere, proteggere e firmare i tuoi PDF.\" \/>\n<meta property=\"og:url\" content=\"https:\/\/www.accuratereviews.com\/it\/editor-pdf\/soda-pdf-recensione\/\" \/>\n<meta property=\"og:site_name\" content=\"Accurate Reviews\" \/>\n<meta property=\"og:image\" content=\"https:\/\/www.accuratereviews.com\/wp-content\/uploads\/2021\/07\/soda-pdf-logo-200x200-1.png\" \/>\n\t<meta property=\"og:image:width\" content=\"200\" \/>\n\t<meta property=\"og:image:height\" content=\"200\" \/>\n\t<meta property=\"og:image:type\" content=\"image\/png\" \/>\n<meta name=\"twitter:card\" content=\"summary_large_image\" \/>\n<meta name=\"twitter:label1\" content=\"Tempo di lettura stimato\" \/>\n\t<meta name=\"twitter:data1\" content=\"5 minuti\" \/>\n<script type=\"application\/ld+json\" class=\"yoast-schema-graph\">{\"@context\":\"https:\\\/\\\/schema.org\",\"@graph\":[{\"@type\":\"WebPage\",\"@id\":\"https:\\\/\\\/www.accuratereviews.com\\\/it\\\/editor-pdf\\\/soda-pdf-recensione\\\/\",\"url\":\"https:\\\/\\\/www.accuratereviews.com\\\/it\\\/editor-pdf\\\/soda-pdf-recensione\\\/\",\"name\":\"Soda PDF: recensione editor PDF - Accurate Reviews\",\"isPartOf\":{\"@id\":\"https:\\\/\\\/www.accuratereviews.com\\\/it\\\/#website\"},\"primaryImageOfPage\":{\"@id\":\"https:\\\/\\\/www.accuratereviews.com\\\/it\\\/editor-pdf\\\/soda-pdf-recensione\\\/#primaryimage\"},\"image\":{\"@id\":\"https:\\\/\\\/www.accuratereviews.com\\\/it\\\/editor-pdf\\\/soda-pdf-recensione\\\/#primaryimage\"},\"thumbnailUrl\":\"https:\\\/\\\/www.accuratereviews.com\\\/wp-content\\\/uploads\\\/2021\\\/07\\\/soda-pdf-logo-200x200-1.png\",\"datePublished\":\"2021-07-21T16:46:43+00:00\",\"description\":\"Soda PDF: recensione\u00a0soluzione editor PDF per creare, convertire, modificare, unire, dividere, rivedere, proteggere e firmare i tuoi PDF.\",\"breadcrumb\":{\"@id\":\"https:\\\/\\\/www.accuratereviews.com\\\/it\\\/editor-pdf\\\/soda-pdf-recensione\\\/#breadcrumb\"},\"inLanguage\":\"it-IT\",\"potentialAction\":[{\"@type\":\"ReadAction\",\"target\":[\"https:\\\/\\\/www.accuratereviews.com\\\/it\\\/editor-pdf\\\/soda-pdf-recensione\\\/\"]}]},{\"@type\":\"ImageObject\",\"inLanguage\":\"it-IT\",\"@id\":\"https:\\\/\\\/www.accuratereviews.com\\\/it\\\/editor-pdf\\\/soda-pdf-recensione\\\/#primaryimage\",\"url\":\"https:\\\/\\\/www.accuratereviews.com\\\/wp-content\\\/uploads\\\/2021\\\/07\\\/soda-pdf-logo-200x200-1.png\",\"contentUrl\":\"https:\\\/\\\/www.accuratereviews.com\\\/wp-content\\\/uploads\\\/2021\\\/07\\\/soda-pdf-logo-200x200-1.png\",\"width\":200,\"height\":200},{\"@type\":\"BreadcrumbList\",\"@id\":\"https:\\\/\\\/www.accuratereviews.com\\\/it\\\/editor-pdf\\\/soda-pdf-recensione\\\/#breadcrumb\",\"itemListElement\":[{\"@type\":\"ListItem\",\"position\":1,\"name\":\"Home\",\"item\":\"https:\\\/\\\/www.accuratereviews.com\\\/it\\\/\"},{\"@type\":\"ListItem\",\"position\":2,\"name\":\"Editor PDF\",\"item\":\"https:\\\/\\\/www.accuratereviews.com\\\/it\\\/editor-pdf\\\/\"},{\"@type\":\"ListItem\",\"position\":3,\"name\":\"Soda PDF\"}]},{\"@type\":\"WebSite\",\"@id\":\"https:\\\/\\\/www.accuratereviews.com\\\/it\\\/#website\",\"url\":\"https:\\\/\\\/www.accuratereviews.com\\\/it\\\/\",\"name\":\"Accurate Reviews\",\"description\":\"\",\"potentialAction\":[{\"@type\":\"SearchAction\",\"target\":{\"@type\":\"EntryPoint\",\"urlTemplate\":\"https:\\\/\\\/www.accuratereviews.com\\\/it\\\/?s={search_term_string}\"},\"query-input\":{\"@type\":\"PropertyValueSpecification\",\"valueRequired\":true,\"valueName\":\"search_term_string\"}}],\"inLanguage\":\"it-IT\"}]}<\/script>\n<!-- \/ Yoast SEO plugin. -->","yoast_head_json":{"title":"Soda PDF: recensione editor PDF - Accurate Reviews","description":"Soda PDF: recensione\u00a0soluzione editor PDF per creare, convertire, modificare, unire, dividere, rivedere, proteggere e firmare i tuoi PDF.","robots":{"index":"index","follow":"follow","max-snippet":"max-snippet:-1","max-image-preview":"max-image-preview:large","max-video-preview":"max-video-preview:-1"},"canonical":"https:\/\/www.accuratereviews.com\/it\/editor-pdf\/soda-pdf-recensione\/","og_locale":"it_IT","og_type":"article","og_title":"Soda PDF: recensione editor PDF - Accurate Reviews","og_description":"Soda PDF: recensione\u00a0soluzione editor PDF per creare, convertire, modificare, unire, dividere, rivedere, proteggere e firmare i tuoi PDF.","og_url":"https:\/\/www.accuratereviews.com\/it\/editor-pdf\/soda-pdf-recensione\/","og_site_name":"Accurate Reviews","og_image":[{"width":200,"height":200,"url":"https:\/\/www.accuratereviews.com\/wp-content\/uploads\/2021\/07\/soda-pdf-logo-200x200-1.png","type":"image\/png"}],"twitter_card":"summary_large_image","twitter_misc":{"Tempo di lettura stimato":"5 minuti"},"schema":{"@context":"https:\/\/schema.org","@graph":[{"@type":"WebPage","@id":"https:\/\/www.accuratereviews.com\/it\/editor-pdf\/soda-pdf-recensione\/","url":"https:\/\/www.accuratereviews.com\/it\/editor-pdf\/soda-pdf-recensione\/","name":"Soda PDF: recensione editor PDF - Accurate Reviews","isPartOf":{"@id":"https:\/\/www.accuratereviews.com\/it\/#website"},"primaryImageOfPage":{"@id":"https:\/\/www.accuratereviews.com\/it\/editor-pdf\/soda-pdf-recensione\/#primaryimage"},"image":{"@id":"https:\/\/www.accuratereviews.com\/it\/editor-pdf\/soda-pdf-recensione\/#primaryimage"},"thumbnailUrl":"https:\/\/www.accuratereviews.com\/wp-content\/uploads\/2021\/07\/soda-pdf-logo-200x200-1.png","datePublished":"2021-07-21T16:46:43+00:00","description":"Soda PDF: recensione\u00a0soluzione editor PDF per creare, convertire, modificare, unire, dividere, rivedere, proteggere e firmare i tuoi PDF.","breadcrumb":{"@id":"https:\/\/www.accuratereviews.com\/it\/editor-pdf\/soda-pdf-recensione\/#breadcrumb"},"inLanguage":"it-IT","potentialAction":[{"@type":"ReadAction","target":["https:\/\/www.accuratereviews.com\/it\/editor-pdf\/soda-pdf-recensione\/"]}]},{"@type":"ImageObject","inLanguage":"it-IT","@id":"https:\/\/www.accuratereviews.com\/it\/editor-pdf\/soda-pdf-recensione\/#primaryimage","url":"https:\/\/www.accuratereviews.com\/wp-content\/uploads\/2021\/07\/soda-pdf-logo-200x200-1.png","contentUrl":"https:\/\/www.accuratereviews.com\/wp-content\/uploads\/2021\/07\/soda-pdf-logo-200x200-1.png","width":200,"height":200},{"@type":"BreadcrumbList","@id":"https:\/\/www.accuratereviews.com\/it\/editor-pdf\/soda-pdf-recensione\/#breadcrumb","itemListElement":[{"@type":"ListItem","position":1,"name":"Home","item":"https:\/\/www.accuratereviews.com\/it\/"},{"@type":"ListItem","position":2,"name":"Editor PDF","item":"https:\/\/www.accuratereviews.com\/it\/editor-pdf\/"},{"@type":"ListItem","position":3,"name":"Soda PDF"}]},{"@type":"WebSite","@id":"https:\/\/www.accuratereviews.com\/it\/#website","url":"https:\/\/www.accuratereviews.com\/it\/","name":"Accurate Reviews","description":"","potentialAction":[{"@type":"SearchAction","target":{"@type":"EntryPoint","urlTemplate":"https:\/\/www.accuratereviews.com\/it\/?s={search_term_string}"},"query-input":{"@type":"PropertyValueSpecification","valueRequired":true,"valueName":"search_term_string"}}],"inLanguage":"it-IT"}]}},"_links":{"self":[{"href":"https:\/\/www.accuratereviews.com\/it\/wp-json\/wp\/v2\/pages\/45789","targetHints":{"allow":["GET"]}}],"collection":[{"href":"https:\/\/www.accuratereviews.com\/it\/wp-json\/wp\/v2\/pages"}],"about":[{"href":"https:\/\/www.accuratereviews.com\/it\/wp-json\/wp\/v2\/types\/page"}],"author":[{"embeddable":true,"href":"https:\/\/www.accuratereviews.com\/it\/wp-json\/wp\/v2\/users\/16"}],"replies":[{"embeddable":true,"href":"https:\/\/www.accuratereviews.com\/it\/wp-json\/wp\/v2\/comments?post=45789"}],"version-history":[{"count":6,"href":"https:\/\/www.accuratereviews.com\/it\/wp-json\/wp\/v2\/pages\/45789\/revisions"}],"predecessor-version":[{"id":45826,"href":"https:\/\/www.accuratereviews.com\/it\/wp-json\/wp\/v2\/pages\/45789\/revisions\/45826"}],"up":[{"embeddable":true,"href":"https:\/\/www.accuratereviews.com\/it\/wp-json\/wp\/v2\/pages\/45670"}],"wp:featuredmedia":[{"embeddable":true,"href":"https:\/\/www.accuratereviews.com\/it\/wp-json\/wp\/v2\/media\/45810"}],"wp:attachment":[{"href":"https:\/\/www.accuratereviews.com\/it\/wp-json\/wp\/v2\/media?parent=45789"}],"wp:term":[{"taxonomy":"category","embeddable":true,"href":"https:\/\/www.accuratereviews.com\/it\/wp-json\/wp\/v2\/categories?post=45789"},{"taxonomy":"post_tag","embeddable":true,"href":"https:\/\/www.accuratereviews.com\/it\/wp-json\/wp\/v2\/tags?post=45789"},{"taxonomy":"features","embeddable":true,"href":"https:\/\/www.accuratereviews.com\/it\/wp-json\/wp\/v2\/features?post=45789"}],"curies":[{"name":"wp","href":"https:\/\/api.w.org\/{rel}","templated":true}]}}