{"id":45791,"date":"2021-07-21T16:39:22","date_gmt":"2021-07-21T16:39:22","guid":{"rendered":"https:\/\/www.accuratereviews.com\/?page_id=45791"},"modified":"2021-07-21T16:39:44","modified_gmt":"2021-07-21T16:39:44","slug":"able2extract-professional-recensione","status":"publish","type":"page","link":"https:\/\/www.accuratereviews.com\/it\/editor-pdf\/able2extract-professional-recensione\/","title":{"rendered":"Able2Extract Professional"},"content":{"rendered":"<p><strong>Able2Extract Professional<\/strong> \u00e8 uno <strong>strumento PDF<\/strong> <strong>Converter ed Editor<\/strong> che trasforma documenti PDF e immagini nativi e scansionati in altri formati, inclusi Word, CSV, Excel, PowerPoint, OpenOffice e AutoCAD per citarne alcuni. La soluzione ti consente di firmare PDF elettronicamente e digitalmente e di convalidare le firme digitali istantaneamente.\u00a0Contrassegnato come uno dei prodotti di conversione PDF pi\u00f9 potenti oggi sul mercato, <strong>Able2Extract Professional<\/strong> utilizza tecnologie che consentono di convertire PDF in vari formati mantenendo l&#8217;integrit\u00e0 del file o del documento. Pu\u00f2 convertire PDF in AutoCAD e mantenere tutti i livelli di informazioni.\u00a0Il software \u00e8 dotato delle funzionalit\u00e0 OCR leader del settore, che permette agli utenti di convertire qualsiasi immagine PDF senza problemi di integrit\u00e0 o perdita di dati.<\/p>\n<h2>ABLE2EXTRACT PROFESSIONAL &#8211; TUTORIAL<\/h2>\n<p>Ecco un tutorial con sottotitoli in italiano che mostra come convertire un documento con questo<strong> editor PDF:<\/strong><\/p>\n<div id=\"fluid-wrapper-counter-1\" class=\"g1-fluid-wrapper \" style=\"width:686px;\">\n<div style=\"padding-bottom:56.268221574344%;\"><iframe loading=\"lazy\" title=\"Extract Data From PDF to Excel with Able2Extract Converter (FREE Trial)\" width=\"686\" height=\"386\" src=\"https:\/\/www.youtube.com\/embed\/PKWkWkUgnNs?feature=oembed&amp;wmode=transparent&amp;autohide=1&amp;autoplay=0&amp;disablekb=0&amp;fs=1&amp;loop=0&amp;enablejsapi=1&amp;rel=0&amp;controls=2&amp;showinfo=0&amp;wmode=transparent&amp;autohide=2&amp;autoplay=0&amp;disablekb=0&amp;fs=1&amp;loop=0&amp;enablejsapi=1&amp;rel=0&amp;controls=2&amp;showinfo=1\" frameborder=\"0\" allow=\"accelerometer; autoplay; clipboard-write; encrypted-media; gyroscope; picture-in-picture\" allowfullscreen><\/iframe><\/div>\n<\/div>\n<h3>ABLE2EXTRACT PROFESSIONAL &#8211; CARATTERISTICHE<\/h3>\n<ul>\n<li><strong>Conversione Pinpoint esclusiva<\/strong>: personalizza la tua conversione selezionando una pagina, un paragrafo o anche una singola riga per la conversione.<\/li>\n<li><strong>Word<\/strong>: trasforma facilmente i contenuti PDF critici in documenti Word completi che puoi modificare. Seleziona dalle opzioni di output di Word disponibili: Cornici, Standard e Testo, per vari livelli di modifica. Converti PDF in DOCX, DOC.<\/li>\n<li><strong>Excel:<\/strong> scegli tra la conversione automatica e personalizzata da PDF a Excel per convertire dati di tabelle PDF complesse in Microsoft Excel con la massima precisione e dimentica di ripulire i risultati di output formattati male.<\/li>\n<li><strong>PowerPoint<\/strong>: trasferisci contenuti visivi e presentazioni PDF aziendali in diapositive PowerPoint modificabili. Modifica e perfeziona il contenuto del tuo keynote in Microsoft PowerPoint.<\/li>\n<li><strong>AutoCAD<\/strong>: recupera i disegni CAD convertendo PDF in DWG e DXF, mantenendo grafica vettoriale e testo. Puoi lavorare liberamente con l&#8217;output di conversione in altre applicazioni CAD.<\/li>\n<li><strong>Immagini<\/strong>: converti PDF in immagini JPG, BMP, PNG, TIFF e GIF. Applica impostazioni specifiche dell&#8217;immagine per la tua conversione come DPI, risoluzione dell&#8217;immagine, velocit\u00e0 di animazione GIF, qualit\u00e0 JPEG e altro.<\/li>\n<li><strong>HTML<\/strong>:\u00a0trasforma i tuoi contenuti PDF in HTML che puoi facilmente caricare e condividere online con altri. Supporto per output singolo e batch con formattazione e layout replicati.<\/li>\n<li><strong>Editor<\/strong>: copnverti PDF in Publisher per recuperare, modificare e interagire con i contenuti PDF direttamente all&#8217;interno di Microsoft Publisher. Migliora i contenuti destinati alla stampa professionale.<\/li>\n<\/ul>\n<h4>LE RECENSIONI DEGLI UTENTI<\/h4>\n<p class=\"font-weight-bold mb-1 d-flex align-items-center\"><strong>Dharmesh T.&#8221;Recensione&#8221;<\/strong><\/p>\n<p><strong>Commenti: <\/strong>\u00c8 un buon prodotto ed \u00e8 anche economico. La funzionalit\u00e0 di firma non \u00e8 abbastanza buona come DocuSign o Adobe, ma anche questi software sono costosi.<\/p>\n<p><strong>Pro: <\/strong>\u00c8 un ottimo prodotto per coloro che sono nel campo della contabilit\u00e0 in quanto converte la maggior parte dei conti bancari.<\/p>\n<p><strong>Contro: <\/strong>Va bene per tutti i formati pdf da convertire in Excel, Word, ecc. Sfida per convertire il file immagine. Abbiamo provato molto, ma la maggior parte delle volte abbiamo bisogno di rielaborare quei file convertiti.<\/p>\n<p class=\"font-weight-bold mb-1 d-flex align-items-center\"><strong>Audrey P.&#8221;Apre e converte bene i pdf, il riempimento del testo \u00e8 inutile&#8221;<\/strong><\/p>\n<p><strong>Commenti: <\/strong>Nel complesso, sono stato in grado di aprire i pdf e convertirli in Word. Questo \u00e8 tutto. Continuer\u00f2 a cercare un altro software, dal momento che Adobe prende praticamente il controllo del computer e di tutte le sue app e quindi non \u00e8 un&#8217;opzione, prima della mia data di rinnovo.<\/p>\n<p><strong>Pro: <\/strong>Mi piace il servizio clienti rapido, motivo per cui ho annullato un abbonamento precedente da un&#8217;azienda che ha impiegato giorni per rispondere. Il prezzo era circa il doppio di quello dell&#8217;abbonamento precedente, ma ho chiarito che stavo spendendo per ottenere assistenza in giornata. L&#8217;ho capito. Ma il software non funziona come dovrebbe, vedi sotto.<\/p>\n<p><strong>Contro: <\/strong>Il motivo principale per l&#8217;acquisto di software PDF \u00e8 essere in grado di modificare e compilare i PDF. Questo *sembra* far\u00e0 quello che fanno Adobe e altri, ma non \u00e8 cos\u00ec. Quando si utilizza la funzione Inserisci testo, non \u00e8 flessibile o produttiva. Cambiare il carattere \u00e8 un mistero, la guida per la funzione di inserimento del testo ti porta nel campo che vuoi inserire, ma non \u00e8 chiaro dove metter\u00e0 il testo quindi \u00e8 goffo e difficile produrre un risultato professionale. Raggiungere il supporto ha appena prodotto un tecnico che ha chiesto il documento e poi ha risposto che non aveva problemi con esso (lo odio). Investintech vuole che acquisti un abbonamento di supporto separato (non costoso) e lo farei, se le funzioni di base necessarie funzionassero meglio.<\/p>\n<p class=\"h5 font-weight-bold flex-grow-1 mb-4\"><strong>Johon D.&#8221;Fantastico prodotto. Facile da usare.&#8221;<\/strong><\/p>\n<p><strong>Commenti: <\/strong>Grande.<\/p>\n<p><strong>Pro: <\/strong>Lo uso da oltre un decennio. \u00c8 affidabile, ha ottime funzionalit\u00e0 e non \u00e8 troppo costoso.<\/p>\n<p><strong>Contro: <\/strong>L&#8217;interfaccia \u00e8 un po&#8217; antiquata e la conversione in Excel \u00e8 un po&#8217; traballante.<\/p>\n<p>&nbsp;<\/p>\n","protected":false},"excerpt":{"rendered":"<p>Able2Extract Professional \u00e8 uno strumento PDF Converter ed Editor che trasforma documenti PDF e immagini nativi e scansionati in altri formati, inclusi Word, CSV, Excel, PowerPoint, OpenOffice e AutoCAD per citarne alcuni. La soluzione ti consente di firmare PDF elettronicamente e digitalmente e di convalidare le firme digitali istantaneamente.\u00a0<\/p>\n","protected":false},"author":16,"featured_media":45801,"parent":45670,"menu_order":0,"comment_status":"open","ping_status":"closed","template":"g1_template_page_review_new.php","meta":{"_acf_changed":false,"cwp_meta_box_check":"Yes","cwp_rev_product_name":"","cwp_rev_product_image":"","wppr_links":[],"cwp_rev_price":"","wppr_options":[],"wppr_pros":[],"wppr_cons":[],"_monsterinsights_skip_tracking":false,"_monsterinsights_sitenote_active":false,"_monsterinsights_sitenote_note":"","_monsterinsights_sitenote_category":0,"footnotes":""},"categories":[10728],"tags":[10771,10727,10731,10770,10730,10751],"features":[],"class_list":{"0":"post-45791","1":"page","2":"type-page","3":"status-publish","4":"has-post-thumbnail","6":"category-editor-pdf-cat","7":"tag-able2extract-professional","8":"tag-editor-pdf","9":"tag-piattaforma-editor-pdf","10":"tag-pogramma-editor-pdf","11":"tag-software-editor-pdf","12":"tag-soluzione-editor-pdf"},"wppr_data":{"cwp_meta_box_check":"Yes","cwp_rev_product_name":"","cwp_rev_product_image":"","cwp_image_link":"image","cwp_rev_price":"","wppr_rating":"0.00"},"acf":[],"yoast_head":"<!-- This site is optimized with the Yoast SEO plugin v27.4 - https:\/\/yoast.com\/product\/yoast-seo-wordpress\/ -->\n<title>Able2Extract Professional: recensione editor PDF - Accurate Reviews<\/title>\n<meta name=\"description\" content=\"Able2Extract Professional: recensione strumento PDF Converter ed Editor che trasforma documenti PDF e immagini in altri formati.\" \/>\n<meta name=\"robots\" content=\"index, follow, max-snippet:-1, max-image-preview:large, max-video-preview:-1\" \/>\n<link rel=\"canonical\" href=\"https:\/\/www.accuratereviews.com\/it\/editor-pdf\/able2extract-professional-recensione\/\" \/>\n<meta property=\"og:locale\" content=\"it_IT\" \/>\n<meta property=\"og:type\" content=\"article\" \/>\n<meta property=\"og:title\" content=\"Able2Extract Professional: recensione editor PDF - Accurate Reviews\" \/>\n<meta property=\"og:description\" content=\"Able2Extract Professional: recensione strumento PDF Converter ed Editor che trasforma documenti PDF e immagini in altri formati.\" \/>\n<meta property=\"og:url\" content=\"https:\/\/www.accuratereviews.com\/it\/editor-pdf\/able2extract-professional-recensione\/\" \/>\n<meta property=\"og:site_name\" content=\"Accurate Reviews\" \/>\n<meta property=\"article:modified_time\" content=\"2021-07-21T16:39:44+00:00\" \/>\n<meta property=\"og:image\" content=\"https:\/\/www.accuratereviews.com\/wp-content\/uploads\/2021\/07\/A2E-12.2.png\" \/>\n\t<meta property=\"og:image:width\" content=\"1200\" \/>\n\t<meta property=\"og:image:height\" content=\"800\" \/>\n\t<meta property=\"og:image:type\" content=\"image\/png\" \/>\n<meta name=\"twitter:card\" content=\"summary_large_image\" \/>\n<meta name=\"twitter:label1\" content=\"Tempo di lettura stimato\" \/>\n\t<meta name=\"twitter:data1\" content=\"4 minuti\" \/>\n<script type=\"application\/ld+json\" class=\"yoast-schema-graph\">{\"@context\":\"https:\\\/\\\/schema.org\",\"@graph\":[{\"@type\":\"WebPage\",\"@id\":\"https:\\\/\\\/www.accuratereviews.com\\\/it\\\/editor-pdf\\\/able2extract-professional-recensione\\\/\",\"url\":\"https:\\\/\\\/www.accuratereviews.com\\\/it\\\/editor-pdf\\\/able2extract-professional-recensione\\\/\",\"name\":\"Able2Extract Professional: recensione editor PDF - Accurate Reviews\",\"isPartOf\":{\"@id\":\"https:\\\/\\\/www.accuratereviews.com\\\/it\\\/#website\"},\"primaryImageOfPage\":{\"@id\":\"https:\\\/\\\/www.accuratereviews.com\\\/it\\\/editor-pdf\\\/able2extract-professional-recensione\\\/#primaryimage\"},\"image\":{\"@id\":\"https:\\\/\\\/www.accuratereviews.com\\\/it\\\/editor-pdf\\\/able2extract-professional-recensione\\\/#primaryimage\"},\"thumbnailUrl\":\"https:\\\/\\\/www.accuratereviews.com\\\/wp-content\\\/uploads\\\/2021\\\/07\\\/A2E-12.2.png\",\"datePublished\":\"2021-07-21T16:39:22+00:00\",\"dateModified\":\"2021-07-21T16:39:44+00:00\",\"description\":\"Able2Extract Professional: recensione strumento PDF Converter ed Editor che trasforma documenti PDF e immagini in altri formati.\",\"breadcrumb\":{\"@id\":\"https:\\\/\\\/www.accuratereviews.com\\\/it\\\/editor-pdf\\\/able2extract-professional-recensione\\\/#breadcrumb\"},\"inLanguage\":\"it-IT\",\"potentialAction\":[{\"@type\":\"ReadAction\",\"target\":[\"https:\\\/\\\/www.accuratereviews.com\\\/it\\\/editor-pdf\\\/able2extract-professional-recensione\\\/\"]}]},{\"@type\":\"ImageObject\",\"inLanguage\":\"it-IT\",\"@id\":\"https:\\\/\\\/www.accuratereviews.com\\\/it\\\/editor-pdf\\\/able2extract-professional-recensione\\\/#primaryimage\",\"url\":\"https:\\\/\\\/www.accuratereviews.com\\\/wp-content\\\/uploads\\\/2021\\\/07\\\/A2E-12.2.png\",\"contentUrl\":\"https:\\\/\\\/www.accuratereviews.com\\\/wp-content\\\/uploads\\\/2021\\\/07\\\/A2E-12.2.png\",\"width\":1200,\"height\":800},{\"@type\":\"BreadcrumbList\",\"@id\":\"https:\\\/\\\/www.accuratereviews.com\\\/it\\\/editor-pdf\\\/able2extract-professional-recensione\\\/#breadcrumb\",\"itemListElement\":[{\"@type\":\"ListItem\",\"position\":1,\"name\":\"Home\",\"item\":\"https:\\\/\\\/www.accuratereviews.com\\\/it\\\/\"},{\"@type\":\"ListItem\",\"position\":2,\"name\":\"Editor PDF\",\"item\":\"https:\\\/\\\/www.accuratereviews.com\\\/it\\\/editor-pdf\\\/\"},{\"@type\":\"ListItem\",\"position\":3,\"name\":\"Able2Extract Professional\"}]},{\"@type\":\"WebSite\",\"@id\":\"https:\\\/\\\/www.accuratereviews.com\\\/it\\\/#website\",\"url\":\"https:\\\/\\\/www.accuratereviews.com\\\/it\\\/\",\"name\":\"Accurate Reviews\",\"description\":\"\",\"potentialAction\":[{\"@type\":\"SearchAction\",\"target\":{\"@type\":\"EntryPoint\",\"urlTemplate\":\"https:\\\/\\\/www.accuratereviews.com\\\/it\\\/?s={search_term_string}\"},\"query-input\":{\"@type\":\"PropertyValueSpecification\",\"valueRequired\":true,\"valueName\":\"search_term_string\"}}],\"inLanguage\":\"it-IT\"}]}<\/script>\n<!-- \/ Yoast SEO plugin. -->","yoast_head_json":{"title":"Able2Extract Professional: recensione editor PDF - Accurate Reviews","description":"Able2Extract Professional: recensione strumento PDF Converter ed Editor che trasforma documenti PDF e immagini in altri formati.","robots":{"index":"index","follow":"follow","max-snippet":"max-snippet:-1","max-image-preview":"max-image-preview:large","max-video-preview":"max-video-preview:-1"},"canonical":"https:\/\/www.accuratereviews.com\/it\/editor-pdf\/able2extract-professional-recensione\/","og_locale":"it_IT","og_type":"article","og_title":"Able2Extract Professional: recensione editor PDF - Accurate Reviews","og_description":"Able2Extract Professional: recensione strumento PDF Converter ed Editor che trasforma documenti PDF e immagini in altri formati.","og_url":"https:\/\/www.accuratereviews.com\/it\/editor-pdf\/able2extract-professional-recensione\/","og_site_name":"Accurate Reviews","article_modified_time":"2021-07-21T16:39:44+00:00","og_image":[{"width":1200,"height":800,"url":"https:\/\/www.accuratereviews.com\/wp-content\/uploads\/2021\/07\/A2E-12.2.png","type":"image\/png"}],"twitter_card":"summary_large_image","twitter_misc":{"Tempo di lettura stimato":"4 minuti"},"schema":{"@context":"https:\/\/schema.org","@graph":[{"@type":"WebPage","@id":"https:\/\/www.accuratereviews.com\/it\/editor-pdf\/able2extract-professional-recensione\/","url":"https:\/\/www.accuratereviews.com\/it\/editor-pdf\/able2extract-professional-recensione\/","name":"Able2Extract Professional: recensione editor PDF - Accurate Reviews","isPartOf":{"@id":"https:\/\/www.accuratereviews.com\/it\/#website"},"primaryImageOfPage":{"@id":"https:\/\/www.accuratereviews.com\/it\/editor-pdf\/able2extract-professional-recensione\/#primaryimage"},"image":{"@id":"https:\/\/www.accuratereviews.com\/it\/editor-pdf\/able2extract-professional-recensione\/#primaryimage"},"thumbnailUrl":"https:\/\/www.accuratereviews.com\/wp-content\/uploads\/2021\/07\/A2E-12.2.png","datePublished":"2021-07-21T16:39:22+00:00","dateModified":"2021-07-21T16:39:44+00:00","description":"Able2Extract Professional: recensione strumento PDF Converter ed Editor che trasforma documenti PDF e immagini in altri formati.","breadcrumb":{"@id":"https:\/\/www.accuratereviews.com\/it\/editor-pdf\/able2extract-professional-recensione\/#breadcrumb"},"inLanguage":"it-IT","potentialAction":[{"@type":"ReadAction","target":["https:\/\/www.accuratereviews.com\/it\/editor-pdf\/able2extract-professional-recensione\/"]}]},{"@type":"ImageObject","inLanguage":"it-IT","@id":"https:\/\/www.accuratereviews.com\/it\/editor-pdf\/able2extract-professional-recensione\/#primaryimage","url":"https:\/\/www.accuratereviews.com\/wp-content\/uploads\/2021\/07\/A2E-12.2.png","contentUrl":"https:\/\/www.accuratereviews.com\/wp-content\/uploads\/2021\/07\/A2E-12.2.png","width":1200,"height":800},{"@type":"BreadcrumbList","@id":"https:\/\/www.accuratereviews.com\/it\/editor-pdf\/able2extract-professional-recensione\/#breadcrumb","itemListElement":[{"@type":"ListItem","position":1,"name":"Home","item":"https:\/\/www.accuratereviews.com\/it\/"},{"@type":"ListItem","position":2,"name":"Editor PDF","item":"https:\/\/www.accuratereviews.com\/it\/editor-pdf\/"},{"@type":"ListItem","position":3,"name":"Able2Extract Professional"}]},{"@type":"WebSite","@id":"https:\/\/www.accuratereviews.com\/it\/#website","url":"https:\/\/www.accuratereviews.com\/it\/","name":"Accurate Reviews","description":"","potentialAction":[{"@type":"SearchAction","target":{"@type":"EntryPoint","urlTemplate":"https:\/\/www.accuratereviews.com\/it\/?s={search_term_string}"},"query-input":{"@type":"PropertyValueSpecification","valueRequired":true,"valueName":"search_term_string"}}],"inLanguage":"it-IT"}]}},"_links":{"self":[{"href":"https:\/\/www.accuratereviews.com\/it\/wp-json\/wp\/v2\/pages\/45791","targetHints":{"allow":["GET"]}}],"collection":[{"href":"https:\/\/www.accuratereviews.com\/it\/wp-json\/wp\/v2\/pages"}],"about":[{"href":"https:\/\/www.accuratereviews.com\/it\/wp-json\/wp\/v2\/types\/page"}],"author":[{"embeddable":true,"href":"https:\/\/www.accuratereviews.com\/it\/wp-json\/wp\/v2\/users\/16"}],"replies":[{"embeddable":true,"href":"https:\/\/www.accuratereviews.com\/it\/wp-json\/wp\/v2\/comments?post=45791"}],"version-history":[{"count":5,"href":"https:\/\/www.accuratereviews.com\/it\/wp-json\/wp\/v2\/pages\/45791\/revisions"}],"predecessor-version":[{"id":45827,"href":"https:\/\/www.accuratereviews.com\/it\/wp-json\/wp\/v2\/pages\/45791\/revisions\/45827"}],"up":[{"embeddable":true,"href":"https:\/\/www.accuratereviews.com\/it\/wp-json\/wp\/v2\/pages\/45670"}],"wp:featuredmedia":[{"embeddable":true,"href":"https:\/\/www.accuratereviews.com\/it\/wp-json\/wp\/v2\/media\/45801"}],"wp:attachment":[{"href":"https:\/\/www.accuratereviews.com\/it\/wp-json\/wp\/v2\/media?parent=45791"}],"wp:term":[{"taxonomy":"category","embeddable":true,"href":"https:\/\/www.accuratereviews.com\/it\/wp-json\/wp\/v2\/categories?post=45791"},{"taxonomy":"post_tag","embeddable":true,"href":"https:\/\/www.accuratereviews.com\/it\/wp-json\/wp\/v2\/tags?post=45791"},{"taxonomy":"features","embeddable":true,"href":"https:\/\/www.accuratereviews.com\/it\/wp-json\/wp\/v2\/features?post=45791"}],"curies":[{"name":"wp","href":"https:\/\/api.w.org\/{rel}","templated":true}]}}