{"id":45842,"date":"2021-07-22T11:02:40","date_gmt":"2021-07-22T11:02:40","guid":{"rendered":"https:\/\/www.accuratereviews.com\/?page_id=45842"},"modified":"2021-07-22T11:02:40","modified_gmt":"2021-07-22T11:02:40","slug":"dochub-recensione","status":"publish","type":"page","link":"https:\/\/www.accuratereviews.com\/it\/editor-pdf\/dochub-recensione\/","title":{"rendered":"DocHub"},"content":{"rendered":"<p><strong>DocHub<\/strong> \u00e8 una soluzione online<strong> editor PDF<\/strong> che consente agli utenti di modificare, condividere e firmare documenti PDF. Con una serie di flussi di lavoro documentali, \u00e8 progettato per semplificare la raccolta delle firme, la distribuzione dei documenti e il completamento dei moduli. Le funzionalit\u00e0 di modifica dei PDF includono annotazioni, modifica di pagine, compilazione di moduli PDF e altro ancora. <strong>DocHub<\/strong> \u00e8 compatibile con i dispositivi mobili e pu\u00f2 integrarsi con Gmail, Google Drive e Dropbox.\u00a0I documenti che devono essere modificati o firmati possono essere importati direttamente da una casella di posta elettronica del programma. Questa soluzione pu\u00f2 essere utilizzata per raccogliere firme elettroniche legalmente vincolanti in conformit\u00e0 con l&#8217;ESIGN Act.<\/p>\n<h2>DOCHUB &#8211; TUTORIAL<\/h2>\n<p>Ecco il tutorial che mostra le funzioni principali di questo<strong> editor PDF<\/strong>:<\/p>\n<div id=\"fluid-wrapper-counter-1\" class=\"g1-fluid-wrapper \" style=\"width:686px;\">\n<div style=\"padding-bottom:56.268221574344%;\"><iframe loading=\"lazy\" title=\"Tutorial DocHub\" width=\"686\" height=\"386\" src=\"https:\/\/www.youtube.com\/embed\/5n0ie0W1rOU?feature=oembed&amp;wmode=transparent&amp;autohide=1&amp;autoplay=0&amp;disablekb=0&amp;fs=1&amp;loop=0&amp;enablejsapi=1&amp;rel=0&amp;controls=2&amp;showinfo=0&amp;wmode=transparent&amp;autohide=2&amp;autoplay=0&amp;disablekb=0&amp;fs=1&amp;loop=0&amp;enablejsapi=1&amp;rel=0&amp;controls=2&amp;showinfo=1\" frameborder=\"0\" allow=\"accelerometer; autoplay; clipboard-write; encrypted-media; gyroscope; picture-in-picture\" allowfullscreen><\/iframe><\/div>\n<\/div>\n<h3>DOCHUB &#8211; CARATTERISTICHE<\/h3>\n<ul>\n<li><strong>Riordina, ruota e unisci PDF<\/strong>: visualizza le miniature di ogni pagina del documento, consentendoti di ruotare, eliminare o riordinare le pagine mediante trascinamento. Unisci facilmente PDF o altri documenti con un semplice clic<\/li>\n<li><strong>Integrazioni Google e Dropbox,\u00a0Gmail e Google Drive<\/strong>: apri e importa file in DocHub direttamente dalla posta in arrivo di Gmail o da Google Drive. Dopo aver apportato le modifiche, esporta direttamente su Drive o sulla rubrica di Google e invia il documento via email ai tuoi contatti<\/li>\n<li><strong>Funziona su cellulare<\/strong>: il programma funziona su piattaforme mobili con la stessa facilit\u00e0 con cui funziona su piattaforme desktop. Ci\u00f2 significa che \u00a0le persone possono firmare documenti da qualsiasi luogo, anche senza computer o senza dover installare un&#8217;app sul telefono<\/li>\n<li><strong>Salvataggio automatico:<\/strong> ogni modifica viene salvata automaticamente in modo sicuro nel cloud in tempo reale. Ci\u00f2 significa che i tuoi documenti saranno sempre sincronizzati su tutti i dispositivi<\/li>\n<li><strong>Supporto linguistico universale<\/strong>: oltre a tutte le lingue europee, il software supporta ebraico, arabo, cinese, giapponese, russo, coreano e molte altre<\/li>\n<li><strong>Collabora e condividi<\/strong>: i permessi del documento possono essere impostati per consentire ad altri di visualizzare, modificare o firmare i tuoi documenti. Puoi persino rendere pubblici i file e quindi condividere il loro URL ovunque<\/li>\n<li><strong>Qualsiasi formato di documento<\/strong>: il programma \u00e8 basato sui PDF, ma supporta tutti i tipi di file di documenti inclusi PDF, DOC, PPT, XLS, TXT, DOCX e PPTX<\/li>\n<\/ul>\n<h4>LE RECENSIONI DEGLI UTENTI<\/h4>\n<p class=\"font-weight-bold mb-1 d-flex align-items-center\"><strong>Basilio antonio P.&#8221;Software che non rispetta le dichiarazioni&#8221;<\/strong><\/p>\n<p><strong>Commenti: <\/strong>Sono un docente di Matematica e utilizzo DocHub per correggere i compiti dei miei alunni. Il software risulta essere gratuito, ma in realt\u00e0 lo \u00e8 stato solo fino ad un certo punto, poi ha cominciato a permettermi di editare solo 5 documenti al giorno. Capirete la frustrazione che ho provato, quando non ho pi\u00f9 potuto correggere i compiti di tutti gli alunni, senza riuscire a trovare un rimedio all&#8217;inconveniente. Ho cinque classi per un totale di circa 100 alunni e sicuramente non posso correggere solo 5 compiti al giorno.<\/p>\n<p><strong>Pro: <\/strong>Nel complesso mi sono piaciute tutte le funzioni, ma pi\u00f9 in particolare l&#8217;unione di documenti e il riordino delle pagine.<\/p>\n<p><strong>Contro: <\/strong>L&#8217;inconveniente pi\u00f9 importante che ho riscontrato, e non \u00e8 cosa da poco, \u00e8 che, sebbene il software fosse dichiarato gratuito, in realt\u00e0 limita il numero di documenti a 5\/24 ore.<\/p>\n<p class=\"h5 font-weight-bold flex-grow-1 mb-4\"><strong>Jhon D.&#8221;Ottimo software di firma&#8221;<\/strong><\/p>\n<p><strong>Commenti: <\/strong>Mi piaceva dochub quando ricevevo a volte dozzine di documenti via email da firmare e restituire. Dochub rende questo processo facile e veloce.<\/p>\n<p><strong>Pro: <\/strong>La migliore caratteristica di dochub per me \u00e8 l&#8217;integrazione con gmail e workspace in modo che i documenti possano essere firmati elettronicamente e restituiti al mittente senza lasciare gmail\/workspace.<\/p>\n<p><strong>Contro: <\/strong>Il software ha attraversato periodi di errore se utilizzato all&#8217;interno di Gmail o nell&#8217;area di lavoro, quindi sacrificando la facilit\u00e0 d&#8217;uso.<\/p>\n<p class=\"font-weight-bold mb-1 d-flex align-items-center\"><strong>Debbie C.&#8221;Ottimo prodotto prezzo incredibile&#8221;<\/strong><\/p>\n<p><strong>Commenti: <\/strong>Lo consiglio a tutti quelli che conosco che inviano contratti.<\/p>\n<p><strong>Pro: <\/strong>Tutte le schede in alto si spiegano da sole. Non hai davvero bisogno di fare un tutorial sull&#8217;uso di questo programma perch\u00e9 \u00e8 cos\u00ec facile da usare. Tutti in ufficio lo usano!<\/p>\n<p><strong>Contro: <\/strong>Niente! ottimo programma, facile da usare, autoesplicativo e invia rapidamente.<\/p>\n","protected":false},"excerpt":{"rendered":"<p>DocHub \u00e8 una soluzione online editor PDF che consente agli utenti di modificare, condividere e firmare documenti PDF. Con una serie di flussi di lavoro documentali, \u00e8 progettato per semplificare la raccolta delle firme, la distribuzione dei documenti e il completamento dei moduli. Le funzionalit\u00e0 di modifica dei PDF includono annotazioni, modifica di pagine, compilazione di moduli PDF e altro ancora<\/p>\n","protected":false},"author":16,"featured_media":45871,"parent":45670,"menu_order":0,"comment_status":"open","ping_status":"closed","template":"g1_template_page_review_new.php","meta":{"_acf_changed":false,"cwp_meta_box_check":"Yes","cwp_rev_product_name":"","cwp_rev_product_image":"","wppr_links":[],"cwp_rev_price":"","wppr_options":[],"wppr_pros":[],"wppr_cons":[],"_monsterinsights_skip_tracking":false,"_monsterinsights_sitenote_active":false,"_monsterinsights_sitenote_note":"","_monsterinsights_sitenote_category":0,"footnotes":""},"categories":[10728],"tags":[10777,10731,10732,10730,10751],"features":[],"class_list":{"0":"post-45842","1":"page","2":"type-page","3":"status-publish","4":"has-post-thumbnail","6":"category-editor-pdf-cat","7":"tag-dochub","8":"tag-piattaforma-editor-pdf","9":"tag-programma-editor-pdf","10":"tag-software-editor-pdf","11":"tag-soluzione-editor-pdf"},"wppr_data":{"cwp_meta_box_check":"Yes","cwp_rev_product_name":"","cwp_rev_product_image":"","cwp_image_link":"image","cwp_rev_price":"","wppr_rating":"0.00"},"acf":[],"yoast_head":"<!-- This site is optimized with the Yoast SEO plugin v27.4 - https:\/\/yoast.com\/product\/yoast-seo-wordpress\/ -->\n<title>DocHub: recensione editor PDF - Accurate Reviews<\/title>\n<meta name=\"description\" content=\"DocHub: recensione soluzione online editor PDF che consente agli utenti di modificare, condividere e firmare documenti in formato PDF.\" \/>\n<meta name=\"robots\" content=\"index, follow, max-snippet:-1, max-image-preview:large, max-video-preview:-1\" \/>\n<link rel=\"canonical\" href=\"https:\/\/www.accuratereviews.com\/it\/editor-pdf\/dochub-recensione\/\" \/>\n<meta property=\"og:locale\" content=\"it_IT\" \/>\n<meta property=\"og:type\" content=\"article\" \/>\n<meta property=\"og:title\" content=\"DocHub: recensione editor PDF - Accurate Reviews\" \/>\n<meta property=\"og:description\" content=\"DocHub: recensione soluzione online editor PDF che consente agli utenti di modificare, condividere e firmare documenti in formato PDF.\" \/>\n<meta property=\"og:url\" content=\"https:\/\/www.accuratereviews.com\/it\/editor-pdf\/dochub-recensione\/\" \/>\n<meta property=\"og:site_name\" content=\"Accurate Reviews\" \/>\n<meta property=\"og:image\" content=\"https:\/\/www.accuratereviews.com\/wp-content\/uploads\/2021\/07\/dochub.png\" \/>\n\t<meta property=\"og:image:width\" content=\"256\" \/>\n\t<meta property=\"og:image:height\" content=\"256\" \/>\n\t<meta property=\"og:image:type\" content=\"image\/png\" \/>\n<meta name=\"twitter:card\" content=\"summary_large_image\" \/>\n<meta name=\"twitter:label1\" content=\"Tempo di lettura stimato\" \/>\n\t<meta name=\"twitter:data1\" content=\"3 minuti\" \/>\n<script type=\"application\/ld+json\" class=\"yoast-schema-graph\">{\"@context\":\"https:\\\/\\\/schema.org\",\"@graph\":[{\"@type\":\"WebPage\",\"@id\":\"https:\\\/\\\/www.accuratereviews.com\\\/it\\\/editor-pdf\\\/dochub-recensione\\\/\",\"url\":\"https:\\\/\\\/www.accuratereviews.com\\\/it\\\/editor-pdf\\\/dochub-recensione\\\/\",\"name\":\"DocHub: recensione editor PDF - Accurate Reviews\",\"isPartOf\":{\"@id\":\"https:\\\/\\\/www.accuratereviews.com\\\/it\\\/#website\"},\"primaryImageOfPage\":{\"@id\":\"https:\\\/\\\/www.accuratereviews.com\\\/it\\\/editor-pdf\\\/dochub-recensione\\\/#primaryimage\"},\"image\":{\"@id\":\"https:\\\/\\\/www.accuratereviews.com\\\/it\\\/editor-pdf\\\/dochub-recensione\\\/#primaryimage\"},\"thumbnailUrl\":\"https:\\\/\\\/www.accuratereviews.com\\\/wp-content\\\/uploads\\\/2021\\\/07\\\/dochub.png\",\"datePublished\":\"2021-07-22T11:02:40+00:00\",\"description\":\"DocHub: recensione soluzione online editor PDF che consente agli utenti di modificare, condividere e firmare documenti in formato PDF.\",\"breadcrumb\":{\"@id\":\"https:\\\/\\\/www.accuratereviews.com\\\/it\\\/editor-pdf\\\/dochub-recensione\\\/#breadcrumb\"},\"inLanguage\":\"it-IT\",\"potentialAction\":[{\"@type\":\"ReadAction\",\"target\":[\"https:\\\/\\\/www.accuratereviews.com\\\/it\\\/editor-pdf\\\/dochub-recensione\\\/\"]}]},{\"@type\":\"ImageObject\",\"inLanguage\":\"it-IT\",\"@id\":\"https:\\\/\\\/www.accuratereviews.com\\\/it\\\/editor-pdf\\\/dochub-recensione\\\/#primaryimage\",\"url\":\"https:\\\/\\\/www.accuratereviews.com\\\/wp-content\\\/uploads\\\/2021\\\/07\\\/dochub.png\",\"contentUrl\":\"https:\\\/\\\/www.accuratereviews.com\\\/wp-content\\\/uploads\\\/2021\\\/07\\\/dochub.png\",\"width\":256,\"height\":256},{\"@type\":\"BreadcrumbList\",\"@id\":\"https:\\\/\\\/www.accuratereviews.com\\\/it\\\/editor-pdf\\\/dochub-recensione\\\/#breadcrumb\",\"itemListElement\":[{\"@type\":\"ListItem\",\"position\":1,\"name\":\"Home\",\"item\":\"https:\\\/\\\/www.accuratereviews.com\\\/it\\\/\"},{\"@type\":\"ListItem\",\"position\":2,\"name\":\"Editor PDF\",\"item\":\"https:\\\/\\\/www.accuratereviews.com\\\/it\\\/editor-pdf\\\/\"},{\"@type\":\"ListItem\",\"position\":3,\"name\":\"DocHub\"}]},{\"@type\":\"WebSite\",\"@id\":\"https:\\\/\\\/www.accuratereviews.com\\\/it\\\/#website\",\"url\":\"https:\\\/\\\/www.accuratereviews.com\\\/it\\\/\",\"name\":\"Accurate Reviews\",\"description\":\"\",\"potentialAction\":[{\"@type\":\"SearchAction\",\"target\":{\"@type\":\"EntryPoint\",\"urlTemplate\":\"https:\\\/\\\/www.accuratereviews.com\\\/it\\\/?s={search_term_string}\"},\"query-input\":{\"@type\":\"PropertyValueSpecification\",\"valueRequired\":true,\"valueName\":\"search_term_string\"}}],\"inLanguage\":\"it-IT\"}]}<\/script>\n<!-- \/ Yoast SEO plugin. -->","yoast_head_json":{"title":"DocHub: recensione editor PDF - Accurate Reviews","description":"DocHub: recensione soluzione online editor PDF che consente agli utenti di modificare, condividere e firmare documenti in formato PDF.","robots":{"index":"index","follow":"follow","max-snippet":"max-snippet:-1","max-image-preview":"max-image-preview:large","max-video-preview":"max-video-preview:-1"},"canonical":"https:\/\/www.accuratereviews.com\/it\/editor-pdf\/dochub-recensione\/","og_locale":"it_IT","og_type":"article","og_title":"DocHub: recensione editor PDF - Accurate Reviews","og_description":"DocHub: recensione soluzione online editor PDF che consente agli utenti di modificare, condividere e firmare documenti in formato PDF.","og_url":"https:\/\/www.accuratereviews.com\/it\/editor-pdf\/dochub-recensione\/","og_site_name":"Accurate Reviews","og_image":[{"width":256,"height":256,"url":"https:\/\/www.accuratereviews.com\/wp-content\/uploads\/2021\/07\/dochub.png","type":"image\/png"}],"twitter_card":"summary_large_image","twitter_misc":{"Tempo di lettura stimato":"3 minuti"},"schema":{"@context":"https:\/\/schema.org","@graph":[{"@type":"WebPage","@id":"https:\/\/www.accuratereviews.com\/it\/editor-pdf\/dochub-recensione\/","url":"https:\/\/www.accuratereviews.com\/it\/editor-pdf\/dochub-recensione\/","name":"DocHub: recensione editor PDF - Accurate Reviews","isPartOf":{"@id":"https:\/\/www.accuratereviews.com\/it\/#website"},"primaryImageOfPage":{"@id":"https:\/\/www.accuratereviews.com\/it\/editor-pdf\/dochub-recensione\/#primaryimage"},"image":{"@id":"https:\/\/www.accuratereviews.com\/it\/editor-pdf\/dochub-recensione\/#primaryimage"},"thumbnailUrl":"https:\/\/www.accuratereviews.com\/wp-content\/uploads\/2021\/07\/dochub.png","datePublished":"2021-07-22T11:02:40+00:00","description":"DocHub: recensione soluzione online editor PDF che consente agli utenti di modificare, condividere e firmare documenti in formato PDF.","breadcrumb":{"@id":"https:\/\/www.accuratereviews.com\/it\/editor-pdf\/dochub-recensione\/#breadcrumb"},"inLanguage":"it-IT","potentialAction":[{"@type":"ReadAction","target":["https:\/\/www.accuratereviews.com\/it\/editor-pdf\/dochub-recensione\/"]}]},{"@type":"ImageObject","inLanguage":"it-IT","@id":"https:\/\/www.accuratereviews.com\/it\/editor-pdf\/dochub-recensione\/#primaryimage","url":"https:\/\/www.accuratereviews.com\/wp-content\/uploads\/2021\/07\/dochub.png","contentUrl":"https:\/\/www.accuratereviews.com\/wp-content\/uploads\/2021\/07\/dochub.png","width":256,"height":256},{"@type":"BreadcrumbList","@id":"https:\/\/www.accuratereviews.com\/it\/editor-pdf\/dochub-recensione\/#breadcrumb","itemListElement":[{"@type":"ListItem","position":1,"name":"Home","item":"https:\/\/www.accuratereviews.com\/it\/"},{"@type":"ListItem","position":2,"name":"Editor PDF","item":"https:\/\/www.accuratereviews.com\/it\/editor-pdf\/"},{"@type":"ListItem","position":3,"name":"DocHub"}]},{"@type":"WebSite","@id":"https:\/\/www.accuratereviews.com\/it\/#website","url":"https:\/\/www.accuratereviews.com\/it\/","name":"Accurate Reviews","description":"","potentialAction":[{"@type":"SearchAction","target":{"@type":"EntryPoint","urlTemplate":"https:\/\/www.accuratereviews.com\/it\/?s={search_term_string}"},"query-input":{"@type":"PropertyValueSpecification","valueRequired":true,"valueName":"search_term_string"}}],"inLanguage":"it-IT"}]}},"_links":{"self":[{"href":"https:\/\/www.accuratereviews.com\/it\/wp-json\/wp\/v2\/pages\/45842","targetHints":{"allow":["GET"]}}],"collection":[{"href":"https:\/\/www.accuratereviews.com\/it\/wp-json\/wp\/v2\/pages"}],"about":[{"href":"https:\/\/www.accuratereviews.com\/it\/wp-json\/wp\/v2\/types\/page"}],"author":[{"embeddable":true,"href":"https:\/\/www.accuratereviews.com\/it\/wp-json\/wp\/v2\/users\/16"}],"replies":[{"embeddable":true,"href":"https:\/\/www.accuratereviews.com\/it\/wp-json\/wp\/v2\/comments?post=45842"}],"version-history":[{"count":9,"href":"https:\/\/www.accuratereviews.com\/it\/wp-json\/wp\/v2\/pages\/45842\/revisions"}],"predecessor-version":[{"id":45888,"href":"https:\/\/www.accuratereviews.com\/it\/wp-json\/wp\/v2\/pages\/45842\/revisions\/45888"}],"up":[{"embeddable":true,"href":"https:\/\/www.accuratereviews.com\/it\/wp-json\/wp\/v2\/pages\/45670"}],"wp:featuredmedia":[{"embeddable":true,"href":"https:\/\/www.accuratereviews.com\/it\/wp-json\/wp\/v2\/media\/45871"}],"wp:attachment":[{"href":"https:\/\/www.accuratereviews.com\/it\/wp-json\/wp\/v2\/media?parent=45842"}],"wp:term":[{"taxonomy":"category","embeddable":true,"href":"https:\/\/www.accuratereviews.com\/it\/wp-json\/wp\/v2\/categories?post=45842"},{"taxonomy":"post_tag","embeddable":true,"href":"https:\/\/www.accuratereviews.com\/it\/wp-json\/wp\/v2\/tags?post=45842"},{"taxonomy":"features","embeddable":true,"href":"https:\/\/www.accuratereviews.com\/it\/wp-json\/wp\/v2\/features?post=45842"}],"curies":[{"name":"wp","href":"https:\/\/api.w.org\/{rel}","templated":true}]}}