{"id":45844,"date":"2021-07-22T11:18:33","date_gmt":"2021-07-22T11:18:33","guid":{"rendered":"https:\/\/www.accuratereviews.com\/?page_id=45844"},"modified":"2022-09-06T14:05:29","modified_gmt":"2022-09-06T14:05:29","slug":"pdf-studio-recensione","status":"publish","type":"page","link":"https:\/\/www.accuratereviews.com\/it\/editor-pdf\/pdf-studio-recensione\/","title":{"rendered":"PDF Studio"},"content":{"rendered":"<p><strong>PDF Studio<\/strong> \u00e8 un software di<strong> editing PDF<\/strong> che pu\u00f2 essere scaricato su dispositivi Windows, Mac e Linux. Offre un ampio set di strumenti e funzionalit\u00e0 per creare, rivedere e modificare documenti PDF. Con questa soluzione, gli utenti possono creare e assemblare documenti, rivedere e annotare, modificare contenuti, completare conversioni di file, aggiungere sicurezza ai documenti e altro ancora. Questo software pu\u00f2 integrarsi con app di terze parti tra cui DocuSign, Dropbox, Google Drive e OneDrive.\u00a0PDF Studio offre funzioni batch che consentono agli utenti di lavorare su pi\u00f9 documenti contemporaneamente. Per proteggere i documenti, gli utenti possono utilizzare la crittografia, impostare le autorizzazioni utente e gestire ID digitali e certificati attendibili. Il software pu\u00f2 supportare conversioni in formato PDF per Word, Excel, JPG, PNG, HTML5 e molti altri.<\/p>\n<h2>PDF STUDIO &#8211; TUTORIAL<\/h2>\n<p>Cambia lo sfondo e il colore del testo in un documento PDF con questo <strong>editor PDF<\/strong>:<\/p>\n<div id=\"fluid-wrapper-counter-1\" class=\"g1-fluid-wrapper \" style=\"width:686px;\">\n<div style=\"padding-bottom:56.268221574344%;\"><iframe loading=\"lazy\" title=\"Change Background and Text Color in a PDF Document in PDF Studio on Windows, mac-OS, Linux\" width=\"686\" height=\"386\" src=\"https:\/\/www.youtube.com\/embed\/rDQT7_oy5J8?feature=oembed&amp;wmode=transparent&amp;autohide=1&amp;autoplay=0&amp;disablekb=0&amp;fs=1&amp;loop=0&amp;enablejsapi=1&amp;rel=0&amp;controls=2&amp;showinfo=0&amp;wmode=transparent&amp;autohide=2&amp;autoplay=0&amp;disablekb=0&amp;fs=1&amp;loop=0&amp;enablejsapi=1&amp;rel=0&amp;controls=2&amp;showinfo=1\" frameborder=\"0\" allow=\"accelerometer; autoplay; clipboard-write; encrypted-media; gyroscope; picture-in-picture\" allowfullscreen><\/iframe><\/div>\n<\/div>\n<h3>PDF STUDIO &#8211; CARATTERISTICHE<\/h3>\n<ul>\n<li><strong>Api rest robusta<\/strong>: fornisce un set completo di funzioni di elaborazione e conversione PDF in un robusto ambiente server REST che pu\u00f2 facilmente integrarsi nei flussi di lavoro dei documenti esistenti e funzionare con prodotti di integrazione e applicazioni di terze parti<\/li>\n<li><strong>Modulo di marcatura PDF HTML<\/strong>: munito di un modulo per abilitare la marcatura dei documenti PDF nel browser. Converti i documenti in HTML consentendo agli utenti finali di navigare e aggiungere e modificare annotazioni sul PDF. Al momento del salvataggio, i markup vengono rimandati al server per unirli nuovamente nel documento PDF<\/li>\n<li><strong>Supporto tecnico professionale<\/strong>: il team di supporto e sviluppo fornisce aiuto tecnico di livello esperto in modo da ottenere rapidamente risposte reali alle tue domande. I clienti vengono prima di tutto e diamo risposte ai nostri clienti entro 24 ore<\/li>\n<li><strong>Modulo flusso di lavoro<\/strong>: automatizza i flussi di lavoro aziendali e documentali con un&#8217;interfaccia grafica facile da usare. Progetta e crea diagrammi di flusso di automazione complessi che si integrano facilmente in servizi di terze parti.<\/li>\n<li><strong>Tecnologia PDF comprovata<\/strong>: realizzato utilizzando la tecnologia PDF leader del settore di Qoppa, sviluppata in oltre 10 anni e utilizzata da migliaia di clienti in tutto il mondo. La tecnologia \u00e8 robusta, leader in termini di prestazioni e non richiede software di terze parti. Prodotto multipiattaforma, pu\u00f2 essere distribuito su Windows, Linux, Unix (AIX, HP-UX, Solaris, ecc.), z\/OS, macOS e altri.<\/li>\n<\/ul>\n<h4>LE RECENSIONI DEGLI UTENTI<\/h4>\n<p class=\"font-weight-bold mb-1 d-flex align-items-center\"><strong>Luca D.&#8221;Editor PDF completo, veloce e potente&#8221;<br \/>\n<\/strong><strong>Pro: <\/strong>Facile da modificare un pdf, fai tutto quello che fa Acrobat Pro senza problemi.\u00a0Molto veloce e include molte funzionalit\u00e0, forse pi\u00f9 di Adobe<br \/>\n<strong>Contro: <\/strong>Integrazione con Onedrive non completamente funzionante sul mio Ubuntu<\/p>\n<p class=\"font-weight-bold mb-1 d-flex align-items-center\"><strong>Nikolaos Z.&#8221;Uno dei migliori editor PDF per Linux&#8221;<br \/>\n<\/strong><strong>Commenti: <\/strong>Nella mia azienda abbiamo bisogno di utilizzare gli stessi strumenti su diversi sistemi operativi per motivi di sicurezza e anche per un approccio universale alle soluzioni che forniamo. Tuttavia, abbiamo macchine utente in esecuzione in Windows e server remoti che eseguono Linux. Per quanto ne so, questa \u00e8 la migliore soluzione PDF che funziona senza problemi su diverse piattaforme OS.<br \/>\n<strong>Pro: <\/strong>PDF Studio consente la modifica in Mac e, soprattutto, Linux OS. \u00c8 molto pi\u00f9 economico di Adobe Acrobat e ha opzioni di firma di qualit\u00e0. Ha funzioni di riconoscimento ottico dei caratteri anche per documenti non OCR.<br \/>\n<strong>Contro: <\/strong>Non ho mai riscontrato problemi seri con PDF Studio e non ho mai voluto fare qualcosa che questo editor non potesse fare. A mio parere, ci\u00f2 che si potrebbe fare diversamente \u00e8 ridurre il consumo di RAM e CPU di questo software.<\/p>\n<p class=\"font-weight-bold mb-1 d-flex align-items-center\"><strong>Surya P.&#8221;Miglior editor e convertitore PDF con licenza perpetua&#8221;<br \/>\n<\/strong><strong>Commenti: <\/strong>La mia esperienza complessiva \u00e8 piacevole ed \u00e8 una delle migliori alternative se stai trovando un editor pdf basato su licenza perpetua.<br \/>\n<strong>Pro: <\/strong>La cosa migliore di Qoppa PDF Studio \u00e8 che viene fornito con un acquisto una tantum\/licenza perpetua e fornisce tutte le funzionalit\u00e0 che ci si aspetta da un editor PDF.<br \/>\n<strong>Contro: <\/strong>Non esiste un&#8217;opzione di conversione da PDF a PPT (Power point Presentation), devono migliorare la GUI e l&#8217;aggiornamento automatico ha una velocit\u00e0 di download molto lenta.<\/p>\n","protected":false},"excerpt":{"rendered":"<p>PDF Studio \u00e8 un software di editing PDF che pu\u00f2 essere scaricato su dispositivi Windows, Mac e Linux. Offre un ampio set di strumenti e funzionalit\u00e0 per creare, rivedere e modificare documenti PDF. Con questa soluzione, gli utenti possono creare e assemblare documenti, rivedere e annotare, modificare contenuti, completare conversioni di file, aggiungere sicurezza ai documenti e altro ancora.<\/p>\n","protected":false},"author":16,"featured_media":61253,"parent":45670,"menu_order":0,"comment_status":"open","ping_status":"closed","template":"g1_template_page_review_new.php","meta":{"_acf_changed":false,"cwp_meta_box_check":"Yes","cwp_rev_product_name":"","cwp_rev_product_image":"","wppr_links":[],"cwp_rev_price":"","wppr_options":[],"wppr_pros":[],"wppr_cons":[],"_monsterinsights_skip_tracking":false,"_monsterinsights_sitenote_active":false,"_monsterinsights_sitenote_note":"","_monsterinsights_sitenote_category":0,"footnotes":""},"categories":[10728],"tags":[10727,10776,10731,10732,10730,10775],"features":[],"class_list":{"0":"post-45844","1":"page","2":"type-page","3":"status-publish","4":"has-post-thumbnail","6":"category-editor-pdf-cat","7":"tag-editor-pdf","8":"tag-pdf-studio","9":"tag-piattaforma-editor-pdf","10":"tag-programma-editor-pdf","11":"tag-software-editor-pdf","12":"tag-soluzione-editoro-pdf"},"wppr_data":{"cwp_meta_box_check":"Yes","cwp_rev_product_name":"","cwp_rev_product_image":"","cwp_image_link":"image","cwp_rev_price":"","wppr_rating":"0.00"},"acf":[],"yoast_head":"<!-- This site is optimized with the Yoast SEO plugin v27.4 - https:\/\/yoast.com\/product\/yoast-seo-wordpress\/ -->\n<title>PDF Studio: recensione editor PDF - Accurate Reviews<\/title>\n<meta name=\"description\" content=\"PDF Studio: recensione software di editing PDF altamente flessibile che pu\u00f2 essere scaricato su dispositivi Windows, Mac e Linux.\" \/>\n<meta name=\"robots\" content=\"index, follow, max-snippet:-1, max-image-preview:large, max-video-preview:-1\" \/>\n<link rel=\"canonical\" href=\"https:\/\/www.accuratereviews.com\/it\/editor-pdf\/pdf-studio-recensione\/\" \/>\n<meta property=\"og:locale\" content=\"it_IT\" \/>\n<meta property=\"og:type\" content=\"article\" \/>\n<meta property=\"og:title\" content=\"PDF Studio: recensione editor PDF - Accurate Reviews\" \/>\n<meta property=\"og:description\" content=\"PDF Studio: recensione software di editing PDF altamente flessibile che pu\u00f2 essere scaricato su dispositivi Windows, Mac e Linux.\" \/>\n<meta property=\"og:url\" content=\"https:\/\/www.accuratereviews.com\/it\/editor-pdf\/pdf-studio-recensione\/\" \/>\n<meta property=\"og:site_name\" content=\"Accurate Reviews\" \/>\n<meta property=\"article:modified_time\" content=\"2022-09-06T14:05:29+00:00\" \/>\n<meta property=\"og:image\" content=\"https:\/\/www.accuratereviews.com\/wp-content\/uploads\/2022\/09\/logo-1-01-1.jpg\" \/>\n\t<meta property=\"og:image:width\" content=\"823\" \/>\n\t<meta property=\"og:image:height\" content=\"342\" \/>\n\t<meta property=\"og:image:type\" content=\"image\/jpeg\" \/>\n<meta name=\"twitter:card\" content=\"summary_large_image\" \/>\n<meta name=\"twitter:label1\" content=\"Tempo di lettura stimato\" \/>\n\t<meta name=\"twitter:data1\" content=\"4 minuti\" \/>\n<script type=\"application\/ld+json\" class=\"yoast-schema-graph\">{\"@context\":\"https:\\\/\\\/schema.org\",\"@graph\":[{\"@type\":\"WebPage\",\"@id\":\"https:\\\/\\\/www.accuratereviews.com\\\/it\\\/editor-pdf\\\/pdf-studio-recensione\\\/\",\"url\":\"https:\\\/\\\/www.accuratereviews.com\\\/it\\\/editor-pdf\\\/pdf-studio-recensione\\\/\",\"name\":\"PDF Studio: recensione editor PDF - Accurate Reviews\",\"isPartOf\":{\"@id\":\"https:\\\/\\\/www.accuratereviews.com\\\/it\\\/#website\"},\"primaryImageOfPage\":{\"@id\":\"https:\\\/\\\/www.accuratereviews.com\\\/it\\\/editor-pdf\\\/pdf-studio-recensione\\\/#primaryimage\"},\"image\":{\"@id\":\"https:\\\/\\\/www.accuratereviews.com\\\/it\\\/editor-pdf\\\/pdf-studio-recensione\\\/#primaryimage\"},\"thumbnailUrl\":\"https:\\\/\\\/www.accuratereviews.com\\\/wp-content\\\/uploads\\\/2022\\\/09\\\/logo-1-01-1.jpg\",\"datePublished\":\"2021-07-22T11:18:33+00:00\",\"dateModified\":\"2022-09-06T14:05:29+00:00\",\"description\":\"PDF Studio: recensione software di editing PDF altamente flessibile che pu\u00f2 essere scaricato su dispositivi Windows, Mac e Linux.\",\"breadcrumb\":{\"@id\":\"https:\\\/\\\/www.accuratereviews.com\\\/it\\\/editor-pdf\\\/pdf-studio-recensione\\\/#breadcrumb\"},\"inLanguage\":\"it-IT\",\"potentialAction\":[{\"@type\":\"ReadAction\",\"target\":[\"https:\\\/\\\/www.accuratereviews.com\\\/it\\\/editor-pdf\\\/pdf-studio-recensione\\\/\"]}]},{\"@type\":\"ImageObject\",\"inLanguage\":\"it-IT\",\"@id\":\"https:\\\/\\\/www.accuratereviews.com\\\/it\\\/editor-pdf\\\/pdf-studio-recensione\\\/#primaryimage\",\"url\":\"https:\\\/\\\/www.accuratereviews.com\\\/wp-content\\\/uploads\\\/2022\\\/09\\\/logo-1-01-1.jpg\",\"contentUrl\":\"https:\\\/\\\/www.accuratereviews.com\\\/wp-content\\\/uploads\\\/2022\\\/09\\\/logo-1-01-1.jpg\",\"width\":823,\"height\":342},{\"@type\":\"BreadcrumbList\",\"@id\":\"https:\\\/\\\/www.accuratereviews.com\\\/it\\\/editor-pdf\\\/pdf-studio-recensione\\\/#breadcrumb\",\"itemListElement\":[{\"@type\":\"ListItem\",\"position\":1,\"name\":\"Home\",\"item\":\"https:\\\/\\\/www.accuratereviews.com\\\/it\\\/\"},{\"@type\":\"ListItem\",\"position\":2,\"name\":\"Editor PDF\",\"item\":\"https:\\\/\\\/www.accuratereviews.com\\\/it\\\/editor-pdf\\\/\"},{\"@type\":\"ListItem\",\"position\":3,\"name\":\"PDF Studio\"}]},{\"@type\":\"WebSite\",\"@id\":\"https:\\\/\\\/www.accuratereviews.com\\\/it\\\/#website\",\"url\":\"https:\\\/\\\/www.accuratereviews.com\\\/it\\\/\",\"name\":\"Accurate Reviews\",\"description\":\"\",\"potentialAction\":[{\"@type\":\"SearchAction\",\"target\":{\"@type\":\"EntryPoint\",\"urlTemplate\":\"https:\\\/\\\/www.accuratereviews.com\\\/it\\\/?s={search_term_string}\"},\"query-input\":{\"@type\":\"PropertyValueSpecification\",\"valueRequired\":true,\"valueName\":\"search_term_string\"}}],\"inLanguage\":\"it-IT\"}]}<\/script>\n<!-- \/ Yoast SEO plugin. -->","yoast_head_json":{"title":"PDF Studio: recensione editor PDF - Accurate Reviews","description":"PDF Studio: recensione software di editing PDF altamente flessibile che pu\u00f2 essere scaricato su dispositivi Windows, Mac e Linux.","robots":{"index":"index","follow":"follow","max-snippet":"max-snippet:-1","max-image-preview":"max-image-preview:large","max-video-preview":"max-video-preview:-1"},"canonical":"https:\/\/www.accuratereviews.com\/it\/editor-pdf\/pdf-studio-recensione\/","og_locale":"it_IT","og_type":"article","og_title":"PDF Studio: recensione editor PDF - Accurate Reviews","og_description":"PDF Studio: recensione software di editing PDF altamente flessibile che pu\u00f2 essere scaricato su dispositivi Windows, Mac e Linux.","og_url":"https:\/\/www.accuratereviews.com\/it\/editor-pdf\/pdf-studio-recensione\/","og_site_name":"Accurate Reviews","article_modified_time":"2022-09-06T14:05:29+00:00","og_image":[{"width":823,"height":342,"url":"https:\/\/www.accuratereviews.com\/wp-content\/uploads\/2022\/09\/logo-1-01-1.jpg","type":"image\/jpeg"}],"twitter_card":"summary_large_image","twitter_misc":{"Tempo di lettura stimato":"4 minuti"},"schema":{"@context":"https:\/\/schema.org","@graph":[{"@type":"WebPage","@id":"https:\/\/www.accuratereviews.com\/it\/editor-pdf\/pdf-studio-recensione\/","url":"https:\/\/www.accuratereviews.com\/it\/editor-pdf\/pdf-studio-recensione\/","name":"PDF Studio: recensione editor PDF - Accurate Reviews","isPartOf":{"@id":"https:\/\/www.accuratereviews.com\/it\/#website"},"primaryImageOfPage":{"@id":"https:\/\/www.accuratereviews.com\/it\/editor-pdf\/pdf-studio-recensione\/#primaryimage"},"image":{"@id":"https:\/\/www.accuratereviews.com\/it\/editor-pdf\/pdf-studio-recensione\/#primaryimage"},"thumbnailUrl":"https:\/\/www.accuratereviews.com\/wp-content\/uploads\/2022\/09\/logo-1-01-1.jpg","datePublished":"2021-07-22T11:18:33+00:00","dateModified":"2022-09-06T14:05:29+00:00","description":"PDF Studio: recensione software di editing PDF altamente flessibile che pu\u00f2 essere scaricato su dispositivi Windows, Mac e Linux.","breadcrumb":{"@id":"https:\/\/www.accuratereviews.com\/it\/editor-pdf\/pdf-studio-recensione\/#breadcrumb"},"inLanguage":"it-IT","potentialAction":[{"@type":"ReadAction","target":["https:\/\/www.accuratereviews.com\/it\/editor-pdf\/pdf-studio-recensione\/"]}]},{"@type":"ImageObject","inLanguage":"it-IT","@id":"https:\/\/www.accuratereviews.com\/it\/editor-pdf\/pdf-studio-recensione\/#primaryimage","url":"https:\/\/www.accuratereviews.com\/wp-content\/uploads\/2022\/09\/logo-1-01-1.jpg","contentUrl":"https:\/\/www.accuratereviews.com\/wp-content\/uploads\/2022\/09\/logo-1-01-1.jpg","width":823,"height":342},{"@type":"BreadcrumbList","@id":"https:\/\/www.accuratereviews.com\/it\/editor-pdf\/pdf-studio-recensione\/#breadcrumb","itemListElement":[{"@type":"ListItem","position":1,"name":"Home","item":"https:\/\/www.accuratereviews.com\/it\/"},{"@type":"ListItem","position":2,"name":"Editor PDF","item":"https:\/\/www.accuratereviews.com\/it\/editor-pdf\/"},{"@type":"ListItem","position":3,"name":"PDF Studio"}]},{"@type":"WebSite","@id":"https:\/\/www.accuratereviews.com\/it\/#website","url":"https:\/\/www.accuratereviews.com\/it\/","name":"Accurate Reviews","description":"","potentialAction":[{"@type":"SearchAction","target":{"@type":"EntryPoint","urlTemplate":"https:\/\/www.accuratereviews.com\/it\/?s={search_term_string}"},"query-input":{"@type":"PropertyValueSpecification","valueRequired":true,"valueName":"search_term_string"}}],"inLanguage":"it-IT"}]}},"_links":{"self":[{"href":"https:\/\/www.accuratereviews.com\/it\/wp-json\/wp\/v2\/pages\/45844","targetHints":{"allow":["GET"]}}],"collection":[{"href":"https:\/\/www.accuratereviews.com\/it\/wp-json\/wp\/v2\/pages"}],"about":[{"href":"https:\/\/www.accuratereviews.com\/it\/wp-json\/wp\/v2\/types\/page"}],"author":[{"embeddable":true,"href":"https:\/\/www.accuratereviews.com\/it\/wp-json\/wp\/v2\/users\/16"}],"replies":[{"embeddable":true,"href":"https:\/\/www.accuratereviews.com\/it\/wp-json\/wp\/v2\/comments?post=45844"}],"version-history":[{"count":12,"href":"https:\/\/www.accuratereviews.com\/it\/wp-json\/wp\/v2\/pages\/45844\/revisions"}],"predecessor-version":[{"id":61270,"href":"https:\/\/www.accuratereviews.com\/it\/wp-json\/wp\/v2\/pages\/45844\/revisions\/61270"}],"up":[{"embeddable":true,"href":"https:\/\/www.accuratereviews.com\/it\/wp-json\/wp\/v2\/pages\/45670"}],"wp:featuredmedia":[{"embeddable":true,"href":"https:\/\/www.accuratereviews.com\/it\/wp-json\/wp\/v2\/media\/61253"}],"wp:attachment":[{"href":"https:\/\/www.accuratereviews.com\/it\/wp-json\/wp\/v2\/media?parent=45844"}],"wp:term":[{"taxonomy":"category","embeddable":true,"href":"https:\/\/www.accuratereviews.com\/it\/wp-json\/wp\/v2\/categories?post=45844"},{"taxonomy":"post_tag","embeddable":true,"href":"https:\/\/www.accuratereviews.com\/it\/wp-json\/wp\/v2\/tags?post=45844"},{"taxonomy":"features","embeddable":true,"href":"https:\/\/www.accuratereviews.com\/it\/wp-json\/wp\/v2\/features?post=45844"}],"curies":[{"name":"wp","href":"https:\/\/api.w.org\/{rel}","templated":true}]}}