{"id":45904,"date":"2021-07-23T16:37:16","date_gmt":"2021-07-23T16:37:16","guid":{"rendered":"https:\/\/www.accuratereviews.com\/?page_id=45904"},"modified":"2021-07-23T16:37:16","modified_gmt":"2021-07-23T16:37:16","slug":"pdf-recensione","status":"publish","type":"page","link":"https:\/\/www.accuratereviews.com\/it\/editor-pdf\/pdf-recensione\/","title":{"rendered":"PDF+"},"content":{"rendered":"<p><strong>PDF+<\/strong> \u00e8 una <strong>soluzione di gestione dei documenti<\/strong> progettata specificamente per i professionisti del settore legale. Include strumenti integrati che vengono comunemente utilizzati durante la preparazione di documenti legali per il deposito, il processo e la mediazione. Il software \u00e8 compatibile con Windows 10 e fornisce funzionalit\u00e0 per attivit\u00e0 specifiche per gli avvocati. Inoltre include\u00a0la ridenominazione in batch, gli adesivi delle mostre, i codici a barre, la numerazione, la ricerca e la redazione, la premarcatura e l&#8217;evidenziazione, la modifica delle pagine e altro ancora.\u00a0Il supporto \u00e8 fornito da ExhibitView tramite telefono, email e altre risorse online.<\/p>\n<h2>PDF+ &#8211; TUTORIAL<\/h2>\n<p>Guardiamo il video insieme su questo <strong>editor PDF<\/strong>:<\/p>\n<div id=\"fluid-wrapper-counter-1\" class=\"g1-fluid-wrapper \" style=\"width:686px;\">\n<div style=\"padding-bottom:56.268221574344%;\"><iframe loading=\"lazy\" title=\"PDF+ Quickstart Video\" src=\"https:\/\/player.vimeo.com\/video\/248221672?dnt=1&amp;app_id=122963?title=0&amp;byline=0&amp;portrait=0\" width=\"686\" height=\"372\" frameborder=\"0\" allow=\"autoplay; fullscreen; picture-in-picture\" allowfullscreen><\/iframe><\/div>\n<\/div>\n<h3>PDF+ &#8211; CARATTERISTICHE<\/h3>\n<ul>\n<li>Ricerca a tutto testo<\/li>\n<li>Modifica delle immagini<\/li>\n<li>Unisci\/accoda file<\/li>\n<li>Lettore PDF<\/li>\n<li>Riorganizza le pagine<\/li>\n<li>Ruota pagine<\/li>\n<li>Modifica del testo<\/li>\n<li>Filigrana<\/li>\n<li>Annotazioni<\/li>\n<li>Converti in PDF<\/li>\n<li>Elimina pagine<\/li>\n<li>Generazione di documenti<\/li>\n<\/ul>\n<h4>LE RECENSIONI DEGLI UTENTI<\/h4>\n<p class=\"font-weight-bold mb-1 d-flex align-items-center\"><strong>Agala M.&#8221;Software di editing pdf&#8221;<\/strong><\/p>\n<p><strong>Commenti: <\/strong>PDF+ \u00e8 stato fantastico nell&#8217;aiutare a convertire i file word in pdf e a modificare i file pdf. Prodotto incredibile.<\/p>\n<p><strong>Pro: <\/strong>Mi piace tutto di PDF+, specialmente il fatto che puoi modificare il tuo documento e personalizzarlo per renderlo tuo. La mia funzione preferita \u00e8 come ruotare i file e combinare file diversi nel modo desiderato.<\/p>\n<p><strong>Contro: <\/strong>Finora non ho riscontrato alcuna caratteristica che non mi piace. Il prodotto \u00e8 conveniente e fa quello che deve fare.<\/p>\n<p class=\"font-weight-bold mb-1 d-flex align-items-center\"><strong>Ashlea W.&#8221;Questo software \u00e8 una grande risorsa&#8221;<\/strong><\/p>\n<p><strong>Commenti: <\/strong>Questa \u00e8 una grande risorsa per la nostra agenzia e per tutti coloro che la utilizzano<\/p>\n<p><strong>Pro: <\/strong>Questo software \u00e8 di grande aiuto quando si ricevono pi\u00f9 documenti da pi\u00f9 persone ed \u00e8 possibile combinarli in un unico documento o spostarli nell&#8217;ordine desiderato. Il software \u00e8 molto facile da usare e offre molte opzioni da spostare e combinare secondo necessit\u00e0.<\/p>\n<p><strong>Contro: <\/strong>Alcuni passaggi sembrano lunghi su come ottenere ci\u00f2 di cui hai bisogno. Forse alcuni tutorial di facile utilizzo o informazioni su tutte le cose disponibili sarebbero utili per i nuovi utenti, piuttosto che limitarsi a fare clic e vedere cosa far\u00e0 ciascuno.<\/p>\n<p class=\"font-weight-bold mb-1 d-flex align-items-center\"><strong>Augusto P.&#8221;Il modo pi\u00f9 semplice per lavorare con i file PDF&#8221;<\/strong><\/p>\n<p><strong>Commenti: <\/strong>Con questo software abbiamo potuto modificare alcuni vecchi documenti in formato PDF che devono essere aggiornati, questa app \u00e8 stata fantastica e molto utile per quel lavoro.<\/p>\n<p><strong>Vantaggi: <\/strong>Essere in grado di modificare i file PDF senza alcuna complicazione, una volta aperto il file in formato PDF, \u00e8 possibile redigere, assemblare, fissare la pagina, ruotare e apportare altre modifiche per mettere il documento nel modo desiderato, ovviamente \u00e8 anche possibile stampare e salvare le modifiche. Questa \u00e8 un&#8217;app fantastica per fare un lavoro che in passato era impossibile, modificare un PDF era impossibile, ma con PDF+ puoi farlo facilmente e in breve tempo.<\/p>\n<p><strong>Inconvenienti: <\/strong>Questa app ha tutto ci\u00f2 di cui ho bisogno, ovviamente ci sono alcune limitazioni di tipo e dimensione del carattere, e quando un PDF \u00e8 coperto con molte annotazioni \u00e8 molto fastidioso da correggere, ma l&#8217;app soddisfa il tuo scopo ed \u00e8 molto amichevole per gli utenti.<\/p>\n","protected":false},"excerpt":{"rendered":"<p>PDF+ \u00e8 una soluzione di gestione dei documenti progettata specificamente per i professionisti del settore legale. Include strumenti integrati che vengono comunemente utilizzati durante la preparazione di documenti legali per il deposito, il processo e la mediazione. Il software \u00e8 compatibile con Windows 10 e fornisce funzionalit\u00e0 per attivit\u00e0 specifiche per gli avvocati.<\/p>\n","protected":false},"author":16,"featured_media":45908,"parent":45670,"menu_order":0,"comment_status":"open","ping_status":"closed","template":"g1_template_page_review_new.php","meta":{"_acf_changed":false,"cwp_meta_box_check":"Yes","cwp_rev_product_name":"","cwp_rev_product_image":"","wppr_links":[],"cwp_rev_price":"","wppr_options":[],"wppr_pros":[],"wppr_cons":[],"_monsterinsights_skip_tracking":false,"_monsterinsights_sitenote_active":false,"_monsterinsights_sitenote_note":"","_monsterinsights_sitenote_category":0,"footnotes":""},"categories":[10728],"tags":[10727,5196,10731,10732,10730,10751],"features":[],"class_list":{"0":"post-45904","1":"page","2":"type-page","3":"status-publish","4":"has-post-thumbnail","6":"category-editor-pdf-cat","7":"tag-editor-pdf","8":"tag-pdf-it","9":"tag-piattaforma-editor-pdf","10":"tag-programma-editor-pdf","11":"tag-software-editor-pdf","12":"tag-soluzione-editor-pdf"},"wppr_data":{"cwp_meta_box_check":"Yes","cwp_rev_product_name":"","cwp_rev_product_image":"","cwp_image_link":"image","cwp_rev_price":"","wppr_rating":"0.00"},"acf":[],"yoast_head":"<!-- This site is optimized with the Yoast SEO plugin v27.4 - https:\/\/yoast.com\/product\/yoast-seo-wordpress\/ -->\n<title>PDF+: recensione software editor PDF - Accurate Reviews<\/title>\n<meta name=\"description\" content=\"PDF+: recensione soluzione di gestione dei documenti progettata specificamente per i professionisti del settore legale.\" \/>\n<meta name=\"robots\" content=\"index, follow, max-snippet:-1, max-image-preview:large, max-video-preview:-1\" \/>\n<link rel=\"canonical\" href=\"https:\/\/www.accuratereviews.com\/it\/editor-pdf\/pdf-recensione\/\" \/>\n<meta property=\"og:locale\" content=\"it_IT\" \/>\n<meta property=\"og:type\" content=\"article\" \/>\n<meta property=\"og:title\" content=\"PDF+: recensione software editor PDF - Accurate Reviews\" \/>\n<meta property=\"og:description\" content=\"PDF+: recensione soluzione di gestione dei documenti progettata specificamente per i professionisti del settore legale.\" \/>\n<meta property=\"og:url\" content=\"https:\/\/www.accuratereviews.com\/it\/editor-pdf\/pdf-recensione\/\" \/>\n<meta property=\"og:site_name\" content=\"Accurate Reviews\" \/>\n<meta property=\"og:image\" content=\"https:\/\/www.accuratereviews.com\/wp-content\/uploads\/2021\/07\/Schermata-2021-07-23-alle-09.29.07.png\" \/>\n\t<meta property=\"og:image:width\" content=\"532\" \/>\n\t<meta property=\"og:image:height\" content=\"400\" \/>\n\t<meta property=\"og:image:type\" content=\"image\/png\" \/>\n<meta name=\"twitter:card\" content=\"summary_large_image\" \/>\n<meta name=\"twitter:label1\" content=\"Tempo di lettura stimato\" \/>\n\t<meta name=\"twitter:data1\" content=\"3 minuti\" \/>\n<script type=\"application\/ld+json\" class=\"yoast-schema-graph\">{\"@context\":\"https:\\\/\\\/schema.org\",\"@graph\":[{\"@type\":\"WebPage\",\"@id\":\"https:\\\/\\\/www.accuratereviews.com\\\/it\\\/editor-pdf\\\/pdf-recensione\\\/\",\"url\":\"https:\\\/\\\/www.accuratereviews.com\\\/it\\\/editor-pdf\\\/pdf-recensione\\\/\",\"name\":\"PDF+: recensione software editor PDF - Accurate Reviews\",\"isPartOf\":{\"@id\":\"https:\\\/\\\/www.accuratereviews.com\\\/it\\\/#website\"},\"primaryImageOfPage\":{\"@id\":\"https:\\\/\\\/www.accuratereviews.com\\\/it\\\/editor-pdf\\\/pdf-recensione\\\/#primaryimage\"},\"image\":{\"@id\":\"https:\\\/\\\/www.accuratereviews.com\\\/it\\\/editor-pdf\\\/pdf-recensione\\\/#primaryimage\"},\"thumbnailUrl\":\"https:\\\/\\\/www.accuratereviews.com\\\/wp-content\\\/uploads\\\/2021\\\/07\\\/Schermata-2021-07-23-alle-09.29.07.png\",\"datePublished\":\"2021-07-23T16:37:16+00:00\",\"description\":\"PDF+: recensione soluzione di gestione dei documenti progettata specificamente per i professionisti del settore legale.\",\"breadcrumb\":{\"@id\":\"https:\\\/\\\/www.accuratereviews.com\\\/it\\\/editor-pdf\\\/pdf-recensione\\\/#breadcrumb\"},\"inLanguage\":\"it-IT\",\"potentialAction\":[{\"@type\":\"ReadAction\",\"target\":[\"https:\\\/\\\/www.accuratereviews.com\\\/it\\\/editor-pdf\\\/pdf-recensione\\\/\"]}]},{\"@type\":\"ImageObject\",\"inLanguage\":\"it-IT\",\"@id\":\"https:\\\/\\\/www.accuratereviews.com\\\/it\\\/editor-pdf\\\/pdf-recensione\\\/#primaryimage\",\"url\":\"https:\\\/\\\/www.accuratereviews.com\\\/wp-content\\\/uploads\\\/2021\\\/07\\\/Schermata-2021-07-23-alle-09.29.07.png\",\"contentUrl\":\"https:\\\/\\\/www.accuratereviews.com\\\/wp-content\\\/uploads\\\/2021\\\/07\\\/Schermata-2021-07-23-alle-09.29.07.png\",\"width\":532,\"height\":400},{\"@type\":\"BreadcrumbList\",\"@id\":\"https:\\\/\\\/www.accuratereviews.com\\\/it\\\/editor-pdf\\\/pdf-recensione\\\/#breadcrumb\",\"itemListElement\":[{\"@type\":\"ListItem\",\"position\":1,\"name\":\"Home\",\"item\":\"https:\\\/\\\/www.accuratereviews.com\\\/it\\\/\"},{\"@type\":\"ListItem\",\"position\":2,\"name\":\"Editor PDF\",\"item\":\"https:\\\/\\\/www.accuratereviews.com\\\/it\\\/editor-pdf\\\/\"},{\"@type\":\"ListItem\",\"position\":3,\"name\":\"PDF+\"}]},{\"@type\":\"WebSite\",\"@id\":\"https:\\\/\\\/www.accuratereviews.com\\\/it\\\/#website\",\"url\":\"https:\\\/\\\/www.accuratereviews.com\\\/it\\\/\",\"name\":\"Accurate Reviews\",\"description\":\"\",\"potentialAction\":[{\"@type\":\"SearchAction\",\"target\":{\"@type\":\"EntryPoint\",\"urlTemplate\":\"https:\\\/\\\/www.accuratereviews.com\\\/it\\\/?s={search_term_string}\"},\"query-input\":{\"@type\":\"PropertyValueSpecification\",\"valueRequired\":true,\"valueName\":\"search_term_string\"}}],\"inLanguage\":\"it-IT\"}]}<\/script>\n<!-- \/ Yoast SEO plugin. -->","yoast_head_json":{"title":"PDF+: recensione software editor PDF - Accurate Reviews","description":"PDF+: recensione soluzione di gestione dei documenti progettata specificamente per i professionisti del settore legale.","robots":{"index":"index","follow":"follow","max-snippet":"max-snippet:-1","max-image-preview":"max-image-preview:large","max-video-preview":"max-video-preview:-1"},"canonical":"https:\/\/www.accuratereviews.com\/it\/editor-pdf\/pdf-recensione\/","og_locale":"it_IT","og_type":"article","og_title":"PDF+: recensione software editor PDF - Accurate Reviews","og_description":"PDF+: recensione soluzione di gestione dei documenti progettata specificamente per i professionisti del settore legale.","og_url":"https:\/\/www.accuratereviews.com\/it\/editor-pdf\/pdf-recensione\/","og_site_name":"Accurate Reviews","og_image":[{"width":532,"height":400,"url":"https:\/\/www.accuratereviews.com\/wp-content\/uploads\/2021\/07\/Schermata-2021-07-23-alle-09.29.07.png","type":"image\/png"}],"twitter_card":"summary_large_image","twitter_misc":{"Tempo di lettura stimato":"3 minuti"},"schema":{"@context":"https:\/\/schema.org","@graph":[{"@type":"WebPage","@id":"https:\/\/www.accuratereviews.com\/it\/editor-pdf\/pdf-recensione\/","url":"https:\/\/www.accuratereviews.com\/it\/editor-pdf\/pdf-recensione\/","name":"PDF+: recensione software editor PDF - Accurate Reviews","isPartOf":{"@id":"https:\/\/www.accuratereviews.com\/it\/#website"},"primaryImageOfPage":{"@id":"https:\/\/www.accuratereviews.com\/it\/editor-pdf\/pdf-recensione\/#primaryimage"},"image":{"@id":"https:\/\/www.accuratereviews.com\/it\/editor-pdf\/pdf-recensione\/#primaryimage"},"thumbnailUrl":"https:\/\/www.accuratereviews.com\/wp-content\/uploads\/2021\/07\/Schermata-2021-07-23-alle-09.29.07.png","datePublished":"2021-07-23T16:37:16+00:00","description":"PDF+: recensione soluzione di gestione dei documenti progettata specificamente per i professionisti del settore legale.","breadcrumb":{"@id":"https:\/\/www.accuratereviews.com\/it\/editor-pdf\/pdf-recensione\/#breadcrumb"},"inLanguage":"it-IT","potentialAction":[{"@type":"ReadAction","target":["https:\/\/www.accuratereviews.com\/it\/editor-pdf\/pdf-recensione\/"]}]},{"@type":"ImageObject","inLanguage":"it-IT","@id":"https:\/\/www.accuratereviews.com\/it\/editor-pdf\/pdf-recensione\/#primaryimage","url":"https:\/\/www.accuratereviews.com\/wp-content\/uploads\/2021\/07\/Schermata-2021-07-23-alle-09.29.07.png","contentUrl":"https:\/\/www.accuratereviews.com\/wp-content\/uploads\/2021\/07\/Schermata-2021-07-23-alle-09.29.07.png","width":532,"height":400},{"@type":"BreadcrumbList","@id":"https:\/\/www.accuratereviews.com\/it\/editor-pdf\/pdf-recensione\/#breadcrumb","itemListElement":[{"@type":"ListItem","position":1,"name":"Home","item":"https:\/\/www.accuratereviews.com\/it\/"},{"@type":"ListItem","position":2,"name":"Editor PDF","item":"https:\/\/www.accuratereviews.com\/it\/editor-pdf\/"},{"@type":"ListItem","position":3,"name":"PDF+"}]},{"@type":"WebSite","@id":"https:\/\/www.accuratereviews.com\/it\/#website","url":"https:\/\/www.accuratereviews.com\/it\/","name":"Accurate Reviews","description":"","potentialAction":[{"@type":"SearchAction","target":{"@type":"EntryPoint","urlTemplate":"https:\/\/www.accuratereviews.com\/it\/?s={search_term_string}"},"query-input":{"@type":"PropertyValueSpecification","valueRequired":true,"valueName":"search_term_string"}}],"inLanguage":"it-IT"}]}},"_links":{"self":[{"href":"https:\/\/www.accuratereviews.com\/it\/wp-json\/wp\/v2\/pages\/45904","targetHints":{"allow":["GET"]}}],"collection":[{"href":"https:\/\/www.accuratereviews.com\/it\/wp-json\/wp\/v2\/pages"}],"about":[{"href":"https:\/\/www.accuratereviews.com\/it\/wp-json\/wp\/v2\/types\/page"}],"author":[{"embeddable":true,"href":"https:\/\/www.accuratereviews.com\/it\/wp-json\/wp\/v2\/users\/16"}],"replies":[{"embeddable":true,"href":"https:\/\/www.accuratereviews.com\/it\/wp-json\/wp\/v2\/comments?post=45904"}],"version-history":[{"count":7,"href":"https:\/\/www.accuratereviews.com\/it\/wp-json\/wp\/v2\/pages\/45904\/revisions"}],"predecessor-version":[{"id":45945,"href":"https:\/\/www.accuratereviews.com\/it\/wp-json\/wp\/v2\/pages\/45904\/revisions\/45945"}],"up":[{"embeddable":true,"href":"https:\/\/www.accuratereviews.com\/it\/wp-json\/wp\/v2\/pages\/45670"}],"wp:featuredmedia":[{"embeddable":true,"href":"https:\/\/www.accuratereviews.com\/it\/wp-json\/wp\/v2\/media\/45908"}],"wp:attachment":[{"href":"https:\/\/www.accuratereviews.com\/it\/wp-json\/wp\/v2\/media?parent=45904"}],"wp:term":[{"taxonomy":"category","embeddable":true,"href":"https:\/\/www.accuratereviews.com\/it\/wp-json\/wp\/v2\/categories?post=45904"},{"taxonomy":"post_tag","embeddable":true,"href":"https:\/\/www.accuratereviews.com\/it\/wp-json\/wp\/v2\/tags?post=45904"},{"taxonomy":"features","embeddable":true,"href":"https:\/\/www.accuratereviews.com\/it\/wp-json\/wp\/v2\/features?post=45904"}],"curies":[{"name":"wp","href":"https:\/\/api.w.org\/{rel}","templated":true}]}}