{"id":45946,"date":"2021-07-26T11:03:57","date_gmt":"2021-07-26T11:03:57","guid":{"rendered":"https:\/\/www.accuratereviews.com\/?page_id=45946"},"modified":"2021-07-27T06:45:27","modified_gmt":"2021-07-27T06:45:27","slug":"pdf-editor-pro-recensione","status":"publish","type":"page","link":"https:\/\/www.accuratereviews.com\/it\/editor-pdf\/pdf-editor-pro-recensione\/","title":{"rendered":"PDF Editor Pro\u00a0"},"content":{"rendered":"<div class=\"wsc-header2020-navbar-brand\">\n<p class=\"h3 mb-1\"><strong>PDF Editor Pro<\/strong>\u00a0<span style=\"font-size: 16px;\">\u00e8 un&#8217;app per dispositivi iOS che consente agli utenti di <\/span><strong style=\"font-size: 16px;\">modificare, convertire e annotare su documenti PDF<\/strong><span style=\"font-size: 16px;\">, inclusi i file scansionati. Utilizza la tecnologia OCR per digitalizzare i documenti e convertirli in file modificabili. Il software offre strumenti per aggiungere, spostare, aggiornare ed eliminare testo, nonch\u00e9 vari strumenti di markup. \u00c8 disponibile in inglese, spagnolo, francese, tedesco, italiano e portoghese. Il programma consente agli utenti di creare, compilare, unire e dividere PDF. Le firme autografe possono essere scansionate e importate nell&#8217;app per essere timbrate sui documenti. Sono disponibili altri tipi di timbro predefiniti, come &#8220;approvato&#8221; e &#8220;riservato&#8221;. Gli utenti possono impostare password per impedire l&#8217;accesso non autorizzato a documenti sensibili. Gli strumenti di disegno includono evidenziazione, sottolineatura, barratura, note adesive, collegamenti ipertestuali e altri. Le pagine PDF possono essere aggiunte, ruotate, estratte ed eliminate.<\/span><\/p>\n<\/div>\n<h2><strong>PDFELEMENT &#8211; TUTORIAL<\/strong><\/h2>\n<p>Il tutorial mostra come modificare file <strong>Pdf con questo editor:<\/strong><\/p>\n<div id=\"fluid-wrapper-counter-1\" class=\"g1-fluid-wrapper \" style=\"width:686px;\">\n<div style=\"padding-bottom:56.268221574344%;\"><iframe loading=\"lazy\" title=\"PDFelement 7, un&#039;ottima app per modificare i PDF\" width=\"686\" height=\"386\" src=\"https:\/\/www.youtube.com\/embed\/HHjlolpgSwI?feature=oembed&amp;wmode=transparent&amp;autohide=1&amp;autoplay=0&amp;disablekb=0&amp;fs=1&amp;loop=0&amp;enablejsapi=1&amp;rel=0&amp;controls=2&amp;showinfo=0&amp;wmode=transparent&amp;autohide=2&amp;autoplay=0&amp;disablekb=0&amp;fs=1&amp;loop=0&amp;enablejsapi=1&amp;rel=0&amp;controls=2&amp;showinfo=1\" frameborder=\"0\" allow=\"accelerometer; autoplay; clipboard-write; encrypted-media; gyroscope; picture-in-picture\" allowfullscreen><\/iframe><\/div>\n<\/div>\n<h3><strong>PDFELEMENT &#8211; CARATTERISTICHE<\/strong><\/h3>\n<ul>\n<li><strong>Modifica PDF come su Word<\/strong>: ti consente di modificare i documenti PDF con la stessa facilit\u00e0 con cui faresti con i documenti Word<\/li>\n<li><strong>Firma i PDF attraverso\u00a0tutti i tuoi dispositivi<\/strong>: compila, firma e invia PDF in modo rapido e sicuro da qualsiasi dispositivo, sempre e ovunque<\/li>\n<li><strong>Da PDF a Excel<\/strong>: converti PDF in file Microsoft Excel: xlsx, xls, XML<\/li>\n<li><strong>Firma digitale<\/strong>: firma digitalmente un documento per registrare in modo sicuro l&#8217;identit\u00e0 dell&#8217;autore e per verificare che il contenuto non sia cambiato. Le firme digitali in un documento PDF possono mostrare testo o un&#8217;immagine, come una foto o un&#8217;immagine della tua firma scritta a mano<\/li>\n<li><strong>Da PDF a testo<\/strong>: converti i tuoi documenti PDF in testo con l&#8217;aiuto dell&#8217;OCR (riconoscimento ottico dei caratteri)<\/li>\n<li><strong>Compilazione moduli:<\/strong>\u00a0stila il tuo modulo e invia un documento ad altri per la raccolta della firma elettronica in modo sicuro con il monitoraggio dello stato in tempo reale<\/li>\n<li><strong>Da PDF a HTML<\/strong>: converti PDF in pagine web HTML<\/li>\n<\/ul>\n<h4>LE RECENSIONI DEGLI UTENTI<\/h4>\n<p class=\"font-weight-bold mb-1 d-flex align-items-center\"><strong>Jason J.&#8221;La mia recensione in pdf&#8221;<\/strong><\/p>\n<p><strong>Pro:\u00a0<\/strong>Tutte le funzionalit\u00e0 sono di impatto. Il software \u00e8 abbastanza facile da usare. Ha fatto una grande differenza nella realizzazione del prodotto.<\/p>\n<p><strong>Contro:\u00a0<\/strong>Non avevo davvero antipatie per questo software. Sono un ragazzo semplice che si accontenta facilmente. Ha svolto il lavoro per me e ad un costo accessibile<\/p>\n<p class=\"font-weight-bold mb-1 d-flex align-items-center\"><strong>Harshil K.&#8221;AMO PDF&#8221;<\/strong><\/p>\n<p><strong>Commenti:\u00a0<\/strong>Citazione impressionante e accettabile. Ammiro rendere l&#8217;editor Pro come visualizzatore ed editor PDF predefinito.<\/p>\n<p><strong>Pro:\u00a0<\/strong>Pdf editor pro \u00e8 il software fornito dalla mia azienda ed \u00e8 integrato nel mio PC aziendale. \u00c8 molto facile aprire e visualizzare i file in diversi formati. La cosa migliore che mi piace \u00e8 che posso modificare il pdf in termini di firma, immagini, testo, segni, note e molto altro. Gli strumenti sono disposti in un ordine semplice e cronologico. Di solito utilizzo il software per la compilazione dei moduli e le firme. La funzione di firma E dell&#8217;editor pro \u00e8 molto utile. C&#8217;\u00e8 una funzione per aggiungere e sottrarre pagine al pdf e anche per salvare una copia del pdf originale. La vista finale del pdf modificato \u00e8 abbastanza realistica e molto apprezzabile.<\/p>\n<p><strong>Contro:\u00a0<\/strong>Non c&#8217;\u00e8 molto da dire sugli svantaggi in quanto il software \u00e8 superbo e funziona alla grande. Aggiunger\u00f2 un suggerimento su un errore che a volte si verifica quando viene selezionata la macchina da scrivere. Rende il testo irregolare e deve essere regolato secondo la spaziatura.<\/p>\n<p class=\"font-weight-bold mb-1 d-flex align-items-center\"><strong>Rogger R.&#8221;Lo strumento PDF che tutti dovrebbero avere sul proprio MAC&#8221;<\/strong><\/p>\n<p><strong>Commenti:\u00a0<\/strong>Con i documenti fisici che presentano un errore, mi consente di modificarli e correggerli in modo da non rifare completamente il documento, questa funzione \u00e8 la mia preferita.<\/p>\n<p><strong>Pro:\u00a0<\/strong>Mi piace usare questo software perch\u00e9 ha pi\u00f9 strumenti di modifica PDF, inoltre le opzioni di conversione in altri formati sono molto utili quando si presentano report o si inviano informazioni in formati meno pesanti.<\/p>\n<p><strong>Contro:\u00a0<\/strong>Penso che sia molto costoso e ora puoi trovare altre app con funzioni simili e pi\u00f9 economiche, inoltre il software \u00e8 un po&#8217; pesante da usare su qualsiasi MAC.<\/p>\n<p>&nbsp;<\/p>\n","protected":false},"excerpt":{"rendered":"<p>PDF Editor Pro \u00e8 un&#8217;app per dispositivi iSO che consente agli utenti di modificare, convertire e annotare su documenti PDF, inclusi i file scansionati. Utilizza la tecnologia OCR per digitalizzare i documenti scansionati e convertirli in file modificabili. Il software offre strumenti per aggiungere, spostare, aggiornare ed eliminare testo, nonch\u00e9 vari strumenti di markup.<\/p>\n","protected":false},"author":16,"featured_media":45947,"parent":45670,"menu_order":0,"comment_status":"open","ping_status":"closed","template":"g1_template_page_review_new.php","meta":{"_acf_changed":false,"cwp_meta_box_check":"Yes","cwp_rev_product_name":"","cwp_rev_product_image":"","wppr_links":[],"cwp_rev_price":"","wppr_options":[],"wppr_pros":[],"wppr_cons":[],"_monsterinsights_skip_tracking":false,"_monsterinsights_sitenote_active":false,"_monsterinsights_sitenote_note":"","_monsterinsights_sitenote_category":0,"footnotes":""},"categories":[10728],"tags":[10786,10750,10727,10784,10731,10732,10730,10751,10785],"features":[],"class_list":{"0":"post-45946","1":"page","2":"type-page","3":"status-publish","4":"has-post-thumbnail","6":"category-editor-pdf-cat","7":"tag-app-editor-pdf","8":"tag-applicazione-editor-pdf","9":"tag-editor-pdf","10":"tag-pdf-editor-pro","11":"tag-piattaforma-editor-pdf","12":"tag-programma-editor-pdf","13":"tag-software-editor-pdf","14":"tag-soluzione-editor-pdf","15":"tag-wondershare"},"wppr_data":{"cwp_meta_box_check":"Yes","cwp_rev_product_name":"","cwp_rev_product_image":"","cwp_image_link":"image","cwp_rev_price":"","wppr_rating":"0.00"},"acf":[],"yoast_head":"<!-- This site is optimized with the Yoast SEO plugin v27.4 - https:\/\/yoast.com\/product\/yoast-seo-wordpress\/ -->\n<title>PDF Editor Pro: recensione editor PDF - Accurate Reviews<\/title>\n<meta name=\"description\" content=\"PDF Editor Pro: recensione app per dispositivi iSO che consente agli utenti di modificare, convertire e annotare su documenti PDF.\" \/>\n<meta name=\"robots\" content=\"index, follow, max-snippet:-1, max-image-preview:large, max-video-preview:-1\" \/>\n<link rel=\"canonical\" href=\"https:\/\/www.accuratereviews.com\/it\/editor-pdf\/pdf-editor-pro-recensione\/\" \/>\n<meta property=\"og:locale\" content=\"it_IT\" \/>\n<meta property=\"og:type\" content=\"article\" \/>\n<meta property=\"og:title\" content=\"PDF Editor Pro: recensione editor PDF - Accurate Reviews\" \/>\n<meta property=\"og:description\" content=\"PDF Editor Pro: recensione app per dispositivi iSO che consente agli utenti di modificare, convertire e annotare su documenti PDF.\" \/>\n<meta property=\"og:url\" content=\"https:\/\/www.accuratereviews.com\/it\/editor-pdf\/pdf-editor-pro-recensione\/\" \/>\n<meta property=\"og:site_name\" content=\"Accurate Reviews\" \/>\n<meta property=\"article:modified_time\" content=\"2021-07-27T06:45:27+00:00\" \/>\n<meta property=\"og:image\" content=\"https:\/\/www.accuratereviews.com\/wp-content\/uploads\/2021\/07\/wondershare.com_.jpg\" \/>\n\t<meta property=\"og:image:width\" content=\"300\" \/>\n\t<meta property=\"og:image:height\" content=\"300\" \/>\n\t<meta property=\"og:image:type\" content=\"image\/jpeg\" \/>\n<meta name=\"twitter:card\" content=\"summary_large_image\" \/>\n<meta name=\"twitter:label1\" content=\"Tempo di lettura stimato\" \/>\n\t<meta name=\"twitter:data1\" content=\"3 minuti\" \/>\n<script type=\"application\/ld+json\" class=\"yoast-schema-graph\">{\"@context\":\"https:\\\/\\\/schema.org\",\"@graph\":[{\"@type\":\"WebPage\",\"@id\":\"https:\\\/\\\/www.accuratereviews.com\\\/it\\\/editor-pdf\\\/pdf-editor-pro-recensione\\\/\",\"url\":\"https:\\\/\\\/www.accuratereviews.com\\\/it\\\/editor-pdf\\\/pdf-editor-pro-recensione\\\/\",\"name\":\"PDF Editor Pro: recensione editor PDF - Accurate Reviews\",\"isPartOf\":{\"@id\":\"https:\\\/\\\/www.accuratereviews.com\\\/it\\\/#website\"},\"primaryImageOfPage\":{\"@id\":\"https:\\\/\\\/www.accuratereviews.com\\\/it\\\/editor-pdf\\\/pdf-editor-pro-recensione\\\/#primaryimage\"},\"image\":{\"@id\":\"https:\\\/\\\/www.accuratereviews.com\\\/it\\\/editor-pdf\\\/pdf-editor-pro-recensione\\\/#primaryimage\"},\"thumbnailUrl\":\"https:\\\/\\\/www.accuratereviews.com\\\/wp-content\\\/uploads\\\/2021\\\/07\\\/wondershare.com_.jpg\",\"datePublished\":\"2021-07-26T11:03:57+00:00\",\"dateModified\":\"2021-07-27T06:45:27+00:00\",\"description\":\"PDF Editor Pro: recensione app per dispositivi iSO che consente agli utenti di modificare, convertire e annotare su documenti PDF.\",\"breadcrumb\":{\"@id\":\"https:\\\/\\\/www.accuratereviews.com\\\/it\\\/editor-pdf\\\/pdf-editor-pro-recensione\\\/#breadcrumb\"},\"inLanguage\":\"it-IT\",\"potentialAction\":[{\"@type\":\"ReadAction\",\"target\":[\"https:\\\/\\\/www.accuratereviews.com\\\/it\\\/editor-pdf\\\/pdf-editor-pro-recensione\\\/\"]}]},{\"@type\":\"ImageObject\",\"inLanguage\":\"it-IT\",\"@id\":\"https:\\\/\\\/www.accuratereviews.com\\\/it\\\/editor-pdf\\\/pdf-editor-pro-recensione\\\/#primaryimage\",\"url\":\"https:\\\/\\\/www.accuratereviews.com\\\/wp-content\\\/uploads\\\/2021\\\/07\\\/wondershare.com_.jpg\",\"contentUrl\":\"https:\\\/\\\/www.accuratereviews.com\\\/wp-content\\\/uploads\\\/2021\\\/07\\\/wondershare.com_.jpg\",\"width\":300,\"height\":300},{\"@type\":\"BreadcrumbList\",\"@id\":\"https:\\\/\\\/www.accuratereviews.com\\\/it\\\/editor-pdf\\\/pdf-editor-pro-recensione\\\/#breadcrumb\",\"itemListElement\":[{\"@type\":\"ListItem\",\"position\":1,\"name\":\"Home\",\"item\":\"https:\\\/\\\/www.accuratereviews.com\\\/it\\\/\"},{\"@type\":\"ListItem\",\"position\":2,\"name\":\"Editor PDF\",\"item\":\"https:\\\/\\\/www.accuratereviews.com\\\/it\\\/editor-pdf\\\/\"},{\"@type\":\"ListItem\",\"position\":3,\"name\":\"PDF Editor Pro\u00a0\"}]},{\"@type\":\"WebSite\",\"@id\":\"https:\\\/\\\/www.accuratereviews.com\\\/it\\\/#website\",\"url\":\"https:\\\/\\\/www.accuratereviews.com\\\/it\\\/\",\"name\":\"Accurate Reviews\",\"description\":\"\",\"potentialAction\":[{\"@type\":\"SearchAction\",\"target\":{\"@type\":\"EntryPoint\",\"urlTemplate\":\"https:\\\/\\\/www.accuratereviews.com\\\/it\\\/?s={search_term_string}\"},\"query-input\":{\"@type\":\"PropertyValueSpecification\",\"valueRequired\":true,\"valueName\":\"search_term_string\"}}],\"inLanguage\":\"it-IT\"}]}<\/script>\n<!-- \/ Yoast SEO plugin. -->","yoast_head_json":{"title":"PDF Editor Pro: recensione editor PDF - Accurate Reviews","description":"PDF Editor Pro: recensione app per dispositivi iSO che consente agli utenti di modificare, convertire e annotare su documenti PDF.","robots":{"index":"index","follow":"follow","max-snippet":"max-snippet:-1","max-image-preview":"max-image-preview:large","max-video-preview":"max-video-preview:-1"},"canonical":"https:\/\/www.accuratereviews.com\/it\/editor-pdf\/pdf-editor-pro-recensione\/","og_locale":"it_IT","og_type":"article","og_title":"PDF Editor Pro: recensione editor PDF - Accurate Reviews","og_description":"PDF Editor Pro: recensione app per dispositivi iSO che consente agli utenti di modificare, convertire e annotare su documenti PDF.","og_url":"https:\/\/www.accuratereviews.com\/it\/editor-pdf\/pdf-editor-pro-recensione\/","og_site_name":"Accurate Reviews","article_modified_time":"2021-07-27T06:45:27+00:00","og_image":[{"width":300,"height":300,"url":"https:\/\/www.accuratereviews.com\/wp-content\/uploads\/2021\/07\/wondershare.com_.jpg","type":"image\/jpeg"}],"twitter_card":"summary_large_image","twitter_misc":{"Tempo di lettura stimato":"3 minuti"},"schema":{"@context":"https:\/\/schema.org","@graph":[{"@type":"WebPage","@id":"https:\/\/www.accuratereviews.com\/it\/editor-pdf\/pdf-editor-pro-recensione\/","url":"https:\/\/www.accuratereviews.com\/it\/editor-pdf\/pdf-editor-pro-recensione\/","name":"PDF Editor Pro: recensione editor PDF - Accurate Reviews","isPartOf":{"@id":"https:\/\/www.accuratereviews.com\/it\/#website"},"primaryImageOfPage":{"@id":"https:\/\/www.accuratereviews.com\/it\/editor-pdf\/pdf-editor-pro-recensione\/#primaryimage"},"image":{"@id":"https:\/\/www.accuratereviews.com\/it\/editor-pdf\/pdf-editor-pro-recensione\/#primaryimage"},"thumbnailUrl":"https:\/\/www.accuratereviews.com\/wp-content\/uploads\/2021\/07\/wondershare.com_.jpg","datePublished":"2021-07-26T11:03:57+00:00","dateModified":"2021-07-27T06:45:27+00:00","description":"PDF Editor Pro: recensione app per dispositivi iSO che consente agli utenti di modificare, convertire e annotare su documenti PDF.","breadcrumb":{"@id":"https:\/\/www.accuratereviews.com\/it\/editor-pdf\/pdf-editor-pro-recensione\/#breadcrumb"},"inLanguage":"it-IT","potentialAction":[{"@type":"ReadAction","target":["https:\/\/www.accuratereviews.com\/it\/editor-pdf\/pdf-editor-pro-recensione\/"]}]},{"@type":"ImageObject","inLanguage":"it-IT","@id":"https:\/\/www.accuratereviews.com\/it\/editor-pdf\/pdf-editor-pro-recensione\/#primaryimage","url":"https:\/\/www.accuratereviews.com\/wp-content\/uploads\/2021\/07\/wondershare.com_.jpg","contentUrl":"https:\/\/www.accuratereviews.com\/wp-content\/uploads\/2021\/07\/wondershare.com_.jpg","width":300,"height":300},{"@type":"BreadcrumbList","@id":"https:\/\/www.accuratereviews.com\/it\/editor-pdf\/pdf-editor-pro-recensione\/#breadcrumb","itemListElement":[{"@type":"ListItem","position":1,"name":"Home","item":"https:\/\/www.accuratereviews.com\/it\/"},{"@type":"ListItem","position":2,"name":"Editor PDF","item":"https:\/\/www.accuratereviews.com\/it\/editor-pdf\/"},{"@type":"ListItem","position":3,"name":"PDF Editor Pro\u00a0"}]},{"@type":"WebSite","@id":"https:\/\/www.accuratereviews.com\/it\/#website","url":"https:\/\/www.accuratereviews.com\/it\/","name":"Accurate Reviews","description":"","potentialAction":[{"@type":"SearchAction","target":{"@type":"EntryPoint","urlTemplate":"https:\/\/www.accuratereviews.com\/it\/?s={search_term_string}"},"query-input":{"@type":"PropertyValueSpecification","valueRequired":true,"valueName":"search_term_string"}}],"inLanguage":"it-IT"}]}},"_links":{"self":[{"href":"https:\/\/www.accuratereviews.com\/it\/wp-json\/wp\/v2\/pages\/45946","targetHints":{"allow":["GET"]}}],"collection":[{"href":"https:\/\/www.accuratereviews.com\/it\/wp-json\/wp\/v2\/pages"}],"about":[{"href":"https:\/\/www.accuratereviews.com\/it\/wp-json\/wp\/v2\/types\/page"}],"author":[{"embeddable":true,"href":"https:\/\/www.accuratereviews.com\/it\/wp-json\/wp\/v2\/users\/16"}],"replies":[{"embeddable":true,"href":"https:\/\/www.accuratereviews.com\/it\/wp-json\/wp\/v2\/comments?post=45946"}],"version-history":[{"count":13,"href":"https:\/\/www.accuratereviews.com\/it\/wp-json\/wp\/v2\/pages\/45946\/revisions"}],"predecessor-version":[{"id":46010,"href":"https:\/\/www.accuratereviews.com\/it\/wp-json\/wp\/v2\/pages\/45946\/revisions\/46010"}],"up":[{"embeddable":true,"href":"https:\/\/www.accuratereviews.com\/it\/wp-json\/wp\/v2\/pages\/45670"}],"wp:featuredmedia":[{"embeddable":true,"href":"https:\/\/www.accuratereviews.com\/it\/wp-json\/wp\/v2\/media\/45947"}],"wp:attachment":[{"href":"https:\/\/www.accuratereviews.com\/it\/wp-json\/wp\/v2\/media?parent=45946"}],"wp:term":[{"taxonomy":"category","embeddable":true,"href":"https:\/\/www.accuratereviews.com\/it\/wp-json\/wp\/v2\/categories?post=45946"},{"taxonomy":"post_tag","embeddable":true,"href":"https:\/\/www.accuratereviews.com\/it\/wp-json\/wp\/v2\/tags?post=45946"},{"taxonomy":"features","embeddable":true,"href":"https:\/\/www.accuratereviews.com\/it\/wp-json\/wp\/v2\/features?post=45946"}],"curies":[{"name":"wp","href":"https:\/\/api.w.org\/{rel}","templated":true}]}}